{"id":15546,"date":"2026-04-27T04:41:08","date_gmt":"2026-04-27T04:41:08","guid":{"rendered":""},"modified":"2026-04-27T04:41:08","modified_gmt":"2026-04-27T04:41:08","slug":"ab-newbury-dlazba-white-60x60-bal-1-08m2-nwb007-jen-po-omezenou-doba-15546","status":"publish","type":"product","link":"https:\/\/www.technodompro.com\/index.php\/produkt\/ab-newbury-dlazba-white-60x60-bal-1-08m2-nwb007-jen-po-omezenou-doba-15546\/","title":{"rendered":"AB NEWBURY dla\u017eba White 60&#215;60 (bal=1,08m2) &#8211; NWB007 Jen Po Omezenou Doba"},"content":{"rendered":"<div class=\"ProductDetail-content NoFixImageContainer\" id=\"productDescription\">\n<div class=\"Heading\">\n<h2 class=\"Heading-title\">Popis produktu <span class=''>AB NEWBURY dla\u017eba White 60&#215;60 (bal=1,08m2) &#8211; NWB007<\/span><\/h2>\n<\/p><\/div>\n<div class=\"ProductDetailContent\">                                                                    <\/div>\n<div class=\"ProductDetailContent\">\n<div class=\"ProductDetailContent-item\">                                            Balen\u00ed: 1 ks<br \/>Charakter: Kalibrovan\u00e1<br \/>Ot\u011bruvzdornost: PEI IV<br \/>Pou\u017eit\u00ed: Dla\u017eba<br \/>Rozm\u011br: 60&#215;60 cm<br \/>Povrch: Lesk<br \/>Po\u010det ks v balen\u00ed: 3<br \/>Materi\u00e1l: Keramika<br \/>Tlou\u0161\u0165ka: 9.3 mm<br \/>Balen\u00ed obsahuje: 1.08 m2<br \/>Z\u00e1ruka: 2 roky                                        <\/div>\n<div class=\"ProductDetailContent-item\">\n<h3>Vysv\u011btlivky<\/h3>\n<div class=\"product-explanation-item\">\n<h3>Kalibrovan\u00e1 dla\u017eba<\/h3>\n<p style=\"text-align: justify;\">Kalibrovan\u00e1 dla\u017eba je t\u00e9\u017e zn\u00e1m\u00e1 jako rozm\u011brov\u011b stabiln\u00ed dla\u017edice.<br \/>Jedn\u00e1 se o dla\u017edice, kter\u00e9 byly mechanicky o\u0159ezan\u00e9 do ur\u010dit\u00e9 velikosti pot\u00e9, co byly vyp\u00e1leny tak, aby jejich okraje tvo\u0159ily \u00fahel 90\u00b0. Dosa\u017een\u00e1 jednotn\u00e1 velikost, rozm\u011br soudr\u017enosti a optim\u00e1ln\u00ed p\u0159esnost dod\u00e1vaj\u00ed dla\u017edic\u00edm \u010dist\u0161\u00ed proveden\u00ed a m\u00e9n\u011b odchylek mezi jednotliv\u00fdmi dla\u017edicemi.<\/p>\n<div class=\"clear\"><!-- --><\/div>\n<\/div>\n<div class=\"product-explanation-item\">\n<h3>Pou\u017eit\u00ed glazovan\u00fdch dla\u017edic podle ot\u011bruvzdornosti:<\/h3>\n<p style=\"text-align: justify;\"><strong>Stupe\u0148 PEI IV.<\/strong> \u2013 ur\u010den pro intenzivn\u011bj\u0161\u00ed frekvenci chodc\u016f a siln\u011bj\u0161\u00ed zne\u010di\u0161t\u011bn\u00ed (nap\u0159. vnit\u0159n\u00ed prostory spr\u00e1vn\u00edch budov a chodby hotel\u016f, obchodn\u00ed m\u00edstnosti a kancel\u00e1\u0159e)<\/p>\n<div class=\"clear\"><!-- --><\/div>\n<\/div>\n<div class=\"product-explanation-item\">\n<h3>Leskl\u00fd povrch<\/h3>\n<p>Leskl\u00e1 glazura dla\u017edice.<\/p>\n<\/p>\n<div class=\"clear\"><!-- --><\/div>\n<\/div>\n<div class=\"product-explanation-item\">\n<h3>Dla\u017eba<\/h3>\n<p style=\"text-align: justify;\">Dla\u017edice vhodn\u00e1 pro pokl\u00e1dku na podlahu (= jako dla\u017eba), z\u00e1rove\u0148 lze pou\u017e\u00edt i pro obklad st\u011bn.<\/p>\n<div class=\"clear\"><!-- --><\/div>\n<\/div><\/div>\n<\/p><\/div>\n<\/p><\/div>\n<\/p><\/div>\n<\/p><\/div>\n","protected":false},"excerpt":{"rendered":"<p>Popis produktu AB NEWBURY dla\u017eba White 60&#215;60 (bal=1,08m2) &#8211; NWB007 Balen\u00ed: 1 ksCharakter: Kalibrovan\u00e1Ot\u011bruvzdornost: PEI IVPou\u017eit\u00ed: Dla\u017ebaRozm\u011br: 60&#215;60 cmPovrch: LeskPo\u010det ks v balen\u00ed: 3Materi\u00e1l: KeramikaTlou\u0161\u0165ka: 9.3 mmBalen\u00ed obsahuje: 1.08 m2Z\u00e1ruka: 2 roky Vysv\u011btlivky Kalibrovan\u00e1 dla\u017eba Kalibrovan\u00e1 dla\u017eba je t\u00e9\u017e zn\u00e1m\u00e1 jako rozm\u011brov\u011b stabiln\u00ed dla\u017edice.Jedn\u00e1 se o dla\u017edice, kter\u00e9 byly mechanicky o\u0159ezan\u00e9 do ur\u010dit\u00e9 velikosti pot\u00e9, [&hellip;]<\/p>\n","protected":false},"featured_media":15646,"comment_status":"open","ping_status":"open","template":"","meta":[],"product_brand":[],"product_cat":[76],"product_tag":[],"class_list":{"0":"post-15546","1":"product","2":"type-product","3":"status-publish","4":"has-post-thumbnail","6":"product_cat-dlazba-a-obklady","8":"first","9":"instock","10":"sale","11":"shipping-taxable","12":"purchasable","13":"product-type-simple"},"yoast_head":"<!-- This site is optimized with the Yoast SEO plugin v26.8 - https:\/\/yoast.com\/product\/yoast-seo-wordpress\/ -->\n<title>AB NEWBURY dla\u017eba White 60x60 (bal=1,08m2) - NWB007 Jen Po Omezenou Doba -<\/title>\n<meta name=\"robots\" content=\"index, follow, max-snippet:-1, max-image-preview:large, max-video-preview:-1\" \/>\n<link rel=\"canonical\" href=\"https:\/\/www.technodompro.com\/index.php\/produkt\/ab-newbury-dlazba-white-60x60-bal-1-08m2-nwb007-jen-po-omezenou-doba-15546\/\" \/>\n<meta property=\"og:locale\" content=\"cs_CZ\" \/>\n<meta property=\"og:type\" content=\"article\" \/>\n<meta property=\"og:title\" content=\"AB NEWBURY dla\u017eba White 60x60 (bal=1,08m2) - NWB007 Jen Po Omezenou Doba -\" \/>\n<meta property=\"og:description\" content=\"Popis produktu AB NEWBURY dla\u017eba White 60&#215;60 (bal=1,08m2) &#8211; NWB007 Balen\u00ed: 1 ksCharakter: Kalibrovan\u00e1Ot\u011bruvzdornost: PEI IVPou\u017eit\u00ed: Dla\u017ebaRozm\u011br: 60&#215;60 cmPovrch: LeskPo\u010det ks v balen\u00ed: 3Materi\u00e1l: KeramikaTlou\u0161\u0165ka: 9.3 mmBalen\u00ed obsahuje: 1.08 m2Z\u00e1ruka: 2 roky Vysv\u011btlivky Kalibrovan\u00e1 dla\u017eba Kalibrovan\u00e1 dla\u017eba je t\u00e9\u017e zn\u00e1m\u00e1 jako rozm\u011brov\u011b stabiln\u00ed dla\u017edice.Jedn\u00e1 se o dla\u017edice, kter\u00e9 byly mechanicky o\u0159ezan\u00e9 do ur\u010dit\u00e9 velikosti pot\u00e9, [&hellip;]\" \/>\n<meta property=\"og:url\" content=\"https:\/\/www.technodompro.com\/index.php\/produkt\/ab-newbury-dlazba-white-60x60-bal-1-08m2-nwb007-jen-po-omezenou-doba-15546\/\" \/>\n<meta property=\"og:image\" content=\"https:\/\/www.technodompro.com\/wp-content\/uploads\/2026\/SK0015586-CZ20260425-092632-0-1777080397-ab-newbury-dlazba-white-60x60-bal-1-08m2-nwb007-468146.webp\" \/>\n\t<meta property=\"og:image:width\" content=\"598\" \/>\n\t<meta property=\"og:image:height\" content=\"600\" \/>\n\t<meta property=\"og:image:type\" content=\"image\/webp\" \/>\n<meta name=\"twitter:card\" content=\"summary_large_image\" \/>\n<meta name=\"twitter:label1\" content=\"Odhadovan\u00e1 doba \u010dten\u00ed\" \/>\n\t<meta name=\"twitter:data1\" content=\"1 minuta\" \/>\n<script type=\"application\/ld+json\" class=\"yoast-schema-graph\">{\"@context\":\"https:\/\/schema.org\",\"@graph\":[{\"@type\":\"WebPage\",\"@id\":\"https:\/\/www.technodompro.com\/index.php\/produkt\/ab-newbury-dlazba-white-60x60-bal-1-08m2-nwb007-jen-po-omezenou-doba-15546\/\",\"url\":\"https:\/\/www.technodompro.com\/index.php\/produkt\/ab-newbury-dlazba-white-60x60-bal-1-08m2-nwb007-jen-po-omezenou-doba-15546\/\",\"name\":\"AB NEWBURY dla\u017eba White 60x60 (bal=1,08m2) - NWB007 Jen Po Omezenou Doba -\",\"isPartOf\":{\"@id\":\"https:\/\/www.technodompro.com\/#website\"},\"primaryImageOfPage\":{\"@id\":\"https:\/\/www.technodompro.com\/index.php\/produkt\/ab-newbury-dlazba-white-60x60-bal-1-08m2-nwb007-jen-po-omezenou-doba-15546\/#primaryimage\"},\"image\":{\"@id\":\"https:\/\/www.technodompro.com\/index.php\/produkt\/ab-newbury-dlazba-white-60x60-bal-1-08m2-nwb007-jen-po-omezenou-doba-15546\/#primaryimage\"},\"thumbnailUrl\":\"https:\/\/www.technodompro.com\/wp-content\/uploads\/2026\/SK0015586-CZ20260425-092632-0-1777080397-ab-newbury-dlazba-white-60x60-bal-1-08m2-nwb007-468146.webp\",\"datePublished\":\"2026-04-27T04:41:08+00:00\",\"breadcrumb\":{\"@id\":\"https:\/\/www.technodompro.com\/index.php\/produkt\/ab-newbury-dlazba-white-60x60-bal-1-08m2-nwb007-jen-po-omezenou-doba-15546\/#breadcrumb\"},\"inLanguage\":\"cs\",\"potentialAction\":[{\"@type\":\"ReadAction\",\"target\":[\"https:\/\/www.technodompro.com\/index.php\/produkt\/ab-newbury-dlazba-white-60x60-bal-1-08m2-nwb007-jen-po-omezenou-doba-15546\/\"]}]},{\"@type\":\"ImageObject\",\"inLanguage\":\"cs\",\"@id\":\"https:\/\/www.technodompro.com\/index.php\/produkt\/ab-newbury-dlazba-white-60x60-bal-1-08m2-nwb007-jen-po-omezenou-doba-15546\/#primaryimage\",\"url\":\"https:\/\/www.technodompro.com\/wp-content\/uploads\/2026\/SK0015586-CZ20260425-092632-0-1777080397-ab-newbury-dlazba-white-60x60-bal-1-08m2-nwb007-468146.webp\",\"contentUrl\":\"https:\/\/www.technodompro.com\/wp-content\/uploads\/2026\/SK0015586-CZ20260425-092632-0-1777080397-ab-newbury-dlazba-white-60x60-bal-1-08m2-nwb007-468146.webp\",\"width\":598,\"height\":600},{\"@type\":\"BreadcrumbList\",\"@id\":\"https:\/\/www.technodompro.com\/index.php\/produkt\/ab-newbury-dlazba-white-60x60-bal-1-08m2-nwb007-jen-po-omezenou-doba-15546\/#breadcrumb\",\"itemListElement\":[{\"@type\":\"ListItem\",\"position\":1,\"name\":\"Home\",\"item\":\"https:\/\/www.technodompro.com\/\"},{\"@type\":\"ListItem\",\"position\":2,\"name\":\"Products\",\"item\":\"https:\/\/www.technodompro.com\/index.php\/products\/\"},{\"@type\":\"ListItem\",\"position\":3,\"name\":\"AB NEWBURY dla\u017eba White 60&#215;60 (bal=1,08m2) &#8211; NWB007 Jen Po Omezenou Doba\"}]},{\"@type\":\"WebSite\",\"@id\":\"https:\/\/www.technodompro.com\/#website\",\"url\":\"https:\/\/www.technodompro.com\/\",\"name\":\"\",\"description\":\"\",\"potentialAction\":[{\"@type\":\"SearchAction\",\"target\":{\"@type\":\"EntryPoint\",\"urlTemplate\":\"https:\/\/www.technodompro.com\/?s={search_term_string}\"},\"query-input\":{\"@type\":\"PropertyValueSpecification\",\"valueRequired\":true,\"valueName\":\"search_term_string\"}}],\"inLanguage\":\"cs\"}]}<\/script>\n<!-- \/ Yoast SEO plugin. -->","yoast_head_json":{"title":"AB NEWBURY dla\u017eba White 60x60 (bal=1,08m2) - NWB007 Jen Po Omezenou Doba -","robots":{"index":"index","follow":"follow","max-snippet":"max-snippet:-1","max-image-preview":"max-image-preview:large","max-video-preview":"max-video-preview:-1"},"canonical":"https:\/\/www.technodompro.com\/index.php\/produkt\/ab-newbury-dlazba-white-60x60-bal-1-08m2-nwb007-jen-po-omezenou-doba-15546\/","og_locale":"cs_CZ","og_type":"article","og_title":"AB NEWBURY dla\u017eba White 60x60 (bal=1,08m2) - NWB007 Jen Po Omezenou Doba -","og_description":"Popis produktu AB NEWBURY dla\u017eba White 60&#215;60 (bal=1,08m2) &#8211; NWB007 Balen\u00ed: 1 ksCharakter: Kalibrovan\u00e1Ot\u011bruvzdornost: PEI IVPou\u017eit\u00ed: Dla\u017ebaRozm\u011br: 60&#215;60 cmPovrch: LeskPo\u010det ks v balen\u00ed: 3Materi\u00e1l: KeramikaTlou\u0161\u0165ka: 9.3 mmBalen\u00ed obsahuje: 1.08 m2Z\u00e1ruka: 2 roky Vysv\u011btlivky Kalibrovan\u00e1 dla\u017eba Kalibrovan\u00e1 dla\u017eba je t\u00e9\u017e zn\u00e1m\u00e1 jako rozm\u011brov\u011b stabiln\u00ed dla\u017edice.Jedn\u00e1 se o dla\u017edice, kter\u00e9 byly mechanicky o\u0159ezan\u00e9 do ur\u010dit\u00e9 velikosti pot\u00e9, [&hellip;]","og_url":"https:\/\/www.technodompro.com\/index.php\/produkt\/ab-newbury-dlazba-white-60x60-bal-1-08m2-nwb007-jen-po-omezenou-doba-15546\/","og_image":[{"width":598,"height":600,"url":"https:\/\/www.technodompro.com\/wp-content\/uploads\/2026\/SK0015586-CZ20260425-092632-0-1777080397-ab-newbury-dlazba-white-60x60-bal-1-08m2-nwb007-468146.webp","type":"image\/webp"}],"twitter_card":"summary_large_image","twitter_misc":{"Odhadovan\u00e1 doba \u010dten\u00ed":"1 minuta"},"schema":{"@context":"https:\/\/schema.org","@graph":[{"@type":"WebPage","@id":"https:\/\/www.technodompro.com\/index.php\/produkt\/ab-newbury-dlazba-white-60x60-bal-1-08m2-nwb007-jen-po-omezenou-doba-15546\/","url":"https:\/\/www.technodompro.com\/index.php\/produkt\/ab-newbury-dlazba-white-60x60-bal-1-08m2-nwb007-jen-po-omezenou-doba-15546\/","name":"AB NEWBURY dla\u017eba White 60x60 (bal=1,08m2) - NWB007 Jen Po Omezenou Doba -","isPartOf":{"@id":"https:\/\/www.technodompro.com\/#website"},"primaryImageOfPage":{"@id":"https:\/\/www.technodompro.com\/index.php\/produkt\/ab-newbury-dlazba-white-60x60-bal-1-08m2-nwb007-jen-po-omezenou-doba-15546\/#primaryimage"},"image":{"@id":"https:\/\/www.technodompro.com\/index.php\/produkt\/ab-newbury-dlazba-white-60x60-bal-1-08m2-nwb007-jen-po-omezenou-doba-15546\/#primaryimage"},"thumbnailUrl":"https:\/\/www.technodompro.com\/wp-content\/uploads\/2026\/SK0015586-CZ20260425-092632-0-1777080397-ab-newbury-dlazba-white-60x60-bal-1-08m2-nwb007-468146.webp","datePublished":"2026-04-27T04:41:08+00:00","breadcrumb":{"@id":"https:\/\/www.technodompro.com\/index.php\/produkt\/ab-newbury-dlazba-white-60x60-bal-1-08m2-nwb007-jen-po-omezenou-doba-15546\/#breadcrumb"},"inLanguage":"cs","potentialAction":[{"@type":"ReadAction","target":["https:\/\/www.technodompro.com\/index.php\/produkt\/ab-newbury-dlazba-white-60x60-bal-1-08m2-nwb007-jen-po-omezenou-doba-15546\/"]}]},{"@type":"ImageObject","inLanguage":"cs","@id":"https:\/\/www.technodompro.com\/index.php\/produkt\/ab-newbury-dlazba-white-60x60-bal-1-08m2-nwb007-jen-po-omezenou-doba-15546\/#primaryimage","url":"https:\/\/www.technodompro.com\/wp-content\/uploads\/2026\/SK0015586-CZ20260425-092632-0-1777080397-ab-newbury-dlazba-white-60x60-bal-1-08m2-nwb007-468146.webp","contentUrl":"https:\/\/www.technodompro.com\/wp-content\/uploads\/2026\/SK0015586-CZ20260425-092632-0-1777080397-ab-newbury-dlazba-white-60x60-bal-1-08m2-nwb007-468146.webp","width":598,"height":600},{"@type":"BreadcrumbList","@id":"https:\/\/www.technodompro.com\/index.php\/produkt\/ab-newbury-dlazba-white-60x60-bal-1-08m2-nwb007-jen-po-omezenou-doba-15546\/#breadcrumb","itemListElement":[{"@type":"ListItem","position":1,"name":"Home","item":"https:\/\/www.technodompro.com\/"},{"@type":"ListItem","position":2,"name":"Products","item":"https:\/\/www.technodompro.com\/index.php\/products\/"},{"@type":"ListItem","position":3,"name":"AB NEWBURY dla\u017eba White 60&#215;60 (bal=1,08m2) &#8211; NWB007 Jen Po Omezenou Doba"}]},{"@type":"WebSite","@id":"https:\/\/www.technodompro.com\/#website","url":"https:\/\/www.technodompro.com\/","name":"","description":"","potentialAction":[{"@type":"SearchAction","target":{"@type":"EntryPoint","urlTemplate":"https:\/\/www.technodompro.com\/?s={search_term_string}"},"query-input":{"@type":"PropertyValueSpecification","valueRequired":true,"valueName":"search_term_string"}}],"inLanguage":"cs"}]}},"_links":{"self":[{"href":"https:\/\/www.technodompro.com\/index.php\/wp-json\/wp\/v2\/product\/15546","targetHints":{"allow":["GET"]}}],"collection":[{"href":"https:\/\/www.technodompro.com\/index.php\/wp-json\/wp\/v2\/product"}],"about":[{"href":"https:\/\/www.technodompro.com\/index.php\/wp-json\/wp\/v2\/types\/product"}],"replies":[{"embeddable":true,"href":"https:\/\/www.technodompro.com\/index.php\/wp-json\/wp\/v2\/comments?post=15546"}],"wp:featuredmedia":[{"embeddable":true,"href":"https:\/\/www.technodompro.com\/index.php\/wp-json\/wp\/v2\/media\/15646"}],"wp:attachment":[{"href":"https:\/\/www.technodompro.com\/index.php\/wp-json\/wp\/v2\/media?parent=15546"}],"wp:term":[{"taxonomy":"product_brand","embeddable":true,"href":"https:\/\/www.technodompro.com\/index.php\/wp-json\/wp\/v2\/product_brand?post=15546"},{"taxonomy":"product_cat","embeddable":true,"href":"https:\/\/www.technodompro.com\/index.php\/wp-json\/wp\/v2\/product_cat?post=15546"},{"taxonomy":"product_tag","embeddable":true,"href":"https:\/\/www.technodompro.com\/index.php\/wp-json\/wp\/v2\/product_tag?post=15546"}],"curies":[{"name":"wp","href":"https:\/\/api.w.org\/{rel}","templated":true}]}}