{"id":15587,"date":"2026-04-27T04:41:08","date_gmt":"2026-04-27T04:41:08","guid":{"rendered":""},"modified":"2026-04-27T04:41:08","modified_gmt":"2026-04-27T04:41:08","slug":"znackovy-umbria-dlazba-ivory-29-2x59-2-bal-1-03m2-ubr008-15587","status":"publish","type":"product","link":"https:\/\/www.technodompro.com\/index.php\/produkt\/znackovy-umbria-dlazba-ivory-29-2x59-2-bal-1-03m2-ubr008-15587\/","title":{"rendered":"Zna\u010dkov\u00fd UMBRIA dla\u017eba Ivory 29,2&#215;59,2 (bal=1,03m2) &#8211; UBR008"},"content":{"rendered":"<div class=\"ProductDetail-content NoFixImageContainer\" id=\"productDescription\">\n<div class=\"Heading\">\n<h2 class=\"Heading-title\">Popis produktu <span class=''>UMBRIA dla\u017eba Ivory 29,2&#215;59,2 (bal=1,03m2) &#8211; UBR008<\/span><\/h2>\n<\/p><\/div>\n<div class=\"ProductDetailContent\">                                                                    <\/div>\n<div class=\"ProductDetailContent\">\n<div class=\"ProductDetailContent-item\">                                            Balen\u00ed: 1 ks<br \/>Charakter: Kalibrovan\u00e1;Slinut\u00e1;Mrazuvzdorn\u00e1<br \/>Pou\u017eit\u00ed: Obklad;Dla\u017eba<br \/>Rozm\u011br: 29,2&#215;59,2 cm<br \/>Povrch: Mat<br \/>Po\u010det ks v balen\u00ed: 6<br \/>Materi\u00e1l: Keramika<br \/>Tlou\u0161\u0165ka: 10.1 mm<br \/>Balen\u00ed obsahuje: 1.03 m2<br \/>Z\u00e1ruka: 2 roky                                        <\/div>\n<div class=\"ProductDetailContent-item\">\n<h3>Vysv\u011btlivky<\/h3>\n<div class=\"product-explanation-item\">\n<h3>Kalibrovan\u00e1 dla\u017eba<\/h3>\n<p style=\"text-align: justify;\">Kalibrovan\u00e1 dla\u017eba je t\u00e9\u017e zn\u00e1m\u00e1 jako rozm\u011brov\u011b stabiln\u00ed dla\u017edice.<br \/>Jedn\u00e1 se o dla\u017edice, kter\u00e9 byly mechanicky o\u0159ezan\u00e9 do ur\u010dit\u00e9 velikosti pot\u00e9, co byly vyp\u00e1leny tak, aby jejich okraje tvo\u0159ily \u00fahel 90\u00b0. Dosa\u017een\u00e1 jednotn\u00e1 velikost, rozm\u011br soudr\u017enosti a optim\u00e1ln\u00ed p\u0159esnost dod\u00e1vaj\u00ed dla\u017edic\u00edm \u010dist\u0161\u00ed proveden\u00ed a m\u00e9n\u011b odchylek mezi jednotliv\u00fdmi dla\u017edicemi.<\/p>\n<div class=\"clear\"><!-- --><\/div>\n<\/div>\n<div class=\"product-explanation-item\">\n<h3>Slinut\u00e1 dla\u017eba<\/h3>\n<p style=\"text-align: justify;\">Natla\u010den\u00edm do forem pod vysok\u00fdm tlakem z\u016fstane v keramick\u00e9 hmot\u011b minimum vzduchov\u00fdch bublin. N\u00e1sledn\u011b se vyp\u00e1l\u00ed p\u0159i vysok\u00fdch teplot\u00e1ch, \u010d\u00edm\u017e je v\u00fdsledn\u00fd produkt tvrd\u00fd, pevn\u00fd a ot\u011bruvzdorn\u00fd. Z\u00e1rove\u0148 je m\u00e9n\u011b nas\u00e1kav\u00fd.<br \/>Nach\u00e1z\u00ed univerz\u00e1ln\u00ed pou\u017eit\u00ed v interi\u00e9ru a exteri\u00e9ru, na st\u011bny i podlahy. Slinut\u00e1 dla\u017eba je obzvl\u00e1\u0161\u0165 vhodn\u00e1 do vysoce nam\u00e1han\u00fdch prostor jako dla\u017eba \u010di na fas\u00e1dy budov.<\/p>\n<div class=\"clear\"><!-- --><\/div>\n<\/div>\n<div class=\"product-explanation-item\">\n<h3>Mrazuvzdornost<\/h3>\n<p style=\"text-align: justify;\">Mrazuvzdornost je d\u00e1na m\u00edrou nas\u00e1kavosti dla\u017edice (tozn., \u017ee nenasaje vodu, kter\u00e1 by v n\u00ed mohla zmrznout). U obklad\u016f pro pou\u017eit\u00ed v interi\u00e9rech nen\u00ed mrazuvzdornost po\u017eadov\u00e1na a nas\u00e1kavost b\u00fdv\u00e1 obvykle v\u00edce ne\u017e 10 %. Oproti tomu mrazuvzdorn\u00e9 glazovan\u00e9 dla\u017edice maj\u00ed nas\u00e1kavost do 3 %. Pro exteri\u00e9r jsou pak vhodn\u00e9 slinut\u00e9 dla\u017edice s nas\u00e1kavost\u00ed ni\u017e\u0161\u00ed ne\u017e 0,5 %.<\/p>\n<div class=\"clear\"><!-- --><\/div>\n<\/div>\n<div class=\"product-explanation-item\">\n<h3>Matn\u00fd povrch<\/h3>\n<p>Matn\u00e1 glazura dla\u017edice.<\/p>\n<\/p>\n<div class=\"clear\"><!-- --><\/div>\n<\/div>\n<div class=\"product-explanation-item\">\n<h3>Obklad<\/h3>\n<p style=\"text-align: justify;\">Dla\u017edice lze pou\u017e\u00edt pouze k aplikaci na st\u011bny (= jako obkl\u00e1da\u010dka).<\/p>\n<div class=\"clear\"><!-- --><\/div>\n<\/div>\n<div class=\"product-explanation-item\">\n<h3>Dla\u017eba<\/h3>\n<p style=\"text-align: justify;\">Dla\u017edice vhodn\u00e1 pro pokl\u00e1dku na podlahu (= jako dla\u017eba), z\u00e1rove\u0148 lze pou\u017e\u00edt i pro obklad st\u011bn.<\/p>\n<div class=\"clear\"><!-- --><\/div>\n<\/div><\/div>\n<\/p><\/div>\n<\/p><\/div>\n<\/p><\/div>\n<\/p><\/div>\n","protected":false},"excerpt":{"rendered":"<p>Popis produktu UMBRIA dla\u017eba Ivory 29,2&#215;59,2 (bal=1,03m2) &#8211; UBR008 Balen\u00ed: 1 ksCharakter: Kalibrovan\u00e1;Slinut\u00e1;Mrazuvzdorn\u00e1Pou\u017eit\u00ed: Obklad;Dla\u017ebaRozm\u011br: 29,2&#215;59,2 cmPovrch: MatPo\u010det ks v balen\u00ed: 6Materi\u00e1l: KeramikaTlou\u0161\u0165ka: 10.1 mmBalen\u00ed obsahuje: 1.03 m2Z\u00e1ruka: 2 roky Vysv\u011btlivky Kalibrovan\u00e1 dla\u017eba Kalibrovan\u00e1 dla\u017eba je t\u00e9\u017e zn\u00e1m\u00e1 jako rozm\u011brov\u011b stabiln\u00ed dla\u017edice.Jedn\u00e1 se o dla\u017edice, kter\u00e9 byly mechanicky o\u0159ezan\u00e9 do ur\u010dit\u00e9 velikosti pot\u00e9, co byly vyp\u00e1leny [&hellip;]<\/p>\n","protected":false},"featured_media":15687,"comment_status":"open","ping_status":"open","template":"","meta":[],"product_brand":[],"product_cat":[76],"product_tag":[],"class_list":{"0":"post-15587","1":"product","2":"type-product","3":"status-publish","4":"has-post-thumbnail","6":"product_cat-dlazba-a-obklady","8":"first","9":"instock","10":"sale","11":"shipping-taxable","12":"purchasable","13":"product-type-simple"},"yoast_head":"<!-- This site is optimized with the Yoast SEO plugin v26.8 - https:\/\/yoast.com\/product\/yoast-seo-wordpress\/ -->\n<title>Zna\u010dkov\u00fd UMBRIA dla\u017eba Ivory 29,2x59,2 (bal=1,03m2) - UBR008 -<\/title>\n<meta name=\"robots\" content=\"index, follow, max-snippet:-1, max-image-preview:large, max-video-preview:-1\" \/>\n<link rel=\"canonical\" href=\"https:\/\/www.technodompro.com\/index.php\/produkt\/znackovy-umbria-dlazba-ivory-29-2x59-2-bal-1-03m2-ubr008-15587\/\" \/>\n<meta property=\"og:locale\" content=\"cs_CZ\" \/>\n<meta property=\"og:type\" content=\"article\" \/>\n<meta property=\"og:title\" content=\"Zna\u010dkov\u00fd UMBRIA dla\u017eba Ivory 29,2x59,2 (bal=1,03m2) - UBR008 -\" \/>\n<meta property=\"og:description\" content=\"Popis produktu UMBRIA dla\u017eba Ivory 29,2&#215;59,2 (bal=1,03m2) &#8211; UBR008 Balen\u00ed: 1 ksCharakter: Kalibrovan\u00e1;Slinut\u00e1;Mrazuvzdorn\u00e1Pou\u017eit\u00ed: Obklad;Dla\u017ebaRozm\u011br: 29,2&#215;59,2 cmPovrch: MatPo\u010det ks v balen\u00ed: 6Materi\u00e1l: KeramikaTlou\u0161\u0165ka: 10.1 mmBalen\u00ed obsahuje: 1.03 m2Z\u00e1ruka: 2 roky Vysv\u011btlivky Kalibrovan\u00e1 dla\u017eba Kalibrovan\u00e1 dla\u017eba je t\u00e9\u017e zn\u00e1m\u00e1 jako rozm\u011brov\u011b stabiln\u00ed dla\u017edice.Jedn\u00e1 se o dla\u017edice, kter\u00e9 byly mechanicky o\u0159ezan\u00e9 do ur\u010dit\u00e9 velikosti pot\u00e9, co byly vyp\u00e1leny [&hellip;]\" \/>\n<meta property=\"og:url\" content=\"https:\/\/www.technodompro.com\/index.php\/produkt\/znackovy-umbria-dlazba-ivory-29-2x59-2-bal-1-03m2-ubr008-15587\/\" \/>\n<meta property=\"og:image\" content=\"https:\/\/www.technodompro.com\/wp-content\/uploads\/2026\/SK0015627-CZ20260425-092632-0-1777080397-umbria-dlazba-ivory-29-2x59-2-bal-1-03m2-ubr008-468509.webp\" \/>\n\t<meta property=\"og:image:width\" content=\"600\" \/>\n\t<meta property=\"og:image:height\" content=\"295\" \/>\n\t<meta property=\"og:image:type\" content=\"image\/webp\" \/>\n<meta name=\"twitter:card\" content=\"summary_large_image\" \/>\n<meta name=\"twitter:label1\" content=\"Odhadovan\u00e1 doba \u010dten\u00ed\" \/>\n\t<meta name=\"twitter:data1\" content=\"2 minuty\" \/>\n<script type=\"application\/ld+json\" class=\"yoast-schema-graph\">{\"@context\":\"https:\/\/schema.org\",\"@graph\":[{\"@type\":\"WebPage\",\"@id\":\"https:\/\/www.technodompro.com\/index.php\/produkt\/znackovy-umbria-dlazba-ivory-29-2x59-2-bal-1-03m2-ubr008-15587\/\",\"url\":\"https:\/\/www.technodompro.com\/index.php\/produkt\/znackovy-umbria-dlazba-ivory-29-2x59-2-bal-1-03m2-ubr008-15587\/\",\"name\":\"Zna\u010dkov\u00fd UMBRIA dla\u017eba Ivory 29,2x59,2 (bal=1,03m2) - UBR008 -\",\"isPartOf\":{\"@id\":\"https:\/\/www.technodompro.com\/#website\"},\"primaryImageOfPage\":{\"@id\":\"https:\/\/www.technodompro.com\/index.php\/produkt\/znackovy-umbria-dlazba-ivory-29-2x59-2-bal-1-03m2-ubr008-15587\/#primaryimage\"},\"image\":{\"@id\":\"https:\/\/www.technodompro.com\/index.php\/produkt\/znackovy-umbria-dlazba-ivory-29-2x59-2-bal-1-03m2-ubr008-15587\/#primaryimage\"},\"thumbnailUrl\":\"https:\/\/www.technodompro.com\/wp-content\/uploads\/2026\/SK0015627-CZ20260425-092632-0-1777080397-umbria-dlazba-ivory-29-2x59-2-bal-1-03m2-ubr008-468509.webp\",\"datePublished\":\"2026-04-27T04:41:08+00:00\",\"breadcrumb\":{\"@id\":\"https:\/\/www.technodompro.com\/index.php\/produkt\/znackovy-umbria-dlazba-ivory-29-2x59-2-bal-1-03m2-ubr008-15587\/#breadcrumb\"},\"inLanguage\":\"cs\",\"potentialAction\":[{\"@type\":\"ReadAction\",\"target\":[\"https:\/\/www.technodompro.com\/index.php\/produkt\/znackovy-umbria-dlazba-ivory-29-2x59-2-bal-1-03m2-ubr008-15587\/\"]}]},{\"@type\":\"ImageObject\",\"inLanguage\":\"cs\",\"@id\":\"https:\/\/www.technodompro.com\/index.php\/produkt\/znackovy-umbria-dlazba-ivory-29-2x59-2-bal-1-03m2-ubr008-15587\/#primaryimage\",\"url\":\"https:\/\/www.technodompro.com\/wp-content\/uploads\/2026\/SK0015627-CZ20260425-092632-0-1777080397-umbria-dlazba-ivory-29-2x59-2-bal-1-03m2-ubr008-468509.webp\",\"contentUrl\":\"https:\/\/www.technodompro.com\/wp-content\/uploads\/2026\/SK0015627-CZ20260425-092632-0-1777080397-umbria-dlazba-ivory-29-2x59-2-bal-1-03m2-ubr008-468509.webp\",\"width\":600,\"height\":295},{\"@type\":\"BreadcrumbList\",\"@id\":\"https:\/\/www.technodompro.com\/index.php\/produkt\/znackovy-umbria-dlazba-ivory-29-2x59-2-bal-1-03m2-ubr008-15587\/#breadcrumb\",\"itemListElement\":[{\"@type\":\"ListItem\",\"position\":1,\"name\":\"Home\",\"item\":\"https:\/\/www.technodompro.com\/\"},{\"@type\":\"ListItem\",\"position\":2,\"name\":\"Products\",\"item\":\"https:\/\/www.technodompro.com\/index.php\/products\/\"},{\"@type\":\"ListItem\",\"position\":3,\"name\":\"Zna\u010dkov\u00fd UMBRIA dla\u017eba Ivory 29,2&#215;59,2 (bal=1,03m2) &#8211; UBR008\"}]},{\"@type\":\"WebSite\",\"@id\":\"https:\/\/www.technodompro.com\/#website\",\"url\":\"https:\/\/www.technodompro.com\/\",\"name\":\"\",\"description\":\"\",\"potentialAction\":[{\"@type\":\"SearchAction\",\"target\":{\"@type\":\"EntryPoint\",\"urlTemplate\":\"https:\/\/www.technodompro.com\/?s={search_term_string}\"},\"query-input\":{\"@type\":\"PropertyValueSpecification\",\"valueRequired\":true,\"valueName\":\"search_term_string\"}}],\"inLanguage\":\"cs\"}]}<\/script>\n<!-- \/ Yoast SEO plugin. -->","yoast_head_json":{"title":"Zna\u010dkov\u00fd UMBRIA dla\u017eba Ivory 29,2x59,2 (bal=1,03m2) - UBR008 -","robots":{"index":"index","follow":"follow","max-snippet":"max-snippet:-1","max-image-preview":"max-image-preview:large","max-video-preview":"max-video-preview:-1"},"canonical":"https:\/\/www.technodompro.com\/index.php\/produkt\/znackovy-umbria-dlazba-ivory-29-2x59-2-bal-1-03m2-ubr008-15587\/","og_locale":"cs_CZ","og_type":"article","og_title":"Zna\u010dkov\u00fd UMBRIA dla\u017eba Ivory 29,2x59,2 (bal=1,03m2) - UBR008 -","og_description":"Popis produktu UMBRIA dla\u017eba Ivory 29,2&#215;59,2 (bal=1,03m2) &#8211; UBR008 Balen\u00ed: 1 ksCharakter: Kalibrovan\u00e1;Slinut\u00e1;Mrazuvzdorn\u00e1Pou\u017eit\u00ed: Obklad;Dla\u017ebaRozm\u011br: 29,2&#215;59,2 cmPovrch: MatPo\u010det ks v balen\u00ed: 6Materi\u00e1l: KeramikaTlou\u0161\u0165ka: 10.1 mmBalen\u00ed obsahuje: 1.03 m2Z\u00e1ruka: 2 roky Vysv\u011btlivky Kalibrovan\u00e1 dla\u017eba Kalibrovan\u00e1 dla\u017eba je t\u00e9\u017e zn\u00e1m\u00e1 jako rozm\u011brov\u011b stabiln\u00ed dla\u017edice.Jedn\u00e1 se o dla\u017edice, kter\u00e9 byly mechanicky o\u0159ezan\u00e9 do ur\u010dit\u00e9 velikosti pot\u00e9, co byly vyp\u00e1leny [&hellip;]","og_url":"https:\/\/www.technodompro.com\/index.php\/produkt\/znackovy-umbria-dlazba-ivory-29-2x59-2-bal-1-03m2-ubr008-15587\/","og_image":[{"width":600,"height":295,"url":"https:\/\/www.technodompro.com\/wp-content\/uploads\/2026\/SK0015627-CZ20260425-092632-0-1777080397-umbria-dlazba-ivory-29-2x59-2-bal-1-03m2-ubr008-468509.webp","type":"image\/webp"}],"twitter_card":"summary_large_image","twitter_misc":{"Odhadovan\u00e1 doba \u010dten\u00ed":"2 minuty"},"schema":{"@context":"https:\/\/schema.org","@graph":[{"@type":"WebPage","@id":"https:\/\/www.technodompro.com\/index.php\/produkt\/znackovy-umbria-dlazba-ivory-29-2x59-2-bal-1-03m2-ubr008-15587\/","url":"https:\/\/www.technodompro.com\/index.php\/produkt\/znackovy-umbria-dlazba-ivory-29-2x59-2-bal-1-03m2-ubr008-15587\/","name":"Zna\u010dkov\u00fd UMBRIA dla\u017eba Ivory 29,2x59,2 (bal=1,03m2) - UBR008 -","isPartOf":{"@id":"https:\/\/www.technodompro.com\/#website"},"primaryImageOfPage":{"@id":"https:\/\/www.technodompro.com\/index.php\/produkt\/znackovy-umbria-dlazba-ivory-29-2x59-2-bal-1-03m2-ubr008-15587\/#primaryimage"},"image":{"@id":"https:\/\/www.technodompro.com\/index.php\/produkt\/znackovy-umbria-dlazba-ivory-29-2x59-2-bal-1-03m2-ubr008-15587\/#primaryimage"},"thumbnailUrl":"https:\/\/www.technodompro.com\/wp-content\/uploads\/2026\/SK0015627-CZ20260425-092632-0-1777080397-umbria-dlazba-ivory-29-2x59-2-bal-1-03m2-ubr008-468509.webp","datePublished":"2026-04-27T04:41:08+00:00","breadcrumb":{"@id":"https:\/\/www.technodompro.com\/index.php\/produkt\/znackovy-umbria-dlazba-ivory-29-2x59-2-bal-1-03m2-ubr008-15587\/#breadcrumb"},"inLanguage":"cs","potentialAction":[{"@type":"ReadAction","target":["https:\/\/www.technodompro.com\/index.php\/produkt\/znackovy-umbria-dlazba-ivory-29-2x59-2-bal-1-03m2-ubr008-15587\/"]}]},{"@type":"ImageObject","inLanguage":"cs","@id":"https:\/\/www.technodompro.com\/index.php\/produkt\/znackovy-umbria-dlazba-ivory-29-2x59-2-bal-1-03m2-ubr008-15587\/#primaryimage","url":"https:\/\/www.technodompro.com\/wp-content\/uploads\/2026\/SK0015627-CZ20260425-092632-0-1777080397-umbria-dlazba-ivory-29-2x59-2-bal-1-03m2-ubr008-468509.webp","contentUrl":"https:\/\/www.technodompro.com\/wp-content\/uploads\/2026\/SK0015627-CZ20260425-092632-0-1777080397-umbria-dlazba-ivory-29-2x59-2-bal-1-03m2-ubr008-468509.webp","width":600,"height":295},{"@type":"BreadcrumbList","@id":"https:\/\/www.technodompro.com\/index.php\/produkt\/znackovy-umbria-dlazba-ivory-29-2x59-2-bal-1-03m2-ubr008-15587\/#breadcrumb","itemListElement":[{"@type":"ListItem","position":1,"name":"Home","item":"https:\/\/www.technodompro.com\/"},{"@type":"ListItem","position":2,"name":"Products","item":"https:\/\/www.technodompro.com\/index.php\/products\/"},{"@type":"ListItem","position":3,"name":"Zna\u010dkov\u00fd UMBRIA dla\u017eba Ivory 29,2&#215;59,2 (bal=1,03m2) &#8211; UBR008"}]},{"@type":"WebSite","@id":"https:\/\/www.technodompro.com\/#website","url":"https:\/\/www.technodompro.com\/","name":"","description":"","potentialAction":[{"@type":"SearchAction","target":{"@type":"EntryPoint","urlTemplate":"https:\/\/www.technodompro.com\/?s={search_term_string}"},"query-input":{"@type":"PropertyValueSpecification","valueRequired":true,"valueName":"search_term_string"}}],"inLanguage":"cs"}]}},"_links":{"self":[{"href":"https:\/\/www.technodompro.com\/index.php\/wp-json\/wp\/v2\/product\/15587","targetHints":{"allow":["GET"]}}],"collection":[{"href":"https:\/\/www.technodompro.com\/index.php\/wp-json\/wp\/v2\/product"}],"about":[{"href":"https:\/\/www.technodompro.com\/index.php\/wp-json\/wp\/v2\/types\/product"}],"replies":[{"embeddable":true,"href":"https:\/\/www.technodompro.com\/index.php\/wp-json\/wp\/v2\/comments?post=15587"}],"wp:featuredmedia":[{"embeddable":true,"href":"https:\/\/www.technodompro.com\/index.php\/wp-json\/wp\/v2\/media\/15687"}],"wp:attachment":[{"href":"https:\/\/www.technodompro.com\/index.php\/wp-json\/wp\/v2\/media?parent=15587"}],"wp:term":[{"taxonomy":"product_brand","embeddable":true,"href":"https:\/\/www.technodompro.com\/index.php\/wp-json\/wp\/v2\/product_brand?post=15587"},{"taxonomy":"product_cat","embeddable":true,"href":"https:\/\/www.technodompro.com\/index.php\/wp-json\/wp\/v2\/product_cat?post=15587"},{"taxonomy":"product_tag","embeddable":true,"href":"https:\/\/www.technodompro.com\/index.php\/wp-json\/wp\/v2\/product_tag?post=15587"}],"curies":[{"name":"wp","href":"https:\/\/api.w.org\/{rel}","templated":true}]}}