{"id":15698,"date":"2026-04-27T04:41:08","date_gmt":"2026-04-27T04:41:08","guid":{"rendered":""},"modified":"2026-04-27T04:41:08","modified_gmt":"2026-04-27T04:41:08","slug":"znackovy-sapho-twiga-umyvadlovy-stolek-100x72x50-cm-cerna-mat-stipany-kamen-15698","status":"publish","type":"product","link":"https:\/\/www.technodompro.com\/index.php\/produkt\/znackovy-sapho-twiga-umyvadlovy-stolek-100x72x50-cm-cerna-mat-stipany-kamen-15698\/","title":{"rendered":"Zna\u010dkov\u00fd Sapho Twiga Umyvadlov\u00fd stolek 100x72x50 cm, \u010dern\u00e1 mat\/\u0161t\u00edpan\u00fd k\u00e1men"},"content":{"rendered":"<div class=\"ProductDetail-content NoFixImageContainer\" id=\"productDescription\">\n<div class=\"Heading\">\n<h2 class=\"Heading-title\">Popis produktu <span class=''>Sapho Twiga Umyvadlov\u00fd stolek 100x72x50 cm, \u010dern\u00e1 mat\/\u0161t\u00edpan\u00fd k\u00e1men<\/span><\/h2>\n<\/p><\/div>\n<div class=\"ProductDetailContent\">                                                                    <\/div>\n<div class=\"ProductDetailContent\">\n<div class=\"ProductDetailContent-item\">                                            Barva: \u010cern\u00e1<br \/>\u0160\u00ed\u0159ka: 1000 mm<br \/>V\u00fd\u0161ka: 720 mm<br \/>Hloubka: 500 mm<br \/>Balen\u00ed: 3 ks<br \/>Rozm\u011br: 100x72x50 cm<br \/>Materi\u00e1l: MDF\/lamino\/ocel<br \/>Dekor: \u0160t\u00edpan\u00fd k\u00e1men<br \/>Typ sk\u0159\u00ed\u0148ky: Otev\u0159en\u00e1<br \/>Z\u00e1ruka: 2 roky<br \/>Jin\u00e9 barevn\u00e9 proveden\u00ed: Dle vzorn\u00edku<br \/>Typ umyvadla: Umyvadlo na desku<br \/>Instalace: K postaven\u00ed                                        <\/div>\n<div class=\"ProductDetailContent-item\">\n<h3>Vysv\u011btlivky<\/h3>\n<div class=\"product-explanation-item\">\n<h3>Desky lze vyrobit v tomto barevn\u00e9m proveden\u00ed:<\/h3>\n<div style=\"float: left; width: 20%; text-align: center;\">5 Dub starob\u00edl\u00fd<\/div>\n<div style=\"float: left; width: 20%; text-align: center;\">4 Dub rover<\/div>\n<div style=\"float: left; width: 20%; text-align: center;\">11 Dub tmav\u00fd<\/div>\n<div style=\"float: left; width: 20%; text-align: center;\">8 Old wood<\/div>\n<div style=\"clear: both;\"><\/div>\n<div style=\"float: left; width: 100%; text-align: center;\"> <\/div>\n<div style=\"clear: both;\"><\/div>\n<div style=\"float: left; width: 20%; text-align: center;\">6 Aquamarine<\/div>\n<div style=\"float: left; width: 20%; text-align: center;\">7 Cement<\/div>\n<div style=\"float: left; width: 20%; text-align: center;\">10 \u0160ed\u00fd k\u00e1men<\/div>\n<div style=\"float: left; width: 20%; text-align: center;\">9 \u0160t\u00edpan\u00fd k\u00e1men<\/div>\n<div style=\"clear: both;\"><\/div>\n<h3>Podp\u011bry lze vyrobit v tomto barevn\u00e9m proveden\u00ed:<\/h3>\n<p><strong>Cenov\u00e1 skupina C<\/strong>  p\u0159\u00edplatek 50%<br \/>jak\u00e1koliv barva dle vzorn\u00edku RAL nebo NCS v leskl\u00e9m nebo matn\u00e9m proveden\u00ed<\/p>\n<div style=\"float: left; width: 18%; text-align: center;\">RAL1019 \u0160edob\u00e9\u017eov\u00e1<\/div>\n<div style=\"float: left; width: 18%; text-align: center;\">RAL3004 Bord\u00f3<\/div>\n<div style=\"float: left; width: 18%; text-align: center;\">RAL6004 Modrozelen\u00e1<\/div>\n<div style=\"float: left; width: 18%; text-align: center;\">RAL7031 \u0160edomodr\u00e1<\/div>\n<div style=\"clear: both;\"><\/div>\n<\/div><\/div>\n<div class=\"ProductDetailContent-item\">\n<h3>Popis s\u00e9rie<\/h3>\n<p style=\"text-align: justify;\">S\u00e9rie TWIGA p\u0159edstavuje nab\u00eddku umyvadlov\u00fdch stolk\u016f, kter\u00e9 nab\u00edz\u00ed variabilitu barevn\u00e9ho proveden\u00ed. Umyvadlov\u00e9 stolky v rozm\u011brech 80 a\u017e 130 cm zaujmou nad\u010dasov\u00fdm vzdu\u0161n\u00fdm designem, d\u00edky kter\u00e9mu vyniknou v koupeln\u00e1ch modern\u00edch, loftov\u00fdch i industri\u00e1ln\u011b za\u0159\u00edzen\u00fdch.&nbsp;<br \/>Z\u00e1kladem je ocelov\u00e1 podp\u011bra (na v\u00fdb\u011br v matn\u011b \u010dern\u00e9 nebo b\u00edl\u00e9 mat), kter\u00e1 skv\u011ble lad\u00ed s d\u0159ev\u011bn\u00fdm dekorem lamin\u00e1tov\u00fdch desek AVICE.&nbsp;Desky jsou vyrobeny z&nbsp;MDF desek o&nbsp;tlou\u0161\u0165ce 48 mm s&nbsp;povrchem z&nbsp;vysokotlakov\u00e9ho lamin\u00e1tu, kter\u00fd je&nbsp;odoln\u00fd vod\u011b i&nbsp;po\u0161kr\u00e1b\u00e1n\u00ed. Jejich \u010deln\u00ed hrana je rovn\u00e1 s ABS hranou o&nbsp;tlou\u0161\u0165ce 1-2 mm a cel\u00e1 spodn\u00ed plocha je pota\u017eena b\u00edl\u00fdm vod\u011bodoln\u00fdm lamin\u00e1tem.&nbsp;<\/p>\n<p style=\"text-align: justify;\">Stolek se skl\u00e1d\u00e1 z ocelov\u00e9 podp\u011bry TWIGA, horn\u00ed desky AVICE o hloubce 50 cm a spodn\u00ed desky (police) AVICE o hloubce 39 cm. Stolky o rozm\u011brech 110 a\u017e 130 cm lze doplnit o z\u00e1suvku.<\/p>\n<\/p><\/div>\n<\/p><\/div>\n<\/p><\/div>\n<\/p><\/div>\n<\/p><\/div>\n","protected":false},"excerpt":{"rendered":"<p>Popis produktu Sapho Twiga Umyvadlov\u00fd stolek 100x72x50 cm, \u010dern\u00e1 mat\/\u0161t\u00edpan\u00fd k\u00e1men Barva: \u010cern\u00e1\u0160\u00ed\u0159ka: 1000 mmV\u00fd\u0161ka: 720 mmHloubka: 500 mmBalen\u00ed: 3 ksRozm\u011br: 100x72x50 cmMateri\u00e1l: MDF\/lamino\/ocelDekor: \u0160t\u00edpan\u00fd k\u00e1menTyp sk\u0159\u00ed\u0148ky: Otev\u0159en\u00e1Z\u00e1ruka: 2 rokyJin\u00e9 barevn\u00e9 proveden\u00ed: Dle vzorn\u00edkuTyp umyvadla: Umyvadlo na deskuInstalace: K postaven\u00ed Vysv\u011btlivky Desky lze vyrobit v tomto barevn\u00e9m proveden\u00ed: 5 Dub starob\u00edl\u00fd 4 Dub rover 11 [&hellip;]<\/p>\n","protected":false},"featured_media":15798,"comment_status":"open","ping_status":"open","template":"","meta":[],"product_brand":[],"product_cat":[72],"product_tag":[],"class_list":{"0":"post-15698","1":"product","2":"type-product","3":"status-publish","4":"has-post-thumbnail","6":"product_cat-koupelny","8":"first","9":"instock","10":"sale","11":"shipping-taxable","12":"purchasable","13":"product-type-simple"},"yoast_head":"<!-- This site is optimized with the Yoast SEO plugin v26.8 - https:\/\/yoast.com\/product\/yoast-seo-wordpress\/ -->\n<title>Zna\u010dkov\u00fd Sapho Twiga Umyvadlov\u00fd stolek 100x72x50 cm, \u010dern\u00e1 mat\/\u0161t\u00edpan\u00fd k\u00e1men -<\/title>\n<meta name=\"robots\" content=\"index, follow, max-snippet:-1, max-image-preview:large, max-video-preview:-1\" \/>\n<link rel=\"canonical\" href=\"https:\/\/www.technodompro.com\/index.php\/produkt\/znackovy-sapho-twiga-umyvadlovy-stolek-100x72x50-cm-cerna-mat-stipany-kamen-15698\/\" \/>\n<meta property=\"og:locale\" content=\"cs_CZ\" \/>\n<meta property=\"og:type\" content=\"article\" \/>\n<meta property=\"og:title\" content=\"Zna\u010dkov\u00fd Sapho Twiga Umyvadlov\u00fd stolek 100x72x50 cm, \u010dern\u00e1 mat\/\u0161t\u00edpan\u00fd k\u00e1men -\" \/>\n<meta property=\"og:description\" content=\"Popis produktu Sapho Twiga Umyvadlov\u00fd stolek 100x72x50 cm, \u010dern\u00e1 mat\/\u0161t\u00edpan\u00fd k\u00e1men Barva: \u010cern\u00e1\u0160\u00ed\u0159ka: 1000 mmV\u00fd\u0161ka: 720 mmHloubka: 500 mmBalen\u00ed: 3 ksRozm\u011br: 100x72x50 cmMateri\u00e1l: MDF\/lamino\/ocelDekor: \u0160t\u00edpan\u00fd k\u00e1menTyp sk\u0159\u00ed\u0148ky: Otev\u0159en\u00e1Z\u00e1ruka: 2 rokyJin\u00e9 barevn\u00e9 proveden\u00ed: Dle vzorn\u00edkuTyp umyvadla: Umyvadlo na deskuInstalace: K postaven\u00ed Vysv\u011btlivky Desky lze vyrobit v tomto barevn\u00e9m proveden\u00ed: 5 Dub starob\u00edl\u00fd 4 Dub rover 11 [&hellip;]\" \/>\n<meta property=\"og:url\" content=\"https:\/\/www.technodompro.com\/index.php\/produkt\/znackovy-sapho-twiga-umyvadlovy-stolek-100x72x50-cm-cerna-mat-stipany-kamen-15698\/\" \/>\n<meta property=\"og:image\" content=\"https:\/\/www.technodompro.com\/wp-content\/uploads\/2026\/SK0015638-CZ20260425-092632-0-1777080397-sapho-twiga-umyvadlovy-stolek-100x72x50-cm-cerna-mat-stipan.webp\" \/>\n\t<meta property=\"og:image:width\" content=\"600\" \/>\n\t<meta property=\"og:image:height\" content=\"544\" \/>\n\t<meta property=\"og:image:type\" content=\"image\/webp\" \/>\n<meta name=\"twitter:card\" content=\"summary_large_image\" \/>\n<meta name=\"twitter:label1\" content=\"Odhadovan\u00e1 doba \u010dten\u00ed\" \/>\n\t<meta name=\"twitter:data1\" content=\"2 minuty\" \/>\n<script type=\"application\/ld+json\" class=\"yoast-schema-graph\">{\"@context\":\"https:\/\/schema.org\",\"@graph\":[{\"@type\":\"WebPage\",\"@id\":\"https:\/\/www.technodompro.com\/index.php\/produkt\/znackovy-sapho-twiga-umyvadlovy-stolek-100x72x50-cm-cerna-mat-stipany-kamen-15698\/\",\"url\":\"https:\/\/www.technodompro.com\/index.php\/produkt\/znackovy-sapho-twiga-umyvadlovy-stolek-100x72x50-cm-cerna-mat-stipany-kamen-15698\/\",\"name\":\"Zna\u010dkov\u00fd Sapho Twiga Umyvadlov\u00fd stolek 100x72x50 cm, \u010dern\u00e1 mat\/\u0161t\u00edpan\u00fd k\u00e1men -\",\"isPartOf\":{\"@id\":\"https:\/\/www.technodompro.com\/#website\"},\"primaryImageOfPage\":{\"@id\":\"https:\/\/www.technodompro.com\/index.php\/produkt\/znackovy-sapho-twiga-umyvadlovy-stolek-100x72x50-cm-cerna-mat-stipany-kamen-15698\/#primaryimage\"},\"image\":{\"@id\":\"https:\/\/www.technodompro.com\/index.php\/produkt\/znackovy-sapho-twiga-umyvadlovy-stolek-100x72x50-cm-cerna-mat-stipany-kamen-15698\/#primaryimage\"},\"thumbnailUrl\":\"https:\/\/www.technodompro.com\/wp-content\/uploads\/2026\/SK0015638-CZ20260425-092632-0-1777080397-sapho-twiga-umyvadlovy-stolek-100x72x50-cm-cerna-mat-stipan.webp\",\"datePublished\":\"2026-04-27T04:41:08+00:00\",\"breadcrumb\":{\"@id\":\"https:\/\/www.technodompro.com\/index.php\/produkt\/znackovy-sapho-twiga-umyvadlovy-stolek-100x72x50-cm-cerna-mat-stipany-kamen-15698\/#breadcrumb\"},\"inLanguage\":\"cs\",\"potentialAction\":[{\"@type\":\"ReadAction\",\"target\":[\"https:\/\/www.technodompro.com\/index.php\/produkt\/znackovy-sapho-twiga-umyvadlovy-stolek-100x72x50-cm-cerna-mat-stipany-kamen-15698\/\"]}]},{\"@type\":\"ImageObject\",\"inLanguage\":\"cs\",\"@id\":\"https:\/\/www.technodompro.com\/index.php\/produkt\/znackovy-sapho-twiga-umyvadlovy-stolek-100x72x50-cm-cerna-mat-stipany-kamen-15698\/#primaryimage\",\"url\":\"https:\/\/www.technodompro.com\/wp-content\/uploads\/2026\/SK0015638-CZ20260425-092632-0-1777080397-sapho-twiga-umyvadlovy-stolek-100x72x50-cm-cerna-mat-stipan.webp\",\"contentUrl\":\"https:\/\/www.technodompro.com\/wp-content\/uploads\/2026\/SK0015638-CZ20260425-092632-0-1777080397-sapho-twiga-umyvadlovy-stolek-100x72x50-cm-cerna-mat-stipan.webp\",\"width\":600,\"height\":544},{\"@type\":\"BreadcrumbList\",\"@id\":\"https:\/\/www.technodompro.com\/index.php\/produkt\/znackovy-sapho-twiga-umyvadlovy-stolek-100x72x50-cm-cerna-mat-stipany-kamen-15698\/#breadcrumb\",\"itemListElement\":[{\"@type\":\"ListItem\",\"position\":1,\"name\":\"Home\",\"item\":\"https:\/\/www.technodompro.com\/\"},{\"@type\":\"ListItem\",\"position\":2,\"name\":\"Products\",\"item\":\"https:\/\/www.technodompro.com\/index.php\/products\/\"},{\"@type\":\"ListItem\",\"position\":3,\"name\":\"Zna\u010dkov\u00fd Sapho Twiga Umyvadlov\u00fd stolek 100x72x50 cm, \u010dern\u00e1 mat\/\u0161t\u00edpan\u00fd k\u00e1men\"}]},{\"@type\":\"WebSite\",\"@id\":\"https:\/\/www.technodompro.com\/#website\",\"url\":\"https:\/\/www.technodompro.com\/\",\"name\":\"\",\"description\":\"\",\"potentialAction\":[{\"@type\":\"SearchAction\",\"target\":{\"@type\":\"EntryPoint\",\"urlTemplate\":\"https:\/\/www.technodompro.com\/?s={search_term_string}\"},\"query-input\":{\"@type\":\"PropertyValueSpecification\",\"valueRequired\":true,\"valueName\":\"search_term_string\"}}],\"inLanguage\":\"cs\"}]}<\/script>\n<!-- \/ Yoast SEO plugin. -->","yoast_head_json":{"title":"Zna\u010dkov\u00fd Sapho Twiga Umyvadlov\u00fd stolek 100x72x50 cm, \u010dern\u00e1 mat\/\u0161t\u00edpan\u00fd k\u00e1men -","robots":{"index":"index","follow":"follow","max-snippet":"max-snippet:-1","max-image-preview":"max-image-preview:large","max-video-preview":"max-video-preview:-1"},"canonical":"https:\/\/www.technodompro.com\/index.php\/produkt\/znackovy-sapho-twiga-umyvadlovy-stolek-100x72x50-cm-cerna-mat-stipany-kamen-15698\/","og_locale":"cs_CZ","og_type":"article","og_title":"Zna\u010dkov\u00fd Sapho Twiga Umyvadlov\u00fd stolek 100x72x50 cm, \u010dern\u00e1 mat\/\u0161t\u00edpan\u00fd k\u00e1men -","og_description":"Popis produktu Sapho Twiga Umyvadlov\u00fd stolek 100x72x50 cm, \u010dern\u00e1 mat\/\u0161t\u00edpan\u00fd k\u00e1men Barva: \u010cern\u00e1\u0160\u00ed\u0159ka: 1000 mmV\u00fd\u0161ka: 720 mmHloubka: 500 mmBalen\u00ed: 3 ksRozm\u011br: 100x72x50 cmMateri\u00e1l: MDF\/lamino\/ocelDekor: \u0160t\u00edpan\u00fd k\u00e1menTyp sk\u0159\u00ed\u0148ky: Otev\u0159en\u00e1Z\u00e1ruka: 2 rokyJin\u00e9 barevn\u00e9 proveden\u00ed: Dle vzorn\u00edkuTyp umyvadla: Umyvadlo na deskuInstalace: K postaven\u00ed Vysv\u011btlivky Desky lze vyrobit v tomto barevn\u00e9m proveden\u00ed: 5 Dub starob\u00edl\u00fd 4 Dub rover 11 [&hellip;]","og_url":"https:\/\/www.technodompro.com\/index.php\/produkt\/znackovy-sapho-twiga-umyvadlovy-stolek-100x72x50-cm-cerna-mat-stipany-kamen-15698\/","og_image":[{"width":600,"height":544,"url":"https:\/\/www.technodompro.com\/wp-content\/uploads\/2026\/SK0015638-CZ20260425-092632-0-1777080397-sapho-twiga-umyvadlovy-stolek-100x72x50-cm-cerna-mat-stipan.webp","type":"image\/webp"}],"twitter_card":"summary_large_image","twitter_misc":{"Odhadovan\u00e1 doba \u010dten\u00ed":"2 minuty"},"schema":{"@context":"https:\/\/schema.org","@graph":[{"@type":"WebPage","@id":"https:\/\/www.technodompro.com\/index.php\/produkt\/znackovy-sapho-twiga-umyvadlovy-stolek-100x72x50-cm-cerna-mat-stipany-kamen-15698\/","url":"https:\/\/www.technodompro.com\/index.php\/produkt\/znackovy-sapho-twiga-umyvadlovy-stolek-100x72x50-cm-cerna-mat-stipany-kamen-15698\/","name":"Zna\u010dkov\u00fd Sapho Twiga Umyvadlov\u00fd stolek 100x72x50 cm, \u010dern\u00e1 mat\/\u0161t\u00edpan\u00fd k\u00e1men -","isPartOf":{"@id":"https:\/\/www.technodompro.com\/#website"},"primaryImageOfPage":{"@id":"https:\/\/www.technodompro.com\/index.php\/produkt\/znackovy-sapho-twiga-umyvadlovy-stolek-100x72x50-cm-cerna-mat-stipany-kamen-15698\/#primaryimage"},"image":{"@id":"https:\/\/www.technodompro.com\/index.php\/produkt\/znackovy-sapho-twiga-umyvadlovy-stolek-100x72x50-cm-cerna-mat-stipany-kamen-15698\/#primaryimage"},"thumbnailUrl":"https:\/\/www.technodompro.com\/wp-content\/uploads\/2026\/SK0015638-CZ20260425-092632-0-1777080397-sapho-twiga-umyvadlovy-stolek-100x72x50-cm-cerna-mat-stipan.webp","datePublished":"2026-04-27T04:41:08+00:00","breadcrumb":{"@id":"https:\/\/www.technodompro.com\/index.php\/produkt\/znackovy-sapho-twiga-umyvadlovy-stolek-100x72x50-cm-cerna-mat-stipany-kamen-15698\/#breadcrumb"},"inLanguage":"cs","potentialAction":[{"@type":"ReadAction","target":["https:\/\/www.technodompro.com\/index.php\/produkt\/znackovy-sapho-twiga-umyvadlovy-stolek-100x72x50-cm-cerna-mat-stipany-kamen-15698\/"]}]},{"@type":"ImageObject","inLanguage":"cs","@id":"https:\/\/www.technodompro.com\/index.php\/produkt\/znackovy-sapho-twiga-umyvadlovy-stolek-100x72x50-cm-cerna-mat-stipany-kamen-15698\/#primaryimage","url":"https:\/\/www.technodompro.com\/wp-content\/uploads\/2026\/SK0015638-CZ20260425-092632-0-1777080397-sapho-twiga-umyvadlovy-stolek-100x72x50-cm-cerna-mat-stipan.webp","contentUrl":"https:\/\/www.technodompro.com\/wp-content\/uploads\/2026\/SK0015638-CZ20260425-092632-0-1777080397-sapho-twiga-umyvadlovy-stolek-100x72x50-cm-cerna-mat-stipan.webp","width":600,"height":544},{"@type":"BreadcrumbList","@id":"https:\/\/www.technodompro.com\/index.php\/produkt\/znackovy-sapho-twiga-umyvadlovy-stolek-100x72x50-cm-cerna-mat-stipany-kamen-15698\/#breadcrumb","itemListElement":[{"@type":"ListItem","position":1,"name":"Home","item":"https:\/\/www.technodompro.com\/"},{"@type":"ListItem","position":2,"name":"Products","item":"https:\/\/www.technodompro.com\/index.php\/products\/"},{"@type":"ListItem","position":3,"name":"Zna\u010dkov\u00fd Sapho Twiga Umyvadlov\u00fd stolek 100x72x50 cm, \u010dern\u00e1 mat\/\u0161t\u00edpan\u00fd k\u00e1men"}]},{"@type":"WebSite","@id":"https:\/\/www.technodompro.com\/#website","url":"https:\/\/www.technodompro.com\/","name":"","description":"","potentialAction":[{"@type":"SearchAction","target":{"@type":"EntryPoint","urlTemplate":"https:\/\/www.technodompro.com\/?s={search_term_string}"},"query-input":{"@type":"PropertyValueSpecification","valueRequired":true,"valueName":"search_term_string"}}],"inLanguage":"cs"}]}},"_links":{"self":[{"href":"https:\/\/www.technodompro.com\/index.php\/wp-json\/wp\/v2\/product\/15698","targetHints":{"allow":["GET"]}}],"collection":[{"href":"https:\/\/www.technodompro.com\/index.php\/wp-json\/wp\/v2\/product"}],"about":[{"href":"https:\/\/www.technodompro.com\/index.php\/wp-json\/wp\/v2\/types\/product"}],"replies":[{"embeddable":true,"href":"https:\/\/www.technodompro.com\/index.php\/wp-json\/wp\/v2\/comments?post=15698"}],"wp:featuredmedia":[{"embeddable":true,"href":"https:\/\/www.technodompro.com\/index.php\/wp-json\/wp\/v2\/media\/15798"}],"wp:attachment":[{"href":"https:\/\/www.technodompro.com\/index.php\/wp-json\/wp\/v2\/media?parent=15698"}],"wp:term":[{"taxonomy":"product_brand","embeddable":true,"href":"https:\/\/www.technodompro.com\/index.php\/wp-json\/wp\/v2\/product_brand?post=15698"},{"taxonomy":"product_cat","embeddable":true,"href":"https:\/\/www.technodompro.com\/index.php\/wp-json\/wp\/v2\/product_cat?post=15698"},{"taxonomy":"product_tag","embeddable":true,"href":"https:\/\/www.technodompro.com\/index.php\/wp-json\/wp\/v2\/product_tag?post=15698"}],"curies":[{"name":"wp","href":"https:\/\/api.w.org\/{rel}","templated":true}]}}