{"id":16119,"date":"2026-04-27T04:41:09","date_gmt":"2026-04-27T04:41:09","guid":{"rendered":""},"modified":"2026-04-27T04:41:09","modified_gmt":"2026-04-27T04:41:09","slug":"cenova-bomba-sapho-minor-betonove-umyvatko-na-desku-o-26cm-antracit-mr26016-16119","status":"publish","type":"product","link":"https:\/\/www.technodompro.com\/index.php\/produkt\/cenova-bomba-sapho-minor-betonove-umyvatko-na-desku-o-26cm-antracit-mr26016-16119\/","title":{"rendered":"Cenov\u00e1 Bomba Sapho MINOR betonov\u00e9 um\u00fdv\u00e1tko na desku, \u00d8 26cm, antracit MR26016"},"content":{"rendered":"<div class=\"tabs__content-outer\" id=\"tab_description\" data-hash=\"description\" data-tabindex=\"-1\">\n<div class=\"tabs__content toggle_description\" id=\"content_description\">\n<div class=\"wysiwyg-content\">\n<div class=\"product__tab product__description full-width\">\n<div class=\"container\">\n<div >\n<h3>Sapho MINOR betonov\u00e9 um\u00fdv\u00e1tko na desku, \u00d8 26cm, antracit MR26016<\/h3>\n<p style=\"text-align: justify;\">Jak n\u00e1zev napov\u00edd\u00e1, s\u00e9rie SMALL nab\u00edz\u00ed pestrou \u0161k\u00e1lu na prostor nen\u00e1ro\u010dn\u00fdch keramick\u00fdch um\u00fdv\u00e1tek. D\u00edky sv\u00fdm mal\u00fdm rozm\u011br\u016fm, vysok\u00e9 funk\u010dnosti a jemn\u00e9mu designu se stanou elegantn\u00ed sou\u010d\u00e1st\u00ed koupelny nebo m\u00edstnosti s&nbsp;WC. A\u0165 preferujete ostr\u00e9 hrany \u010di obl\u00e9 k\u0159ivky, SMALL nab\u00edz\u00ed to, co hled\u00e1te. Za pozornost stoj\u00ed rohov\u00e9 um\u00fdv\u00e1tko, kter\u00e9 m\u016f\u017ee v&nbsp;mnoha p\u0159\u00edpadech p\u0159edstavovat dokonal\u00e9 \u0159e\u0161en\u00ed prostorov\u00e9ho uspo\u0159\u00e1d\u00e1n\u00ed mal\u00e9 koupelny.<\/p>\n<p><\/p>\n<p><b>Vlastnosti<\/b><\/p>\n<ul>\n<li><span>Materi\u00e1l:<\/span> Beton<\/li>\n<li><span>Barva:<\/span> \u010cern\u00e1<\/li>\n<li><span>Instalace:<\/span> K postaven\u00ed<\/li>\n<li><span>P\u0159epad:<\/span> Ne<\/li>\n<li><span>Tvar:<\/span> Kruh<\/li>\n<li><span>Otvor pro baterii:<\/span> Bez otvoru<\/li>\n<li><span>Rozm\u011br:<\/span> 26&#215;11 cm<\/li>\n<li><span>\u0160\u00ed\u0159ka:<\/span> 260 mm<\/li>\n<li><span>V\u00fd\u0161ka:<\/span> 110 mm<\/li>\n<li><span>Pr\u016fm\u011br:<\/span> 260 mm<\/li>\n<li><span>Hloubka:<\/span> 260 mm<\/li>\n<li><span>Typ umyvadla:<\/span> Um\u00fdv\u00e1tko (mal\u00e9)<\/li>\n<\/ul>\n<\/div><\/div>\n<\/p><\/div>\n<\/p><\/div>\n<\/p><\/div>\n","protected":false},"excerpt":{"rendered":"<p>Sapho MINOR betonov\u00e9 um\u00fdv\u00e1tko na desku, \u00d8 26cm, antracit MR26016 Jak n\u00e1zev napov\u00edd\u00e1, s\u00e9rie SMALL nab\u00edz\u00ed pestrou \u0161k\u00e1lu na prostor nen\u00e1ro\u010dn\u00fdch keramick\u00fdch um\u00fdv\u00e1tek. D\u00edky sv\u00fdm mal\u00fdm rozm\u011br\u016fm, vysok\u00e9 funk\u010dnosti a jemn\u00e9mu designu se stanou elegantn\u00ed sou\u010d\u00e1st\u00ed koupelny nebo m\u00edstnosti s&nbsp;WC. A\u0165 preferujete ostr\u00e9 hrany \u010di obl\u00e9 k\u0159ivky, SMALL nab\u00edz\u00ed to, co hled\u00e1te. Za pozornost stoj\u00ed [&hellip;]<\/p>\n","protected":false},"featured_media":16219,"comment_status":"open","ping_status":"open","template":"","meta":[],"product_brand":[],"product_cat":[77],"product_tag":[],"class_list":{"0":"post-16119","1":"product","2":"type-product","3":"status-publish","4":"has-post-thumbnail","6":"product_cat-koupelna","8":"first","9":"instock","10":"sale","11":"shipping-taxable","12":"purchasable","13":"product-type-simple"},"yoast_head":"<!-- This site is optimized with the Yoast SEO plugin v26.8 - https:\/\/yoast.com\/product\/yoast-seo-wordpress\/ -->\n<title>Cenov\u00e1 Bomba Sapho MINOR betonov\u00e9 um\u00fdv\u00e1tko na desku, \u00d8 26cm, antracit MR26016 -<\/title>\n<meta name=\"robots\" content=\"index, follow, max-snippet:-1, max-image-preview:large, max-video-preview:-1\" \/>\n<link rel=\"canonical\" href=\"https:\/\/www.technodompro.com\/index.php\/produkt\/cenova-bomba-sapho-minor-betonove-umyvatko-na-desku-o-26cm-antracit-mr26016-16119\/\" \/>\n<meta property=\"og:locale\" content=\"cs_CZ\" \/>\n<meta property=\"og:type\" content=\"article\" \/>\n<meta property=\"og:title\" content=\"Cenov\u00e1 Bomba Sapho MINOR betonov\u00e9 um\u00fdv\u00e1tko na desku, \u00d8 26cm, antracit MR26016 -\" \/>\n<meta property=\"og:description\" content=\"Sapho MINOR betonov\u00e9 um\u00fdv\u00e1tko na desku, \u00d8 26cm, antracit MR26016 Jak n\u00e1zev napov\u00edd\u00e1, s\u00e9rie SMALL nab\u00edz\u00ed pestrou \u0161k\u00e1lu na prostor nen\u00e1ro\u010dn\u00fdch keramick\u00fdch um\u00fdv\u00e1tek. D\u00edky sv\u00fdm mal\u00fdm rozm\u011br\u016fm, vysok\u00e9 funk\u010dnosti a jemn\u00e9mu designu se stanou elegantn\u00ed sou\u010d\u00e1st\u00ed koupelny nebo m\u00edstnosti s&nbsp;WC. A\u0165 preferujete ostr\u00e9 hrany \u010di obl\u00e9 k\u0159ivky, SMALL nab\u00edz\u00ed to, co hled\u00e1te. Za pozornost stoj\u00ed [&hellip;]\" \/>\n<meta property=\"og:url\" content=\"https:\/\/www.technodompro.com\/index.php\/produkt\/cenova-bomba-sapho-minor-betonove-umyvatko-na-desku-o-26cm-antracit-mr26016-16119\/\" \/>\n<meta property=\"og:image\" content=\"https:\/\/www.technodompro.com\/wp-content\/uploads\/2026\/SK0012137-CZ20260425-093041-0-1777080643-637edcc85ff4eeab9cb1e564a05a2294.webp\" \/>\n\t<meta property=\"og:image:width\" content=\"942\" \/>\n\t<meta property=\"og:image:height\" content=\"704\" \/>\n\t<meta property=\"og:image:type\" content=\"image\/webp\" \/>\n<meta name=\"twitter:card\" content=\"summary_large_image\" \/>\n<meta name=\"twitter:label1\" content=\"Odhadovan\u00e1 doba \u010dten\u00ed\" \/>\n\t<meta name=\"twitter:data1\" content=\"1 minuta\" \/>\n<script type=\"application\/ld+json\" class=\"yoast-schema-graph\">{\"@context\":\"https:\/\/schema.org\",\"@graph\":[{\"@type\":\"WebPage\",\"@id\":\"https:\/\/www.technodompro.com\/index.php\/produkt\/cenova-bomba-sapho-minor-betonove-umyvatko-na-desku-o-26cm-antracit-mr26016-16119\/\",\"url\":\"https:\/\/www.technodompro.com\/index.php\/produkt\/cenova-bomba-sapho-minor-betonove-umyvatko-na-desku-o-26cm-antracit-mr26016-16119\/\",\"name\":\"Cenov\u00e1 Bomba Sapho MINOR betonov\u00e9 um\u00fdv\u00e1tko na desku, \u00d8 26cm, antracit MR26016 -\",\"isPartOf\":{\"@id\":\"https:\/\/www.technodompro.com\/#website\"},\"primaryImageOfPage\":{\"@id\":\"https:\/\/www.technodompro.com\/index.php\/produkt\/cenova-bomba-sapho-minor-betonove-umyvatko-na-desku-o-26cm-antracit-mr26016-16119\/#primaryimage\"},\"image\":{\"@id\":\"https:\/\/www.technodompro.com\/index.php\/produkt\/cenova-bomba-sapho-minor-betonove-umyvatko-na-desku-o-26cm-antracit-mr26016-16119\/#primaryimage\"},\"thumbnailUrl\":\"https:\/\/www.technodompro.com\/wp-content\/uploads\/2026\/SK0012137-CZ20260425-093041-0-1777080643-637edcc85ff4eeab9cb1e564a05a2294.webp\",\"datePublished\":\"2026-04-27T04:41:09+00:00\",\"breadcrumb\":{\"@id\":\"https:\/\/www.technodompro.com\/index.php\/produkt\/cenova-bomba-sapho-minor-betonove-umyvatko-na-desku-o-26cm-antracit-mr26016-16119\/#breadcrumb\"},\"inLanguage\":\"cs\",\"potentialAction\":[{\"@type\":\"ReadAction\",\"target\":[\"https:\/\/www.technodompro.com\/index.php\/produkt\/cenova-bomba-sapho-minor-betonove-umyvatko-na-desku-o-26cm-antracit-mr26016-16119\/\"]}]},{\"@type\":\"ImageObject\",\"inLanguage\":\"cs\",\"@id\":\"https:\/\/www.technodompro.com\/index.php\/produkt\/cenova-bomba-sapho-minor-betonove-umyvatko-na-desku-o-26cm-antracit-mr26016-16119\/#primaryimage\",\"url\":\"https:\/\/www.technodompro.com\/wp-content\/uploads\/2026\/SK0012137-CZ20260425-093041-0-1777080643-637edcc85ff4eeab9cb1e564a05a2294.webp\",\"contentUrl\":\"https:\/\/www.technodompro.com\/wp-content\/uploads\/2026\/SK0012137-CZ20260425-093041-0-1777080643-637edcc85ff4eeab9cb1e564a05a2294.webp\",\"width\":942,\"height\":704},{\"@type\":\"BreadcrumbList\",\"@id\":\"https:\/\/www.technodompro.com\/index.php\/produkt\/cenova-bomba-sapho-minor-betonove-umyvatko-na-desku-o-26cm-antracit-mr26016-16119\/#breadcrumb\",\"itemListElement\":[{\"@type\":\"ListItem\",\"position\":1,\"name\":\"Home\",\"item\":\"https:\/\/www.technodompro.com\/\"},{\"@type\":\"ListItem\",\"position\":2,\"name\":\"Products\",\"item\":\"https:\/\/www.technodompro.com\/index.php\/products\/\"},{\"@type\":\"ListItem\",\"position\":3,\"name\":\"Cenov\u00e1 Bomba Sapho MINOR betonov\u00e9 um\u00fdv\u00e1tko na desku, \u00d8 26cm, antracit MR26016\"}]},{\"@type\":\"WebSite\",\"@id\":\"https:\/\/www.technodompro.com\/#website\",\"url\":\"https:\/\/www.technodompro.com\/\",\"name\":\"\",\"description\":\"\",\"potentialAction\":[{\"@type\":\"SearchAction\",\"target\":{\"@type\":\"EntryPoint\",\"urlTemplate\":\"https:\/\/www.technodompro.com\/?s={search_term_string}\"},\"query-input\":{\"@type\":\"PropertyValueSpecification\",\"valueRequired\":true,\"valueName\":\"search_term_string\"}}],\"inLanguage\":\"cs\"}]}<\/script>\n<!-- \/ Yoast SEO plugin. -->","yoast_head_json":{"title":"Cenov\u00e1 Bomba Sapho MINOR betonov\u00e9 um\u00fdv\u00e1tko na desku, \u00d8 26cm, antracit MR26016 -","robots":{"index":"index","follow":"follow","max-snippet":"max-snippet:-1","max-image-preview":"max-image-preview:large","max-video-preview":"max-video-preview:-1"},"canonical":"https:\/\/www.technodompro.com\/index.php\/produkt\/cenova-bomba-sapho-minor-betonove-umyvatko-na-desku-o-26cm-antracit-mr26016-16119\/","og_locale":"cs_CZ","og_type":"article","og_title":"Cenov\u00e1 Bomba Sapho MINOR betonov\u00e9 um\u00fdv\u00e1tko na desku, \u00d8 26cm, antracit MR26016 -","og_description":"Sapho MINOR betonov\u00e9 um\u00fdv\u00e1tko na desku, \u00d8 26cm, antracit MR26016 Jak n\u00e1zev napov\u00edd\u00e1, s\u00e9rie SMALL nab\u00edz\u00ed pestrou \u0161k\u00e1lu na prostor nen\u00e1ro\u010dn\u00fdch keramick\u00fdch um\u00fdv\u00e1tek. D\u00edky sv\u00fdm mal\u00fdm rozm\u011br\u016fm, vysok\u00e9 funk\u010dnosti a jemn\u00e9mu designu se stanou elegantn\u00ed sou\u010d\u00e1st\u00ed koupelny nebo m\u00edstnosti s&nbsp;WC. A\u0165 preferujete ostr\u00e9 hrany \u010di obl\u00e9 k\u0159ivky, SMALL nab\u00edz\u00ed to, co hled\u00e1te. Za pozornost stoj\u00ed [&hellip;]","og_url":"https:\/\/www.technodompro.com\/index.php\/produkt\/cenova-bomba-sapho-minor-betonove-umyvatko-na-desku-o-26cm-antracit-mr26016-16119\/","og_image":[{"width":942,"height":704,"url":"https:\/\/www.technodompro.com\/wp-content\/uploads\/2026\/SK0012137-CZ20260425-093041-0-1777080643-637edcc85ff4eeab9cb1e564a05a2294.webp","type":"image\/webp"}],"twitter_card":"summary_large_image","twitter_misc":{"Odhadovan\u00e1 doba \u010dten\u00ed":"1 minuta"},"schema":{"@context":"https:\/\/schema.org","@graph":[{"@type":"WebPage","@id":"https:\/\/www.technodompro.com\/index.php\/produkt\/cenova-bomba-sapho-minor-betonove-umyvatko-na-desku-o-26cm-antracit-mr26016-16119\/","url":"https:\/\/www.technodompro.com\/index.php\/produkt\/cenova-bomba-sapho-minor-betonove-umyvatko-na-desku-o-26cm-antracit-mr26016-16119\/","name":"Cenov\u00e1 Bomba Sapho MINOR betonov\u00e9 um\u00fdv\u00e1tko na desku, \u00d8 26cm, antracit MR26016 -","isPartOf":{"@id":"https:\/\/www.technodompro.com\/#website"},"primaryImageOfPage":{"@id":"https:\/\/www.technodompro.com\/index.php\/produkt\/cenova-bomba-sapho-minor-betonove-umyvatko-na-desku-o-26cm-antracit-mr26016-16119\/#primaryimage"},"image":{"@id":"https:\/\/www.technodompro.com\/index.php\/produkt\/cenova-bomba-sapho-minor-betonove-umyvatko-na-desku-o-26cm-antracit-mr26016-16119\/#primaryimage"},"thumbnailUrl":"https:\/\/www.technodompro.com\/wp-content\/uploads\/2026\/SK0012137-CZ20260425-093041-0-1777080643-637edcc85ff4eeab9cb1e564a05a2294.webp","datePublished":"2026-04-27T04:41:09+00:00","breadcrumb":{"@id":"https:\/\/www.technodompro.com\/index.php\/produkt\/cenova-bomba-sapho-minor-betonove-umyvatko-na-desku-o-26cm-antracit-mr26016-16119\/#breadcrumb"},"inLanguage":"cs","potentialAction":[{"@type":"ReadAction","target":["https:\/\/www.technodompro.com\/index.php\/produkt\/cenova-bomba-sapho-minor-betonove-umyvatko-na-desku-o-26cm-antracit-mr26016-16119\/"]}]},{"@type":"ImageObject","inLanguage":"cs","@id":"https:\/\/www.technodompro.com\/index.php\/produkt\/cenova-bomba-sapho-minor-betonove-umyvatko-na-desku-o-26cm-antracit-mr26016-16119\/#primaryimage","url":"https:\/\/www.technodompro.com\/wp-content\/uploads\/2026\/SK0012137-CZ20260425-093041-0-1777080643-637edcc85ff4eeab9cb1e564a05a2294.webp","contentUrl":"https:\/\/www.technodompro.com\/wp-content\/uploads\/2026\/SK0012137-CZ20260425-093041-0-1777080643-637edcc85ff4eeab9cb1e564a05a2294.webp","width":942,"height":704},{"@type":"BreadcrumbList","@id":"https:\/\/www.technodompro.com\/index.php\/produkt\/cenova-bomba-sapho-minor-betonove-umyvatko-na-desku-o-26cm-antracit-mr26016-16119\/#breadcrumb","itemListElement":[{"@type":"ListItem","position":1,"name":"Home","item":"https:\/\/www.technodompro.com\/"},{"@type":"ListItem","position":2,"name":"Products","item":"https:\/\/www.technodompro.com\/index.php\/products\/"},{"@type":"ListItem","position":3,"name":"Cenov\u00e1 Bomba Sapho MINOR betonov\u00e9 um\u00fdv\u00e1tko na desku, \u00d8 26cm, antracit MR26016"}]},{"@type":"WebSite","@id":"https:\/\/www.technodompro.com\/#website","url":"https:\/\/www.technodompro.com\/","name":"","description":"","potentialAction":[{"@type":"SearchAction","target":{"@type":"EntryPoint","urlTemplate":"https:\/\/www.technodompro.com\/?s={search_term_string}"},"query-input":{"@type":"PropertyValueSpecification","valueRequired":true,"valueName":"search_term_string"}}],"inLanguage":"cs"}]}},"_links":{"self":[{"href":"https:\/\/www.technodompro.com\/index.php\/wp-json\/wp\/v2\/product\/16119","targetHints":{"allow":["GET"]}}],"collection":[{"href":"https:\/\/www.technodompro.com\/index.php\/wp-json\/wp\/v2\/product"}],"about":[{"href":"https:\/\/www.technodompro.com\/index.php\/wp-json\/wp\/v2\/types\/product"}],"replies":[{"embeddable":true,"href":"https:\/\/www.technodompro.com\/index.php\/wp-json\/wp\/v2\/comments?post=16119"}],"wp:featuredmedia":[{"embeddable":true,"href":"https:\/\/www.technodompro.com\/index.php\/wp-json\/wp\/v2\/media\/16219"}],"wp:attachment":[{"href":"https:\/\/www.technodompro.com\/index.php\/wp-json\/wp\/v2\/media?parent=16119"}],"wp:term":[{"taxonomy":"product_brand","embeddable":true,"href":"https:\/\/www.technodompro.com\/index.php\/wp-json\/wp\/v2\/product_brand?post=16119"},{"taxonomy":"product_cat","embeddable":true,"href":"https:\/\/www.technodompro.com\/index.php\/wp-json\/wp\/v2\/product_cat?post=16119"},{"taxonomy":"product_tag","embeddable":true,"href":"https:\/\/www.technodompro.com\/index.php\/wp-json\/wp\/v2\/product_tag?post=16119"}],"curies":[{"name":"wp","href":"https:\/\/api.w.org\/{rel}","templated":true}]}}