{"id":16121,"date":"2026-04-27T04:41:09","date_gmt":"2026-04-27T04:41:09","guid":{"rendered":""},"modified":"2026-04-27T04:41:09","modified_gmt":"2026-04-27T04:41:09","slug":"akcni-cena-sapho-pax-podomitkova-sprchova-baterie-2-vystupy-cerna-mat-xa42-15-16121","status":"publish","type":"product","link":"https:\/\/www.technodompro.com\/index.php\/produkt\/akcni-cena-sapho-pax-podomitkova-sprchova-baterie-2-vystupy-cerna-mat-xa42-15-16121\/","title":{"rendered":"Ak\u010dn\u00ed Cena Sapho PAX podom\u00edtkov\u00e1 sprchov\u00e1 baterie, 2 v\u00fdstupy, \u010dern\u00e1 mat XA42\/15"},"content":{"rendered":"<div class=\"tabs__content-outer\" id=\"tab_description\" data-hash=\"description\" data-tabindex=\"-1\">\n<div class=\"tabs__content toggle_description\" id=\"content_description\">\n<div class=\"wysiwyg-content\">\n<div class=\"product__tab product__description full-width\">\n<div class=\"container\">\n<div >\n<h3>Sapho PAX podom\u00edtkov\u00e1 sprchov\u00e1 baterie, 2 v\u00fdstupy, \u010dern\u00e1 mat XA42\/15<\/h3>\n<p style=\"text-align: justify;\">S\u00e9rie vodovodn\u00edch bateri\u00ed PAX nab\u00edz\u00ed obl\u00edben\u00fd design, d\u00edky n\u011bmu\u017e se baterie dob\u0159e kombinuj\u00ed s&nbsp;ostatn\u00edm za\u0159\u00edzen\u00edm koupelny.&nbsp;<\/p>\n<p><\/p>\n<p><b>Vlastnosti<\/b><\/p>\n<ul>\n<li><span>Materi\u00e1l:<\/span> Mosaz<\/li>\n<li><span>Barva:<\/span> \u010cern\u00e1 mat<\/li>\n<li><span>Instalace:<\/span> Podom\u00edtkov\u00e1<\/li>\n<li><span>Tvar:<\/span> Kruhov\u00e9<\/li>\n<li><span>\u0160\u00ed\u0159ka:<\/span> 100 mm<\/li>\n<li><span>V\u00fd\u0161ka:<\/span> 200 mm<\/li>\n<li><span>Druh ovl\u00e1d\u00e1n\u00ed:<\/span> P\u00e1ka<\/li>\n<li><span>Druh p\u0159ep\u00edna\u010de na sprchu:<\/span> Tlakov\u00fd<\/li>\n<li><span>Ostatn\u00ed:<\/span> Dvoucestn\u00e9<\/li>\n<li><span>Pr\u016fm\u011br kartu\u0161e:<\/span> 35 mm<\/li>\n<\/ul>\n<\/div><\/div>\n<\/p><\/div>\n<\/p><\/div>\n<\/p><\/div>\n","protected":false},"excerpt":{"rendered":"<p>Sapho PAX podom\u00edtkov\u00e1 sprchov\u00e1 baterie, 2 v\u00fdstupy, \u010dern\u00e1 mat XA42\/15 S\u00e9rie vodovodn\u00edch bateri\u00ed PAX nab\u00edz\u00ed obl\u00edben\u00fd design, d\u00edky n\u011bmu\u017e se baterie dob\u0159e kombinuj\u00ed s&nbsp;ostatn\u00edm za\u0159\u00edzen\u00edm koupelny.&nbsp; Vlastnosti Materi\u00e1l: Mosaz Barva: \u010cern\u00e1 mat Instalace: Podom\u00edtkov\u00e1 Tvar: Kruhov\u00e9 \u0160\u00ed\u0159ka: 100 mm V\u00fd\u0161ka: 200 mm Druh ovl\u00e1d\u00e1n\u00ed: P\u00e1ka Druh p\u0159ep\u00edna\u010de na sprchu: Tlakov\u00fd Ostatn\u00ed: Dvoucestn\u00e9 Pr\u016fm\u011br kartu\u0161e: 35 [&hellip;]<\/p>\n","protected":false},"featured_media":16221,"comment_status":"open","ping_status":"open","template":"","meta":[],"product_brand":[],"product_cat":[77],"product_tag":[],"class_list":{"0":"post-16121","1":"product","2":"type-product","3":"status-publish","4":"has-post-thumbnail","6":"product_cat-koupelna","8":"first","9":"instock","10":"sale","11":"shipping-taxable","12":"purchasable","13":"product-type-simple"},"yoast_head":"<!-- This site is optimized with the Yoast SEO plugin v26.8 - https:\/\/yoast.com\/product\/yoast-seo-wordpress\/ -->\n<title>Ak\u010dn\u00ed Cena Sapho PAX podom\u00edtkov\u00e1 sprchov\u00e1 baterie, 2 v\u00fdstupy, \u010dern\u00e1 mat XA42\/15 -<\/title>\n<meta name=\"robots\" content=\"index, follow, max-snippet:-1, max-image-preview:large, max-video-preview:-1\" \/>\n<link rel=\"canonical\" href=\"https:\/\/www.technodompro.com\/index.php\/produkt\/akcni-cena-sapho-pax-podomitkova-sprchova-baterie-2-vystupy-cerna-mat-xa42-15-16121\/\" \/>\n<meta property=\"og:locale\" content=\"cs_CZ\" \/>\n<meta property=\"og:type\" content=\"article\" \/>\n<meta property=\"og:title\" content=\"Ak\u010dn\u00ed Cena Sapho PAX podom\u00edtkov\u00e1 sprchov\u00e1 baterie, 2 v\u00fdstupy, \u010dern\u00e1 mat XA42\/15 -\" \/>\n<meta property=\"og:description\" content=\"Sapho PAX podom\u00edtkov\u00e1 sprchov\u00e1 baterie, 2 v\u00fdstupy, \u010dern\u00e1 mat XA42\/15 S\u00e9rie vodovodn\u00edch bateri\u00ed PAX nab\u00edz\u00ed obl\u00edben\u00fd design, d\u00edky n\u011bmu\u017e se baterie dob\u0159e kombinuj\u00ed s&nbsp;ostatn\u00edm za\u0159\u00edzen\u00edm koupelny.&nbsp; Vlastnosti Materi\u00e1l: Mosaz Barva: \u010cern\u00e1 mat Instalace: Podom\u00edtkov\u00e1 Tvar: Kruhov\u00e9 \u0160\u00ed\u0159ka: 100 mm V\u00fd\u0161ka: 200 mm Druh ovl\u00e1d\u00e1n\u00ed: P\u00e1ka Druh p\u0159ep\u00edna\u010de na sprchu: Tlakov\u00fd Ostatn\u00ed: Dvoucestn\u00e9 Pr\u016fm\u011br kartu\u0161e: 35 [&hellip;]\" \/>\n<meta property=\"og:url\" content=\"https:\/\/www.technodompro.com\/index.php\/produkt\/akcni-cena-sapho-pax-podomitkova-sprchova-baterie-2-vystupy-cerna-mat-xa42-15-16121\/\" \/>\n<meta property=\"og:image\" content=\"https:\/\/www.technodompro.com\/wp-content\/uploads\/2026\/SK0012139-CZ20260425-093041-0-1777080643-baa41d7b012ae2bf052d01e1304aa633.webp\" \/>\n\t<meta property=\"og:image:width\" content=\"386\" \/>\n\t<meta property=\"og:image:height\" content=\"800\" \/>\n\t<meta property=\"og:image:type\" content=\"image\/webp\" \/>\n<meta name=\"twitter:card\" content=\"summary_large_image\" \/>\n<script type=\"application\/ld+json\" class=\"yoast-schema-graph\">{\"@context\":\"https:\/\/schema.org\",\"@graph\":[{\"@type\":\"WebPage\",\"@id\":\"https:\/\/www.technodompro.com\/index.php\/produkt\/akcni-cena-sapho-pax-podomitkova-sprchova-baterie-2-vystupy-cerna-mat-xa42-15-16121\/\",\"url\":\"https:\/\/www.technodompro.com\/index.php\/produkt\/akcni-cena-sapho-pax-podomitkova-sprchova-baterie-2-vystupy-cerna-mat-xa42-15-16121\/\",\"name\":\"Ak\u010dn\u00ed Cena Sapho PAX podom\u00edtkov\u00e1 sprchov\u00e1 baterie, 2 v\u00fdstupy, \u010dern\u00e1 mat XA42\/15 -\",\"isPartOf\":{\"@id\":\"https:\/\/www.technodompro.com\/#website\"},\"primaryImageOfPage\":{\"@id\":\"https:\/\/www.technodompro.com\/index.php\/produkt\/akcni-cena-sapho-pax-podomitkova-sprchova-baterie-2-vystupy-cerna-mat-xa42-15-16121\/#primaryimage\"},\"image\":{\"@id\":\"https:\/\/www.technodompro.com\/index.php\/produkt\/akcni-cena-sapho-pax-podomitkova-sprchova-baterie-2-vystupy-cerna-mat-xa42-15-16121\/#primaryimage\"},\"thumbnailUrl\":\"https:\/\/www.technodompro.com\/wp-content\/uploads\/2026\/SK0012139-CZ20260425-093041-0-1777080643-baa41d7b012ae2bf052d01e1304aa633.webp\",\"datePublished\":\"2026-04-27T04:41:09+00:00\",\"breadcrumb\":{\"@id\":\"https:\/\/www.technodompro.com\/index.php\/produkt\/akcni-cena-sapho-pax-podomitkova-sprchova-baterie-2-vystupy-cerna-mat-xa42-15-16121\/#breadcrumb\"},\"inLanguage\":\"cs\",\"potentialAction\":[{\"@type\":\"ReadAction\",\"target\":[\"https:\/\/www.technodompro.com\/index.php\/produkt\/akcni-cena-sapho-pax-podomitkova-sprchova-baterie-2-vystupy-cerna-mat-xa42-15-16121\/\"]}]},{\"@type\":\"ImageObject\",\"inLanguage\":\"cs\",\"@id\":\"https:\/\/www.technodompro.com\/index.php\/produkt\/akcni-cena-sapho-pax-podomitkova-sprchova-baterie-2-vystupy-cerna-mat-xa42-15-16121\/#primaryimage\",\"url\":\"https:\/\/www.technodompro.com\/wp-content\/uploads\/2026\/SK0012139-CZ20260425-093041-0-1777080643-baa41d7b012ae2bf052d01e1304aa633.webp\",\"contentUrl\":\"https:\/\/www.technodompro.com\/wp-content\/uploads\/2026\/SK0012139-CZ20260425-093041-0-1777080643-baa41d7b012ae2bf052d01e1304aa633.webp\",\"width\":386,\"height\":800},{\"@type\":\"BreadcrumbList\",\"@id\":\"https:\/\/www.technodompro.com\/index.php\/produkt\/akcni-cena-sapho-pax-podomitkova-sprchova-baterie-2-vystupy-cerna-mat-xa42-15-16121\/#breadcrumb\",\"itemListElement\":[{\"@type\":\"ListItem\",\"position\":1,\"name\":\"Home\",\"item\":\"https:\/\/www.technodompro.com\/\"},{\"@type\":\"ListItem\",\"position\":2,\"name\":\"Products\",\"item\":\"https:\/\/www.technodompro.com\/index.php\/products\/\"},{\"@type\":\"ListItem\",\"position\":3,\"name\":\"Ak\u010dn\u00ed Cena Sapho PAX podom\u00edtkov\u00e1 sprchov\u00e1 baterie, 2 v\u00fdstupy, \u010dern\u00e1 mat XA42\/15\"}]},{\"@type\":\"WebSite\",\"@id\":\"https:\/\/www.technodompro.com\/#website\",\"url\":\"https:\/\/www.technodompro.com\/\",\"name\":\"\",\"description\":\"\",\"potentialAction\":[{\"@type\":\"SearchAction\",\"target\":{\"@type\":\"EntryPoint\",\"urlTemplate\":\"https:\/\/www.technodompro.com\/?s={search_term_string}\"},\"query-input\":{\"@type\":\"PropertyValueSpecification\",\"valueRequired\":true,\"valueName\":\"search_term_string\"}}],\"inLanguage\":\"cs\"}]}<\/script>\n<!-- \/ Yoast SEO plugin. -->","yoast_head_json":{"title":"Ak\u010dn\u00ed Cena Sapho PAX podom\u00edtkov\u00e1 sprchov\u00e1 baterie, 2 v\u00fdstupy, \u010dern\u00e1 mat XA42\/15 -","robots":{"index":"index","follow":"follow","max-snippet":"max-snippet:-1","max-image-preview":"max-image-preview:large","max-video-preview":"max-video-preview:-1"},"canonical":"https:\/\/www.technodompro.com\/index.php\/produkt\/akcni-cena-sapho-pax-podomitkova-sprchova-baterie-2-vystupy-cerna-mat-xa42-15-16121\/","og_locale":"cs_CZ","og_type":"article","og_title":"Ak\u010dn\u00ed Cena Sapho PAX podom\u00edtkov\u00e1 sprchov\u00e1 baterie, 2 v\u00fdstupy, \u010dern\u00e1 mat XA42\/15 -","og_description":"Sapho PAX podom\u00edtkov\u00e1 sprchov\u00e1 baterie, 2 v\u00fdstupy, \u010dern\u00e1 mat XA42\/15 S\u00e9rie vodovodn\u00edch bateri\u00ed PAX nab\u00edz\u00ed obl\u00edben\u00fd design, d\u00edky n\u011bmu\u017e se baterie dob\u0159e kombinuj\u00ed s&nbsp;ostatn\u00edm za\u0159\u00edzen\u00edm koupelny.&nbsp; Vlastnosti Materi\u00e1l: Mosaz Barva: \u010cern\u00e1 mat Instalace: Podom\u00edtkov\u00e1 Tvar: Kruhov\u00e9 \u0160\u00ed\u0159ka: 100 mm V\u00fd\u0161ka: 200 mm Druh ovl\u00e1d\u00e1n\u00ed: P\u00e1ka Druh p\u0159ep\u00edna\u010de na sprchu: Tlakov\u00fd Ostatn\u00ed: Dvoucestn\u00e9 Pr\u016fm\u011br kartu\u0161e: 35 [&hellip;]","og_url":"https:\/\/www.technodompro.com\/index.php\/produkt\/akcni-cena-sapho-pax-podomitkova-sprchova-baterie-2-vystupy-cerna-mat-xa42-15-16121\/","og_image":[{"width":386,"height":800,"url":"https:\/\/www.technodompro.com\/wp-content\/uploads\/2026\/SK0012139-CZ20260425-093041-0-1777080643-baa41d7b012ae2bf052d01e1304aa633.webp","type":"image\/webp"}],"twitter_card":"summary_large_image","schema":{"@context":"https:\/\/schema.org","@graph":[{"@type":"WebPage","@id":"https:\/\/www.technodompro.com\/index.php\/produkt\/akcni-cena-sapho-pax-podomitkova-sprchova-baterie-2-vystupy-cerna-mat-xa42-15-16121\/","url":"https:\/\/www.technodompro.com\/index.php\/produkt\/akcni-cena-sapho-pax-podomitkova-sprchova-baterie-2-vystupy-cerna-mat-xa42-15-16121\/","name":"Ak\u010dn\u00ed Cena Sapho PAX podom\u00edtkov\u00e1 sprchov\u00e1 baterie, 2 v\u00fdstupy, \u010dern\u00e1 mat XA42\/15 -","isPartOf":{"@id":"https:\/\/www.technodompro.com\/#website"},"primaryImageOfPage":{"@id":"https:\/\/www.technodompro.com\/index.php\/produkt\/akcni-cena-sapho-pax-podomitkova-sprchova-baterie-2-vystupy-cerna-mat-xa42-15-16121\/#primaryimage"},"image":{"@id":"https:\/\/www.technodompro.com\/index.php\/produkt\/akcni-cena-sapho-pax-podomitkova-sprchova-baterie-2-vystupy-cerna-mat-xa42-15-16121\/#primaryimage"},"thumbnailUrl":"https:\/\/www.technodompro.com\/wp-content\/uploads\/2026\/SK0012139-CZ20260425-093041-0-1777080643-baa41d7b012ae2bf052d01e1304aa633.webp","datePublished":"2026-04-27T04:41:09+00:00","breadcrumb":{"@id":"https:\/\/www.technodompro.com\/index.php\/produkt\/akcni-cena-sapho-pax-podomitkova-sprchova-baterie-2-vystupy-cerna-mat-xa42-15-16121\/#breadcrumb"},"inLanguage":"cs","potentialAction":[{"@type":"ReadAction","target":["https:\/\/www.technodompro.com\/index.php\/produkt\/akcni-cena-sapho-pax-podomitkova-sprchova-baterie-2-vystupy-cerna-mat-xa42-15-16121\/"]}]},{"@type":"ImageObject","inLanguage":"cs","@id":"https:\/\/www.technodompro.com\/index.php\/produkt\/akcni-cena-sapho-pax-podomitkova-sprchova-baterie-2-vystupy-cerna-mat-xa42-15-16121\/#primaryimage","url":"https:\/\/www.technodompro.com\/wp-content\/uploads\/2026\/SK0012139-CZ20260425-093041-0-1777080643-baa41d7b012ae2bf052d01e1304aa633.webp","contentUrl":"https:\/\/www.technodompro.com\/wp-content\/uploads\/2026\/SK0012139-CZ20260425-093041-0-1777080643-baa41d7b012ae2bf052d01e1304aa633.webp","width":386,"height":800},{"@type":"BreadcrumbList","@id":"https:\/\/www.technodompro.com\/index.php\/produkt\/akcni-cena-sapho-pax-podomitkova-sprchova-baterie-2-vystupy-cerna-mat-xa42-15-16121\/#breadcrumb","itemListElement":[{"@type":"ListItem","position":1,"name":"Home","item":"https:\/\/www.technodompro.com\/"},{"@type":"ListItem","position":2,"name":"Products","item":"https:\/\/www.technodompro.com\/index.php\/products\/"},{"@type":"ListItem","position":3,"name":"Ak\u010dn\u00ed Cena Sapho PAX podom\u00edtkov\u00e1 sprchov\u00e1 baterie, 2 v\u00fdstupy, \u010dern\u00e1 mat XA42\/15"}]},{"@type":"WebSite","@id":"https:\/\/www.technodompro.com\/#website","url":"https:\/\/www.technodompro.com\/","name":"","description":"","potentialAction":[{"@type":"SearchAction","target":{"@type":"EntryPoint","urlTemplate":"https:\/\/www.technodompro.com\/?s={search_term_string}"},"query-input":{"@type":"PropertyValueSpecification","valueRequired":true,"valueName":"search_term_string"}}],"inLanguage":"cs"}]}},"_links":{"self":[{"href":"https:\/\/www.technodompro.com\/index.php\/wp-json\/wp\/v2\/product\/16121","targetHints":{"allow":["GET"]}}],"collection":[{"href":"https:\/\/www.technodompro.com\/index.php\/wp-json\/wp\/v2\/product"}],"about":[{"href":"https:\/\/www.technodompro.com\/index.php\/wp-json\/wp\/v2\/types\/product"}],"replies":[{"embeddable":true,"href":"https:\/\/www.technodompro.com\/index.php\/wp-json\/wp\/v2\/comments?post=16121"}],"wp:featuredmedia":[{"embeddable":true,"href":"https:\/\/www.technodompro.com\/index.php\/wp-json\/wp\/v2\/media\/16221"}],"wp:attachment":[{"href":"https:\/\/www.technodompro.com\/index.php\/wp-json\/wp\/v2\/media?parent=16121"}],"wp:term":[{"taxonomy":"product_brand","embeddable":true,"href":"https:\/\/www.technodompro.com\/index.php\/wp-json\/wp\/v2\/product_brand?post=16121"},{"taxonomy":"product_cat","embeddable":true,"href":"https:\/\/www.technodompro.com\/index.php\/wp-json\/wp\/v2\/product_cat?post=16121"},{"taxonomy":"product_tag","embeddable":true,"href":"https:\/\/www.technodompro.com\/index.php\/wp-json\/wp\/v2\/product_tag?post=16121"}],"curies":[{"name":"wp","href":"https:\/\/api.w.org\/{rel}","templated":true}]}}