{"id":16129,"date":"2026-04-27T04:41:09","date_gmt":"2026-04-27T04:41:09","guid":{"rendered":""},"modified":"2026-04-27T04:41:09","modified_gmt":"2026-04-27T04:41:09","slug":"sezonni-sleva-gedy-il-giglio-dvojity-drzak-rucniku-otocny-350mm-chrom-a92313-16129","status":"publish","type":"product","link":"https:\/\/www.technodompro.com\/index.php\/produkt\/sezonni-sleva-gedy-il-giglio-dvojity-drzak-rucniku-otocny-350mm-chrom-a92313-16129\/","title":{"rendered":"Sez\u00f3nn\u00ed Sleva Gedy IL GIGLIO dvojit\u00fd dr\u017e\u00e1k ru\u010dn\u00edk\u016f oto\u010dn\u00fd 350mm, chrom A92313"},"content":{"rendered":"<div class=\"tabs__content-outer\" id=\"tab_description\" data-hash=\"description\" data-tabindex=\"-1\">\n<div class=\"tabs__content toggle_description\" id=\"content_description\">\n<div class=\"wysiwyg-content\">\n<div class=\"product__tab product__description full-width\">\n<div class=\"container\">\n<div >\n<h3>Gedy IL GIGLIO dvojit\u00fd dr\u017e\u00e1k ru\u010dn\u00edk\u016f oto\u010dn\u00fd 350mm, chrom A92313<\/h3>\n<p><\/p>\n<p><b>Vlastnosti<\/b><\/p>\n<ul>\n<li><span>Materi\u00e1l:<\/span> Mosaz<\/li>\n<li><span>Barva:<\/span> St\u0159\u00edbrn\u00e1<\/li>\n<li><span>Instalace:<\/span> Vrt\u00e1n\u00ed<\/li>\n<li><span>Tvar:<\/span> Hranat\u00e9<\/li>\n<li><span>Rozm\u011br:<\/span> 65x58x350 mm<\/li>\n<li><span>Druh:<\/span> Dr\u017e\u00e1k ru\u010dn\u00edk\u016f: oto\u010dn\u00fd<\/li>\n<li><span>\u0160\u00ed\u0159ka:<\/span> 65 mm<\/li>\n<li><span>V\u00fd\u0161ka:<\/span> 58 mm<\/li>\n<li><span>Hloubka:<\/span> 350 mm<\/li>\n<li><span>D\u00e9lka:<\/span> 350 mm<\/li>\n<\/ul>\n<\/div><\/div>\n<\/p><\/div>\n<\/p><\/div>\n<\/p><\/div>\n","protected":false},"excerpt":{"rendered":"<p>Gedy IL GIGLIO dvojit\u00fd dr\u017e\u00e1k ru\u010dn\u00edk\u016f oto\u010dn\u00fd 350mm, chrom A92313 Vlastnosti Materi\u00e1l: Mosaz Barva: St\u0159\u00edbrn\u00e1 Instalace: Vrt\u00e1n\u00ed Tvar: Hranat\u00e9 Rozm\u011br: 65x58x350 mm Druh: Dr\u017e\u00e1k ru\u010dn\u00edk\u016f: oto\u010dn\u00fd \u0160\u00ed\u0159ka: 65 mm V\u00fd\u0161ka: 58 mm Hloubka: 350 mm D\u00e9lka: 350 mm<\/p>\n","protected":false},"featured_media":16229,"comment_status":"open","ping_status":"open","template":"","meta":[],"product_brand":[],"product_cat":[77],"product_tag":[],"class_list":{"0":"post-16129","1":"product","2":"type-product","3":"status-publish","4":"has-post-thumbnail","6":"product_cat-koupelna","8":"first","9":"instock","10":"sale","11":"shipping-taxable","12":"purchasable","13":"product-type-simple"},"yoast_head":"<!-- This site is optimized with the Yoast SEO plugin v26.8 - https:\/\/yoast.com\/product\/yoast-seo-wordpress\/ -->\n<title>Sez\u00f3nn\u00ed Sleva Gedy IL GIGLIO dvojit\u00fd dr\u017e\u00e1k ru\u010dn\u00edk\u016f oto\u010dn\u00fd 350mm, chrom A92313 -<\/title>\n<meta name=\"robots\" content=\"index, follow, max-snippet:-1, max-image-preview:large, max-video-preview:-1\" \/>\n<link rel=\"canonical\" href=\"https:\/\/www.technodompro.com\/index.php\/produkt\/sezonni-sleva-gedy-il-giglio-dvojity-drzak-rucniku-otocny-350mm-chrom-a92313-16129\/\" \/>\n<meta property=\"og:locale\" content=\"cs_CZ\" \/>\n<meta property=\"og:type\" content=\"article\" \/>\n<meta property=\"og:title\" content=\"Sez\u00f3nn\u00ed Sleva Gedy IL GIGLIO dvojit\u00fd dr\u017e\u00e1k ru\u010dn\u00edk\u016f oto\u010dn\u00fd 350mm, chrom A92313 -\" \/>\n<meta property=\"og:description\" content=\"Gedy IL GIGLIO dvojit\u00fd dr\u017e\u00e1k ru\u010dn\u00edk\u016f oto\u010dn\u00fd 350mm, chrom A92313 Vlastnosti Materi\u00e1l: Mosaz Barva: St\u0159\u00edbrn\u00e1 Instalace: Vrt\u00e1n\u00ed Tvar: Hranat\u00e9 Rozm\u011br: 65x58x350 mm Druh: Dr\u017e\u00e1k ru\u010dn\u00edk\u016f: oto\u010dn\u00fd \u0160\u00ed\u0159ka: 65 mm V\u00fd\u0161ka: 58 mm Hloubka: 350 mm D\u00e9lka: 350 mm\" \/>\n<meta property=\"og:url\" content=\"https:\/\/www.technodompro.com\/index.php\/produkt\/sezonni-sleva-gedy-il-giglio-dvojity-drzak-rucniku-otocny-350mm-chrom-a92313-16129\/\" \/>\n<meta property=\"og:image\" content=\"https:\/\/www.technodompro.com\/wp-content\/uploads\/2026\/SK0012147-CZ20260425-093041-0-1777080643-cc5b35dbc9761298b94a521404572946.webp\" \/>\n\t<meta property=\"og:image:width\" content=\"1000\" \/>\n\t<meta property=\"og:image:height\" content=\"732\" \/>\n\t<meta property=\"og:image:type\" content=\"image\/webp\" \/>\n<meta name=\"twitter:card\" content=\"summary_large_image\" \/>\n<script type=\"application\/ld+json\" class=\"yoast-schema-graph\">{\"@context\":\"https:\/\/schema.org\",\"@graph\":[{\"@type\":\"WebPage\",\"@id\":\"https:\/\/www.technodompro.com\/index.php\/produkt\/sezonni-sleva-gedy-il-giglio-dvojity-drzak-rucniku-otocny-350mm-chrom-a92313-16129\/\",\"url\":\"https:\/\/www.technodompro.com\/index.php\/produkt\/sezonni-sleva-gedy-il-giglio-dvojity-drzak-rucniku-otocny-350mm-chrom-a92313-16129\/\",\"name\":\"Sez\u00f3nn\u00ed Sleva Gedy IL GIGLIO dvojit\u00fd dr\u017e\u00e1k ru\u010dn\u00edk\u016f oto\u010dn\u00fd 350mm, chrom A92313 -\",\"isPartOf\":{\"@id\":\"https:\/\/www.technodompro.com\/#website\"},\"primaryImageOfPage\":{\"@id\":\"https:\/\/www.technodompro.com\/index.php\/produkt\/sezonni-sleva-gedy-il-giglio-dvojity-drzak-rucniku-otocny-350mm-chrom-a92313-16129\/#primaryimage\"},\"image\":{\"@id\":\"https:\/\/www.technodompro.com\/index.php\/produkt\/sezonni-sleva-gedy-il-giglio-dvojity-drzak-rucniku-otocny-350mm-chrom-a92313-16129\/#primaryimage\"},\"thumbnailUrl\":\"https:\/\/www.technodompro.com\/wp-content\/uploads\/2026\/SK0012147-CZ20260425-093041-0-1777080643-cc5b35dbc9761298b94a521404572946.webp\",\"datePublished\":\"2026-04-27T04:41:09+00:00\",\"breadcrumb\":{\"@id\":\"https:\/\/www.technodompro.com\/index.php\/produkt\/sezonni-sleva-gedy-il-giglio-dvojity-drzak-rucniku-otocny-350mm-chrom-a92313-16129\/#breadcrumb\"},\"inLanguage\":\"cs\",\"potentialAction\":[{\"@type\":\"ReadAction\",\"target\":[\"https:\/\/www.technodompro.com\/index.php\/produkt\/sezonni-sleva-gedy-il-giglio-dvojity-drzak-rucniku-otocny-350mm-chrom-a92313-16129\/\"]}]},{\"@type\":\"ImageObject\",\"inLanguage\":\"cs\",\"@id\":\"https:\/\/www.technodompro.com\/index.php\/produkt\/sezonni-sleva-gedy-il-giglio-dvojity-drzak-rucniku-otocny-350mm-chrom-a92313-16129\/#primaryimage\",\"url\":\"https:\/\/www.technodompro.com\/wp-content\/uploads\/2026\/SK0012147-CZ20260425-093041-0-1777080643-cc5b35dbc9761298b94a521404572946.webp\",\"contentUrl\":\"https:\/\/www.technodompro.com\/wp-content\/uploads\/2026\/SK0012147-CZ20260425-093041-0-1777080643-cc5b35dbc9761298b94a521404572946.webp\",\"width\":1000,\"height\":732},{\"@type\":\"BreadcrumbList\",\"@id\":\"https:\/\/www.technodompro.com\/index.php\/produkt\/sezonni-sleva-gedy-il-giglio-dvojity-drzak-rucniku-otocny-350mm-chrom-a92313-16129\/#breadcrumb\",\"itemListElement\":[{\"@type\":\"ListItem\",\"position\":1,\"name\":\"Home\",\"item\":\"https:\/\/www.technodompro.com\/\"},{\"@type\":\"ListItem\",\"position\":2,\"name\":\"Products\",\"item\":\"https:\/\/www.technodompro.com\/index.php\/products\/\"},{\"@type\":\"ListItem\",\"position\":3,\"name\":\"Sez\u00f3nn\u00ed Sleva Gedy IL GIGLIO dvojit\u00fd dr\u017e\u00e1k ru\u010dn\u00edk\u016f oto\u010dn\u00fd 350mm, chrom A92313\"}]},{\"@type\":\"WebSite\",\"@id\":\"https:\/\/www.technodompro.com\/#website\",\"url\":\"https:\/\/www.technodompro.com\/\",\"name\":\"\",\"description\":\"\",\"potentialAction\":[{\"@type\":\"SearchAction\",\"target\":{\"@type\":\"EntryPoint\",\"urlTemplate\":\"https:\/\/www.technodompro.com\/?s={search_term_string}\"},\"query-input\":{\"@type\":\"PropertyValueSpecification\",\"valueRequired\":true,\"valueName\":\"search_term_string\"}}],\"inLanguage\":\"cs\"}]}<\/script>\n<!-- \/ Yoast SEO plugin. -->","yoast_head_json":{"title":"Sez\u00f3nn\u00ed Sleva Gedy IL GIGLIO dvojit\u00fd dr\u017e\u00e1k ru\u010dn\u00edk\u016f oto\u010dn\u00fd 350mm, chrom A92313 -","robots":{"index":"index","follow":"follow","max-snippet":"max-snippet:-1","max-image-preview":"max-image-preview:large","max-video-preview":"max-video-preview:-1"},"canonical":"https:\/\/www.technodompro.com\/index.php\/produkt\/sezonni-sleva-gedy-il-giglio-dvojity-drzak-rucniku-otocny-350mm-chrom-a92313-16129\/","og_locale":"cs_CZ","og_type":"article","og_title":"Sez\u00f3nn\u00ed Sleva Gedy IL GIGLIO dvojit\u00fd dr\u017e\u00e1k ru\u010dn\u00edk\u016f oto\u010dn\u00fd 350mm, chrom A92313 -","og_description":"Gedy IL GIGLIO dvojit\u00fd dr\u017e\u00e1k ru\u010dn\u00edk\u016f oto\u010dn\u00fd 350mm, chrom A92313 Vlastnosti Materi\u00e1l: Mosaz Barva: St\u0159\u00edbrn\u00e1 Instalace: Vrt\u00e1n\u00ed Tvar: Hranat\u00e9 Rozm\u011br: 65x58x350 mm Druh: Dr\u017e\u00e1k ru\u010dn\u00edk\u016f: oto\u010dn\u00fd \u0160\u00ed\u0159ka: 65 mm V\u00fd\u0161ka: 58 mm Hloubka: 350 mm D\u00e9lka: 350 mm","og_url":"https:\/\/www.technodompro.com\/index.php\/produkt\/sezonni-sleva-gedy-il-giglio-dvojity-drzak-rucniku-otocny-350mm-chrom-a92313-16129\/","og_image":[{"width":1000,"height":732,"url":"https:\/\/www.technodompro.com\/wp-content\/uploads\/2026\/SK0012147-CZ20260425-093041-0-1777080643-cc5b35dbc9761298b94a521404572946.webp","type":"image\/webp"}],"twitter_card":"summary_large_image","schema":{"@context":"https:\/\/schema.org","@graph":[{"@type":"WebPage","@id":"https:\/\/www.technodompro.com\/index.php\/produkt\/sezonni-sleva-gedy-il-giglio-dvojity-drzak-rucniku-otocny-350mm-chrom-a92313-16129\/","url":"https:\/\/www.technodompro.com\/index.php\/produkt\/sezonni-sleva-gedy-il-giglio-dvojity-drzak-rucniku-otocny-350mm-chrom-a92313-16129\/","name":"Sez\u00f3nn\u00ed Sleva Gedy IL GIGLIO dvojit\u00fd dr\u017e\u00e1k ru\u010dn\u00edk\u016f oto\u010dn\u00fd 350mm, chrom A92313 -","isPartOf":{"@id":"https:\/\/www.technodompro.com\/#website"},"primaryImageOfPage":{"@id":"https:\/\/www.technodompro.com\/index.php\/produkt\/sezonni-sleva-gedy-il-giglio-dvojity-drzak-rucniku-otocny-350mm-chrom-a92313-16129\/#primaryimage"},"image":{"@id":"https:\/\/www.technodompro.com\/index.php\/produkt\/sezonni-sleva-gedy-il-giglio-dvojity-drzak-rucniku-otocny-350mm-chrom-a92313-16129\/#primaryimage"},"thumbnailUrl":"https:\/\/www.technodompro.com\/wp-content\/uploads\/2026\/SK0012147-CZ20260425-093041-0-1777080643-cc5b35dbc9761298b94a521404572946.webp","datePublished":"2026-04-27T04:41:09+00:00","breadcrumb":{"@id":"https:\/\/www.technodompro.com\/index.php\/produkt\/sezonni-sleva-gedy-il-giglio-dvojity-drzak-rucniku-otocny-350mm-chrom-a92313-16129\/#breadcrumb"},"inLanguage":"cs","potentialAction":[{"@type":"ReadAction","target":["https:\/\/www.technodompro.com\/index.php\/produkt\/sezonni-sleva-gedy-il-giglio-dvojity-drzak-rucniku-otocny-350mm-chrom-a92313-16129\/"]}]},{"@type":"ImageObject","inLanguage":"cs","@id":"https:\/\/www.technodompro.com\/index.php\/produkt\/sezonni-sleva-gedy-il-giglio-dvojity-drzak-rucniku-otocny-350mm-chrom-a92313-16129\/#primaryimage","url":"https:\/\/www.technodompro.com\/wp-content\/uploads\/2026\/SK0012147-CZ20260425-093041-0-1777080643-cc5b35dbc9761298b94a521404572946.webp","contentUrl":"https:\/\/www.technodompro.com\/wp-content\/uploads\/2026\/SK0012147-CZ20260425-093041-0-1777080643-cc5b35dbc9761298b94a521404572946.webp","width":1000,"height":732},{"@type":"BreadcrumbList","@id":"https:\/\/www.technodompro.com\/index.php\/produkt\/sezonni-sleva-gedy-il-giglio-dvojity-drzak-rucniku-otocny-350mm-chrom-a92313-16129\/#breadcrumb","itemListElement":[{"@type":"ListItem","position":1,"name":"Home","item":"https:\/\/www.technodompro.com\/"},{"@type":"ListItem","position":2,"name":"Products","item":"https:\/\/www.technodompro.com\/index.php\/products\/"},{"@type":"ListItem","position":3,"name":"Sez\u00f3nn\u00ed Sleva Gedy IL GIGLIO dvojit\u00fd dr\u017e\u00e1k ru\u010dn\u00edk\u016f oto\u010dn\u00fd 350mm, chrom A92313"}]},{"@type":"WebSite","@id":"https:\/\/www.technodompro.com\/#website","url":"https:\/\/www.technodompro.com\/","name":"","description":"","potentialAction":[{"@type":"SearchAction","target":{"@type":"EntryPoint","urlTemplate":"https:\/\/www.technodompro.com\/?s={search_term_string}"},"query-input":{"@type":"PropertyValueSpecification","valueRequired":true,"valueName":"search_term_string"}}],"inLanguage":"cs"}]}},"_links":{"self":[{"href":"https:\/\/www.technodompro.com\/index.php\/wp-json\/wp\/v2\/product\/16129","targetHints":{"allow":["GET"]}}],"collection":[{"href":"https:\/\/www.technodompro.com\/index.php\/wp-json\/wp\/v2\/product"}],"about":[{"href":"https:\/\/www.technodompro.com\/index.php\/wp-json\/wp\/v2\/types\/product"}],"replies":[{"embeddable":true,"href":"https:\/\/www.technodompro.com\/index.php\/wp-json\/wp\/v2\/comments?post=16129"}],"wp:featuredmedia":[{"embeddable":true,"href":"https:\/\/www.technodompro.com\/index.php\/wp-json\/wp\/v2\/media\/16229"}],"wp:attachment":[{"href":"https:\/\/www.technodompro.com\/index.php\/wp-json\/wp\/v2\/media?parent=16129"}],"wp:term":[{"taxonomy":"product_brand","embeddable":true,"href":"https:\/\/www.technodompro.com\/index.php\/wp-json\/wp\/v2\/product_brand?post=16129"},{"taxonomy":"product_cat","embeddable":true,"href":"https:\/\/www.technodompro.com\/index.php\/wp-json\/wp\/v2\/product_cat?post=16129"},{"taxonomy":"product_tag","embeddable":true,"href":"https:\/\/www.technodompro.com\/index.php\/wp-json\/wp\/v2\/product_tag?post=16129"}],"curies":[{"name":"wp","href":"https:\/\/api.w.org\/{rel}","templated":true}]}}