{"id":16132,"date":"2026-04-27T04:41:09","date_gmt":"2026-04-27T04:41:09","guid":{"rendered":""},"modified":"2026-04-27T04:41:09","modified_gmt":"2026-04-27T04:41:09","slug":"sleva-sapho-x-round-gold-drzak-rucniku-450x65mm-zlato-mat-xr402gb-16132","status":"publish","type":"product","link":"https:\/\/www.technodompro.com\/index.php\/produkt\/sleva-sapho-x-round-gold-drzak-rucniku-450x65mm-zlato-mat-xr402gb-16132\/","title":{"rendered":"Sleva Sapho X-ROUND GOLD dr\u017e\u00e1k ru\u010dn\u00edk\u016f 450x65mm, zlato mat XR402GB"},"content":{"rendered":"<div class=\"tabs__content-outer\" id=\"tab_description\" data-hash=\"description\" data-tabindex=\"-1\">\n<div class=\"tabs__content toggle_description\" id=\"content_description\">\n<div class=\"wysiwyg-content\">\n<div class=\"product__tab product__description full-width\">\n<div class=\"container\">\n<div >\n<h3>Sapho X-ROUND GOLD dr\u017e\u00e1k ru\u010dn\u00edk\u016f 450x65mm, zlato mat XR402GB<\/h3>\n<p style=\"text-align: justify;\">S\u00e9rie X-ROUND je jedna z&nbsp;nejprod\u00e1van\u011bj\u0161\u00edch s\u00e9ri\u00ed. Sv\u00fdm kulat\u00fdm tvarem \u00fachytu&nbsp;se jedn\u00e1 o zaj\u00edmav\u00fd dopln\u011bk, kter\u00fd se hod\u00ed do v\u011bt\u0161iny koupelnov\u00fdch interi\u00e9r\u016f. S\u00e9rie nab\u00edz\u00ed \u0161irokou nab\u00eddku dopl\u0148k\u016f v\u010detn\u011b poli\u010dek a kosmetick\u00fdch zrc\u00e1tek. Zastoupeny jsou dopl\u0148ky s povrchovou \u00fapravou v chromu, matn\u00e9 \u010dern\u00e9, matn\u00e9 b\u00edl\u00e9 a matn\u00e9 zlat\u00e9. Nechte se okouzlit \u010dist\u00fdmi liniemi a podtrhn\u011bte vzez\u0159en\u00ed sv\u00e9 koupelny dopl\u0148ky z t\u00e9to \u0159ady.<\/p>\n<div class=\"product-explanation-item\">\n<h3>PVD povrchov\u00e1 \u00faprava<\/h3>\n<p style=\"text-align: justify;\">Technologie nan\u00e1\u0161en\u00ed tenk\u00fdch vrstev napa\u0159ov\u00e1n\u00edm ve vakuov\u00e9 komo\u0159e. Nan\u00e1\u0161en\u00fd materi\u00e1l se spojuje s podkladem na molekul\u00e1rn\u00ed b\u00e1zi. D\u00edky tomu se povrch stane tvrd\u00fdm, odoln\u00fdm korozi, kyselin\u00e1m, ot\u011bru a vysok\u00fdm teplot\u00e1m. Tato technologie je nav\u00edc \u0161etrn\u00e1 k \u017eivotn\u00edmu prost\u0159ed\u00ed.<\/p>\n<\/p><\/div>\n<p><\/p>\n<p><b>Vlastnosti<\/b><\/p>\n<ul>\n<li><span>Materi\u00e1l:<\/span> Mosaz<\/li>\n<li><span>Barva:<\/span> Zlato mat<\/li>\n<li><span>Instalace:<\/span> Lepen\u00ed, Vrt\u00e1n\u00ed<\/li>\n<li><span>Tvar:<\/span> Kruhov\u00e9<\/li>\n<li><span>Rozm\u011br:<\/span> 505x55x65 mm<\/li>\n<li><span>Druh:<\/span> Dr\u017e\u00e1k ru\u010dn\u00edk\u016f: jednoramenn\u00fd<\/li>\n<li><span>\u0160\u00ed\u0159ka:<\/span> 505 mm<\/li>\n<li><span>V\u00fd\u0161ka:<\/span> 55 mm<\/li>\n<li><span>Hloubka:<\/span> 65 mm<\/li>\n<li><span>D\u00e9lka:<\/span> 505 mm<\/li>\n<li><span>V\u00fdbava:<\/span> PVD povrchov\u00e1 \u00faprava<\/li>\n<\/ul>\n<\/div><\/div>\n<\/p><\/div>\n<\/p><\/div>\n<\/p><\/div>\n","protected":false},"excerpt":{"rendered":"<p>Sapho X-ROUND GOLD dr\u017e\u00e1k ru\u010dn\u00edk\u016f 450x65mm, zlato mat XR402GB S\u00e9rie X-ROUND je jedna z&nbsp;nejprod\u00e1van\u011bj\u0161\u00edch s\u00e9ri\u00ed. Sv\u00fdm kulat\u00fdm tvarem \u00fachytu&nbsp;se jedn\u00e1 o zaj\u00edmav\u00fd dopln\u011bk, kter\u00fd se hod\u00ed do v\u011bt\u0161iny koupelnov\u00fdch interi\u00e9r\u016f. S\u00e9rie nab\u00edz\u00ed \u0161irokou nab\u00eddku dopl\u0148k\u016f v\u010detn\u011b poli\u010dek a kosmetick\u00fdch zrc\u00e1tek. Zastoupeny jsou dopl\u0148ky s povrchovou \u00fapravou v chromu, matn\u00e9 \u010dern\u00e9, matn\u00e9 b\u00edl\u00e9 a matn\u00e9 zlat\u00e9. [&hellip;]<\/p>\n","protected":false},"featured_media":16232,"comment_status":"open","ping_status":"open","template":"","meta":[],"product_brand":[],"product_cat":[77],"product_tag":[],"class_list":{"0":"post-16132","1":"product","2":"type-product","3":"status-publish","4":"has-post-thumbnail","6":"product_cat-koupelna","8":"first","9":"instock","10":"sale","11":"shipping-taxable","12":"purchasable","13":"product-type-simple"},"yoast_head":"<!-- This site is optimized with the Yoast SEO plugin v26.8 - https:\/\/yoast.com\/product\/yoast-seo-wordpress\/ -->\n<title>Sleva Sapho X-ROUND GOLD dr\u017e\u00e1k ru\u010dn\u00edk\u016f 450x65mm, zlato mat XR402GB -<\/title>\n<meta name=\"robots\" content=\"index, follow, max-snippet:-1, max-image-preview:large, max-video-preview:-1\" \/>\n<link rel=\"canonical\" href=\"https:\/\/www.technodompro.com\/index.php\/produkt\/sleva-sapho-x-round-gold-drzak-rucniku-450x65mm-zlato-mat-xr402gb-16132\/\" \/>\n<meta property=\"og:locale\" content=\"cs_CZ\" \/>\n<meta property=\"og:type\" content=\"article\" \/>\n<meta property=\"og:title\" content=\"Sleva Sapho X-ROUND GOLD dr\u017e\u00e1k ru\u010dn\u00edk\u016f 450x65mm, zlato mat XR402GB -\" \/>\n<meta property=\"og:description\" content=\"Sapho X-ROUND GOLD dr\u017e\u00e1k ru\u010dn\u00edk\u016f 450x65mm, zlato mat XR402GB S\u00e9rie X-ROUND je jedna z&nbsp;nejprod\u00e1van\u011bj\u0161\u00edch s\u00e9ri\u00ed. Sv\u00fdm kulat\u00fdm tvarem \u00fachytu&nbsp;se jedn\u00e1 o zaj\u00edmav\u00fd dopln\u011bk, kter\u00fd se hod\u00ed do v\u011bt\u0161iny koupelnov\u00fdch interi\u00e9r\u016f. S\u00e9rie nab\u00edz\u00ed \u0161irokou nab\u00eddku dopl\u0148k\u016f v\u010detn\u011b poli\u010dek a kosmetick\u00fdch zrc\u00e1tek. Zastoupeny jsou dopl\u0148ky s povrchovou \u00fapravou v chromu, matn\u00e9 \u010dern\u00e9, matn\u00e9 b\u00edl\u00e9 a matn\u00e9 zlat\u00e9. [&hellip;]\" \/>\n<meta property=\"og:url\" content=\"https:\/\/www.technodompro.com\/index.php\/produkt\/sleva-sapho-x-round-gold-drzak-rucniku-450x65mm-zlato-mat-xr402gb-16132\/\" \/>\n<meta property=\"og:image\" content=\"https:\/\/www.technodompro.com\/wp-content\/uploads\/2026\/SK0012150-CZ20260425-093041-0-1777080643-1618a7987a08308bed06db408043214d.webp\" \/>\n\t<meta property=\"og:image:width\" content=\"926\" \/>\n\t<meta property=\"og:image:height\" content=\"256\" \/>\n\t<meta property=\"og:image:type\" content=\"image\/webp\" \/>\n<meta name=\"twitter:card\" content=\"summary_large_image\" \/>\n<meta name=\"twitter:label1\" content=\"Odhadovan\u00e1 doba \u010dten\u00ed\" \/>\n\t<meta name=\"twitter:data1\" content=\"1 minuta\" \/>\n<script type=\"application\/ld+json\" class=\"yoast-schema-graph\">{\"@context\":\"https:\/\/schema.org\",\"@graph\":[{\"@type\":\"WebPage\",\"@id\":\"https:\/\/www.technodompro.com\/index.php\/produkt\/sleva-sapho-x-round-gold-drzak-rucniku-450x65mm-zlato-mat-xr402gb-16132\/\",\"url\":\"https:\/\/www.technodompro.com\/index.php\/produkt\/sleva-sapho-x-round-gold-drzak-rucniku-450x65mm-zlato-mat-xr402gb-16132\/\",\"name\":\"Sleva Sapho X-ROUND GOLD dr\u017e\u00e1k ru\u010dn\u00edk\u016f 450x65mm, zlato mat XR402GB -\",\"isPartOf\":{\"@id\":\"https:\/\/www.technodompro.com\/#website\"},\"primaryImageOfPage\":{\"@id\":\"https:\/\/www.technodompro.com\/index.php\/produkt\/sleva-sapho-x-round-gold-drzak-rucniku-450x65mm-zlato-mat-xr402gb-16132\/#primaryimage\"},\"image\":{\"@id\":\"https:\/\/www.technodompro.com\/index.php\/produkt\/sleva-sapho-x-round-gold-drzak-rucniku-450x65mm-zlato-mat-xr402gb-16132\/#primaryimage\"},\"thumbnailUrl\":\"https:\/\/www.technodompro.com\/wp-content\/uploads\/2026\/SK0012150-CZ20260425-093041-0-1777080643-1618a7987a08308bed06db408043214d.webp\",\"datePublished\":\"2026-04-27T04:41:09+00:00\",\"breadcrumb\":{\"@id\":\"https:\/\/www.technodompro.com\/index.php\/produkt\/sleva-sapho-x-round-gold-drzak-rucniku-450x65mm-zlato-mat-xr402gb-16132\/#breadcrumb\"},\"inLanguage\":\"cs\",\"potentialAction\":[{\"@type\":\"ReadAction\",\"target\":[\"https:\/\/www.technodompro.com\/index.php\/produkt\/sleva-sapho-x-round-gold-drzak-rucniku-450x65mm-zlato-mat-xr402gb-16132\/\"]}]},{\"@type\":\"ImageObject\",\"inLanguage\":\"cs\",\"@id\":\"https:\/\/www.technodompro.com\/index.php\/produkt\/sleva-sapho-x-round-gold-drzak-rucniku-450x65mm-zlato-mat-xr402gb-16132\/#primaryimage\",\"url\":\"https:\/\/www.technodompro.com\/wp-content\/uploads\/2026\/SK0012150-CZ20260425-093041-0-1777080643-1618a7987a08308bed06db408043214d.webp\",\"contentUrl\":\"https:\/\/www.technodompro.com\/wp-content\/uploads\/2026\/SK0012150-CZ20260425-093041-0-1777080643-1618a7987a08308bed06db408043214d.webp\",\"width\":926,\"height\":256},{\"@type\":\"BreadcrumbList\",\"@id\":\"https:\/\/www.technodompro.com\/index.php\/produkt\/sleva-sapho-x-round-gold-drzak-rucniku-450x65mm-zlato-mat-xr402gb-16132\/#breadcrumb\",\"itemListElement\":[{\"@type\":\"ListItem\",\"position\":1,\"name\":\"Home\",\"item\":\"https:\/\/www.technodompro.com\/\"},{\"@type\":\"ListItem\",\"position\":2,\"name\":\"Products\",\"item\":\"https:\/\/www.technodompro.com\/index.php\/products\/\"},{\"@type\":\"ListItem\",\"position\":3,\"name\":\"Sleva Sapho X-ROUND GOLD dr\u017e\u00e1k ru\u010dn\u00edk\u016f 450x65mm, zlato mat XR402GB\"}]},{\"@type\":\"WebSite\",\"@id\":\"https:\/\/www.technodompro.com\/#website\",\"url\":\"https:\/\/www.technodompro.com\/\",\"name\":\"\",\"description\":\"\",\"potentialAction\":[{\"@type\":\"SearchAction\",\"target\":{\"@type\":\"EntryPoint\",\"urlTemplate\":\"https:\/\/www.technodompro.com\/?s={search_term_string}\"},\"query-input\":{\"@type\":\"PropertyValueSpecification\",\"valueRequired\":true,\"valueName\":\"search_term_string\"}}],\"inLanguage\":\"cs\"}]}<\/script>\n<!-- \/ Yoast SEO plugin. -->","yoast_head_json":{"title":"Sleva Sapho X-ROUND GOLD dr\u017e\u00e1k ru\u010dn\u00edk\u016f 450x65mm, zlato mat XR402GB -","robots":{"index":"index","follow":"follow","max-snippet":"max-snippet:-1","max-image-preview":"max-image-preview:large","max-video-preview":"max-video-preview:-1"},"canonical":"https:\/\/www.technodompro.com\/index.php\/produkt\/sleva-sapho-x-round-gold-drzak-rucniku-450x65mm-zlato-mat-xr402gb-16132\/","og_locale":"cs_CZ","og_type":"article","og_title":"Sleva Sapho X-ROUND GOLD dr\u017e\u00e1k ru\u010dn\u00edk\u016f 450x65mm, zlato mat XR402GB -","og_description":"Sapho X-ROUND GOLD dr\u017e\u00e1k ru\u010dn\u00edk\u016f 450x65mm, zlato mat XR402GB S\u00e9rie X-ROUND je jedna z&nbsp;nejprod\u00e1van\u011bj\u0161\u00edch s\u00e9ri\u00ed. Sv\u00fdm kulat\u00fdm tvarem \u00fachytu&nbsp;se jedn\u00e1 o zaj\u00edmav\u00fd dopln\u011bk, kter\u00fd se hod\u00ed do v\u011bt\u0161iny koupelnov\u00fdch interi\u00e9r\u016f. S\u00e9rie nab\u00edz\u00ed \u0161irokou nab\u00eddku dopl\u0148k\u016f v\u010detn\u011b poli\u010dek a kosmetick\u00fdch zrc\u00e1tek. Zastoupeny jsou dopl\u0148ky s povrchovou \u00fapravou v chromu, matn\u00e9 \u010dern\u00e9, matn\u00e9 b\u00edl\u00e9 a matn\u00e9 zlat\u00e9. [&hellip;]","og_url":"https:\/\/www.technodompro.com\/index.php\/produkt\/sleva-sapho-x-round-gold-drzak-rucniku-450x65mm-zlato-mat-xr402gb-16132\/","og_image":[{"width":926,"height":256,"url":"https:\/\/www.technodompro.com\/wp-content\/uploads\/2026\/SK0012150-CZ20260425-093041-0-1777080643-1618a7987a08308bed06db408043214d.webp","type":"image\/webp"}],"twitter_card":"summary_large_image","twitter_misc":{"Odhadovan\u00e1 doba \u010dten\u00ed":"1 minuta"},"schema":{"@context":"https:\/\/schema.org","@graph":[{"@type":"WebPage","@id":"https:\/\/www.technodompro.com\/index.php\/produkt\/sleva-sapho-x-round-gold-drzak-rucniku-450x65mm-zlato-mat-xr402gb-16132\/","url":"https:\/\/www.technodompro.com\/index.php\/produkt\/sleva-sapho-x-round-gold-drzak-rucniku-450x65mm-zlato-mat-xr402gb-16132\/","name":"Sleva Sapho X-ROUND GOLD dr\u017e\u00e1k ru\u010dn\u00edk\u016f 450x65mm, zlato mat XR402GB -","isPartOf":{"@id":"https:\/\/www.technodompro.com\/#website"},"primaryImageOfPage":{"@id":"https:\/\/www.technodompro.com\/index.php\/produkt\/sleva-sapho-x-round-gold-drzak-rucniku-450x65mm-zlato-mat-xr402gb-16132\/#primaryimage"},"image":{"@id":"https:\/\/www.technodompro.com\/index.php\/produkt\/sleva-sapho-x-round-gold-drzak-rucniku-450x65mm-zlato-mat-xr402gb-16132\/#primaryimage"},"thumbnailUrl":"https:\/\/www.technodompro.com\/wp-content\/uploads\/2026\/SK0012150-CZ20260425-093041-0-1777080643-1618a7987a08308bed06db408043214d.webp","datePublished":"2026-04-27T04:41:09+00:00","breadcrumb":{"@id":"https:\/\/www.technodompro.com\/index.php\/produkt\/sleva-sapho-x-round-gold-drzak-rucniku-450x65mm-zlato-mat-xr402gb-16132\/#breadcrumb"},"inLanguage":"cs","potentialAction":[{"@type":"ReadAction","target":["https:\/\/www.technodompro.com\/index.php\/produkt\/sleva-sapho-x-round-gold-drzak-rucniku-450x65mm-zlato-mat-xr402gb-16132\/"]}]},{"@type":"ImageObject","inLanguage":"cs","@id":"https:\/\/www.technodompro.com\/index.php\/produkt\/sleva-sapho-x-round-gold-drzak-rucniku-450x65mm-zlato-mat-xr402gb-16132\/#primaryimage","url":"https:\/\/www.technodompro.com\/wp-content\/uploads\/2026\/SK0012150-CZ20260425-093041-0-1777080643-1618a7987a08308bed06db408043214d.webp","contentUrl":"https:\/\/www.technodompro.com\/wp-content\/uploads\/2026\/SK0012150-CZ20260425-093041-0-1777080643-1618a7987a08308bed06db408043214d.webp","width":926,"height":256},{"@type":"BreadcrumbList","@id":"https:\/\/www.technodompro.com\/index.php\/produkt\/sleva-sapho-x-round-gold-drzak-rucniku-450x65mm-zlato-mat-xr402gb-16132\/#breadcrumb","itemListElement":[{"@type":"ListItem","position":1,"name":"Home","item":"https:\/\/www.technodompro.com\/"},{"@type":"ListItem","position":2,"name":"Products","item":"https:\/\/www.technodompro.com\/index.php\/products\/"},{"@type":"ListItem","position":3,"name":"Sleva Sapho X-ROUND GOLD dr\u017e\u00e1k ru\u010dn\u00edk\u016f 450x65mm, zlato mat XR402GB"}]},{"@type":"WebSite","@id":"https:\/\/www.technodompro.com\/#website","url":"https:\/\/www.technodompro.com\/","name":"","description":"","potentialAction":[{"@type":"SearchAction","target":{"@type":"EntryPoint","urlTemplate":"https:\/\/www.technodompro.com\/?s={search_term_string}"},"query-input":{"@type":"PropertyValueSpecification","valueRequired":true,"valueName":"search_term_string"}}],"inLanguage":"cs"}]}},"_links":{"self":[{"href":"https:\/\/www.technodompro.com\/index.php\/wp-json\/wp\/v2\/product\/16132","targetHints":{"allow":["GET"]}}],"collection":[{"href":"https:\/\/www.technodompro.com\/index.php\/wp-json\/wp\/v2\/product"}],"about":[{"href":"https:\/\/www.technodompro.com\/index.php\/wp-json\/wp\/v2\/types\/product"}],"replies":[{"embeddable":true,"href":"https:\/\/www.technodompro.com\/index.php\/wp-json\/wp\/v2\/comments?post=16132"}],"wp:featuredmedia":[{"embeddable":true,"href":"https:\/\/www.technodompro.com\/index.php\/wp-json\/wp\/v2\/media\/16232"}],"wp:attachment":[{"href":"https:\/\/www.technodompro.com\/index.php\/wp-json\/wp\/v2\/media?parent=16132"}],"wp:term":[{"taxonomy":"product_brand","embeddable":true,"href":"https:\/\/www.technodompro.com\/index.php\/wp-json\/wp\/v2\/product_brand?post=16132"},{"taxonomy":"product_cat","embeddable":true,"href":"https:\/\/www.technodompro.com\/index.php\/wp-json\/wp\/v2\/product_cat?post=16132"},{"taxonomy":"product_tag","embeddable":true,"href":"https:\/\/www.technodompro.com\/index.php\/wp-json\/wp\/v2\/product_tag?post=16132"}],"curies":[{"name":"wp","href":"https:\/\/api.w.org\/{rel}","templated":true}]}}