{"id":16133,"date":"2026-04-27T04:41:09","date_gmt":"2026-04-27T04:41:09","guid":{"rendered":""},"modified":"2026-04-27T04:41:09","modified_gmt":"2026-04-27T04:41:09","slug":"sapho-handicap-operne-madlo-leve-800x850mm-nerez-lesk-xh526-super-cena-16133","status":"publish","type":"product","link":"https:\/\/www.technodompro.com\/index.php\/produkt\/sapho-handicap-operne-madlo-leve-800x850mm-nerez-lesk-xh526-super-cena-16133\/","title":{"rendered":"Sapho HANDICAP op\u011brn\u00e9 madlo LEV\u00c9 800x850mm, nerez lesk XH526 Super Cena"},"content":{"rendered":"<div class=\"tabs__content-outer\" id=\"tab_description\" data-hash=\"description\" data-tabindex=\"-1\">\n<div class=\"tabs__content toggle_description\" id=\"content_description\">\n<div class=\"wysiwyg-content\">\n<div class=\"product__tab product__description full-width\">\n<div class=\"container\">\n<div >\n<h3>Sapho HANDICAP op\u011brn\u00e9 madlo LEV\u00c9 800x850mm, nerez lesk XH526<\/h3>\n<div>\n<p>Certifikovan\u00e9 st\u00e1tn\u00ed zku\u0161ebnou a odpov\u00eddaj\u00edc\u00ed legislativ\u011b \u010cR o instalaci produkt\u016f do bezbari\u00e9rov\u00fdch prostor.<\/p>\n<p>K uchycen\u00ed jsou dod\u00e1v\u00e1ny nerez \u0161rouby podle DIN 95, 6\u00d760 mm s hmo\u017edinkami z plastu pro mont\u00e1\u017e do pln\u00fdch cihel a betonu.<br \/>Pro jin\u00fd druh zdiva je nutno zvolit upev\u0148ovac\u00ed prvky odpov\u00eddaj\u00edc\u00ed nam\u00e1h\u00e1n\u00ed.<\/p>\n<\/div>\n<p><\/p>\n<p><b>Vlastnosti<\/b><\/p>\n<ul>\n<li><span>Materi\u00e1l:<\/span> Nerez<\/li>\n<li><span>Barva:<\/span> Nerez le\u0161t\u011bn\u00fd<\/li>\n<li><span>Instalace:<\/span> Vrt\u00e1n\u00ed<\/li>\n<li><span>Tvar:<\/span> Kruhov\u00e9<\/li>\n<li><span>Rozm\u011br:<\/span> 230x890x840 mm<\/li>\n<li><span>Druh:<\/span> Madlo<\/li>\n<li><span>\u0160\u00ed\u0159ka:<\/span> 230 mm<\/li>\n<li><span>V\u00fd\u0161ka:<\/span> 890 mm<\/li>\n<li><span>Hloubka:<\/span> 840 mm<\/li>\n<li><span>Nosnost:<\/span> 120 kg<\/li>\n<\/ul>\n<\/div><\/div>\n<\/p><\/div>\n<\/p><\/div>\n<\/p><\/div>\n","protected":false},"excerpt":{"rendered":"<p>Sapho HANDICAP op\u011brn\u00e9 madlo LEV\u00c9 800x850mm, nerez lesk XH526 Certifikovan\u00e9 st\u00e1tn\u00ed zku\u0161ebnou a odpov\u00eddaj\u00edc\u00ed legislativ\u011b \u010cR o instalaci produkt\u016f do bezbari\u00e9rov\u00fdch prostor. K uchycen\u00ed jsou dod\u00e1v\u00e1ny nerez \u0161rouby podle DIN 95, 6\u00d760 mm s hmo\u017edinkami z plastu pro mont\u00e1\u017e do pln\u00fdch cihel a betonu.Pro jin\u00fd druh zdiva je nutno zvolit upev\u0148ovac\u00ed prvky odpov\u00eddaj\u00edc\u00ed nam\u00e1h\u00e1n\u00ed. Vlastnosti [&hellip;]<\/p>\n","protected":false},"featured_media":16233,"comment_status":"open","ping_status":"open","template":"","meta":[],"product_brand":[],"product_cat":[77],"product_tag":[],"class_list":{"0":"post-16133","1":"product","2":"type-product","3":"status-publish","4":"has-post-thumbnail","6":"product_cat-koupelna","8":"first","9":"instock","10":"sale","11":"shipping-taxable","12":"purchasable","13":"product-type-simple"},"yoast_head":"<!-- This site is optimized with the Yoast SEO plugin v26.8 - https:\/\/yoast.com\/product\/yoast-seo-wordpress\/ -->\n<title>Sapho HANDICAP op\u011brn\u00e9 madlo LEV\u00c9 800x850mm, nerez lesk XH526 Super Cena -<\/title>\n<meta name=\"robots\" content=\"index, follow, max-snippet:-1, max-image-preview:large, max-video-preview:-1\" \/>\n<link rel=\"canonical\" href=\"https:\/\/www.technodompro.com\/index.php\/produkt\/sapho-handicap-operne-madlo-leve-800x850mm-nerez-lesk-xh526-super-cena-16133\/\" \/>\n<meta property=\"og:locale\" content=\"cs_CZ\" \/>\n<meta property=\"og:type\" content=\"article\" \/>\n<meta property=\"og:title\" content=\"Sapho HANDICAP op\u011brn\u00e9 madlo LEV\u00c9 800x850mm, nerez lesk XH526 Super Cena -\" \/>\n<meta property=\"og:description\" content=\"Sapho HANDICAP op\u011brn\u00e9 madlo LEV\u00c9 800x850mm, nerez lesk XH526 Certifikovan\u00e9 st\u00e1tn\u00ed zku\u0161ebnou a odpov\u00eddaj\u00edc\u00ed legislativ\u011b \u010cR o instalaci produkt\u016f do bezbari\u00e9rov\u00fdch prostor. K uchycen\u00ed jsou dod\u00e1v\u00e1ny nerez \u0161rouby podle DIN 95, 6\u00d760 mm s hmo\u017edinkami z plastu pro mont\u00e1\u017e do pln\u00fdch cihel a betonu.Pro jin\u00fd druh zdiva je nutno zvolit upev\u0148ovac\u00ed prvky odpov\u00eddaj\u00edc\u00ed nam\u00e1h\u00e1n\u00ed. Vlastnosti [&hellip;]\" \/>\n<meta property=\"og:url\" content=\"https:\/\/www.technodompro.com\/index.php\/produkt\/sapho-handicap-operne-madlo-leve-800x850mm-nerez-lesk-xh526-super-cena-16133\/\" \/>\n<meta property=\"og:image\" content=\"https:\/\/www.technodompro.com\/wp-content\/uploads\/2026\/SK0012151-CZ20260425-093041-0-1777080643-219f2f627c9afdd0b257e6aa9714af02.webp\" \/>\n\t<meta property=\"og:image:width\" content=\"384\" \/>\n\t<meta property=\"og:image:height\" content=\"800\" \/>\n\t<meta property=\"og:image:type\" content=\"image\/webp\" \/>\n<meta name=\"twitter:card\" content=\"summary_large_image\" \/>\n<script type=\"application\/ld+json\" class=\"yoast-schema-graph\">{\"@context\":\"https:\/\/schema.org\",\"@graph\":[{\"@type\":\"WebPage\",\"@id\":\"https:\/\/www.technodompro.com\/index.php\/produkt\/sapho-handicap-operne-madlo-leve-800x850mm-nerez-lesk-xh526-super-cena-16133\/\",\"url\":\"https:\/\/www.technodompro.com\/index.php\/produkt\/sapho-handicap-operne-madlo-leve-800x850mm-nerez-lesk-xh526-super-cena-16133\/\",\"name\":\"Sapho HANDICAP op\u011brn\u00e9 madlo LEV\u00c9 800x850mm, nerez lesk XH526 Super Cena -\",\"isPartOf\":{\"@id\":\"https:\/\/www.technodompro.com\/#website\"},\"primaryImageOfPage\":{\"@id\":\"https:\/\/www.technodompro.com\/index.php\/produkt\/sapho-handicap-operne-madlo-leve-800x850mm-nerez-lesk-xh526-super-cena-16133\/#primaryimage\"},\"image\":{\"@id\":\"https:\/\/www.technodompro.com\/index.php\/produkt\/sapho-handicap-operne-madlo-leve-800x850mm-nerez-lesk-xh526-super-cena-16133\/#primaryimage\"},\"thumbnailUrl\":\"https:\/\/www.technodompro.com\/wp-content\/uploads\/2026\/SK0012151-CZ20260425-093041-0-1777080643-219f2f627c9afdd0b257e6aa9714af02.webp\",\"datePublished\":\"2026-04-27T04:41:09+00:00\",\"breadcrumb\":{\"@id\":\"https:\/\/www.technodompro.com\/index.php\/produkt\/sapho-handicap-operne-madlo-leve-800x850mm-nerez-lesk-xh526-super-cena-16133\/#breadcrumb\"},\"inLanguage\":\"cs\",\"potentialAction\":[{\"@type\":\"ReadAction\",\"target\":[\"https:\/\/www.technodompro.com\/index.php\/produkt\/sapho-handicap-operne-madlo-leve-800x850mm-nerez-lesk-xh526-super-cena-16133\/\"]}]},{\"@type\":\"ImageObject\",\"inLanguage\":\"cs\",\"@id\":\"https:\/\/www.technodompro.com\/index.php\/produkt\/sapho-handicap-operne-madlo-leve-800x850mm-nerez-lesk-xh526-super-cena-16133\/#primaryimage\",\"url\":\"https:\/\/www.technodompro.com\/wp-content\/uploads\/2026\/SK0012151-CZ20260425-093041-0-1777080643-219f2f627c9afdd0b257e6aa9714af02.webp\",\"contentUrl\":\"https:\/\/www.technodompro.com\/wp-content\/uploads\/2026\/SK0012151-CZ20260425-093041-0-1777080643-219f2f627c9afdd0b257e6aa9714af02.webp\",\"width\":384,\"height\":800},{\"@type\":\"BreadcrumbList\",\"@id\":\"https:\/\/www.technodompro.com\/index.php\/produkt\/sapho-handicap-operne-madlo-leve-800x850mm-nerez-lesk-xh526-super-cena-16133\/#breadcrumb\",\"itemListElement\":[{\"@type\":\"ListItem\",\"position\":1,\"name\":\"Home\",\"item\":\"https:\/\/www.technodompro.com\/\"},{\"@type\":\"ListItem\",\"position\":2,\"name\":\"Products\",\"item\":\"https:\/\/www.technodompro.com\/index.php\/products\/\"},{\"@type\":\"ListItem\",\"position\":3,\"name\":\"Sapho HANDICAP op\u011brn\u00e9 madlo LEV\u00c9 800x850mm, nerez lesk XH526 Super Cena\"}]},{\"@type\":\"WebSite\",\"@id\":\"https:\/\/www.technodompro.com\/#website\",\"url\":\"https:\/\/www.technodompro.com\/\",\"name\":\"\",\"description\":\"\",\"potentialAction\":[{\"@type\":\"SearchAction\",\"target\":{\"@type\":\"EntryPoint\",\"urlTemplate\":\"https:\/\/www.technodompro.com\/?s={search_term_string}\"},\"query-input\":{\"@type\":\"PropertyValueSpecification\",\"valueRequired\":true,\"valueName\":\"search_term_string\"}}],\"inLanguage\":\"cs\"}]}<\/script>\n<!-- \/ Yoast SEO plugin. -->","yoast_head_json":{"title":"Sapho HANDICAP op\u011brn\u00e9 madlo LEV\u00c9 800x850mm, nerez lesk XH526 Super Cena -","robots":{"index":"index","follow":"follow","max-snippet":"max-snippet:-1","max-image-preview":"max-image-preview:large","max-video-preview":"max-video-preview:-1"},"canonical":"https:\/\/www.technodompro.com\/index.php\/produkt\/sapho-handicap-operne-madlo-leve-800x850mm-nerez-lesk-xh526-super-cena-16133\/","og_locale":"cs_CZ","og_type":"article","og_title":"Sapho HANDICAP op\u011brn\u00e9 madlo LEV\u00c9 800x850mm, nerez lesk XH526 Super Cena -","og_description":"Sapho HANDICAP op\u011brn\u00e9 madlo LEV\u00c9 800x850mm, nerez lesk XH526 Certifikovan\u00e9 st\u00e1tn\u00ed zku\u0161ebnou a odpov\u00eddaj\u00edc\u00ed legislativ\u011b \u010cR o instalaci produkt\u016f do bezbari\u00e9rov\u00fdch prostor. K uchycen\u00ed jsou dod\u00e1v\u00e1ny nerez \u0161rouby podle DIN 95, 6\u00d760 mm s hmo\u017edinkami z plastu pro mont\u00e1\u017e do pln\u00fdch cihel a betonu.Pro jin\u00fd druh zdiva je nutno zvolit upev\u0148ovac\u00ed prvky odpov\u00eddaj\u00edc\u00ed nam\u00e1h\u00e1n\u00ed. Vlastnosti [&hellip;]","og_url":"https:\/\/www.technodompro.com\/index.php\/produkt\/sapho-handicap-operne-madlo-leve-800x850mm-nerez-lesk-xh526-super-cena-16133\/","og_image":[{"width":384,"height":800,"url":"https:\/\/www.technodompro.com\/wp-content\/uploads\/2026\/SK0012151-CZ20260425-093041-0-1777080643-219f2f627c9afdd0b257e6aa9714af02.webp","type":"image\/webp"}],"twitter_card":"summary_large_image","schema":{"@context":"https:\/\/schema.org","@graph":[{"@type":"WebPage","@id":"https:\/\/www.technodompro.com\/index.php\/produkt\/sapho-handicap-operne-madlo-leve-800x850mm-nerez-lesk-xh526-super-cena-16133\/","url":"https:\/\/www.technodompro.com\/index.php\/produkt\/sapho-handicap-operne-madlo-leve-800x850mm-nerez-lesk-xh526-super-cena-16133\/","name":"Sapho HANDICAP op\u011brn\u00e9 madlo LEV\u00c9 800x850mm, nerez lesk XH526 Super Cena -","isPartOf":{"@id":"https:\/\/www.technodompro.com\/#website"},"primaryImageOfPage":{"@id":"https:\/\/www.technodompro.com\/index.php\/produkt\/sapho-handicap-operne-madlo-leve-800x850mm-nerez-lesk-xh526-super-cena-16133\/#primaryimage"},"image":{"@id":"https:\/\/www.technodompro.com\/index.php\/produkt\/sapho-handicap-operne-madlo-leve-800x850mm-nerez-lesk-xh526-super-cena-16133\/#primaryimage"},"thumbnailUrl":"https:\/\/www.technodompro.com\/wp-content\/uploads\/2026\/SK0012151-CZ20260425-093041-0-1777080643-219f2f627c9afdd0b257e6aa9714af02.webp","datePublished":"2026-04-27T04:41:09+00:00","breadcrumb":{"@id":"https:\/\/www.technodompro.com\/index.php\/produkt\/sapho-handicap-operne-madlo-leve-800x850mm-nerez-lesk-xh526-super-cena-16133\/#breadcrumb"},"inLanguage":"cs","potentialAction":[{"@type":"ReadAction","target":["https:\/\/www.technodompro.com\/index.php\/produkt\/sapho-handicap-operne-madlo-leve-800x850mm-nerez-lesk-xh526-super-cena-16133\/"]}]},{"@type":"ImageObject","inLanguage":"cs","@id":"https:\/\/www.technodompro.com\/index.php\/produkt\/sapho-handicap-operne-madlo-leve-800x850mm-nerez-lesk-xh526-super-cena-16133\/#primaryimage","url":"https:\/\/www.technodompro.com\/wp-content\/uploads\/2026\/SK0012151-CZ20260425-093041-0-1777080643-219f2f627c9afdd0b257e6aa9714af02.webp","contentUrl":"https:\/\/www.technodompro.com\/wp-content\/uploads\/2026\/SK0012151-CZ20260425-093041-0-1777080643-219f2f627c9afdd0b257e6aa9714af02.webp","width":384,"height":800},{"@type":"BreadcrumbList","@id":"https:\/\/www.technodompro.com\/index.php\/produkt\/sapho-handicap-operne-madlo-leve-800x850mm-nerez-lesk-xh526-super-cena-16133\/#breadcrumb","itemListElement":[{"@type":"ListItem","position":1,"name":"Home","item":"https:\/\/www.technodompro.com\/"},{"@type":"ListItem","position":2,"name":"Products","item":"https:\/\/www.technodompro.com\/index.php\/products\/"},{"@type":"ListItem","position":3,"name":"Sapho HANDICAP op\u011brn\u00e9 madlo LEV\u00c9 800x850mm, nerez lesk XH526 Super Cena"}]},{"@type":"WebSite","@id":"https:\/\/www.technodompro.com\/#website","url":"https:\/\/www.technodompro.com\/","name":"","description":"","potentialAction":[{"@type":"SearchAction","target":{"@type":"EntryPoint","urlTemplate":"https:\/\/www.technodompro.com\/?s={search_term_string}"},"query-input":{"@type":"PropertyValueSpecification","valueRequired":true,"valueName":"search_term_string"}}],"inLanguage":"cs"}]}},"_links":{"self":[{"href":"https:\/\/www.technodompro.com\/index.php\/wp-json\/wp\/v2\/product\/16133","targetHints":{"allow":["GET"]}}],"collection":[{"href":"https:\/\/www.technodompro.com\/index.php\/wp-json\/wp\/v2\/product"}],"about":[{"href":"https:\/\/www.technodompro.com\/index.php\/wp-json\/wp\/v2\/types\/product"}],"replies":[{"embeddable":true,"href":"https:\/\/www.technodompro.com\/index.php\/wp-json\/wp\/v2\/comments?post=16133"}],"wp:featuredmedia":[{"embeddable":true,"href":"https:\/\/www.technodompro.com\/index.php\/wp-json\/wp\/v2\/media\/16233"}],"wp:attachment":[{"href":"https:\/\/www.technodompro.com\/index.php\/wp-json\/wp\/v2\/media?parent=16133"}],"wp:term":[{"taxonomy":"product_brand","embeddable":true,"href":"https:\/\/www.technodompro.com\/index.php\/wp-json\/wp\/v2\/product_brand?post=16133"},{"taxonomy":"product_cat","embeddable":true,"href":"https:\/\/www.technodompro.com\/index.php\/wp-json\/wp\/v2\/product_cat?post=16133"},{"taxonomy":"product_tag","embeddable":true,"href":"https:\/\/www.technodompro.com\/index.php\/wp-json\/wp\/v2\/product_tag?post=16133"}],"curies":[{"name":"wp","href":"https:\/\/api.w.org\/{rel}","templated":true}]}}