{"id":16139,"date":"2026-04-27T04:41:09","date_gmt":"2026-04-27T04:41:09","guid":{"rendered":""},"modified":"2026-04-27T04:41:09","modified_gmt":"2026-04-27T04:41:09","slug":"sapho-esta-zrcadlo-v-drevenem-ramu-580x780mm-stribrna-s-prouzkem-nl395-vikendova-akce-16139","status":"publish","type":"product","link":"https:\/\/www.technodompro.com\/index.php\/produkt\/sapho-esta-zrcadlo-v-drevenem-ramu-580x780mm-stribrna-s-prouzkem-nl395-vikendova-akce-16139\/","title":{"rendered":"Sapho ESTA zrcadlo v d\u0159ev\u011bn\u00e9m r\u00e1mu 580x780mm, st\u0159\u00edbrn\u00e1 s prou\u017ekem NL395 V\u00edkendov\u00e1 Akce"},"content":{"rendered":"<div class=\"tabs__content-outer\" id=\"tab_description\" data-hash=\"description\" data-tabindex=\"-1\">\n<div class=\"tabs__content toggle_description\" id=\"content_description\">\n<div class=\"wysiwyg-content\">\n<div class=\"product__tab product__description full-width\">\n<div class=\"container\">\n<div >\n<h3>Sapho ESTA zrcadlo v d\u0159ev\u011bn\u00e9m r\u00e1mu 580x780mm, st\u0159\u00edbrn\u00e1 s prou\u017ekem NL395<\/h3>\n<div>\n<p>ESTA zrcadlo v d\u0159ev\u011bn\u00e9m r\u00e1mu<\/p>\n<ul>\n<li>mo\u017eno vyrobit v atypick\u00e9m rozm\u011bru (doba dod\u00e1n\u00ed 6 t\u00fddn\u016f, cena na dotaz)<\/li>\n<li>oto\u010dn\u00e9 o 90\u00b0<\/li>\n<li>rozm\u011br zrcadloviny 500&#215;700 mm<\/li>\n<li>barva r\u00e1mu: st\u0159\u00edbrn\u00e1<\/li>\n<\/ul><\/div>\n<p> <\/p>\n<p><strong>Vlastnosti<\/strong><\/p>\n<ul>\n<li><span>Materi\u00e1l:<\/span> Masiv d\u0159evo<\/li>\n<li><span>Tvar:<\/span> Obd\u00e9ln\u00edk<\/li>\n<li><span>Rozm\u011br:<\/span> 58&#215;78 cm<\/li>\n<li><span>\u0160\u00ed\u0159ka:<\/span> 580 mm<\/li>\n<li><span>V\u00fd\u0161ka:<\/span> 780 mm<\/li>\n<li><span>V\u00fdbava:<\/span> Oto\u010dn\u00e9 zav\u011b\u0161en\u00ed o 90\u00b0<\/li>\n<li><span>Typ zrcadla:<\/span> Zrcadla v r\u00e1mu<\/li>\n<li><span>Barva r\u00e1mu:<\/span> St\u0159\u00edbrn\u00e1<\/li>\n<\/ul>\n<\/div><\/div>\n<\/p><\/div>\n<\/p><\/div>\n<\/p><\/div>\n","protected":false},"excerpt":{"rendered":"<p>Sapho ESTA zrcadlo v d\u0159ev\u011bn\u00e9m r\u00e1mu 580x780mm, st\u0159\u00edbrn\u00e1 s prou\u017ekem NL395 ESTA zrcadlo v d\u0159ev\u011bn\u00e9m r\u00e1mu mo\u017eno vyrobit v atypick\u00e9m rozm\u011bru (doba dod\u00e1n\u00ed 6 t\u00fddn\u016f, cena na dotaz) oto\u010dn\u00e9 o 90\u00b0 rozm\u011br zrcadloviny 500&#215;700 mm barva r\u00e1mu: st\u0159\u00edbrn\u00e1 Vlastnosti Materi\u00e1l: Masiv d\u0159evo Tvar: Obd\u00e9ln\u00edk Rozm\u011br: 58&#215;78 cm \u0160\u00ed\u0159ka: 580 mm V\u00fd\u0161ka: 780 mm V\u00fdbava: Oto\u010dn\u00e9 [&hellip;]<\/p>\n","protected":false},"featured_media":16239,"comment_status":"open","ping_status":"open","template":"","meta":[],"product_brand":[],"product_cat":[77],"product_tag":[],"class_list":{"0":"post-16139","1":"product","2":"type-product","3":"status-publish","4":"has-post-thumbnail","6":"product_cat-koupelna","8":"first","9":"instock","10":"sale","11":"shipping-taxable","12":"purchasable","13":"product-type-simple"},"yoast_head":"<!-- This site is optimized with the Yoast SEO plugin v26.8 - https:\/\/yoast.com\/product\/yoast-seo-wordpress\/ -->\n<title>Sapho ESTA zrcadlo v d\u0159ev\u011bn\u00e9m r\u00e1mu 580x780mm, st\u0159\u00edbrn\u00e1 s prou\u017ekem NL395 V\u00edkendov\u00e1 Akce -<\/title>\n<meta name=\"robots\" content=\"index, follow, max-snippet:-1, max-image-preview:large, max-video-preview:-1\" \/>\n<link rel=\"canonical\" href=\"https:\/\/www.technodompro.com\/index.php\/produkt\/sapho-esta-zrcadlo-v-drevenem-ramu-580x780mm-stribrna-s-prouzkem-nl395-vikendova-akce-16139\/\" \/>\n<meta property=\"og:locale\" content=\"cs_CZ\" \/>\n<meta property=\"og:type\" content=\"article\" \/>\n<meta property=\"og:title\" content=\"Sapho ESTA zrcadlo v d\u0159ev\u011bn\u00e9m r\u00e1mu 580x780mm, st\u0159\u00edbrn\u00e1 s prou\u017ekem NL395 V\u00edkendov\u00e1 Akce -\" \/>\n<meta property=\"og:description\" content=\"Sapho ESTA zrcadlo v d\u0159ev\u011bn\u00e9m r\u00e1mu 580x780mm, st\u0159\u00edbrn\u00e1 s prou\u017ekem NL395 ESTA zrcadlo v d\u0159ev\u011bn\u00e9m r\u00e1mu mo\u017eno vyrobit v atypick\u00e9m rozm\u011bru (doba dod\u00e1n\u00ed 6 t\u00fddn\u016f, cena na dotaz) oto\u010dn\u00e9 o 90\u00b0 rozm\u011br zrcadloviny 500&#215;700 mm barva r\u00e1mu: st\u0159\u00edbrn\u00e1 Vlastnosti Materi\u00e1l: Masiv d\u0159evo Tvar: Obd\u00e9ln\u00edk Rozm\u011br: 58&#215;78 cm \u0160\u00ed\u0159ka: 580 mm V\u00fd\u0161ka: 780 mm V\u00fdbava: Oto\u010dn\u00e9 [&hellip;]\" \/>\n<meta property=\"og:url\" content=\"https:\/\/www.technodompro.com\/index.php\/produkt\/sapho-esta-zrcadlo-v-drevenem-ramu-580x780mm-stribrna-s-prouzkem-nl395-vikendova-akce-16139\/\" \/>\n<meta property=\"og:image\" content=\"https:\/\/www.technodompro.com\/wp-content\/uploads\/2026\/SK0012157-CZ20260425-093041-0-1777080643-f950585ca079ed81f7969cab467a09ad.webp\" \/>\n\t<meta property=\"og:image:width\" content=\"546\" \/>\n\t<meta property=\"og:image:height\" content=\"800\" \/>\n\t<meta property=\"og:image:type\" content=\"image\/webp\" \/>\n<meta name=\"twitter:card\" content=\"summary_large_image\" \/>\n<script type=\"application\/ld+json\" class=\"yoast-schema-graph\">{\"@context\":\"https:\/\/schema.org\",\"@graph\":[{\"@type\":\"WebPage\",\"@id\":\"https:\/\/www.technodompro.com\/index.php\/produkt\/sapho-esta-zrcadlo-v-drevenem-ramu-580x780mm-stribrna-s-prouzkem-nl395-vikendova-akce-16139\/\",\"url\":\"https:\/\/www.technodompro.com\/index.php\/produkt\/sapho-esta-zrcadlo-v-drevenem-ramu-580x780mm-stribrna-s-prouzkem-nl395-vikendova-akce-16139\/\",\"name\":\"Sapho ESTA zrcadlo v d\u0159ev\u011bn\u00e9m r\u00e1mu 580x780mm, st\u0159\u00edbrn\u00e1 s prou\u017ekem NL395 V\u00edkendov\u00e1 Akce -\",\"isPartOf\":{\"@id\":\"https:\/\/www.technodompro.com\/#website\"},\"primaryImageOfPage\":{\"@id\":\"https:\/\/www.technodompro.com\/index.php\/produkt\/sapho-esta-zrcadlo-v-drevenem-ramu-580x780mm-stribrna-s-prouzkem-nl395-vikendova-akce-16139\/#primaryimage\"},\"image\":{\"@id\":\"https:\/\/www.technodompro.com\/index.php\/produkt\/sapho-esta-zrcadlo-v-drevenem-ramu-580x780mm-stribrna-s-prouzkem-nl395-vikendova-akce-16139\/#primaryimage\"},\"thumbnailUrl\":\"https:\/\/www.technodompro.com\/wp-content\/uploads\/2026\/SK0012157-CZ20260425-093041-0-1777080643-f950585ca079ed81f7969cab467a09ad.webp\",\"datePublished\":\"2026-04-27T04:41:09+00:00\",\"breadcrumb\":{\"@id\":\"https:\/\/www.technodompro.com\/index.php\/produkt\/sapho-esta-zrcadlo-v-drevenem-ramu-580x780mm-stribrna-s-prouzkem-nl395-vikendova-akce-16139\/#breadcrumb\"},\"inLanguage\":\"cs\",\"potentialAction\":[{\"@type\":\"ReadAction\",\"target\":[\"https:\/\/www.technodompro.com\/index.php\/produkt\/sapho-esta-zrcadlo-v-drevenem-ramu-580x780mm-stribrna-s-prouzkem-nl395-vikendova-akce-16139\/\"]}]},{\"@type\":\"ImageObject\",\"inLanguage\":\"cs\",\"@id\":\"https:\/\/www.technodompro.com\/index.php\/produkt\/sapho-esta-zrcadlo-v-drevenem-ramu-580x780mm-stribrna-s-prouzkem-nl395-vikendova-akce-16139\/#primaryimage\",\"url\":\"https:\/\/www.technodompro.com\/wp-content\/uploads\/2026\/SK0012157-CZ20260425-093041-0-1777080643-f950585ca079ed81f7969cab467a09ad.webp\",\"contentUrl\":\"https:\/\/www.technodompro.com\/wp-content\/uploads\/2026\/SK0012157-CZ20260425-093041-0-1777080643-f950585ca079ed81f7969cab467a09ad.webp\",\"width\":546,\"height\":800},{\"@type\":\"BreadcrumbList\",\"@id\":\"https:\/\/www.technodompro.com\/index.php\/produkt\/sapho-esta-zrcadlo-v-drevenem-ramu-580x780mm-stribrna-s-prouzkem-nl395-vikendova-akce-16139\/#breadcrumb\",\"itemListElement\":[{\"@type\":\"ListItem\",\"position\":1,\"name\":\"Home\",\"item\":\"https:\/\/www.technodompro.com\/\"},{\"@type\":\"ListItem\",\"position\":2,\"name\":\"Products\",\"item\":\"https:\/\/www.technodompro.com\/index.php\/products\/\"},{\"@type\":\"ListItem\",\"position\":3,\"name\":\"Sapho ESTA zrcadlo v d\u0159ev\u011bn\u00e9m r\u00e1mu 580x780mm, st\u0159\u00edbrn\u00e1 s prou\u017ekem NL395 V\u00edkendov\u00e1 Akce\"}]},{\"@type\":\"WebSite\",\"@id\":\"https:\/\/www.technodompro.com\/#website\",\"url\":\"https:\/\/www.technodompro.com\/\",\"name\":\"\",\"description\":\"\",\"potentialAction\":[{\"@type\":\"SearchAction\",\"target\":{\"@type\":\"EntryPoint\",\"urlTemplate\":\"https:\/\/www.technodompro.com\/?s={search_term_string}\"},\"query-input\":{\"@type\":\"PropertyValueSpecification\",\"valueRequired\":true,\"valueName\":\"search_term_string\"}}],\"inLanguage\":\"cs\"}]}<\/script>\n<!-- \/ Yoast SEO plugin. -->","yoast_head_json":{"title":"Sapho ESTA zrcadlo v d\u0159ev\u011bn\u00e9m r\u00e1mu 580x780mm, st\u0159\u00edbrn\u00e1 s prou\u017ekem NL395 V\u00edkendov\u00e1 Akce -","robots":{"index":"index","follow":"follow","max-snippet":"max-snippet:-1","max-image-preview":"max-image-preview:large","max-video-preview":"max-video-preview:-1"},"canonical":"https:\/\/www.technodompro.com\/index.php\/produkt\/sapho-esta-zrcadlo-v-drevenem-ramu-580x780mm-stribrna-s-prouzkem-nl395-vikendova-akce-16139\/","og_locale":"cs_CZ","og_type":"article","og_title":"Sapho ESTA zrcadlo v d\u0159ev\u011bn\u00e9m r\u00e1mu 580x780mm, st\u0159\u00edbrn\u00e1 s prou\u017ekem NL395 V\u00edkendov\u00e1 Akce -","og_description":"Sapho ESTA zrcadlo v d\u0159ev\u011bn\u00e9m r\u00e1mu 580x780mm, st\u0159\u00edbrn\u00e1 s prou\u017ekem NL395 ESTA zrcadlo v d\u0159ev\u011bn\u00e9m r\u00e1mu mo\u017eno vyrobit v atypick\u00e9m rozm\u011bru (doba dod\u00e1n\u00ed 6 t\u00fddn\u016f, cena na dotaz) oto\u010dn\u00e9 o 90\u00b0 rozm\u011br zrcadloviny 500&#215;700 mm barva r\u00e1mu: st\u0159\u00edbrn\u00e1 Vlastnosti Materi\u00e1l: Masiv d\u0159evo Tvar: Obd\u00e9ln\u00edk Rozm\u011br: 58&#215;78 cm \u0160\u00ed\u0159ka: 580 mm V\u00fd\u0161ka: 780 mm V\u00fdbava: Oto\u010dn\u00e9 [&hellip;]","og_url":"https:\/\/www.technodompro.com\/index.php\/produkt\/sapho-esta-zrcadlo-v-drevenem-ramu-580x780mm-stribrna-s-prouzkem-nl395-vikendova-akce-16139\/","og_image":[{"width":546,"height":800,"url":"https:\/\/www.technodompro.com\/wp-content\/uploads\/2026\/SK0012157-CZ20260425-093041-0-1777080643-f950585ca079ed81f7969cab467a09ad.webp","type":"image\/webp"}],"twitter_card":"summary_large_image","schema":{"@context":"https:\/\/schema.org","@graph":[{"@type":"WebPage","@id":"https:\/\/www.technodompro.com\/index.php\/produkt\/sapho-esta-zrcadlo-v-drevenem-ramu-580x780mm-stribrna-s-prouzkem-nl395-vikendova-akce-16139\/","url":"https:\/\/www.technodompro.com\/index.php\/produkt\/sapho-esta-zrcadlo-v-drevenem-ramu-580x780mm-stribrna-s-prouzkem-nl395-vikendova-akce-16139\/","name":"Sapho ESTA zrcadlo v d\u0159ev\u011bn\u00e9m r\u00e1mu 580x780mm, st\u0159\u00edbrn\u00e1 s prou\u017ekem NL395 V\u00edkendov\u00e1 Akce -","isPartOf":{"@id":"https:\/\/www.technodompro.com\/#website"},"primaryImageOfPage":{"@id":"https:\/\/www.technodompro.com\/index.php\/produkt\/sapho-esta-zrcadlo-v-drevenem-ramu-580x780mm-stribrna-s-prouzkem-nl395-vikendova-akce-16139\/#primaryimage"},"image":{"@id":"https:\/\/www.technodompro.com\/index.php\/produkt\/sapho-esta-zrcadlo-v-drevenem-ramu-580x780mm-stribrna-s-prouzkem-nl395-vikendova-akce-16139\/#primaryimage"},"thumbnailUrl":"https:\/\/www.technodompro.com\/wp-content\/uploads\/2026\/SK0012157-CZ20260425-093041-0-1777080643-f950585ca079ed81f7969cab467a09ad.webp","datePublished":"2026-04-27T04:41:09+00:00","breadcrumb":{"@id":"https:\/\/www.technodompro.com\/index.php\/produkt\/sapho-esta-zrcadlo-v-drevenem-ramu-580x780mm-stribrna-s-prouzkem-nl395-vikendova-akce-16139\/#breadcrumb"},"inLanguage":"cs","potentialAction":[{"@type":"ReadAction","target":["https:\/\/www.technodompro.com\/index.php\/produkt\/sapho-esta-zrcadlo-v-drevenem-ramu-580x780mm-stribrna-s-prouzkem-nl395-vikendova-akce-16139\/"]}]},{"@type":"ImageObject","inLanguage":"cs","@id":"https:\/\/www.technodompro.com\/index.php\/produkt\/sapho-esta-zrcadlo-v-drevenem-ramu-580x780mm-stribrna-s-prouzkem-nl395-vikendova-akce-16139\/#primaryimage","url":"https:\/\/www.technodompro.com\/wp-content\/uploads\/2026\/SK0012157-CZ20260425-093041-0-1777080643-f950585ca079ed81f7969cab467a09ad.webp","contentUrl":"https:\/\/www.technodompro.com\/wp-content\/uploads\/2026\/SK0012157-CZ20260425-093041-0-1777080643-f950585ca079ed81f7969cab467a09ad.webp","width":546,"height":800},{"@type":"BreadcrumbList","@id":"https:\/\/www.technodompro.com\/index.php\/produkt\/sapho-esta-zrcadlo-v-drevenem-ramu-580x780mm-stribrna-s-prouzkem-nl395-vikendova-akce-16139\/#breadcrumb","itemListElement":[{"@type":"ListItem","position":1,"name":"Home","item":"https:\/\/www.technodompro.com\/"},{"@type":"ListItem","position":2,"name":"Products","item":"https:\/\/www.technodompro.com\/index.php\/products\/"},{"@type":"ListItem","position":3,"name":"Sapho ESTA zrcadlo v d\u0159ev\u011bn\u00e9m r\u00e1mu 580x780mm, st\u0159\u00edbrn\u00e1 s prou\u017ekem NL395 V\u00edkendov\u00e1 Akce"}]},{"@type":"WebSite","@id":"https:\/\/www.technodompro.com\/#website","url":"https:\/\/www.technodompro.com\/","name":"","description":"","potentialAction":[{"@type":"SearchAction","target":{"@type":"EntryPoint","urlTemplate":"https:\/\/www.technodompro.com\/?s={search_term_string}"},"query-input":{"@type":"PropertyValueSpecification","valueRequired":true,"valueName":"search_term_string"}}],"inLanguage":"cs"}]}},"_links":{"self":[{"href":"https:\/\/www.technodompro.com\/index.php\/wp-json\/wp\/v2\/product\/16139","targetHints":{"allow":["GET"]}}],"collection":[{"href":"https:\/\/www.technodompro.com\/index.php\/wp-json\/wp\/v2\/product"}],"about":[{"href":"https:\/\/www.technodompro.com\/index.php\/wp-json\/wp\/v2\/types\/product"}],"replies":[{"embeddable":true,"href":"https:\/\/www.technodompro.com\/index.php\/wp-json\/wp\/v2\/comments?post=16139"}],"wp:featuredmedia":[{"embeddable":true,"href":"https:\/\/www.technodompro.com\/index.php\/wp-json\/wp\/v2\/media\/16239"}],"wp:attachment":[{"href":"https:\/\/www.technodompro.com\/index.php\/wp-json\/wp\/v2\/media?parent=16139"}],"wp:term":[{"taxonomy":"product_brand","embeddable":true,"href":"https:\/\/www.technodompro.com\/index.php\/wp-json\/wp\/v2\/product_brand?post=16139"},{"taxonomy":"product_cat","embeddable":true,"href":"https:\/\/www.technodompro.com\/index.php\/wp-json\/wp\/v2\/product_cat?post=16139"},{"taxonomy":"product_tag","embeddable":true,"href":"https:\/\/www.technodompro.com\/index.php\/wp-json\/wp\/v2\/product_tag?post=16139"}],"curies":[{"name":"wp","href":"https:\/\/api.w.org\/{rel}","templated":true}]}}