{"id":16141,"date":"2026-04-27T04:41:09","date_gmt":"2026-04-27T04:41:09","guid":{"rendered":""},"modified":"2026-04-27T04:41:09","modified_gmt":"2026-04-27T04:41:09","slug":"sapho-marsala-svitidlo-e14-40w-230v-keramicke-stinitko-bronz-mc077-nizka-cena-16141","status":"publish","type":"product","link":"https:\/\/www.technodompro.com\/index.php\/produkt\/sapho-marsala-svitidlo-e14-40w-230v-keramicke-stinitko-bronz-mc077-nizka-cena-16141\/","title":{"rendered":"Sapho MARSALA sv\u00edtidlo E14, 40W, 230V, keramick\u00e9 st\u00edn\u00edtko, bronz MC077 N\u00edzk\u00e1 Cena"},"content":{"rendered":"<div class=\"tabs__content-outer\" id=\"tab_description\" data-hash=\"description\" data-tabindex=\"-1\">\n<div class=\"tabs__content toggle_description\" id=\"content_description\">\n<div class=\"wysiwyg-content\">\n<div class=\"product__tab product__description full-width\">\n<div class=\"container\">\n<div >\n<h3>Sapho MARSALA sv\u00edtidlo E14, 40W, 230V, keramick\u00e9 st\u00edn\u00edtko, bronz MC077<\/h3>\n<div>\n<p>MARSALA n\u00e1st\u011bnn\u00e9 sv\u00edtidlo<\/p>\n<ul>\n<li>vhodn\u00e9 jako osv\u011btlen\u00ed po boku zrcadla<\/li>\n<li>keramick\u00e9 st\u00edn\u00edtko<\/li>\n<li>neobsahuje \u017e\u00e1rovku<\/li>\n<\/ul><\/div>\n<p style=\"text-align: justify;\">S\u00e9rie VINTAGE zahrnuje sv\u00edtidla v retro stylu. Sv\u00edtidla zaujmou nejen sv\u00fdm zpracov\u00e1n\u00edm, ale i keramick\u00fdmi zdobn\u00fdmi st\u00edn\u00edtky.\u00a0<\/p>\n<p> <\/p>\n<p><strong>Vlastnosti<\/strong><\/p>\n<ul>\n<li><span>Barva:<\/span> Bronz<\/li>\n<li><span>Stupe\u0148_kryt\u00ed:<\/span> IP21<\/li>\n<li><span>Rozm\u011br:<\/span> 130x200x210 mm<\/li>\n<li><span>\u0160\u00ed\u0159ka:<\/span> 130 mm<\/li>\n<li><span>V\u00fd\u0161ka:<\/span> 200 mm<\/li>\n<li><span>Hloubka:<\/span> 210 mm<\/li>\n<li><span>P\u0159\u00edkon:<\/span> 40 W<\/li>\n<li><span>Nap\u011bt\u00ed:<\/span> 230 V<\/li>\n<li><span>Ovl\u00e1d\u00e1n\u00ed sv\u011btla:<\/span> Nen\u00ed sou\u010d\u00e1st\u00ed<\/li>\n<li><span>Typ osv\u011btlen\u00ed:<\/span> \u017d\u00e1rovka<\/li>\n<li><span>Patice:<\/span> E14<\/li>\n<\/ul>\n<\/div><\/div>\n<\/p><\/div>\n<\/p><\/div>\n<\/p><\/div>\n","protected":false},"excerpt":{"rendered":"<p>Sapho MARSALA sv\u00edtidlo E14, 40W, 230V, keramick\u00e9 st\u00edn\u00edtko, bronz MC077 MARSALA n\u00e1st\u011bnn\u00e9 sv\u00edtidlo vhodn\u00e9 jako osv\u011btlen\u00ed po boku zrcadla keramick\u00e9 st\u00edn\u00edtko neobsahuje \u017e\u00e1rovku S\u00e9rie VINTAGE zahrnuje sv\u00edtidla v retro stylu. Sv\u00edtidla zaujmou nejen sv\u00fdm zpracov\u00e1n\u00edm, ale i keramick\u00fdmi zdobn\u00fdmi st\u00edn\u00edtky.\u00a0 Vlastnosti Barva: Bronz Stupe\u0148_kryt\u00ed: IP21 Rozm\u011br: 130x200x210 mm \u0160\u00ed\u0159ka: 130 mm V\u00fd\u0161ka: 200 mm Hloubka: [&hellip;]<\/p>\n","protected":false},"featured_media":16241,"comment_status":"open","ping_status":"open","template":"","meta":[],"product_brand":[],"product_cat":[77],"product_tag":[],"class_list":{"0":"post-16141","1":"product","2":"type-product","3":"status-publish","4":"has-post-thumbnail","6":"product_cat-koupelna","8":"first","9":"instock","10":"sale","11":"shipping-taxable","12":"purchasable","13":"product-type-simple"},"yoast_head":"<!-- This site is optimized with the Yoast SEO plugin v26.8 - https:\/\/yoast.com\/product\/yoast-seo-wordpress\/ -->\n<title>Sapho MARSALA sv\u00edtidlo E14, 40W, 230V, keramick\u00e9 st\u00edn\u00edtko, bronz MC077 N\u00edzk\u00e1 Cena -<\/title>\n<meta name=\"robots\" content=\"index, follow, max-snippet:-1, max-image-preview:large, max-video-preview:-1\" \/>\n<link rel=\"canonical\" href=\"https:\/\/www.technodompro.com\/index.php\/produkt\/sapho-marsala-svitidlo-e14-40w-230v-keramicke-stinitko-bronz-mc077-nizka-cena-16141\/\" \/>\n<meta property=\"og:locale\" content=\"cs_CZ\" \/>\n<meta property=\"og:type\" content=\"article\" \/>\n<meta property=\"og:title\" content=\"Sapho MARSALA sv\u00edtidlo E14, 40W, 230V, keramick\u00e9 st\u00edn\u00edtko, bronz MC077 N\u00edzk\u00e1 Cena -\" \/>\n<meta property=\"og:description\" content=\"Sapho MARSALA sv\u00edtidlo E14, 40W, 230V, keramick\u00e9 st\u00edn\u00edtko, bronz MC077 MARSALA n\u00e1st\u011bnn\u00e9 sv\u00edtidlo vhodn\u00e9 jako osv\u011btlen\u00ed po boku zrcadla keramick\u00e9 st\u00edn\u00edtko neobsahuje \u017e\u00e1rovku S\u00e9rie VINTAGE zahrnuje sv\u00edtidla v retro stylu. Sv\u00edtidla zaujmou nejen sv\u00fdm zpracov\u00e1n\u00edm, ale i keramick\u00fdmi zdobn\u00fdmi st\u00edn\u00edtky.\u00a0 Vlastnosti Barva: Bronz Stupe\u0148_kryt\u00ed: IP21 Rozm\u011br: 130x200x210 mm \u0160\u00ed\u0159ka: 130 mm V\u00fd\u0161ka: 200 mm Hloubka: [&hellip;]\" \/>\n<meta property=\"og:url\" content=\"https:\/\/www.technodompro.com\/index.php\/produkt\/sapho-marsala-svitidlo-e14-40w-230v-keramicke-stinitko-bronz-mc077-nizka-cena-16141\/\" \/>\n<meta property=\"og:image\" content=\"https:\/\/www.technodompro.com\/wp-content\/uploads\/2026\/SK0012159-CZ20260425-093041-0-1777080643-b1545670229d6f78900f23f2e0277e8d.webp\" \/>\n\t<meta property=\"og:image:width\" content=\"370\" \/>\n\t<meta property=\"og:image:height\" content=\"503\" \/>\n\t<meta property=\"og:image:type\" content=\"image\/webp\" \/>\n<meta name=\"twitter:card\" content=\"summary_large_image\" \/>\n<script type=\"application\/ld+json\" class=\"yoast-schema-graph\">{\"@context\":\"https:\/\/schema.org\",\"@graph\":[{\"@type\":\"WebPage\",\"@id\":\"https:\/\/www.technodompro.com\/index.php\/produkt\/sapho-marsala-svitidlo-e14-40w-230v-keramicke-stinitko-bronz-mc077-nizka-cena-16141\/\",\"url\":\"https:\/\/www.technodompro.com\/index.php\/produkt\/sapho-marsala-svitidlo-e14-40w-230v-keramicke-stinitko-bronz-mc077-nizka-cena-16141\/\",\"name\":\"Sapho MARSALA sv\u00edtidlo E14, 40W, 230V, keramick\u00e9 st\u00edn\u00edtko, bronz MC077 N\u00edzk\u00e1 Cena -\",\"isPartOf\":{\"@id\":\"https:\/\/www.technodompro.com\/#website\"},\"primaryImageOfPage\":{\"@id\":\"https:\/\/www.technodompro.com\/index.php\/produkt\/sapho-marsala-svitidlo-e14-40w-230v-keramicke-stinitko-bronz-mc077-nizka-cena-16141\/#primaryimage\"},\"image\":{\"@id\":\"https:\/\/www.technodompro.com\/index.php\/produkt\/sapho-marsala-svitidlo-e14-40w-230v-keramicke-stinitko-bronz-mc077-nizka-cena-16141\/#primaryimage\"},\"thumbnailUrl\":\"https:\/\/www.technodompro.com\/wp-content\/uploads\/2026\/SK0012159-CZ20260425-093041-0-1777080643-b1545670229d6f78900f23f2e0277e8d.webp\",\"datePublished\":\"2026-04-27T04:41:09+00:00\",\"breadcrumb\":{\"@id\":\"https:\/\/www.technodompro.com\/index.php\/produkt\/sapho-marsala-svitidlo-e14-40w-230v-keramicke-stinitko-bronz-mc077-nizka-cena-16141\/#breadcrumb\"},\"inLanguage\":\"cs\",\"potentialAction\":[{\"@type\":\"ReadAction\",\"target\":[\"https:\/\/www.technodompro.com\/index.php\/produkt\/sapho-marsala-svitidlo-e14-40w-230v-keramicke-stinitko-bronz-mc077-nizka-cena-16141\/\"]}]},{\"@type\":\"ImageObject\",\"inLanguage\":\"cs\",\"@id\":\"https:\/\/www.technodompro.com\/index.php\/produkt\/sapho-marsala-svitidlo-e14-40w-230v-keramicke-stinitko-bronz-mc077-nizka-cena-16141\/#primaryimage\",\"url\":\"https:\/\/www.technodompro.com\/wp-content\/uploads\/2026\/SK0012159-CZ20260425-093041-0-1777080643-b1545670229d6f78900f23f2e0277e8d.webp\",\"contentUrl\":\"https:\/\/www.technodompro.com\/wp-content\/uploads\/2026\/SK0012159-CZ20260425-093041-0-1777080643-b1545670229d6f78900f23f2e0277e8d.webp\",\"width\":370,\"height\":503},{\"@type\":\"BreadcrumbList\",\"@id\":\"https:\/\/www.technodompro.com\/index.php\/produkt\/sapho-marsala-svitidlo-e14-40w-230v-keramicke-stinitko-bronz-mc077-nizka-cena-16141\/#breadcrumb\",\"itemListElement\":[{\"@type\":\"ListItem\",\"position\":1,\"name\":\"Home\",\"item\":\"https:\/\/www.technodompro.com\/\"},{\"@type\":\"ListItem\",\"position\":2,\"name\":\"Products\",\"item\":\"https:\/\/www.technodompro.com\/index.php\/products\/\"},{\"@type\":\"ListItem\",\"position\":3,\"name\":\"Sapho MARSALA sv\u00edtidlo E14, 40W, 230V, keramick\u00e9 st\u00edn\u00edtko, bronz MC077 N\u00edzk\u00e1 Cena\"}]},{\"@type\":\"WebSite\",\"@id\":\"https:\/\/www.technodompro.com\/#website\",\"url\":\"https:\/\/www.technodompro.com\/\",\"name\":\"\",\"description\":\"\",\"potentialAction\":[{\"@type\":\"SearchAction\",\"target\":{\"@type\":\"EntryPoint\",\"urlTemplate\":\"https:\/\/www.technodompro.com\/?s={search_term_string}\"},\"query-input\":{\"@type\":\"PropertyValueSpecification\",\"valueRequired\":true,\"valueName\":\"search_term_string\"}}],\"inLanguage\":\"cs\"}]}<\/script>\n<!-- \/ Yoast SEO plugin. -->","yoast_head_json":{"title":"Sapho MARSALA sv\u00edtidlo E14, 40W, 230V, keramick\u00e9 st\u00edn\u00edtko, bronz MC077 N\u00edzk\u00e1 Cena -","robots":{"index":"index","follow":"follow","max-snippet":"max-snippet:-1","max-image-preview":"max-image-preview:large","max-video-preview":"max-video-preview:-1"},"canonical":"https:\/\/www.technodompro.com\/index.php\/produkt\/sapho-marsala-svitidlo-e14-40w-230v-keramicke-stinitko-bronz-mc077-nizka-cena-16141\/","og_locale":"cs_CZ","og_type":"article","og_title":"Sapho MARSALA sv\u00edtidlo E14, 40W, 230V, keramick\u00e9 st\u00edn\u00edtko, bronz MC077 N\u00edzk\u00e1 Cena -","og_description":"Sapho MARSALA sv\u00edtidlo E14, 40W, 230V, keramick\u00e9 st\u00edn\u00edtko, bronz MC077 MARSALA n\u00e1st\u011bnn\u00e9 sv\u00edtidlo vhodn\u00e9 jako osv\u011btlen\u00ed po boku zrcadla keramick\u00e9 st\u00edn\u00edtko neobsahuje \u017e\u00e1rovku S\u00e9rie VINTAGE zahrnuje sv\u00edtidla v retro stylu. Sv\u00edtidla zaujmou nejen sv\u00fdm zpracov\u00e1n\u00edm, ale i keramick\u00fdmi zdobn\u00fdmi st\u00edn\u00edtky.\u00a0 Vlastnosti Barva: Bronz Stupe\u0148_kryt\u00ed: IP21 Rozm\u011br: 130x200x210 mm \u0160\u00ed\u0159ka: 130 mm V\u00fd\u0161ka: 200 mm Hloubka: [&hellip;]","og_url":"https:\/\/www.technodompro.com\/index.php\/produkt\/sapho-marsala-svitidlo-e14-40w-230v-keramicke-stinitko-bronz-mc077-nizka-cena-16141\/","og_image":[{"width":370,"height":503,"url":"https:\/\/www.technodompro.com\/wp-content\/uploads\/2026\/SK0012159-CZ20260425-093041-0-1777080643-b1545670229d6f78900f23f2e0277e8d.webp","type":"image\/webp"}],"twitter_card":"summary_large_image","schema":{"@context":"https:\/\/schema.org","@graph":[{"@type":"WebPage","@id":"https:\/\/www.technodompro.com\/index.php\/produkt\/sapho-marsala-svitidlo-e14-40w-230v-keramicke-stinitko-bronz-mc077-nizka-cena-16141\/","url":"https:\/\/www.technodompro.com\/index.php\/produkt\/sapho-marsala-svitidlo-e14-40w-230v-keramicke-stinitko-bronz-mc077-nizka-cena-16141\/","name":"Sapho MARSALA sv\u00edtidlo E14, 40W, 230V, keramick\u00e9 st\u00edn\u00edtko, bronz MC077 N\u00edzk\u00e1 Cena -","isPartOf":{"@id":"https:\/\/www.technodompro.com\/#website"},"primaryImageOfPage":{"@id":"https:\/\/www.technodompro.com\/index.php\/produkt\/sapho-marsala-svitidlo-e14-40w-230v-keramicke-stinitko-bronz-mc077-nizka-cena-16141\/#primaryimage"},"image":{"@id":"https:\/\/www.technodompro.com\/index.php\/produkt\/sapho-marsala-svitidlo-e14-40w-230v-keramicke-stinitko-bronz-mc077-nizka-cena-16141\/#primaryimage"},"thumbnailUrl":"https:\/\/www.technodompro.com\/wp-content\/uploads\/2026\/SK0012159-CZ20260425-093041-0-1777080643-b1545670229d6f78900f23f2e0277e8d.webp","datePublished":"2026-04-27T04:41:09+00:00","breadcrumb":{"@id":"https:\/\/www.technodompro.com\/index.php\/produkt\/sapho-marsala-svitidlo-e14-40w-230v-keramicke-stinitko-bronz-mc077-nizka-cena-16141\/#breadcrumb"},"inLanguage":"cs","potentialAction":[{"@type":"ReadAction","target":["https:\/\/www.technodompro.com\/index.php\/produkt\/sapho-marsala-svitidlo-e14-40w-230v-keramicke-stinitko-bronz-mc077-nizka-cena-16141\/"]}]},{"@type":"ImageObject","inLanguage":"cs","@id":"https:\/\/www.technodompro.com\/index.php\/produkt\/sapho-marsala-svitidlo-e14-40w-230v-keramicke-stinitko-bronz-mc077-nizka-cena-16141\/#primaryimage","url":"https:\/\/www.technodompro.com\/wp-content\/uploads\/2026\/SK0012159-CZ20260425-093041-0-1777080643-b1545670229d6f78900f23f2e0277e8d.webp","contentUrl":"https:\/\/www.technodompro.com\/wp-content\/uploads\/2026\/SK0012159-CZ20260425-093041-0-1777080643-b1545670229d6f78900f23f2e0277e8d.webp","width":370,"height":503},{"@type":"BreadcrumbList","@id":"https:\/\/www.technodompro.com\/index.php\/produkt\/sapho-marsala-svitidlo-e14-40w-230v-keramicke-stinitko-bronz-mc077-nizka-cena-16141\/#breadcrumb","itemListElement":[{"@type":"ListItem","position":1,"name":"Home","item":"https:\/\/www.technodompro.com\/"},{"@type":"ListItem","position":2,"name":"Products","item":"https:\/\/www.technodompro.com\/index.php\/products\/"},{"@type":"ListItem","position":3,"name":"Sapho MARSALA sv\u00edtidlo E14, 40W, 230V, keramick\u00e9 st\u00edn\u00edtko, bronz MC077 N\u00edzk\u00e1 Cena"}]},{"@type":"WebSite","@id":"https:\/\/www.technodompro.com\/#website","url":"https:\/\/www.technodompro.com\/","name":"","description":"","potentialAction":[{"@type":"SearchAction","target":{"@type":"EntryPoint","urlTemplate":"https:\/\/www.technodompro.com\/?s={search_term_string}"},"query-input":{"@type":"PropertyValueSpecification","valueRequired":true,"valueName":"search_term_string"}}],"inLanguage":"cs"}]}},"_links":{"self":[{"href":"https:\/\/www.technodompro.com\/index.php\/wp-json\/wp\/v2\/product\/16141","targetHints":{"allow":["GET"]}}],"collection":[{"href":"https:\/\/www.technodompro.com\/index.php\/wp-json\/wp\/v2\/product"}],"about":[{"href":"https:\/\/www.technodompro.com\/index.php\/wp-json\/wp\/v2\/types\/product"}],"replies":[{"embeddable":true,"href":"https:\/\/www.technodompro.com\/index.php\/wp-json\/wp\/v2\/comments?post=16141"}],"wp:featuredmedia":[{"embeddable":true,"href":"https:\/\/www.technodompro.com\/index.php\/wp-json\/wp\/v2\/media\/16241"}],"wp:attachment":[{"href":"https:\/\/www.technodompro.com\/index.php\/wp-json\/wp\/v2\/media?parent=16141"}],"wp:term":[{"taxonomy":"product_brand","embeddable":true,"href":"https:\/\/www.technodompro.com\/index.php\/wp-json\/wp\/v2\/product_brand?post=16141"},{"taxonomy":"product_cat","embeddable":true,"href":"https:\/\/www.technodompro.com\/index.php\/wp-json\/wp\/v2\/product_cat?post=16141"},{"taxonomy":"product_tag","embeddable":true,"href":"https:\/\/www.technodompro.com\/index.php\/wp-json\/wp\/v2\/product_tag?post=16141"}],"curies":[{"name":"wp","href":"https:\/\/api.w.org\/{rel}","templated":true}]}}