{"id":16565,"date":"2026-04-27T04:41:10","date_gmt":"2026-04-27T04:41:10","guid":{"rendered":""},"modified":"2026-04-27T04:41:10","modified_gmt":"2026-04-27T04:41:10","slug":"akce-aqualine-apollo-dvojhacek-cerna-mat-1416-23b-16565","status":"publish","type":"product","link":"https:\/\/www.technodompro.com\/produkt\/akce-aqualine-apollo-dvojhacek-cerna-mat-1416-23b-16565\/","title":{"rendered":"Akce Aqualine APOLLO dvojh\u00e1\u010dek, \u010dern\u00e1 mat 1416-23B"},"content":{"rendered":"<div class=\"tabs__content-outer\" id=\"tab_description\" data-hash=\"description\" data-tabindex=\"-1\">\n<div class=\"tabs__content toggle_description\" id=\"content_description\">\n<div class=\"wysiwyg-content\">\n<div class=\"product__tab product__description full-width\">\n<div class=\"container\">\n<div >\n<h3>Aqualine APOLLO dvojh\u00e1\u010dek, \u010dern\u00e1 mat 1416-23B<\/h3>\n<p style=\"text-align: justify;\">S\u00e9rie APOLLO zaujme modern\u00edm vzhledem i zaj\u00edmavou cenou.&nbsp;Skleni\u010dka, m\u00fddeln\u00edk, n\u00e1dobka d\u00e1vkova\u010de m\u00fddla a WC \u0161t\u011btky jsou z ml\u00e9\u010dn\u00e9ho skla.<\/p>\n<p><\/p>\n<p><b>Vlastnosti<\/b><\/p>\n<ul>\n<li><span>Materi\u00e1l:<\/span> Slitina<\/li>\n<li><span>Barva:<\/span> \u010cern\u00e1<\/li>\n<li><span>Instalace:<\/span> Vrt\u00e1n\u00ed<\/li>\n<li><span>Tvar:<\/span> Hranat\u00e9<\/li>\n<li><span>Rozm\u011br:<\/span> 85x35x60 mm<\/li>\n<li><span>Druh:<\/span> H\u00e1\u010dek<\/li>\n<li><span>\u0160\u00ed\u0159ka:<\/span> 85 mm<\/li>\n<li><span>V\u00fd\u0161ka:<\/span> 35 mm<\/li>\n<li><span>Hloubka:<\/span> 60 mm<\/li>\n<\/ul>\n<\/div><\/div>\n<\/p><\/div>\n<\/p><\/div>\n<\/p><\/div>\n","protected":false},"excerpt":{"rendered":"<p>Aqualine APOLLO dvojh\u00e1\u010dek, \u010dern\u00e1 mat 1416-23B S\u00e9rie APOLLO zaujme modern\u00edm vzhledem i zaj\u00edmavou cenou.&nbsp;Skleni\u010dka, m\u00fddeln\u00edk, n\u00e1dobka d\u00e1vkova\u010de m\u00fddla a WC \u0161t\u011btky jsou z ml\u00e9\u010dn\u00e9ho skla. Vlastnosti Materi\u00e1l: Slitina Barva: \u010cern\u00e1 Instalace: Vrt\u00e1n\u00ed Tvar: Hranat\u00e9 Rozm\u011br: 85x35x60 mm Druh: H\u00e1\u010dek \u0160\u00ed\u0159ka: 85 mm V\u00fd\u0161ka: 35 mm Hloubka: 60 mm<\/p>\n","protected":false},"featured_media":16665,"template":"","meta":[],"product_brand":[],"product_cat":[77],"product_tag":[],"class_list":{"0":"post-16565","1":"product","2":"type-product","3":"status-publish","4":"has-post-thumbnail","6":"product_cat-koupelna","8":"first","9":"instock","10":"sale","11":"shipping-taxable","12":"purchasable","13":"product-type-simple"},"yoast_head":"<!-- This site is optimized with the Yoast SEO plugin v26.8 - https:\/\/yoast.com\/product\/yoast-seo-wordpress\/ -->\n<title>Akce Aqualine APOLLO dvojh\u00e1\u010dek, \u010dern\u00e1 mat 1416-23B - Modern\u00ed koupelny &amp; sanita a interi\u00e9rov\u00e9 vybaven\u00ed pro v\u00e1\u0161 domov<\/title>\n<meta name=\"robots\" content=\"index, follow, max-snippet:-1, max-image-preview:large, max-video-preview:-1\" \/>\n<link rel=\"canonical\" href=\"https:\/\/www.technodompro.com\/index.php\/produkt\/akce-aqualine-apollo-dvojhacek-cerna-mat-1416-23b-16565\/\" \/>\n<meta property=\"og:locale\" content=\"cs_CZ\" \/>\n<meta property=\"og:type\" content=\"article\" \/>\n<meta property=\"og:title\" content=\"Akce Aqualine APOLLO dvojh\u00e1\u010dek, \u010dern\u00e1 mat 1416-23B - Modern\u00ed koupelny &amp; sanita a interi\u00e9rov\u00e9 vybaven\u00ed pro v\u00e1\u0161 domov\" \/>\n<meta property=\"og:description\" content=\"Aqualine APOLLO dvojh\u00e1\u010dek, \u010dern\u00e1 mat 1416-23B S\u00e9rie APOLLO zaujme modern\u00edm vzhledem i zaj\u00edmavou cenou.&nbsp;Skleni\u010dka, m\u00fddeln\u00edk, n\u00e1dobka d\u00e1vkova\u010de m\u00fddla a WC \u0161t\u011btky jsou z ml\u00e9\u010dn\u00e9ho skla. Vlastnosti Materi\u00e1l: Slitina Barva: \u010cern\u00e1 Instalace: Vrt\u00e1n\u00ed Tvar: Hranat\u00e9 Rozm\u011br: 85x35x60 mm Druh: H\u00e1\u010dek \u0160\u00ed\u0159ka: 85 mm V\u00fd\u0161ka: 35 mm Hloubka: 60 mm\" \/>\n<meta property=\"og:url\" content=\"https:\/\/www.technodompro.com\/index.php\/produkt\/akce-aqualine-apollo-dvojhacek-cerna-mat-1416-23b-16565\/\" \/>\n<meta property=\"og:site_name\" content=\"Modern\u00ed koupelny &amp; sanita a interi\u00e9rov\u00e9 vybaven\u00ed pro v\u00e1\u0161 domov\" \/>\n<meta property=\"og:image\" content=\"https:\/\/www.technodompro.com\/wp-content\/uploads\/2026\/SK0012397-CZ20260425-093041-0-1777080643-82defd520cf2a1240ae4da2efd79a565.webp\" \/>\n\t<meta property=\"og:image:width\" content=\"963\" \/>\n\t<meta property=\"og:image:height\" content=\"623\" \/>\n\t<meta property=\"og:image:type\" content=\"image\/webp\" \/>\n<meta name=\"twitter:card\" content=\"summary_large_image\" \/>\n<script type=\"application\/ld+json\" class=\"yoast-schema-graph\">{\"@context\":\"https:\/\/schema.org\",\"@graph\":[{\"@type\":\"WebPage\",\"@id\":\"https:\/\/www.technodompro.com\/index.php\/produkt\/akce-aqualine-apollo-dvojhacek-cerna-mat-1416-23b-16565\/\",\"url\":\"https:\/\/www.technodompro.com\/index.php\/produkt\/akce-aqualine-apollo-dvojhacek-cerna-mat-1416-23b-16565\/\",\"name\":\"Akce Aqualine APOLLO dvojh\u00e1\u010dek, \u010dern\u00e1 mat 1416-23B - Modern\u00ed koupelny &amp; sanita a interi\u00e9rov\u00e9 vybaven\u00ed pro v\u00e1\u0161 domov\",\"isPartOf\":{\"@id\":\"https:\/\/www.technodompro.com\/#website\"},\"primaryImageOfPage\":{\"@id\":\"https:\/\/www.technodompro.com\/index.php\/produkt\/akce-aqualine-apollo-dvojhacek-cerna-mat-1416-23b-16565\/#primaryimage\"},\"image\":{\"@id\":\"https:\/\/www.technodompro.com\/index.php\/produkt\/akce-aqualine-apollo-dvojhacek-cerna-mat-1416-23b-16565\/#primaryimage\"},\"thumbnailUrl\":\"https:\/\/www.technodompro.com\/wp-content\/uploads\/2026\/SK0012397-CZ20260425-093041-0-1777080643-82defd520cf2a1240ae4da2efd79a565.webp\",\"datePublished\":\"2026-04-27T04:41:10+00:00\",\"breadcrumb\":{\"@id\":\"https:\/\/www.technodompro.com\/index.php\/produkt\/akce-aqualine-apollo-dvojhacek-cerna-mat-1416-23b-16565\/#breadcrumb\"},\"inLanguage\":\"cs\",\"potentialAction\":[{\"@type\":\"ReadAction\",\"target\":[\"https:\/\/www.technodompro.com\/index.php\/produkt\/akce-aqualine-apollo-dvojhacek-cerna-mat-1416-23b-16565\/\"]}]},{\"@type\":\"ImageObject\",\"inLanguage\":\"cs\",\"@id\":\"https:\/\/www.technodompro.com\/index.php\/produkt\/akce-aqualine-apollo-dvojhacek-cerna-mat-1416-23b-16565\/#primaryimage\",\"url\":\"https:\/\/www.technodompro.com\/wp-content\/uploads\/2026\/SK0012397-CZ20260425-093041-0-1777080643-82defd520cf2a1240ae4da2efd79a565.webp\",\"contentUrl\":\"https:\/\/www.technodompro.com\/wp-content\/uploads\/2026\/SK0012397-CZ20260425-093041-0-1777080643-82defd520cf2a1240ae4da2efd79a565.webp\",\"width\":963,\"height\":623},{\"@type\":\"BreadcrumbList\",\"@id\":\"https:\/\/www.technodompro.com\/index.php\/produkt\/akce-aqualine-apollo-dvojhacek-cerna-mat-1416-23b-16565\/#breadcrumb\",\"itemListElement\":[{\"@type\":\"ListItem\",\"position\":1,\"name\":\"Home\",\"item\":\"https:\/\/www.technodompro.com\/\"},{\"@type\":\"ListItem\",\"position\":2,\"name\":\"Products\",\"item\":\"https:\/\/www.technodompro.com\/products\/\"},{\"@type\":\"ListItem\",\"position\":3,\"name\":\"Akce Aqualine APOLLO dvojh\u00e1\u010dek, \u010dern\u00e1 mat 1416-23B\"}]},{\"@type\":\"WebSite\",\"@id\":\"https:\/\/www.technodompro.com\/#website\",\"url\":\"https:\/\/www.technodompro.com\/\",\"name\":\"Modern\u00ed koupelny &amp; sanita a interi\u00e9rov\u00e9 vybaven\u00ed pro v\u00e1\u0161 domov\",\"description\":\"Modern\u00ed koupelny &amp; sanita a interi\u00e9rov\u00e9 vybaven\u00ed pro v\u00e1\u0161 domov\",\"publisher\":{\"@id\":\"https:\/\/www.technodompro.com\/#organization\"},\"potentialAction\":[{\"@type\":\"SearchAction\",\"target\":{\"@type\":\"EntryPoint\",\"urlTemplate\":\"https:\/\/www.technodompro.com\/?s={search_term_string}\"},\"query-input\":{\"@type\":\"PropertyValueSpecification\",\"valueRequired\":true,\"valueName\":\"search_term_string\"}}],\"inLanguage\":\"cs\"},{\"@type\":\"Organization\",\"@id\":\"https:\/\/www.technodompro.com\/#organization\",\"name\":\"Modern\u00ed koupelny &amp; sanita a interi\u00e9rov\u00e9 vybaven\u00ed pro v\u00e1\u0161 domov\",\"url\":\"https:\/\/www.technodompro.com\/\",\"logo\":{\"@type\":\"ImageObject\",\"inLanguage\":\"cs\",\"@id\":\"https:\/\/www.technodompro.com\/#\/schema\/logo\/image\/\",\"url\":\"https:\/\/www.technodompro.com\/wp-content\/uploads\/2026\/04\/technodompro_logo.svg\",\"contentUrl\":\"https:\/\/www.technodompro.com\/wp-content\/uploads\/2026\/04\/technodompro_logo.svg\",\"width\":760,\"height\":180,\"caption\":\"Modern\u00ed koupelny &amp; sanita a interi\u00e9rov\u00e9 vybaven\u00ed pro v\u00e1\u0161 domov\"},\"image\":{\"@id\":\"https:\/\/www.technodompro.com\/#\/schema\/logo\/image\/\"}}]}<\/script>\n<!-- \/ Yoast SEO plugin. -->","yoast_head_json":{"title":"Akce Aqualine APOLLO dvojh\u00e1\u010dek, \u010dern\u00e1 mat 1416-23B - Modern\u00ed koupelny &amp; sanita a interi\u00e9rov\u00e9 vybaven\u00ed pro v\u00e1\u0161 domov","robots":{"index":"index","follow":"follow","max-snippet":"max-snippet:-1","max-image-preview":"max-image-preview:large","max-video-preview":"max-video-preview:-1"},"canonical":"https:\/\/www.technodompro.com\/index.php\/produkt\/akce-aqualine-apollo-dvojhacek-cerna-mat-1416-23b-16565\/","og_locale":"cs_CZ","og_type":"article","og_title":"Akce Aqualine APOLLO dvojh\u00e1\u010dek, \u010dern\u00e1 mat 1416-23B - Modern\u00ed koupelny &amp; sanita a interi\u00e9rov\u00e9 vybaven\u00ed pro v\u00e1\u0161 domov","og_description":"Aqualine APOLLO dvojh\u00e1\u010dek, \u010dern\u00e1 mat 1416-23B S\u00e9rie APOLLO zaujme modern\u00edm vzhledem i zaj\u00edmavou cenou.&nbsp;Skleni\u010dka, m\u00fddeln\u00edk, n\u00e1dobka d\u00e1vkova\u010de m\u00fddla a WC \u0161t\u011btky jsou z ml\u00e9\u010dn\u00e9ho skla. Vlastnosti Materi\u00e1l: Slitina Barva: \u010cern\u00e1 Instalace: Vrt\u00e1n\u00ed Tvar: Hranat\u00e9 Rozm\u011br: 85x35x60 mm Druh: H\u00e1\u010dek \u0160\u00ed\u0159ka: 85 mm V\u00fd\u0161ka: 35 mm Hloubka: 60 mm","og_url":"https:\/\/www.technodompro.com\/index.php\/produkt\/akce-aqualine-apollo-dvojhacek-cerna-mat-1416-23b-16565\/","og_site_name":"Modern\u00ed koupelny &amp; sanita a interi\u00e9rov\u00e9 vybaven\u00ed pro v\u00e1\u0161 domov","og_image":[{"width":963,"height":623,"url":"https:\/\/www.technodompro.com\/wp-content\/uploads\/2026\/SK0012397-CZ20260425-093041-0-1777080643-82defd520cf2a1240ae4da2efd79a565.webp","type":"image\/webp"}],"twitter_card":"summary_large_image","schema":{"@context":"https:\/\/schema.org","@graph":[{"@type":"WebPage","@id":"https:\/\/www.technodompro.com\/index.php\/produkt\/akce-aqualine-apollo-dvojhacek-cerna-mat-1416-23b-16565\/","url":"https:\/\/www.technodompro.com\/index.php\/produkt\/akce-aqualine-apollo-dvojhacek-cerna-mat-1416-23b-16565\/","name":"Akce Aqualine APOLLO dvojh\u00e1\u010dek, \u010dern\u00e1 mat 1416-23B - Modern\u00ed koupelny &amp; sanita a interi\u00e9rov\u00e9 vybaven\u00ed pro v\u00e1\u0161 domov","isPartOf":{"@id":"https:\/\/www.technodompro.com\/#website"},"primaryImageOfPage":{"@id":"https:\/\/www.technodompro.com\/index.php\/produkt\/akce-aqualine-apollo-dvojhacek-cerna-mat-1416-23b-16565\/#primaryimage"},"image":{"@id":"https:\/\/www.technodompro.com\/index.php\/produkt\/akce-aqualine-apollo-dvojhacek-cerna-mat-1416-23b-16565\/#primaryimage"},"thumbnailUrl":"https:\/\/www.technodompro.com\/wp-content\/uploads\/2026\/SK0012397-CZ20260425-093041-0-1777080643-82defd520cf2a1240ae4da2efd79a565.webp","datePublished":"2026-04-27T04:41:10+00:00","breadcrumb":{"@id":"https:\/\/www.technodompro.com\/index.php\/produkt\/akce-aqualine-apollo-dvojhacek-cerna-mat-1416-23b-16565\/#breadcrumb"},"inLanguage":"cs","potentialAction":[{"@type":"ReadAction","target":["https:\/\/www.technodompro.com\/index.php\/produkt\/akce-aqualine-apollo-dvojhacek-cerna-mat-1416-23b-16565\/"]}]},{"@type":"ImageObject","inLanguage":"cs","@id":"https:\/\/www.technodompro.com\/index.php\/produkt\/akce-aqualine-apollo-dvojhacek-cerna-mat-1416-23b-16565\/#primaryimage","url":"https:\/\/www.technodompro.com\/wp-content\/uploads\/2026\/SK0012397-CZ20260425-093041-0-1777080643-82defd520cf2a1240ae4da2efd79a565.webp","contentUrl":"https:\/\/www.technodompro.com\/wp-content\/uploads\/2026\/SK0012397-CZ20260425-093041-0-1777080643-82defd520cf2a1240ae4da2efd79a565.webp","width":963,"height":623},{"@type":"BreadcrumbList","@id":"https:\/\/www.technodompro.com\/index.php\/produkt\/akce-aqualine-apollo-dvojhacek-cerna-mat-1416-23b-16565\/#breadcrumb","itemListElement":[{"@type":"ListItem","position":1,"name":"Home","item":"https:\/\/www.technodompro.com\/"},{"@type":"ListItem","position":2,"name":"Products","item":"https:\/\/www.technodompro.com\/products\/"},{"@type":"ListItem","position":3,"name":"Akce Aqualine APOLLO dvojh\u00e1\u010dek, \u010dern\u00e1 mat 1416-23B"}]},{"@type":"WebSite","@id":"https:\/\/www.technodompro.com\/#website","url":"https:\/\/www.technodompro.com\/","name":"Modern\u00ed koupelny &amp; sanita a interi\u00e9rov\u00e9 vybaven\u00ed pro v\u00e1\u0161 domov","description":"Modern\u00ed koupelny &amp; sanita a interi\u00e9rov\u00e9 vybaven\u00ed pro v\u00e1\u0161 domov","publisher":{"@id":"https:\/\/www.technodompro.com\/#organization"},"potentialAction":[{"@type":"SearchAction","target":{"@type":"EntryPoint","urlTemplate":"https:\/\/www.technodompro.com\/?s={search_term_string}"},"query-input":{"@type":"PropertyValueSpecification","valueRequired":true,"valueName":"search_term_string"}}],"inLanguage":"cs"},{"@type":"Organization","@id":"https:\/\/www.technodompro.com\/#organization","name":"Modern\u00ed koupelny &amp; sanita a interi\u00e9rov\u00e9 vybaven\u00ed pro v\u00e1\u0161 domov","url":"https:\/\/www.technodompro.com\/","logo":{"@type":"ImageObject","inLanguage":"cs","@id":"https:\/\/www.technodompro.com\/#\/schema\/logo\/image\/","url":"https:\/\/www.technodompro.com\/wp-content\/uploads\/2026\/04\/technodompro_logo.svg","contentUrl":"https:\/\/www.technodompro.com\/wp-content\/uploads\/2026\/04\/technodompro_logo.svg","width":760,"height":180,"caption":"Modern\u00ed koupelny &amp; sanita a interi\u00e9rov\u00e9 vybaven\u00ed pro v\u00e1\u0161 domov"},"image":{"@id":"https:\/\/www.technodompro.com\/#\/schema\/logo\/image\/"}}]}},"_links":{"self":[{"href":"https:\/\/www.technodompro.com\/wp-json\/wp\/v2\/product\/16565","targetHints":{"allow":["GET"]}}],"collection":[{"href":"https:\/\/www.technodompro.com\/wp-json\/wp\/v2\/product"}],"about":[{"href":"https:\/\/www.technodompro.com\/wp-json\/wp\/v2\/types\/product"}],"wp:featuredmedia":[{"embeddable":true,"href":"https:\/\/www.technodompro.com\/wp-json\/wp\/v2\/media\/16665"}],"wp:attachment":[{"href":"https:\/\/www.technodompro.com\/wp-json\/wp\/v2\/media?parent=16565"}],"wp:term":[{"taxonomy":"product_brand","embeddable":true,"href":"https:\/\/www.technodompro.com\/wp-json\/wp\/v2\/product_brand?post=16565"},{"taxonomy":"product_cat","embeddable":true,"href":"https:\/\/www.technodompro.com\/wp-json\/wp\/v2\/product_cat?post=16565"},{"taxonomy":"product_tag","embeddable":true,"href":"https:\/\/www.technodompro.com\/wp-json\/wp\/v2\/product_tag?post=16565"}],"curies":[{"name":"wp","href":"https:\/\/api.w.org\/{rel}","templated":true}]}}