{"id":17696,"date":"2026-04-27T04:41:14","date_gmt":"2026-04-27T04:41:14","guid":{"rendered":""},"modified":"2026-04-27T04:41:14","modified_gmt":"2026-04-27T04:41:14","slug":"znackovy-polysan-floss-obkladovy-panel-celni-bila-98813-17696","status":"publish","type":"product","link":"https:\/\/www.technodompro.com\/index.php\/produkt\/znackovy-polysan-floss-obkladovy-panel-celni-bila-98813-17696\/","title":{"rendered":"Zna\u010dkov\u00fd Polysan FLOSS obkladov\u00fd panel \u010deln\u00ed, b\u00edl\u00e1 98813"},"content":{"rendered":"<div class=\"tabs__content-outer\" id=\"tab_description\" data-hash=\"description\" data-tabindex=\"-1\">\n<div class=\"tabs__content toggle_description\" id=\"content_description\">\n<div class=\"wysiwyg-content\">\n<div class=\"product__tab product__description full-width\">\n<div class=\"container\">\n<div >\n<h3>Polysan FLOSS obkladov\u00fd panel \u010deln\u00ed, b\u00edl\u00e1 98813<\/h3>\n<p>Obkladov\u00fd panel k rohov\u00e9 van\u011b Floss.<\/p>\n<div class=\"product-explanation-item\">\n<h3><span>ABS\/PMMA<\/span><\/h3>\n<p style=\"text-align: justify;\">ABS\/PMMA je z pohledov\u00e9 \u010d\u00e1sti tvo\u0159en slabou vrstvou akryl\u00e1tu, kter\u00fd je ve spodn\u00ed \u010d\u00e1sti dopln\u011bn vrstvou ABS plastu. Celkov\u00e1 tlou\u0161\u0165ka vstupn\u00edho materi\u00e1lu je 3,2 mm a tuhost fin\u00e1ln\u00edho v\u00fdrobku je na podobn\u00e9 \u00farovni jako u produkt\u016f ze 100% akryl\u00e1tu.<\/p>\n<\/p><\/div>\n<p><\/p>\n<p><b>Vlastnosti<\/b><\/p>\n<ul>\n<li><span>Materi\u00e1l:<\/span> ABS\/PMMA<\/li>\n<li><span>Barva:<\/span> B\u00edl\u00e1<\/li>\n<li><span>Instalace:<\/span> Panel \u010deln\u00ed<\/li>\n<li><span>Rozm\u011br:<\/span> 145&#215;61 cm<\/li>\n<li><span>V\u00fd\u0161ka:<\/span> 610 mm<\/li>\n<li><span>D\u00e9lka:<\/span> 1450 mm<\/li>\n<\/ul>\n<\/div><\/div>\n<\/p><\/div>\n<\/p><\/div>\n<\/p><\/div>\n","protected":false},"excerpt":{"rendered":"<p>Polysan FLOSS obkladov\u00fd panel \u010deln\u00ed, b\u00edl\u00e1 98813 Obkladov\u00fd panel k rohov\u00e9 van\u011b Floss. ABS\/PMMA ABS\/PMMA je z pohledov\u00e9 \u010d\u00e1sti tvo\u0159en slabou vrstvou akryl\u00e1tu, kter\u00fd je ve spodn\u00ed \u010d\u00e1sti dopln\u011bn vrstvou ABS plastu. Celkov\u00e1 tlou\u0161\u0165ka vstupn\u00edho materi\u00e1lu je 3,2 mm a tuhost fin\u00e1ln\u00edho v\u00fdrobku je na podobn\u00e9 \u00farovni jako u produkt\u016f ze 100% akryl\u00e1tu. Vlastnosti Materi\u00e1l: [&hellip;]<\/p>\n","protected":false},"featured_media":17796,"comment_status":"open","ping_status":"open","template":"","meta":[],"product_brand":[],"product_cat":[77],"product_tag":[],"class_list":{"0":"post-17696","1":"product","2":"type-product","3":"status-publish","4":"has-post-thumbnail","6":"product_cat-koupelna","8":"first","9":"instock","10":"sale","11":"shipping-taxable","12":"purchasable","13":"product-type-simple"},"yoast_head":"<!-- This site is optimized with the Yoast SEO plugin v26.8 - https:\/\/yoast.com\/product\/yoast-seo-wordpress\/ -->\n<title>Zna\u010dkov\u00fd Polysan FLOSS obkladov\u00fd panel \u010deln\u00ed, b\u00edl\u00e1 98813 -<\/title>\n<meta name=\"robots\" content=\"index, follow, max-snippet:-1, max-image-preview:large, max-video-preview:-1\" \/>\n<link rel=\"canonical\" href=\"https:\/\/www.technodompro.com\/index.php\/produkt\/znackovy-polysan-floss-obkladovy-panel-celni-bila-98813-17696\/\" \/>\n<meta property=\"og:locale\" content=\"cs_CZ\" \/>\n<meta property=\"og:type\" content=\"article\" \/>\n<meta property=\"og:title\" content=\"Zna\u010dkov\u00fd Polysan FLOSS obkladov\u00fd panel \u010deln\u00ed, b\u00edl\u00e1 98813 -\" \/>\n<meta property=\"og:description\" content=\"Polysan FLOSS obkladov\u00fd panel \u010deln\u00ed, b\u00edl\u00e1 98813 Obkladov\u00fd panel k rohov\u00e9 van\u011b Floss. ABS\/PMMA ABS\/PMMA je z pohledov\u00e9 \u010d\u00e1sti tvo\u0159en slabou vrstvou akryl\u00e1tu, kter\u00fd je ve spodn\u00ed \u010d\u00e1sti dopln\u011bn vrstvou ABS plastu. Celkov\u00e1 tlou\u0161\u0165ka vstupn\u00edho materi\u00e1lu je 3,2 mm a tuhost fin\u00e1ln\u00edho v\u00fdrobku je na podobn\u00e9 \u00farovni jako u produkt\u016f ze 100% akryl\u00e1tu. Vlastnosti Materi\u00e1l: [&hellip;]\" \/>\n<meta property=\"og:url\" content=\"https:\/\/www.technodompro.com\/index.php\/produkt\/znackovy-polysan-floss-obkladovy-panel-celni-bila-98813-17696\/\" \/>\n<meta property=\"og:image\" content=\"https:\/\/www.technodompro.com\/wp-content\/uploads\/2026\/SK0012948-CZ20260425-093041-0-1777080643-ba1d23dc128a5267004f033ed0cb5a5d.webp\" \/>\n\t<meta property=\"og:image:width\" content=\"985\" \/>\n\t<meta property=\"og:image:height\" content=\"452\" \/>\n\t<meta property=\"og:image:type\" content=\"image\/webp\" \/>\n<meta name=\"twitter:card\" content=\"summary_large_image\" \/>\n<script type=\"application\/ld+json\" class=\"yoast-schema-graph\">{\"@context\":\"https:\/\/schema.org\",\"@graph\":[{\"@type\":\"WebPage\",\"@id\":\"https:\/\/www.technodompro.com\/index.php\/produkt\/znackovy-polysan-floss-obkladovy-panel-celni-bila-98813-17696\/\",\"url\":\"https:\/\/www.technodompro.com\/index.php\/produkt\/znackovy-polysan-floss-obkladovy-panel-celni-bila-98813-17696\/\",\"name\":\"Zna\u010dkov\u00fd Polysan FLOSS obkladov\u00fd panel \u010deln\u00ed, b\u00edl\u00e1 98813 -\",\"isPartOf\":{\"@id\":\"https:\/\/www.technodompro.com\/#website\"},\"primaryImageOfPage\":{\"@id\":\"https:\/\/www.technodompro.com\/index.php\/produkt\/znackovy-polysan-floss-obkladovy-panel-celni-bila-98813-17696\/#primaryimage\"},\"image\":{\"@id\":\"https:\/\/www.technodompro.com\/index.php\/produkt\/znackovy-polysan-floss-obkladovy-panel-celni-bila-98813-17696\/#primaryimage\"},\"thumbnailUrl\":\"https:\/\/www.technodompro.com\/wp-content\/uploads\/2026\/SK0012948-CZ20260425-093041-0-1777080643-ba1d23dc128a5267004f033ed0cb5a5d.webp\",\"datePublished\":\"2026-04-27T04:41:14+00:00\",\"breadcrumb\":{\"@id\":\"https:\/\/www.technodompro.com\/index.php\/produkt\/znackovy-polysan-floss-obkladovy-panel-celni-bila-98813-17696\/#breadcrumb\"},\"inLanguage\":\"cs\",\"potentialAction\":[{\"@type\":\"ReadAction\",\"target\":[\"https:\/\/www.technodompro.com\/index.php\/produkt\/znackovy-polysan-floss-obkladovy-panel-celni-bila-98813-17696\/\"]}]},{\"@type\":\"ImageObject\",\"inLanguage\":\"cs\",\"@id\":\"https:\/\/www.technodompro.com\/index.php\/produkt\/znackovy-polysan-floss-obkladovy-panel-celni-bila-98813-17696\/#primaryimage\",\"url\":\"https:\/\/www.technodompro.com\/wp-content\/uploads\/2026\/SK0012948-CZ20260425-093041-0-1777080643-ba1d23dc128a5267004f033ed0cb5a5d.webp\",\"contentUrl\":\"https:\/\/www.technodompro.com\/wp-content\/uploads\/2026\/SK0012948-CZ20260425-093041-0-1777080643-ba1d23dc128a5267004f033ed0cb5a5d.webp\",\"width\":985,\"height\":452},{\"@type\":\"BreadcrumbList\",\"@id\":\"https:\/\/www.technodompro.com\/index.php\/produkt\/znackovy-polysan-floss-obkladovy-panel-celni-bila-98813-17696\/#breadcrumb\",\"itemListElement\":[{\"@type\":\"ListItem\",\"position\":1,\"name\":\"Home\",\"item\":\"https:\/\/www.technodompro.com\/\"},{\"@type\":\"ListItem\",\"position\":2,\"name\":\"Products\",\"item\":\"https:\/\/www.technodompro.com\/index.php\/products\/\"},{\"@type\":\"ListItem\",\"position\":3,\"name\":\"Zna\u010dkov\u00fd Polysan FLOSS obkladov\u00fd panel \u010deln\u00ed, b\u00edl\u00e1 98813\"}]},{\"@type\":\"WebSite\",\"@id\":\"https:\/\/www.technodompro.com\/#website\",\"url\":\"https:\/\/www.technodompro.com\/\",\"name\":\"\",\"description\":\"\",\"potentialAction\":[{\"@type\":\"SearchAction\",\"target\":{\"@type\":\"EntryPoint\",\"urlTemplate\":\"https:\/\/www.technodompro.com\/?s={search_term_string}\"},\"query-input\":{\"@type\":\"PropertyValueSpecification\",\"valueRequired\":true,\"valueName\":\"search_term_string\"}}],\"inLanguage\":\"cs\"}]}<\/script>\n<!-- \/ Yoast SEO plugin. -->","yoast_head_json":{"title":"Zna\u010dkov\u00fd Polysan FLOSS obkladov\u00fd panel \u010deln\u00ed, b\u00edl\u00e1 98813 -","robots":{"index":"index","follow":"follow","max-snippet":"max-snippet:-1","max-image-preview":"max-image-preview:large","max-video-preview":"max-video-preview:-1"},"canonical":"https:\/\/www.technodompro.com\/index.php\/produkt\/znackovy-polysan-floss-obkladovy-panel-celni-bila-98813-17696\/","og_locale":"cs_CZ","og_type":"article","og_title":"Zna\u010dkov\u00fd Polysan FLOSS obkladov\u00fd panel \u010deln\u00ed, b\u00edl\u00e1 98813 -","og_description":"Polysan FLOSS obkladov\u00fd panel \u010deln\u00ed, b\u00edl\u00e1 98813 Obkladov\u00fd panel k rohov\u00e9 van\u011b Floss. ABS\/PMMA ABS\/PMMA je z pohledov\u00e9 \u010d\u00e1sti tvo\u0159en slabou vrstvou akryl\u00e1tu, kter\u00fd je ve spodn\u00ed \u010d\u00e1sti dopln\u011bn vrstvou ABS plastu. Celkov\u00e1 tlou\u0161\u0165ka vstupn\u00edho materi\u00e1lu je 3,2 mm a tuhost fin\u00e1ln\u00edho v\u00fdrobku je na podobn\u00e9 \u00farovni jako u produkt\u016f ze 100% akryl\u00e1tu. Vlastnosti Materi\u00e1l: [&hellip;]","og_url":"https:\/\/www.technodompro.com\/index.php\/produkt\/znackovy-polysan-floss-obkladovy-panel-celni-bila-98813-17696\/","og_image":[{"width":985,"height":452,"url":"https:\/\/www.technodompro.com\/wp-content\/uploads\/2026\/SK0012948-CZ20260425-093041-0-1777080643-ba1d23dc128a5267004f033ed0cb5a5d.webp","type":"image\/webp"}],"twitter_card":"summary_large_image","schema":{"@context":"https:\/\/schema.org","@graph":[{"@type":"WebPage","@id":"https:\/\/www.technodompro.com\/index.php\/produkt\/znackovy-polysan-floss-obkladovy-panel-celni-bila-98813-17696\/","url":"https:\/\/www.technodompro.com\/index.php\/produkt\/znackovy-polysan-floss-obkladovy-panel-celni-bila-98813-17696\/","name":"Zna\u010dkov\u00fd Polysan FLOSS obkladov\u00fd panel \u010deln\u00ed, b\u00edl\u00e1 98813 -","isPartOf":{"@id":"https:\/\/www.technodompro.com\/#website"},"primaryImageOfPage":{"@id":"https:\/\/www.technodompro.com\/index.php\/produkt\/znackovy-polysan-floss-obkladovy-panel-celni-bila-98813-17696\/#primaryimage"},"image":{"@id":"https:\/\/www.technodompro.com\/index.php\/produkt\/znackovy-polysan-floss-obkladovy-panel-celni-bila-98813-17696\/#primaryimage"},"thumbnailUrl":"https:\/\/www.technodompro.com\/wp-content\/uploads\/2026\/SK0012948-CZ20260425-093041-0-1777080643-ba1d23dc128a5267004f033ed0cb5a5d.webp","datePublished":"2026-04-27T04:41:14+00:00","breadcrumb":{"@id":"https:\/\/www.technodompro.com\/index.php\/produkt\/znackovy-polysan-floss-obkladovy-panel-celni-bila-98813-17696\/#breadcrumb"},"inLanguage":"cs","potentialAction":[{"@type":"ReadAction","target":["https:\/\/www.technodompro.com\/index.php\/produkt\/znackovy-polysan-floss-obkladovy-panel-celni-bila-98813-17696\/"]}]},{"@type":"ImageObject","inLanguage":"cs","@id":"https:\/\/www.technodompro.com\/index.php\/produkt\/znackovy-polysan-floss-obkladovy-panel-celni-bila-98813-17696\/#primaryimage","url":"https:\/\/www.technodompro.com\/wp-content\/uploads\/2026\/SK0012948-CZ20260425-093041-0-1777080643-ba1d23dc128a5267004f033ed0cb5a5d.webp","contentUrl":"https:\/\/www.technodompro.com\/wp-content\/uploads\/2026\/SK0012948-CZ20260425-093041-0-1777080643-ba1d23dc128a5267004f033ed0cb5a5d.webp","width":985,"height":452},{"@type":"BreadcrumbList","@id":"https:\/\/www.technodompro.com\/index.php\/produkt\/znackovy-polysan-floss-obkladovy-panel-celni-bila-98813-17696\/#breadcrumb","itemListElement":[{"@type":"ListItem","position":1,"name":"Home","item":"https:\/\/www.technodompro.com\/"},{"@type":"ListItem","position":2,"name":"Products","item":"https:\/\/www.technodompro.com\/index.php\/products\/"},{"@type":"ListItem","position":3,"name":"Zna\u010dkov\u00fd Polysan FLOSS obkladov\u00fd panel \u010deln\u00ed, b\u00edl\u00e1 98813"}]},{"@type":"WebSite","@id":"https:\/\/www.technodompro.com\/#website","url":"https:\/\/www.technodompro.com\/","name":"","description":"","potentialAction":[{"@type":"SearchAction","target":{"@type":"EntryPoint","urlTemplate":"https:\/\/www.technodompro.com\/?s={search_term_string}"},"query-input":{"@type":"PropertyValueSpecification","valueRequired":true,"valueName":"search_term_string"}}],"inLanguage":"cs"}]}},"_links":{"self":[{"href":"https:\/\/www.technodompro.com\/index.php\/wp-json\/wp\/v2\/product\/17696","targetHints":{"allow":["GET"]}}],"collection":[{"href":"https:\/\/www.technodompro.com\/index.php\/wp-json\/wp\/v2\/product"}],"about":[{"href":"https:\/\/www.technodompro.com\/index.php\/wp-json\/wp\/v2\/types\/product"}],"replies":[{"embeddable":true,"href":"https:\/\/www.technodompro.com\/index.php\/wp-json\/wp\/v2\/comments?post=17696"}],"wp:featuredmedia":[{"embeddable":true,"href":"https:\/\/www.technodompro.com\/index.php\/wp-json\/wp\/v2\/media\/17796"}],"wp:attachment":[{"href":"https:\/\/www.technodompro.com\/index.php\/wp-json\/wp\/v2\/media?parent=17696"}],"wp:term":[{"taxonomy":"product_brand","embeddable":true,"href":"https:\/\/www.technodompro.com\/index.php\/wp-json\/wp\/v2\/product_brand?post=17696"},{"taxonomy":"product_cat","embeddable":true,"href":"https:\/\/www.technodompro.com\/index.php\/wp-json\/wp\/v2\/product_cat?post=17696"},{"taxonomy":"product_tag","embeddable":true,"href":"https:\/\/www.technodompro.com\/index.php\/wp-json\/wp\/v2\/product_tag?post=17696"}],"curies":[{"name":"wp","href":"https:\/\/api.w.org\/{rel}","templated":true}]}}