{"id":17708,"date":"2026-04-27T04:41:14","date_gmt":"2026-04-27T04:41:14","guid":{"rendered":""},"modified":"2026-04-27T04:41:14","modified_gmt":"2026-04-27T04:41:14","slug":"znackovy-sapho-spy-stojankova-umyvadlova-baterie-vysoka-bez-vypusti-prodlouzena-hubice-zlato-mat-py07-19-17708","status":"publish","type":"product","link":"https:\/\/www.technodompro.com\/index.php\/produkt\/znackovy-sapho-spy-stojankova-umyvadlova-baterie-vysoka-bez-vypusti-prodlouzena-hubice-zlato-mat-py07-19-17708\/","title":{"rendered":"Zna\u010dkov\u00fd Sapho SPY stoj\u00e1nkov\u00e1 umyvadlov\u00e1 baterie vysok\u00e1 bez v\u00fdpusti, prodlou\u017een\u00e1 hubice, zlato mat PY07\/19"},"content":{"rendered":"<div class=\"tabs__content-outer\" id=\"tab_description\" data-hash=\"description\" data-tabindex=\"-1\">\n<div class=\"tabs__content toggle_description\" id=\"content_description\">\n<div class=\"wysiwyg-content\">\n<div class=\"product__tab product__description full-width\">\n<div class=\"container\">\n<div >\n<h3>Sapho SPY stoj\u00e1nkov\u00e1 umyvadlov\u00e1 baterie vysok\u00e1 bez v\u00fdpusti, prodlou\u017een\u00e1 hubice, zlato mat PY07\/19<\/h3>\n<p style=\"text-align: justify;\">S\u00e9rie vodovodn\u00edch bateri\u00ed SPY nab\u00edz\u00ed obl\u00edben\u00fd hranat\u00fd design dopln\u011bn\u00fd zkosenou oblou hranou. D\u00edky tomuto spojen\u00ed tvar\u016f se dob\u0159e kombinuj\u00ed s ostatn\u00edm za\u0159\u00edzen\u00edm koupelny. Ve stejn\u00e9m vzhledu nab\u00edz\u00edme tak\u00e9 umyvadlov\u00fd sifon a roh\u00e1\u010dky. Elegantn\u00ed a praktick\u00e9 je p\u0159ep\u00edn\u00e1n\u00ed sprchy u vanov\u00e9 baterie, kter\u00e9 je um\u00edst\u011bno na v\u00fdvodu pro sprchovou hadici \u2013 sta\u010d\u00ed zat\u00e1hnout za sprchovou hadici v m\u00edst\u011b p\u0159ipojen\u00ed k baterii. SPY jsou mimo chromu k dispozici i v proveden\u00ed \u010dern\u00e1 matn\u00e1, b\u00edl\u00e1 matn\u00e1, nikl, zlat\u00e1 a zlat\u00e1 mat.<\/p>\n<p><\/p>\n<p><b>Vlastnosti<\/b><\/p>\n<ul>\n<li><span>Materi\u00e1l:<\/span> Mosaz<\/li>\n<li><span>Barva:<\/span> Zlato mat<\/li>\n<li><span>Instalace:<\/span> Stoj\u00e1nkov\u00e1<\/li>\n<li><span>Tvar:<\/span> Hranat\u00e9<\/li>\n<li><span>\u0160\u00ed\u0159ka:<\/span> 50 mm<\/li>\n<li><span>V\u00fd\u0161ka:<\/span> 298 mm<\/li>\n<li><span>Druh ovl\u00e1d\u00e1n\u00ed:<\/span> P\u00e1ka<\/li>\n<li><span>Pr\u016fm\u011br kartu\u0161e:<\/span> 35 mm<\/li>\n<li><span>Hloubka:<\/span> 185 mm<\/li>\n<li><span>V\u00fd\u0161ka v\u00fdtoku:<\/span> 243 mm<\/li>\n<\/ul>\n<\/div><\/div>\n<\/p><\/div>\n<\/p><\/div>\n<\/p><\/div>\n","protected":false},"excerpt":{"rendered":"<p>Sapho SPY stoj\u00e1nkov\u00e1 umyvadlov\u00e1 baterie vysok\u00e1 bez v\u00fdpusti, prodlou\u017een\u00e1 hubice, zlato mat PY07\/19 S\u00e9rie vodovodn\u00edch bateri\u00ed SPY nab\u00edz\u00ed obl\u00edben\u00fd hranat\u00fd design dopln\u011bn\u00fd zkosenou oblou hranou. D\u00edky tomuto spojen\u00ed tvar\u016f se dob\u0159e kombinuj\u00ed s ostatn\u00edm za\u0159\u00edzen\u00edm koupelny. Ve stejn\u00e9m vzhledu nab\u00edz\u00edme tak\u00e9 umyvadlov\u00fd sifon a roh\u00e1\u010dky. Elegantn\u00ed a praktick\u00e9 je p\u0159ep\u00edn\u00e1n\u00ed sprchy u vanov\u00e9 baterie, kter\u00e9 [&hellip;]<\/p>\n","protected":false},"featured_media":17808,"comment_status":"open","ping_status":"open","template":"","meta":[],"product_brand":[],"product_cat":[77],"product_tag":[],"class_list":{"0":"post-17708","1":"product","2":"type-product","3":"status-publish","4":"has-post-thumbnail","6":"product_cat-koupelna","8":"first","9":"instock","10":"sale","11":"shipping-taxable","12":"purchasable","13":"product-type-simple"},"yoast_head":"<!-- This site is optimized with the Yoast SEO plugin v26.8 - https:\/\/yoast.com\/product\/yoast-seo-wordpress\/ -->\n<title>Zna\u010dkov\u00fd Sapho SPY stoj\u00e1nkov\u00e1 umyvadlov\u00e1 baterie vysok\u00e1 bez v\u00fdpusti, prodlou\u017een\u00e1 hubice, zlato mat PY07\/19 -<\/title>\n<meta name=\"robots\" content=\"index, follow, max-snippet:-1, max-image-preview:large, max-video-preview:-1\" \/>\n<link rel=\"canonical\" href=\"https:\/\/www.technodompro.com\/index.php\/produkt\/znackovy-sapho-spy-stojankova-umyvadlova-baterie-vysoka-bez-vypusti-prodlouzena-hubice-zlato-mat-py07-19-17708\/\" \/>\n<meta property=\"og:locale\" content=\"cs_CZ\" \/>\n<meta property=\"og:type\" content=\"article\" \/>\n<meta property=\"og:title\" content=\"Zna\u010dkov\u00fd Sapho SPY stoj\u00e1nkov\u00e1 umyvadlov\u00e1 baterie vysok\u00e1 bez v\u00fdpusti, prodlou\u017een\u00e1 hubice, zlato mat PY07\/19 -\" \/>\n<meta property=\"og:description\" content=\"Sapho SPY stoj\u00e1nkov\u00e1 umyvadlov\u00e1 baterie vysok\u00e1 bez v\u00fdpusti, prodlou\u017een\u00e1 hubice, zlato mat PY07\/19 S\u00e9rie vodovodn\u00edch bateri\u00ed SPY nab\u00edz\u00ed obl\u00edben\u00fd hranat\u00fd design dopln\u011bn\u00fd zkosenou oblou hranou. D\u00edky tomuto spojen\u00ed tvar\u016f se dob\u0159e kombinuj\u00ed s ostatn\u00edm za\u0159\u00edzen\u00edm koupelny. Ve stejn\u00e9m vzhledu nab\u00edz\u00edme tak\u00e9 umyvadlov\u00fd sifon a roh\u00e1\u010dky. Elegantn\u00ed a praktick\u00e9 je p\u0159ep\u00edn\u00e1n\u00ed sprchy u vanov\u00e9 baterie, kter\u00e9 [&hellip;]\" \/>\n<meta property=\"og:url\" content=\"https:\/\/www.technodompro.com\/index.php\/produkt\/znackovy-sapho-spy-stojankova-umyvadlova-baterie-vysoka-bez-vypusti-prodlouzena-hubice-zlato-mat-py07-19-17708\/\" \/>\n<meta property=\"og:image\" content=\"https:\/\/www.technodompro.com\/wp-content\/uploads\/2026\/SK0012962-CZ20260425-093041-0-1777080643-7d335f65afddf29fc887966326c737c4.webp\" \/>\n\t<meta property=\"og:image:width\" content=\"619\" \/>\n\t<meta property=\"og:image:height\" content=\"800\" \/>\n\t<meta property=\"og:image:type\" content=\"image\/webp\" \/>\n<meta name=\"twitter:card\" content=\"summary_large_image\" \/>\n<meta name=\"twitter:label1\" content=\"Odhadovan\u00e1 doba \u010dten\u00ed\" \/>\n\t<meta name=\"twitter:data1\" content=\"1 minuta\" \/>\n<script type=\"application\/ld+json\" class=\"yoast-schema-graph\">{\"@context\":\"https:\/\/schema.org\",\"@graph\":[{\"@type\":\"WebPage\",\"@id\":\"https:\/\/www.technodompro.com\/index.php\/produkt\/znackovy-sapho-spy-stojankova-umyvadlova-baterie-vysoka-bez-vypusti-prodlouzena-hubice-zlato-mat-py07-19-17708\/\",\"url\":\"https:\/\/www.technodompro.com\/index.php\/produkt\/znackovy-sapho-spy-stojankova-umyvadlova-baterie-vysoka-bez-vypusti-prodlouzena-hubice-zlato-mat-py07-19-17708\/\",\"name\":\"Zna\u010dkov\u00fd Sapho SPY stoj\u00e1nkov\u00e1 umyvadlov\u00e1 baterie vysok\u00e1 bez v\u00fdpusti, prodlou\u017een\u00e1 hubice, zlato mat PY07\/19 -\",\"isPartOf\":{\"@id\":\"https:\/\/www.technodompro.com\/#website\"},\"primaryImageOfPage\":{\"@id\":\"https:\/\/www.technodompro.com\/index.php\/produkt\/znackovy-sapho-spy-stojankova-umyvadlova-baterie-vysoka-bez-vypusti-prodlouzena-hubice-zlato-mat-py07-19-17708\/#primaryimage\"},\"image\":{\"@id\":\"https:\/\/www.technodompro.com\/index.php\/produkt\/znackovy-sapho-spy-stojankova-umyvadlova-baterie-vysoka-bez-vypusti-prodlouzena-hubice-zlato-mat-py07-19-17708\/#primaryimage\"},\"thumbnailUrl\":\"https:\/\/www.technodompro.com\/wp-content\/uploads\/2026\/SK0012962-CZ20260425-093041-0-1777080643-7d335f65afddf29fc887966326c737c4.webp\",\"datePublished\":\"2026-04-27T04:41:14+00:00\",\"breadcrumb\":{\"@id\":\"https:\/\/www.technodompro.com\/index.php\/produkt\/znackovy-sapho-spy-stojankova-umyvadlova-baterie-vysoka-bez-vypusti-prodlouzena-hubice-zlato-mat-py07-19-17708\/#breadcrumb\"},\"inLanguage\":\"cs\",\"potentialAction\":[{\"@type\":\"ReadAction\",\"target\":[\"https:\/\/www.technodompro.com\/index.php\/produkt\/znackovy-sapho-spy-stojankova-umyvadlova-baterie-vysoka-bez-vypusti-prodlouzena-hubice-zlato-mat-py07-19-17708\/\"]}]},{\"@type\":\"ImageObject\",\"inLanguage\":\"cs\",\"@id\":\"https:\/\/www.technodompro.com\/index.php\/produkt\/znackovy-sapho-spy-stojankova-umyvadlova-baterie-vysoka-bez-vypusti-prodlouzena-hubice-zlato-mat-py07-19-17708\/#primaryimage\",\"url\":\"https:\/\/www.technodompro.com\/wp-content\/uploads\/2026\/SK0012962-CZ20260425-093041-0-1777080643-7d335f65afddf29fc887966326c737c4.webp\",\"contentUrl\":\"https:\/\/www.technodompro.com\/wp-content\/uploads\/2026\/SK0012962-CZ20260425-093041-0-1777080643-7d335f65afddf29fc887966326c737c4.webp\",\"width\":619,\"height\":800},{\"@type\":\"BreadcrumbList\",\"@id\":\"https:\/\/www.technodompro.com\/index.php\/produkt\/znackovy-sapho-spy-stojankova-umyvadlova-baterie-vysoka-bez-vypusti-prodlouzena-hubice-zlato-mat-py07-19-17708\/#breadcrumb\",\"itemListElement\":[{\"@type\":\"ListItem\",\"position\":1,\"name\":\"Home\",\"item\":\"https:\/\/www.technodompro.com\/\"},{\"@type\":\"ListItem\",\"position\":2,\"name\":\"Products\",\"item\":\"https:\/\/www.technodompro.com\/index.php\/products\/\"},{\"@type\":\"ListItem\",\"position\":3,\"name\":\"Zna\u010dkov\u00fd Sapho SPY stoj\u00e1nkov\u00e1 umyvadlov\u00e1 baterie vysok\u00e1 bez v\u00fdpusti, prodlou\u017een\u00e1 hubice, zlato mat PY07\/19\"}]},{\"@type\":\"WebSite\",\"@id\":\"https:\/\/www.technodompro.com\/#website\",\"url\":\"https:\/\/www.technodompro.com\/\",\"name\":\"\",\"description\":\"\",\"potentialAction\":[{\"@type\":\"SearchAction\",\"target\":{\"@type\":\"EntryPoint\",\"urlTemplate\":\"https:\/\/www.technodompro.com\/?s={search_term_string}\"},\"query-input\":{\"@type\":\"PropertyValueSpecification\",\"valueRequired\":true,\"valueName\":\"search_term_string\"}}],\"inLanguage\":\"cs\"}]}<\/script>\n<!-- \/ Yoast SEO plugin. -->","yoast_head_json":{"title":"Zna\u010dkov\u00fd Sapho SPY stoj\u00e1nkov\u00e1 umyvadlov\u00e1 baterie vysok\u00e1 bez v\u00fdpusti, prodlou\u017een\u00e1 hubice, zlato mat PY07\/19 -","robots":{"index":"index","follow":"follow","max-snippet":"max-snippet:-1","max-image-preview":"max-image-preview:large","max-video-preview":"max-video-preview:-1"},"canonical":"https:\/\/www.technodompro.com\/index.php\/produkt\/znackovy-sapho-spy-stojankova-umyvadlova-baterie-vysoka-bez-vypusti-prodlouzena-hubice-zlato-mat-py07-19-17708\/","og_locale":"cs_CZ","og_type":"article","og_title":"Zna\u010dkov\u00fd Sapho SPY stoj\u00e1nkov\u00e1 umyvadlov\u00e1 baterie vysok\u00e1 bez v\u00fdpusti, prodlou\u017een\u00e1 hubice, zlato mat PY07\/19 -","og_description":"Sapho SPY stoj\u00e1nkov\u00e1 umyvadlov\u00e1 baterie vysok\u00e1 bez v\u00fdpusti, prodlou\u017een\u00e1 hubice, zlato mat PY07\/19 S\u00e9rie vodovodn\u00edch bateri\u00ed SPY nab\u00edz\u00ed obl\u00edben\u00fd hranat\u00fd design dopln\u011bn\u00fd zkosenou oblou hranou. D\u00edky tomuto spojen\u00ed tvar\u016f se dob\u0159e kombinuj\u00ed s ostatn\u00edm za\u0159\u00edzen\u00edm koupelny. Ve stejn\u00e9m vzhledu nab\u00edz\u00edme tak\u00e9 umyvadlov\u00fd sifon a roh\u00e1\u010dky. Elegantn\u00ed a praktick\u00e9 je p\u0159ep\u00edn\u00e1n\u00ed sprchy u vanov\u00e9 baterie, kter\u00e9 [&hellip;]","og_url":"https:\/\/www.technodompro.com\/index.php\/produkt\/znackovy-sapho-spy-stojankova-umyvadlova-baterie-vysoka-bez-vypusti-prodlouzena-hubice-zlato-mat-py07-19-17708\/","og_image":[{"width":619,"height":800,"url":"https:\/\/www.technodompro.com\/wp-content\/uploads\/2026\/SK0012962-CZ20260425-093041-0-1777080643-7d335f65afddf29fc887966326c737c4.webp","type":"image\/webp"}],"twitter_card":"summary_large_image","twitter_misc":{"Odhadovan\u00e1 doba \u010dten\u00ed":"1 minuta"},"schema":{"@context":"https:\/\/schema.org","@graph":[{"@type":"WebPage","@id":"https:\/\/www.technodompro.com\/index.php\/produkt\/znackovy-sapho-spy-stojankova-umyvadlova-baterie-vysoka-bez-vypusti-prodlouzena-hubice-zlato-mat-py07-19-17708\/","url":"https:\/\/www.technodompro.com\/index.php\/produkt\/znackovy-sapho-spy-stojankova-umyvadlova-baterie-vysoka-bez-vypusti-prodlouzena-hubice-zlato-mat-py07-19-17708\/","name":"Zna\u010dkov\u00fd Sapho SPY stoj\u00e1nkov\u00e1 umyvadlov\u00e1 baterie vysok\u00e1 bez v\u00fdpusti, prodlou\u017een\u00e1 hubice, zlato mat PY07\/19 -","isPartOf":{"@id":"https:\/\/www.technodompro.com\/#website"},"primaryImageOfPage":{"@id":"https:\/\/www.technodompro.com\/index.php\/produkt\/znackovy-sapho-spy-stojankova-umyvadlova-baterie-vysoka-bez-vypusti-prodlouzena-hubice-zlato-mat-py07-19-17708\/#primaryimage"},"image":{"@id":"https:\/\/www.technodompro.com\/index.php\/produkt\/znackovy-sapho-spy-stojankova-umyvadlova-baterie-vysoka-bez-vypusti-prodlouzena-hubice-zlato-mat-py07-19-17708\/#primaryimage"},"thumbnailUrl":"https:\/\/www.technodompro.com\/wp-content\/uploads\/2026\/SK0012962-CZ20260425-093041-0-1777080643-7d335f65afddf29fc887966326c737c4.webp","datePublished":"2026-04-27T04:41:14+00:00","breadcrumb":{"@id":"https:\/\/www.technodompro.com\/index.php\/produkt\/znackovy-sapho-spy-stojankova-umyvadlova-baterie-vysoka-bez-vypusti-prodlouzena-hubice-zlato-mat-py07-19-17708\/#breadcrumb"},"inLanguage":"cs","potentialAction":[{"@type":"ReadAction","target":["https:\/\/www.technodompro.com\/index.php\/produkt\/znackovy-sapho-spy-stojankova-umyvadlova-baterie-vysoka-bez-vypusti-prodlouzena-hubice-zlato-mat-py07-19-17708\/"]}]},{"@type":"ImageObject","inLanguage":"cs","@id":"https:\/\/www.technodompro.com\/index.php\/produkt\/znackovy-sapho-spy-stojankova-umyvadlova-baterie-vysoka-bez-vypusti-prodlouzena-hubice-zlato-mat-py07-19-17708\/#primaryimage","url":"https:\/\/www.technodompro.com\/wp-content\/uploads\/2026\/SK0012962-CZ20260425-093041-0-1777080643-7d335f65afddf29fc887966326c737c4.webp","contentUrl":"https:\/\/www.technodompro.com\/wp-content\/uploads\/2026\/SK0012962-CZ20260425-093041-0-1777080643-7d335f65afddf29fc887966326c737c4.webp","width":619,"height":800},{"@type":"BreadcrumbList","@id":"https:\/\/www.technodompro.com\/index.php\/produkt\/znackovy-sapho-spy-stojankova-umyvadlova-baterie-vysoka-bez-vypusti-prodlouzena-hubice-zlato-mat-py07-19-17708\/#breadcrumb","itemListElement":[{"@type":"ListItem","position":1,"name":"Home","item":"https:\/\/www.technodompro.com\/"},{"@type":"ListItem","position":2,"name":"Products","item":"https:\/\/www.technodompro.com\/index.php\/products\/"},{"@type":"ListItem","position":3,"name":"Zna\u010dkov\u00fd Sapho SPY stoj\u00e1nkov\u00e1 umyvadlov\u00e1 baterie vysok\u00e1 bez v\u00fdpusti, prodlou\u017een\u00e1 hubice, zlato mat PY07\/19"}]},{"@type":"WebSite","@id":"https:\/\/www.technodompro.com\/#website","url":"https:\/\/www.technodompro.com\/","name":"","description":"","potentialAction":[{"@type":"SearchAction","target":{"@type":"EntryPoint","urlTemplate":"https:\/\/www.technodompro.com\/?s={search_term_string}"},"query-input":{"@type":"PropertyValueSpecification","valueRequired":true,"valueName":"search_term_string"}}],"inLanguage":"cs"}]}},"_links":{"self":[{"href":"https:\/\/www.technodompro.com\/index.php\/wp-json\/wp\/v2\/product\/17708","targetHints":{"allow":["GET"]}}],"collection":[{"href":"https:\/\/www.technodompro.com\/index.php\/wp-json\/wp\/v2\/product"}],"about":[{"href":"https:\/\/www.technodompro.com\/index.php\/wp-json\/wp\/v2\/types\/product"}],"replies":[{"embeddable":true,"href":"https:\/\/www.technodompro.com\/index.php\/wp-json\/wp\/v2\/comments?post=17708"}],"wp:featuredmedia":[{"embeddable":true,"href":"https:\/\/www.technodompro.com\/index.php\/wp-json\/wp\/v2\/media\/17808"}],"wp:attachment":[{"href":"https:\/\/www.technodompro.com\/index.php\/wp-json\/wp\/v2\/media?parent=17708"}],"wp:term":[{"taxonomy":"product_brand","embeddable":true,"href":"https:\/\/www.technodompro.com\/index.php\/wp-json\/wp\/v2\/product_brand?post=17708"},{"taxonomy":"product_cat","embeddable":true,"href":"https:\/\/www.technodompro.com\/index.php\/wp-json\/wp\/v2\/product_cat?post=17708"},{"taxonomy":"product_tag","embeddable":true,"href":"https:\/\/www.technodompro.com\/index.php\/wp-json\/wp\/v2\/product_tag?post=17708"}],"curies":[{"name":"wp","href":"https:\/\/api.w.org\/{rel}","templated":true}]}}