{"id":1912,"date":"2026-04-27T04:40:40","date_gmt":"2026-04-27T04:40:40","guid":{"rendered":""},"modified":"2026-04-27T04:40:40","modified_gmt":"2026-04-27T04:40:40","slug":"znackovy-zavesne-svitidlo-cedral-39935-stars-of-light-1912","status":"publish","type":"product","link":"https:\/\/www.technodompro.com\/index.php\/produkt\/znackovy-zavesne-svitidlo-cedral-39935-stars-of-light-1912\/","title":{"rendered":"Zna\u010dkov\u00fd Z\u00e1v\u011bsn\u00e9 sv\u00edtidlo CEDRAL 39935 &#8211; STARS OF LIGHT"},"content":{"rendered":"<h3 class=\"product-h3\">Popis produktu<\/h3>\n<p><p>Z\u00e1v\u011bsn\u00e9 sv\u00edtidlo CEDRAL<\/p>\n<\/p><\/div>\n<\/p><\/div>\n<p><\/p>\n<div class=\"top-params\">\n<h3 class=\"product-h3 collapse-header \" data-toggle=\"collapse\" data-target=\"#collapseOne\" aria-expanded=\"true\" aria-controls=\"collapseOne\">Parametry<\/h3>\n<div id=\"collapseOne\" class=\"collapse show\" aria-labelledby=\"headingOne\" data-parent=\"#product-info-accordion1\">\n<table class=\"table-striped\">\n<tr>\n<td>                V\u00fdrobce            <\/td>\n<td>                STARS OF LIGHT            <\/td>\n<\/tr>\n<tr>\n<td>                V\u00fd\u0161ka v mm            <\/td>\n<td>                1500            <\/td>\n<\/tr>\n<tr>\n<td>                Hmotnost g            <\/td>\n<td>                593g            <\/td>\n<\/tr>\n<tr>\n<td>                Pr\u016fm\u011br v mm            <\/td>\n<td>                55            <\/td>\n<\/tr>\n<tr>\n<td>                Ochrana IP            <\/td>\n<td>                IP20            <\/td>\n<\/tr>\n<tr>\n<td>                Max. p\u0159\u00edkon sv\u011bteln\u00e9ho zdroje            <\/td>\n<td>                40W            <\/td>\n<\/tr>\n<tr>\n<td>                V\u00fdkon            <\/td>\n<td>                40W            <\/td>\n<\/tr>\n<tr>\n<td>                Nap\u00e1jec\u00ed nap\u011bt\u00ed            <\/td>\n<td>                220-240V            <\/td>\n<\/tr>\n<tr>\n<td>                Patice            <\/td>\n<td>                E27            <\/td>\n<\/tr>\n<tr>\n<td>                V\u010detn\u011b sv\u011bteln\u00e9ho zdroje            <\/td>\n<td>                ne            <\/td>\n<\/tr>\n<tr>\n<td>                Materi\u00e1l            <\/td>\n<td>                ocel            <\/td>\n<\/tr>\n<tr>\n<td>                Barva            <\/td>\n<td>                \u010dern\u00e1\/kart\u00e1\u010dovan\u00e1 mosaz            <\/td>\n<\/tr>\n<tr>\n<td>                Kolekce            <\/td>\n<td>                CEDRAL            <\/td>\n<\/tr>\n<tr>\n<td>                Po\u010det sv\u011bteln\u00fdch zdroj\u016f            <\/td>\n<td>                1            <\/td>\n<\/tr>\n<tr>\n<td>                U v\u00fdrobce dostupn\u00fdch            <\/td>\n<td>                v\u00edce ne\u017e 20                    ks            <\/td>\n<\/tr>\n<\/table>\n<\/div><\/div>\n<\/div>\n<div class=\"accordion\" id=\"product-info-accordion2\">\n","protected":false},"excerpt":{"rendered":"<p>Popis produktu Z\u00e1v\u011bsn\u00e9 sv\u00edtidlo CEDRAL Parametry V\u00fdrobce STARS OF LIGHT V\u00fd\u0161ka v mm 1500 Hmotnost g 593g Pr\u016fm\u011br v mm 55 Ochrana IP IP20 Max. p\u0159\u00edkon sv\u011bteln\u00e9ho zdroje 40W V\u00fdkon 40W Nap\u00e1jec\u00ed nap\u011bt\u00ed 220-240V Patice E27 V\u010detn\u011b sv\u011bteln\u00e9ho zdroje ne Materi\u00e1l ocel Barva \u010dern\u00e1\/kart\u00e1\u010dovan\u00e1 mosaz Kolekce CEDRAL Po\u010det sv\u011bteln\u00fdch zdroj\u016f 1 U v\u00fdrobce dostupn\u00fdch v\u00edce [&hellip;]<\/p>\n","protected":false},"featured_media":2012,"comment_status":"open","ping_status":"open","template":"","meta":[],"product_brand":[],"product_cat":[31],"product_tag":[],"class_list":{"0":"post-1912","1":"product","2":"type-product","3":"status-publish","4":"has-post-thumbnail","6":"product_cat-interierova-svitidla","8":"first","9":"instock","10":"sale","11":"shipping-taxable","12":"purchasable","13":"product-type-simple"},"yoast_head":"<!-- This site is optimized with the Yoast SEO plugin v26.8 - https:\/\/yoast.com\/product\/yoast-seo-wordpress\/ -->\n<title>Zna\u010dkov\u00fd Z\u00e1v\u011bsn\u00e9 sv\u00edtidlo CEDRAL 39935 - STARS OF LIGHT -<\/title>\n<meta name=\"robots\" content=\"index, follow, max-snippet:-1, max-image-preview:large, max-video-preview:-1\" \/>\n<link rel=\"canonical\" href=\"https:\/\/www.technodompro.com\/index.php\/produkt\/znackovy-zavesne-svitidlo-cedral-39935-stars-of-light-1912\/\" \/>\n<meta property=\"og:locale\" content=\"cs_CZ\" \/>\n<meta property=\"og:type\" content=\"article\" \/>\n<meta property=\"og:title\" content=\"Zna\u010dkov\u00fd Z\u00e1v\u011bsn\u00e9 sv\u00edtidlo CEDRAL 39935 - STARS OF LIGHT -\" \/>\n<meta property=\"og:description\" content=\"Popis produktu Z\u00e1v\u011bsn\u00e9 sv\u00edtidlo CEDRAL Parametry V\u00fdrobce STARS OF LIGHT V\u00fd\u0161ka v mm 1500 Hmotnost g 593g Pr\u016fm\u011br v mm 55 Ochrana IP IP20 Max. p\u0159\u00edkon sv\u011bteln\u00e9ho zdroje 40W V\u00fdkon 40W Nap\u00e1jec\u00ed nap\u011bt\u00ed 220-240V Patice E27 V\u010detn\u011b sv\u011bteln\u00e9ho zdroje ne Materi\u00e1l ocel Barva \u010dern\u00e1\/kart\u00e1\u010dovan\u00e1 mosaz Kolekce CEDRAL Po\u010det sv\u011bteln\u00fdch zdroj\u016f 1 U v\u00fdrobce dostupn\u00fdch v\u00edce [&hellip;]\" \/>\n<meta property=\"og:url\" content=\"https:\/\/www.technodompro.com\/index.php\/produkt\/znackovy-zavesne-svitidlo-cedral-39935-stars-of-light-1912\/\" \/>\n<meta property=\"og:image\" content=\"https:\/\/www.technodompro.com\/wp-content\/uploads\/2026\/SK0007267-CZ20260425-091535-0-1777079743-EG-39935.webp\" \/>\n\t<meta property=\"og:image:width\" content=\"218\" \/>\n\t<meta property=\"og:image:height\" content=\"800\" \/>\n\t<meta property=\"og:image:type\" content=\"image\/webp\" \/>\n<meta name=\"twitter:card\" content=\"summary_large_image\" \/>\n<script type=\"application\/ld+json\" class=\"yoast-schema-graph\">{\"@context\":\"https:\/\/schema.org\",\"@graph\":[{\"@type\":\"WebPage\",\"@id\":\"https:\/\/www.technodompro.com\/index.php\/produkt\/znackovy-zavesne-svitidlo-cedral-39935-stars-of-light-1912\/\",\"url\":\"https:\/\/www.technodompro.com\/index.php\/produkt\/znackovy-zavesne-svitidlo-cedral-39935-stars-of-light-1912\/\",\"name\":\"Zna\u010dkov\u00fd Z\u00e1v\u011bsn\u00e9 sv\u00edtidlo CEDRAL 39935 - STARS OF LIGHT -\",\"isPartOf\":{\"@id\":\"https:\/\/www.technodompro.com\/#website\"},\"primaryImageOfPage\":{\"@id\":\"https:\/\/www.technodompro.com\/index.php\/produkt\/znackovy-zavesne-svitidlo-cedral-39935-stars-of-light-1912\/#primaryimage\"},\"image\":{\"@id\":\"https:\/\/www.technodompro.com\/index.php\/produkt\/znackovy-zavesne-svitidlo-cedral-39935-stars-of-light-1912\/#primaryimage\"},\"thumbnailUrl\":\"https:\/\/www.technodompro.com\/wp-content\/uploads\/2026\/SK0007267-CZ20260425-091535-0-1777079743-EG-39935.webp\",\"datePublished\":\"2026-04-27T04:40:40+00:00\",\"breadcrumb\":{\"@id\":\"https:\/\/www.technodompro.com\/index.php\/produkt\/znackovy-zavesne-svitidlo-cedral-39935-stars-of-light-1912\/#breadcrumb\"},\"inLanguage\":\"cs\",\"potentialAction\":[{\"@type\":\"ReadAction\",\"target\":[\"https:\/\/www.technodompro.com\/index.php\/produkt\/znackovy-zavesne-svitidlo-cedral-39935-stars-of-light-1912\/\"]}]},{\"@type\":\"ImageObject\",\"inLanguage\":\"cs\",\"@id\":\"https:\/\/www.technodompro.com\/index.php\/produkt\/znackovy-zavesne-svitidlo-cedral-39935-stars-of-light-1912\/#primaryimage\",\"url\":\"https:\/\/www.technodompro.com\/wp-content\/uploads\/2026\/SK0007267-CZ20260425-091535-0-1777079743-EG-39935.webp\",\"contentUrl\":\"https:\/\/www.technodompro.com\/wp-content\/uploads\/2026\/SK0007267-CZ20260425-091535-0-1777079743-EG-39935.webp\",\"width\":218,\"height\":800},{\"@type\":\"BreadcrumbList\",\"@id\":\"https:\/\/www.technodompro.com\/index.php\/produkt\/znackovy-zavesne-svitidlo-cedral-39935-stars-of-light-1912\/#breadcrumb\",\"itemListElement\":[{\"@type\":\"ListItem\",\"position\":1,\"name\":\"Home\",\"item\":\"https:\/\/www.technodompro.com\/\"},{\"@type\":\"ListItem\",\"position\":2,\"name\":\"Products\",\"item\":\"https:\/\/www.technodompro.com\/index.php\/products\/\"},{\"@type\":\"ListItem\",\"position\":3,\"name\":\"Zna\u010dkov\u00fd Z\u00e1v\u011bsn\u00e9 sv\u00edtidlo CEDRAL 39935 &#8211; STARS OF LIGHT\"}]},{\"@type\":\"WebSite\",\"@id\":\"https:\/\/www.technodompro.com\/#website\",\"url\":\"https:\/\/www.technodompro.com\/\",\"name\":\"\",\"description\":\"\",\"potentialAction\":[{\"@type\":\"SearchAction\",\"target\":{\"@type\":\"EntryPoint\",\"urlTemplate\":\"https:\/\/www.technodompro.com\/?s={search_term_string}\"},\"query-input\":{\"@type\":\"PropertyValueSpecification\",\"valueRequired\":true,\"valueName\":\"search_term_string\"}}],\"inLanguage\":\"cs\"}]}<\/script>\n<!-- \/ Yoast SEO plugin. -->","yoast_head_json":{"title":"Zna\u010dkov\u00fd Z\u00e1v\u011bsn\u00e9 sv\u00edtidlo CEDRAL 39935 - STARS OF LIGHT -","robots":{"index":"index","follow":"follow","max-snippet":"max-snippet:-1","max-image-preview":"max-image-preview:large","max-video-preview":"max-video-preview:-1"},"canonical":"https:\/\/www.technodompro.com\/index.php\/produkt\/znackovy-zavesne-svitidlo-cedral-39935-stars-of-light-1912\/","og_locale":"cs_CZ","og_type":"article","og_title":"Zna\u010dkov\u00fd Z\u00e1v\u011bsn\u00e9 sv\u00edtidlo CEDRAL 39935 - STARS OF LIGHT -","og_description":"Popis produktu Z\u00e1v\u011bsn\u00e9 sv\u00edtidlo CEDRAL Parametry V\u00fdrobce STARS OF LIGHT V\u00fd\u0161ka v mm 1500 Hmotnost g 593g Pr\u016fm\u011br v mm 55 Ochrana IP IP20 Max. p\u0159\u00edkon sv\u011bteln\u00e9ho zdroje 40W V\u00fdkon 40W Nap\u00e1jec\u00ed nap\u011bt\u00ed 220-240V Patice E27 V\u010detn\u011b sv\u011bteln\u00e9ho zdroje ne Materi\u00e1l ocel Barva \u010dern\u00e1\/kart\u00e1\u010dovan\u00e1 mosaz Kolekce CEDRAL Po\u010det sv\u011bteln\u00fdch zdroj\u016f 1 U v\u00fdrobce dostupn\u00fdch v\u00edce [&hellip;]","og_url":"https:\/\/www.technodompro.com\/index.php\/produkt\/znackovy-zavesne-svitidlo-cedral-39935-stars-of-light-1912\/","og_image":[{"width":218,"height":800,"url":"https:\/\/www.technodompro.com\/wp-content\/uploads\/2026\/SK0007267-CZ20260425-091535-0-1777079743-EG-39935.webp","type":"image\/webp"}],"twitter_card":"summary_large_image","schema":{"@context":"https:\/\/schema.org","@graph":[{"@type":"WebPage","@id":"https:\/\/www.technodompro.com\/index.php\/produkt\/znackovy-zavesne-svitidlo-cedral-39935-stars-of-light-1912\/","url":"https:\/\/www.technodompro.com\/index.php\/produkt\/znackovy-zavesne-svitidlo-cedral-39935-stars-of-light-1912\/","name":"Zna\u010dkov\u00fd Z\u00e1v\u011bsn\u00e9 sv\u00edtidlo CEDRAL 39935 - STARS OF LIGHT -","isPartOf":{"@id":"https:\/\/www.technodompro.com\/#website"},"primaryImageOfPage":{"@id":"https:\/\/www.technodompro.com\/index.php\/produkt\/znackovy-zavesne-svitidlo-cedral-39935-stars-of-light-1912\/#primaryimage"},"image":{"@id":"https:\/\/www.technodompro.com\/index.php\/produkt\/znackovy-zavesne-svitidlo-cedral-39935-stars-of-light-1912\/#primaryimage"},"thumbnailUrl":"https:\/\/www.technodompro.com\/wp-content\/uploads\/2026\/SK0007267-CZ20260425-091535-0-1777079743-EG-39935.webp","datePublished":"2026-04-27T04:40:40+00:00","breadcrumb":{"@id":"https:\/\/www.technodompro.com\/index.php\/produkt\/znackovy-zavesne-svitidlo-cedral-39935-stars-of-light-1912\/#breadcrumb"},"inLanguage":"cs","potentialAction":[{"@type":"ReadAction","target":["https:\/\/www.technodompro.com\/index.php\/produkt\/znackovy-zavesne-svitidlo-cedral-39935-stars-of-light-1912\/"]}]},{"@type":"ImageObject","inLanguage":"cs","@id":"https:\/\/www.technodompro.com\/index.php\/produkt\/znackovy-zavesne-svitidlo-cedral-39935-stars-of-light-1912\/#primaryimage","url":"https:\/\/www.technodompro.com\/wp-content\/uploads\/2026\/SK0007267-CZ20260425-091535-0-1777079743-EG-39935.webp","contentUrl":"https:\/\/www.technodompro.com\/wp-content\/uploads\/2026\/SK0007267-CZ20260425-091535-0-1777079743-EG-39935.webp","width":218,"height":800},{"@type":"BreadcrumbList","@id":"https:\/\/www.technodompro.com\/index.php\/produkt\/znackovy-zavesne-svitidlo-cedral-39935-stars-of-light-1912\/#breadcrumb","itemListElement":[{"@type":"ListItem","position":1,"name":"Home","item":"https:\/\/www.technodompro.com\/"},{"@type":"ListItem","position":2,"name":"Products","item":"https:\/\/www.technodompro.com\/index.php\/products\/"},{"@type":"ListItem","position":3,"name":"Zna\u010dkov\u00fd Z\u00e1v\u011bsn\u00e9 sv\u00edtidlo CEDRAL 39935 &#8211; STARS OF LIGHT"}]},{"@type":"WebSite","@id":"https:\/\/www.technodompro.com\/#website","url":"https:\/\/www.technodompro.com\/","name":"","description":"","potentialAction":[{"@type":"SearchAction","target":{"@type":"EntryPoint","urlTemplate":"https:\/\/www.technodompro.com\/?s={search_term_string}"},"query-input":{"@type":"PropertyValueSpecification","valueRequired":true,"valueName":"search_term_string"}}],"inLanguage":"cs"}]}},"_links":{"self":[{"href":"https:\/\/www.technodompro.com\/index.php\/wp-json\/wp\/v2\/product\/1912","targetHints":{"allow":["GET"]}}],"collection":[{"href":"https:\/\/www.technodompro.com\/index.php\/wp-json\/wp\/v2\/product"}],"about":[{"href":"https:\/\/www.technodompro.com\/index.php\/wp-json\/wp\/v2\/types\/product"}],"replies":[{"embeddable":true,"href":"https:\/\/www.technodompro.com\/index.php\/wp-json\/wp\/v2\/comments?post=1912"}],"wp:featuredmedia":[{"embeddable":true,"href":"https:\/\/www.technodompro.com\/index.php\/wp-json\/wp\/v2\/media\/2012"}],"wp:attachment":[{"href":"https:\/\/www.technodompro.com\/index.php\/wp-json\/wp\/v2\/media?parent=1912"}],"wp:term":[{"taxonomy":"product_brand","embeddable":true,"href":"https:\/\/www.technodompro.com\/index.php\/wp-json\/wp\/v2\/product_brand?post=1912"},{"taxonomy":"product_cat","embeddable":true,"href":"https:\/\/www.technodompro.com\/index.php\/wp-json\/wp\/v2\/product_cat?post=1912"},{"taxonomy":"product_tag","embeddable":true,"href":"https:\/\/www.technodompro.com\/index.php\/wp-json\/wp\/v2\/product_tag?post=1912"}],"curies":[{"name":"wp","href":"https:\/\/api.w.org\/{rel}","templated":true}]}}