{"id":21383,"date":"2026-04-27T04:41:24","date_gmt":"2026-04-27T04:41:24","guid":{"rendered":""},"modified":"2026-04-27T04:41:24","modified_gmt":"2026-04-27T04:41:24","slug":"ronal-divera-jednokridle-dvere-s-pantem-u-zdi-a-s-pevnou-stenou-v-rovine-d22t31070405087-vraceni-zdarma-21383","status":"publish","type":"product","link":"https:\/\/www.technodompro.com\/index.php\/produkt\/ronal-divera-jednokridle-dvere-s-pantem-u-zdi-a-s-pevnou-stenou-v-rovine-d22t31070405087-vraceni-zdarma-21383\/","title":{"rendered":"RONAL DIVERA Jednok\u0159\u00eddl\u00e9 dve\u0159e s pantem u zdi a s pevnou st\u011bnou v rovin\u011b D22T31070405087 Vr\u00e1cen\u00ed Zdarma"},"content":{"rendered":"<div class=\"basic-description\">\n<h3>Detailn\u00ed popis produktu<\/h3>\n<p>                                    DIVERA od RONAL spl\u0148uje ve\u0161ker\u00e9 po\u017eadavky na modern\u00ed sprchov\u00fd kout. Je inovativn\u00ed, konstruk\u010dn\u011b jednoduch\u00e1 a p\u0159itom komfortn\u00ed. 6mm bezpe\u010dnostn\u00ed sklo je vybaveno antiplakovou \u00fapravou pro snadn\u00e9 \u010di\u0161t\u011bn\u00ed. Sklo 87 &#8211; Screen. K\u0159\u00eddlov\u00e9 sprchov\u00e9 dve\u0159e lze um\u00edstit samostatn\u011b v nice nebo je lze kombinovat s bo\u010dn\u00ed st\u011bnou D22F1 nebo s dv\u011bma bo\u010dn\u00edmi st\u011bnami pro U-mont\u00e1\u017e (D22F1 + D22F3; 2xD22F1) &#8211; pro U-mont\u00e1\u017e D22F1 + D22F3 je nutn\u00e9 objednat rohovou vzp\u011bru D22EV1.10.500 nebo D22EV2.10.500. Pro U-mont\u00e1\u017e 2xD22F1 je nutno objednat 2 rohov\u00e9 vzp\u011bry D22EV1.10.500 a fixn\u00ed d\u00edl D22FPG.10. Sou\u010d\u00e1st\u00ed je rohov\u00e1 vzp\u011bra, kter\u00e1 zaji\u0161\u0165uje optim\u00e1ln\u00ed stabilitu sprchov\u00e9 z\u00e1st\u011bny. Rohov\u00e1 vzp\u011bra je integrovan\u00e1 p\u0159\u00edmo do profilu. Ergonomick\u00e9 madlo pro komfortn\u00ed otv\u00edr\u00e1n\u00ed a zav\u00edr\u00e1n\u00ed dve\u0159\u00ed. Vyrovn\u00e1vac\u00ed profil umo\u017e\u0148uje p\u0159estavitelnost a\u017e 60 mm a v\u00fdrazn\u011b tak usnad\u0148uje mont\u00e1\u017e. Elegantn\u00ed chromovan\u00e9 krytky podtrhuj\u00ed celkov\u00fd design sprchov\u00e9 z\u00e1st\u011bny. Velmi dobr\u00e1 ochrana proti st\u0159\u00edkaj\u00edc\u00ed vod\u011b &#8211; pro optim\u00e1ln\u00ed t\u011bsnost RONAL standardn\u011b dod\u00e1v\u00e1 \u00fazkou prahovou li\u0161tu (15 mm). Naklap\u00e1vac\u00ed syst\u00e9m spojen\u00ed dve\u0159\u00ed a bo\u010dn\u00ed st\u011bny &#8211; zaji\u0161\u0165uje naprostou t\u011bsnost a elegantn\u00ed vzhled bez vrt\u00e1n\u00ed a \u0161roubov\u00e1n\u00ed. Otv\u00edr\u00e1n\u00ed dve\u0159\u00ed ven i dovnit\u0159. Magnetick\u00e9 t\u011bsn\u011bn\u00ed. Sprchov\u00e1 z\u00e1st\u011bna se dod\u00e1v\u00e1 ve 2 balen\u00edch.                            <\/p><\/div>\n","protected":false},"excerpt":{"rendered":"<p>Detailn\u00ed popis produktu DIVERA od RONAL spl\u0148uje ve\u0161ker\u00e9 po\u017eadavky na modern\u00ed sprchov\u00fd kout. Je inovativn\u00ed, konstruk\u010dn\u011b jednoduch\u00e1 a p\u0159itom komfortn\u00ed. 6mm bezpe\u010dnostn\u00ed sklo je vybaveno antiplakovou \u00fapravou pro snadn\u00e9 \u010di\u0161t\u011bn\u00ed. Sklo 87 &#8211; Screen. K\u0159\u00eddlov\u00e9 sprchov\u00e9 dve\u0159e lze um\u00edstit samostatn\u011b v nice nebo je lze kombinovat s bo\u010dn\u00ed st\u011bnou D22F1 nebo s dv\u011bma bo\u010dn\u00edmi st\u011bnami [&hellip;]<\/p>\n","protected":false},"featured_media":21483,"comment_status":"open","ping_status":"open","template":"","meta":[],"product_brand":[],"product_cat":[78],"product_tag":[],"class_list":{"0":"post-21383","1":"product","2":"type-product","3":"status-publish","4":"has-post-thumbnail","6":"product_cat-koupelny-a-sanitarni-technika","8":"first","9":"instock","10":"sale","11":"shipping-taxable","12":"purchasable","13":"product-type-simple"},"yoast_head":"<!-- This site is optimized with the Yoast SEO plugin v26.8 - https:\/\/yoast.com\/product\/yoast-seo-wordpress\/ -->\n<title>RONAL DIVERA Jednok\u0159\u00eddl\u00e9 dve\u0159e s pantem u zdi a s pevnou st\u011bnou v rovin\u011b D22T31070405087 Vr\u00e1cen\u00ed Zdarma -<\/title>\n<meta name=\"robots\" content=\"index, follow, max-snippet:-1, max-image-preview:large, max-video-preview:-1\" \/>\n<link rel=\"canonical\" href=\"https:\/\/www.technodompro.com\/index.php\/produkt\/ronal-divera-jednokridle-dvere-s-pantem-u-zdi-a-s-pevnou-stenou-v-rovine-d22t31070405087-vraceni-zdarma-21383\/\" \/>\n<meta property=\"og:locale\" content=\"cs_CZ\" \/>\n<meta property=\"og:type\" content=\"article\" \/>\n<meta property=\"og:title\" content=\"RONAL DIVERA Jednok\u0159\u00eddl\u00e9 dve\u0159e s pantem u zdi a s pevnou st\u011bnou v rovin\u011b D22T31070405087 Vr\u00e1cen\u00ed Zdarma -\" \/>\n<meta property=\"og:description\" content=\"Detailn\u00ed popis produktu DIVERA od RONAL spl\u0148uje ve\u0161ker\u00e9 po\u017eadavky na modern\u00ed sprchov\u00fd kout. Je inovativn\u00ed, konstruk\u010dn\u011b jednoduch\u00e1 a p\u0159itom komfortn\u00ed. 6mm bezpe\u010dnostn\u00ed sklo je vybaveno antiplakovou \u00fapravou pro snadn\u00e9 \u010di\u0161t\u011bn\u00ed. Sklo 87 &#8211; Screen. K\u0159\u00eddlov\u00e9 sprchov\u00e9 dve\u0159e lze um\u00edstit samostatn\u011b v nice nebo je lze kombinovat s bo\u010dn\u00ed st\u011bnou D22F1 nebo s dv\u011bma bo\u010dn\u00edmi st\u011bnami [&hellip;]\" \/>\n<meta property=\"og:url\" content=\"https:\/\/www.technodompro.com\/index.php\/produkt\/ronal-divera-jednokridle-dvere-s-pantem-u-zdi-a-s-pevnou-stenou-v-rovine-d22t31070405087-vraceni-zdarma-21383\/\" \/>\n<meta property=\"og:image\" content=\"https:\/\/www.technodompro.com\/wp-content\/uploads\/2026\/SK0012686-CZ20260425-093351-0-1777080838-1178692_ronal-divera-jednokridle-dvere-s-pantem-u-zdi-a-s-p.webp\" \/>\n\t<meta property=\"og:image:width\" content=\"1000\" \/>\n\t<meta property=\"og:image:height\" content=\"750\" \/>\n\t<meta property=\"og:image:type\" content=\"image\/webp\" \/>\n<meta name=\"twitter:card\" content=\"summary_large_image\" \/>\n<meta name=\"twitter:label1\" content=\"Odhadovan\u00e1 doba \u010dten\u00ed\" \/>\n\t<meta name=\"twitter:data1\" content=\"1 minuta\" \/>\n<script type=\"application\/ld+json\" class=\"yoast-schema-graph\">{\"@context\":\"https:\/\/schema.org\",\"@graph\":[{\"@type\":\"WebPage\",\"@id\":\"https:\/\/www.technodompro.com\/index.php\/produkt\/ronal-divera-jednokridle-dvere-s-pantem-u-zdi-a-s-pevnou-stenou-v-rovine-d22t31070405087-vraceni-zdarma-21383\/\",\"url\":\"https:\/\/www.technodompro.com\/index.php\/produkt\/ronal-divera-jednokridle-dvere-s-pantem-u-zdi-a-s-pevnou-stenou-v-rovine-d22t31070405087-vraceni-zdarma-21383\/\",\"name\":\"RONAL DIVERA Jednok\u0159\u00eddl\u00e9 dve\u0159e s pantem u zdi a s pevnou st\u011bnou v rovin\u011b D22T31070405087 Vr\u00e1cen\u00ed Zdarma -\",\"isPartOf\":{\"@id\":\"https:\/\/www.technodompro.com\/#website\"},\"primaryImageOfPage\":{\"@id\":\"https:\/\/www.technodompro.com\/index.php\/produkt\/ronal-divera-jednokridle-dvere-s-pantem-u-zdi-a-s-pevnou-stenou-v-rovine-d22t31070405087-vraceni-zdarma-21383\/#primaryimage\"},\"image\":{\"@id\":\"https:\/\/www.technodompro.com\/index.php\/produkt\/ronal-divera-jednokridle-dvere-s-pantem-u-zdi-a-s-pevnou-stenou-v-rovine-d22t31070405087-vraceni-zdarma-21383\/#primaryimage\"},\"thumbnailUrl\":\"https:\/\/www.technodompro.com\/wp-content\/uploads\/2026\/SK0012686-CZ20260425-093351-0-1777080838-1178692_ronal-divera-jednokridle-dvere-s-pantem-u-zdi-a-s-p.webp\",\"datePublished\":\"2026-04-27T04:41:24+00:00\",\"breadcrumb\":{\"@id\":\"https:\/\/www.technodompro.com\/index.php\/produkt\/ronal-divera-jednokridle-dvere-s-pantem-u-zdi-a-s-pevnou-stenou-v-rovine-d22t31070405087-vraceni-zdarma-21383\/#breadcrumb\"},\"inLanguage\":\"cs\",\"potentialAction\":[{\"@type\":\"ReadAction\",\"target\":[\"https:\/\/www.technodompro.com\/index.php\/produkt\/ronal-divera-jednokridle-dvere-s-pantem-u-zdi-a-s-pevnou-stenou-v-rovine-d22t31070405087-vraceni-zdarma-21383\/\"]}]},{\"@type\":\"ImageObject\",\"inLanguage\":\"cs\",\"@id\":\"https:\/\/www.technodompro.com\/index.php\/produkt\/ronal-divera-jednokridle-dvere-s-pantem-u-zdi-a-s-pevnou-stenou-v-rovine-d22t31070405087-vraceni-zdarma-21383\/#primaryimage\",\"url\":\"https:\/\/www.technodompro.com\/wp-content\/uploads\/2026\/SK0012686-CZ20260425-093351-0-1777080838-1178692_ronal-divera-jednokridle-dvere-s-pantem-u-zdi-a-s-p.webp\",\"contentUrl\":\"https:\/\/www.technodompro.com\/wp-content\/uploads\/2026\/SK0012686-CZ20260425-093351-0-1777080838-1178692_ronal-divera-jednokridle-dvere-s-pantem-u-zdi-a-s-p.webp\",\"width\":1000,\"height\":750},{\"@type\":\"BreadcrumbList\",\"@id\":\"https:\/\/www.technodompro.com\/index.php\/produkt\/ronal-divera-jednokridle-dvere-s-pantem-u-zdi-a-s-pevnou-stenou-v-rovine-d22t31070405087-vraceni-zdarma-21383\/#breadcrumb\",\"itemListElement\":[{\"@type\":\"ListItem\",\"position\":1,\"name\":\"Home\",\"item\":\"https:\/\/www.technodompro.com\/\"},{\"@type\":\"ListItem\",\"position\":2,\"name\":\"Products\",\"item\":\"https:\/\/www.technodompro.com\/index.php\/products\/\"},{\"@type\":\"ListItem\",\"position\":3,\"name\":\"RONAL DIVERA Jednok\u0159\u00eddl\u00e9 dve\u0159e s pantem u zdi a s pevnou st\u011bnou v rovin\u011b D22T31070405087 Vr\u00e1cen\u00ed Zdarma\"}]},{\"@type\":\"WebSite\",\"@id\":\"https:\/\/www.technodompro.com\/#website\",\"url\":\"https:\/\/www.technodompro.com\/\",\"name\":\"\",\"description\":\"\",\"potentialAction\":[{\"@type\":\"SearchAction\",\"target\":{\"@type\":\"EntryPoint\",\"urlTemplate\":\"https:\/\/www.technodompro.com\/?s={search_term_string}\"},\"query-input\":{\"@type\":\"PropertyValueSpecification\",\"valueRequired\":true,\"valueName\":\"search_term_string\"}}],\"inLanguage\":\"cs\"}]}<\/script>\n<!-- \/ Yoast SEO plugin. -->","yoast_head_json":{"title":"RONAL DIVERA Jednok\u0159\u00eddl\u00e9 dve\u0159e s pantem u zdi a s pevnou st\u011bnou v rovin\u011b D22T31070405087 Vr\u00e1cen\u00ed Zdarma -","robots":{"index":"index","follow":"follow","max-snippet":"max-snippet:-1","max-image-preview":"max-image-preview:large","max-video-preview":"max-video-preview:-1"},"canonical":"https:\/\/www.technodompro.com\/index.php\/produkt\/ronal-divera-jednokridle-dvere-s-pantem-u-zdi-a-s-pevnou-stenou-v-rovine-d22t31070405087-vraceni-zdarma-21383\/","og_locale":"cs_CZ","og_type":"article","og_title":"RONAL DIVERA Jednok\u0159\u00eddl\u00e9 dve\u0159e s pantem u zdi a s pevnou st\u011bnou v rovin\u011b D22T31070405087 Vr\u00e1cen\u00ed Zdarma -","og_description":"Detailn\u00ed popis produktu DIVERA od RONAL spl\u0148uje ve\u0161ker\u00e9 po\u017eadavky na modern\u00ed sprchov\u00fd kout. Je inovativn\u00ed, konstruk\u010dn\u011b jednoduch\u00e1 a p\u0159itom komfortn\u00ed. 6mm bezpe\u010dnostn\u00ed sklo je vybaveno antiplakovou \u00fapravou pro snadn\u00e9 \u010di\u0161t\u011bn\u00ed. Sklo 87 &#8211; Screen. K\u0159\u00eddlov\u00e9 sprchov\u00e9 dve\u0159e lze um\u00edstit samostatn\u011b v nice nebo je lze kombinovat s bo\u010dn\u00ed st\u011bnou D22F1 nebo s dv\u011bma bo\u010dn\u00edmi st\u011bnami [&hellip;]","og_url":"https:\/\/www.technodompro.com\/index.php\/produkt\/ronal-divera-jednokridle-dvere-s-pantem-u-zdi-a-s-pevnou-stenou-v-rovine-d22t31070405087-vraceni-zdarma-21383\/","og_image":[{"width":1000,"height":750,"url":"https:\/\/www.technodompro.com\/wp-content\/uploads\/2026\/SK0012686-CZ20260425-093351-0-1777080838-1178692_ronal-divera-jednokridle-dvere-s-pantem-u-zdi-a-s-p.webp","type":"image\/webp"}],"twitter_card":"summary_large_image","twitter_misc":{"Odhadovan\u00e1 doba \u010dten\u00ed":"1 minuta"},"schema":{"@context":"https:\/\/schema.org","@graph":[{"@type":"WebPage","@id":"https:\/\/www.technodompro.com\/index.php\/produkt\/ronal-divera-jednokridle-dvere-s-pantem-u-zdi-a-s-pevnou-stenou-v-rovine-d22t31070405087-vraceni-zdarma-21383\/","url":"https:\/\/www.technodompro.com\/index.php\/produkt\/ronal-divera-jednokridle-dvere-s-pantem-u-zdi-a-s-pevnou-stenou-v-rovine-d22t31070405087-vraceni-zdarma-21383\/","name":"RONAL DIVERA Jednok\u0159\u00eddl\u00e9 dve\u0159e s pantem u zdi a s pevnou st\u011bnou v rovin\u011b D22T31070405087 Vr\u00e1cen\u00ed Zdarma -","isPartOf":{"@id":"https:\/\/www.technodompro.com\/#website"},"primaryImageOfPage":{"@id":"https:\/\/www.technodompro.com\/index.php\/produkt\/ronal-divera-jednokridle-dvere-s-pantem-u-zdi-a-s-pevnou-stenou-v-rovine-d22t31070405087-vraceni-zdarma-21383\/#primaryimage"},"image":{"@id":"https:\/\/www.technodompro.com\/index.php\/produkt\/ronal-divera-jednokridle-dvere-s-pantem-u-zdi-a-s-pevnou-stenou-v-rovine-d22t31070405087-vraceni-zdarma-21383\/#primaryimage"},"thumbnailUrl":"https:\/\/www.technodompro.com\/wp-content\/uploads\/2026\/SK0012686-CZ20260425-093351-0-1777080838-1178692_ronal-divera-jednokridle-dvere-s-pantem-u-zdi-a-s-p.webp","datePublished":"2026-04-27T04:41:24+00:00","breadcrumb":{"@id":"https:\/\/www.technodompro.com\/index.php\/produkt\/ronal-divera-jednokridle-dvere-s-pantem-u-zdi-a-s-pevnou-stenou-v-rovine-d22t31070405087-vraceni-zdarma-21383\/#breadcrumb"},"inLanguage":"cs","potentialAction":[{"@type":"ReadAction","target":["https:\/\/www.technodompro.com\/index.php\/produkt\/ronal-divera-jednokridle-dvere-s-pantem-u-zdi-a-s-pevnou-stenou-v-rovine-d22t31070405087-vraceni-zdarma-21383\/"]}]},{"@type":"ImageObject","inLanguage":"cs","@id":"https:\/\/www.technodompro.com\/index.php\/produkt\/ronal-divera-jednokridle-dvere-s-pantem-u-zdi-a-s-pevnou-stenou-v-rovine-d22t31070405087-vraceni-zdarma-21383\/#primaryimage","url":"https:\/\/www.technodompro.com\/wp-content\/uploads\/2026\/SK0012686-CZ20260425-093351-0-1777080838-1178692_ronal-divera-jednokridle-dvere-s-pantem-u-zdi-a-s-p.webp","contentUrl":"https:\/\/www.technodompro.com\/wp-content\/uploads\/2026\/SK0012686-CZ20260425-093351-0-1777080838-1178692_ronal-divera-jednokridle-dvere-s-pantem-u-zdi-a-s-p.webp","width":1000,"height":750},{"@type":"BreadcrumbList","@id":"https:\/\/www.technodompro.com\/index.php\/produkt\/ronal-divera-jednokridle-dvere-s-pantem-u-zdi-a-s-pevnou-stenou-v-rovine-d22t31070405087-vraceni-zdarma-21383\/#breadcrumb","itemListElement":[{"@type":"ListItem","position":1,"name":"Home","item":"https:\/\/www.technodompro.com\/"},{"@type":"ListItem","position":2,"name":"Products","item":"https:\/\/www.technodompro.com\/index.php\/products\/"},{"@type":"ListItem","position":3,"name":"RONAL DIVERA Jednok\u0159\u00eddl\u00e9 dve\u0159e s pantem u zdi a s pevnou st\u011bnou v rovin\u011b D22T31070405087 Vr\u00e1cen\u00ed Zdarma"}]},{"@type":"WebSite","@id":"https:\/\/www.technodompro.com\/#website","url":"https:\/\/www.technodompro.com\/","name":"","description":"","potentialAction":[{"@type":"SearchAction","target":{"@type":"EntryPoint","urlTemplate":"https:\/\/www.technodompro.com\/?s={search_term_string}"},"query-input":{"@type":"PropertyValueSpecification","valueRequired":true,"valueName":"search_term_string"}}],"inLanguage":"cs"}]}},"_links":{"self":[{"href":"https:\/\/www.technodompro.com\/index.php\/wp-json\/wp\/v2\/product\/21383","targetHints":{"allow":["GET"]}}],"collection":[{"href":"https:\/\/www.technodompro.com\/index.php\/wp-json\/wp\/v2\/product"}],"about":[{"href":"https:\/\/www.technodompro.com\/index.php\/wp-json\/wp\/v2\/types\/product"}],"replies":[{"embeddable":true,"href":"https:\/\/www.technodompro.com\/index.php\/wp-json\/wp\/v2\/comments?post=21383"}],"wp:featuredmedia":[{"embeddable":true,"href":"https:\/\/www.technodompro.com\/index.php\/wp-json\/wp\/v2\/media\/21483"}],"wp:attachment":[{"href":"https:\/\/www.technodompro.com\/index.php\/wp-json\/wp\/v2\/media?parent=21383"}],"wp:term":[{"taxonomy":"product_brand","embeddable":true,"href":"https:\/\/www.technodompro.com\/index.php\/wp-json\/wp\/v2\/product_brand?post=21383"},{"taxonomy":"product_cat","embeddable":true,"href":"https:\/\/www.technodompro.com\/index.php\/wp-json\/wp\/v2\/product_cat?post=21383"},{"taxonomy":"product_tag","embeddable":true,"href":"https:\/\/www.technodompro.com\/index.php\/wp-json\/wp\/v2\/product_tag?post=21383"}],"curies":[{"name":"wp","href":"https:\/\/api.w.org\/{rel}","templated":true}]}}