{"id":2140,"date":"2026-04-27T04:40:40","date_gmt":"2026-04-27T04:40:40","guid":{"rendered":""},"modified":"2026-04-27T04:40:40","modified_gmt":"2026-04-27T04:40:40","slug":"86814-optica-eglo-znackovy-2140","status":"publish","type":"product","link":"https:\/\/www.technodompro.com\/index.php\/produkt\/86814-optica-eglo-znackovy-2140\/","title":{"rendered":"86814 OPTICA &#8211; EGLO Zna\u010dkov\u00fd"},"content":{"rendered":"<h3 class=\"product-h3\">Popis produktu<\/h3>\n<p><p>Ladn\u00e9 obl\u00e9 linie, nad\u010dasovost a elegance &#8211; to jsou charakteristick\u00e9 znaky velmi obl\u00edben\u00e9 \u0159ady OPTICA. Designov\u00fd lustr dod\u00e1 va\u0161emu ob\u00fdvac\u00edmu pokoji nebo j\u00eddeln\u011b prvek osobitosti. Sv\u00edtidlo je vyrobeno z b\u00edl\u00e9ho op\u00e1lov\u00e9ho skla v kombinaci s matn\u00fdm niklem. Dur\u010deno pro dv\u011b \u017e\u00e1rovky s patic\u00ed E27, max. 60W. Pr\u016fm\u011br m\u00e1 35 cm a v\u00fd\u0161ku 110 cm. S\u00e9rie OPTICA \u010d\u00edt\u00e1 celou \u0159adu dal\u0161\u00edch \u010dlen\u016f &#8211; m\u016f\u017eete tam ve stejn\u00e9m designu za\u0159\u00eddit cel\u00fd pokoj &#8211; od lustru p\u0159es lampi\u010dku a\u017e po stojac\u00ed lampu \u010di stropnici.<\/p>\n<\/p><\/div>\n<div class=\"product-left-popis-vyrobce\">\n<div class='col-xs-12'>\n<h1><strong>EGLO &ndash; komplexn&iacute; \u0159e&scaron;en&iacute; osv\u011btlen&iacute;<\/strong><strong>&nbsp;<\/strong><\/h1>\n<p>Osv\u011btlen&iacute;, to nen&iacute; jen samotn&eacute; t\u011bleso a st&iacute;nidlo, je zapot\u0159eb&iacute; p\u0159idat tak&eacute; sv\u011bteln&yacute; zdroj a v&scaron;echno dohromady mus&iacute; tvo\u0159it kompaktn&iacute; celek, aby mohlo dob\u0159e slou\u017eit, sv&iacute;tit a dod&aacute;vat interi&eacute;ru p\u0159&iacute;jemnou atmosf&eacute;ru. <strong>Rakousk&yacute; v&yacute;robce interi&eacute;rov&eacute;ho i venkovn&iacute;ho osv\u011btlen&iacute; EGLO<\/strong> proto vyr&aacute;b&iacute; nejen samotn&aacute; <strong>sv&iacute;tidla<\/strong>, ale tak&eacute; <strong>sv\u011bteln&eacute; zdroje<\/strong> a nab&iacute;z&iacute; tak komplexn&iacute; \u0159e&scaron;en&iacute; osv\u011btlen&iacute; pro ka\u017ed&yacute; interi&eacute;r i exteri&eacute;r. Firma EGLO m&aacute; k dispozici &scaron;irok&yacute; sortiment, kter&yacute; zahrnuje modern&iacute; sv&iacute;tidla i osv\u011btlen&iacute; v&nbsp;klasick&eacute;m designu. Pat\u0159&iacute; k nejv\u011bt&scaron;&iacute;m v&yacute;robc\u016f dekorativn&iacute;ch sv&iacute;tidel, nab&iacute;z&iacute; p\u0159edev&scaron;&iacute;m kvalitn&iacute; a kreativn&iacute; sv&iacute;tidla za rozumn&eacute; ceny.<\/p>\n<p><strong>Jak&aacute; sv&iacute;tidla tedy m\u016f\u017eete od firmy EGLO o\u010dek&aacute;vat?<\/strong><\/p>\n<p>V interi&eacute;ru se soust\u0159ed&iacute; p\u0159edev&scaron;&iacute;m na <strong>lustry<\/strong>, <strong>n&aacute;st\u011bnn&aacute; sv&iacute;tidla<\/strong>, <strong>bodov&eacute; osv\u011btlen&iacute;<\/strong> i <strong>vestavn&eacute; stropn&iacute; bodovky<\/strong>, velkou \u010d&aacute;st sortimentu tvo\u0159&iacute; tak&eacute; <strong>sv&iacute;tidla do kuchyn\u011b a koupelny<\/strong>. Samoz\u0159ejm\u011b nechyb&iacute; ani <strong>stoln&iacute;<\/strong> \u010di <strong>stojac&iacute; lampy<\/strong> a k nim p\u0159&iacute;slu&scaron;n&eacute; sv\u011bteln&eacute; zdroje. Co se t&yacute;k&aacute; venkovn&iacute;ho osv\u011btlen&iacute;, s&aacute;z&iacute; firma EGLO p\u0159edev&scaron;&iacute;m na <strong>sol&aacute;rn&iacute; sv&iacute;tidla<\/strong> k osv\u011btlen&iacute; domu i zahrady, tedy <strong>sloupkov&aacute; sv&iacute;tidla<\/strong>, <strong>z&aacute;pustn&eacute; bodovky<\/strong>, <strong>pojezdov&eacute; reflektory<\/strong>, <strong>n&aacute;st\u011bnn&eacute; i stropn&iacute; osv\u011btlen&iacute;<\/strong> a speci&aacute;ln&iacute; \u0159adu k osv\u011btlen&iacute; terasy a zahrady <strong>Garden Living<\/strong>.<\/p>\n<p><strong>AULIX &#8211; p\u0159\u00edm\u00fd prodejce sv\u00edtidel EGLO v \u010cR<\/strong><\/p>\n<\/p><\/div>\n<\/p><\/div>\n<\/p><\/div>\n<p><\/p>\n<div class=\"top-params\">\n<h3 class=\"product-h3 collapse-header \" data-toggle=\"collapse\" data-target=\"#collapseOne\" aria-expanded=\"true\" aria-controls=\"collapseOne\">Parametry<\/h3>\n<div id=\"collapseOne\" class=\"collapse show\" aria-labelledby=\"headingOne\" data-parent=\"#product-info-accordion1\">\n<table class=\"table-striped\">\n<tr>\n<td>                V\u00fdrobce            <\/td>\n<td>                EGLO            <\/td>\n<\/tr>\n<tr>\n<td>                Patice            <\/td>\n<td>                E27            <\/td>\n<\/tr>\n<tr>\n<td>                V\u010detn\u011b sv\u011bteln\u00e9ho zdroje            <\/td>\n<td>                ne            <\/td>\n<\/tr>\n<tr>\n<td>                Kolekce            <\/td>\n<td>                OPTICA            <\/td>\n<\/tr>\n<tr>\n<td>                Hmotnost g            <\/td>\n<td>                2629            <\/td>\n<\/tr>\n<tr>\n<td>                Barva            <\/td>\n<td>                matn\u00fd nikl \/ b\u00edl\u00e1            <\/td>\n<\/tr>\n<tr>\n<td>                Energetick\u00e1 \u00fa\u010dinnost            <\/td>\n<td>                A++ &#8211; E            <\/td>\n<\/tr>\n<tr>\n<td>                Typ sv\u011bteln\u00e9ho zdroje            <\/td>\n<td>                E27            <\/td>\n<\/tr>\n<tr>\n<td>                Ochrana IP            <\/td>\n<td>                IP20            <\/td>\n<\/tr>\n<tr>\n<td>                Po\u010det sv\u011bteln\u00fdch zdroj\u016f            <\/td>\n<td>                2            <\/td>\n<\/tr>\n<tr>\n<td>                Materi\u00e1l            <\/td>\n<td>                nerez ocel \/ sklo            <\/td>\n<\/tr>\n<tr>\n<td>                V\u00fdkon            <\/td>\n<td>                120W            <\/td>\n<\/tr>\n<tr>\n<td>                Max. p\u0159\u00edkon sv\u011bteln\u00e9ho zdroje            <\/td>\n<td>                120W            <\/td>\n<\/tr>\n<tr>\n<td>                V\u00fd\u0161ka v mm            <\/td>\n<td>                1100            <\/td>\n<\/tr>\n<tr>\n<td>                Pr\u016fm\u011br v mm            <\/td>\n<td>                350            <\/td>\n<\/tr>\n<tr>\n<td>                U v\u00fdrobce dostupn\u00fdch            <\/td>\n<td>                v\u00edce ne\u017e 20                    ks            <\/td>\n<\/tr>\n<\/table>\n<\/div><\/div>\n<\/div>\n<div class=\"accordion\" id=\"product-info-accordion2\">\n","protected":false},"excerpt":{"rendered":"<p>Popis produktu Ladn\u00e9 obl\u00e9 linie, nad\u010dasovost a elegance &#8211; to jsou charakteristick\u00e9 znaky velmi obl\u00edben\u00e9 \u0159ady OPTICA. Designov\u00fd lustr dod\u00e1 va\u0161emu ob\u00fdvac\u00edmu pokoji nebo j\u00eddeln\u011b prvek osobitosti. Sv\u00edtidlo je vyrobeno z b\u00edl\u00e9ho op\u00e1lov\u00e9ho skla v kombinaci s matn\u00fdm niklem. Dur\u010deno pro dv\u011b \u017e\u00e1rovky s patic\u00ed E27, max. 60W. Pr\u016fm\u011br m\u00e1 35 cm a v\u00fd\u0161ku 110 [&hellip;]<\/p>\n","protected":false},"featured_media":2240,"comment_status":"open","ping_status":"open","template":"","meta":[],"product_brand":[],"product_cat":[31],"product_tag":[],"class_list":{"0":"post-2140","1":"product","2":"type-product","3":"status-publish","4":"has-post-thumbnail","6":"product_cat-interierova-svitidla","8":"first","9":"instock","10":"sale","11":"shipping-taxable","12":"purchasable","13":"product-type-simple"},"yoast_head":"<!-- This site is optimized with the Yoast SEO plugin v26.8 - https:\/\/yoast.com\/product\/yoast-seo-wordpress\/ -->\n<title>86814 OPTICA - EGLO Zna\u010dkov\u00fd -<\/title>\n<meta name=\"robots\" content=\"index, follow, max-snippet:-1, max-image-preview:large, max-video-preview:-1\" \/>\n<link rel=\"canonical\" href=\"https:\/\/www.technodompro.com\/index.php\/produkt\/86814-optica-eglo-znackovy-2140\/\" \/>\n<meta property=\"og:locale\" content=\"cs_CZ\" \/>\n<meta property=\"og:type\" content=\"article\" \/>\n<meta property=\"og:title\" content=\"86814 OPTICA - EGLO Zna\u010dkov\u00fd -\" \/>\n<meta property=\"og:description\" content=\"Popis produktu Ladn\u00e9 obl\u00e9 linie, nad\u010dasovost a elegance &#8211; to jsou charakteristick\u00e9 znaky velmi obl\u00edben\u00e9 \u0159ady OPTICA. Designov\u00fd lustr dod\u00e1 va\u0161emu ob\u00fdvac\u00edmu pokoji nebo j\u00eddeln\u011b prvek osobitosti. Sv\u00edtidlo je vyrobeno z b\u00edl\u00e9ho op\u00e1lov\u00e9ho skla v kombinaci s matn\u00fdm niklem. Dur\u010deno pro dv\u011b \u017e\u00e1rovky s patic\u00ed E27, max. 60W. Pr\u016fm\u011br m\u00e1 35 cm a v\u00fd\u0161ku 110 [&hellip;]\" \/>\n<meta property=\"og:url\" content=\"https:\/\/www.technodompro.com\/index.php\/produkt\/86814-optica-eglo-znackovy-2140\/\" \/>\n<meta property=\"og:image\" content=\"https:\/\/www.technodompro.com\/wp-content\/uploads\/2026\/SK0007998-CZ20260425-091535-0-1777079743-EG-86814.webp\" \/>\n\t<meta property=\"og:image:width\" content=\"800\" \/>\n\t<meta property=\"og:image:height\" content=\"800\" \/>\n\t<meta property=\"og:image:type\" content=\"image\/webp\" \/>\n<meta name=\"twitter:card\" content=\"summary_large_image\" \/>\n<meta name=\"twitter:label1\" content=\"Odhadovan\u00e1 doba \u010dten\u00ed\" \/>\n\t<meta name=\"twitter:data1\" content=\"3 minuty\" \/>\n<script type=\"application\/ld+json\" class=\"yoast-schema-graph\">{\"@context\":\"https:\/\/schema.org\",\"@graph\":[{\"@type\":\"WebPage\",\"@id\":\"https:\/\/www.technodompro.com\/index.php\/produkt\/86814-optica-eglo-znackovy-2140\/\",\"url\":\"https:\/\/www.technodompro.com\/index.php\/produkt\/86814-optica-eglo-znackovy-2140\/\",\"name\":\"86814 OPTICA - EGLO Zna\u010dkov\u00fd -\",\"isPartOf\":{\"@id\":\"https:\/\/www.technodompro.com\/#website\"},\"primaryImageOfPage\":{\"@id\":\"https:\/\/www.technodompro.com\/index.php\/produkt\/86814-optica-eglo-znackovy-2140\/#primaryimage\"},\"image\":{\"@id\":\"https:\/\/www.technodompro.com\/index.php\/produkt\/86814-optica-eglo-znackovy-2140\/#primaryimage\"},\"thumbnailUrl\":\"https:\/\/www.technodompro.com\/wp-content\/uploads\/2026\/SK0007998-CZ20260425-091535-0-1777079743-EG-86814.webp\",\"datePublished\":\"2026-04-27T04:40:40+00:00\",\"breadcrumb\":{\"@id\":\"https:\/\/www.technodompro.com\/index.php\/produkt\/86814-optica-eglo-znackovy-2140\/#breadcrumb\"},\"inLanguage\":\"cs\",\"potentialAction\":[{\"@type\":\"ReadAction\",\"target\":[\"https:\/\/www.technodompro.com\/index.php\/produkt\/86814-optica-eglo-znackovy-2140\/\"]}]},{\"@type\":\"ImageObject\",\"inLanguage\":\"cs\",\"@id\":\"https:\/\/www.technodompro.com\/index.php\/produkt\/86814-optica-eglo-znackovy-2140\/#primaryimage\",\"url\":\"https:\/\/www.technodompro.com\/wp-content\/uploads\/2026\/SK0007998-CZ20260425-091535-0-1777079743-EG-86814.webp\",\"contentUrl\":\"https:\/\/www.technodompro.com\/wp-content\/uploads\/2026\/SK0007998-CZ20260425-091535-0-1777079743-EG-86814.webp\",\"width\":800,\"height\":800},{\"@type\":\"BreadcrumbList\",\"@id\":\"https:\/\/www.technodompro.com\/index.php\/produkt\/86814-optica-eglo-znackovy-2140\/#breadcrumb\",\"itemListElement\":[{\"@type\":\"ListItem\",\"position\":1,\"name\":\"Home\",\"item\":\"https:\/\/www.technodompro.com\/\"},{\"@type\":\"ListItem\",\"position\":2,\"name\":\"Products\",\"item\":\"https:\/\/www.technodompro.com\/index.php\/products\/\"},{\"@type\":\"ListItem\",\"position\":3,\"name\":\"86814 OPTICA &#8211; EGLO Zna\u010dkov\u00fd\"}]},{\"@type\":\"WebSite\",\"@id\":\"https:\/\/www.technodompro.com\/#website\",\"url\":\"https:\/\/www.technodompro.com\/\",\"name\":\"\",\"description\":\"\",\"potentialAction\":[{\"@type\":\"SearchAction\",\"target\":{\"@type\":\"EntryPoint\",\"urlTemplate\":\"https:\/\/www.technodompro.com\/?s={search_term_string}\"},\"query-input\":{\"@type\":\"PropertyValueSpecification\",\"valueRequired\":true,\"valueName\":\"search_term_string\"}}],\"inLanguage\":\"cs\"}]}<\/script>\n<!-- \/ Yoast SEO plugin. -->","yoast_head_json":{"title":"86814 OPTICA - EGLO Zna\u010dkov\u00fd -","robots":{"index":"index","follow":"follow","max-snippet":"max-snippet:-1","max-image-preview":"max-image-preview:large","max-video-preview":"max-video-preview:-1"},"canonical":"https:\/\/www.technodompro.com\/index.php\/produkt\/86814-optica-eglo-znackovy-2140\/","og_locale":"cs_CZ","og_type":"article","og_title":"86814 OPTICA - EGLO Zna\u010dkov\u00fd -","og_description":"Popis produktu Ladn\u00e9 obl\u00e9 linie, nad\u010dasovost a elegance &#8211; to jsou charakteristick\u00e9 znaky velmi obl\u00edben\u00e9 \u0159ady OPTICA. Designov\u00fd lustr dod\u00e1 va\u0161emu ob\u00fdvac\u00edmu pokoji nebo j\u00eddeln\u011b prvek osobitosti. Sv\u00edtidlo je vyrobeno z b\u00edl\u00e9ho op\u00e1lov\u00e9ho skla v kombinaci s matn\u00fdm niklem. Dur\u010deno pro dv\u011b \u017e\u00e1rovky s patic\u00ed E27, max. 60W. Pr\u016fm\u011br m\u00e1 35 cm a v\u00fd\u0161ku 110 [&hellip;]","og_url":"https:\/\/www.technodompro.com\/index.php\/produkt\/86814-optica-eglo-znackovy-2140\/","og_image":[{"width":800,"height":800,"url":"https:\/\/www.technodompro.com\/wp-content\/uploads\/2026\/SK0007998-CZ20260425-091535-0-1777079743-EG-86814.webp","type":"image\/webp"}],"twitter_card":"summary_large_image","twitter_misc":{"Odhadovan\u00e1 doba \u010dten\u00ed":"3 minuty"},"schema":{"@context":"https:\/\/schema.org","@graph":[{"@type":"WebPage","@id":"https:\/\/www.technodompro.com\/index.php\/produkt\/86814-optica-eglo-znackovy-2140\/","url":"https:\/\/www.technodompro.com\/index.php\/produkt\/86814-optica-eglo-znackovy-2140\/","name":"86814 OPTICA - EGLO Zna\u010dkov\u00fd -","isPartOf":{"@id":"https:\/\/www.technodompro.com\/#website"},"primaryImageOfPage":{"@id":"https:\/\/www.technodompro.com\/index.php\/produkt\/86814-optica-eglo-znackovy-2140\/#primaryimage"},"image":{"@id":"https:\/\/www.technodompro.com\/index.php\/produkt\/86814-optica-eglo-znackovy-2140\/#primaryimage"},"thumbnailUrl":"https:\/\/www.technodompro.com\/wp-content\/uploads\/2026\/SK0007998-CZ20260425-091535-0-1777079743-EG-86814.webp","datePublished":"2026-04-27T04:40:40+00:00","breadcrumb":{"@id":"https:\/\/www.technodompro.com\/index.php\/produkt\/86814-optica-eglo-znackovy-2140\/#breadcrumb"},"inLanguage":"cs","potentialAction":[{"@type":"ReadAction","target":["https:\/\/www.technodompro.com\/index.php\/produkt\/86814-optica-eglo-znackovy-2140\/"]}]},{"@type":"ImageObject","inLanguage":"cs","@id":"https:\/\/www.technodompro.com\/index.php\/produkt\/86814-optica-eglo-znackovy-2140\/#primaryimage","url":"https:\/\/www.technodompro.com\/wp-content\/uploads\/2026\/SK0007998-CZ20260425-091535-0-1777079743-EG-86814.webp","contentUrl":"https:\/\/www.technodompro.com\/wp-content\/uploads\/2026\/SK0007998-CZ20260425-091535-0-1777079743-EG-86814.webp","width":800,"height":800},{"@type":"BreadcrumbList","@id":"https:\/\/www.technodompro.com\/index.php\/produkt\/86814-optica-eglo-znackovy-2140\/#breadcrumb","itemListElement":[{"@type":"ListItem","position":1,"name":"Home","item":"https:\/\/www.technodompro.com\/"},{"@type":"ListItem","position":2,"name":"Products","item":"https:\/\/www.technodompro.com\/index.php\/products\/"},{"@type":"ListItem","position":3,"name":"86814 OPTICA &#8211; EGLO Zna\u010dkov\u00fd"}]},{"@type":"WebSite","@id":"https:\/\/www.technodompro.com\/#website","url":"https:\/\/www.technodompro.com\/","name":"","description":"","potentialAction":[{"@type":"SearchAction","target":{"@type":"EntryPoint","urlTemplate":"https:\/\/www.technodompro.com\/?s={search_term_string}"},"query-input":{"@type":"PropertyValueSpecification","valueRequired":true,"valueName":"search_term_string"}}],"inLanguage":"cs"}]}},"_links":{"self":[{"href":"https:\/\/www.technodompro.com\/index.php\/wp-json\/wp\/v2\/product\/2140","targetHints":{"allow":["GET"]}}],"collection":[{"href":"https:\/\/www.technodompro.com\/index.php\/wp-json\/wp\/v2\/product"}],"about":[{"href":"https:\/\/www.technodompro.com\/index.php\/wp-json\/wp\/v2\/types\/product"}],"replies":[{"embeddable":true,"href":"https:\/\/www.technodompro.com\/index.php\/wp-json\/wp\/v2\/comments?post=2140"}],"wp:featuredmedia":[{"embeddable":true,"href":"https:\/\/www.technodompro.com\/index.php\/wp-json\/wp\/v2\/media\/2240"}],"wp:attachment":[{"href":"https:\/\/www.technodompro.com\/index.php\/wp-json\/wp\/v2\/media?parent=2140"}],"wp:term":[{"taxonomy":"product_brand","embeddable":true,"href":"https:\/\/www.technodompro.com\/index.php\/wp-json\/wp\/v2\/product_brand?post=2140"},{"taxonomy":"product_cat","embeddable":true,"href":"https:\/\/www.technodompro.com\/index.php\/wp-json\/wp\/v2\/product_cat?post=2140"},{"taxonomy":"product_tag","embeddable":true,"href":"https:\/\/www.technodompro.com\/index.php\/wp-json\/wp\/v2\/product_tag?post=2140"}],"curies":[{"name":"wp","href":"https:\/\/api.w.org\/{rel}","templated":true}]}}