{"id":22315,"date":"2026-04-27T04:41:26","date_gmt":"2026-04-27T04:41:26","guid":{"rendered":""},"modified":"2026-04-27T04:41:26","modified_gmt":"2026-04-27T04:41:26","slug":"znackovy-ronal-cadura-bocni-stena-v-90deg-pro-dvere-v-90deg-na-strane-pevne-steny-cat51000968-22315","status":"publish","type":"product","link":"https:\/\/www.technodompro.com\/index.php\/produkt\/znackovy-ronal-cadura-bocni-stena-v-90deg-pro-dvere-v-90deg-na-strane-pevne-steny-cat51000968-22315\/","title":{"rendered":"Zna\u010dkov\u00fd RONAL CADURA Bo\u010dn\u00ed st\u011bna v 90\u00b0, pro dve\u0159e v 90\u00b0 na stran\u011b pevn\u00e9 st\u011bny CAT51000968"},"content":{"rendered":"<div class=\"basic-description\">\n<h3>Detailn\u00ed popis produktu<\/h3>\n<p>                                    Bo\u010dn\u00ed st\u011bna sprchov\u00e9 z\u00e1st\u011bny CADURA z kolekce WHITE LINE od RONAL je kombinac\u00ed sofistikovan\u00e9ho designu, do detailu propracovan\u00e9 ergonomie a kvalitn\u00edch materi\u00e1l\u016f. Je vyrobena z 6mm bezpe\u010dnostn\u00edho skla se standardn\u011b dod\u00e1vanou antiplakovou \u00fapravou skla Aquaperle. Bo\u010dn\u00ed st\u011bna je ur\u010dena pro kombinaci s dve\u0159mi v 90\u00b0 na stran\u011b pevn\u00e9 st\u011bny.                            <\/p><\/div>\n","protected":false},"excerpt":{"rendered":"<p>Detailn\u00ed popis produktu Bo\u010dn\u00ed st\u011bna sprchov\u00e9 z\u00e1st\u011bny CADURA z kolekce WHITE LINE od RONAL je kombinac\u00ed sofistikovan\u00e9ho designu, do detailu propracovan\u00e9 ergonomie a kvalitn\u00edch materi\u00e1l\u016f. Je vyrobena z 6mm bezpe\u010dnostn\u00edho skla se standardn\u011b dod\u00e1vanou antiplakovou \u00fapravou skla Aquaperle. Bo\u010dn\u00ed st\u011bna je ur\u010dena pro kombinaci s dve\u0159mi v 90\u00b0 na stran\u011b pevn\u00e9 st\u011bny.<\/p>\n","protected":false},"featured_media":22415,"comment_status":"open","ping_status":"open","template":"","meta":[],"product_brand":[],"product_cat":[78],"product_tag":[],"class_list":{"0":"post-22315","1":"product","2":"type-product","3":"status-publish","4":"has-post-thumbnail","6":"product_cat-koupelny-a-sanitarni-technika","8":"first","9":"instock","10":"sale","11":"shipping-taxable","12":"purchasable","13":"product-type-simple"},"yoast_head":"<!-- This site is optimized with the Yoast SEO plugin v26.8 - https:\/\/yoast.com\/product\/yoast-seo-wordpress\/ -->\n<title>Zna\u010dkov\u00fd RONAL CADURA Bo\u010dn\u00ed st\u011bna v 90\u00b0, pro dve\u0159e v 90\u00b0 na stran\u011b pevn\u00e9 st\u011bny CAT51000968 -<\/title>\n<meta name=\"robots\" content=\"index, follow, max-snippet:-1, max-image-preview:large, max-video-preview:-1\" \/>\n<link rel=\"canonical\" href=\"https:\/\/www.technodompro.com\/index.php\/produkt\/znackovy-ronal-cadura-bocni-stena-v-90deg-pro-dvere-v-90deg-na-strane-pevne-steny-cat51000968-22315\/\" \/>\n<meta property=\"og:locale\" content=\"cs_CZ\" \/>\n<meta property=\"og:type\" content=\"article\" \/>\n<meta property=\"og:title\" content=\"Zna\u010dkov\u00fd RONAL CADURA Bo\u010dn\u00ed st\u011bna v 90\u00b0, pro dve\u0159e v 90\u00b0 na stran\u011b pevn\u00e9 st\u011bny CAT51000968 -\" \/>\n<meta property=\"og:description\" content=\"Detailn\u00ed popis produktu Bo\u010dn\u00ed st\u011bna sprchov\u00e9 z\u00e1st\u011bny CADURA z kolekce WHITE LINE od RONAL je kombinac\u00ed sofistikovan\u00e9ho designu, do detailu propracovan\u00e9 ergonomie a kvalitn\u00edch materi\u00e1l\u016f. Je vyrobena z 6mm bezpe\u010dnostn\u00edho skla se standardn\u011b dod\u00e1vanou antiplakovou \u00fapravou skla Aquaperle. Bo\u010dn\u00ed st\u011bna je ur\u010dena pro kombinaci s dve\u0159mi v 90\u00b0 na stran\u011b pevn\u00e9 st\u011bny.\" \/>\n<meta property=\"og:url\" content=\"https:\/\/www.technodompro.com\/index.php\/produkt\/znackovy-ronal-cadura-bocni-stena-v-90deg-pro-dvere-v-90deg-na-strane-pevne-steny-cat51000968-22315\/\" \/>\n<meta property=\"og:image\" content=\"https:\/\/www.technodompro.com\/wp-content\/uploads\/2026\/SK0013765-CZ20260425-093351-0-1777080838-1175455_ronal-cadura-bocni-stena-v-90--pro-dvere-v-90-na-st.webp\" \/>\n\t<meta property=\"og:image:width\" content=\"1000\" \/>\n\t<meta property=\"og:image:height\" content=\"750\" \/>\n\t<meta property=\"og:image:type\" content=\"image\/webp\" \/>\n<meta name=\"twitter:card\" content=\"summary_large_image\" \/>\n<script type=\"application\/ld+json\" class=\"yoast-schema-graph\">{\"@context\":\"https:\/\/schema.org\",\"@graph\":[{\"@type\":\"WebPage\",\"@id\":\"https:\/\/www.technodompro.com\/index.php\/produkt\/znackovy-ronal-cadura-bocni-stena-v-90deg-pro-dvere-v-90deg-na-strane-pevne-steny-cat51000968-22315\/\",\"url\":\"https:\/\/www.technodompro.com\/index.php\/produkt\/znackovy-ronal-cadura-bocni-stena-v-90deg-pro-dvere-v-90deg-na-strane-pevne-steny-cat51000968-22315\/\",\"name\":\"Zna\u010dkov\u00fd RONAL CADURA Bo\u010dn\u00ed st\u011bna v 90\u00b0, pro dve\u0159e v 90\u00b0 na stran\u011b pevn\u00e9 st\u011bny CAT51000968 -\",\"isPartOf\":{\"@id\":\"https:\/\/www.technodompro.com\/#website\"},\"primaryImageOfPage\":{\"@id\":\"https:\/\/www.technodompro.com\/index.php\/produkt\/znackovy-ronal-cadura-bocni-stena-v-90deg-pro-dvere-v-90deg-na-strane-pevne-steny-cat51000968-22315\/#primaryimage\"},\"image\":{\"@id\":\"https:\/\/www.technodompro.com\/index.php\/produkt\/znackovy-ronal-cadura-bocni-stena-v-90deg-pro-dvere-v-90deg-na-strane-pevne-steny-cat51000968-22315\/#primaryimage\"},\"thumbnailUrl\":\"https:\/\/www.technodompro.com\/wp-content\/uploads\/2026\/SK0013765-CZ20260425-093351-0-1777080838-1175455_ronal-cadura-bocni-stena-v-90--pro-dvere-v-90-na-st.webp\",\"datePublished\":\"2026-04-27T04:41:26+00:00\",\"breadcrumb\":{\"@id\":\"https:\/\/www.technodompro.com\/index.php\/produkt\/znackovy-ronal-cadura-bocni-stena-v-90deg-pro-dvere-v-90deg-na-strane-pevne-steny-cat51000968-22315\/#breadcrumb\"},\"inLanguage\":\"cs\",\"potentialAction\":[{\"@type\":\"ReadAction\",\"target\":[\"https:\/\/www.technodompro.com\/index.php\/produkt\/znackovy-ronal-cadura-bocni-stena-v-90deg-pro-dvere-v-90deg-na-strane-pevne-steny-cat51000968-22315\/\"]}]},{\"@type\":\"ImageObject\",\"inLanguage\":\"cs\",\"@id\":\"https:\/\/www.technodompro.com\/index.php\/produkt\/znackovy-ronal-cadura-bocni-stena-v-90deg-pro-dvere-v-90deg-na-strane-pevne-steny-cat51000968-22315\/#primaryimage\",\"url\":\"https:\/\/www.technodompro.com\/wp-content\/uploads\/2026\/SK0013765-CZ20260425-093351-0-1777080838-1175455_ronal-cadura-bocni-stena-v-90--pro-dvere-v-90-na-st.webp\",\"contentUrl\":\"https:\/\/www.technodompro.com\/wp-content\/uploads\/2026\/SK0013765-CZ20260425-093351-0-1777080838-1175455_ronal-cadura-bocni-stena-v-90--pro-dvere-v-90-na-st.webp\",\"width\":1000,\"height\":750},{\"@type\":\"BreadcrumbList\",\"@id\":\"https:\/\/www.technodompro.com\/index.php\/produkt\/znackovy-ronal-cadura-bocni-stena-v-90deg-pro-dvere-v-90deg-na-strane-pevne-steny-cat51000968-22315\/#breadcrumb\",\"itemListElement\":[{\"@type\":\"ListItem\",\"position\":1,\"name\":\"Home\",\"item\":\"https:\/\/www.technodompro.com\/\"},{\"@type\":\"ListItem\",\"position\":2,\"name\":\"Products\",\"item\":\"https:\/\/www.technodompro.com\/index.php\/products\/\"},{\"@type\":\"ListItem\",\"position\":3,\"name\":\"Zna\u010dkov\u00fd RONAL CADURA Bo\u010dn\u00ed st\u011bna v 90\u00b0, pro dve\u0159e v 90\u00b0 na stran\u011b pevn\u00e9 st\u011bny CAT51000968\"}]},{\"@type\":\"WebSite\",\"@id\":\"https:\/\/www.technodompro.com\/#website\",\"url\":\"https:\/\/www.technodompro.com\/\",\"name\":\"\",\"description\":\"\",\"potentialAction\":[{\"@type\":\"SearchAction\",\"target\":{\"@type\":\"EntryPoint\",\"urlTemplate\":\"https:\/\/www.technodompro.com\/?s={search_term_string}\"},\"query-input\":{\"@type\":\"PropertyValueSpecification\",\"valueRequired\":true,\"valueName\":\"search_term_string\"}}],\"inLanguage\":\"cs\"}]}<\/script>\n<!-- \/ Yoast SEO plugin. -->","yoast_head_json":{"title":"Zna\u010dkov\u00fd RONAL CADURA Bo\u010dn\u00ed st\u011bna v 90\u00b0, pro dve\u0159e v 90\u00b0 na stran\u011b pevn\u00e9 st\u011bny CAT51000968 -","robots":{"index":"index","follow":"follow","max-snippet":"max-snippet:-1","max-image-preview":"max-image-preview:large","max-video-preview":"max-video-preview:-1"},"canonical":"https:\/\/www.technodompro.com\/index.php\/produkt\/znackovy-ronal-cadura-bocni-stena-v-90deg-pro-dvere-v-90deg-na-strane-pevne-steny-cat51000968-22315\/","og_locale":"cs_CZ","og_type":"article","og_title":"Zna\u010dkov\u00fd RONAL CADURA Bo\u010dn\u00ed st\u011bna v 90\u00b0, pro dve\u0159e v 90\u00b0 na stran\u011b pevn\u00e9 st\u011bny CAT51000968 -","og_description":"Detailn\u00ed popis produktu Bo\u010dn\u00ed st\u011bna sprchov\u00e9 z\u00e1st\u011bny CADURA z kolekce WHITE LINE od RONAL je kombinac\u00ed sofistikovan\u00e9ho designu, do detailu propracovan\u00e9 ergonomie a kvalitn\u00edch materi\u00e1l\u016f. Je vyrobena z 6mm bezpe\u010dnostn\u00edho skla se standardn\u011b dod\u00e1vanou antiplakovou \u00fapravou skla Aquaperle. Bo\u010dn\u00ed st\u011bna je ur\u010dena pro kombinaci s dve\u0159mi v 90\u00b0 na stran\u011b pevn\u00e9 st\u011bny.","og_url":"https:\/\/www.technodompro.com\/index.php\/produkt\/znackovy-ronal-cadura-bocni-stena-v-90deg-pro-dvere-v-90deg-na-strane-pevne-steny-cat51000968-22315\/","og_image":[{"width":1000,"height":750,"url":"https:\/\/www.technodompro.com\/wp-content\/uploads\/2026\/SK0013765-CZ20260425-093351-0-1777080838-1175455_ronal-cadura-bocni-stena-v-90--pro-dvere-v-90-na-st.webp","type":"image\/webp"}],"twitter_card":"summary_large_image","schema":{"@context":"https:\/\/schema.org","@graph":[{"@type":"WebPage","@id":"https:\/\/www.technodompro.com\/index.php\/produkt\/znackovy-ronal-cadura-bocni-stena-v-90deg-pro-dvere-v-90deg-na-strane-pevne-steny-cat51000968-22315\/","url":"https:\/\/www.technodompro.com\/index.php\/produkt\/znackovy-ronal-cadura-bocni-stena-v-90deg-pro-dvere-v-90deg-na-strane-pevne-steny-cat51000968-22315\/","name":"Zna\u010dkov\u00fd RONAL CADURA Bo\u010dn\u00ed st\u011bna v 90\u00b0, pro dve\u0159e v 90\u00b0 na stran\u011b pevn\u00e9 st\u011bny CAT51000968 -","isPartOf":{"@id":"https:\/\/www.technodompro.com\/#website"},"primaryImageOfPage":{"@id":"https:\/\/www.technodompro.com\/index.php\/produkt\/znackovy-ronal-cadura-bocni-stena-v-90deg-pro-dvere-v-90deg-na-strane-pevne-steny-cat51000968-22315\/#primaryimage"},"image":{"@id":"https:\/\/www.technodompro.com\/index.php\/produkt\/znackovy-ronal-cadura-bocni-stena-v-90deg-pro-dvere-v-90deg-na-strane-pevne-steny-cat51000968-22315\/#primaryimage"},"thumbnailUrl":"https:\/\/www.technodompro.com\/wp-content\/uploads\/2026\/SK0013765-CZ20260425-093351-0-1777080838-1175455_ronal-cadura-bocni-stena-v-90--pro-dvere-v-90-na-st.webp","datePublished":"2026-04-27T04:41:26+00:00","breadcrumb":{"@id":"https:\/\/www.technodompro.com\/index.php\/produkt\/znackovy-ronal-cadura-bocni-stena-v-90deg-pro-dvere-v-90deg-na-strane-pevne-steny-cat51000968-22315\/#breadcrumb"},"inLanguage":"cs","potentialAction":[{"@type":"ReadAction","target":["https:\/\/www.technodompro.com\/index.php\/produkt\/znackovy-ronal-cadura-bocni-stena-v-90deg-pro-dvere-v-90deg-na-strane-pevne-steny-cat51000968-22315\/"]}]},{"@type":"ImageObject","inLanguage":"cs","@id":"https:\/\/www.technodompro.com\/index.php\/produkt\/znackovy-ronal-cadura-bocni-stena-v-90deg-pro-dvere-v-90deg-na-strane-pevne-steny-cat51000968-22315\/#primaryimage","url":"https:\/\/www.technodompro.com\/wp-content\/uploads\/2026\/SK0013765-CZ20260425-093351-0-1777080838-1175455_ronal-cadura-bocni-stena-v-90--pro-dvere-v-90-na-st.webp","contentUrl":"https:\/\/www.technodompro.com\/wp-content\/uploads\/2026\/SK0013765-CZ20260425-093351-0-1777080838-1175455_ronal-cadura-bocni-stena-v-90--pro-dvere-v-90-na-st.webp","width":1000,"height":750},{"@type":"BreadcrumbList","@id":"https:\/\/www.technodompro.com\/index.php\/produkt\/znackovy-ronal-cadura-bocni-stena-v-90deg-pro-dvere-v-90deg-na-strane-pevne-steny-cat51000968-22315\/#breadcrumb","itemListElement":[{"@type":"ListItem","position":1,"name":"Home","item":"https:\/\/www.technodompro.com\/"},{"@type":"ListItem","position":2,"name":"Products","item":"https:\/\/www.technodompro.com\/index.php\/products\/"},{"@type":"ListItem","position":3,"name":"Zna\u010dkov\u00fd RONAL CADURA Bo\u010dn\u00ed st\u011bna v 90\u00b0, pro dve\u0159e v 90\u00b0 na stran\u011b pevn\u00e9 st\u011bny CAT51000968"}]},{"@type":"WebSite","@id":"https:\/\/www.technodompro.com\/#website","url":"https:\/\/www.technodompro.com\/","name":"","description":"","potentialAction":[{"@type":"SearchAction","target":{"@type":"EntryPoint","urlTemplate":"https:\/\/www.technodompro.com\/?s={search_term_string}"},"query-input":{"@type":"PropertyValueSpecification","valueRequired":true,"valueName":"search_term_string"}}],"inLanguage":"cs"}]}},"_links":{"self":[{"href":"https:\/\/www.technodompro.com\/index.php\/wp-json\/wp\/v2\/product\/22315","targetHints":{"allow":["GET"]}}],"collection":[{"href":"https:\/\/www.technodompro.com\/index.php\/wp-json\/wp\/v2\/product"}],"about":[{"href":"https:\/\/www.technodompro.com\/index.php\/wp-json\/wp\/v2\/types\/product"}],"replies":[{"embeddable":true,"href":"https:\/\/www.technodompro.com\/index.php\/wp-json\/wp\/v2\/comments?post=22315"}],"wp:featuredmedia":[{"embeddable":true,"href":"https:\/\/www.technodompro.com\/index.php\/wp-json\/wp\/v2\/media\/22415"}],"wp:attachment":[{"href":"https:\/\/www.technodompro.com\/index.php\/wp-json\/wp\/v2\/media?parent=22315"}],"wp:term":[{"taxonomy":"product_brand","embeddable":true,"href":"https:\/\/www.technodompro.com\/index.php\/wp-json\/wp\/v2\/product_brand?post=22315"},{"taxonomy":"product_cat","embeddable":true,"href":"https:\/\/www.technodompro.com\/index.php\/wp-json\/wp\/v2\/product_cat?post=22315"},{"taxonomy":"product_tag","embeddable":true,"href":"https:\/\/www.technodompro.com\/index.php\/wp-json\/wp\/v2\/product_tag?post=22315"}],"curies":[{"name":"wp","href":"https:\/\/api.w.org\/{rel}","templated":true}]}}