{"id":23346,"date":"2026-04-27T04:41:29","date_gmt":"2026-04-27T04:41:29","guid":{"rendered":""},"modified":"2026-04-27T04:41:29","modified_gmt":"2026-04-27T04:41:29","slug":"984-02cr-hlavova-sprcha-400-mm-chrom-primo-od-vyrobce-23346","status":"publish","type":"product","link":"https:\/\/www.technodompro.com\/index.php\/produkt\/984-02cr-hlavova-sprcha-400-mm-chrom-primo-od-vyrobce-23346\/","title":{"rendered":"984.02CR Hlavov\u00e1 sprcha, 400 mm, chrom P\u0159\u00edmo Od V\u00fdrobce"},"content":{"rendered":"<div class=\"basic-description\">\n<h3>Detailn\u00ed popis produktu<\/h3>\n<ul>\n<li>rozm\u011br: \u00f8 400 mm<\/li>\n<li>materi\u00e1l: nerez ocel<\/li>\n<li>barevn\u00e9 proveden\u00ed: CR: chrome &#8211; chrom leskl\u00fd<\/li>\n<li>syst\u00e9m \u010di\u0161t\u011bn\u00ed trysek: EasyClean &#8211; pro odstran\u011bn\u00ed vodn\u00edho kamene<\/li>\n<li>proveden\u00ed: kulat\u00e1, SLIM design<\/li>\n<li>vhodn\u00e1: ke v\u0161em podom\u00edtkov\u00fdm bateri\u00edm Ravak a jin\u00fdm<\/li>\n<li>dopl\u0148ky: v\u00fdtokov\u00e9 rameno bo\u010dn\u00ed nebo v\u00fdtokov\u00e9 rameno stropn\u00ed<\/li>\n<\/ul>\n<p>Komfort hlavov\u00e9 sprchy v slim designu v kulat\u00e9m proveden\u00ed. Na vn\u011bj\u0161\u00ed \u010di\u0161t\u011bn\u00ed doporu\u010dujeme pou\u017e\u00edvat p\u0159\u00edpravek Ravak Cleaner Chrome. Hlavovou sprchu je nutn\u00e9 sp\u00e1rovat s v\u00fdtokov\u00fdm ramenem bo\u010dn\u00edm nebo s v\u00fdtokov\u00fdm ramenem stropn\u00edm.<\/p>\n<\/p><\/div>\n","protected":false},"excerpt":{"rendered":"<p>Detailn\u00ed popis produktu rozm\u011br: \u00f8 400 mm materi\u00e1l: nerez ocel barevn\u00e9 proveden\u00ed: CR: chrome &#8211; chrom leskl\u00fd syst\u00e9m \u010di\u0161t\u011bn\u00ed trysek: EasyClean &#8211; pro odstran\u011bn\u00ed vodn\u00edho kamene proveden\u00ed: kulat\u00e1, SLIM design vhodn\u00e1: ke v\u0161em podom\u00edtkov\u00fdm bateri\u00edm Ravak a jin\u00fdm dopl\u0148ky: v\u00fdtokov\u00e9 rameno bo\u010dn\u00ed nebo v\u00fdtokov\u00e9 rameno stropn\u00ed Komfort hlavov\u00e9 sprchy v slim designu v kulat\u00e9m proveden\u00ed. [&hellip;]<\/p>\n","protected":false},"featured_media":23446,"comment_status":"open","ping_status":"open","template":"","meta":[],"product_brand":[],"product_cat":[78],"product_tag":[],"class_list":{"0":"post-23346","1":"product","2":"type-product","3":"status-publish","4":"has-post-thumbnail","6":"product_cat-koupelny-a-sanitarni-technika","8":"first","9":"instock","10":"sale","11":"shipping-taxable","12":"purchasable","13":"product-type-simple"},"yoast_head":"<!-- This site is optimized with the Yoast SEO plugin v26.8 - https:\/\/yoast.com\/product\/yoast-seo-wordpress\/ -->\n<title>984.02CR Hlavov\u00e1 sprcha, 400 mm, chrom P\u0159\u00edmo Od V\u00fdrobce -<\/title>\n<meta name=\"robots\" content=\"index, follow, max-snippet:-1, max-image-preview:large, max-video-preview:-1\" \/>\n<link rel=\"canonical\" href=\"https:\/\/www.technodompro.com\/index.php\/produkt\/984-02cr-hlavova-sprcha-400-mm-chrom-primo-od-vyrobce-23346\/\" \/>\n<meta property=\"og:locale\" content=\"cs_CZ\" \/>\n<meta property=\"og:type\" content=\"article\" \/>\n<meta property=\"og:title\" content=\"984.02CR Hlavov\u00e1 sprcha, 400 mm, chrom P\u0159\u00edmo Od V\u00fdrobce -\" \/>\n<meta property=\"og:description\" content=\"Detailn\u00ed popis produktu rozm\u011br: \u00f8 400 mm materi\u00e1l: nerez ocel barevn\u00e9 proveden\u00ed: CR: chrome &#8211; chrom leskl\u00fd syst\u00e9m \u010di\u0161t\u011bn\u00ed trysek: EasyClean &#8211; pro odstran\u011bn\u00ed vodn\u00edho kamene proveden\u00ed: kulat\u00e1, SLIM design vhodn\u00e1: ke v\u0161em podom\u00edtkov\u00fdm bateri\u00edm Ravak a jin\u00fdm dopl\u0148ky: v\u00fdtokov\u00e9 rameno bo\u010dn\u00ed nebo v\u00fdtokov\u00e9 rameno stropn\u00ed Komfort hlavov\u00e9 sprchy v slim designu v kulat\u00e9m proveden\u00ed. [&hellip;]\" \/>\n<meta property=\"og:url\" content=\"https:\/\/www.technodompro.com\/index.php\/produkt\/984-02cr-hlavova-sprcha-400-mm-chrom-primo-od-vyrobce-23346\/\" \/>\n<meta property=\"og:image\" content=\"https:\/\/www.technodompro.com\/wp-content\/uploads\/2026\/SK0015371-CZ20260425-093351-0-1777080838-1150953-3_ravak-x07p667-01-img1.webp\" \/>\n\t<meta property=\"og:image:width\" content=\"1000\" \/>\n\t<meta property=\"og:image:height\" content=\"750\" \/>\n\t<meta property=\"og:image:type\" content=\"image\/webp\" \/>\n<meta name=\"twitter:card\" content=\"summary_large_image\" \/>\n<meta name=\"twitter:label1\" content=\"Odhadovan\u00e1 doba \u010dten\u00ed\" \/>\n\t<meta name=\"twitter:data1\" content=\"1 minuta\" \/>\n<script type=\"application\/ld+json\" class=\"yoast-schema-graph\">{\"@context\":\"https:\/\/schema.org\",\"@graph\":[{\"@type\":\"WebPage\",\"@id\":\"https:\/\/www.technodompro.com\/index.php\/produkt\/984-02cr-hlavova-sprcha-400-mm-chrom-primo-od-vyrobce-23346\/\",\"url\":\"https:\/\/www.technodompro.com\/index.php\/produkt\/984-02cr-hlavova-sprcha-400-mm-chrom-primo-od-vyrobce-23346\/\",\"name\":\"984.02CR Hlavov\u00e1 sprcha, 400 mm, chrom P\u0159\u00edmo Od V\u00fdrobce -\",\"isPartOf\":{\"@id\":\"https:\/\/www.technodompro.com\/#website\"},\"primaryImageOfPage\":{\"@id\":\"https:\/\/www.technodompro.com\/index.php\/produkt\/984-02cr-hlavova-sprcha-400-mm-chrom-primo-od-vyrobce-23346\/#primaryimage\"},\"image\":{\"@id\":\"https:\/\/www.technodompro.com\/index.php\/produkt\/984-02cr-hlavova-sprcha-400-mm-chrom-primo-od-vyrobce-23346\/#primaryimage\"},\"thumbnailUrl\":\"https:\/\/www.technodompro.com\/wp-content\/uploads\/2026\/SK0015371-CZ20260425-093351-0-1777080838-1150953-3_ravak-x07p667-01-img1.webp\",\"datePublished\":\"2026-04-27T04:41:29+00:00\",\"breadcrumb\":{\"@id\":\"https:\/\/www.technodompro.com\/index.php\/produkt\/984-02cr-hlavova-sprcha-400-mm-chrom-primo-od-vyrobce-23346\/#breadcrumb\"},\"inLanguage\":\"cs\",\"potentialAction\":[{\"@type\":\"ReadAction\",\"target\":[\"https:\/\/www.technodompro.com\/index.php\/produkt\/984-02cr-hlavova-sprcha-400-mm-chrom-primo-od-vyrobce-23346\/\"]}]},{\"@type\":\"ImageObject\",\"inLanguage\":\"cs\",\"@id\":\"https:\/\/www.technodompro.com\/index.php\/produkt\/984-02cr-hlavova-sprcha-400-mm-chrom-primo-od-vyrobce-23346\/#primaryimage\",\"url\":\"https:\/\/www.technodompro.com\/wp-content\/uploads\/2026\/SK0015371-CZ20260425-093351-0-1777080838-1150953-3_ravak-x07p667-01-img1.webp\",\"contentUrl\":\"https:\/\/www.technodompro.com\/wp-content\/uploads\/2026\/SK0015371-CZ20260425-093351-0-1777080838-1150953-3_ravak-x07p667-01-img1.webp\",\"width\":1000,\"height\":750},{\"@type\":\"BreadcrumbList\",\"@id\":\"https:\/\/www.technodompro.com\/index.php\/produkt\/984-02cr-hlavova-sprcha-400-mm-chrom-primo-od-vyrobce-23346\/#breadcrumb\",\"itemListElement\":[{\"@type\":\"ListItem\",\"position\":1,\"name\":\"Home\",\"item\":\"https:\/\/www.technodompro.com\/\"},{\"@type\":\"ListItem\",\"position\":2,\"name\":\"Products\",\"item\":\"https:\/\/www.technodompro.com\/index.php\/products\/\"},{\"@type\":\"ListItem\",\"position\":3,\"name\":\"984.02CR Hlavov\u00e1 sprcha, 400 mm, chrom P\u0159\u00edmo Od V\u00fdrobce\"}]},{\"@type\":\"WebSite\",\"@id\":\"https:\/\/www.technodompro.com\/#website\",\"url\":\"https:\/\/www.technodompro.com\/\",\"name\":\"\",\"description\":\"\",\"potentialAction\":[{\"@type\":\"SearchAction\",\"target\":{\"@type\":\"EntryPoint\",\"urlTemplate\":\"https:\/\/www.technodompro.com\/?s={search_term_string}\"},\"query-input\":{\"@type\":\"PropertyValueSpecification\",\"valueRequired\":true,\"valueName\":\"search_term_string\"}}],\"inLanguage\":\"cs\"}]}<\/script>\n<!-- \/ Yoast SEO plugin. -->","yoast_head_json":{"title":"984.02CR Hlavov\u00e1 sprcha, 400 mm, chrom P\u0159\u00edmo Od V\u00fdrobce -","robots":{"index":"index","follow":"follow","max-snippet":"max-snippet:-1","max-image-preview":"max-image-preview:large","max-video-preview":"max-video-preview:-1"},"canonical":"https:\/\/www.technodompro.com\/index.php\/produkt\/984-02cr-hlavova-sprcha-400-mm-chrom-primo-od-vyrobce-23346\/","og_locale":"cs_CZ","og_type":"article","og_title":"984.02CR Hlavov\u00e1 sprcha, 400 mm, chrom P\u0159\u00edmo Od V\u00fdrobce -","og_description":"Detailn\u00ed popis produktu rozm\u011br: \u00f8 400 mm materi\u00e1l: nerez ocel barevn\u00e9 proveden\u00ed: CR: chrome &#8211; chrom leskl\u00fd syst\u00e9m \u010di\u0161t\u011bn\u00ed trysek: EasyClean &#8211; pro odstran\u011bn\u00ed vodn\u00edho kamene proveden\u00ed: kulat\u00e1, SLIM design vhodn\u00e1: ke v\u0161em podom\u00edtkov\u00fdm bateri\u00edm Ravak a jin\u00fdm dopl\u0148ky: v\u00fdtokov\u00e9 rameno bo\u010dn\u00ed nebo v\u00fdtokov\u00e9 rameno stropn\u00ed Komfort hlavov\u00e9 sprchy v slim designu v kulat\u00e9m proveden\u00ed. [&hellip;]","og_url":"https:\/\/www.technodompro.com\/index.php\/produkt\/984-02cr-hlavova-sprcha-400-mm-chrom-primo-od-vyrobce-23346\/","og_image":[{"width":1000,"height":750,"url":"https:\/\/www.technodompro.com\/wp-content\/uploads\/2026\/SK0015371-CZ20260425-093351-0-1777080838-1150953-3_ravak-x07p667-01-img1.webp","type":"image\/webp"}],"twitter_card":"summary_large_image","twitter_misc":{"Odhadovan\u00e1 doba \u010dten\u00ed":"1 minuta"},"schema":{"@context":"https:\/\/schema.org","@graph":[{"@type":"WebPage","@id":"https:\/\/www.technodompro.com\/index.php\/produkt\/984-02cr-hlavova-sprcha-400-mm-chrom-primo-od-vyrobce-23346\/","url":"https:\/\/www.technodompro.com\/index.php\/produkt\/984-02cr-hlavova-sprcha-400-mm-chrom-primo-od-vyrobce-23346\/","name":"984.02CR Hlavov\u00e1 sprcha, 400 mm, chrom P\u0159\u00edmo Od V\u00fdrobce -","isPartOf":{"@id":"https:\/\/www.technodompro.com\/#website"},"primaryImageOfPage":{"@id":"https:\/\/www.technodompro.com\/index.php\/produkt\/984-02cr-hlavova-sprcha-400-mm-chrom-primo-od-vyrobce-23346\/#primaryimage"},"image":{"@id":"https:\/\/www.technodompro.com\/index.php\/produkt\/984-02cr-hlavova-sprcha-400-mm-chrom-primo-od-vyrobce-23346\/#primaryimage"},"thumbnailUrl":"https:\/\/www.technodompro.com\/wp-content\/uploads\/2026\/SK0015371-CZ20260425-093351-0-1777080838-1150953-3_ravak-x07p667-01-img1.webp","datePublished":"2026-04-27T04:41:29+00:00","breadcrumb":{"@id":"https:\/\/www.technodompro.com\/index.php\/produkt\/984-02cr-hlavova-sprcha-400-mm-chrom-primo-od-vyrobce-23346\/#breadcrumb"},"inLanguage":"cs","potentialAction":[{"@type":"ReadAction","target":["https:\/\/www.technodompro.com\/index.php\/produkt\/984-02cr-hlavova-sprcha-400-mm-chrom-primo-od-vyrobce-23346\/"]}]},{"@type":"ImageObject","inLanguage":"cs","@id":"https:\/\/www.technodompro.com\/index.php\/produkt\/984-02cr-hlavova-sprcha-400-mm-chrom-primo-od-vyrobce-23346\/#primaryimage","url":"https:\/\/www.technodompro.com\/wp-content\/uploads\/2026\/SK0015371-CZ20260425-093351-0-1777080838-1150953-3_ravak-x07p667-01-img1.webp","contentUrl":"https:\/\/www.technodompro.com\/wp-content\/uploads\/2026\/SK0015371-CZ20260425-093351-0-1777080838-1150953-3_ravak-x07p667-01-img1.webp","width":1000,"height":750},{"@type":"BreadcrumbList","@id":"https:\/\/www.technodompro.com\/index.php\/produkt\/984-02cr-hlavova-sprcha-400-mm-chrom-primo-od-vyrobce-23346\/#breadcrumb","itemListElement":[{"@type":"ListItem","position":1,"name":"Home","item":"https:\/\/www.technodompro.com\/"},{"@type":"ListItem","position":2,"name":"Products","item":"https:\/\/www.technodompro.com\/index.php\/products\/"},{"@type":"ListItem","position":3,"name":"984.02CR Hlavov\u00e1 sprcha, 400 mm, chrom P\u0159\u00edmo Od V\u00fdrobce"}]},{"@type":"WebSite","@id":"https:\/\/www.technodompro.com\/#website","url":"https:\/\/www.technodompro.com\/","name":"","description":"","potentialAction":[{"@type":"SearchAction","target":{"@type":"EntryPoint","urlTemplate":"https:\/\/www.technodompro.com\/?s={search_term_string}"},"query-input":{"@type":"PropertyValueSpecification","valueRequired":true,"valueName":"search_term_string"}}],"inLanguage":"cs"}]}},"_links":{"self":[{"href":"https:\/\/www.technodompro.com\/index.php\/wp-json\/wp\/v2\/product\/23346","targetHints":{"allow":["GET"]}}],"collection":[{"href":"https:\/\/www.technodompro.com\/index.php\/wp-json\/wp\/v2\/product"}],"about":[{"href":"https:\/\/www.technodompro.com\/index.php\/wp-json\/wp\/v2\/types\/product"}],"replies":[{"embeddable":true,"href":"https:\/\/www.technodompro.com\/index.php\/wp-json\/wp\/v2\/comments?post=23346"}],"wp:featuredmedia":[{"embeddable":true,"href":"https:\/\/www.technodompro.com\/index.php\/wp-json\/wp\/v2\/media\/23446"}],"wp:attachment":[{"href":"https:\/\/www.technodompro.com\/index.php\/wp-json\/wp\/v2\/media?parent=23346"}],"wp:term":[{"taxonomy":"product_brand","embeddable":true,"href":"https:\/\/www.technodompro.com\/index.php\/wp-json\/wp\/v2\/product_brand?post=23346"},{"taxonomy":"product_cat","embeddable":true,"href":"https:\/\/www.technodompro.com\/index.php\/wp-json\/wp\/v2\/product_cat?post=23346"},{"taxonomy":"product_tag","embeddable":true,"href":"https:\/\/www.technodompro.com\/index.php\/wp-json\/wp\/v2\/product_tag?post=23346"}],"curies":[{"name":"wp","href":"https:\/\/api.w.org\/{rel}","templated":true}]}}