{"id":23369,"date":"2026-04-27T04:41:29","date_gmt":"2026-04-27T04:41:29","guid":{"rendered":""},"modified":"2026-04-27T04:41:29","modified_gmt":"2026-04-27T04:41:29","slug":"znackovy-laufen-pro-bila-wc-nadrz-dual-flush-zadni-privod-vody-uprostred-h8269510009711-23369","status":"publish","type":"product","link":"https:\/\/www.technodompro.com\/index.php\/produkt\/znackovy-laufen-pro-bila-wc-nadrz-dual-flush-zadni-privod-vody-uprostred-h8269510009711-23369\/","title":{"rendered":"Zna\u010dkov\u00fd Laufen PRO b\u00edl\u00e1 WC n\u00e1dr\u017e Dual Flush, zadn\u00ed p\u0159\u00edvod vody uprost\u0159ed  H8269510009711"},"content":{"rendered":"<div class=\"basic-description\">\n<h3>Detailn\u00ed popis produktu<\/h3>\n<p>                                    971 &#8211; se splachovac\u00ed armaturou Dual-Flush 5\/3 l (nastaviteln\u00e9 splachov\u00e1n\u00ed 4,5\/3 l, 6\/3 l) <\/p>\n<p>zadn\u00ed p\u0159\u00edvod vody, v\u010detn\u011b vnit\u0159n\u00ed n\u00e1dr\u017eky proti orosen\u00ed<\/p>\n<p>&#8211; 380 x 175 x 360 mm <\/p>\n<p>&#8211; s vnit\u0159n\u00ed armaturou<\/p>\n<p>&#8211; p\u0159\u00edvod vody zadn\u00ed uprost\u0159ed <\/p>\n<p>&#8211; v\u010detn\u011b vnit\u0159n\u00ed n\u00e1dr\u017eky proti orosen\u00ed                            <\/p><\/div>\n","protected":false},"excerpt":{"rendered":"<p>Detailn\u00ed popis produktu 971 &#8211; se splachovac\u00ed armaturou Dual-Flush 5\/3 l (nastaviteln\u00e9 splachov\u00e1n\u00ed 4,5\/3 l, 6\/3 l) zadn\u00ed p\u0159\u00edvod vody, v\u010detn\u011b vnit\u0159n\u00ed n\u00e1dr\u017eky proti orosen\u00ed &#8211; 380 x 175 x 360 mm &#8211; s vnit\u0159n\u00ed armaturou &#8211; p\u0159\u00edvod vody zadn\u00ed uprost\u0159ed &#8211; v\u010detn\u011b vnit\u0159n\u00ed n\u00e1dr\u017eky proti orosen\u00ed<\/p>\n","protected":false},"featured_media":23469,"comment_status":"open","ping_status":"open","template":"","meta":[],"product_brand":[],"product_cat":[78],"product_tag":[],"class_list":{"0":"post-23369","1":"product","2":"type-product","3":"status-publish","4":"has-post-thumbnail","6":"product_cat-koupelny-a-sanitarni-technika","8":"first","9":"instock","10":"sale","11":"shipping-taxable","12":"purchasable","13":"product-type-simple"},"yoast_head":"<!-- This site is optimized with the Yoast SEO plugin v26.8 - https:\/\/yoast.com\/product\/yoast-seo-wordpress\/ -->\n<title>Zna\u010dkov\u00fd Laufen PRO b\u00edl\u00e1 WC n\u00e1dr\u017e Dual Flush, zadn\u00ed p\u0159\u00edvod vody uprost\u0159ed H8269510009711 -<\/title>\n<meta name=\"robots\" content=\"index, follow, max-snippet:-1, max-image-preview:large, max-video-preview:-1\" \/>\n<link rel=\"canonical\" href=\"https:\/\/www.technodompro.com\/index.php\/produkt\/znackovy-laufen-pro-bila-wc-nadrz-dual-flush-zadni-privod-vody-uprostred-h8269510009711-23369\/\" \/>\n<meta property=\"og:locale\" content=\"cs_CZ\" \/>\n<meta property=\"og:type\" content=\"article\" \/>\n<meta property=\"og:title\" content=\"Zna\u010dkov\u00fd Laufen PRO b\u00edl\u00e1 WC n\u00e1dr\u017e Dual Flush, zadn\u00ed p\u0159\u00edvod vody uprost\u0159ed H8269510009711 -\" \/>\n<meta property=\"og:description\" content=\"Detailn\u00ed popis produktu 971 &#8211; se splachovac\u00ed armaturou Dual-Flush 5\/3 l (nastaviteln\u00e9 splachov\u00e1n\u00ed 4,5\/3 l, 6\/3 l) zadn\u00ed p\u0159\u00edvod vody, v\u010detn\u011b vnit\u0159n\u00ed n\u00e1dr\u017eky proti orosen\u00ed &#8211; 380 x 175 x 360 mm &#8211; s vnit\u0159n\u00ed armaturou &#8211; p\u0159\u00edvod vody zadn\u00ed uprost\u0159ed &#8211; v\u010detn\u011b vnit\u0159n\u00ed n\u00e1dr\u017eky proti orosen\u00ed\" \/>\n<meta property=\"og:url\" content=\"https:\/\/www.technodompro.com\/index.php\/produkt\/znackovy-laufen-pro-bila-wc-nadrz-dual-flush-zadni-privod-vody-uprostred-h8269510009711-23369\/\" \/>\n<meta property=\"og:image\" content=\"https:\/\/www.technodompro.com\/wp-content\/uploads\/2026\/SK0015394-CZ20260425-093351-0-1777080838-1135983_h8269510009711sch-jpg.webp\" \/>\n\t<meta property=\"og:image:width\" content=\"1000\" \/>\n\t<meta property=\"og:image:height\" content=\"750\" \/>\n\t<meta property=\"og:image:type\" content=\"image\/webp\" \/>\n<meta name=\"twitter:card\" content=\"summary_large_image\" \/>\n<script type=\"application\/ld+json\" class=\"yoast-schema-graph\">{\"@context\":\"https:\/\/schema.org\",\"@graph\":[{\"@type\":\"WebPage\",\"@id\":\"https:\/\/www.technodompro.com\/index.php\/produkt\/znackovy-laufen-pro-bila-wc-nadrz-dual-flush-zadni-privod-vody-uprostred-h8269510009711-23369\/\",\"url\":\"https:\/\/www.technodompro.com\/index.php\/produkt\/znackovy-laufen-pro-bila-wc-nadrz-dual-flush-zadni-privod-vody-uprostred-h8269510009711-23369\/\",\"name\":\"Zna\u010dkov\u00fd Laufen PRO b\u00edl\u00e1 WC n\u00e1dr\u017e Dual Flush, zadn\u00ed p\u0159\u00edvod vody uprost\u0159ed H8269510009711 -\",\"isPartOf\":{\"@id\":\"https:\/\/www.technodompro.com\/#website\"},\"primaryImageOfPage\":{\"@id\":\"https:\/\/www.technodompro.com\/index.php\/produkt\/znackovy-laufen-pro-bila-wc-nadrz-dual-flush-zadni-privod-vody-uprostred-h8269510009711-23369\/#primaryimage\"},\"image\":{\"@id\":\"https:\/\/www.technodompro.com\/index.php\/produkt\/znackovy-laufen-pro-bila-wc-nadrz-dual-flush-zadni-privod-vody-uprostred-h8269510009711-23369\/#primaryimage\"},\"thumbnailUrl\":\"https:\/\/www.technodompro.com\/wp-content\/uploads\/2026\/SK0015394-CZ20260425-093351-0-1777080838-1135983_h8269510009711sch-jpg.webp\",\"datePublished\":\"2026-04-27T04:41:29+00:00\",\"breadcrumb\":{\"@id\":\"https:\/\/www.technodompro.com\/index.php\/produkt\/znackovy-laufen-pro-bila-wc-nadrz-dual-flush-zadni-privod-vody-uprostred-h8269510009711-23369\/#breadcrumb\"},\"inLanguage\":\"cs\",\"potentialAction\":[{\"@type\":\"ReadAction\",\"target\":[\"https:\/\/www.technodompro.com\/index.php\/produkt\/znackovy-laufen-pro-bila-wc-nadrz-dual-flush-zadni-privod-vody-uprostred-h8269510009711-23369\/\"]}]},{\"@type\":\"ImageObject\",\"inLanguage\":\"cs\",\"@id\":\"https:\/\/www.technodompro.com\/index.php\/produkt\/znackovy-laufen-pro-bila-wc-nadrz-dual-flush-zadni-privod-vody-uprostred-h8269510009711-23369\/#primaryimage\",\"url\":\"https:\/\/www.technodompro.com\/wp-content\/uploads\/2026\/SK0015394-CZ20260425-093351-0-1777080838-1135983_h8269510009711sch-jpg.webp\",\"contentUrl\":\"https:\/\/www.technodompro.com\/wp-content\/uploads\/2026\/SK0015394-CZ20260425-093351-0-1777080838-1135983_h8269510009711sch-jpg.webp\",\"width\":1000,\"height\":750},{\"@type\":\"BreadcrumbList\",\"@id\":\"https:\/\/www.technodompro.com\/index.php\/produkt\/znackovy-laufen-pro-bila-wc-nadrz-dual-flush-zadni-privod-vody-uprostred-h8269510009711-23369\/#breadcrumb\",\"itemListElement\":[{\"@type\":\"ListItem\",\"position\":1,\"name\":\"Home\",\"item\":\"https:\/\/www.technodompro.com\/\"},{\"@type\":\"ListItem\",\"position\":2,\"name\":\"Products\",\"item\":\"https:\/\/www.technodompro.com\/index.php\/products\/\"},{\"@type\":\"ListItem\",\"position\":3,\"name\":\"Zna\u010dkov\u00fd Laufen PRO b\u00edl\u00e1 WC n\u00e1dr\u017e Dual Flush, zadn\u00ed p\u0159\u00edvod vody uprost\u0159ed H8269510009711\"}]},{\"@type\":\"WebSite\",\"@id\":\"https:\/\/www.technodompro.com\/#website\",\"url\":\"https:\/\/www.technodompro.com\/\",\"name\":\"\",\"description\":\"\",\"potentialAction\":[{\"@type\":\"SearchAction\",\"target\":{\"@type\":\"EntryPoint\",\"urlTemplate\":\"https:\/\/www.technodompro.com\/?s={search_term_string}\"},\"query-input\":{\"@type\":\"PropertyValueSpecification\",\"valueRequired\":true,\"valueName\":\"search_term_string\"}}],\"inLanguage\":\"cs\"}]}<\/script>\n<!-- \/ Yoast SEO plugin. -->","yoast_head_json":{"title":"Zna\u010dkov\u00fd Laufen PRO b\u00edl\u00e1 WC n\u00e1dr\u017e Dual Flush, zadn\u00ed p\u0159\u00edvod vody uprost\u0159ed H8269510009711 -","robots":{"index":"index","follow":"follow","max-snippet":"max-snippet:-1","max-image-preview":"max-image-preview:large","max-video-preview":"max-video-preview:-1"},"canonical":"https:\/\/www.technodompro.com\/index.php\/produkt\/znackovy-laufen-pro-bila-wc-nadrz-dual-flush-zadni-privod-vody-uprostred-h8269510009711-23369\/","og_locale":"cs_CZ","og_type":"article","og_title":"Zna\u010dkov\u00fd Laufen PRO b\u00edl\u00e1 WC n\u00e1dr\u017e Dual Flush, zadn\u00ed p\u0159\u00edvod vody uprost\u0159ed H8269510009711 -","og_description":"Detailn\u00ed popis produktu 971 &#8211; se splachovac\u00ed armaturou Dual-Flush 5\/3 l (nastaviteln\u00e9 splachov\u00e1n\u00ed 4,5\/3 l, 6\/3 l) zadn\u00ed p\u0159\u00edvod vody, v\u010detn\u011b vnit\u0159n\u00ed n\u00e1dr\u017eky proti orosen\u00ed &#8211; 380 x 175 x 360 mm &#8211; s vnit\u0159n\u00ed armaturou &#8211; p\u0159\u00edvod vody zadn\u00ed uprost\u0159ed &#8211; v\u010detn\u011b vnit\u0159n\u00ed n\u00e1dr\u017eky proti orosen\u00ed","og_url":"https:\/\/www.technodompro.com\/index.php\/produkt\/znackovy-laufen-pro-bila-wc-nadrz-dual-flush-zadni-privod-vody-uprostred-h8269510009711-23369\/","og_image":[{"width":1000,"height":750,"url":"https:\/\/www.technodompro.com\/wp-content\/uploads\/2026\/SK0015394-CZ20260425-093351-0-1777080838-1135983_h8269510009711sch-jpg.webp","type":"image\/webp"}],"twitter_card":"summary_large_image","schema":{"@context":"https:\/\/schema.org","@graph":[{"@type":"WebPage","@id":"https:\/\/www.technodompro.com\/index.php\/produkt\/znackovy-laufen-pro-bila-wc-nadrz-dual-flush-zadni-privod-vody-uprostred-h8269510009711-23369\/","url":"https:\/\/www.technodompro.com\/index.php\/produkt\/znackovy-laufen-pro-bila-wc-nadrz-dual-flush-zadni-privod-vody-uprostred-h8269510009711-23369\/","name":"Zna\u010dkov\u00fd Laufen PRO b\u00edl\u00e1 WC n\u00e1dr\u017e Dual Flush, zadn\u00ed p\u0159\u00edvod vody uprost\u0159ed H8269510009711 -","isPartOf":{"@id":"https:\/\/www.technodompro.com\/#website"},"primaryImageOfPage":{"@id":"https:\/\/www.technodompro.com\/index.php\/produkt\/znackovy-laufen-pro-bila-wc-nadrz-dual-flush-zadni-privod-vody-uprostred-h8269510009711-23369\/#primaryimage"},"image":{"@id":"https:\/\/www.technodompro.com\/index.php\/produkt\/znackovy-laufen-pro-bila-wc-nadrz-dual-flush-zadni-privod-vody-uprostred-h8269510009711-23369\/#primaryimage"},"thumbnailUrl":"https:\/\/www.technodompro.com\/wp-content\/uploads\/2026\/SK0015394-CZ20260425-093351-0-1777080838-1135983_h8269510009711sch-jpg.webp","datePublished":"2026-04-27T04:41:29+00:00","breadcrumb":{"@id":"https:\/\/www.technodompro.com\/index.php\/produkt\/znackovy-laufen-pro-bila-wc-nadrz-dual-flush-zadni-privod-vody-uprostred-h8269510009711-23369\/#breadcrumb"},"inLanguage":"cs","potentialAction":[{"@type":"ReadAction","target":["https:\/\/www.technodompro.com\/index.php\/produkt\/znackovy-laufen-pro-bila-wc-nadrz-dual-flush-zadni-privod-vody-uprostred-h8269510009711-23369\/"]}]},{"@type":"ImageObject","inLanguage":"cs","@id":"https:\/\/www.technodompro.com\/index.php\/produkt\/znackovy-laufen-pro-bila-wc-nadrz-dual-flush-zadni-privod-vody-uprostred-h8269510009711-23369\/#primaryimage","url":"https:\/\/www.technodompro.com\/wp-content\/uploads\/2026\/SK0015394-CZ20260425-093351-0-1777080838-1135983_h8269510009711sch-jpg.webp","contentUrl":"https:\/\/www.technodompro.com\/wp-content\/uploads\/2026\/SK0015394-CZ20260425-093351-0-1777080838-1135983_h8269510009711sch-jpg.webp","width":1000,"height":750},{"@type":"BreadcrumbList","@id":"https:\/\/www.technodompro.com\/index.php\/produkt\/znackovy-laufen-pro-bila-wc-nadrz-dual-flush-zadni-privod-vody-uprostred-h8269510009711-23369\/#breadcrumb","itemListElement":[{"@type":"ListItem","position":1,"name":"Home","item":"https:\/\/www.technodompro.com\/"},{"@type":"ListItem","position":2,"name":"Products","item":"https:\/\/www.technodompro.com\/index.php\/products\/"},{"@type":"ListItem","position":3,"name":"Zna\u010dkov\u00fd Laufen PRO b\u00edl\u00e1 WC n\u00e1dr\u017e Dual Flush, zadn\u00ed p\u0159\u00edvod vody uprost\u0159ed H8269510009711"}]},{"@type":"WebSite","@id":"https:\/\/www.technodompro.com\/#website","url":"https:\/\/www.technodompro.com\/","name":"","description":"","potentialAction":[{"@type":"SearchAction","target":{"@type":"EntryPoint","urlTemplate":"https:\/\/www.technodompro.com\/?s={search_term_string}"},"query-input":{"@type":"PropertyValueSpecification","valueRequired":true,"valueName":"search_term_string"}}],"inLanguage":"cs"}]}},"_links":{"self":[{"href":"https:\/\/www.technodompro.com\/index.php\/wp-json\/wp\/v2\/product\/23369","targetHints":{"allow":["GET"]}}],"collection":[{"href":"https:\/\/www.technodompro.com\/index.php\/wp-json\/wp\/v2\/product"}],"about":[{"href":"https:\/\/www.technodompro.com\/index.php\/wp-json\/wp\/v2\/types\/product"}],"replies":[{"embeddable":true,"href":"https:\/\/www.technodompro.com\/index.php\/wp-json\/wp\/v2\/comments?post=23369"}],"wp:featuredmedia":[{"embeddable":true,"href":"https:\/\/www.technodompro.com\/index.php\/wp-json\/wp\/v2\/media\/23469"}],"wp:attachment":[{"href":"https:\/\/www.technodompro.com\/index.php\/wp-json\/wp\/v2\/media?parent=23369"}],"wp:term":[{"taxonomy":"product_brand","embeddable":true,"href":"https:\/\/www.technodompro.com\/index.php\/wp-json\/wp\/v2\/product_brand?post=23369"},{"taxonomy":"product_cat","embeddable":true,"href":"https:\/\/www.technodompro.com\/index.php\/wp-json\/wp\/v2\/product_cat?post=23369"},{"taxonomy":"product_tag","embeddable":true,"href":"https:\/\/www.technodompro.com\/index.php\/wp-json\/wp\/v2\/product_tag?post=23369"}],"curies":[{"name":"wp","href":"https:\/\/api.w.org\/{rel}","templated":true}]}}