{"id":24140,"date":"2026-04-27T04:41:32","date_gmt":"2026-04-27T04:41:32","guid":{"rendered":""},"modified":"2026-04-27T04:41:32","modified_gmt":"2026-04-27T04:41:32","slug":"rychle-dodani-wigell-kalibrator-16-20-25-24140","status":"publish","type":"product","link":"https:\/\/www.technodompro.com\/index.php\/produkt\/rychle-dodani-wigell-kalibrator-16-20-25-24140\/","title":{"rendered":"Rychl\u00e9 Dod\u00e1n\u00ed WIGELL Kalibr\u00e1tor 16\/20\/25"},"content":{"rendered":"<div id=\"e589673\" class=\"pages\">\n<div>\n<div id=\"PDDescription\" class=\"UserContentView userContent v1a v1 bs-view dcon dc159 PDDescription\" ><dc-con><dc-con><bs-empty><\/bs-empty><\/dc-con><dc-con>        <\/p>\n<div class=\"customDescription\">                    <\/div>\n<p><\/dc-con><dc-con><\/p>\n<p><strong>WIGELL Kalibr\u00e1tor 16\/20\/25<\/strong><\/p>\n<p>Kalibr na plastohlin\u00edkov\u00e9 trubky pro upraven\u00ed pr\u016f\u0159ezu na odpov\u00eddajic\u00ed hodnotu<\/p>\n<p>16-20-25 mm<\/p>\n<p><\/dc-con><\/dc-con><\/div>\n<\/p><\/div>\n<div id=\"PDTable3\" class=\"ProductDetailTableView v3a v3 bs-view dcon dc180 PDTable3\" >\n<table>\n<thead><\/thead>\n<tbody>\n<tr class=\"attribute attr_bsshop_maker\">\n<td class=\"caption\">V\u00fdrobce<\/td>\n<td class=\"value\">Wigell<\/td>\n<\/tr>\n<\/tbody>\n<\/table>\n<\/div>\n<div id=\"PdProductGpsr\" class=\"ProductGpsrView v1a v1 bs-view dcon dc212 PdProductGpsr\" >\n<div class=\"subject\"><dc-root class=\"dcon dc214\"><span class=\"title\">Zodpov\u011bdn&#253; subjekt:<\/span><dc-con><dc-con><span class=\"company\">Wigell Sp. z o.o.<\/span><span class=\"name\">Wigell<\/span><\/dc-con><dc-con><span class=\"street\">ul. Micha\u0142owicza 12<\/span><span class=\"city\">Bielsko-Bia\u0142a <\/span><span class=\"zip\">433 00<\/span><span class=\"country\">\u010cesko<\/span><\/dc-con><span class=\"email\">wigell@wigell.pl<\/span><span class=\"phone\">+48 888 704 645<\/span><bs-empty><\/bs-empty><a href=\"https:\/\/wigell.cz\/kontakt\/\" class=\"link\" target=\"_blank\">https:\/\/wigell.cz\/kontakt\/<\/a><\/dc-con><bs-empty><\/bs-empty><\/dc-root><\/div>\n<p><bs-empty><\/bs-empty><\/div>\n<\/div>\n<div id=\"e589674\" class=\"tabs\">\n","protected":false},"excerpt":{"rendered":"<p>WIGELL Kalibr\u00e1tor 16\/20\/25 Kalibr na plastohlin\u00edkov\u00e9 trubky pro upraven\u00ed pr\u016f\u0159ezu na odpov\u00eddajic\u00ed hodnotu 16-20-25 mm V\u00fdrobce Wigell Zodpov\u011bdn&#253; subjekt:Wigell Sp. z o.o.Wigellul. Micha\u0142owicza 12Bielsko-Bia\u0142a 433 00\u010ceskowigell@wigell.pl+48 888 704 645https:\/\/wigell.cz\/kontakt\/<\/p>\n","protected":false},"featured_media":24240,"comment_status":"open","ping_status":"open","template":"","meta":[],"product_brand":[],"product_cat":[83],"product_tag":[],"class_list":{"0":"post-24140","1":"product","2":"type-product","3":"status-publish","4":"has-post-thumbnail","6":"product_cat-podlahov-233-topen-237","8":"first","9":"instock","10":"sale","11":"shipping-taxable","12":"purchasable","13":"product-type-simple"},"yoast_head":"<!-- This site is optimized with the Yoast SEO plugin v26.8 - https:\/\/yoast.com\/product\/yoast-seo-wordpress\/ -->\n<title>Rychl\u00e9 Dod\u00e1n\u00ed WIGELL Kalibr\u00e1tor 16\/20\/25 -<\/title>\n<meta name=\"robots\" content=\"index, follow, max-snippet:-1, max-image-preview:large, max-video-preview:-1\" \/>\n<link rel=\"canonical\" href=\"https:\/\/www.technodompro.com\/index.php\/produkt\/rychle-dodani-wigell-kalibrator-16-20-25-24140\/\" \/>\n<meta property=\"og:locale\" content=\"cs_CZ\" \/>\n<meta property=\"og:type\" content=\"article\" \/>\n<meta property=\"og:title\" content=\"Rychl\u00e9 Dod\u00e1n\u00ed WIGELL Kalibr\u00e1tor 16\/20\/25 -\" \/>\n<meta property=\"og:description\" content=\"WIGELL Kalibr\u00e1tor 16\/20\/25 Kalibr na plastohlin\u00edkov\u00e9 trubky pro upraven\u00ed pr\u016f\u0159ezu na odpov\u00eddajic\u00ed hodnotu 16-20-25 mm V\u00fdrobce Wigell Zodpov\u011bdn&#253; subjekt:Wigell Sp. z o.o.Wigellul. Micha\u0142owicza 12Bielsko-Bia\u0142a 433 00\u010ceskowigell@wigell.pl+48 888 704 645https:\/\/wigell.cz\/kontakt\/\" \/>\n<meta property=\"og:url\" content=\"https:\/\/www.technodompro.com\/index.php\/produkt\/rychle-dodani-wigell-kalibrator-16-20-25-24140\/\" \/>\n<meta property=\"og:image\" content=\"https:\/\/www.technodompro.com\/wp-content\/uploads\/2026\/SK0011382-CZ20260425-093449-0-1777080895-wigell-kalibrator-16-20-25.webp\" \/>\n\t<meta property=\"og:image:width\" content=\"1000\" \/>\n\t<meta property=\"og:image:height\" content=\"525\" \/>\n\t<meta property=\"og:image:type\" content=\"image\/webp\" \/>\n<meta name=\"twitter:card\" content=\"summary_large_image\" \/>\n<script type=\"application\/ld+json\" class=\"yoast-schema-graph\">{\"@context\":\"https:\/\/schema.org\",\"@graph\":[{\"@type\":\"WebPage\",\"@id\":\"https:\/\/www.technodompro.com\/index.php\/produkt\/rychle-dodani-wigell-kalibrator-16-20-25-24140\/\",\"url\":\"https:\/\/www.technodompro.com\/index.php\/produkt\/rychle-dodani-wigell-kalibrator-16-20-25-24140\/\",\"name\":\"Rychl\u00e9 Dod\u00e1n\u00ed WIGELL Kalibr\u00e1tor 16\/20\/25 -\",\"isPartOf\":{\"@id\":\"https:\/\/www.technodompro.com\/#website\"},\"primaryImageOfPage\":{\"@id\":\"https:\/\/www.technodompro.com\/index.php\/produkt\/rychle-dodani-wigell-kalibrator-16-20-25-24140\/#primaryimage\"},\"image\":{\"@id\":\"https:\/\/www.technodompro.com\/index.php\/produkt\/rychle-dodani-wigell-kalibrator-16-20-25-24140\/#primaryimage\"},\"thumbnailUrl\":\"https:\/\/www.technodompro.com\/wp-content\/uploads\/2026\/SK0011382-CZ20260425-093449-0-1777080895-wigell-kalibrator-16-20-25.webp\",\"datePublished\":\"2026-04-27T04:41:32+00:00\",\"breadcrumb\":{\"@id\":\"https:\/\/www.technodompro.com\/index.php\/produkt\/rychle-dodani-wigell-kalibrator-16-20-25-24140\/#breadcrumb\"},\"inLanguage\":\"cs\",\"potentialAction\":[{\"@type\":\"ReadAction\",\"target\":[\"https:\/\/www.technodompro.com\/index.php\/produkt\/rychle-dodani-wigell-kalibrator-16-20-25-24140\/\"]}]},{\"@type\":\"ImageObject\",\"inLanguage\":\"cs\",\"@id\":\"https:\/\/www.technodompro.com\/index.php\/produkt\/rychle-dodani-wigell-kalibrator-16-20-25-24140\/#primaryimage\",\"url\":\"https:\/\/www.technodompro.com\/wp-content\/uploads\/2026\/SK0011382-CZ20260425-093449-0-1777080895-wigell-kalibrator-16-20-25.webp\",\"contentUrl\":\"https:\/\/www.technodompro.com\/wp-content\/uploads\/2026\/SK0011382-CZ20260425-093449-0-1777080895-wigell-kalibrator-16-20-25.webp\",\"width\":1000,\"height\":525},{\"@type\":\"BreadcrumbList\",\"@id\":\"https:\/\/www.technodompro.com\/index.php\/produkt\/rychle-dodani-wigell-kalibrator-16-20-25-24140\/#breadcrumb\",\"itemListElement\":[{\"@type\":\"ListItem\",\"position\":1,\"name\":\"Home\",\"item\":\"https:\/\/www.technodompro.com\/\"},{\"@type\":\"ListItem\",\"position\":2,\"name\":\"Products\",\"item\":\"https:\/\/www.technodompro.com\/index.php\/products\/\"},{\"@type\":\"ListItem\",\"position\":3,\"name\":\"Rychl\u00e9 Dod\u00e1n\u00ed WIGELL Kalibr\u00e1tor 16\/20\/25\"}]},{\"@type\":\"WebSite\",\"@id\":\"https:\/\/www.technodompro.com\/#website\",\"url\":\"https:\/\/www.technodompro.com\/\",\"name\":\"\",\"description\":\"\",\"potentialAction\":[{\"@type\":\"SearchAction\",\"target\":{\"@type\":\"EntryPoint\",\"urlTemplate\":\"https:\/\/www.technodompro.com\/?s={search_term_string}\"},\"query-input\":{\"@type\":\"PropertyValueSpecification\",\"valueRequired\":true,\"valueName\":\"search_term_string\"}}],\"inLanguage\":\"cs\"}]}<\/script>\n<!-- \/ Yoast SEO plugin. -->","yoast_head_json":{"title":"Rychl\u00e9 Dod\u00e1n\u00ed WIGELL Kalibr\u00e1tor 16\/20\/25 -","robots":{"index":"index","follow":"follow","max-snippet":"max-snippet:-1","max-image-preview":"max-image-preview:large","max-video-preview":"max-video-preview:-1"},"canonical":"https:\/\/www.technodompro.com\/index.php\/produkt\/rychle-dodani-wigell-kalibrator-16-20-25-24140\/","og_locale":"cs_CZ","og_type":"article","og_title":"Rychl\u00e9 Dod\u00e1n\u00ed WIGELL Kalibr\u00e1tor 16\/20\/25 -","og_description":"WIGELL Kalibr\u00e1tor 16\/20\/25 Kalibr na plastohlin\u00edkov\u00e9 trubky pro upraven\u00ed pr\u016f\u0159ezu na odpov\u00eddajic\u00ed hodnotu 16-20-25 mm V\u00fdrobce Wigell Zodpov\u011bdn&#253; subjekt:Wigell Sp. z o.o.Wigellul. Micha\u0142owicza 12Bielsko-Bia\u0142a 433 00\u010ceskowigell@wigell.pl+48 888 704 645https:\/\/wigell.cz\/kontakt\/","og_url":"https:\/\/www.technodompro.com\/index.php\/produkt\/rychle-dodani-wigell-kalibrator-16-20-25-24140\/","og_image":[{"width":1000,"height":525,"url":"https:\/\/www.technodompro.com\/wp-content\/uploads\/2026\/SK0011382-CZ20260425-093449-0-1777080895-wigell-kalibrator-16-20-25.webp","type":"image\/webp"}],"twitter_card":"summary_large_image","schema":{"@context":"https:\/\/schema.org","@graph":[{"@type":"WebPage","@id":"https:\/\/www.technodompro.com\/index.php\/produkt\/rychle-dodani-wigell-kalibrator-16-20-25-24140\/","url":"https:\/\/www.technodompro.com\/index.php\/produkt\/rychle-dodani-wigell-kalibrator-16-20-25-24140\/","name":"Rychl\u00e9 Dod\u00e1n\u00ed WIGELL Kalibr\u00e1tor 16\/20\/25 -","isPartOf":{"@id":"https:\/\/www.technodompro.com\/#website"},"primaryImageOfPage":{"@id":"https:\/\/www.technodompro.com\/index.php\/produkt\/rychle-dodani-wigell-kalibrator-16-20-25-24140\/#primaryimage"},"image":{"@id":"https:\/\/www.technodompro.com\/index.php\/produkt\/rychle-dodani-wigell-kalibrator-16-20-25-24140\/#primaryimage"},"thumbnailUrl":"https:\/\/www.technodompro.com\/wp-content\/uploads\/2026\/SK0011382-CZ20260425-093449-0-1777080895-wigell-kalibrator-16-20-25.webp","datePublished":"2026-04-27T04:41:32+00:00","breadcrumb":{"@id":"https:\/\/www.technodompro.com\/index.php\/produkt\/rychle-dodani-wigell-kalibrator-16-20-25-24140\/#breadcrumb"},"inLanguage":"cs","potentialAction":[{"@type":"ReadAction","target":["https:\/\/www.technodompro.com\/index.php\/produkt\/rychle-dodani-wigell-kalibrator-16-20-25-24140\/"]}]},{"@type":"ImageObject","inLanguage":"cs","@id":"https:\/\/www.technodompro.com\/index.php\/produkt\/rychle-dodani-wigell-kalibrator-16-20-25-24140\/#primaryimage","url":"https:\/\/www.technodompro.com\/wp-content\/uploads\/2026\/SK0011382-CZ20260425-093449-0-1777080895-wigell-kalibrator-16-20-25.webp","contentUrl":"https:\/\/www.technodompro.com\/wp-content\/uploads\/2026\/SK0011382-CZ20260425-093449-0-1777080895-wigell-kalibrator-16-20-25.webp","width":1000,"height":525},{"@type":"BreadcrumbList","@id":"https:\/\/www.technodompro.com\/index.php\/produkt\/rychle-dodani-wigell-kalibrator-16-20-25-24140\/#breadcrumb","itemListElement":[{"@type":"ListItem","position":1,"name":"Home","item":"https:\/\/www.technodompro.com\/"},{"@type":"ListItem","position":2,"name":"Products","item":"https:\/\/www.technodompro.com\/index.php\/products\/"},{"@type":"ListItem","position":3,"name":"Rychl\u00e9 Dod\u00e1n\u00ed WIGELL Kalibr\u00e1tor 16\/20\/25"}]},{"@type":"WebSite","@id":"https:\/\/www.technodompro.com\/#website","url":"https:\/\/www.technodompro.com\/","name":"","description":"","potentialAction":[{"@type":"SearchAction","target":{"@type":"EntryPoint","urlTemplate":"https:\/\/www.technodompro.com\/?s={search_term_string}"},"query-input":{"@type":"PropertyValueSpecification","valueRequired":true,"valueName":"search_term_string"}}],"inLanguage":"cs"}]}},"_links":{"self":[{"href":"https:\/\/www.technodompro.com\/index.php\/wp-json\/wp\/v2\/product\/24140","targetHints":{"allow":["GET"]}}],"collection":[{"href":"https:\/\/www.technodompro.com\/index.php\/wp-json\/wp\/v2\/product"}],"about":[{"href":"https:\/\/www.technodompro.com\/index.php\/wp-json\/wp\/v2\/types\/product"}],"replies":[{"embeddable":true,"href":"https:\/\/www.technodompro.com\/index.php\/wp-json\/wp\/v2\/comments?post=24140"}],"wp:featuredmedia":[{"embeddable":true,"href":"https:\/\/www.technodompro.com\/index.php\/wp-json\/wp\/v2\/media\/24240"}],"wp:attachment":[{"href":"https:\/\/www.technodompro.com\/index.php\/wp-json\/wp\/v2\/media?parent=24140"}],"wp:term":[{"taxonomy":"product_brand","embeddable":true,"href":"https:\/\/www.technodompro.com\/index.php\/wp-json\/wp\/v2\/product_brand?post=24140"},{"taxonomy":"product_cat","embeddable":true,"href":"https:\/\/www.technodompro.com\/index.php\/wp-json\/wp\/v2\/product_cat?post=24140"},{"taxonomy":"product_tag","embeddable":true,"href":"https:\/\/www.technodompro.com\/index.php\/wp-json\/wp\/v2\/product_tag?post=24140"}],"curies":[{"name":"wp","href":"https:\/\/api.w.org\/{rel}","templated":true}]}}