{"id":24168,"date":"2026-04-27T04:41:32","date_gmt":"2026-04-27T04:41:32","guid":{"rendered":""},"modified":"2026-04-27T04:41:32","modified_gmt":"2026-04-27T04:41:32","slug":"almeva-univerzalni-sestava-svisleho-odkoureni-60-100-3-m-pph-pph-expresni-doruceni-24168","status":"publish","type":"product","link":"https:\/\/www.technodompro.com\/index.php\/produkt\/almeva-univerzalni-sestava-svisleho-odkoureni-60-100-3-m-pph-pph-expresni-doruceni-24168\/","title":{"rendered":"ALMEVA Univerz\u00e1ln\u00ed sestava svisl\u00e9ho odkou\u0159en\u00ed 60\/100 &#8211; 3 m PPH-PPH Expresn\u00ed Doru\u010den\u00ed"},"content":{"rendered":"<div id=\"e11661993\" class=\"pages\">\n<div>\n<div id=\"PDDescription\" class=\"UserContentView userContent v1a v1 bs-view dcon dc159 PDDescription\" ><dc-con><dc-con><bs-empty><\/bs-empty><\/dc-con><dc-con>        <\/p>\n<div class=\"customDescription\">                    <\/div>\n<p><\/dc-con><dc-con><\/p>\n<h1 class=\"title\"><span style=\"font-size: 60%;\">Spole\u010dnost Almeva East Europe s.r.o. \u010dlen skupiny Almeva AG se s\u00eddlem ve \u0160v\u00fdcarsku je <\/span><span style=\"font-size: 60%;\">tradi\u010dn\u00edm v\u00fdrobcem velmi kvalitn\u00edho odkou\u0159en\u00ed do v\u0161ech aplikac\u00ed.<\/span><\/h1>\n<h1 class=\"title\">\u00a0<\/h1>\n<h1 id=\"page-title\" class=\"title\">LIK &#8211; PPH\/PPH<\/h1>\n<p><!-- \/main-top --> <!-- main-content --><\/p>\n<div id=\"main-content\"><!-- content --><\/p>\n<div id=\"content\" class=\"clear-block\">\n<div id=\"node-743\" class=\"node node-product buildmode-full\">\n<div class=\"node-content clear-block\">\n<div class=\"nd-region-middle-wrapper   nd-one-sidebar nd-sidebar-left\">\n<div class=\"nd-region-middle\">\n<div class=\"field field-body\">\n<ul>\n<li>Plastov\u00fd syst\u00e9m odkou\u0159en\u00ed\u00a0LIK je tvo\u0159en\u00fd\u00a0koncentrick\u00fdmi pevn\u00fdmi trubkami a tvarovkami PPH\/PPH.<\/li>\n<li>Syst\u00e9m\u00a0LIK je nab\u00edzen v pr\u016fm\u011brech 60\/100 mm\u00a0a\u00a080\/125 mm.<\/li>\n<li>Je u\u010den\u00fd zejm\u00e9na pro\u00a0spalinov\u00e9 cesty ve vnit\u0159n\u00edm prost\u0159ed\u00ed.<\/li>\n<li>Spojov\u00e1n\u00ed jednotliv\u00fdch prvk\u016f syst\u00e9mu\u00a0LIK je\u00a0hrdlov\u00fdmi spoji s EPDM t\u011bsn\u011bn\u00edm.<\/li>\n<li>Charakteristika dle \u010cSN EN 14471:<br \/> T120 H1\/P1 O W 2 O00 I E L1<\/li>\n<\/ul>\n<p><strong>ALMEVA Univerz\u00e1ln\u00ed sestava svisl\u00e9ho odkou\u0159en\u00ed 60\/100 &#8211; 3 m PPH-PPH<\/strong><\/p>\n<\/div>\n<\/div>\n<\/div>\n<\/div>\n<\/div>\n<\/div>\n<\/div>\n<p><\/dc-con><\/dc-con><\/div>\n<div id=\"PDDescription2\" class=\"UserContentView userContent v1a v1 bs-view dcon dc160 PDDescription2\" >\n<p><span style=\"text-decoration: underline;\"><strong>Vhodn\u00e9 pro v\u0161echny typy kondenza\u010dn\u00edch kotl\u016f do\u00a032 kW<\/strong><\/span><\/p>\n<p>U n\u011bkter\u00fdch typ\u016f kotl\u016f, je t\u0159eba zakoupit kotlovou p\u0159\u00edrubu pro napojen\u00ed mezi kotel a odkou\u0159en\u00ed.<\/p>\n<p>Odkou\u0159en\u00ed je mo\u017en\u00e9 zkracovat dle pot\u0159eby.<\/p>\n<p>K v\u00fd\u0161ce odkou\u0159en\u00ed je t\u0159eba p\u0159ipo\u010d\u00edst v\u00fd\u0161ku revizn\u00edho T-kusu s kontroln\u00edm otvorem o d\u00e9lce 23 cm.<\/p>\n<p>Obecn\u011b je maxim\u00e1ln\u00ed\u00a0v\u00fd\u0161ka odkou\u0159en\u00ed pod st\u0159echu\u00a0je 4m p\u0159i pr\u016fm\u011bru 60\/100 pro kotle do\u00a032 kW. Ka\u017ed\u00e9 dal\u0161\u00ed 90\u00b0 koleno prodlu\u017euje odkou\u0159en\u00ed hydraulicky o 1m a 45\u00b0 koleno o 0,5m.<\/p>\n<p style=\"text-align: justify;\">Nap\u0159\u00edklad: m\u00e1te li sadu odkou\u0159en\u00ed s v\u00fd\u0161kou pod st\u0159echu 4m nem\u016f\u017eete ji\u017e d\u00e1vat koleno 90\u00b0 jeliko\u017e by jste se dostali s hydraulick\u00fdmi ztr\u00e1tami na d\u00e9lu 5m a kotel by to ji\u017e neut\u00e1hl. U\u00a0v\u00fd\u0161ka\u00a0\u00a03m a m\u00e9n\u011b je to mo\u017en\u00e9, jeliko\u017e se dostanete hydraulicky do 4m. Tedy 3m + koleno 90\u00b0 (\u00a01m ) = 4m.<\/p>\n<p><strong><span style=\"color: #ff0000;\"><span style=\"color: #ff0000;\"><span style=\"color: #ff0000;\"><span style=\"color: #ff0000;\"><span style=\"color: #ff0000;\"><span style=\"color: #ff0000;\"><span style=\"color: #ff0000;\"><span style=\"color: #ff0000;\"><span style=\"color: #ff0000;\"><span style=\"color: #ff0000;\"><span style=\"color: #ff0000;\"><span style=\"color: #ff0000;\"><span style=\"color: #ff0000;\"><span style=\"color: #ff0000;\">Sestavy je v\u017edy nutn\u00e9 konzultovat s realiza\u010dn\u00ed, mont\u00e1\u017en\u00ed\u00a0nebo <\/span><span style=\"color: #ff0000;\">revizn\u00ed firmou, jeliko\u017e ne v ka\u017ed\u00fdch aplikac\u00edch, <\/span><span style=\"color: #ff0000;\">z d\u016fvodu norem, je mo\u017en\u00e9 tyto sestavy pou\u017e\u00edt.<\/span><\/span><\/span><\/span><\/span><\/span><\/span><\/span><\/span><\/span><\/span><\/span><\/span><\/span><\/strong><\/p>\n<p style=\"text-align: justify;\">Slou\u017e\u00ed k odvodu spalin od kondenza\u010dn\u00edch a n\u00edzkoteplotn\u00edch kotl\u016f s nejvy\u0161\u0161\u00ed teplotou spalin na hrdle odkou\u0159en\u00ed spot\u0159ebi\u010de 120\u00b0C. Je ur\u010den p\u0159ev\u00e1\u017en\u011b pro p\u0159etlakov\u00e9 a vysokop\u0159etlakov\u00e9 spalinov\u00e9 cesty. M\u016f\u017ee b\u00fdt pou\u017eit i pro kom\u00edny s p\u0159irozen\u00fdm tahem. Nen\u00ed ur\u010den pro spalinov\u00e9 cesty, ve kter\u00fdch m\u016f\u017ee doj\u00edt k vyho\u0159en\u00ed saz\u00ed. Je vhodn\u00fd pro kom\u00edny, kter\u00e9 jsou pl\u00e1novit\u011b provozov\u00e1ny v mokr\u00e9m provozn\u00edm re\u017eimu a pou\u017eiteln\u00fd pro spalinovou cestu od spot\u0159ebi\u010d\u016f spaluj\u00edc\u00edch plynn\u00e1 paliva resp. zemn\u00ed plyn (L,H) a tekut\u00e1 paliva (LTO s obsahem s\u00edry do 0,2% kerosin).<\/p>\n<p><a target=\"_blank\" href=\"http:\/\/www.almeva.cz\/sites\/www.almeva.cz\/files\/product-files\/prohlasenioshodeeasy_1.pdf\">Prohl\u00e1\u0161en\u00ed o shod\u011b<\/a><\/p>\n<p><a target=\"_blank\" href=\"http:\/\/www.almeva.cz\/sites\/www.almeva.cz\/files\/product-files\/kominovystitekeasy_1.pdf\">Kom\u00ednov\u00fd \u0161t\u00edtek easy<\/a><\/p>\n<p><strong>BAXI<\/strong> kondenza\u010dn\u00ed kotle nen\u00ed pot\u0159eba kotlovou p\u0159\u00edrubu, je sou\u010d\u00e1st\u00ed dod\u00e1vky kotle.<\/p>\n<p><strong>BUDERUS<\/strong> nelze pou\u017e\u00edt. Nutno konzultovat telefonicky s technikem.<\/p>\n<p><strong>FERROLI<\/strong> kondenza\u010dn\u00ed kotle\u00a0je pot\u0159eba kotlovou p\u0159\u00edrubu objednat &#8211;\u00a0<a target=\"_self\" href=\"https:\/\/www.topenilevne.cz\/ferroli-adapter-spalinovych-cest-60-100-pro-kondenzacni-kotel-p50767\/\">zde<\/a>.<\/p>\n<p><strong>JUNKERS &#8211;\u00a0BOSCH<\/strong> kondenza\u010dn\u00ed kotle\u00a0je pot\u0159eba kotlovou p\u0159\u00edrubu objednat &#8211;\u00a0<a target=\"_self\" href=\"https:\/\/www.topenilevne.cz\/junkers-univerzalni-priruba-60-100-pro-kondenzacni-kotle-do-32-kw-p44562\/\">zde<\/a>.<\/p>\n<p><strong>PROTHERM<\/strong> kondenza\u010dn\u00ed kotle\u00a0je pot\u0159eba kotlovou p\u0159\u00edrubu objednat &#8211;\u00a0<a target=\"_self\" href=\"https:\/\/www.topenilevne.cz\/protherm-pripojovaci-vertikalni-adapter-60-100-p21295\/\">zde<\/a>.<\/p>\n<p><strong>THERMONA<\/strong> kondenza\u010dn\u00ed kotle\u00a0je pot\u0159eba kotlovou p\u0159\u00edrubu objednat &#8211;\u00a0<a target=\"_self\" href=\"https:\/\/www.topenilevne.cz\/thermona-priruba-60-100-mm-s-odbery-pp-al-p13464\/\">zde<\/a>.<\/p>\n<p><strong>VAILLANT<\/strong> kondenza\u010dn\u00ed kotle nen\u00ed pot\u0159eba kotlovou p\u0159\u00edrubu, je sou\u010d\u00e1st\u00ed dod\u00e1vky kotle. Pro n\u011bkter\u00e9 kotle je nutn\u00e9 dokoupen\u00ed kryc\u00ed spony pro napojen\u00ed na adapt\u00e9r. Zmi\u0148ovan\u00e9 spony naleznete <a target=\"_self\" href=\"\/\/www.topenilevne.cz\/hledat\/?q=spona%20s\"><span style=\"color: #0066cc;\">zde<\/span><\/a><\/p>\n<p><strong>VIADRUS<\/strong> kondenza\u010dn\u00ed kotle\u00a0je pot\u0159eba kotlovou p\u0159\u00edrubu objednat &#8211; <a target=\"_self\" href=\"https:\/\/www.topenilevne.cz\/almeva-lik-merici-kus-s-2-mericimi-otvory-60-100-p44256\/\">zde<\/a>.<\/p>\n<p><strong>Paket fas\u00e1dn\u00edho odkou\u0159en\u00ed obsahuje:<\/strong><\/p>\n<p>T kus s kontroln\u00edm otvorem, koaxi\u00e1ln\u00ed trubky ( po\u010det dle v\u00fd\u0161ky odkou\u0159en\u00ed ), pr\u016fchodku st\u0159echou \u0161ikmou a st\u0159e\u0161n\u00ed n\u00e1dstavec.<\/p>\n<\/div><\/div>\n<div id=\"PDTable3\" class=\"ProductDetailTableView v3a v3 bs-view dcon dc180 PDTable3\" >\n<table>\n<thead><\/thead>\n<tbody>\n<tr class=\"attribute attr_pouziti\">\n<td class=\"caption\">Pou\u017eit\u00ed<\/td>\n<td class=\"value\">P\u0159es \u0161ikmou st\u0159echu &#8211; svisl\u00e9<\/td>\n<\/tr>\n<tr class=\"attribute attr_Vyska attr_1\">\n<td class=\"caption\">V\u00fd\u0161ka v mm<\/td>\n<td class=\"value\">3000<\/td>\n<\/tr>\n<tr class=\"attribute attr_prumer\">\n<td class=\"caption\">Pr\u016fm\u011br<\/td>\n<td class=\"value\">60\/100 mm<\/td>\n<\/tr>\n<tr class=\"attribute attr_typ\">\n<td class=\"caption\">Typ<\/td>\n<td class=\"value\">Sady odkou\u0159en\u00ed<\/td>\n<\/tr>\n<tr class=\"attribute attr_bsshop_maker\">\n<td class=\"caption\">V\u00fdrobce<\/td>\n<td class=\"value\">Almeva<\/td>\n<\/tr>\n<tr class=\"weight\">\n<td class=\"caption\"><span>Hmotnost<\/span><\/td>\n<td class=\"value\"><span>8,46 kg<\/span><\/td>\n<\/tr>\n<\/tbody>\n<\/table>\n<\/div>\n<\/div>\n<div id=\"e11661994\" class=\"tabs\">\n","protected":false},"excerpt":{"rendered":"<p>Spole\u010dnost Almeva East Europe s.r.o. \u010dlen skupiny Almeva AG se s\u00eddlem ve \u0160v\u00fdcarsku je tradi\u010dn\u00edm v\u00fdrobcem velmi kvalitn\u00edho odkou\u0159en\u00ed do v\u0161ech aplikac\u00ed. \u00a0 LIK &#8211; PPH\/PPH Plastov\u00fd syst\u00e9m odkou\u0159en\u00ed\u00a0LIK je tvo\u0159en\u00fd\u00a0koncentrick\u00fdmi pevn\u00fdmi trubkami a tvarovkami PPH\/PPH. Syst\u00e9m\u00a0LIK je nab\u00edzen v pr\u016fm\u011brech 60\/100 mm\u00a0a\u00a080\/125 mm. Je u\u010den\u00fd zejm\u00e9na pro\u00a0spalinov\u00e9 cesty ve vnit\u0159n\u00edm prost\u0159ed\u00ed. Spojov\u00e1n\u00ed jednotliv\u00fdch prvk\u016f [&hellip;]<\/p>\n","protected":false},"featured_media":24268,"comment_status":"open","ping_status":"open","template":"","meta":[],"product_brand":[],"product_cat":[86],"product_tag":[],"class_list":{"0":"post-24168","1":"product","2":"type-product","3":"status-publish","4":"has-post-thumbnail","6":"product_cat-kotle","8":"first","9":"instock","10":"sale","11":"shipping-taxable","12":"purchasable","13":"product-type-simple"},"yoast_head":"<!-- This site is optimized with the Yoast SEO plugin v26.8 - https:\/\/yoast.com\/product\/yoast-seo-wordpress\/ -->\n<title>ALMEVA Univerz\u00e1ln\u00ed sestava svisl\u00e9ho odkou\u0159en\u00ed 60\/100 - 3 m PPH-PPH Expresn\u00ed Doru\u010den\u00ed -<\/title>\n<meta name=\"robots\" content=\"index, follow, max-snippet:-1, max-image-preview:large, max-video-preview:-1\" \/>\n<link rel=\"canonical\" href=\"https:\/\/www.technodompro.com\/index.php\/produkt\/almeva-univerzalni-sestava-svisleho-odkoureni-60-100-3-m-pph-pph-expresni-doruceni-24168\/\" \/>\n<meta property=\"og:locale\" content=\"cs_CZ\" \/>\n<meta property=\"og:type\" content=\"article\" \/>\n<meta property=\"og:title\" content=\"ALMEVA Univerz\u00e1ln\u00ed sestava svisl\u00e9ho odkou\u0159en\u00ed 60\/100 - 3 m PPH-PPH Expresn\u00ed Doru\u010den\u00ed -\" \/>\n<meta property=\"og:description\" content=\"Spole\u010dnost Almeva East Europe s.r.o. \u010dlen skupiny Almeva AG se s\u00eddlem ve \u0160v\u00fdcarsku je tradi\u010dn\u00edm v\u00fdrobcem velmi kvalitn\u00edho odkou\u0159en\u00ed do v\u0161ech aplikac\u00ed. \u00a0 LIK &#8211; PPH\/PPH Plastov\u00fd syst\u00e9m odkou\u0159en\u00ed\u00a0LIK je tvo\u0159en\u00fd\u00a0koncentrick\u00fdmi pevn\u00fdmi trubkami a tvarovkami PPH\/PPH. Syst\u00e9m\u00a0LIK je nab\u00edzen v pr\u016fm\u011brech 60\/100 mm\u00a0a\u00a080\/125 mm. Je u\u010den\u00fd zejm\u00e9na pro\u00a0spalinov\u00e9 cesty ve vnit\u0159n\u00edm prost\u0159ed\u00ed. Spojov\u00e1n\u00ed jednotliv\u00fdch prvk\u016f [&hellip;]\" \/>\n<meta property=\"og:url\" content=\"https:\/\/www.technodompro.com\/index.php\/produkt\/almeva-univerzalni-sestava-svisleho-odkoureni-60-100-3-m-pph-pph-expresni-doruceni-24168\/\" \/>\n<meta property=\"og:image\" content=\"https:\/\/www.technodompro.com\/wp-content\/uploads\/2026\/SK0011410-CZ20260425-093449-0-1777080895-almeva-univerzalni-sestava-svisleho-odkoureni-60-100-3-m-pp.webp\" \/>\n\t<meta property=\"og:image:width\" content=\"1000\" \/>\n\t<meta property=\"og:image:height\" content=\"525\" \/>\n\t<meta property=\"og:image:type\" content=\"image\/webp\" \/>\n<meta name=\"twitter:card\" content=\"summary_large_image\" \/>\n<meta name=\"twitter:label1\" content=\"Odhadovan\u00e1 doba \u010dten\u00ed\" \/>\n\t<meta name=\"twitter:data1\" content=\"3 minuty\" \/>\n<script type=\"application\/ld+json\" class=\"yoast-schema-graph\">{\"@context\":\"https:\/\/schema.org\",\"@graph\":[{\"@type\":\"WebPage\",\"@id\":\"https:\/\/www.technodompro.com\/index.php\/produkt\/almeva-univerzalni-sestava-svisleho-odkoureni-60-100-3-m-pph-pph-expresni-doruceni-24168\/\",\"url\":\"https:\/\/www.technodompro.com\/index.php\/produkt\/almeva-univerzalni-sestava-svisleho-odkoureni-60-100-3-m-pph-pph-expresni-doruceni-24168\/\",\"name\":\"ALMEVA Univerz\u00e1ln\u00ed sestava svisl\u00e9ho odkou\u0159en\u00ed 60\/100 - 3 m PPH-PPH Expresn\u00ed Doru\u010den\u00ed -\",\"isPartOf\":{\"@id\":\"https:\/\/www.technodompro.com\/#website\"},\"primaryImageOfPage\":{\"@id\":\"https:\/\/www.technodompro.com\/index.php\/produkt\/almeva-univerzalni-sestava-svisleho-odkoureni-60-100-3-m-pph-pph-expresni-doruceni-24168\/#primaryimage\"},\"image\":{\"@id\":\"https:\/\/www.technodompro.com\/index.php\/produkt\/almeva-univerzalni-sestava-svisleho-odkoureni-60-100-3-m-pph-pph-expresni-doruceni-24168\/#primaryimage\"},\"thumbnailUrl\":\"https:\/\/www.technodompro.com\/wp-content\/uploads\/2026\/SK0011410-CZ20260425-093449-0-1777080895-almeva-univerzalni-sestava-svisleho-odkoureni-60-100-3-m-pp.webp\",\"datePublished\":\"2026-04-27T04:41:32+00:00\",\"breadcrumb\":{\"@id\":\"https:\/\/www.technodompro.com\/index.php\/produkt\/almeva-univerzalni-sestava-svisleho-odkoureni-60-100-3-m-pph-pph-expresni-doruceni-24168\/#breadcrumb\"},\"inLanguage\":\"cs\",\"potentialAction\":[{\"@type\":\"ReadAction\",\"target\":[\"https:\/\/www.technodompro.com\/index.php\/produkt\/almeva-univerzalni-sestava-svisleho-odkoureni-60-100-3-m-pph-pph-expresni-doruceni-24168\/\"]}]},{\"@type\":\"ImageObject\",\"inLanguage\":\"cs\",\"@id\":\"https:\/\/www.technodompro.com\/index.php\/produkt\/almeva-univerzalni-sestava-svisleho-odkoureni-60-100-3-m-pph-pph-expresni-doruceni-24168\/#primaryimage\",\"url\":\"https:\/\/www.technodompro.com\/wp-content\/uploads\/2026\/SK0011410-CZ20260425-093449-0-1777080895-almeva-univerzalni-sestava-svisleho-odkoureni-60-100-3-m-pp.webp\",\"contentUrl\":\"https:\/\/www.technodompro.com\/wp-content\/uploads\/2026\/SK0011410-CZ20260425-093449-0-1777080895-almeva-univerzalni-sestava-svisleho-odkoureni-60-100-3-m-pp.webp\",\"width\":1000,\"height\":525},{\"@type\":\"BreadcrumbList\",\"@id\":\"https:\/\/www.technodompro.com\/index.php\/produkt\/almeva-univerzalni-sestava-svisleho-odkoureni-60-100-3-m-pph-pph-expresni-doruceni-24168\/#breadcrumb\",\"itemListElement\":[{\"@type\":\"ListItem\",\"position\":1,\"name\":\"Home\",\"item\":\"https:\/\/www.technodompro.com\/\"},{\"@type\":\"ListItem\",\"position\":2,\"name\":\"Products\",\"item\":\"https:\/\/www.technodompro.com\/index.php\/products\/\"},{\"@type\":\"ListItem\",\"position\":3,\"name\":\"ALMEVA Univerz\u00e1ln\u00ed sestava svisl\u00e9ho odkou\u0159en\u00ed 60\/100 &#8211; 3 m PPH-PPH Expresn\u00ed Doru\u010den\u00ed\"}]},{\"@type\":\"WebSite\",\"@id\":\"https:\/\/www.technodompro.com\/#website\",\"url\":\"https:\/\/www.technodompro.com\/\",\"name\":\"\",\"description\":\"\",\"potentialAction\":[{\"@type\":\"SearchAction\",\"target\":{\"@type\":\"EntryPoint\",\"urlTemplate\":\"https:\/\/www.technodompro.com\/?s={search_term_string}\"},\"query-input\":{\"@type\":\"PropertyValueSpecification\",\"valueRequired\":true,\"valueName\":\"search_term_string\"}}],\"inLanguage\":\"cs\"}]}<\/script>\n<!-- \/ Yoast SEO plugin. -->","yoast_head_json":{"title":"ALMEVA Univerz\u00e1ln\u00ed sestava svisl\u00e9ho odkou\u0159en\u00ed 60\/100 - 3 m PPH-PPH Expresn\u00ed Doru\u010den\u00ed -","robots":{"index":"index","follow":"follow","max-snippet":"max-snippet:-1","max-image-preview":"max-image-preview:large","max-video-preview":"max-video-preview:-1"},"canonical":"https:\/\/www.technodompro.com\/index.php\/produkt\/almeva-univerzalni-sestava-svisleho-odkoureni-60-100-3-m-pph-pph-expresni-doruceni-24168\/","og_locale":"cs_CZ","og_type":"article","og_title":"ALMEVA Univerz\u00e1ln\u00ed sestava svisl\u00e9ho odkou\u0159en\u00ed 60\/100 - 3 m PPH-PPH Expresn\u00ed Doru\u010den\u00ed -","og_description":"Spole\u010dnost Almeva East Europe s.r.o. \u010dlen skupiny Almeva AG se s\u00eddlem ve \u0160v\u00fdcarsku je tradi\u010dn\u00edm v\u00fdrobcem velmi kvalitn\u00edho odkou\u0159en\u00ed do v\u0161ech aplikac\u00ed. \u00a0 LIK &#8211; PPH\/PPH Plastov\u00fd syst\u00e9m odkou\u0159en\u00ed\u00a0LIK je tvo\u0159en\u00fd\u00a0koncentrick\u00fdmi pevn\u00fdmi trubkami a tvarovkami PPH\/PPH. Syst\u00e9m\u00a0LIK je nab\u00edzen v pr\u016fm\u011brech 60\/100 mm\u00a0a\u00a080\/125 mm. Je u\u010den\u00fd zejm\u00e9na pro\u00a0spalinov\u00e9 cesty ve vnit\u0159n\u00edm prost\u0159ed\u00ed. Spojov\u00e1n\u00ed jednotliv\u00fdch prvk\u016f [&hellip;]","og_url":"https:\/\/www.technodompro.com\/index.php\/produkt\/almeva-univerzalni-sestava-svisleho-odkoureni-60-100-3-m-pph-pph-expresni-doruceni-24168\/","og_image":[{"width":1000,"height":525,"url":"https:\/\/www.technodompro.com\/wp-content\/uploads\/2026\/SK0011410-CZ20260425-093449-0-1777080895-almeva-univerzalni-sestava-svisleho-odkoureni-60-100-3-m-pp.webp","type":"image\/webp"}],"twitter_card":"summary_large_image","twitter_misc":{"Odhadovan\u00e1 doba \u010dten\u00ed":"3 minuty"},"schema":{"@context":"https:\/\/schema.org","@graph":[{"@type":"WebPage","@id":"https:\/\/www.technodompro.com\/index.php\/produkt\/almeva-univerzalni-sestava-svisleho-odkoureni-60-100-3-m-pph-pph-expresni-doruceni-24168\/","url":"https:\/\/www.technodompro.com\/index.php\/produkt\/almeva-univerzalni-sestava-svisleho-odkoureni-60-100-3-m-pph-pph-expresni-doruceni-24168\/","name":"ALMEVA Univerz\u00e1ln\u00ed sestava svisl\u00e9ho odkou\u0159en\u00ed 60\/100 - 3 m PPH-PPH Expresn\u00ed Doru\u010den\u00ed -","isPartOf":{"@id":"https:\/\/www.technodompro.com\/#website"},"primaryImageOfPage":{"@id":"https:\/\/www.technodompro.com\/index.php\/produkt\/almeva-univerzalni-sestava-svisleho-odkoureni-60-100-3-m-pph-pph-expresni-doruceni-24168\/#primaryimage"},"image":{"@id":"https:\/\/www.technodompro.com\/index.php\/produkt\/almeva-univerzalni-sestava-svisleho-odkoureni-60-100-3-m-pph-pph-expresni-doruceni-24168\/#primaryimage"},"thumbnailUrl":"https:\/\/www.technodompro.com\/wp-content\/uploads\/2026\/SK0011410-CZ20260425-093449-0-1777080895-almeva-univerzalni-sestava-svisleho-odkoureni-60-100-3-m-pp.webp","datePublished":"2026-04-27T04:41:32+00:00","breadcrumb":{"@id":"https:\/\/www.technodompro.com\/index.php\/produkt\/almeva-univerzalni-sestava-svisleho-odkoureni-60-100-3-m-pph-pph-expresni-doruceni-24168\/#breadcrumb"},"inLanguage":"cs","potentialAction":[{"@type":"ReadAction","target":["https:\/\/www.technodompro.com\/index.php\/produkt\/almeva-univerzalni-sestava-svisleho-odkoureni-60-100-3-m-pph-pph-expresni-doruceni-24168\/"]}]},{"@type":"ImageObject","inLanguage":"cs","@id":"https:\/\/www.technodompro.com\/index.php\/produkt\/almeva-univerzalni-sestava-svisleho-odkoureni-60-100-3-m-pph-pph-expresni-doruceni-24168\/#primaryimage","url":"https:\/\/www.technodompro.com\/wp-content\/uploads\/2026\/SK0011410-CZ20260425-093449-0-1777080895-almeva-univerzalni-sestava-svisleho-odkoureni-60-100-3-m-pp.webp","contentUrl":"https:\/\/www.technodompro.com\/wp-content\/uploads\/2026\/SK0011410-CZ20260425-093449-0-1777080895-almeva-univerzalni-sestava-svisleho-odkoureni-60-100-3-m-pp.webp","width":1000,"height":525},{"@type":"BreadcrumbList","@id":"https:\/\/www.technodompro.com\/index.php\/produkt\/almeva-univerzalni-sestava-svisleho-odkoureni-60-100-3-m-pph-pph-expresni-doruceni-24168\/#breadcrumb","itemListElement":[{"@type":"ListItem","position":1,"name":"Home","item":"https:\/\/www.technodompro.com\/"},{"@type":"ListItem","position":2,"name":"Products","item":"https:\/\/www.technodompro.com\/index.php\/products\/"},{"@type":"ListItem","position":3,"name":"ALMEVA Univerz\u00e1ln\u00ed sestava svisl\u00e9ho odkou\u0159en\u00ed 60\/100 &#8211; 3 m PPH-PPH Expresn\u00ed Doru\u010den\u00ed"}]},{"@type":"WebSite","@id":"https:\/\/www.technodompro.com\/#website","url":"https:\/\/www.technodompro.com\/","name":"","description":"","potentialAction":[{"@type":"SearchAction","target":{"@type":"EntryPoint","urlTemplate":"https:\/\/www.technodompro.com\/?s={search_term_string}"},"query-input":{"@type":"PropertyValueSpecification","valueRequired":true,"valueName":"search_term_string"}}],"inLanguage":"cs"}]}},"_links":{"self":[{"href":"https:\/\/www.technodompro.com\/index.php\/wp-json\/wp\/v2\/product\/24168","targetHints":{"allow":["GET"]}}],"collection":[{"href":"https:\/\/www.technodompro.com\/index.php\/wp-json\/wp\/v2\/product"}],"about":[{"href":"https:\/\/www.technodompro.com\/index.php\/wp-json\/wp\/v2\/types\/product"}],"replies":[{"embeddable":true,"href":"https:\/\/www.technodompro.com\/index.php\/wp-json\/wp\/v2\/comments?post=24168"}],"wp:featuredmedia":[{"embeddable":true,"href":"https:\/\/www.technodompro.com\/index.php\/wp-json\/wp\/v2\/media\/24268"}],"wp:attachment":[{"href":"https:\/\/www.technodompro.com\/index.php\/wp-json\/wp\/v2\/media?parent=24168"}],"wp:term":[{"taxonomy":"product_brand","embeddable":true,"href":"https:\/\/www.technodompro.com\/index.php\/wp-json\/wp\/v2\/product_brand?post=24168"},{"taxonomy":"product_cat","embeddable":true,"href":"https:\/\/www.technodompro.com\/index.php\/wp-json\/wp\/v2\/product_cat?post=24168"},{"taxonomy":"product_tag","embeddable":true,"href":"https:\/\/www.technodompro.com\/index.php\/wp-json\/wp\/v2\/product_tag?post=24168"}],"curies":[{"name":"wp","href":"https:\/\/api.w.org\/{rel}","templated":true}]}}