{"id":24180,"date":"2026-04-27T04:41:32","date_gmt":"2026-04-27T04:41:32","guid":{"rendered":""},"modified":"2026-04-27T04:41:32","modified_gmt":"2026-04-27T04:41:32","slug":"vyhodna-nabidka-ravak-sprchove-sedatko-chrome-clear-stainless-24180","status":"publish","type":"product","link":"https:\/\/www.technodompro.com\/index.php\/produkt\/vyhodna-nabidka-ravak-sprchove-sedatko-chrome-clear-stainless-24180\/","title":{"rendered":"V\u00fdhodn\u00e1 Nab\u00eddka Ravak Sprchov\u00e9 sed\u00e1tko CHROME CLEAR\/STAINLESS"},"content":{"rendered":"<div id=\"e11668881\" class=\"pages\">\n<div>\n<div id=\"PDDescription\" class=\"UserContentView userContent v1a v1 bs-view dcon dc159 PDDescription\" ><dc-con><dc-con><bs-empty><\/bs-empty><\/dc-con><dc-con>        <\/p>\n<div class=\"customDescription\">                    <\/div>\n<p><\/dc-con><dc-con>Sklopn\u00e9 sprchov\u00e9 sed\u00e1tko Chrome. Nerezov\u00e9 proveden\u00ed konstrukce s pr\u016fsvitn\u011b b\u00edl\u00fdm sed\u00e1kem Clear. Ov\u00e1ln\u00fd tvar.<\/dc-con><\/dc-con><\/div>\n<div id=\"PDDescription2\" class=\"UserContentView userContent v1a v1 bs-view dcon dc160 PDDescription2\" >\n<ul>\n<li>barevn\u00e9 proveden\u00ed konstrukce: nerez<\/li>\n<li>barevn\u00e9 proveden\u00ed sed\u00e1ku: Clear &#8211; pr\u016fsvitn\u011b b\u00edl\u00e1 s b\u00edl\u00fdm ov\u00e1lem<\/li>\n<li>rozm\u011bry: 41 x 37,5 cm<\/li>\n<li>nosnost: 150 kg<\/li>\n<li>pou\u017eit\u00ed: koupelny, interi\u00e9r, exteri\u00e9r<\/li>\n<li>doporu\u010den\u00e1 velikost sprchov\u00e9ho prostoru: min. 90 x 90 cm<\/li>\n<li>doporu\u010den\u00e1 v\u00fd\u0161ka um\u00edst\u011bn\u00ed od podlahy: 45 cm<\/li>\n<\/ul>\n<p>Sed\u00e1tko Chrome je vhodn\u00e9 instalovat do sprchovac\u00edch prostor\u016f od rozm\u011bru 90&#215;90 cm.<\/p>\n<\/div><\/div>\n<div id=\"PDTable3\" class=\"ProductDetailTableView v3a v3 bs-view dcon dc180 PDTable3\" >\n<table>\n<thead><\/thead>\n<tbody>\n<tr class=\"attribute attr_pouziti\">\n<td class=\"caption\">Pou\u017eit\u00ed<\/td>\n<td class=\"value\">Sprchov\u00e1 sed\u00e1tka<\/td>\n<\/tr>\n<tr class=\"attribute attr_barva\">\n<td class=\"caption\">Barva<\/td>\n<td class=\"value\">Nerez+Clear<\/td>\n<\/tr>\n<tr class=\"attribute attr_bsshop_maker\">\n<td class=\"caption\">V\u00fdrobce<\/td>\n<td class=\"value\">Ravak<\/td>\n<\/tr>\n<tr class=\"attribute attr_delka\">\n<td class=\"caption\">D\u00e9lka v mm<\/td>\n<td class=\"value\">41<\/td>\n<\/tr>\n<tr class=\"attribute attr_material\">\n<td class=\"caption\">Materi\u00e1l<\/td>\n<td class=\"value\">Kov\/plast<\/td>\n<\/tr>\n<tr class=\"attribute attr_sirka\">\n<td class=\"caption\">\u0160\u00ed\u0159ka v mm<\/td>\n<td class=\"value\">37<\/td>\n<\/tr>\n<tr class=\"attribute attr_Vyska\">\n<td class=\"caption\">V\u00fd\u0161ka v mm<\/td>\n<td class=\"value\">13<\/td>\n<\/tr>\n<tr class=\"weight\">\n<td class=\"caption\"><span>Hmotnost<\/span><\/td>\n<td class=\"value\"><span>4,12 kg<\/span><\/td>\n<\/tr>\n<\/tbody>\n<\/table>\n<\/div>\n<div id=\"ProductMedia\" class=\"ProductMediaView MediaViewBase v1a v1 bs-view dcon dc404 ProductMedia\" ><bs-empty><\/bs-empty><\/p>\n<div class=\"files\">\n<div class=\"title sub\">Soubory<\/div>\n<p><a href=\"\/media\/4619\/mn-ovo.pdf?&amp;key=ZGpmIyQwNUZfNDYxOQ==\" class=\"pdf\">mn_ovo.pdf<\/a><a href=\"\/media\/9456\/mn-chrome-ovo2.pdf?&amp;key=ZGpmIyQwNUZfOTQ1Ng==\" class=\"pdf\">mn_chrome-ovo2.pdf<\/a><a href=\"\/media\/26271\/20231003114223-mn-chrome-ovo2.pdf?&amp;key=ZGpmIyQwNUZfMjYyNzE=\" class=\"pdf\">20231003114223.mn_chrome-ovo2.pdf<\/a><\/div>\n<p><bs-empty><\/bs-empty><\/div>\n<\/div>\n<div id=\"e11668882\" class=\"tabs\">\n","protected":false},"excerpt":{"rendered":"<p>Sklopn\u00e9 sprchov\u00e9 sed\u00e1tko Chrome. Nerezov\u00e9 proveden\u00ed konstrukce s pr\u016fsvitn\u011b b\u00edl\u00fdm sed\u00e1kem Clear. Ov\u00e1ln\u00fd tvar. barevn\u00e9 proveden\u00ed konstrukce: nerez barevn\u00e9 proveden\u00ed sed\u00e1ku: Clear &#8211; pr\u016fsvitn\u011b b\u00edl\u00e1 s b\u00edl\u00fdm ov\u00e1lem rozm\u011bry: 41 x 37,5 cm nosnost: 150 kg pou\u017eit\u00ed: koupelny, interi\u00e9r, exteri\u00e9r doporu\u010den\u00e1 velikost sprchov\u00e9ho prostoru: min. 90 x 90 cm doporu\u010den\u00e1 v\u00fd\u0161ka um\u00edst\u011bn\u00ed od podlahy: 45 [&hellip;]<\/p>\n","protected":false},"featured_media":24280,"comment_status":"open","ping_status":"open","template":"","meta":[],"product_brand":[],"product_cat":[88],"product_tag":[],"class_list":{"0":"post-24180","1":"product","2":"type-product","3":"status-publish","4":"has-post-thumbnail","6":"product_cat-vybaven-237-koupelny","8":"first","9":"instock","10":"sale","11":"shipping-taxable","12":"purchasable","13":"product-type-simple"},"yoast_head":"<!-- This site is optimized with the Yoast SEO plugin v26.8 - https:\/\/yoast.com\/product\/yoast-seo-wordpress\/ -->\n<title>V\u00fdhodn\u00e1 Nab\u00eddka Ravak Sprchov\u00e9 sed\u00e1tko CHROME CLEAR\/STAINLESS -<\/title>\n<meta name=\"robots\" content=\"index, follow, max-snippet:-1, max-image-preview:large, max-video-preview:-1\" \/>\n<link rel=\"canonical\" href=\"https:\/\/www.technodompro.com\/index.php\/produkt\/vyhodna-nabidka-ravak-sprchove-sedatko-chrome-clear-stainless-24180\/\" \/>\n<meta property=\"og:locale\" content=\"cs_CZ\" \/>\n<meta property=\"og:type\" content=\"article\" \/>\n<meta property=\"og:title\" content=\"V\u00fdhodn\u00e1 Nab\u00eddka Ravak Sprchov\u00e9 sed\u00e1tko CHROME CLEAR\/STAINLESS -\" \/>\n<meta property=\"og:description\" content=\"Sklopn\u00e9 sprchov\u00e9 sed\u00e1tko Chrome. Nerezov\u00e9 proveden\u00ed konstrukce s pr\u016fsvitn\u011b b\u00edl\u00fdm sed\u00e1kem Clear. Ov\u00e1ln\u00fd tvar. barevn\u00e9 proveden\u00ed konstrukce: nerez barevn\u00e9 proveden\u00ed sed\u00e1ku: Clear &#8211; pr\u016fsvitn\u011b b\u00edl\u00e1 s b\u00edl\u00fdm ov\u00e1lem rozm\u011bry: 41 x 37,5 cm nosnost: 150 kg pou\u017eit\u00ed: koupelny, interi\u00e9r, exteri\u00e9r doporu\u010den\u00e1 velikost sprchov\u00e9ho prostoru: min. 90 x 90 cm doporu\u010den\u00e1 v\u00fd\u0161ka um\u00edst\u011bn\u00ed od podlahy: 45 [&hellip;]\" \/>\n<meta property=\"og:url\" content=\"https:\/\/www.technodompro.com\/index.php\/produkt\/vyhodna-nabidka-ravak-sprchove-sedatko-chrome-clear-stainless-24180\/\" \/>\n<meta property=\"og:image\" content=\"https:\/\/www.technodompro.com\/wp-content\/uploads\/2026\/SK0011422-CZ20260425-093449-0-1777080895-ravak-sprchove-sedatko-chrome-clear-stainless.webp\" \/>\n\t<meta property=\"og:image:width\" content=\"1000\" \/>\n\t<meta property=\"og:image:height\" content=\"525\" \/>\n\t<meta property=\"og:image:type\" content=\"image\/webp\" \/>\n<meta name=\"twitter:card\" content=\"summary_large_image\" \/>\n<meta name=\"twitter:label1\" content=\"Odhadovan\u00e1 doba \u010dten\u00ed\" \/>\n\t<meta name=\"twitter:data1\" content=\"1 minuta\" \/>\n<script type=\"application\/ld+json\" class=\"yoast-schema-graph\">{\"@context\":\"https:\/\/schema.org\",\"@graph\":[{\"@type\":\"WebPage\",\"@id\":\"https:\/\/www.technodompro.com\/index.php\/produkt\/vyhodna-nabidka-ravak-sprchove-sedatko-chrome-clear-stainless-24180\/\",\"url\":\"https:\/\/www.technodompro.com\/index.php\/produkt\/vyhodna-nabidka-ravak-sprchove-sedatko-chrome-clear-stainless-24180\/\",\"name\":\"V\u00fdhodn\u00e1 Nab\u00eddka Ravak Sprchov\u00e9 sed\u00e1tko CHROME CLEAR\/STAINLESS -\",\"isPartOf\":{\"@id\":\"https:\/\/www.technodompro.com\/#website\"},\"primaryImageOfPage\":{\"@id\":\"https:\/\/www.technodompro.com\/index.php\/produkt\/vyhodna-nabidka-ravak-sprchove-sedatko-chrome-clear-stainless-24180\/#primaryimage\"},\"image\":{\"@id\":\"https:\/\/www.technodompro.com\/index.php\/produkt\/vyhodna-nabidka-ravak-sprchove-sedatko-chrome-clear-stainless-24180\/#primaryimage\"},\"thumbnailUrl\":\"https:\/\/www.technodompro.com\/wp-content\/uploads\/2026\/SK0011422-CZ20260425-093449-0-1777080895-ravak-sprchove-sedatko-chrome-clear-stainless.webp\",\"datePublished\":\"2026-04-27T04:41:32+00:00\",\"breadcrumb\":{\"@id\":\"https:\/\/www.technodompro.com\/index.php\/produkt\/vyhodna-nabidka-ravak-sprchove-sedatko-chrome-clear-stainless-24180\/#breadcrumb\"},\"inLanguage\":\"cs\",\"potentialAction\":[{\"@type\":\"ReadAction\",\"target\":[\"https:\/\/www.technodompro.com\/index.php\/produkt\/vyhodna-nabidka-ravak-sprchove-sedatko-chrome-clear-stainless-24180\/\"]}]},{\"@type\":\"ImageObject\",\"inLanguage\":\"cs\",\"@id\":\"https:\/\/www.technodompro.com\/index.php\/produkt\/vyhodna-nabidka-ravak-sprchove-sedatko-chrome-clear-stainless-24180\/#primaryimage\",\"url\":\"https:\/\/www.technodompro.com\/wp-content\/uploads\/2026\/SK0011422-CZ20260425-093449-0-1777080895-ravak-sprchove-sedatko-chrome-clear-stainless.webp\",\"contentUrl\":\"https:\/\/www.technodompro.com\/wp-content\/uploads\/2026\/SK0011422-CZ20260425-093449-0-1777080895-ravak-sprchove-sedatko-chrome-clear-stainless.webp\",\"width\":1000,\"height\":525},{\"@type\":\"BreadcrumbList\",\"@id\":\"https:\/\/www.technodompro.com\/index.php\/produkt\/vyhodna-nabidka-ravak-sprchove-sedatko-chrome-clear-stainless-24180\/#breadcrumb\",\"itemListElement\":[{\"@type\":\"ListItem\",\"position\":1,\"name\":\"Home\",\"item\":\"https:\/\/www.technodompro.com\/\"},{\"@type\":\"ListItem\",\"position\":2,\"name\":\"Products\",\"item\":\"https:\/\/www.technodompro.com\/index.php\/products\/\"},{\"@type\":\"ListItem\",\"position\":3,\"name\":\"V\u00fdhodn\u00e1 Nab\u00eddka Ravak Sprchov\u00e9 sed\u00e1tko CHROME CLEAR\/STAINLESS\"}]},{\"@type\":\"WebSite\",\"@id\":\"https:\/\/www.technodompro.com\/#website\",\"url\":\"https:\/\/www.technodompro.com\/\",\"name\":\"\",\"description\":\"\",\"potentialAction\":[{\"@type\":\"SearchAction\",\"target\":{\"@type\":\"EntryPoint\",\"urlTemplate\":\"https:\/\/www.technodompro.com\/?s={search_term_string}\"},\"query-input\":{\"@type\":\"PropertyValueSpecification\",\"valueRequired\":true,\"valueName\":\"search_term_string\"}}],\"inLanguage\":\"cs\"}]}<\/script>\n<!-- \/ Yoast SEO plugin. -->","yoast_head_json":{"title":"V\u00fdhodn\u00e1 Nab\u00eddka Ravak Sprchov\u00e9 sed\u00e1tko CHROME CLEAR\/STAINLESS -","robots":{"index":"index","follow":"follow","max-snippet":"max-snippet:-1","max-image-preview":"max-image-preview:large","max-video-preview":"max-video-preview:-1"},"canonical":"https:\/\/www.technodompro.com\/index.php\/produkt\/vyhodna-nabidka-ravak-sprchove-sedatko-chrome-clear-stainless-24180\/","og_locale":"cs_CZ","og_type":"article","og_title":"V\u00fdhodn\u00e1 Nab\u00eddka Ravak Sprchov\u00e9 sed\u00e1tko CHROME CLEAR\/STAINLESS -","og_description":"Sklopn\u00e9 sprchov\u00e9 sed\u00e1tko Chrome. Nerezov\u00e9 proveden\u00ed konstrukce s pr\u016fsvitn\u011b b\u00edl\u00fdm sed\u00e1kem Clear. Ov\u00e1ln\u00fd tvar. barevn\u00e9 proveden\u00ed konstrukce: nerez barevn\u00e9 proveden\u00ed sed\u00e1ku: Clear &#8211; pr\u016fsvitn\u011b b\u00edl\u00e1 s b\u00edl\u00fdm ov\u00e1lem rozm\u011bry: 41 x 37,5 cm nosnost: 150 kg pou\u017eit\u00ed: koupelny, interi\u00e9r, exteri\u00e9r doporu\u010den\u00e1 velikost sprchov\u00e9ho prostoru: min. 90 x 90 cm doporu\u010den\u00e1 v\u00fd\u0161ka um\u00edst\u011bn\u00ed od podlahy: 45 [&hellip;]","og_url":"https:\/\/www.technodompro.com\/index.php\/produkt\/vyhodna-nabidka-ravak-sprchove-sedatko-chrome-clear-stainless-24180\/","og_image":[{"width":1000,"height":525,"url":"https:\/\/www.technodompro.com\/wp-content\/uploads\/2026\/SK0011422-CZ20260425-093449-0-1777080895-ravak-sprchove-sedatko-chrome-clear-stainless.webp","type":"image\/webp"}],"twitter_card":"summary_large_image","twitter_misc":{"Odhadovan\u00e1 doba \u010dten\u00ed":"1 minuta"},"schema":{"@context":"https:\/\/schema.org","@graph":[{"@type":"WebPage","@id":"https:\/\/www.technodompro.com\/index.php\/produkt\/vyhodna-nabidka-ravak-sprchove-sedatko-chrome-clear-stainless-24180\/","url":"https:\/\/www.technodompro.com\/index.php\/produkt\/vyhodna-nabidka-ravak-sprchove-sedatko-chrome-clear-stainless-24180\/","name":"V\u00fdhodn\u00e1 Nab\u00eddka Ravak Sprchov\u00e9 sed\u00e1tko CHROME CLEAR\/STAINLESS -","isPartOf":{"@id":"https:\/\/www.technodompro.com\/#website"},"primaryImageOfPage":{"@id":"https:\/\/www.technodompro.com\/index.php\/produkt\/vyhodna-nabidka-ravak-sprchove-sedatko-chrome-clear-stainless-24180\/#primaryimage"},"image":{"@id":"https:\/\/www.technodompro.com\/index.php\/produkt\/vyhodna-nabidka-ravak-sprchove-sedatko-chrome-clear-stainless-24180\/#primaryimage"},"thumbnailUrl":"https:\/\/www.technodompro.com\/wp-content\/uploads\/2026\/SK0011422-CZ20260425-093449-0-1777080895-ravak-sprchove-sedatko-chrome-clear-stainless.webp","datePublished":"2026-04-27T04:41:32+00:00","breadcrumb":{"@id":"https:\/\/www.technodompro.com\/index.php\/produkt\/vyhodna-nabidka-ravak-sprchove-sedatko-chrome-clear-stainless-24180\/#breadcrumb"},"inLanguage":"cs","potentialAction":[{"@type":"ReadAction","target":["https:\/\/www.technodompro.com\/index.php\/produkt\/vyhodna-nabidka-ravak-sprchove-sedatko-chrome-clear-stainless-24180\/"]}]},{"@type":"ImageObject","inLanguage":"cs","@id":"https:\/\/www.technodompro.com\/index.php\/produkt\/vyhodna-nabidka-ravak-sprchove-sedatko-chrome-clear-stainless-24180\/#primaryimage","url":"https:\/\/www.technodompro.com\/wp-content\/uploads\/2026\/SK0011422-CZ20260425-093449-0-1777080895-ravak-sprchove-sedatko-chrome-clear-stainless.webp","contentUrl":"https:\/\/www.technodompro.com\/wp-content\/uploads\/2026\/SK0011422-CZ20260425-093449-0-1777080895-ravak-sprchove-sedatko-chrome-clear-stainless.webp","width":1000,"height":525},{"@type":"BreadcrumbList","@id":"https:\/\/www.technodompro.com\/index.php\/produkt\/vyhodna-nabidka-ravak-sprchove-sedatko-chrome-clear-stainless-24180\/#breadcrumb","itemListElement":[{"@type":"ListItem","position":1,"name":"Home","item":"https:\/\/www.technodompro.com\/"},{"@type":"ListItem","position":2,"name":"Products","item":"https:\/\/www.technodompro.com\/index.php\/products\/"},{"@type":"ListItem","position":3,"name":"V\u00fdhodn\u00e1 Nab\u00eddka Ravak Sprchov\u00e9 sed\u00e1tko CHROME CLEAR\/STAINLESS"}]},{"@type":"WebSite","@id":"https:\/\/www.technodompro.com\/#website","url":"https:\/\/www.technodompro.com\/","name":"","description":"","potentialAction":[{"@type":"SearchAction","target":{"@type":"EntryPoint","urlTemplate":"https:\/\/www.technodompro.com\/?s={search_term_string}"},"query-input":{"@type":"PropertyValueSpecification","valueRequired":true,"valueName":"search_term_string"}}],"inLanguage":"cs"}]}},"_links":{"self":[{"href":"https:\/\/www.technodompro.com\/index.php\/wp-json\/wp\/v2\/product\/24180","targetHints":{"allow":["GET"]}}],"collection":[{"href":"https:\/\/www.technodompro.com\/index.php\/wp-json\/wp\/v2\/product"}],"about":[{"href":"https:\/\/www.technodompro.com\/index.php\/wp-json\/wp\/v2\/types\/product"}],"replies":[{"embeddable":true,"href":"https:\/\/www.technodompro.com\/index.php\/wp-json\/wp\/v2\/comments?post=24180"}],"wp:featuredmedia":[{"embeddable":true,"href":"https:\/\/www.technodompro.com\/index.php\/wp-json\/wp\/v2\/media\/24280"}],"wp:attachment":[{"href":"https:\/\/www.technodompro.com\/index.php\/wp-json\/wp\/v2\/media?parent=24180"}],"wp:term":[{"taxonomy":"product_brand","embeddable":true,"href":"https:\/\/www.technodompro.com\/index.php\/wp-json\/wp\/v2\/product_brand?post=24180"},{"taxonomy":"product_cat","embeddable":true,"href":"https:\/\/www.technodompro.com\/index.php\/wp-json\/wp\/v2\/product_cat?post=24180"},{"taxonomy":"product_tag","embeddable":true,"href":"https:\/\/www.technodompro.com\/index.php\/wp-json\/wp\/v2\/product_tag?post=24180"}],"curies":[{"name":"wp","href":"https:\/\/api.w.org\/{rel}","templated":true}]}}