{"id":24185,"date":"2026-04-27T04:41:32","date_gmt":"2026-04-27T04:41:32","guid":{"rendered":""},"modified":"2026-04-27T04:41:32","modified_gmt":"2026-04-27T04:41:32","slug":"dytron-polys-p-1a-850w-solo-nejlepsi-volba-24185","status":"publish","type":"product","link":"https:\/\/www.technodompro.com\/index.php\/produkt\/dytron-polys-p-1a-850w-solo-nejlepsi-volba-24185\/","title":{"rendered":"Dytron POLYS P-1a 850W s\u00f3lo Nejlep\u0161\u00ed Volba"},"content":{"rendered":"<div id=\"e11672213\" class=\"pages\">\n<div>\n<div id=\"PDDescription\" class=\"UserContentView userContent v1a v1 bs-view dcon dc159 PDDescription\" ><dc-con><dc-con><bs-empty><\/bs-empty><\/dc-con><dc-con>        <\/p>\n<div class=\"customDescription\">                    <\/div>\n<p><\/dc-con><dc-con><\/p>\n<p><strong>Dytron POLYS P-1a 850W s\u00f3lo Polyf\u00fazn\u00ed no\u017eov\u00e1 sv\u00e1\u0159e\u010dka plastov\u00fdch trubek<\/strong><\/p>\n<p><span style=\"color: #ff0000;\"><strong><span style=\"font-weight: bold;\"><span style=\"font-weight: bold;\"><span style=\"font-weight: bold;\">Obr\u00e1zek\u00a0sv\u00e1\u0159e\u010dky je pouze ilustra\u010dn\u00ed, sv\u00e1\u0159e\u010dka je dod\u00e1v\u00e1na bez \u010delis\u0165ov\u00fdch n\u00e1stavc\u016f!!<\/span><\/span><\/span><\/strong><\/span><\/p>\n<p>Termostatem \u0159\u00edzen\u00e1 sv\u00e1\u0159e\u010dka<strong><br \/><\/strong><\/p>\n<p>Sv\u00e1\u0159e\u010dky, kter\u00e9 jsou vybaven\u00e9 termostatickou regulac\u00ed a jsou ur\u010deny sp\u00ed\u0161e pro ob\u010dasn\u00fd provoz, tedy jako dopln\u011bk \u0159ady P-4 a nebo pro kutily. Proveden\u00ed topn\u00fdch t\u011bles je bu\u010f trnov\u00e9 nebo no\u017eov\u00e9. Specialitou sv\u00e1\u0159e\u010dek v t\u00e9to kategorii je trnov\u00e9 \u00fahlov\u00e9 proveden\u00ed P-1b, kter\u00e9 umo\u017en\u00ed pracovat ve st\u00edsn\u011bn\u00fdch prostor\u00e1ch p\u0159i pr\u00e1ci tzv. \u201eza rohem\u201c.<\/p>\n<p>Tato no\u017eov\u00e1 sv\u00e1\u0159e\u010dka na plastov\u00e1 potrub\u00ed\u00a0s p\u0159\u00edkon 850 W je\u00a0vhodn\u00e1 ke sva\u0159ov\u00e1n\u00ed potrub\u00ed o pr\u016fm\u011bru 16 &#8211;\u00a075 mm.<\/p>\n<p>P\u0159\u00edkon:\u00a0850 W<br \/>Nap\u011bt\u00ed: 230 V<br \/>Rozsah teplot: 180-280<br \/>V\u00e1ha: 1,4 kg<br \/>Sva\u0159ovan\u00fd pr\u016fm\u011br:\u00a016-75 mm<\/p>\n<p><\/dc-con><\/dc-con><\/div>\n<\/p><\/div>\n<div id=\"PDTable3\" class=\"ProductDetailTableView v3a v3 bs-view dcon dc180 PDTable3\" >\n<table>\n<thead><\/thead>\n<tbody>\n<tr class=\"attribute attr_typ\">\n<td class=\"caption\">Typ<\/td>\n<td class=\"value\">Sv\u00e1\u0159e\u010dky<\/td>\n<\/tr>\n<tr class=\"attribute attr_bsshop_maker\">\n<td class=\"caption\">V\u00fdrobce<\/td>\n<td class=\"value\">Dytron<\/td>\n<\/tr>\n<\/tbody>\n<\/table>\n<\/div>\n<\/div>\n<div id=\"e11672214\" class=\"tabs\">\n","protected":false},"excerpt":{"rendered":"<p>Dytron POLYS P-1a 850W s\u00f3lo Polyf\u00fazn\u00ed no\u017eov\u00e1 sv\u00e1\u0159e\u010dka plastov\u00fdch trubek Obr\u00e1zek\u00a0sv\u00e1\u0159e\u010dky je pouze ilustra\u010dn\u00ed, sv\u00e1\u0159e\u010dka je dod\u00e1v\u00e1na bez \u010delis\u0165ov\u00fdch n\u00e1stavc\u016f!! Termostatem \u0159\u00edzen\u00e1 sv\u00e1\u0159e\u010dka Sv\u00e1\u0159e\u010dky, kter\u00e9 jsou vybaven\u00e9 termostatickou regulac\u00ed a jsou ur\u010deny sp\u00ed\u0161e pro ob\u010dasn\u00fd provoz, tedy jako dopln\u011bk \u0159ady P-4 a nebo pro kutily. Proveden\u00ed topn\u00fdch t\u011bles je bu\u010f trnov\u00e9 nebo no\u017eov\u00e9. Specialitou sv\u00e1\u0159e\u010dek [&hellip;]<\/p>\n","protected":false},"featured_media":24285,"comment_status":"open","ping_status":"open","template":"","meta":[],"product_brand":[],"product_cat":[89],"product_tag":[],"class_list":{"0":"post-24185","1":"product","2":"type-product","3":"status-publish","4":"has-post-thumbnail","6":"product_cat-rucn-237-n-225-rad-237-a-d-237-lna","8":"first","9":"instock","10":"sale","11":"shipping-taxable","12":"purchasable","13":"product-type-simple"},"yoast_head":"<!-- This site is optimized with the Yoast SEO plugin v26.8 - https:\/\/yoast.com\/product\/yoast-seo-wordpress\/ -->\n<title>Dytron POLYS P-1a 850W s\u00f3lo Nejlep\u0161\u00ed Volba -<\/title>\n<meta name=\"robots\" content=\"index, follow, max-snippet:-1, max-image-preview:large, max-video-preview:-1\" \/>\n<link rel=\"canonical\" href=\"https:\/\/www.technodompro.com\/index.php\/produkt\/dytron-polys-p-1a-850w-solo-nejlepsi-volba-24185\/\" \/>\n<meta property=\"og:locale\" content=\"cs_CZ\" \/>\n<meta property=\"og:type\" content=\"article\" \/>\n<meta property=\"og:title\" content=\"Dytron POLYS P-1a 850W s\u00f3lo Nejlep\u0161\u00ed Volba -\" \/>\n<meta property=\"og:description\" content=\"Dytron POLYS P-1a 850W s\u00f3lo Polyf\u00fazn\u00ed no\u017eov\u00e1 sv\u00e1\u0159e\u010dka plastov\u00fdch trubek Obr\u00e1zek\u00a0sv\u00e1\u0159e\u010dky je pouze ilustra\u010dn\u00ed, sv\u00e1\u0159e\u010dka je dod\u00e1v\u00e1na bez \u010delis\u0165ov\u00fdch n\u00e1stavc\u016f!! Termostatem \u0159\u00edzen\u00e1 sv\u00e1\u0159e\u010dka Sv\u00e1\u0159e\u010dky, kter\u00e9 jsou vybaven\u00e9 termostatickou regulac\u00ed a jsou ur\u010deny sp\u00ed\u0161e pro ob\u010dasn\u00fd provoz, tedy jako dopln\u011bk \u0159ady P-4 a nebo pro kutily. Proveden\u00ed topn\u00fdch t\u011bles je bu\u010f trnov\u00e9 nebo no\u017eov\u00e9. Specialitou sv\u00e1\u0159e\u010dek [&hellip;]\" \/>\n<meta property=\"og:url\" content=\"https:\/\/www.technodompro.com\/index.php\/produkt\/dytron-polys-p-1a-850w-solo-nejlepsi-volba-24185\/\" \/>\n<meta property=\"og:image\" content=\"https:\/\/www.technodompro.com\/wp-content\/uploads\/2026\/SK0011427-CZ20260425-093449-0-1777080895-dytron-polys-p-1a-850w-solo.webp\" \/>\n\t<meta property=\"og:image:width\" content=\"1000\" \/>\n\t<meta property=\"og:image:height\" content=\"525\" \/>\n\t<meta property=\"og:image:type\" content=\"image\/webp\" \/>\n<meta name=\"twitter:card\" content=\"summary_large_image\" \/>\n<meta name=\"twitter:label1\" content=\"Odhadovan\u00e1 doba \u010dten\u00ed\" \/>\n\t<meta name=\"twitter:data1\" content=\"1 minuta\" \/>\n<script type=\"application\/ld+json\" class=\"yoast-schema-graph\">{\"@context\":\"https:\/\/schema.org\",\"@graph\":[{\"@type\":\"WebPage\",\"@id\":\"https:\/\/www.technodompro.com\/index.php\/produkt\/dytron-polys-p-1a-850w-solo-nejlepsi-volba-24185\/\",\"url\":\"https:\/\/www.technodompro.com\/index.php\/produkt\/dytron-polys-p-1a-850w-solo-nejlepsi-volba-24185\/\",\"name\":\"Dytron POLYS P-1a 850W s\u00f3lo Nejlep\u0161\u00ed Volba -\",\"isPartOf\":{\"@id\":\"https:\/\/www.technodompro.com\/#website\"},\"primaryImageOfPage\":{\"@id\":\"https:\/\/www.technodompro.com\/index.php\/produkt\/dytron-polys-p-1a-850w-solo-nejlepsi-volba-24185\/#primaryimage\"},\"image\":{\"@id\":\"https:\/\/www.technodompro.com\/index.php\/produkt\/dytron-polys-p-1a-850w-solo-nejlepsi-volba-24185\/#primaryimage\"},\"thumbnailUrl\":\"https:\/\/www.technodompro.com\/wp-content\/uploads\/2026\/SK0011427-CZ20260425-093449-0-1777080895-dytron-polys-p-1a-850w-solo.webp\",\"datePublished\":\"2026-04-27T04:41:32+00:00\",\"breadcrumb\":{\"@id\":\"https:\/\/www.technodompro.com\/index.php\/produkt\/dytron-polys-p-1a-850w-solo-nejlepsi-volba-24185\/#breadcrumb\"},\"inLanguage\":\"cs\",\"potentialAction\":[{\"@type\":\"ReadAction\",\"target\":[\"https:\/\/www.technodompro.com\/index.php\/produkt\/dytron-polys-p-1a-850w-solo-nejlepsi-volba-24185\/\"]}]},{\"@type\":\"ImageObject\",\"inLanguage\":\"cs\",\"@id\":\"https:\/\/www.technodompro.com\/index.php\/produkt\/dytron-polys-p-1a-850w-solo-nejlepsi-volba-24185\/#primaryimage\",\"url\":\"https:\/\/www.technodompro.com\/wp-content\/uploads\/2026\/SK0011427-CZ20260425-093449-0-1777080895-dytron-polys-p-1a-850w-solo.webp\",\"contentUrl\":\"https:\/\/www.technodompro.com\/wp-content\/uploads\/2026\/SK0011427-CZ20260425-093449-0-1777080895-dytron-polys-p-1a-850w-solo.webp\",\"width\":1000,\"height\":525},{\"@type\":\"BreadcrumbList\",\"@id\":\"https:\/\/www.technodompro.com\/index.php\/produkt\/dytron-polys-p-1a-850w-solo-nejlepsi-volba-24185\/#breadcrumb\",\"itemListElement\":[{\"@type\":\"ListItem\",\"position\":1,\"name\":\"Home\",\"item\":\"https:\/\/www.technodompro.com\/\"},{\"@type\":\"ListItem\",\"position\":2,\"name\":\"Products\",\"item\":\"https:\/\/www.technodompro.com\/index.php\/products\/\"},{\"@type\":\"ListItem\",\"position\":3,\"name\":\"Dytron POLYS P-1a 850W s\u00f3lo Nejlep\u0161\u00ed Volba\"}]},{\"@type\":\"WebSite\",\"@id\":\"https:\/\/www.technodompro.com\/#website\",\"url\":\"https:\/\/www.technodompro.com\/\",\"name\":\"\",\"description\":\"\",\"potentialAction\":[{\"@type\":\"SearchAction\",\"target\":{\"@type\":\"EntryPoint\",\"urlTemplate\":\"https:\/\/www.technodompro.com\/?s={search_term_string}\"},\"query-input\":{\"@type\":\"PropertyValueSpecification\",\"valueRequired\":true,\"valueName\":\"search_term_string\"}}],\"inLanguage\":\"cs\"}]}<\/script>\n<!-- \/ Yoast SEO plugin. -->","yoast_head_json":{"title":"Dytron POLYS P-1a 850W s\u00f3lo Nejlep\u0161\u00ed Volba -","robots":{"index":"index","follow":"follow","max-snippet":"max-snippet:-1","max-image-preview":"max-image-preview:large","max-video-preview":"max-video-preview:-1"},"canonical":"https:\/\/www.technodompro.com\/index.php\/produkt\/dytron-polys-p-1a-850w-solo-nejlepsi-volba-24185\/","og_locale":"cs_CZ","og_type":"article","og_title":"Dytron POLYS P-1a 850W s\u00f3lo Nejlep\u0161\u00ed Volba -","og_description":"Dytron POLYS P-1a 850W s\u00f3lo Polyf\u00fazn\u00ed no\u017eov\u00e1 sv\u00e1\u0159e\u010dka plastov\u00fdch trubek Obr\u00e1zek\u00a0sv\u00e1\u0159e\u010dky je pouze ilustra\u010dn\u00ed, sv\u00e1\u0159e\u010dka je dod\u00e1v\u00e1na bez \u010delis\u0165ov\u00fdch n\u00e1stavc\u016f!! Termostatem \u0159\u00edzen\u00e1 sv\u00e1\u0159e\u010dka Sv\u00e1\u0159e\u010dky, kter\u00e9 jsou vybaven\u00e9 termostatickou regulac\u00ed a jsou ur\u010deny sp\u00ed\u0161e pro ob\u010dasn\u00fd provoz, tedy jako dopln\u011bk \u0159ady P-4 a nebo pro kutily. Proveden\u00ed topn\u00fdch t\u011bles je bu\u010f trnov\u00e9 nebo no\u017eov\u00e9. Specialitou sv\u00e1\u0159e\u010dek [&hellip;]","og_url":"https:\/\/www.technodompro.com\/index.php\/produkt\/dytron-polys-p-1a-850w-solo-nejlepsi-volba-24185\/","og_image":[{"width":1000,"height":525,"url":"https:\/\/www.technodompro.com\/wp-content\/uploads\/2026\/SK0011427-CZ20260425-093449-0-1777080895-dytron-polys-p-1a-850w-solo.webp","type":"image\/webp"}],"twitter_card":"summary_large_image","twitter_misc":{"Odhadovan\u00e1 doba \u010dten\u00ed":"1 minuta"},"schema":{"@context":"https:\/\/schema.org","@graph":[{"@type":"WebPage","@id":"https:\/\/www.technodompro.com\/index.php\/produkt\/dytron-polys-p-1a-850w-solo-nejlepsi-volba-24185\/","url":"https:\/\/www.technodompro.com\/index.php\/produkt\/dytron-polys-p-1a-850w-solo-nejlepsi-volba-24185\/","name":"Dytron POLYS P-1a 850W s\u00f3lo Nejlep\u0161\u00ed Volba -","isPartOf":{"@id":"https:\/\/www.technodompro.com\/#website"},"primaryImageOfPage":{"@id":"https:\/\/www.technodompro.com\/index.php\/produkt\/dytron-polys-p-1a-850w-solo-nejlepsi-volba-24185\/#primaryimage"},"image":{"@id":"https:\/\/www.technodompro.com\/index.php\/produkt\/dytron-polys-p-1a-850w-solo-nejlepsi-volba-24185\/#primaryimage"},"thumbnailUrl":"https:\/\/www.technodompro.com\/wp-content\/uploads\/2026\/SK0011427-CZ20260425-093449-0-1777080895-dytron-polys-p-1a-850w-solo.webp","datePublished":"2026-04-27T04:41:32+00:00","breadcrumb":{"@id":"https:\/\/www.technodompro.com\/index.php\/produkt\/dytron-polys-p-1a-850w-solo-nejlepsi-volba-24185\/#breadcrumb"},"inLanguage":"cs","potentialAction":[{"@type":"ReadAction","target":["https:\/\/www.technodompro.com\/index.php\/produkt\/dytron-polys-p-1a-850w-solo-nejlepsi-volba-24185\/"]}]},{"@type":"ImageObject","inLanguage":"cs","@id":"https:\/\/www.technodompro.com\/index.php\/produkt\/dytron-polys-p-1a-850w-solo-nejlepsi-volba-24185\/#primaryimage","url":"https:\/\/www.technodompro.com\/wp-content\/uploads\/2026\/SK0011427-CZ20260425-093449-0-1777080895-dytron-polys-p-1a-850w-solo.webp","contentUrl":"https:\/\/www.technodompro.com\/wp-content\/uploads\/2026\/SK0011427-CZ20260425-093449-0-1777080895-dytron-polys-p-1a-850w-solo.webp","width":1000,"height":525},{"@type":"BreadcrumbList","@id":"https:\/\/www.technodompro.com\/index.php\/produkt\/dytron-polys-p-1a-850w-solo-nejlepsi-volba-24185\/#breadcrumb","itemListElement":[{"@type":"ListItem","position":1,"name":"Home","item":"https:\/\/www.technodompro.com\/"},{"@type":"ListItem","position":2,"name":"Products","item":"https:\/\/www.technodompro.com\/index.php\/products\/"},{"@type":"ListItem","position":3,"name":"Dytron POLYS P-1a 850W s\u00f3lo Nejlep\u0161\u00ed Volba"}]},{"@type":"WebSite","@id":"https:\/\/www.technodompro.com\/#website","url":"https:\/\/www.technodompro.com\/","name":"","description":"","potentialAction":[{"@type":"SearchAction","target":{"@type":"EntryPoint","urlTemplate":"https:\/\/www.technodompro.com\/?s={search_term_string}"},"query-input":{"@type":"PropertyValueSpecification","valueRequired":true,"valueName":"search_term_string"}}],"inLanguage":"cs"}]}},"_links":{"self":[{"href":"https:\/\/www.technodompro.com\/index.php\/wp-json\/wp\/v2\/product\/24185","targetHints":{"allow":["GET"]}}],"collection":[{"href":"https:\/\/www.technodompro.com\/index.php\/wp-json\/wp\/v2\/product"}],"about":[{"href":"https:\/\/www.technodompro.com\/index.php\/wp-json\/wp\/v2\/types\/product"}],"replies":[{"embeddable":true,"href":"https:\/\/www.technodompro.com\/index.php\/wp-json\/wp\/v2\/comments?post=24185"}],"wp:featuredmedia":[{"embeddable":true,"href":"https:\/\/www.technodompro.com\/index.php\/wp-json\/wp\/v2\/media\/24285"}],"wp:attachment":[{"href":"https:\/\/www.technodompro.com\/index.php\/wp-json\/wp\/v2\/media?parent=24185"}],"wp:term":[{"taxonomy":"product_brand","embeddable":true,"href":"https:\/\/www.technodompro.com\/index.php\/wp-json\/wp\/v2\/product_brand?post=24185"},{"taxonomy":"product_cat","embeddable":true,"href":"https:\/\/www.technodompro.com\/index.php\/wp-json\/wp\/v2\/product_cat?post=24185"},{"taxonomy":"product_tag","embeddable":true,"href":"https:\/\/www.technodompro.com\/index.php\/wp-json\/wp\/v2\/product_tag?post=24185"}],"curies":[{"name":"wp","href":"https:\/\/api.w.org\/{rel}","templated":true}]}}