{"id":24293,"date":"2026-04-27T04:41:32","date_gmt":"2026-04-27T04:41:32","guid":{"rendered":""},"modified":"2026-04-27T04:41:32","modified_gmt":"2026-04-27T04:41:32","slug":"wigell-sroubovaci-tvarovka-prechod-18x3-4-quot-vnejsi-zavit-nakupujte-hned-24293","status":"publish","type":"product","link":"https:\/\/www.technodompro.com\/index.php\/produkt\/wigell-sroubovaci-tvarovka-prechod-18x3-4-quot-vnejsi-zavit-nakupujte-hned-24293\/","title":{"rendered":"WIGELL \u0160roubovac\u00ed tvarovka p\u0159echod 18&#215;3\/4&quot; vn\u011bj\u0161\u00ed z\u00e1vit Nakupujte Hned"},"content":{"rendered":"<div id=\"e621517\" class=\"pages\">\n<div>\n<div id=\"PDDescription\" class=\"UserContentView userContent v1a v1 bs-view dcon dc159 PDDescription\" ><dc-con><dc-con><bs-empty><\/bs-empty><\/dc-con><dc-con>        <\/p>\n<div class=\"customDescription\">                    <\/div>\n<p><\/dc-con><dc-con><\/p>\n<p><strong><strong>WIGELL<\/strong> \u0161roubovac\u00ed tvarovka p\u0159echod 18&#215;3\/4&#8243; vn\u011bj\u0161\u00ed z\u00e1vit<\/strong><\/p>\n<p>Podlahov\u00fd syst\u00e9m <strong>WIGELL<\/strong>\u00a0je z\u00e1rukou nejvy\u0161\u00ed kvality a nejdel\u0161\u00ed z\u00e1ruky na trhu. D\u00edky pe\u010dliv\u00fdm v\u00fdb\u011brem pou\u017eit\u00fdm materi\u00e1l\u016fm a v\u00fdrobk\u016f od renomovan\u00fdch Evropsk\u00fdch i \u010cesk\u00fdch v\u00fdrobc\u016f, jsme schopni, oproti konkurenci, zachovat rozumn\u00e9 ceny ve \u0161pi\u010dkov\u00e9 kvalit\u011b!!!<\/p>\n<p>Podlahov\u00e9 teplovodn\u00ed topen\u00ed v\u00e1m umo\u017en\u00ed p\u0159esn\u011b nastaviteln\u00fd pr\u016fb\u011bh profilu teplot ve vyt\u00e1p\u011bn\u00fdch prostorech pro ka\u017ed\u00fd den. V\u00fd\u0161kov\u00fd pr\u016fb\u011bh teplot u teplovodn\u00edch podlahov\u00fdch topn\u00fdch syst\u00e9m\u016f t\u00e9m\u011b\u0159 odpov\u00edd\u00e1 fyziologick\u00e9mu ide\u00e1lu vyt\u00e1p\u011bn\u00ed. P\u0159i vyt\u00e1p\u011bn\u00ed podlahou nedoch\u00e1z\u00ed k cirkulaci vzduchu v m\u00edstnosti a t\u00edm roznosu prachu, jako u vyt\u00e1p\u011bn\u00ed radi\u00e1tory, kdy tepl\u00fd vzduch stoup\u00e1 od t\u011blesa ke stropu, pod kter\u00fdm proud\u00ed, a po ochlazen\u00ed kles\u00e1 zp\u011bt k podlaze, kde proud\u00ed zp\u011bt k radi\u00e1tor\u016fm.<\/p>\n<p><\/dc-con><\/dc-con><\/div>\n<div id=\"PDDescription2\" class=\"UserContentView userContent v1a v1 bs-view dcon dc160 PDDescription2\" >\n<p>Ur\u010deno pro trubky:<\/p>\n<p>WIGELL V\u00edcevrstv\u00e1 trubka PEX\/AL\/PEX (v ty\u010d\u00edch i v n\u00e1vinech)<\/p>\n<p>WIGELL Plastov\u00e1 trubka PEX<\/p>\n<p>WIGELL Plastov\u00e1 trubka PEX\/AL\/PEX izolovan\u00e9<\/p>\n<p>Pro uchycen\u00ed potrub\u00ed v tvarovce nen\u00ed t\u0159eba \u017e\u00e1dn\u00e9 speci\u00e1ln\u00ed n\u00e1\u0159ad\u00ed sta\u010d\u00ed dota\u017een\u00ed kl\u00ed\u010dem.<\/p>\n<\/div><\/div>\n<div id=\"PDTable3\" class=\"ProductDetailTableView v3a v3 bs-view dcon dc180 PDTable3\" >\n<table>\n<thead><\/thead>\n<tbody>\n<tr class=\"attribute attr_kategorie\">\n<td class=\"caption\">Kategorie<\/td>\n<td class=\"value\">\u0160roubovac\u00ed<\/td>\n<\/tr>\n<tr class=\"attribute attr_typ\">\n<td class=\"caption\">Typ<\/td>\n<td class=\"value\">P\u0159echody s vn\u011bj\u0161\u00edm z\u00e1vitem<\/td>\n<\/tr>\n<tr class=\"attribute attr_material\">\n<td class=\"caption\">Materi\u00e1l<\/td>\n<td class=\"value\">Mosaz<\/td>\n<\/tr>\n<tr class=\"attribute attr_rozmer\">\n<td class=\"caption\">Rozm\u011br tvarovek<\/td>\n<td class=\"value\">18 mm<\/td>\n<\/tr>\n<tr class=\"attribute attr_bsshop_maker\">\n<td class=\"caption\">V\u00fdrobce<\/td>\n<td class=\"value\">Wigell<\/td>\n<\/tr>\n<\/tbody>\n<\/table>\n<\/div>\n<div id=\"PdProductGpsr\" class=\"ProductGpsrView v1a v1 bs-view dcon dc212 PdProductGpsr\" >\n<div class=\"subject\"><dc-root class=\"dcon dc214\"><span class=\"title\">Zodpov\u011bdn&#253; subjekt:<\/span><dc-con><dc-con><span class=\"company\">Wigell Sp. z o.o.<\/span><span class=\"name\">Wigell<\/span><\/dc-con><dc-con><span class=\"street\">ul. Micha\u0142owicza 12<\/span><span class=\"city\">Bielsko-Bia\u0142a <\/span><span class=\"zip\">433 00<\/span><span class=\"country\">\u010cesko<\/span><\/dc-con><span class=\"email\">wigell@wigell.pl<\/span><span class=\"phone\">+48 888 704 645<\/span><bs-empty><\/bs-empty><a href=\"https:\/\/wigell.cz\/kontakt\/\" class=\"link\" target=\"_blank\">https:\/\/wigell.cz\/kontakt\/<\/a><\/dc-con><bs-empty><\/bs-empty><\/dc-root><\/div>\n<p><bs-empty><\/bs-empty><\/div>\n<\/div>\n<div id=\"e621518\" class=\"tabs\">\n","protected":false},"excerpt":{"rendered":"<p>WIGELL \u0161roubovac\u00ed tvarovka p\u0159echod 18&#215;3\/4&#8243; vn\u011bj\u0161\u00ed z\u00e1vit Podlahov\u00fd syst\u00e9m WIGELL\u00a0je z\u00e1rukou nejvy\u0161\u00ed kvality a nejdel\u0161\u00ed z\u00e1ruky na trhu. D\u00edky pe\u010dliv\u00fdm v\u00fdb\u011brem pou\u017eit\u00fdm materi\u00e1l\u016fm a v\u00fdrobk\u016f od renomovan\u00fdch Evropsk\u00fdch i \u010cesk\u00fdch v\u00fdrobc\u016f, jsme schopni, oproti konkurenci, zachovat rozumn\u00e9 ceny ve \u0161pi\u010dkov\u00e9 kvalit\u011b!!! Podlahov\u00e9 teplovodn\u00ed topen\u00ed v\u00e1m umo\u017en\u00ed p\u0159esn\u011b nastaviteln\u00fd pr\u016fb\u011bh profilu teplot ve vyt\u00e1p\u011bn\u00fdch prostorech pro [&hellip;]<\/p>\n","protected":false},"featured_media":24393,"comment_status":"open","ping_status":"open","template":"","meta":[],"product_brand":[],"product_cat":[83],"product_tag":[],"class_list":{"0":"post-24293","1":"product","2":"type-product","3":"status-publish","4":"has-post-thumbnail","6":"product_cat-podlahov-233-topen-237","8":"first","9":"instock","10":"sale","11":"shipping-taxable","12":"purchasable","13":"product-type-simple"},"yoast_head":"<!-- This site is optimized with the Yoast SEO plugin v26.8 - https:\/\/yoast.com\/product\/yoast-seo-wordpress\/ -->\n<title>WIGELL \u0160roubovac\u00ed tvarovka p\u0159echod 18x3\/4&quot; vn\u011bj\u0161\u00ed z\u00e1vit Nakupujte Hned -<\/title>\n<meta name=\"robots\" content=\"index, follow, max-snippet:-1, max-image-preview:large, max-video-preview:-1\" \/>\n<link rel=\"canonical\" href=\"https:\/\/www.technodompro.com\/index.php\/produkt\/wigell-sroubovaci-tvarovka-prechod-18x3-4-quot-vnejsi-zavit-nakupujte-hned-24293\/\" \/>\n<meta property=\"og:locale\" content=\"cs_CZ\" \/>\n<meta property=\"og:type\" content=\"article\" \/>\n<meta property=\"og:title\" content=\"WIGELL \u0160roubovac\u00ed tvarovka p\u0159echod 18x3\/4&quot; vn\u011bj\u0161\u00ed z\u00e1vit Nakupujte Hned -\" \/>\n<meta property=\"og:description\" content=\"WIGELL \u0161roubovac\u00ed tvarovka p\u0159echod 18&#215;3\/4&#8243; vn\u011bj\u0161\u00ed z\u00e1vit Podlahov\u00fd syst\u00e9m WIGELL\u00a0je z\u00e1rukou nejvy\u0161\u00ed kvality a nejdel\u0161\u00ed z\u00e1ruky na trhu. D\u00edky pe\u010dliv\u00fdm v\u00fdb\u011brem pou\u017eit\u00fdm materi\u00e1l\u016fm a v\u00fdrobk\u016f od renomovan\u00fdch Evropsk\u00fdch i \u010cesk\u00fdch v\u00fdrobc\u016f, jsme schopni, oproti konkurenci, zachovat rozumn\u00e9 ceny ve \u0161pi\u010dkov\u00e9 kvalit\u011b!!! Podlahov\u00e9 teplovodn\u00ed topen\u00ed v\u00e1m umo\u017en\u00ed p\u0159esn\u011b nastaviteln\u00fd pr\u016fb\u011bh profilu teplot ve vyt\u00e1p\u011bn\u00fdch prostorech pro [&hellip;]\" \/>\n<meta property=\"og:url\" content=\"https:\/\/www.technodompro.com\/index.php\/produkt\/wigell-sroubovaci-tvarovka-prechod-18x3-4-quot-vnejsi-zavit-nakupujte-hned-24293\/\" \/>\n<meta property=\"og:image\" content=\"https:\/\/www.technodompro.com\/wp-content\/uploads\/2026\/SK0011435-CZ20260425-093449-0-1777080895-wigell-sroubovaci-tvarovka-prechod-18x3-4-vnejsi-zavit.webp\" \/>\n\t<meta property=\"og:image:width\" content=\"1000\" \/>\n\t<meta property=\"og:image:height\" content=\"525\" \/>\n\t<meta property=\"og:image:type\" content=\"image\/webp\" \/>\n<meta name=\"twitter:card\" content=\"summary_large_image\" \/>\n<meta name=\"twitter:label1\" content=\"Odhadovan\u00e1 doba \u010dten\u00ed\" \/>\n\t<meta name=\"twitter:data1\" content=\"1 minuta\" \/>\n<script type=\"application\/ld+json\" class=\"yoast-schema-graph\">{\"@context\":\"https:\/\/schema.org\",\"@graph\":[{\"@type\":\"WebPage\",\"@id\":\"https:\/\/www.technodompro.com\/index.php\/produkt\/wigell-sroubovaci-tvarovka-prechod-18x3-4-quot-vnejsi-zavit-nakupujte-hned-24293\/\",\"url\":\"https:\/\/www.technodompro.com\/index.php\/produkt\/wigell-sroubovaci-tvarovka-prechod-18x3-4-quot-vnejsi-zavit-nakupujte-hned-24293\/\",\"name\":\"WIGELL \u0160roubovac\u00ed tvarovka p\u0159echod 18x3\/4&quot; vn\u011bj\u0161\u00ed z\u00e1vit Nakupujte Hned -\",\"isPartOf\":{\"@id\":\"https:\/\/www.technodompro.com\/#website\"},\"primaryImageOfPage\":{\"@id\":\"https:\/\/www.technodompro.com\/index.php\/produkt\/wigell-sroubovaci-tvarovka-prechod-18x3-4-quot-vnejsi-zavit-nakupujte-hned-24293\/#primaryimage\"},\"image\":{\"@id\":\"https:\/\/www.technodompro.com\/index.php\/produkt\/wigell-sroubovaci-tvarovka-prechod-18x3-4-quot-vnejsi-zavit-nakupujte-hned-24293\/#primaryimage\"},\"thumbnailUrl\":\"https:\/\/www.technodompro.com\/wp-content\/uploads\/2026\/SK0011435-CZ20260425-093449-0-1777080895-wigell-sroubovaci-tvarovka-prechod-18x3-4-vnejsi-zavit.webp\",\"datePublished\":\"2026-04-27T04:41:32+00:00\",\"breadcrumb\":{\"@id\":\"https:\/\/www.technodompro.com\/index.php\/produkt\/wigell-sroubovaci-tvarovka-prechod-18x3-4-quot-vnejsi-zavit-nakupujte-hned-24293\/#breadcrumb\"},\"inLanguage\":\"cs\",\"potentialAction\":[{\"@type\":\"ReadAction\",\"target\":[\"https:\/\/www.technodompro.com\/index.php\/produkt\/wigell-sroubovaci-tvarovka-prechod-18x3-4-quot-vnejsi-zavit-nakupujte-hned-24293\/\"]}]},{\"@type\":\"ImageObject\",\"inLanguage\":\"cs\",\"@id\":\"https:\/\/www.technodompro.com\/index.php\/produkt\/wigell-sroubovaci-tvarovka-prechod-18x3-4-quot-vnejsi-zavit-nakupujte-hned-24293\/#primaryimage\",\"url\":\"https:\/\/www.technodompro.com\/wp-content\/uploads\/2026\/SK0011435-CZ20260425-093449-0-1777080895-wigell-sroubovaci-tvarovka-prechod-18x3-4-vnejsi-zavit.webp\",\"contentUrl\":\"https:\/\/www.technodompro.com\/wp-content\/uploads\/2026\/SK0011435-CZ20260425-093449-0-1777080895-wigell-sroubovaci-tvarovka-prechod-18x3-4-vnejsi-zavit.webp\",\"width\":1000,\"height\":525},{\"@type\":\"BreadcrumbList\",\"@id\":\"https:\/\/www.technodompro.com\/index.php\/produkt\/wigell-sroubovaci-tvarovka-prechod-18x3-4-quot-vnejsi-zavit-nakupujte-hned-24293\/#breadcrumb\",\"itemListElement\":[{\"@type\":\"ListItem\",\"position\":1,\"name\":\"Home\",\"item\":\"https:\/\/www.technodompro.com\/\"},{\"@type\":\"ListItem\",\"position\":2,\"name\":\"Products\",\"item\":\"https:\/\/www.technodompro.com\/index.php\/products\/\"},{\"@type\":\"ListItem\",\"position\":3,\"name\":\"WIGELL \u0160roubovac\u00ed tvarovka p\u0159echod 18&#215;3\/4&quot; vn\u011bj\u0161\u00ed z\u00e1vit Nakupujte Hned\"}]},{\"@type\":\"WebSite\",\"@id\":\"https:\/\/www.technodompro.com\/#website\",\"url\":\"https:\/\/www.technodompro.com\/\",\"name\":\"\",\"description\":\"\",\"potentialAction\":[{\"@type\":\"SearchAction\",\"target\":{\"@type\":\"EntryPoint\",\"urlTemplate\":\"https:\/\/www.technodompro.com\/?s={search_term_string}\"},\"query-input\":{\"@type\":\"PropertyValueSpecification\",\"valueRequired\":true,\"valueName\":\"search_term_string\"}}],\"inLanguage\":\"cs\"}]}<\/script>\n<!-- \/ Yoast SEO plugin. -->","yoast_head_json":{"title":"WIGELL \u0160roubovac\u00ed tvarovka p\u0159echod 18x3\/4&quot; vn\u011bj\u0161\u00ed z\u00e1vit Nakupujte Hned -","robots":{"index":"index","follow":"follow","max-snippet":"max-snippet:-1","max-image-preview":"max-image-preview:large","max-video-preview":"max-video-preview:-1"},"canonical":"https:\/\/www.technodompro.com\/index.php\/produkt\/wigell-sroubovaci-tvarovka-prechod-18x3-4-quot-vnejsi-zavit-nakupujte-hned-24293\/","og_locale":"cs_CZ","og_type":"article","og_title":"WIGELL \u0160roubovac\u00ed tvarovka p\u0159echod 18x3\/4&quot; vn\u011bj\u0161\u00ed z\u00e1vit Nakupujte Hned -","og_description":"WIGELL \u0161roubovac\u00ed tvarovka p\u0159echod 18&#215;3\/4&#8243; vn\u011bj\u0161\u00ed z\u00e1vit Podlahov\u00fd syst\u00e9m WIGELL\u00a0je z\u00e1rukou nejvy\u0161\u00ed kvality a nejdel\u0161\u00ed z\u00e1ruky na trhu. D\u00edky pe\u010dliv\u00fdm v\u00fdb\u011brem pou\u017eit\u00fdm materi\u00e1l\u016fm a v\u00fdrobk\u016f od renomovan\u00fdch Evropsk\u00fdch i \u010cesk\u00fdch v\u00fdrobc\u016f, jsme schopni, oproti konkurenci, zachovat rozumn\u00e9 ceny ve \u0161pi\u010dkov\u00e9 kvalit\u011b!!! Podlahov\u00e9 teplovodn\u00ed topen\u00ed v\u00e1m umo\u017en\u00ed p\u0159esn\u011b nastaviteln\u00fd pr\u016fb\u011bh profilu teplot ve vyt\u00e1p\u011bn\u00fdch prostorech pro [&hellip;]","og_url":"https:\/\/www.technodompro.com\/index.php\/produkt\/wigell-sroubovaci-tvarovka-prechod-18x3-4-quot-vnejsi-zavit-nakupujte-hned-24293\/","og_image":[{"width":1000,"height":525,"url":"https:\/\/www.technodompro.com\/wp-content\/uploads\/2026\/SK0011435-CZ20260425-093449-0-1777080895-wigell-sroubovaci-tvarovka-prechod-18x3-4-vnejsi-zavit.webp","type":"image\/webp"}],"twitter_card":"summary_large_image","twitter_misc":{"Odhadovan\u00e1 doba \u010dten\u00ed":"1 minuta"},"schema":{"@context":"https:\/\/schema.org","@graph":[{"@type":"WebPage","@id":"https:\/\/www.technodompro.com\/index.php\/produkt\/wigell-sroubovaci-tvarovka-prechod-18x3-4-quot-vnejsi-zavit-nakupujte-hned-24293\/","url":"https:\/\/www.technodompro.com\/index.php\/produkt\/wigell-sroubovaci-tvarovka-prechod-18x3-4-quot-vnejsi-zavit-nakupujte-hned-24293\/","name":"WIGELL \u0160roubovac\u00ed tvarovka p\u0159echod 18x3\/4&quot; vn\u011bj\u0161\u00ed z\u00e1vit Nakupujte Hned -","isPartOf":{"@id":"https:\/\/www.technodompro.com\/#website"},"primaryImageOfPage":{"@id":"https:\/\/www.technodompro.com\/index.php\/produkt\/wigell-sroubovaci-tvarovka-prechod-18x3-4-quot-vnejsi-zavit-nakupujte-hned-24293\/#primaryimage"},"image":{"@id":"https:\/\/www.technodompro.com\/index.php\/produkt\/wigell-sroubovaci-tvarovka-prechod-18x3-4-quot-vnejsi-zavit-nakupujte-hned-24293\/#primaryimage"},"thumbnailUrl":"https:\/\/www.technodompro.com\/wp-content\/uploads\/2026\/SK0011435-CZ20260425-093449-0-1777080895-wigell-sroubovaci-tvarovka-prechod-18x3-4-vnejsi-zavit.webp","datePublished":"2026-04-27T04:41:32+00:00","breadcrumb":{"@id":"https:\/\/www.technodompro.com\/index.php\/produkt\/wigell-sroubovaci-tvarovka-prechod-18x3-4-quot-vnejsi-zavit-nakupujte-hned-24293\/#breadcrumb"},"inLanguage":"cs","potentialAction":[{"@type":"ReadAction","target":["https:\/\/www.technodompro.com\/index.php\/produkt\/wigell-sroubovaci-tvarovka-prechod-18x3-4-quot-vnejsi-zavit-nakupujte-hned-24293\/"]}]},{"@type":"ImageObject","inLanguage":"cs","@id":"https:\/\/www.technodompro.com\/index.php\/produkt\/wigell-sroubovaci-tvarovka-prechod-18x3-4-quot-vnejsi-zavit-nakupujte-hned-24293\/#primaryimage","url":"https:\/\/www.technodompro.com\/wp-content\/uploads\/2026\/SK0011435-CZ20260425-093449-0-1777080895-wigell-sroubovaci-tvarovka-prechod-18x3-4-vnejsi-zavit.webp","contentUrl":"https:\/\/www.technodompro.com\/wp-content\/uploads\/2026\/SK0011435-CZ20260425-093449-0-1777080895-wigell-sroubovaci-tvarovka-prechod-18x3-4-vnejsi-zavit.webp","width":1000,"height":525},{"@type":"BreadcrumbList","@id":"https:\/\/www.technodompro.com\/index.php\/produkt\/wigell-sroubovaci-tvarovka-prechod-18x3-4-quot-vnejsi-zavit-nakupujte-hned-24293\/#breadcrumb","itemListElement":[{"@type":"ListItem","position":1,"name":"Home","item":"https:\/\/www.technodompro.com\/"},{"@type":"ListItem","position":2,"name":"Products","item":"https:\/\/www.technodompro.com\/index.php\/products\/"},{"@type":"ListItem","position":3,"name":"WIGELL \u0160roubovac\u00ed tvarovka p\u0159echod 18&#215;3\/4&quot; vn\u011bj\u0161\u00ed z\u00e1vit Nakupujte Hned"}]},{"@type":"WebSite","@id":"https:\/\/www.technodompro.com\/#website","url":"https:\/\/www.technodompro.com\/","name":"","description":"","potentialAction":[{"@type":"SearchAction","target":{"@type":"EntryPoint","urlTemplate":"https:\/\/www.technodompro.com\/?s={search_term_string}"},"query-input":{"@type":"PropertyValueSpecification","valueRequired":true,"valueName":"search_term_string"}}],"inLanguage":"cs"}]}},"_links":{"self":[{"href":"https:\/\/www.technodompro.com\/index.php\/wp-json\/wp\/v2\/product\/24293","targetHints":{"allow":["GET"]}}],"collection":[{"href":"https:\/\/www.technodompro.com\/index.php\/wp-json\/wp\/v2\/product"}],"about":[{"href":"https:\/\/www.technodompro.com\/index.php\/wp-json\/wp\/v2\/types\/product"}],"replies":[{"embeddable":true,"href":"https:\/\/www.technodompro.com\/index.php\/wp-json\/wp\/v2\/comments?post=24293"}],"wp:featuredmedia":[{"embeddable":true,"href":"https:\/\/www.technodompro.com\/index.php\/wp-json\/wp\/v2\/media\/24393"}],"wp:attachment":[{"href":"https:\/\/www.technodompro.com\/index.php\/wp-json\/wp\/v2\/media?parent=24293"}],"wp:term":[{"taxonomy":"product_brand","embeddable":true,"href":"https:\/\/www.technodompro.com\/index.php\/wp-json\/wp\/v2\/product_brand?post=24293"},{"taxonomy":"product_cat","embeddable":true,"href":"https:\/\/www.technodompro.com\/index.php\/wp-json\/wp\/v2\/product_cat?post=24293"},{"taxonomy":"product_tag","embeddable":true,"href":"https:\/\/www.technodompro.com\/index.php\/wp-json\/wp\/v2\/product_tag?post=24293"}],"curies":[{"name":"wp","href":"https:\/\/api.w.org\/{rel}","templated":true}]}}