{"id":24491,"date":"2026-04-27T04:41:33","date_gmt":"2026-04-27T04:41:33","guid":{"rendered":""},"modified":"2026-04-27T04:41:33","modified_gmt":"2026-04-27T04:41:33","slug":"novaservis-sprchova-baterie-podomitkova-titania-nice-chrom-97050-0-omezena-nabidka-24491","status":"publish","type":"product","link":"https:\/\/www.technodompro.com\/index.php\/produkt\/novaservis-sprchova-baterie-podomitkova-titania-nice-chrom-97050-0-omezena-nabidka-24491\/","title":{"rendered":"NOVASERVIS Sprchov\u00e1 baterie podom\u00edtkov\u00e1 Titania Nice chrom &#8211; 97050,0 Omezen\u00e1 Nab\u00eddka"},"content":{"rendered":"<div id=\"e11754680\" class=\"pages\">\n<div>\n<div id=\"PDDescription\" class=\"UserContentView userContent v1a v1 bs-view dcon dc159 PDDescription\" ><dc-con><dc-con><bs-empty><\/bs-empty><\/dc-con><dc-con>        <\/p>\n<div class=\"customDescription\">                    <\/div>\n<p><\/dc-con><dc-con>Kvalitn\u00ed a odoln\u00e1 keramick\u00e1 kartu\u0161e 35 mm <b>s\u00a0prodlou\u017eenou z\u00e1rukou\u00a05\u00a0let<\/b>.  Prvot\u0159\u00eddn\u00ed chromov\u00e9 proveden\u00ed. Sprchov\u00e1 podom\u00edtkov\u00e1 baterie s 1 v\u00fdvodem. Baterie obsahuje podom\u00edtkov\u00e9 p\u0159ipojen\u00ed 1\/2&#8243;.<\/dc-con><\/dc-con><\/div>\n<div id=\"PDDescription2\" class=\"UserContentView userContent v1a v1 bs-view dcon dc160 PDDescription2\" >Zaj\u00edmav\u00fd design, kter\u00fd v\u00e1s oslov\u00ed a kvalita za p\u0159\u00edznivou cenu jde ruku v ruce se s\u00e9ri\u00ed TITANIA NICE. Nejprod\u00e1van\u011bj\u0161\u00ed vodovodn\u00ed baterie TITANIA. &lt;br \/&gt;&lt;br \/&gt;Servis a\u017e k v\u00e1m dom\u016f.<\/div>\n<\/p><\/div>\n<div id=\"PDTable3\" class=\"ProductDetailTableView v3a v3 bs-view dcon dc180 PDTable3\" >\n<table>\n<thead><\/thead>\n<tbody>\n<tr class=\"attribute attr_ovladani\">\n<td class=\"caption\">Ovl\u00e1d\u00e1n\u00ed<\/td>\n<td class=\"value\">P\u00e1kov\u00e9<\/td>\n<\/tr>\n<tr class=\"attribute attr_pouziti\">\n<td class=\"caption\">Pou\u017eit\u00ed<\/td>\n<td class=\"value\">Sprchov\u00e9 baterie<\/td>\n<\/tr>\n<tr class=\"attribute attr_typ\">\n<td class=\"caption\">Typ<\/td>\n<td class=\"value\">Podom\u00edtkov\u00e9 baterie<\/td>\n<\/tr>\n<tr class=\"attribute attr_bsshop_maker\">\n<td class=\"caption\">V\u00fdrobce<\/td>\n<td class=\"value\">Novaservis<\/td>\n<\/tr>\n<tr class=\"weight\">\n<td class=\"caption\"><span>Hmotnost<\/span><\/td>\n<td class=\"value\"><span>1,00 kg<\/span><\/td>\n<\/tr>\n<\/tbody>\n<\/table>\n<\/div>\n<div id=\"ProductMedia\" class=\"ProductMediaView MediaViewBase v1a v1 bs-view dcon dc404 ProductMedia\" ><bs-empty><\/bs-empty><\/p>\n<div class=\"files\">\n<div class=\"title sub\">Soubory<\/div>\n<p><a href=\"\/media\/6718\/97050.jpg?&amp;key=ZGpmIyQwNUZfNjcxOA==\" class=\"jpg\">97050.jpg<\/a><a href=\"\/media\/6719\/202-c5-2016-b-30-00360-16-rev-1.pdf?&amp;key=ZGpmIyQwNUZfNjcxOQ==\" class=\"pdf\">202_C5_2016_B-30-00360-16-rev_1.pdf<\/a><\/div>\n<p><bs-empty><\/bs-empty><\/div>\n<div id=\"PdProductGpsr\" class=\"ProductGpsrView v1a v1 bs-view dcon dc212 PdProductGpsr\" >\n<div class=\"subject\"><dc-root class=\"dcon dc214\"><span class=\"title\">Zodpov\u011bdn&#253; subjekt:<\/span><dc-con><dc-con><span class=\"company\">NOVASERVIS spol. s r.o.<\/span><span class=\"name\">Novaservis<\/span><\/dc-con><dc-con><span class=\"street\">Dru\u017estevn&#237; 5<\/span><span class=\"city\">Znojmo<\/span><span class=\"zip\">669 02<\/span><span class=\"country\">\u010cesko<\/span><\/dc-con><span class=\"email\">shop@novaservis.cz<\/span><span class=\"phone\">515 282 111 <\/span><bs-empty><\/bs-empty><a href=\"https:\/\/www.novaservis.cz\/kontakt\/\" class=\"link\" target=\"_blank\">https:\/\/www.novaservis.cz\/kontakt\/<\/a><\/dc-con><bs-empty><\/bs-empty><\/dc-root><\/div>\n<p><bs-empty><\/bs-empty><\/div>\n<\/div>\n<div id=\"e11754681\" class=\"tabs\">\n","protected":false},"excerpt":{"rendered":"<p>Kvalitn\u00ed a odoln\u00e1 keramick\u00e1 kartu\u0161e 35 mm s\u00a0prodlou\u017eenou z\u00e1rukou\u00a05\u00a0let. Prvot\u0159\u00eddn\u00ed chromov\u00e9 proveden\u00ed. Sprchov\u00e1 podom\u00edtkov\u00e1 baterie s 1 v\u00fdvodem. Baterie obsahuje podom\u00edtkov\u00e9 p\u0159ipojen\u00ed 1\/2&#8243;. Zaj\u00edmav\u00fd design, kter\u00fd v\u00e1s oslov\u00ed a kvalita za p\u0159\u00edznivou cenu jde ruku v ruce se s\u00e9ri\u00ed TITANIA NICE. Nejprod\u00e1van\u011bj\u0161\u00ed vodovodn\u00ed baterie TITANIA. &lt;br \/&gt;&lt;br \/&gt;Servis a\u017e k v\u00e1m dom\u016f. Ovl\u00e1d\u00e1n\u00ed P\u00e1kov\u00e9 Pou\u017eit\u00ed [&hellip;]<\/p>\n","protected":false},"featured_media":24591,"comment_status":"open","ping_status":"open","template":"","meta":[],"product_brand":[],"product_cat":[88],"product_tag":[],"class_list":{"0":"post-24491","1":"product","2":"type-product","3":"status-publish","4":"has-post-thumbnail","6":"product_cat-vybaven-237-koupelny","8":"first","9":"instock","10":"sale","11":"shipping-taxable","12":"purchasable","13":"product-type-simple"},"yoast_head":"<!-- This site is optimized with the Yoast SEO plugin v26.8 - https:\/\/yoast.com\/product\/yoast-seo-wordpress\/ -->\n<title>NOVASERVIS Sprchov\u00e1 baterie podom\u00edtkov\u00e1 Titania Nice chrom - 97050,0 Omezen\u00e1 Nab\u00eddka -<\/title>\n<meta name=\"robots\" content=\"index, follow, max-snippet:-1, max-image-preview:large, max-video-preview:-1\" \/>\n<link rel=\"canonical\" href=\"https:\/\/www.technodompro.com\/index.php\/produkt\/novaservis-sprchova-baterie-podomitkova-titania-nice-chrom-97050-0-omezena-nabidka-24491\/\" \/>\n<meta property=\"og:locale\" content=\"cs_CZ\" \/>\n<meta property=\"og:type\" content=\"article\" \/>\n<meta property=\"og:title\" content=\"NOVASERVIS Sprchov\u00e1 baterie podom\u00edtkov\u00e1 Titania Nice chrom - 97050,0 Omezen\u00e1 Nab\u00eddka -\" \/>\n<meta property=\"og:description\" content=\"Kvalitn\u00ed a odoln\u00e1 keramick\u00e1 kartu\u0161e 35 mm s\u00a0prodlou\u017eenou z\u00e1rukou\u00a05\u00a0let. Prvot\u0159\u00eddn\u00ed chromov\u00e9 proveden\u00ed. Sprchov\u00e1 podom\u00edtkov\u00e1 baterie s 1 v\u00fdvodem. Baterie obsahuje podom\u00edtkov\u00e9 p\u0159ipojen\u00ed 1\/2&#8243;. Zaj\u00edmav\u00fd design, kter\u00fd v\u00e1s oslov\u00ed a kvalita za p\u0159\u00edznivou cenu jde ruku v ruce se s\u00e9ri\u00ed TITANIA NICE. Nejprod\u00e1van\u011bj\u0161\u00ed vodovodn\u00ed baterie TITANIA. &lt;br \/&gt;&lt;br \/&gt;Servis a\u017e k v\u00e1m dom\u016f. Ovl\u00e1d\u00e1n\u00ed P\u00e1kov\u00e9 Pou\u017eit\u00ed [&hellip;]\" \/>\n<meta property=\"og:url\" content=\"https:\/\/www.technodompro.com\/index.php\/produkt\/novaservis-sprchova-baterie-podomitkova-titania-nice-chrom-97050-0-omezena-nabidka-24491\/\" \/>\n<meta property=\"og:image\" content=\"https:\/\/www.technodompro.com\/wp-content\/uploads\/2026\/SK0011586-CZ20260425-093449-0-1777080895-novaservis-sprchova-baterie-podomitkova-titania-nice-chrom-.webp\" \/>\n\t<meta property=\"og:image:width\" content=\"1000\" \/>\n\t<meta property=\"og:image:height\" content=\"525\" \/>\n\t<meta property=\"og:image:type\" content=\"image\/webp\" \/>\n<meta name=\"twitter:card\" content=\"summary_large_image\" \/>\n<meta name=\"twitter:label1\" content=\"Odhadovan\u00e1 doba \u010dten\u00ed\" \/>\n\t<meta name=\"twitter:data1\" content=\"1 minuta\" \/>\n<script type=\"application\/ld+json\" class=\"yoast-schema-graph\">{\"@context\":\"https:\/\/schema.org\",\"@graph\":[{\"@type\":\"WebPage\",\"@id\":\"https:\/\/www.technodompro.com\/index.php\/produkt\/novaservis-sprchova-baterie-podomitkova-titania-nice-chrom-97050-0-omezena-nabidka-24491\/\",\"url\":\"https:\/\/www.technodompro.com\/index.php\/produkt\/novaservis-sprchova-baterie-podomitkova-titania-nice-chrom-97050-0-omezena-nabidka-24491\/\",\"name\":\"NOVASERVIS Sprchov\u00e1 baterie podom\u00edtkov\u00e1 Titania Nice chrom - 97050,0 Omezen\u00e1 Nab\u00eddka -\",\"isPartOf\":{\"@id\":\"https:\/\/www.technodompro.com\/#website\"},\"primaryImageOfPage\":{\"@id\":\"https:\/\/www.technodompro.com\/index.php\/produkt\/novaservis-sprchova-baterie-podomitkova-titania-nice-chrom-97050-0-omezena-nabidka-24491\/#primaryimage\"},\"image\":{\"@id\":\"https:\/\/www.technodompro.com\/index.php\/produkt\/novaservis-sprchova-baterie-podomitkova-titania-nice-chrom-97050-0-omezena-nabidka-24491\/#primaryimage\"},\"thumbnailUrl\":\"https:\/\/www.technodompro.com\/wp-content\/uploads\/2026\/SK0011586-CZ20260425-093449-0-1777080895-novaservis-sprchova-baterie-podomitkova-titania-nice-chrom-.webp\",\"datePublished\":\"2026-04-27T04:41:33+00:00\",\"breadcrumb\":{\"@id\":\"https:\/\/www.technodompro.com\/index.php\/produkt\/novaservis-sprchova-baterie-podomitkova-titania-nice-chrom-97050-0-omezena-nabidka-24491\/#breadcrumb\"},\"inLanguage\":\"cs\",\"potentialAction\":[{\"@type\":\"ReadAction\",\"target\":[\"https:\/\/www.technodompro.com\/index.php\/produkt\/novaservis-sprchova-baterie-podomitkova-titania-nice-chrom-97050-0-omezena-nabidka-24491\/\"]}]},{\"@type\":\"ImageObject\",\"inLanguage\":\"cs\",\"@id\":\"https:\/\/www.technodompro.com\/index.php\/produkt\/novaservis-sprchova-baterie-podomitkova-titania-nice-chrom-97050-0-omezena-nabidka-24491\/#primaryimage\",\"url\":\"https:\/\/www.technodompro.com\/wp-content\/uploads\/2026\/SK0011586-CZ20260425-093449-0-1777080895-novaservis-sprchova-baterie-podomitkova-titania-nice-chrom-.webp\",\"contentUrl\":\"https:\/\/www.technodompro.com\/wp-content\/uploads\/2026\/SK0011586-CZ20260425-093449-0-1777080895-novaservis-sprchova-baterie-podomitkova-titania-nice-chrom-.webp\",\"width\":1000,\"height\":525},{\"@type\":\"BreadcrumbList\",\"@id\":\"https:\/\/www.technodompro.com\/index.php\/produkt\/novaservis-sprchova-baterie-podomitkova-titania-nice-chrom-97050-0-omezena-nabidka-24491\/#breadcrumb\",\"itemListElement\":[{\"@type\":\"ListItem\",\"position\":1,\"name\":\"Home\",\"item\":\"https:\/\/www.technodompro.com\/\"},{\"@type\":\"ListItem\",\"position\":2,\"name\":\"Products\",\"item\":\"https:\/\/www.technodompro.com\/index.php\/products\/\"},{\"@type\":\"ListItem\",\"position\":3,\"name\":\"NOVASERVIS Sprchov\u00e1 baterie podom\u00edtkov\u00e1 Titania Nice chrom &#8211; 97050,0 Omezen\u00e1 Nab\u00eddka\"}]},{\"@type\":\"WebSite\",\"@id\":\"https:\/\/www.technodompro.com\/#website\",\"url\":\"https:\/\/www.technodompro.com\/\",\"name\":\"\",\"description\":\"\",\"potentialAction\":[{\"@type\":\"SearchAction\",\"target\":{\"@type\":\"EntryPoint\",\"urlTemplate\":\"https:\/\/www.technodompro.com\/?s={search_term_string}\"},\"query-input\":{\"@type\":\"PropertyValueSpecification\",\"valueRequired\":true,\"valueName\":\"search_term_string\"}}],\"inLanguage\":\"cs\"}]}<\/script>\n<!-- \/ Yoast SEO plugin. -->","yoast_head_json":{"title":"NOVASERVIS Sprchov\u00e1 baterie podom\u00edtkov\u00e1 Titania Nice chrom - 97050,0 Omezen\u00e1 Nab\u00eddka -","robots":{"index":"index","follow":"follow","max-snippet":"max-snippet:-1","max-image-preview":"max-image-preview:large","max-video-preview":"max-video-preview:-1"},"canonical":"https:\/\/www.technodompro.com\/index.php\/produkt\/novaservis-sprchova-baterie-podomitkova-titania-nice-chrom-97050-0-omezena-nabidka-24491\/","og_locale":"cs_CZ","og_type":"article","og_title":"NOVASERVIS Sprchov\u00e1 baterie podom\u00edtkov\u00e1 Titania Nice chrom - 97050,0 Omezen\u00e1 Nab\u00eddka -","og_description":"Kvalitn\u00ed a odoln\u00e1 keramick\u00e1 kartu\u0161e 35 mm s\u00a0prodlou\u017eenou z\u00e1rukou\u00a05\u00a0let. Prvot\u0159\u00eddn\u00ed chromov\u00e9 proveden\u00ed. Sprchov\u00e1 podom\u00edtkov\u00e1 baterie s 1 v\u00fdvodem. Baterie obsahuje podom\u00edtkov\u00e9 p\u0159ipojen\u00ed 1\/2&#8243;. Zaj\u00edmav\u00fd design, kter\u00fd v\u00e1s oslov\u00ed a kvalita za p\u0159\u00edznivou cenu jde ruku v ruce se s\u00e9ri\u00ed TITANIA NICE. Nejprod\u00e1van\u011bj\u0161\u00ed vodovodn\u00ed baterie TITANIA. &lt;br \/&gt;&lt;br \/&gt;Servis a\u017e k v\u00e1m dom\u016f. Ovl\u00e1d\u00e1n\u00ed P\u00e1kov\u00e9 Pou\u017eit\u00ed [&hellip;]","og_url":"https:\/\/www.technodompro.com\/index.php\/produkt\/novaservis-sprchova-baterie-podomitkova-titania-nice-chrom-97050-0-omezena-nabidka-24491\/","og_image":[{"width":1000,"height":525,"url":"https:\/\/www.technodompro.com\/wp-content\/uploads\/2026\/SK0011586-CZ20260425-093449-0-1777080895-novaservis-sprchova-baterie-podomitkova-titania-nice-chrom-.webp","type":"image\/webp"}],"twitter_card":"summary_large_image","twitter_misc":{"Odhadovan\u00e1 doba \u010dten\u00ed":"1 minuta"},"schema":{"@context":"https:\/\/schema.org","@graph":[{"@type":"WebPage","@id":"https:\/\/www.technodompro.com\/index.php\/produkt\/novaservis-sprchova-baterie-podomitkova-titania-nice-chrom-97050-0-omezena-nabidka-24491\/","url":"https:\/\/www.technodompro.com\/index.php\/produkt\/novaservis-sprchova-baterie-podomitkova-titania-nice-chrom-97050-0-omezena-nabidka-24491\/","name":"NOVASERVIS Sprchov\u00e1 baterie podom\u00edtkov\u00e1 Titania Nice chrom - 97050,0 Omezen\u00e1 Nab\u00eddka -","isPartOf":{"@id":"https:\/\/www.technodompro.com\/#website"},"primaryImageOfPage":{"@id":"https:\/\/www.technodompro.com\/index.php\/produkt\/novaservis-sprchova-baterie-podomitkova-titania-nice-chrom-97050-0-omezena-nabidka-24491\/#primaryimage"},"image":{"@id":"https:\/\/www.technodompro.com\/index.php\/produkt\/novaservis-sprchova-baterie-podomitkova-titania-nice-chrom-97050-0-omezena-nabidka-24491\/#primaryimage"},"thumbnailUrl":"https:\/\/www.technodompro.com\/wp-content\/uploads\/2026\/SK0011586-CZ20260425-093449-0-1777080895-novaservis-sprchova-baterie-podomitkova-titania-nice-chrom-.webp","datePublished":"2026-04-27T04:41:33+00:00","breadcrumb":{"@id":"https:\/\/www.technodompro.com\/index.php\/produkt\/novaservis-sprchova-baterie-podomitkova-titania-nice-chrom-97050-0-omezena-nabidka-24491\/#breadcrumb"},"inLanguage":"cs","potentialAction":[{"@type":"ReadAction","target":["https:\/\/www.technodompro.com\/index.php\/produkt\/novaservis-sprchova-baterie-podomitkova-titania-nice-chrom-97050-0-omezena-nabidka-24491\/"]}]},{"@type":"ImageObject","inLanguage":"cs","@id":"https:\/\/www.technodompro.com\/index.php\/produkt\/novaservis-sprchova-baterie-podomitkova-titania-nice-chrom-97050-0-omezena-nabidka-24491\/#primaryimage","url":"https:\/\/www.technodompro.com\/wp-content\/uploads\/2026\/SK0011586-CZ20260425-093449-0-1777080895-novaservis-sprchova-baterie-podomitkova-titania-nice-chrom-.webp","contentUrl":"https:\/\/www.technodompro.com\/wp-content\/uploads\/2026\/SK0011586-CZ20260425-093449-0-1777080895-novaservis-sprchova-baterie-podomitkova-titania-nice-chrom-.webp","width":1000,"height":525},{"@type":"BreadcrumbList","@id":"https:\/\/www.technodompro.com\/index.php\/produkt\/novaservis-sprchova-baterie-podomitkova-titania-nice-chrom-97050-0-omezena-nabidka-24491\/#breadcrumb","itemListElement":[{"@type":"ListItem","position":1,"name":"Home","item":"https:\/\/www.technodompro.com\/"},{"@type":"ListItem","position":2,"name":"Products","item":"https:\/\/www.technodompro.com\/index.php\/products\/"},{"@type":"ListItem","position":3,"name":"NOVASERVIS Sprchov\u00e1 baterie podom\u00edtkov\u00e1 Titania Nice chrom &#8211; 97050,0 Omezen\u00e1 Nab\u00eddka"}]},{"@type":"WebSite","@id":"https:\/\/www.technodompro.com\/#website","url":"https:\/\/www.technodompro.com\/","name":"","description":"","potentialAction":[{"@type":"SearchAction","target":{"@type":"EntryPoint","urlTemplate":"https:\/\/www.technodompro.com\/?s={search_term_string}"},"query-input":{"@type":"PropertyValueSpecification","valueRequired":true,"valueName":"search_term_string"}}],"inLanguage":"cs"}]}},"_links":{"self":[{"href":"https:\/\/www.technodompro.com\/index.php\/wp-json\/wp\/v2\/product\/24491","targetHints":{"allow":["GET"]}}],"collection":[{"href":"https:\/\/www.technodompro.com\/index.php\/wp-json\/wp\/v2\/product"}],"about":[{"href":"https:\/\/www.technodompro.com\/index.php\/wp-json\/wp\/v2\/types\/product"}],"replies":[{"embeddable":true,"href":"https:\/\/www.technodompro.com\/index.php\/wp-json\/wp\/v2\/comments?post=24491"}],"wp:featuredmedia":[{"embeddable":true,"href":"https:\/\/www.technodompro.com\/index.php\/wp-json\/wp\/v2\/media\/24591"}],"wp:attachment":[{"href":"https:\/\/www.technodompro.com\/index.php\/wp-json\/wp\/v2\/media?parent=24491"}],"wp:term":[{"taxonomy":"product_brand","embeddable":true,"href":"https:\/\/www.technodompro.com\/index.php\/wp-json\/wp\/v2\/product_brand?post=24491"},{"taxonomy":"product_cat","embeddable":true,"href":"https:\/\/www.technodompro.com\/index.php\/wp-json\/wp\/v2\/product_cat?post=24491"},{"taxonomy":"product_tag","embeddable":true,"href":"https:\/\/www.technodompro.com\/index.php\/wp-json\/wp\/v2\/product_tag?post=24491"}],"curies":[{"name":"wp","href":"https:\/\/api.w.org\/{rel}","templated":true}]}}