{"id":24502,"date":"2026-04-27T04:41:33","date_gmt":"2026-04-27T04:41:33","guid":{"rendered":""},"modified":"2026-04-27T04:41:33","modified_gmt":"2026-04-27T04:41:33","slug":"almeva-starr-koleno-45deg-80mm-cerna-uv-stabil-cenovy-hit-24502","status":"publish","type":"product","link":"https:\/\/www.technodompro.com\/index.php\/produkt\/almeva-starr-koleno-45deg-80mm-cerna-uv-stabil-cenovy-hit-24502\/","title":{"rendered":"ALMEVA STARR koleno 45\u00b0  80mm \u010dern\u00e1, UV stabil. Cenov\u00fd Hit"},"content":{"rendered":"<div id=\"e5575\" class=\"pages\">\n<div>\n<div id=\"PDDescription\" class=\"UserContentView userContent v1a v1 bs-view dcon dc164 PDDescription\" ><dc-con><dc-con><bs-empty><\/bs-empty><\/dc-con><dc-con>        <\/p>\n<div class=\"customDescription\">                    <\/div>\n<p><\/dc-con><dc-con><\/p>\n<div id=\"main-top\">\n<h1 id=\"page-title\">STARR &#8211; PPH<\/h1>\n<\/div>\n<div id=\"main-content\">\n<div id=\"content\">\n<div id=\"node-738\">\n<div>\n<div>\n<div>\n<div>\n<ul>\n<li>Plastov\u00fd syst\u00e9m odkou\u0159en\u00ed STARR je tvo\u0159en\u00fd pevn\u00fdmi trubkami, tvarovkami a p\u0159\u00edslu\u0161enstv\u00edm PPH.<\/li>\n<li>Syst\u00e9m STARR je nab\u00edzen v pr\u016fm\u011brech od 60 mm do 315 mm.<\/li>\n<li>Je u\u010den\u00fd zejm\u00e9na do interi\u00e9ru a pro vlo\u017ekov\u00e1n\u00ed rovn\u00fdch kom\u00ednov\u00fdch pr\u016fduch\u016f.<\/li>\n<li>Spojov\u00e1n\u00ed jednotliv\u00fdch prvk\u016f syst\u00e9mu STARR je hrdlov\u00fdmi spoji s trojb\u0159it\u00fdm EPDM t\u011bsn\u011bn\u00edm.<\/li>\n<li>Charakteristika dle \u010cSN EN 14471:<br \/>T120 H1\/P1 O W 2 O20 I\u00a0E L<\/li>\n<\/ul>\n<p>Slou\u017e\u00ed k odvodu spalin od kondenza\u010dn\u00edch a n\u00edzkoteplotn\u00edch kotl\u016f s nejvy\u0161\u0161\u00ed teplotou spalin na hrdle odkou\u0159en\u00ed spot\u0159ebi\u010de 120\u00b0C. Je ur\u010den p\u0159ev\u00e1\u017en\u011b pro p\u0159etlakov\u00e9 a vysokop\u0159etlakov\u00e9 spalinov\u00e9 cesty. M\u016f\u017ee b\u00fdt pou\u017eit i pro kom\u00edny s p\u0159irozen\u00fdm tahem. Nen\u00ed ur\u010den pro spalinov\u00e9 cesty, ve kter\u00fdch m\u016f\u017ee doj\u00edt k vyho\u0159en\u00ed saz\u00ed. Je vhodn\u00fd pro kom\u00edny, kter\u00e9 jsou pl\u00e1novit\u011b provozov\u00e1ny v mokr\u00e9m provozn\u00edm re\u017eimu a pou\u017eiteln\u00fd pro spalinovou cestu od spot\u0159ebi\u010d\u016f spaluj\u00edc\u00edch plynn\u00e1 paliva resp. zemn\u00ed plyn (L,H) a tekut\u00e1 paliva (LTO s obsahem s\u00edry do 0,2% kerosin).<\/p>\n<p><strong>ALMEVA STARR koleno 45\u00b0\u00a0 80mm &#8211; \u010dern\u00e1, UV stabil.<\/strong><\/p>\n<\/div>\n<\/div>\n<\/div>\n<\/div>\n<\/div>\n<\/div>\n<\/div>\n<p><\/dc-con><\/dc-con><\/div>\n<\/p><\/div>\n<div id=\"PDTable3\" class=\"ProductDetailTableView v3a v3 bs-view dcon dc185 PDTable3\" >\n<table>\n<thead><\/thead>\n<tbody>\n<tr class=\"attribute attr_dimenze2\">\n<td class=\"caption\">Dimenze DN<\/td>\n<td class=\"value\">80<\/td>\n<\/tr>\n<tr class=\"attribute attr_typ\">\n<td class=\"caption\">Typ<\/td>\n<td class=\"value\">Kolena<\/td>\n<\/tr>\n<tr class=\"attribute attr_bsshop_maker\">\n<td class=\"caption\">V\u00fdrobce<\/td>\n<td class=\"value\">Almeva<\/td>\n<\/tr>\n<tr class=\"weight\">\n<td class=\"caption\"><span>Hmotnost<\/span><\/td>\n<td class=\"value\"><span>0,09 kg<\/span><\/td>\n<\/tr>\n<\/tbody>\n<\/table>\n<\/div>\n<\/div>\n<div id=\"e5576\" class=\"tabs\">\n","protected":false},"excerpt":{"rendered":"<p>STARR &#8211; PPH Plastov\u00fd syst\u00e9m odkou\u0159en\u00ed STARR je tvo\u0159en\u00fd pevn\u00fdmi trubkami, tvarovkami a p\u0159\u00edslu\u0161enstv\u00edm PPH. Syst\u00e9m STARR je nab\u00edzen v pr\u016fm\u011brech od 60 mm do 315 mm. Je u\u010den\u00fd zejm\u00e9na do interi\u00e9ru a pro vlo\u017ekov\u00e1n\u00ed rovn\u00fdch kom\u00ednov\u00fdch pr\u016fduch\u016f. Spojov\u00e1n\u00ed jednotliv\u00fdch prvk\u016f syst\u00e9mu STARR je hrdlov\u00fdmi spoji s trojb\u0159it\u00fdm EPDM t\u011bsn\u011bn\u00edm. Charakteristika dle \u010cSN EN 14471:T120 [&hellip;]<\/p>\n","protected":false},"featured_media":24602,"comment_status":"open","ping_status":"open","template":"","meta":[],"product_brand":[],"product_cat":[86],"product_tag":[],"class_list":{"0":"post-24502","1":"product","2":"type-product","3":"status-publish","4":"has-post-thumbnail","6":"product_cat-kotle","8":"first","9":"instock","10":"sale","11":"shipping-taxable","12":"purchasable","13":"product-type-simple"},"yoast_head":"<!-- This site is optimized with the Yoast SEO plugin v26.8 - https:\/\/yoast.com\/product\/yoast-seo-wordpress\/ -->\n<title>ALMEVA STARR koleno 45\u00b0 80mm \u010dern\u00e1, UV stabil. Cenov\u00fd Hit -<\/title>\n<meta name=\"robots\" content=\"index, follow, max-snippet:-1, max-image-preview:large, max-video-preview:-1\" \/>\n<link rel=\"canonical\" href=\"https:\/\/www.technodompro.com\/index.php\/produkt\/almeva-starr-koleno-45deg-80mm-cerna-uv-stabil-cenovy-hit-24502\/\" \/>\n<meta property=\"og:locale\" content=\"cs_CZ\" \/>\n<meta property=\"og:type\" content=\"article\" \/>\n<meta property=\"og:title\" content=\"ALMEVA STARR koleno 45\u00b0 80mm \u010dern\u00e1, UV stabil. Cenov\u00fd Hit -\" \/>\n<meta property=\"og:description\" content=\"STARR &#8211; PPH Plastov\u00fd syst\u00e9m odkou\u0159en\u00ed STARR je tvo\u0159en\u00fd pevn\u00fdmi trubkami, tvarovkami a p\u0159\u00edslu\u0161enstv\u00edm PPH. Syst\u00e9m STARR je nab\u00edzen v pr\u016fm\u011brech od 60 mm do 315 mm. Je u\u010den\u00fd zejm\u00e9na do interi\u00e9ru a pro vlo\u017ekov\u00e1n\u00ed rovn\u00fdch kom\u00ednov\u00fdch pr\u016fduch\u016f. Spojov\u00e1n\u00ed jednotliv\u00fdch prvk\u016f syst\u00e9mu STARR je hrdlov\u00fdmi spoji s trojb\u0159it\u00fdm EPDM t\u011bsn\u011bn\u00edm. Charakteristika dle \u010cSN EN 14471:T120 [&hellip;]\" \/>\n<meta property=\"og:url\" content=\"https:\/\/www.technodompro.com\/index.php\/produkt\/almeva-starr-koleno-45deg-80mm-cerna-uv-stabil-cenovy-hit-24502\/\" \/>\n<meta property=\"og:image\" content=\"https:\/\/www.technodompro.com\/wp-content\/uploads\/2026\/SK0011598-CZ20260425-093449-0-1777080895-almeva-starr-koleno-45-80mm-cerna-uv-stabil.webp\" \/>\n\t<meta property=\"og:image:width\" content=\"1000\" \/>\n\t<meta property=\"og:image:height\" content=\"525\" \/>\n\t<meta property=\"og:image:type\" content=\"image\/webp\" \/>\n<meta name=\"twitter:card\" content=\"summary_large_image\" \/>\n<meta name=\"twitter:label1\" content=\"Odhadovan\u00e1 doba \u010dten\u00ed\" \/>\n\t<meta name=\"twitter:data1\" content=\"1 minuta\" \/>\n<script type=\"application\/ld+json\" class=\"yoast-schema-graph\">{\"@context\":\"https:\/\/schema.org\",\"@graph\":[{\"@type\":\"WebPage\",\"@id\":\"https:\/\/www.technodompro.com\/index.php\/produkt\/almeva-starr-koleno-45deg-80mm-cerna-uv-stabil-cenovy-hit-24502\/\",\"url\":\"https:\/\/www.technodompro.com\/index.php\/produkt\/almeva-starr-koleno-45deg-80mm-cerna-uv-stabil-cenovy-hit-24502\/\",\"name\":\"ALMEVA STARR koleno 45\u00b0 80mm \u010dern\u00e1, UV stabil. Cenov\u00fd Hit -\",\"isPartOf\":{\"@id\":\"https:\/\/www.technodompro.com\/#website\"},\"primaryImageOfPage\":{\"@id\":\"https:\/\/www.technodompro.com\/index.php\/produkt\/almeva-starr-koleno-45deg-80mm-cerna-uv-stabil-cenovy-hit-24502\/#primaryimage\"},\"image\":{\"@id\":\"https:\/\/www.technodompro.com\/index.php\/produkt\/almeva-starr-koleno-45deg-80mm-cerna-uv-stabil-cenovy-hit-24502\/#primaryimage\"},\"thumbnailUrl\":\"https:\/\/www.technodompro.com\/wp-content\/uploads\/2026\/SK0011598-CZ20260425-093449-0-1777080895-almeva-starr-koleno-45-80mm-cerna-uv-stabil.webp\",\"datePublished\":\"2026-04-27T04:41:33+00:00\",\"breadcrumb\":{\"@id\":\"https:\/\/www.technodompro.com\/index.php\/produkt\/almeva-starr-koleno-45deg-80mm-cerna-uv-stabil-cenovy-hit-24502\/#breadcrumb\"},\"inLanguage\":\"cs\",\"potentialAction\":[{\"@type\":\"ReadAction\",\"target\":[\"https:\/\/www.technodompro.com\/index.php\/produkt\/almeva-starr-koleno-45deg-80mm-cerna-uv-stabil-cenovy-hit-24502\/\"]}]},{\"@type\":\"ImageObject\",\"inLanguage\":\"cs\",\"@id\":\"https:\/\/www.technodompro.com\/index.php\/produkt\/almeva-starr-koleno-45deg-80mm-cerna-uv-stabil-cenovy-hit-24502\/#primaryimage\",\"url\":\"https:\/\/www.technodompro.com\/wp-content\/uploads\/2026\/SK0011598-CZ20260425-093449-0-1777080895-almeva-starr-koleno-45-80mm-cerna-uv-stabil.webp\",\"contentUrl\":\"https:\/\/www.technodompro.com\/wp-content\/uploads\/2026\/SK0011598-CZ20260425-093449-0-1777080895-almeva-starr-koleno-45-80mm-cerna-uv-stabil.webp\",\"width\":1000,\"height\":525},{\"@type\":\"BreadcrumbList\",\"@id\":\"https:\/\/www.technodompro.com\/index.php\/produkt\/almeva-starr-koleno-45deg-80mm-cerna-uv-stabil-cenovy-hit-24502\/#breadcrumb\",\"itemListElement\":[{\"@type\":\"ListItem\",\"position\":1,\"name\":\"Home\",\"item\":\"https:\/\/www.technodompro.com\/\"},{\"@type\":\"ListItem\",\"position\":2,\"name\":\"Products\",\"item\":\"https:\/\/www.technodompro.com\/index.php\/products\/\"},{\"@type\":\"ListItem\",\"position\":3,\"name\":\"ALMEVA STARR koleno 45\u00b0 80mm \u010dern\u00e1, UV stabil. Cenov\u00fd Hit\"}]},{\"@type\":\"WebSite\",\"@id\":\"https:\/\/www.technodompro.com\/#website\",\"url\":\"https:\/\/www.technodompro.com\/\",\"name\":\"\",\"description\":\"\",\"potentialAction\":[{\"@type\":\"SearchAction\",\"target\":{\"@type\":\"EntryPoint\",\"urlTemplate\":\"https:\/\/www.technodompro.com\/?s={search_term_string}\"},\"query-input\":{\"@type\":\"PropertyValueSpecification\",\"valueRequired\":true,\"valueName\":\"search_term_string\"}}],\"inLanguage\":\"cs\"}]}<\/script>\n<!-- \/ Yoast SEO plugin. -->","yoast_head_json":{"title":"ALMEVA STARR koleno 45\u00b0 80mm \u010dern\u00e1, UV stabil. Cenov\u00fd Hit -","robots":{"index":"index","follow":"follow","max-snippet":"max-snippet:-1","max-image-preview":"max-image-preview:large","max-video-preview":"max-video-preview:-1"},"canonical":"https:\/\/www.technodompro.com\/index.php\/produkt\/almeva-starr-koleno-45deg-80mm-cerna-uv-stabil-cenovy-hit-24502\/","og_locale":"cs_CZ","og_type":"article","og_title":"ALMEVA STARR koleno 45\u00b0 80mm \u010dern\u00e1, UV stabil. Cenov\u00fd Hit -","og_description":"STARR &#8211; PPH Plastov\u00fd syst\u00e9m odkou\u0159en\u00ed STARR je tvo\u0159en\u00fd pevn\u00fdmi trubkami, tvarovkami a p\u0159\u00edslu\u0161enstv\u00edm PPH. Syst\u00e9m STARR je nab\u00edzen v pr\u016fm\u011brech od 60 mm do 315 mm. Je u\u010den\u00fd zejm\u00e9na do interi\u00e9ru a pro vlo\u017ekov\u00e1n\u00ed rovn\u00fdch kom\u00ednov\u00fdch pr\u016fduch\u016f. Spojov\u00e1n\u00ed jednotliv\u00fdch prvk\u016f syst\u00e9mu STARR je hrdlov\u00fdmi spoji s trojb\u0159it\u00fdm EPDM t\u011bsn\u011bn\u00edm. Charakteristika dle \u010cSN EN 14471:T120 [&hellip;]","og_url":"https:\/\/www.technodompro.com\/index.php\/produkt\/almeva-starr-koleno-45deg-80mm-cerna-uv-stabil-cenovy-hit-24502\/","og_image":[{"width":1000,"height":525,"url":"https:\/\/www.technodompro.com\/wp-content\/uploads\/2026\/SK0011598-CZ20260425-093449-0-1777080895-almeva-starr-koleno-45-80mm-cerna-uv-stabil.webp","type":"image\/webp"}],"twitter_card":"summary_large_image","twitter_misc":{"Odhadovan\u00e1 doba \u010dten\u00ed":"1 minuta"},"schema":{"@context":"https:\/\/schema.org","@graph":[{"@type":"WebPage","@id":"https:\/\/www.technodompro.com\/index.php\/produkt\/almeva-starr-koleno-45deg-80mm-cerna-uv-stabil-cenovy-hit-24502\/","url":"https:\/\/www.technodompro.com\/index.php\/produkt\/almeva-starr-koleno-45deg-80mm-cerna-uv-stabil-cenovy-hit-24502\/","name":"ALMEVA STARR koleno 45\u00b0 80mm \u010dern\u00e1, UV stabil. Cenov\u00fd Hit -","isPartOf":{"@id":"https:\/\/www.technodompro.com\/#website"},"primaryImageOfPage":{"@id":"https:\/\/www.technodompro.com\/index.php\/produkt\/almeva-starr-koleno-45deg-80mm-cerna-uv-stabil-cenovy-hit-24502\/#primaryimage"},"image":{"@id":"https:\/\/www.technodompro.com\/index.php\/produkt\/almeva-starr-koleno-45deg-80mm-cerna-uv-stabil-cenovy-hit-24502\/#primaryimage"},"thumbnailUrl":"https:\/\/www.technodompro.com\/wp-content\/uploads\/2026\/SK0011598-CZ20260425-093449-0-1777080895-almeva-starr-koleno-45-80mm-cerna-uv-stabil.webp","datePublished":"2026-04-27T04:41:33+00:00","breadcrumb":{"@id":"https:\/\/www.technodompro.com\/index.php\/produkt\/almeva-starr-koleno-45deg-80mm-cerna-uv-stabil-cenovy-hit-24502\/#breadcrumb"},"inLanguage":"cs","potentialAction":[{"@type":"ReadAction","target":["https:\/\/www.technodompro.com\/index.php\/produkt\/almeva-starr-koleno-45deg-80mm-cerna-uv-stabil-cenovy-hit-24502\/"]}]},{"@type":"ImageObject","inLanguage":"cs","@id":"https:\/\/www.technodompro.com\/index.php\/produkt\/almeva-starr-koleno-45deg-80mm-cerna-uv-stabil-cenovy-hit-24502\/#primaryimage","url":"https:\/\/www.technodompro.com\/wp-content\/uploads\/2026\/SK0011598-CZ20260425-093449-0-1777080895-almeva-starr-koleno-45-80mm-cerna-uv-stabil.webp","contentUrl":"https:\/\/www.technodompro.com\/wp-content\/uploads\/2026\/SK0011598-CZ20260425-093449-0-1777080895-almeva-starr-koleno-45-80mm-cerna-uv-stabil.webp","width":1000,"height":525},{"@type":"BreadcrumbList","@id":"https:\/\/www.technodompro.com\/index.php\/produkt\/almeva-starr-koleno-45deg-80mm-cerna-uv-stabil-cenovy-hit-24502\/#breadcrumb","itemListElement":[{"@type":"ListItem","position":1,"name":"Home","item":"https:\/\/www.technodompro.com\/"},{"@type":"ListItem","position":2,"name":"Products","item":"https:\/\/www.technodompro.com\/index.php\/products\/"},{"@type":"ListItem","position":3,"name":"ALMEVA STARR koleno 45\u00b0 80mm \u010dern\u00e1, UV stabil. Cenov\u00fd Hit"}]},{"@type":"WebSite","@id":"https:\/\/www.technodompro.com\/#website","url":"https:\/\/www.technodompro.com\/","name":"","description":"","potentialAction":[{"@type":"SearchAction","target":{"@type":"EntryPoint","urlTemplate":"https:\/\/www.technodompro.com\/?s={search_term_string}"},"query-input":{"@type":"PropertyValueSpecification","valueRequired":true,"valueName":"search_term_string"}}],"inLanguage":"cs"}]}},"_links":{"self":[{"href":"https:\/\/www.technodompro.com\/index.php\/wp-json\/wp\/v2\/product\/24502","targetHints":{"allow":["GET"]}}],"collection":[{"href":"https:\/\/www.technodompro.com\/index.php\/wp-json\/wp\/v2\/product"}],"about":[{"href":"https:\/\/www.technodompro.com\/index.php\/wp-json\/wp\/v2\/types\/product"}],"replies":[{"embeddable":true,"href":"https:\/\/www.technodompro.com\/index.php\/wp-json\/wp\/v2\/comments?post=24502"}],"wp:featuredmedia":[{"embeddable":true,"href":"https:\/\/www.technodompro.com\/index.php\/wp-json\/wp\/v2\/media\/24602"}],"wp:attachment":[{"href":"https:\/\/www.technodompro.com\/index.php\/wp-json\/wp\/v2\/media?parent=24502"}],"wp:term":[{"taxonomy":"product_brand","embeddable":true,"href":"https:\/\/www.technodompro.com\/index.php\/wp-json\/wp\/v2\/product_brand?post=24502"},{"taxonomy":"product_cat","embeddable":true,"href":"https:\/\/www.technodompro.com\/index.php\/wp-json\/wp\/v2\/product_cat?post=24502"},{"taxonomy":"product_tag","embeddable":true,"href":"https:\/\/www.technodompro.com\/index.php\/wp-json\/wp\/v2\/product_tag?post=24502"}],"curies":[{"name":"wp","href":"https:\/\/api.w.org\/{rel}","templated":true}]}}