{"id":24570,"date":"2026-04-27T04:41:33","date_gmt":"2026-04-27T04:41:33","guid":{"rendered":""},"modified":"2026-04-27T04:41:33","modified_gmt":"2026-04-27T04:41:33","slug":"purmo-ramo-klasik-11-300-1600-originalni-24570","status":"publish","type":"product","link":"https:\/\/www.technodompro.com\/index.php\/produkt\/purmo-ramo-klasik-11-300-1600-originalni-24570\/","title":{"rendered":"Purmo RAMO Klasik 11-300\/1600 Origin\u00e1ln\u00ed"},"content":{"rendered":"<div id=\"e39374\" class=\"pages\">\n<div>\n<div id=\"PDDescription\" class=\"UserContentView userContent v1a v1 bs-view dcon dc164 PDDescription\" ><dc-con><dc-con><bs-empty><\/bs-empty><\/dc-con><dc-con>        <\/p>\n<div class=\"customDescription\">\n<p><strong>Obr\u00e1zek radi\u00e1toru je pouze ilustra\u010dn\u00ed, radi\u00e1tor je dod\u00e1v\u00e1n bez p\u0159ipojen\u00ed, armatury a termostatick\u00e9 hlavice!!<\/strong><\/p>\n<p><span style=\"color: #ff0000;\"><strong>Na radi\u00e1tory RAMO Klasik po\u017eadujeme nevratnou z\u00e1lohu 50%.<\/strong><\/span><\/p>\n<\/p><\/div>\n<p><\/dc-con><dc-con><\/p>\n<p><span style=\"color: #000000; font-weight: bold;\">Radi\u00e1tor RAMO Klasik 11-300\/1600 &#8211; PURMO<\/span><\/p>\n<p><span style=\"color: #ff0000;\"><span style=\"color: #ff0000;\">Rozte\u010d p\u0159ipojen\u00ed je: v\u00fd\u0161ka radi\u00e1toru m\u00ednus 50 mm<\/span>.<\/span><\/p>\n<p><span style=\"font-weight: bold;\">Typ\u00a0RAMO Klasik<\/span>\u00a0&#8211; jednodeskov\u00fd radi\u00e1tor s jedn\u00edm vnit\u0159n\u00edm konvektorem a s integrovan\u00fdm termostatick\u00fdm ventilem Heimeier a\u00a0bo\u010dn\u00edm p\u0159\u00edpojen\u00edm.<\/p>\n<p>Radi\u00e1tory PURMO RAMO Klasik lze p\u0159ipojit z prav\u00e9 nebo lev\u00e9 bo\u010dn\u00ed strany.<\/p>\n<p>Radi\u00e1tor je s hladkou \u010deln\u00ed plochou a designov\u00fdmi prolisy.<\/p>\n<p><a target=\"_blank\" href=\"http:\/\/www.purmo.com\/docs\/tecknicky_katalog.pdf\">Prospekt ke sta\u017een\u00ed zde<\/a><\/p>\n<p><\/dc-con><\/dc-con><\/div>\n<div id=\"PDDescription2\" class=\"UserContentView userContent v1a v1 bs-view dcon dc165 PDDescription2\" >\n<table border=\"0\" width=\"100%\" cellspacing=\"0\" cellpadding=\"0\">\n<tbody>\n<tr>\n<td valign=\"top\"><strong>Materi\u00e1l:<\/strong><\/td>\n<td valign=\"top\">ocelov\u00fd plech v\u00e1lcovan\u00fd za studena s n\u00edzk\u00fdm obsahem uhl\u00edku, kter\u00fd odpov\u00edd\u00e1 t\u0159\u00edd\u011b FePO1 dle EN 10130 a EN 10131<\/td>\n<\/tr>\n<tr>\n<td valign=\"top\"><strong>Tlou\u0161\u0165ka plechu:<\/strong><\/td>\n<td valign=\"top\">profilovan\u00e1 deska \u2013 1,25mm<br \/>p\u0159estupn\u00ed plocha \u2013 0,5mm<\/td>\n<\/tr>\n<tr>\n<td><strong>Osov\u00e1 vzd\u00e1lenost\u00a0<\/strong><br \/><strong>vertik\u00e1ln\u00edch kan\u00e1lk\u016f:<\/strong><\/td>\n<td valign=\"top\">33 1\/3 mm<\/td>\n<\/tr>\n<tr>\n<td><strong>V\u00fd\u0161ky radi\u00e1tor\u016f:<\/strong><\/td>\n<td valign=\"top\">300, 450, 500, 550,\u00a0600, 900 mm<\/td>\n<\/tr>\n<tr>\n<td valign=\"top\"><strong>D\u00e9lky radi\u00e1tor\u016f:<\/strong><\/td>\n<td valign=\"top\">400, 500, 600,\u00a0800,\u00a01000,\u00a01200, 1400, 1600, 1800, 2000, 2300, 2600, 3000 mm<\/td>\n<\/tr>\n<tr>\n<td valign=\"top\"><strong>Pracovn\u00ed p\u0159etlak:\u00a0<\/strong><\/td>\n<td valign=\"top\">10 bar<\/td>\n<\/tr>\n<tr>\n<td valign=\"top\"><strong>Zku\u0161ebn\u00ed p\u0159etlak:<\/strong><\/td>\n<td valign=\"top\">13 bar (p\u0159i v\u00fdrob\u011b)<br \/>12 bar (po instalaci)<\/td>\n<\/tr>\n<tr>\n<td><strong>Maxim\u00e1ln\u00ed teplota:<\/strong><\/td>\n<td valign=\"top\">110\u00b0C<\/td>\n<\/tr>\n<tr>\n<td valign=\"top\"><strong>Barevn\u00e9 proveden\u00ed:<\/strong><\/td>\n<td valign=\"top\">b\u00edl\u00e1 RAL 9016, na objedn\u00e1vku barevn\u00e9 proveden\u00ed dle vzorn\u00edku RAL<\/td>\n<\/tr>\n<tr>\n<td valign=\"top\"><strong>Z\u00e1kladov\u00e1 vrstva:<\/strong><\/td>\n<td valign=\"top\">KTL II &#8211; katafor\u00e9za druh\u00e9 generace<\/td>\n<\/tr>\n<tr>\n<td valign=\"top\"><strong>Povrchov\u00e1 vrstva:<\/strong><\/td>\n<td valign=\"top\">elektrostaticky nan\u00e1\u0161en\u00e1<\/td>\n<\/tr>\n<tr>\n<td valign=\"top\"><strong>P\u0159ipojen\u00ed:<\/strong><\/td>\n<td valign=\"top\">bo\u010dn\u00ed 4x G\u00bd\u201c<\/td>\n<\/tr>\n<tr>\n<td valign=\"top\"><strong>P\u0159\u00edslu\u0161enstv\u00ed dod\u00e1van\u00e9 s t\u011blesem:<\/strong><\/td>\n<td valign=\"top\">uchycovac\u00ed sada, odvzdu\u0161\u0148ovac\u00ed a zaslepovac\u00ed z\u00e1tka<\/td>\n<\/tr>\n<tr>\n<td valign=\"top\"><strong>V\u00fdroba:<\/strong><\/td>\n<td valign=\"top\">spl\u0148uje BS EN ISO 9001, certifik\u00e1ty FM 32533 a BS EN ISO 14001 certifik\u00e1t EMS 75685 kontrolovan\u00fd organizac\u00ed British Standards Institution<\/td>\n<\/tr>\n<tr>\n<td valign=\"top\"><strong>Prohl\u00e1\u0161en\u00ed o shod\u011b s normou:<\/strong><\/td>\n<td valign=\"top\">\u00a0PN-EN 442<\/td>\n<\/tr>\n<tr>\n<td valign=\"top\"><strong>Z\u00e1ruka:<\/strong><\/td>\n<td valign=\"top\">10\u00a0let<\/td>\n<\/tr>\n<\/tbody>\n<\/table>\n<p><span style=\"font-weight: bold;\">Pozn\u00e1mka:<\/span> v\u00fdkon radi\u00e1tor\u016f je ud\u00e1v\u00e1n p\u0159i teplotn\u00edm sp\u00e1du 90\/70\u00b0C<br \/><strong><span style=\"color: #c00000;\"><br \/><span style=\"color: #c00000;\"><span style=\"color: #c00000;\"><span style=\"color: #c00000; font-weight: bold;\">Z\u00e1ruka: 10 let na t\u011bsnost radi\u00e1toru a\u00a010\u00a0let na povrchovou \u00fapravu.<\/span><\/span><\/span><\/p>\n<p><\/span><\/strong><span style=\"color: #c00000;\"><span style=\"color: #c00000;\"><span style=\"color: #c00000;\"><strong>Radi\u00e1tor lze\u00a0objednat v\u00a0jin\u00e9\u00a0RAL barv\u011b\u00a0za\u00a0p\u0159\u00edplatek. Pro v\u00edce informac\u00ed n\u00e1s kontaktujte.<\/strong><\/span><\/span><\/span><\/p>\n<\/div><\/div>\n<div id=\"PDTable3\" class=\"ProductDetailTableView v3a v3 bs-view dcon dc185 PDTable3\" >\n<table>\n<thead><\/thead>\n<tbody>\n<tr class=\"attribute attr_Vyska\">\n<td class=\"caption\">V\u00fd\u0161ka v mm<\/td>\n<td class=\"value\">300<\/td>\n<\/tr>\n<tr class=\"attribute attr_Novy attr_atribut attr_delka attr_v attr_mm\">\n<td class=\"caption\">D\u00e9lka v mm<\/td>\n<td class=\"value\">1600<\/td>\n<\/tr>\n<tr class=\"attribute attr_pripojeniradiatoru\">\n<td class=\"caption\">P\u0159ipojen\u00ed radi\u00e1toru<\/td>\n<td class=\"value\">Klasik &#8211; bo\u010dn\u00ed p\u0159ipojen\u00ed<\/td>\n<\/tr>\n<tr class=\"attribute attr_pocetdesek\">\n<td class=\"caption\">Po\u010det desek s vodou<\/td>\n<td class=\"value\">1 &#8211; deska s vodou<\/td>\n<\/tr>\n<tr class=\"attribute attr_pocetlamel\">\n<td class=\"caption\">Po\u010det vnit\u0159n\u00edch lamel<\/td>\n<td class=\"value\">1 &#8211; lamela<\/td>\n<\/tr>\n<tr class=\"attribute attr_vyrobce\">\n<td class=\"caption\">V\u00fdrobce<\/td>\n<td class=\"value\">Purmo<\/td>\n<\/tr>\n<tr class=\"attribute attr_bsshop_e1_VPrBsVykonRad\">\n<td class=\"caption\">V\u00fdkon<\/td>\n<td class=\"value\">1075 W<\/td>\n<\/tr>\n<tr class=\"weight\">\n<td class=\"caption\"><span>Hmotnost<\/span><\/td>\n<td class=\"value\"><span>18,75 kg<\/span><\/td>\n<\/tr>\n<\/tbody>\n<\/table>\n<\/div>\n<div id=\"PdProductGpsr\" class=\"ProductGpsrView v1a v1 bs-view dcon dc217 PdProductGpsr\" >\n<div class=\"subject\"><dc-root class=\"dcon dc219\"><span class=\"title\">Zodpov\u011bdn&#253; subjekt:<\/span><dc-con><dc-con><span class=\"company\">Purmo Group Poland Sp. z o.o.<\/span><span class=\"name\">Purmo<\/span><\/dc-con><dc-con><span class=\"street\">ul. Pu\u0142awska 491<\/span><span class=\"city\">Warszawa<\/span><span class=\"zip\">02 844<\/span><span class=\"country\">Polsko<\/span><\/dc-con><bs-empty><\/bs-empty><span class=\"phone\">+48 22 544 10 00<\/span><bs-empty><\/bs-empty><a href=\"https:\/\/global.purmo.com\/en\" class=\"link\" target=\"_blank\">https:\/\/global.purmo.com\/en<\/a><\/dc-con><bs-empty><\/bs-empty><\/dc-root><\/div>\n<p><bs-empty><\/bs-empty><\/div>\n<\/div>\n<div id=\"e39375\" class=\"tabs\">\n","protected":false},"excerpt":{"rendered":"<p>Obr\u00e1zek radi\u00e1toru je pouze ilustra\u010dn\u00ed, radi\u00e1tor je dod\u00e1v\u00e1n bez p\u0159ipojen\u00ed, armatury a termostatick\u00e9 hlavice!! Na radi\u00e1tory RAMO Klasik po\u017eadujeme nevratnou z\u00e1lohu 50%. Radi\u00e1tor RAMO Klasik 11-300\/1600 &#8211; PURMO Rozte\u010d p\u0159ipojen\u00ed je: v\u00fd\u0161ka radi\u00e1toru m\u00ednus 50 mm. Typ\u00a0RAMO Klasik\u00a0&#8211; jednodeskov\u00fd radi\u00e1tor s jedn\u00edm vnit\u0159n\u00edm konvektorem a s integrovan\u00fdm termostatick\u00fdm ventilem Heimeier a\u00a0bo\u010dn\u00edm p\u0159\u00edpojen\u00edm. Radi\u00e1tory PURMO RAMO [&hellip;]<\/p>\n","protected":false},"featured_media":24670,"comment_status":"open","ping_status":"open","template":"","meta":[],"product_brand":[],"product_cat":[79],"product_tag":[],"class_list":{"0":"post-24570","1":"product","2":"type-product","3":"status-publish","4":"has-post-thumbnail","6":"product_cat-radi-225-tory","8":"first","9":"instock","10":"sale","11":"shipping-taxable","12":"purchasable","13":"product-type-simple"},"yoast_head":"<!-- This site is optimized with the Yoast SEO plugin v26.8 - https:\/\/yoast.com\/product\/yoast-seo-wordpress\/ -->\n<title>Purmo RAMO Klasik 11-300\/1600 Origin\u00e1ln\u00ed -<\/title>\n<meta name=\"robots\" content=\"index, follow, max-snippet:-1, max-image-preview:large, max-video-preview:-1\" \/>\n<link rel=\"canonical\" href=\"https:\/\/www.technodompro.com\/index.php\/produkt\/purmo-ramo-klasik-11-300-1600-originalni-24570\/\" \/>\n<meta property=\"og:locale\" content=\"cs_CZ\" \/>\n<meta property=\"og:type\" content=\"article\" \/>\n<meta property=\"og:title\" content=\"Purmo RAMO Klasik 11-300\/1600 Origin\u00e1ln\u00ed -\" \/>\n<meta property=\"og:description\" content=\"Obr\u00e1zek radi\u00e1toru je pouze ilustra\u010dn\u00ed, radi\u00e1tor je dod\u00e1v\u00e1n bez p\u0159ipojen\u00ed, armatury a termostatick\u00e9 hlavice!! Na radi\u00e1tory RAMO Klasik po\u017eadujeme nevratnou z\u00e1lohu 50%. Radi\u00e1tor RAMO Klasik 11-300\/1600 &#8211; PURMO Rozte\u010d p\u0159ipojen\u00ed je: v\u00fd\u0161ka radi\u00e1toru m\u00ednus 50 mm. Typ\u00a0RAMO Klasik\u00a0&#8211; jednodeskov\u00fd radi\u00e1tor s jedn\u00edm vnit\u0159n\u00edm konvektorem a s integrovan\u00fdm termostatick\u00fdm ventilem Heimeier a\u00a0bo\u010dn\u00edm p\u0159\u00edpojen\u00edm. Radi\u00e1tory PURMO RAMO [&hellip;]\" \/>\n<meta property=\"og:url\" content=\"https:\/\/www.technodompro.com\/index.php\/produkt\/purmo-ramo-klasik-11-300-1600-originalni-24570\/\" \/>\n<meta property=\"og:image\" content=\"https:\/\/www.technodompro.com\/wp-content\/uploads\/2026\/SK0011666-CZ20260425-093449-0-1777080895-purmo-ramo-klasik-11-300-1600.webp\" \/>\n\t<meta property=\"og:image:width\" content=\"1000\" \/>\n\t<meta property=\"og:image:height\" content=\"525\" \/>\n\t<meta property=\"og:image:type\" content=\"image\/webp\" \/>\n<meta name=\"twitter:card\" content=\"summary_large_image\" \/>\n<meta name=\"twitter:label1\" content=\"Odhadovan\u00e1 doba \u010dten\u00ed\" \/>\n\t<meta name=\"twitter:data1\" content=\"2 minuty\" \/>\n<script type=\"application\/ld+json\" class=\"yoast-schema-graph\">{\"@context\":\"https:\/\/schema.org\",\"@graph\":[{\"@type\":\"WebPage\",\"@id\":\"https:\/\/www.technodompro.com\/index.php\/produkt\/purmo-ramo-klasik-11-300-1600-originalni-24570\/\",\"url\":\"https:\/\/www.technodompro.com\/index.php\/produkt\/purmo-ramo-klasik-11-300-1600-originalni-24570\/\",\"name\":\"Purmo RAMO Klasik 11-300\/1600 Origin\u00e1ln\u00ed -\",\"isPartOf\":{\"@id\":\"https:\/\/www.technodompro.com\/#website\"},\"primaryImageOfPage\":{\"@id\":\"https:\/\/www.technodompro.com\/index.php\/produkt\/purmo-ramo-klasik-11-300-1600-originalni-24570\/#primaryimage\"},\"image\":{\"@id\":\"https:\/\/www.technodompro.com\/index.php\/produkt\/purmo-ramo-klasik-11-300-1600-originalni-24570\/#primaryimage\"},\"thumbnailUrl\":\"https:\/\/www.technodompro.com\/wp-content\/uploads\/2026\/SK0011666-CZ20260425-093449-0-1777080895-purmo-ramo-klasik-11-300-1600.webp\",\"datePublished\":\"2026-04-27T04:41:33+00:00\",\"breadcrumb\":{\"@id\":\"https:\/\/www.technodompro.com\/index.php\/produkt\/purmo-ramo-klasik-11-300-1600-originalni-24570\/#breadcrumb\"},\"inLanguage\":\"cs\",\"potentialAction\":[{\"@type\":\"ReadAction\",\"target\":[\"https:\/\/www.technodompro.com\/index.php\/produkt\/purmo-ramo-klasik-11-300-1600-originalni-24570\/\"]}]},{\"@type\":\"ImageObject\",\"inLanguage\":\"cs\",\"@id\":\"https:\/\/www.technodompro.com\/index.php\/produkt\/purmo-ramo-klasik-11-300-1600-originalni-24570\/#primaryimage\",\"url\":\"https:\/\/www.technodompro.com\/wp-content\/uploads\/2026\/SK0011666-CZ20260425-093449-0-1777080895-purmo-ramo-klasik-11-300-1600.webp\",\"contentUrl\":\"https:\/\/www.technodompro.com\/wp-content\/uploads\/2026\/SK0011666-CZ20260425-093449-0-1777080895-purmo-ramo-klasik-11-300-1600.webp\",\"width\":1000,\"height\":525},{\"@type\":\"BreadcrumbList\",\"@id\":\"https:\/\/www.technodompro.com\/index.php\/produkt\/purmo-ramo-klasik-11-300-1600-originalni-24570\/#breadcrumb\",\"itemListElement\":[{\"@type\":\"ListItem\",\"position\":1,\"name\":\"Home\",\"item\":\"https:\/\/www.technodompro.com\/\"},{\"@type\":\"ListItem\",\"position\":2,\"name\":\"Products\",\"item\":\"https:\/\/www.technodompro.com\/index.php\/products\/\"},{\"@type\":\"ListItem\",\"position\":3,\"name\":\"Purmo RAMO Klasik 11-300\/1600 Origin\u00e1ln\u00ed\"}]},{\"@type\":\"WebSite\",\"@id\":\"https:\/\/www.technodompro.com\/#website\",\"url\":\"https:\/\/www.technodompro.com\/\",\"name\":\"\",\"description\":\"\",\"potentialAction\":[{\"@type\":\"SearchAction\",\"target\":{\"@type\":\"EntryPoint\",\"urlTemplate\":\"https:\/\/www.technodompro.com\/?s={search_term_string}\"},\"query-input\":{\"@type\":\"PropertyValueSpecification\",\"valueRequired\":true,\"valueName\":\"search_term_string\"}}],\"inLanguage\":\"cs\"}]}<\/script>\n<!-- \/ Yoast SEO plugin. -->","yoast_head_json":{"title":"Purmo RAMO Klasik 11-300\/1600 Origin\u00e1ln\u00ed -","robots":{"index":"index","follow":"follow","max-snippet":"max-snippet:-1","max-image-preview":"max-image-preview:large","max-video-preview":"max-video-preview:-1"},"canonical":"https:\/\/www.technodompro.com\/index.php\/produkt\/purmo-ramo-klasik-11-300-1600-originalni-24570\/","og_locale":"cs_CZ","og_type":"article","og_title":"Purmo RAMO Klasik 11-300\/1600 Origin\u00e1ln\u00ed -","og_description":"Obr\u00e1zek radi\u00e1toru je pouze ilustra\u010dn\u00ed, radi\u00e1tor je dod\u00e1v\u00e1n bez p\u0159ipojen\u00ed, armatury a termostatick\u00e9 hlavice!! Na radi\u00e1tory RAMO Klasik po\u017eadujeme nevratnou z\u00e1lohu 50%. Radi\u00e1tor RAMO Klasik 11-300\/1600 &#8211; PURMO Rozte\u010d p\u0159ipojen\u00ed je: v\u00fd\u0161ka radi\u00e1toru m\u00ednus 50 mm. Typ\u00a0RAMO Klasik\u00a0&#8211; jednodeskov\u00fd radi\u00e1tor s jedn\u00edm vnit\u0159n\u00edm konvektorem a s integrovan\u00fdm termostatick\u00fdm ventilem Heimeier a\u00a0bo\u010dn\u00edm p\u0159\u00edpojen\u00edm. Radi\u00e1tory PURMO RAMO [&hellip;]","og_url":"https:\/\/www.technodompro.com\/index.php\/produkt\/purmo-ramo-klasik-11-300-1600-originalni-24570\/","og_image":[{"width":1000,"height":525,"url":"https:\/\/www.technodompro.com\/wp-content\/uploads\/2026\/SK0011666-CZ20260425-093449-0-1777080895-purmo-ramo-klasik-11-300-1600.webp","type":"image\/webp"}],"twitter_card":"summary_large_image","twitter_misc":{"Odhadovan\u00e1 doba \u010dten\u00ed":"2 minuty"},"schema":{"@context":"https:\/\/schema.org","@graph":[{"@type":"WebPage","@id":"https:\/\/www.technodompro.com\/index.php\/produkt\/purmo-ramo-klasik-11-300-1600-originalni-24570\/","url":"https:\/\/www.technodompro.com\/index.php\/produkt\/purmo-ramo-klasik-11-300-1600-originalni-24570\/","name":"Purmo RAMO Klasik 11-300\/1600 Origin\u00e1ln\u00ed -","isPartOf":{"@id":"https:\/\/www.technodompro.com\/#website"},"primaryImageOfPage":{"@id":"https:\/\/www.technodompro.com\/index.php\/produkt\/purmo-ramo-klasik-11-300-1600-originalni-24570\/#primaryimage"},"image":{"@id":"https:\/\/www.technodompro.com\/index.php\/produkt\/purmo-ramo-klasik-11-300-1600-originalni-24570\/#primaryimage"},"thumbnailUrl":"https:\/\/www.technodompro.com\/wp-content\/uploads\/2026\/SK0011666-CZ20260425-093449-0-1777080895-purmo-ramo-klasik-11-300-1600.webp","datePublished":"2026-04-27T04:41:33+00:00","breadcrumb":{"@id":"https:\/\/www.technodompro.com\/index.php\/produkt\/purmo-ramo-klasik-11-300-1600-originalni-24570\/#breadcrumb"},"inLanguage":"cs","potentialAction":[{"@type":"ReadAction","target":["https:\/\/www.technodompro.com\/index.php\/produkt\/purmo-ramo-klasik-11-300-1600-originalni-24570\/"]}]},{"@type":"ImageObject","inLanguage":"cs","@id":"https:\/\/www.technodompro.com\/index.php\/produkt\/purmo-ramo-klasik-11-300-1600-originalni-24570\/#primaryimage","url":"https:\/\/www.technodompro.com\/wp-content\/uploads\/2026\/SK0011666-CZ20260425-093449-0-1777080895-purmo-ramo-klasik-11-300-1600.webp","contentUrl":"https:\/\/www.technodompro.com\/wp-content\/uploads\/2026\/SK0011666-CZ20260425-093449-0-1777080895-purmo-ramo-klasik-11-300-1600.webp","width":1000,"height":525},{"@type":"BreadcrumbList","@id":"https:\/\/www.technodompro.com\/index.php\/produkt\/purmo-ramo-klasik-11-300-1600-originalni-24570\/#breadcrumb","itemListElement":[{"@type":"ListItem","position":1,"name":"Home","item":"https:\/\/www.technodompro.com\/"},{"@type":"ListItem","position":2,"name":"Products","item":"https:\/\/www.technodompro.com\/index.php\/products\/"},{"@type":"ListItem","position":3,"name":"Purmo RAMO Klasik 11-300\/1600 Origin\u00e1ln\u00ed"}]},{"@type":"WebSite","@id":"https:\/\/www.technodompro.com\/#website","url":"https:\/\/www.technodompro.com\/","name":"","description":"","potentialAction":[{"@type":"SearchAction","target":{"@type":"EntryPoint","urlTemplate":"https:\/\/www.technodompro.com\/?s={search_term_string}"},"query-input":{"@type":"PropertyValueSpecification","valueRequired":true,"valueName":"search_term_string"}}],"inLanguage":"cs"}]}},"_links":{"self":[{"href":"https:\/\/www.technodompro.com\/index.php\/wp-json\/wp\/v2\/product\/24570","targetHints":{"allow":["GET"]}}],"collection":[{"href":"https:\/\/www.technodompro.com\/index.php\/wp-json\/wp\/v2\/product"}],"about":[{"href":"https:\/\/www.technodompro.com\/index.php\/wp-json\/wp\/v2\/types\/product"}],"replies":[{"embeddable":true,"href":"https:\/\/www.technodompro.com\/index.php\/wp-json\/wp\/v2\/comments?post=24570"}],"wp:featuredmedia":[{"embeddable":true,"href":"https:\/\/www.technodompro.com\/index.php\/wp-json\/wp\/v2\/media\/24670"}],"wp:attachment":[{"href":"https:\/\/www.technodompro.com\/index.php\/wp-json\/wp\/v2\/media?parent=24570"}],"wp:term":[{"taxonomy":"product_brand","embeddable":true,"href":"https:\/\/www.technodompro.com\/index.php\/wp-json\/wp\/v2\/product_brand?post=24570"},{"taxonomy":"product_cat","embeddable":true,"href":"https:\/\/www.technodompro.com\/index.php\/wp-json\/wp\/v2\/product_cat?post=24570"},{"taxonomy":"product_tag","embeddable":true,"href":"https:\/\/www.technodompro.com\/index.php\/wp-json\/wp\/v2\/product_tag?post=24570"}],"curies":[{"name":"wp","href":"https:\/\/api.w.org\/{rel}","templated":true}]}}