{"id":2491,"date":"2026-04-27T04:40:40","date_gmt":"2026-04-27T04:40:40","guid":{"rendered":""},"modified":"2026-04-27T04:40:40","modified_gmt":"2026-04-27T04:40:40","slug":"nejlepsi-volba-bradas-saci-tlakova-hadice-set-bradas-aquatic-plus-7-m-2491","status":"publish","type":"product","link":"https:\/\/www.technodompro.com\/index.php\/produkt\/nejlepsi-volba-bradas-saci-tlakova-hadice-set-bradas-aquatic-plus-7-m-2491\/","title":{"rendered":"Nejlep\u0161\u00ed Volba Bradas Sac\u00ed tlakov\u00e1 hadice &#8211; set Bradas AQUATIC PLUS 7 m"},"content":{"rendered":"<div class=\"detail-description__right\">\t\t\t\t<\/div>\n<div class=\"detail-description__top\">\t\t\t\t<\/div>\n<div class=\"detail-description__left\">\n<div class=\"detail-description__left__overflow\">\n<div class=\"detail-description__left__head\">\t\t\t\t\t\tPopis:\t\t\t\t\t<\/div>\n<div class=\"ul-style ul-style--check\">\n<p><strong>Sac\u00ed souprava Bradas AQUATIC PLUS 7\u00a0m\u00a0\u2013 \u010dern\u00e1<\/strong><\/p>\n<p>Sac\u00ed a tlakov\u00e1 souprava vhodn\u00e1 pro \u010derp\u00e1n\u00ed vody ze studn\u00ed, n\u00e1dr\u017e\u00ed,rybn\u00edk\u016f \u010di potok\u016f. Lze p\u0159ipojit k\u00a0\u010derpadl\u016fm nebo na dom\u00e1c\u00ed vod\u00e1rnus\u00a0vnit\u0159n\u00edm a vn\u011bj\u0161\u00edm z\u00e1vitem 1&#8243; a vnit\u0159n\u00edm z\u00e1vitem 5\/4&#8243;. Sou\u010d\u00e1st\u00edje i\u00a0spir\u00e1lov\u00e1 hadice z\u00a0PVC s\u00a0filtrem a sac\u00edm ko\u0161em se zp\u011btn\u00fdmventilem.<\/p>\n<p>\u2013 fotografie je pouze ilustra\u010dn\u00ed<\/p>\n<p><strong>Vlastnosti a parametry:\u00a0<\/strong><\/p>\n<ul class=\"plusminus\">\n<li><i class=\"fas fa-check\"><\/i><span>Materi\u00e1l:\u00a0 PVC<\/span><\/li>\n<li><i class=\"fas fa-check\"><\/i><span>Vn\u011bj\u0161\u00ed pr\u016fm\u011br: 26\u00a0mm<\/span><\/li>\n<li><i class=\"fas fa-check\"><\/i><span>Vnit\u0159n\u00ed pr\u016fm\u011br: 22\u00a0mm<\/span><\/li>\n<li><i class=\"fas fa-check\"><\/i><span>D\u00e9lka: 7\u00a0m<\/span><\/li>\n<li><i class=\"fas fa-check\"><\/i><span>Tlou\u0161\u0165ka st\u011bny: 2\u00a0mm<\/span><\/li>\n<li><i class=\"fas fa-check\"><\/i><span>Provozn\u00ed teplota:\u00a0\u201310 \/ + 60\u00a0\u00b0C<\/span><\/li>\n<\/ul>\n<\/div>\n<div class=\"detail-description__left__more\">\t\t\t\t\t\t<span> <\/span><span> <\/span>\t\t\t\t\t<\/div>\n<\/p><\/div>\n<\/p><\/div>\n<div class=\"detail-description__more\"><span> <\/span><span> <\/span><\/div>\n<\/p><\/div>\n<\/p><\/div>\n","protected":false},"excerpt":{"rendered":"<p>Popis: Sac\u00ed souprava Bradas AQUATIC PLUS 7\u00a0m\u00a0\u2013 \u010dern\u00e1 Sac\u00ed a tlakov\u00e1 souprava vhodn\u00e1 pro \u010derp\u00e1n\u00ed vody ze studn\u00ed, n\u00e1dr\u017e\u00ed,rybn\u00edk\u016f \u010di potok\u016f. Lze p\u0159ipojit k\u00a0\u010derpadl\u016fm nebo na dom\u00e1c\u00ed vod\u00e1rnus\u00a0vnit\u0159n\u00edm a vn\u011bj\u0161\u00edm z\u00e1vitem 1&#8243; a vnit\u0159n\u00edm z\u00e1vitem 5\/4&#8243;. Sou\u010d\u00e1st\u00edje i\u00a0spir\u00e1lov\u00e1 hadice z\u00a0PVC s\u00a0filtrem a sac\u00edm ko\u0161em se zp\u011btn\u00fdmventilem. \u2013 fotografie je pouze ilustra\u010dn\u00ed Vlastnosti a parametry:\u00a0 Materi\u00e1l:\u00a0 [&hellip;]<\/p>\n","protected":false},"featured_media":2591,"comment_status":"open","ping_status":"open","template":"","meta":[],"product_brand":[],"product_cat":[36],"product_tag":[],"class_list":{"0":"post-2491","1":"product","2":"type-product","3":"status-publish","4":"has-post-thumbnail","6":"product_cat-zahrada","8":"first","9":"instock","10":"sale","11":"shipping-taxable","12":"purchasable","13":"product-type-simple"},"yoast_head":"<!-- This site is optimized with the Yoast SEO plugin v26.8 - https:\/\/yoast.com\/product\/yoast-seo-wordpress\/ -->\n<title>Nejlep\u0161\u00ed Volba Bradas Sac\u00ed tlakov\u00e1 hadice - set Bradas AQUATIC PLUS 7 m -<\/title>\n<meta name=\"robots\" content=\"index, follow, max-snippet:-1, max-image-preview:large, max-video-preview:-1\" \/>\n<link rel=\"canonical\" href=\"https:\/\/www.technodompro.com\/index.php\/produkt\/nejlepsi-volba-bradas-saci-tlakova-hadice-set-bradas-aquatic-plus-7-m-2491\/\" \/>\n<meta property=\"og:locale\" content=\"cs_CZ\" \/>\n<meta property=\"og:type\" content=\"article\" \/>\n<meta property=\"og:title\" content=\"Nejlep\u0161\u00ed Volba Bradas Sac\u00ed tlakov\u00e1 hadice - set Bradas AQUATIC PLUS 7 m -\" \/>\n<meta property=\"og:description\" content=\"Popis: Sac\u00ed souprava Bradas AQUATIC PLUS 7\u00a0m\u00a0\u2013 \u010dern\u00e1 Sac\u00ed a tlakov\u00e1 souprava vhodn\u00e1 pro \u010derp\u00e1n\u00ed vody ze studn\u00ed, n\u00e1dr\u017e\u00ed,rybn\u00edk\u016f \u010di potok\u016f. Lze p\u0159ipojit k\u00a0\u010derpadl\u016fm nebo na dom\u00e1c\u00ed vod\u00e1rnus\u00a0vnit\u0159n\u00edm a vn\u011bj\u0161\u00edm z\u00e1vitem 1&#8243; a vnit\u0159n\u00edm z\u00e1vitem 5\/4&#8243;. Sou\u010d\u00e1st\u00edje i\u00a0spir\u00e1lov\u00e1 hadice z\u00a0PVC s\u00a0filtrem a sac\u00edm ko\u0161em se zp\u011btn\u00fdmventilem. \u2013 fotografie je pouze ilustra\u010dn\u00ed Vlastnosti a parametry:\u00a0 Materi\u00e1l:\u00a0 [&hellip;]\" \/>\n<meta property=\"og:url\" content=\"https:\/\/www.technodompro.com\/index.php\/produkt\/nejlepsi-volba-bradas-saci-tlakova-hadice-set-bradas-aquatic-plus-7-m-2491\/\" \/>\n<meta property=\"og:image\" content=\"https:\/\/www.technodompro.com\/wp-content\/uploads\/2026\/SK0017773-CZ20260425-091936-0-1777079982-bradas-saci-tlakova-hadice-set-bradas-aquatic-plus-7-m-w120.webp\" \/>\n\t<meta property=\"og:image:width\" content=\"1000\" \/>\n\t<meta property=\"og:image:height\" content=\"523\" \/>\n\t<meta property=\"og:image:type\" content=\"image\/webp\" \/>\n<meta name=\"twitter:card\" content=\"summary_large_image\" \/>\n<meta name=\"twitter:label1\" content=\"Odhadovan\u00e1 doba \u010dten\u00ed\" \/>\n\t<meta name=\"twitter:data1\" content=\"1 minuta\" \/>\n<script type=\"application\/ld+json\" class=\"yoast-schema-graph\">{\"@context\":\"https:\/\/schema.org\",\"@graph\":[{\"@type\":\"WebPage\",\"@id\":\"https:\/\/www.technodompro.com\/index.php\/produkt\/nejlepsi-volba-bradas-saci-tlakova-hadice-set-bradas-aquatic-plus-7-m-2491\/\",\"url\":\"https:\/\/www.technodompro.com\/index.php\/produkt\/nejlepsi-volba-bradas-saci-tlakova-hadice-set-bradas-aquatic-plus-7-m-2491\/\",\"name\":\"Nejlep\u0161\u00ed Volba Bradas Sac\u00ed tlakov\u00e1 hadice - set Bradas AQUATIC PLUS 7 m -\",\"isPartOf\":{\"@id\":\"https:\/\/www.technodompro.com\/#website\"},\"primaryImageOfPage\":{\"@id\":\"https:\/\/www.technodompro.com\/index.php\/produkt\/nejlepsi-volba-bradas-saci-tlakova-hadice-set-bradas-aquatic-plus-7-m-2491\/#primaryimage\"},\"image\":{\"@id\":\"https:\/\/www.technodompro.com\/index.php\/produkt\/nejlepsi-volba-bradas-saci-tlakova-hadice-set-bradas-aquatic-plus-7-m-2491\/#primaryimage\"},\"thumbnailUrl\":\"https:\/\/www.technodompro.com\/wp-content\/uploads\/2026\/SK0017773-CZ20260425-091936-0-1777079982-bradas-saci-tlakova-hadice-set-bradas-aquatic-plus-7-m-w120.webp\",\"datePublished\":\"2026-04-27T04:40:40+00:00\",\"breadcrumb\":{\"@id\":\"https:\/\/www.technodompro.com\/index.php\/produkt\/nejlepsi-volba-bradas-saci-tlakova-hadice-set-bradas-aquatic-plus-7-m-2491\/#breadcrumb\"},\"inLanguage\":\"cs\",\"potentialAction\":[{\"@type\":\"ReadAction\",\"target\":[\"https:\/\/www.technodompro.com\/index.php\/produkt\/nejlepsi-volba-bradas-saci-tlakova-hadice-set-bradas-aquatic-plus-7-m-2491\/\"]}]},{\"@type\":\"ImageObject\",\"inLanguage\":\"cs\",\"@id\":\"https:\/\/www.technodompro.com\/index.php\/produkt\/nejlepsi-volba-bradas-saci-tlakova-hadice-set-bradas-aquatic-plus-7-m-2491\/#primaryimage\",\"url\":\"https:\/\/www.technodompro.com\/wp-content\/uploads\/2026\/SK0017773-CZ20260425-091936-0-1777079982-bradas-saci-tlakova-hadice-set-bradas-aquatic-plus-7-m-w120.webp\",\"contentUrl\":\"https:\/\/www.technodompro.com\/wp-content\/uploads\/2026\/SK0017773-CZ20260425-091936-0-1777079982-bradas-saci-tlakova-hadice-set-bradas-aquatic-plus-7-m-w120.webp\",\"width\":1000,\"height\":523},{\"@type\":\"BreadcrumbList\",\"@id\":\"https:\/\/www.technodompro.com\/index.php\/produkt\/nejlepsi-volba-bradas-saci-tlakova-hadice-set-bradas-aquatic-plus-7-m-2491\/#breadcrumb\",\"itemListElement\":[{\"@type\":\"ListItem\",\"position\":1,\"name\":\"Home\",\"item\":\"https:\/\/www.technodompro.com\/\"},{\"@type\":\"ListItem\",\"position\":2,\"name\":\"Products\",\"item\":\"https:\/\/www.technodompro.com\/index.php\/products\/\"},{\"@type\":\"ListItem\",\"position\":3,\"name\":\"Nejlep\u0161\u00ed Volba Bradas Sac\u00ed tlakov\u00e1 hadice &#8211; set Bradas AQUATIC PLUS 7 m\"}]},{\"@type\":\"WebSite\",\"@id\":\"https:\/\/www.technodompro.com\/#website\",\"url\":\"https:\/\/www.technodompro.com\/\",\"name\":\"\",\"description\":\"\",\"potentialAction\":[{\"@type\":\"SearchAction\",\"target\":{\"@type\":\"EntryPoint\",\"urlTemplate\":\"https:\/\/www.technodompro.com\/?s={search_term_string}\"},\"query-input\":{\"@type\":\"PropertyValueSpecification\",\"valueRequired\":true,\"valueName\":\"search_term_string\"}}],\"inLanguage\":\"cs\"}]}<\/script>\n<!-- \/ Yoast SEO plugin. -->","yoast_head_json":{"title":"Nejlep\u0161\u00ed Volba Bradas Sac\u00ed tlakov\u00e1 hadice - set Bradas AQUATIC PLUS 7 m -","robots":{"index":"index","follow":"follow","max-snippet":"max-snippet:-1","max-image-preview":"max-image-preview:large","max-video-preview":"max-video-preview:-1"},"canonical":"https:\/\/www.technodompro.com\/index.php\/produkt\/nejlepsi-volba-bradas-saci-tlakova-hadice-set-bradas-aquatic-plus-7-m-2491\/","og_locale":"cs_CZ","og_type":"article","og_title":"Nejlep\u0161\u00ed Volba Bradas Sac\u00ed tlakov\u00e1 hadice - set Bradas AQUATIC PLUS 7 m -","og_description":"Popis: Sac\u00ed souprava Bradas AQUATIC PLUS 7\u00a0m\u00a0\u2013 \u010dern\u00e1 Sac\u00ed a tlakov\u00e1 souprava vhodn\u00e1 pro \u010derp\u00e1n\u00ed vody ze studn\u00ed, n\u00e1dr\u017e\u00ed,rybn\u00edk\u016f \u010di potok\u016f. Lze p\u0159ipojit k\u00a0\u010derpadl\u016fm nebo na dom\u00e1c\u00ed vod\u00e1rnus\u00a0vnit\u0159n\u00edm a vn\u011bj\u0161\u00edm z\u00e1vitem 1&#8243; a vnit\u0159n\u00edm z\u00e1vitem 5\/4&#8243;. Sou\u010d\u00e1st\u00edje i\u00a0spir\u00e1lov\u00e1 hadice z\u00a0PVC s\u00a0filtrem a sac\u00edm ko\u0161em se zp\u011btn\u00fdmventilem. \u2013 fotografie je pouze ilustra\u010dn\u00ed Vlastnosti a parametry:\u00a0 Materi\u00e1l:\u00a0 [&hellip;]","og_url":"https:\/\/www.technodompro.com\/index.php\/produkt\/nejlepsi-volba-bradas-saci-tlakova-hadice-set-bradas-aquatic-plus-7-m-2491\/","og_image":[{"width":1000,"height":523,"url":"https:\/\/www.technodompro.com\/wp-content\/uploads\/2026\/SK0017773-CZ20260425-091936-0-1777079982-bradas-saci-tlakova-hadice-set-bradas-aquatic-plus-7-m-w120.webp","type":"image\/webp"}],"twitter_card":"summary_large_image","twitter_misc":{"Odhadovan\u00e1 doba \u010dten\u00ed":"1 minuta"},"schema":{"@context":"https:\/\/schema.org","@graph":[{"@type":"WebPage","@id":"https:\/\/www.technodompro.com\/index.php\/produkt\/nejlepsi-volba-bradas-saci-tlakova-hadice-set-bradas-aquatic-plus-7-m-2491\/","url":"https:\/\/www.technodompro.com\/index.php\/produkt\/nejlepsi-volba-bradas-saci-tlakova-hadice-set-bradas-aquatic-plus-7-m-2491\/","name":"Nejlep\u0161\u00ed Volba Bradas Sac\u00ed tlakov\u00e1 hadice - set Bradas AQUATIC PLUS 7 m -","isPartOf":{"@id":"https:\/\/www.technodompro.com\/#website"},"primaryImageOfPage":{"@id":"https:\/\/www.technodompro.com\/index.php\/produkt\/nejlepsi-volba-bradas-saci-tlakova-hadice-set-bradas-aquatic-plus-7-m-2491\/#primaryimage"},"image":{"@id":"https:\/\/www.technodompro.com\/index.php\/produkt\/nejlepsi-volba-bradas-saci-tlakova-hadice-set-bradas-aquatic-plus-7-m-2491\/#primaryimage"},"thumbnailUrl":"https:\/\/www.technodompro.com\/wp-content\/uploads\/2026\/SK0017773-CZ20260425-091936-0-1777079982-bradas-saci-tlakova-hadice-set-bradas-aquatic-plus-7-m-w120.webp","datePublished":"2026-04-27T04:40:40+00:00","breadcrumb":{"@id":"https:\/\/www.technodompro.com\/index.php\/produkt\/nejlepsi-volba-bradas-saci-tlakova-hadice-set-bradas-aquatic-plus-7-m-2491\/#breadcrumb"},"inLanguage":"cs","potentialAction":[{"@type":"ReadAction","target":["https:\/\/www.technodompro.com\/index.php\/produkt\/nejlepsi-volba-bradas-saci-tlakova-hadice-set-bradas-aquatic-plus-7-m-2491\/"]}]},{"@type":"ImageObject","inLanguage":"cs","@id":"https:\/\/www.technodompro.com\/index.php\/produkt\/nejlepsi-volba-bradas-saci-tlakova-hadice-set-bradas-aquatic-plus-7-m-2491\/#primaryimage","url":"https:\/\/www.technodompro.com\/wp-content\/uploads\/2026\/SK0017773-CZ20260425-091936-0-1777079982-bradas-saci-tlakova-hadice-set-bradas-aquatic-plus-7-m-w120.webp","contentUrl":"https:\/\/www.technodompro.com\/wp-content\/uploads\/2026\/SK0017773-CZ20260425-091936-0-1777079982-bradas-saci-tlakova-hadice-set-bradas-aquatic-plus-7-m-w120.webp","width":1000,"height":523},{"@type":"BreadcrumbList","@id":"https:\/\/www.technodompro.com\/index.php\/produkt\/nejlepsi-volba-bradas-saci-tlakova-hadice-set-bradas-aquatic-plus-7-m-2491\/#breadcrumb","itemListElement":[{"@type":"ListItem","position":1,"name":"Home","item":"https:\/\/www.technodompro.com\/"},{"@type":"ListItem","position":2,"name":"Products","item":"https:\/\/www.technodompro.com\/index.php\/products\/"},{"@type":"ListItem","position":3,"name":"Nejlep\u0161\u00ed Volba Bradas Sac\u00ed tlakov\u00e1 hadice &#8211; set Bradas AQUATIC PLUS 7 m"}]},{"@type":"WebSite","@id":"https:\/\/www.technodompro.com\/#website","url":"https:\/\/www.technodompro.com\/","name":"","description":"","potentialAction":[{"@type":"SearchAction","target":{"@type":"EntryPoint","urlTemplate":"https:\/\/www.technodompro.com\/?s={search_term_string}"},"query-input":{"@type":"PropertyValueSpecification","valueRequired":true,"valueName":"search_term_string"}}],"inLanguage":"cs"}]}},"_links":{"self":[{"href":"https:\/\/www.technodompro.com\/index.php\/wp-json\/wp\/v2\/product\/2491","targetHints":{"allow":["GET"]}}],"collection":[{"href":"https:\/\/www.technodompro.com\/index.php\/wp-json\/wp\/v2\/product"}],"about":[{"href":"https:\/\/www.technodompro.com\/index.php\/wp-json\/wp\/v2\/types\/product"}],"replies":[{"embeddable":true,"href":"https:\/\/www.technodompro.com\/index.php\/wp-json\/wp\/v2\/comments?post=2491"}],"wp:featuredmedia":[{"embeddable":true,"href":"https:\/\/www.technodompro.com\/index.php\/wp-json\/wp\/v2\/media\/2591"}],"wp:attachment":[{"href":"https:\/\/www.technodompro.com\/index.php\/wp-json\/wp\/v2\/media?parent=2491"}],"wp:term":[{"taxonomy":"product_brand","embeddable":true,"href":"https:\/\/www.technodompro.com\/index.php\/wp-json\/wp\/v2\/product_brand?post=2491"},{"taxonomy":"product_cat","embeddable":true,"href":"https:\/\/www.technodompro.com\/index.php\/wp-json\/wp\/v2\/product_cat?post=2491"},{"taxonomy":"product_tag","embeddable":true,"href":"https:\/\/www.technodompro.com\/index.php\/wp-json\/wp\/v2\/product_tag?post=2491"}],"curies":[{"name":"wp","href":"https:\/\/api.w.org\/{rel}","templated":true}]}}