{"id":2492,"date":"2026-04-27T04:40:40","date_gmt":"2026-04-27T04:40:40","guid":{"rendered":""},"modified":"2026-04-27T04:40:40","modified_gmt":"2026-04-27T04:40:40","slug":"top-prodej-bradas-zahradni-zavlazovaci-hadice-aqua-drop-1-2-25-m-2492","status":"publish","type":"product","link":"https:\/\/www.technodompro.com\/index.php\/produkt\/top-prodej-bradas-zahradni-zavlazovaci-hadice-aqua-drop-1-2-25-m-2492\/","title":{"rendered":"Top Prodej Bradas Zahradn\u00ed zavla\u017eovac\u00ed hadice AQUA DROP 1\/2 &#8211; 25 m"},"content":{"rendered":"<div class=\"detail-description__right\">\t\t\t\t<\/div>\n<div class=\"detail-description__top\">\t\t\t\t<\/div>\n<div class=\"detail-description__left\">\n<div class=\"detail-description__left__overflow\">\n<div class=\"detail-description__left__head\">\t\t\t\t\t\tPopis:\t\t\t\t\t<\/div>\n<div class=\"ul-style ul-style--check\">\n<p><strong>Zahradn\u00ed hadice AQUA-DROP BRADAS 1\/2 &#8222;- 25\u00a0m<\/strong><\/p>\n<p>Zaji\u0161\u0165uje p\u0159esn\u00e9 a vysoce efektivn\u00ed zavla\u017eov\u00e1n\u00ed. AQUA-DROP\u00a0\u2013 jevyroben\u00e1 z\u00a0vysoce kvalitn\u00edho kau\u010duku, kter\u00fd zaji\u0161\u0165uje rovnom\u011brn\u00e9pronik\u00e1n\u00ed vody po cel\u00e9m povrchu. P\u0159edstavuje \u00fasporu vody a\u017e o\u00a070\u00a0%.Hadice je osazena rychlospojkami pro snadn\u00e9 p\u0159ipojen\u00ed. Hadice AQUA DROPm\u016f\u017ee b\u00fdt um\u00edst\u011bna pod mul\u010dovac\u00ed k\u016frou nebo pod zeminou v\u00a0hloubce a\u017e20\u00a0cm. Hadice je ide\u00e1ln\u00edm \u0159e\u0161en\u00edm pro p\u0159esn\u00e9 a efektivn\u00ed zavla\u017eov\u00e1n\u00edrostlin.Propustnost vody na 1\u00a0m: 0,76\u00a0l\u00a0\u2013 1,26\u00a0l \/ min p\u0159i 0,7BAR\/1h\u00a0<\/p>\n<p>Sada m\u00e1 t\u011bsn\u011bn\u00ed sni\u017euj\u00edc\u00ed tlak.<\/p>\n<p><strong>Upozorn\u011bn\u00ed:<\/strong><\/p>\n<p>\u2013 nepou\u017e\u00edvejte hadici na pitnou vodu- nevym\u00fdvejte \u00a0teplou vodou- p\u0159itlaku vy\u0161\u0161\u00edm ne\u017e 1\u00a0bar je nutn\u00e9 pou\u017e\u00edt regul\u00e1tor\u00a0tlaku<\/p>\n<\/div>\n<div class=\"detail-description__left__more\">\t\t\t\t\t\t<span> <\/span><span> <\/span>\t\t\t\t\t<\/div>\n<\/p><\/div>\n<\/p><\/div>\n<div class=\"detail-description__more\"><span> <\/span><span> <\/span><\/div>\n<\/p><\/div>\n<\/p><\/div>\n","protected":false},"excerpt":{"rendered":"<p>Popis: Zahradn\u00ed hadice AQUA-DROP BRADAS 1\/2 &#8222;- 25\u00a0m Zaji\u0161\u0165uje p\u0159esn\u00e9 a vysoce efektivn\u00ed zavla\u017eov\u00e1n\u00ed. AQUA-DROP\u00a0\u2013 jevyroben\u00e1 z\u00a0vysoce kvalitn\u00edho kau\u010duku, kter\u00fd zaji\u0161\u0165uje rovnom\u011brn\u00e9pronik\u00e1n\u00ed vody po cel\u00e9m povrchu. P\u0159edstavuje \u00fasporu vody a\u017e o\u00a070\u00a0%.Hadice je osazena rychlospojkami pro snadn\u00e9 p\u0159ipojen\u00ed. Hadice AQUA DROPm\u016f\u017ee b\u00fdt um\u00edst\u011bna pod mul\u010dovac\u00ed k\u016frou nebo pod zeminou v\u00a0hloubce a\u017e20\u00a0cm. Hadice je ide\u00e1ln\u00edm \u0159e\u0161en\u00edm pro [&hellip;]<\/p>\n","protected":false},"featured_media":2592,"comment_status":"open","ping_status":"open","template":"","meta":[],"product_brand":[],"product_cat":[36],"product_tag":[],"class_list":{"0":"post-2492","1":"product","2":"type-product","3":"status-publish","4":"has-post-thumbnail","6":"product_cat-zahrada","8":"first","9":"instock","10":"sale","11":"shipping-taxable","12":"purchasable","13":"product-type-simple"},"yoast_head":"<!-- This site is optimized with the Yoast SEO plugin v26.8 - https:\/\/yoast.com\/product\/yoast-seo-wordpress\/ -->\n<title>Top Prodej Bradas Zahradn\u00ed zavla\u017eovac\u00ed hadice AQUA DROP 1\/2 - 25 m -<\/title>\n<meta name=\"robots\" content=\"index, follow, max-snippet:-1, max-image-preview:large, max-video-preview:-1\" \/>\n<link rel=\"canonical\" href=\"https:\/\/www.technodompro.com\/index.php\/produkt\/top-prodej-bradas-zahradni-zavlazovaci-hadice-aqua-drop-1-2-25-m-2492\/\" \/>\n<meta property=\"og:locale\" content=\"cs_CZ\" \/>\n<meta property=\"og:type\" content=\"article\" \/>\n<meta property=\"og:title\" content=\"Top Prodej Bradas Zahradn\u00ed zavla\u017eovac\u00ed hadice AQUA DROP 1\/2 - 25 m -\" \/>\n<meta property=\"og:description\" content=\"Popis: Zahradn\u00ed hadice AQUA-DROP BRADAS 1\/2 &#8222;- 25\u00a0m Zaji\u0161\u0165uje p\u0159esn\u00e9 a vysoce efektivn\u00ed zavla\u017eov\u00e1n\u00ed. AQUA-DROP\u00a0\u2013 jevyroben\u00e1 z\u00a0vysoce kvalitn\u00edho kau\u010duku, kter\u00fd zaji\u0161\u0165uje rovnom\u011brn\u00e9pronik\u00e1n\u00ed vody po cel\u00e9m povrchu. P\u0159edstavuje \u00fasporu vody a\u017e o\u00a070\u00a0%.Hadice je osazena rychlospojkami pro snadn\u00e9 p\u0159ipojen\u00ed. Hadice AQUA DROPm\u016f\u017ee b\u00fdt um\u00edst\u011bna pod mul\u010dovac\u00ed k\u016frou nebo pod zeminou v\u00a0hloubce a\u017e20\u00a0cm. Hadice je ide\u00e1ln\u00edm \u0159e\u0161en\u00edm pro [&hellip;]\" \/>\n<meta property=\"og:url\" content=\"https:\/\/www.technodompro.com\/index.php\/produkt\/top-prodej-bradas-zahradni-zavlazovaci-hadice-aqua-drop-1-2-25-m-2492\/\" \/>\n<meta property=\"og:image\" content=\"https:\/\/www.technodompro.com\/wp-content\/uploads\/2026\/SK0017774-CZ20260425-091936-0-1777079982-bradas-zahradni-zavlazovaci-hadice-aqua-drop-1-2-25-m-w1200.webp\" \/>\n\t<meta property=\"og:image:width\" content=\"1000\" \/>\n\t<meta property=\"og:image:height\" content=\"523\" \/>\n\t<meta property=\"og:image:type\" content=\"image\/webp\" \/>\n<meta name=\"twitter:card\" content=\"summary_large_image\" \/>\n<meta name=\"twitter:label1\" content=\"Odhadovan\u00e1 doba \u010dten\u00ed\" \/>\n\t<meta name=\"twitter:data1\" content=\"1 minuta\" \/>\n<script type=\"application\/ld+json\" class=\"yoast-schema-graph\">{\"@context\":\"https:\/\/schema.org\",\"@graph\":[{\"@type\":\"WebPage\",\"@id\":\"https:\/\/www.technodompro.com\/index.php\/produkt\/top-prodej-bradas-zahradni-zavlazovaci-hadice-aqua-drop-1-2-25-m-2492\/\",\"url\":\"https:\/\/www.technodompro.com\/index.php\/produkt\/top-prodej-bradas-zahradni-zavlazovaci-hadice-aqua-drop-1-2-25-m-2492\/\",\"name\":\"Top Prodej Bradas Zahradn\u00ed zavla\u017eovac\u00ed hadice AQUA DROP 1\/2 - 25 m -\",\"isPartOf\":{\"@id\":\"https:\/\/www.technodompro.com\/#website\"},\"primaryImageOfPage\":{\"@id\":\"https:\/\/www.technodompro.com\/index.php\/produkt\/top-prodej-bradas-zahradni-zavlazovaci-hadice-aqua-drop-1-2-25-m-2492\/#primaryimage\"},\"image\":{\"@id\":\"https:\/\/www.technodompro.com\/index.php\/produkt\/top-prodej-bradas-zahradni-zavlazovaci-hadice-aqua-drop-1-2-25-m-2492\/#primaryimage\"},\"thumbnailUrl\":\"https:\/\/www.technodompro.com\/wp-content\/uploads\/2026\/SK0017774-CZ20260425-091936-0-1777079982-bradas-zahradni-zavlazovaci-hadice-aqua-drop-1-2-25-m-w1200.webp\",\"datePublished\":\"2026-04-27T04:40:40+00:00\",\"breadcrumb\":{\"@id\":\"https:\/\/www.technodompro.com\/index.php\/produkt\/top-prodej-bradas-zahradni-zavlazovaci-hadice-aqua-drop-1-2-25-m-2492\/#breadcrumb\"},\"inLanguage\":\"cs\",\"potentialAction\":[{\"@type\":\"ReadAction\",\"target\":[\"https:\/\/www.technodompro.com\/index.php\/produkt\/top-prodej-bradas-zahradni-zavlazovaci-hadice-aqua-drop-1-2-25-m-2492\/\"]}]},{\"@type\":\"ImageObject\",\"inLanguage\":\"cs\",\"@id\":\"https:\/\/www.technodompro.com\/index.php\/produkt\/top-prodej-bradas-zahradni-zavlazovaci-hadice-aqua-drop-1-2-25-m-2492\/#primaryimage\",\"url\":\"https:\/\/www.technodompro.com\/wp-content\/uploads\/2026\/SK0017774-CZ20260425-091936-0-1777079982-bradas-zahradni-zavlazovaci-hadice-aqua-drop-1-2-25-m-w1200.webp\",\"contentUrl\":\"https:\/\/www.technodompro.com\/wp-content\/uploads\/2026\/SK0017774-CZ20260425-091936-0-1777079982-bradas-zahradni-zavlazovaci-hadice-aqua-drop-1-2-25-m-w1200.webp\",\"width\":1000,\"height\":523},{\"@type\":\"BreadcrumbList\",\"@id\":\"https:\/\/www.technodompro.com\/index.php\/produkt\/top-prodej-bradas-zahradni-zavlazovaci-hadice-aqua-drop-1-2-25-m-2492\/#breadcrumb\",\"itemListElement\":[{\"@type\":\"ListItem\",\"position\":1,\"name\":\"Home\",\"item\":\"https:\/\/www.technodompro.com\/\"},{\"@type\":\"ListItem\",\"position\":2,\"name\":\"Products\",\"item\":\"https:\/\/www.technodompro.com\/index.php\/products\/\"},{\"@type\":\"ListItem\",\"position\":3,\"name\":\"Top Prodej Bradas Zahradn\u00ed zavla\u017eovac\u00ed hadice AQUA DROP 1\/2 &#8211; 25 m\"}]},{\"@type\":\"WebSite\",\"@id\":\"https:\/\/www.technodompro.com\/#website\",\"url\":\"https:\/\/www.technodompro.com\/\",\"name\":\"\",\"description\":\"\",\"potentialAction\":[{\"@type\":\"SearchAction\",\"target\":{\"@type\":\"EntryPoint\",\"urlTemplate\":\"https:\/\/www.technodompro.com\/?s={search_term_string}\"},\"query-input\":{\"@type\":\"PropertyValueSpecification\",\"valueRequired\":true,\"valueName\":\"search_term_string\"}}],\"inLanguage\":\"cs\"}]}<\/script>\n<!-- \/ Yoast SEO plugin. -->","yoast_head_json":{"title":"Top Prodej Bradas Zahradn\u00ed zavla\u017eovac\u00ed hadice AQUA DROP 1\/2 - 25 m -","robots":{"index":"index","follow":"follow","max-snippet":"max-snippet:-1","max-image-preview":"max-image-preview:large","max-video-preview":"max-video-preview:-1"},"canonical":"https:\/\/www.technodompro.com\/index.php\/produkt\/top-prodej-bradas-zahradni-zavlazovaci-hadice-aqua-drop-1-2-25-m-2492\/","og_locale":"cs_CZ","og_type":"article","og_title":"Top Prodej Bradas Zahradn\u00ed zavla\u017eovac\u00ed hadice AQUA DROP 1\/2 - 25 m -","og_description":"Popis: Zahradn\u00ed hadice AQUA-DROP BRADAS 1\/2 &#8222;- 25\u00a0m Zaji\u0161\u0165uje p\u0159esn\u00e9 a vysoce efektivn\u00ed zavla\u017eov\u00e1n\u00ed. AQUA-DROP\u00a0\u2013 jevyroben\u00e1 z\u00a0vysoce kvalitn\u00edho kau\u010duku, kter\u00fd zaji\u0161\u0165uje rovnom\u011brn\u00e9pronik\u00e1n\u00ed vody po cel\u00e9m povrchu. P\u0159edstavuje \u00fasporu vody a\u017e o\u00a070\u00a0%.Hadice je osazena rychlospojkami pro snadn\u00e9 p\u0159ipojen\u00ed. Hadice AQUA DROPm\u016f\u017ee b\u00fdt um\u00edst\u011bna pod mul\u010dovac\u00ed k\u016frou nebo pod zeminou v\u00a0hloubce a\u017e20\u00a0cm. Hadice je ide\u00e1ln\u00edm \u0159e\u0161en\u00edm pro [&hellip;]","og_url":"https:\/\/www.technodompro.com\/index.php\/produkt\/top-prodej-bradas-zahradni-zavlazovaci-hadice-aqua-drop-1-2-25-m-2492\/","og_image":[{"width":1000,"height":523,"url":"https:\/\/www.technodompro.com\/wp-content\/uploads\/2026\/SK0017774-CZ20260425-091936-0-1777079982-bradas-zahradni-zavlazovaci-hadice-aqua-drop-1-2-25-m-w1200.webp","type":"image\/webp"}],"twitter_card":"summary_large_image","twitter_misc":{"Odhadovan\u00e1 doba \u010dten\u00ed":"1 minuta"},"schema":{"@context":"https:\/\/schema.org","@graph":[{"@type":"WebPage","@id":"https:\/\/www.technodompro.com\/index.php\/produkt\/top-prodej-bradas-zahradni-zavlazovaci-hadice-aqua-drop-1-2-25-m-2492\/","url":"https:\/\/www.technodompro.com\/index.php\/produkt\/top-prodej-bradas-zahradni-zavlazovaci-hadice-aqua-drop-1-2-25-m-2492\/","name":"Top Prodej Bradas Zahradn\u00ed zavla\u017eovac\u00ed hadice AQUA DROP 1\/2 - 25 m -","isPartOf":{"@id":"https:\/\/www.technodompro.com\/#website"},"primaryImageOfPage":{"@id":"https:\/\/www.technodompro.com\/index.php\/produkt\/top-prodej-bradas-zahradni-zavlazovaci-hadice-aqua-drop-1-2-25-m-2492\/#primaryimage"},"image":{"@id":"https:\/\/www.technodompro.com\/index.php\/produkt\/top-prodej-bradas-zahradni-zavlazovaci-hadice-aqua-drop-1-2-25-m-2492\/#primaryimage"},"thumbnailUrl":"https:\/\/www.technodompro.com\/wp-content\/uploads\/2026\/SK0017774-CZ20260425-091936-0-1777079982-bradas-zahradni-zavlazovaci-hadice-aqua-drop-1-2-25-m-w1200.webp","datePublished":"2026-04-27T04:40:40+00:00","breadcrumb":{"@id":"https:\/\/www.technodompro.com\/index.php\/produkt\/top-prodej-bradas-zahradni-zavlazovaci-hadice-aqua-drop-1-2-25-m-2492\/#breadcrumb"},"inLanguage":"cs","potentialAction":[{"@type":"ReadAction","target":["https:\/\/www.technodompro.com\/index.php\/produkt\/top-prodej-bradas-zahradni-zavlazovaci-hadice-aqua-drop-1-2-25-m-2492\/"]}]},{"@type":"ImageObject","inLanguage":"cs","@id":"https:\/\/www.technodompro.com\/index.php\/produkt\/top-prodej-bradas-zahradni-zavlazovaci-hadice-aqua-drop-1-2-25-m-2492\/#primaryimage","url":"https:\/\/www.technodompro.com\/wp-content\/uploads\/2026\/SK0017774-CZ20260425-091936-0-1777079982-bradas-zahradni-zavlazovaci-hadice-aqua-drop-1-2-25-m-w1200.webp","contentUrl":"https:\/\/www.technodompro.com\/wp-content\/uploads\/2026\/SK0017774-CZ20260425-091936-0-1777079982-bradas-zahradni-zavlazovaci-hadice-aqua-drop-1-2-25-m-w1200.webp","width":1000,"height":523},{"@type":"BreadcrumbList","@id":"https:\/\/www.technodompro.com\/index.php\/produkt\/top-prodej-bradas-zahradni-zavlazovaci-hadice-aqua-drop-1-2-25-m-2492\/#breadcrumb","itemListElement":[{"@type":"ListItem","position":1,"name":"Home","item":"https:\/\/www.technodompro.com\/"},{"@type":"ListItem","position":2,"name":"Products","item":"https:\/\/www.technodompro.com\/index.php\/products\/"},{"@type":"ListItem","position":3,"name":"Top Prodej Bradas Zahradn\u00ed zavla\u017eovac\u00ed hadice AQUA DROP 1\/2 &#8211; 25 m"}]},{"@type":"WebSite","@id":"https:\/\/www.technodompro.com\/#website","url":"https:\/\/www.technodompro.com\/","name":"","description":"","potentialAction":[{"@type":"SearchAction","target":{"@type":"EntryPoint","urlTemplate":"https:\/\/www.technodompro.com\/?s={search_term_string}"},"query-input":{"@type":"PropertyValueSpecification","valueRequired":true,"valueName":"search_term_string"}}],"inLanguage":"cs"}]}},"_links":{"self":[{"href":"https:\/\/www.technodompro.com\/index.php\/wp-json\/wp\/v2\/product\/2492","targetHints":{"allow":["GET"]}}],"collection":[{"href":"https:\/\/www.technodompro.com\/index.php\/wp-json\/wp\/v2\/product"}],"about":[{"href":"https:\/\/www.technodompro.com\/index.php\/wp-json\/wp\/v2\/types\/product"}],"replies":[{"embeddable":true,"href":"https:\/\/www.technodompro.com\/index.php\/wp-json\/wp\/v2\/comments?post=2492"}],"wp:featuredmedia":[{"embeddable":true,"href":"https:\/\/www.technodompro.com\/index.php\/wp-json\/wp\/v2\/media\/2592"}],"wp:attachment":[{"href":"https:\/\/www.technodompro.com\/index.php\/wp-json\/wp\/v2\/media?parent=2492"}],"wp:term":[{"taxonomy":"product_brand","embeddable":true,"href":"https:\/\/www.technodompro.com\/index.php\/wp-json\/wp\/v2\/product_brand?post=2492"},{"taxonomy":"product_cat","embeddable":true,"href":"https:\/\/www.technodompro.com\/index.php\/wp-json\/wp\/v2\/product_cat?post=2492"},{"taxonomy":"product_tag","embeddable":true,"href":"https:\/\/www.technodompro.com\/index.php\/wp-json\/wp\/v2\/product_tag?post=2492"}],"curies":[{"name":"wp","href":"https:\/\/api.w.org\/{rel}","templated":true}]}}