{"id":2495,"date":"2026-04-27T04:40:40","date_gmt":"2026-04-27T04:40:40","guid":{"rendered":""},"modified":"2026-04-27T04:40:40","modified_gmt":"2026-04-27T04:40:40","slug":"zlevneny-prosperplast-samozavlazovaci-system-pro-kvetinace-izwko-27-7-cm-2495","status":"publish","type":"product","link":"https:\/\/www.technodompro.com\/index.php\/produkt\/zlevneny-prosperplast-samozavlazovaci-system-pro-kvetinace-izwko-27-7-cm-2495\/","title":{"rendered":"Zlevn\u011bn\u00fd Prosperplast Samozavla\u017eovac\u00ed syst\u00e9m pro kv\u011btin\u00e1\u010de IZWKO 27,7 cm"},"content":{"rendered":"<div class=\"detail-description__right\">\t\t\t\t<\/div>\n<div class=\"detail-description__top\">\t\t\t\t<\/div>\n<div class=\"detail-description__left\">\n<div class=\"detail-description__left__overflow\">\n<div class=\"detail-description__left__head\">\t\t\t\t\t\tPopis:\t\t\t\t\t<\/div>\n<div class=\"ul-style ul-style--check\">\n<p><strong>Zavla\u017eovac\u00ed syst\u00e9m IZWKO 27,7\u00a0cm<\/strong><\/p>\n<p>Samozavla\u017eovac\u00ed syst\u00e9m pro rostliny. D\u00edky hladinom\u011bru s\u00a0plov\u00e1kemzjist\u00edte zda je vodu nutn\u00e9 dol\u00edt, \u010di nikoli. Samozavla\u017eovac\u00ed syst\u00e9mjednodu\u0161e vlo\u017e\u00edte do plastov\u00e9 vlo\u017eky, kterou koup\u00edte spolu s\u00a0plastov\u00fdmkv\u011btin\u00e1\u010dem a rostlinky zasad\u00edte.<\/p>\n<p><strong>Tento zavla\u017eovac\u00ed syst\u00e9m (rezervo\u00e1r vody) je vhodn\u00fd dokv\u011btin\u00e1\u010d\u016f:<\/strong><\/p>\n<ul class=\"plusminus\">\n<li><i class=\"fas fa-check\"><\/i><span>Sandy\u00a0\u2013 DBSP400<\/span><\/li>\n<li><i class=\"fas fa-check\"><\/i><span>Sandy Slim\u00a0\u2013 DPSP400<\/span><\/li>\n<li><i class=\"fas fa-check\"><\/i><span>Sand\u00a0\u2013 DBSA400<\/span><\/li>\n<li><i class=\"fas fa-check\"><\/i><span>Sand Slim\u00a0\u2013 DPSA400<\/span><\/li>\n<li><i class=\"fas fa-check\"><\/i><span>Cube Slim\u00a0\u2013 DCUS355<\/span><\/li>\n<li><i class=\"fas fa-check\"><\/i><span>Cube Slim Beton\u00a0\u2013 DCUS355B<\/span><\/li>\n<li><i class=\"fas fa-check\"><\/i><span>Matuba\u00a0\u2013 DBMT400<\/span><\/li>\n<li><i class=\"fas fa-check\"><\/i><span>Matuba Slim\u00a0\u2013 DPMT400<\/span><\/li>\n<li><i class=\"fas fa-check\"><\/i><span>Woody\u00a0\u2013 DBWO400<\/span><\/li>\n<li><i class=\"fas fa-check\"><\/i><span>Classic Tower\u00a0\u2013 DPC40<\/span><\/li>\n<li><i class=\"fas fa-check\"><\/i><span>Matuba\u00a0\u2013 DBMA400\u00a0(nutno dokoupit vklad Insert)<\/span><\/li>\n<li><i class=\"fas fa-check\"><\/i><span>Wave\u00a0\u2013 DBWA400\u00a0(nutno dokoupit vklad Insert)<\/span><\/li>\n<li><i class=\"fas fa-check\"><\/i><span>Rocka\u00a0\u2013 DBROC400\u00a0(nutno dokoupit vklad Insert)<\/span><\/li>\n<li><i class=\"fas fa-check\"><\/i><span>Rato\u00a0\u2013 DBR400\u00a0(nutno dokoupit vklad Insert)<\/span><\/li>\n<\/ul>\n<p><strong>Tabulka pro spr\u00e1vn\u00fd v\u00fdb\u011br zavla\u017eovac\u00edho syst\u00e9mu dokv\u011btin\u00e1\u010de<\/strong><\/p>\n<p><em>Varianty zavla\u017eov\u00e1n\u00ed<\/em> <strong>28\u00a0cm<\/strong><strong>32\u00a0cm<\/strong> <strong>35\u00a0cm<\/strong> <strong>46\u00a0cm<\/strong><\/p>\n<p>Sandy\/Slim, Sand\/Slim\u00a0 30\u00a0cm 35\u00a0cm 40\u00a0cm X<\/p>\n<p>Cube Slim\/Beton 28\u00a0cm X 35\u00a0cm 46\u00a0cm<\/p>\n<p>Matuba\/Slim 30\u00a0cm X 40\u00a0cm X<\/p>\n<p>Woode 30\u00a0cm 35\u00a0cm 40\u00a0cm 49\u00a0cm<\/p>\n<p>Classic Tower 30\u00a0cm X 40\u00a0cm 48\u00a0cm<\/p>\n<p><strong>Parametry:<\/strong><\/p>\n<ul class=\"plusminus\">\n<li><i class=\"fas fa-check\"><\/i><span>Materi\u00e1l: plast<\/span><\/li>\n<li><i class=\"fas fa-check\"><\/i><span>D\u00e9lka: 27,7\u00a0cm<\/span><\/li>\n<li><i class=\"fas fa-check\"><\/i><span>\u0160\u00ed\u0159ka: 5,9\u00a0cm<\/span><\/li>\n<li><i class=\"fas fa-check\"><\/i><span>V\u00fd\u0161ka: 27,7\u00a0cm<\/span><\/li>\n<li><i class=\"fas fa-check\"><\/i><span>Hmotnost: 287\u00a0g<\/span><\/li>\n<\/ul>\n<\/div>\n<div class=\"detail-description__left__more\">\t\t\t\t\t\t<span> <\/span><span> <\/span>\t\t\t\t\t<\/div>\n<\/p><\/div>\n<\/p><\/div>\n<div class=\"detail-description__more\"><span> <\/span><span> <\/span><\/div>\n<\/p><\/div>\n<\/p><\/div>\n","protected":false},"excerpt":{"rendered":"<p>Popis: Zavla\u017eovac\u00ed syst\u00e9m IZWKO 27,7\u00a0cm Samozavla\u017eovac\u00ed syst\u00e9m pro rostliny. D\u00edky hladinom\u011bru s\u00a0plov\u00e1kemzjist\u00edte zda je vodu nutn\u00e9 dol\u00edt, \u010di nikoli. Samozavla\u017eovac\u00ed syst\u00e9mjednodu\u0161e vlo\u017e\u00edte do plastov\u00e9 vlo\u017eky, kterou koup\u00edte spolu s\u00a0plastov\u00fdmkv\u011btin\u00e1\u010dem a rostlinky zasad\u00edte. Tento zavla\u017eovac\u00ed syst\u00e9m (rezervo\u00e1r vody) je vhodn\u00fd dokv\u011btin\u00e1\u010d\u016f: Sandy\u00a0\u2013 DBSP400 Sandy Slim\u00a0\u2013 DPSP400 Sand\u00a0\u2013 DBSA400 Sand Slim\u00a0\u2013 DPSA400 Cube Slim\u00a0\u2013 DCUS355 Cube Slim [&hellip;]<\/p>\n","protected":false},"featured_media":2595,"comment_status":"open","ping_status":"open","template":"","meta":[],"product_brand":[],"product_cat":[36],"product_tag":[],"class_list":{"0":"post-2495","1":"product","2":"type-product","3":"status-publish","4":"has-post-thumbnail","6":"product_cat-zahrada","8":"first","9":"instock","10":"sale","11":"shipping-taxable","12":"purchasable","13":"product-type-simple"},"yoast_head":"<!-- This site is optimized with the Yoast SEO plugin v26.8 - https:\/\/yoast.com\/product\/yoast-seo-wordpress\/ -->\n<title>Zlevn\u011bn\u00fd Prosperplast Samozavla\u017eovac\u00ed syst\u00e9m pro kv\u011btin\u00e1\u010de IZWKO 27,7 cm -<\/title>\n<meta name=\"robots\" content=\"index, follow, max-snippet:-1, max-image-preview:large, max-video-preview:-1\" \/>\n<link rel=\"canonical\" href=\"https:\/\/www.technodompro.com\/index.php\/produkt\/zlevneny-prosperplast-samozavlazovaci-system-pro-kvetinace-izwko-27-7-cm-2495\/\" \/>\n<meta property=\"og:locale\" content=\"cs_CZ\" \/>\n<meta property=\"og:type\" content=\"article\" \/>\n<meta property=\"og:title\" content=\"Zlevn\u011bn\u00fd Prosperplast Samozavla\u017eovac\u00ed syst\u00e9m pro kv\u011btin\u00e1\u010de IZWKO 27,7 cm -\" \/>\n<meta property=\"og:description\" content=\"Popis: Zavla\u017eovac\u00ed syst\u00e9m IZWKO 27,7\u00a0cm Samozavla\u017eovac\u00ed syst\u00e9m pro rostliny. D\u00edky hladinom\u011bru s\u00a0plov\u00e1kemzjist\u00edte zda je vodu nutn\u00e9 dol\u00edt, \u010di nikoli. Samozavla\u017eovac\u00ed syst\u00e9mjednodu\u0161e vlo\u017e\u00edte do plastov\u00e9 vlo\u017eky, kterou koup\u00edte spolu s\u00a0plastov\u00fdmkv\u011btin\u00e1\u010dem a rostlinky zasad\u00edte. Tento zavla\u017eovac\u00ed syst\u00e9m (rezervo\u00e1r vody) je vhodn\u00fd dokv\u011btin\u00e1\u010d\u016f: Sandy\u00a0\u2013 DBSP400 Sandy Slim\u00a0\u2013 DPSP400 Sand\u00a0\u2013 DBSA400 Sand Slim\u00a0\u2013 DPSA400 Cube Slim\u00a0\u2013 DCUS355 Cube Slim [&hellip;]\" \/>\n<meta property=\"og:url\" content=\"https:\/\/www.technodompro.com\/index.php\/produkt\/zlevneny-prosperplast-samozavlazovaci-system-pro-kvetinace-izwko-27-7-cm-2495\/\" \/>\n<meta property=\"og:image\" content=\"https:\/\/www.technodompro.com\/wp-content\/uploads\/2026\/SK0017777-CZ20260425-091936-0-1777079982-prosperplast-samozavlazovaci-system-pro-kvetinace-izwko-27-.webp\" \/>\n\t<meta property=\"og:image:width\" content=\"1000\" \/>\n\t<meta property=\"og:image:height\" content=\"523\" \/>\n\t<meta property=\"og:image:type\" content=\"image\/webp\" \/>\n<meta name=\"twitter:card\" content=\"summary_large_image\" \/>\n<meta name=\"twitter:label1\" content=\"Odhadovan\u00e1 doba \u010dten\u00ed\" \/>\n\t<meta name=\"twitter:data1\" content=\"1 minuta\" \/>\n<script type=\"application\/ld+json\" class=\"yoast-schema-graph\">{\"@context\":\"https:\/\/schema.org\",\"@graph\":[{\"@type\":\"WebPage\",\"@id\":\"https:\/\/www.technodompro.com\/index.php\/produkt\/zlevneny-prosperplast-samozavlazovaci-system-pro-kvetinace-izwko-27-7-cm-2495\/\",\"url\":\"https:\/\/www.technodompro.com\/index.php\/produkt\/zlevneny-prosperplast-samozavlazovaci-system-pro-kvetinace-izwko-27-7-cm-2495\/\",\"name\":\"Zlevn\u011bn\u00fd Prosperplast Samozavla\u017eovac\u00ed syst\u00e9m pro kv\u011btin\u00e1\u010de IZWKO 27,7 cm -\",\"isPartOf\":{\"@id\":\"https:\/\/www.technodompro.com\/#website\"},\"primaryImageOfPage\":{\"@id\":\"https:\/\/www.technodompro.com\/index.php\/produkt\/zlevneny-prosperplast-samozavlazovaci-system-pro-kvetinace-izwko-27-7-cm-2495\/#primaryimage\"},\"image\":{\"@id\":\"https:\/\/www.technodompro.com\/index.php\/produkt\/zlevneny-prosperplast-samozavlazovaci-system-pro-kvetinace-izwko-27-7-cm-2495\/#primaryimage\"},\"thumbnailUrl\":\"https:\/\/www.technodompro.com\/wp-content\/uploads\/2026\/SK0017777-CZ20260425-091936-0-1777079982-prosperplast-samozavlazovaci-system-pro-kvetinace-izwko-27-.webp\",\"datePublished\":\"2026-04-27T04:40:40+00:00\",\"breadcrumb\":{\"@id\":\"https:\/\/www.technodompro.com\/index.php\/produkt\/zlevneny-prosperplast-samozavlazovaci-system-pro-kvetinace-izwko-27-7-cm-2495\/#breadcrumb\"},\"inLanguage\":\"cs\",\"potentialAction\":[{\"@type\":\"ReadAction\",\"target\":[\"https:\/\/www.technodompro.com\/index.php\/produkt\/zlevneny-prosperplast-samozavlazovaci-system-pro-kvetinace-izwko-27-7-cm-2495\/\"]}]},{\"@type\":\"ImageObject\",\"inLanguage\":\"cs\",\"@id\":\"https:\/\/www.technodompro.com\/index.php\/produkt\/zlevneny-prosperplast-samozavlazovaci-system-pro-kvetinace-izwko-27-7-cm-2495\/#primaryimage\",\"url\":\"https:\/\/www.technodompro.com\/wp-content\/uploads\/2026\/SK0017777-CZ20260425-091936-0-1777079982-prosperplast-samozavlazovaci-system-pro-kvetinace-izwko-27-.webp\",\"contentUrl\":\"https:\/\/www.technodompro.com\/wp-content\/uploads\/2026\/SK0017777-CZ20260425-091936-0-1777079982-prosperplast-samozavlazovaci-system-pro-kvetinace-izwko-27-.webp\",\"width\":1000,\"height\":523},{\"@type\":\"BreadcrumbList\",\"@id\":\"https:\/\/www.technodompro.com\/index.php\/produkt\/zlevneny-prosperplast-samozavlazovaci-system-pro-kvetinace-izwko-27-7-cm-2495\/#breadcrumb\",\"itemListElement\":[{\"@type\":\"ListItem\",\"position\":1,\"name\":\"Home\",\"item\":\"https:\/\/www.technodompro.com\/\"},{\"@type\":\"ListItem\",\"position\":2,\"name\":\"Products\",\"item\":\"https:\/\/www.technodompro.com\/index.php\/products\/\"},{\"@type\":\"ListItem\",\"position\":3,\"name\":\"Zlevn\u011bn\u00fd Prosperplast Samozavla\u017eovac\u00ed syst\u00e9m pro kv\u011btin\u00e1\u010de IZWKO 27,7 cm\"}]},{\"@type\":\"WebSite\",\"@id\":\"https:\/\/www.technodompro.com\/#website\",\"url\":\"https:\/\/www.technodompro.com\/\",\"name\":\"\",\"description\":\"\",\"potentialAction\":[{\"@type\":\"SearchAction\",\"target\":{\"@type\":\"EntryPoint\",\"urlTemplate\":\"https:\/\/www.technodompro.com\/?s={search_term_string}\"},\"query-input\":{\"@type\":\"PropertyValueSpecification\",\"valueRequired\":true,\"valueName\":\"search_term_string\"}}],\"inLanguage\":\"cs\"}]}<\/script>\n<!-- \/ Yoast SEO plugin. -->","yoast_head_json":{"title":"Zlevn\u011bn\u00fd Prosperplast Samozavla\u017eovac\u00ed syst\u00e9m pro kv\u011btin\u00e1\u010de IZWKO 27,7 cm -","robots":{"index":"index","follow":"follow","max-snippet":"max-snippet:-1","max-image-preview":"max-image-preview:large","max-video-preview":"max-video-preview:-1"},"canonical":"https:\/\/www.technodompro.com\/index.php\/produkt\/zlevneny-prosperplast-samozavlazovaci-system-pro-kvetinace-izwko-27-7-cm-2495\/","og_locale":"cs_CZ","og_type":"article","og_title":"Zlevn\u011bn\u00fd Prosperplast Samozavla\u017eovac\u00ed syst\u00e9m pro kv\u011btin\u00e1\u010de IZWKO 27,7 cm -","og_description":"Popis: Zavla\u017eovac\u00ed syst\u00e9m IZWKO 27,7\u00a0cm Samozavla\u017eovac\u00ed syst\u00e9m pro rostliny. D\u00edky hladinom\u011bru s\u00a0plov\u00e1kemzjist\u00edte zda je vodu nutn\u00e9 dol\u00edt, \u010di nikoli. Samozavla\u017eovac\u00ed syst\u00e9mjednodu\u0161e vlo\u017e\u00edte do plastov\u00e9 vlo\u017eky, kterou koup\u00edte spolu s\u00a0plastov\u00fdmkv\u011btin\u00e1\u010dem a rostlinky zasad\u00edte. Tento zavla\u017eovac\u00ed syst\u00e9m (rezervo\u00e1r vody) je vhodn\u00fd dokv\u011btin\u00e1\u010d\u016f: Sandy\u00a0\u2013 DBSP400 Sandy Slim\u00a0\u2013 DPSP400 Sand\u00a0\u2013 DBSA400 Sand Slim\u00a0\u2013 DPSA400 Cube Slim\u00a0\u2013 DCUS355 Cube Slim [&hellip;]","og_url":"https:\/\/www.technodompro.com\/index.php\/produkt\/zlevneny-prosperplast-samozavlazovaci-system-pro-kvetinace-izwko-27-7-cm-2495\/","og_image":[{"width":1000,"height":523,"url":"https:\/\/www.technodompro.com\/wp-content\/uploads\/2026\/SK0017777-CZ20260425-091936-0-1777079982-prosperplast-samozavlazovaci-system-pro-kvetinace-izwko-27-.webp","type":"image\/webp"}],"twitter_card":"summary_large_image","twitter_misc":{"Odhadovan\u00e1 doba \u010dten\u00ed":"1 minuta"},"schema":{"@context":"https:\/\/schema.org","@graph":[{"@type":"WebPage","@id":"https:\/\/www.technodompro.com\/index.php\/produkt\/zlevneny-prosperplast-samozavlazovaci-system-pro-kvetinace-izwko-27-7-cm-2495\/","url":"https:\/\/www.technodompro.com\/index.php\/produkt\/zlevneny-prosperplast-samozavlazovaci-system-pro-kvetinace-izwko-27-7-cm-2495\/","name":"Zlevn\u011bn\u00fd Prosperplast Samozavla\u017eovac\u00ed syst\u00e9m pro kv\u011btin\u00e1\u010de IZWKO 27,7 cm -","isPartOf":{"@id":"https:\/\/www.technodompro.com\/#website"},"primaryImageOfPage":{"@id":"https:\/\/www.technodompro.com\/index.php\/produkt\/zlevneny-prosperplast-samozavlazovaci-system-pro-kvetinace-izwko-27-7-cm-2495\/#primaryimage"},"image":{"@id":"https:\/\/www.technodompro.com\/index.php\/produkt\/zlevneny-prosperplast-samozavlazovaci-system-pro-kvetinace-izwko-27-7-cm-2495\/#primaryimage"},"thumbnailUrl":"https:\/\/www.technodompro.com\/wp-content\/uploads\/2026\/SK0017777-CZ20260425-091936-0-1777079982-prosperplast-samozavlazovaci-system-pro-kvetinace-izwko-27-.webp","datePublished":"2026-04-27T04:40:40+00:00","breadcrumb":{"@id":"https:\/\/www.technodompro.com\/index.php\/produkt\/zlevneny-prosperplast-samozavlazovaci-system-pro-kvetinace-izwko-27-7-cm-2495\/#breadcrumb"},"inLanguage":"cs","potentialAction":[{"@type":"ReadAction","target":["https:\/\/www.technodompro.com\/index.php\/produkt\/zlevneny-prosperplast-samozavlazovaci-system-pro-kvetinace-izwko-27-7-cm-2495\/"]}]},{"@type":"ImageObject","inLanguage":"cs","@id":"https:\/\/www.technodompro.com\/index.php\/produkt\/zlevneny-prosperplast-samozavlazovaci-system-pro-kvetinace-izwko-27-7-cm-2495\/#primaryimage","url":"https:\/\/www.technodompro.com\/wp-content\/uploads\/2026\/SK0017777-CZ20260425-091936-0-1777079982-prosperplast-samozavlazovaci-system-pro-kvetinace-izwko-27-.webp","contentUrl":"https:\/\/www.technodompro.com\/wp-content\/uploads\/2026\/SK0017777-CZ20260425-091936-0-1777079982-prosperplast-samozavlazovaci-system-pro-kvetinace-izwko-27-.webp","width":1000,"height":523},{"@type":"BreadcrumbList","@id":"https:\/\/www.technodompro.com\/index.php\/produkt\/zlevneny-prosperplast-samozavlazovaci-system-pro-kvetinace-izwko-27-7-cm-2495\/#breadcrumb","itemListElement":[{"@type":"ListItem","position":1,"name":"Home","item":"https:\/\/www.technodompro.com\/"},{"@type":"ListItem","position":2,"name":"Products","item":"https:\/\/www.technodompro.com\/index.php\/products\/"},{"@type":"ListItem","position":3,"name":"Zlevn\u011bn\u00fd Prosperplast Samozavla\u017eovac\u00ed syst\u00e9m pro kv\u011btin\u00e1\u010de IZWKO 27,7 cm"}]},{"@type":"WebSite","@id":"https:\/\/www.technodompro.com\/#website","url":"https:\/\/www.technodompro.com\/","name":"","description":"","potentialAction":[{"@type":"SearchAction","target":{"@type":"EntryPoint","urlTemplate":"https:\/\/www.technodompro.com\/?s={search_term_string}"},"query-input":{"@type":"PropertyValueSpecification","valueRequired":true,"valueName":"search_term_string"}}],"inLanguage":"cs"}]}},"_links":{"self":[{"href":"https:\/\/www.technodompro.com\/index.php\/wp-json\/wp\/v2\/product\/2495","targetHints":{"allow":["GET"]}}],"collection":[{"href":"https:\/\/www.technodompro.com\/index.php\/wp-json\/wp\/v2\/product"}],"about":[{"href":"https:\/\/www.technodompro.com\/index.php\/wp-json\/wp\/v2\/types\/product"}],"replies":[{"embeddable":true,"href":"https:\/\/www.technodompro.com\/index.php\/wp-json\/wp\/v2\/comments?post=2495"}],"wp:featuredmedia":[{"embeddable":true,"href":"https:\/\/www.technodompro.com\/index.php\/wp-json\/wp\/v2\/media\/2595"}],"wp:attachment":[{"href":"https:\/\/www.technodompro.com\/index.php\/wp-json\/wp\/v2\/media?parent=2495"}],"wp:term":[{"taxonomy":"product_brand","embeddable":true,"href":"https:\/\/www.technodompro.com\/index.php\/wp-json\/wp\/v2\/product_brand?post=2495"},{"taxonomy":"product_cat","embeddable":true,"href":"https:\/\/www.technodompro.com\/index.php\/wp-json\/wp\/v2\/product_cat?post=2495"},{"taxonomy":"product_tag","embeddable":true,"href":"https:\/\/www.technodompro.com\/index.php\/wp-json\/wp\/v2\/product_tag?post=2495"}],"curies":[{"name":"wp","href":"https:\/\/api.w.org\/{rel}","templated":true}]}}