{"id":24957,"date":"2026-04-27T04:41:34","date_gmt":"2026-04-27T04:41:34","guid":{"rendered":""},"modified":"2026-04-27T04:41:34","modified_gmt":"2026-04-27T04:41:34","slug":"novaservis-sprchova-souprava-sprchova-baterie-s-hornim-vyvodem-96062-0-set040-96-0-omezena-nabidka-24957","status":"publish","type":"product","link":"https:\/\/www.technodompro.com\/index.php\/produkt\/novaservis-sprchova-souprava-sprchova-baterie-s-hornim-vyvodem-96062-0-set040-96-0-omezena-nabidka-24957\/","title":{"rendered":"NOVASERVIS Sprchov\u00e1 souprava+sprchov\u00e1 baterie s horn\u00edm v\u00fdvodem 96062,0 &#8211; SET040\/96,0 Omezen\u00e1 Nab\u00eddka"},"content":{"rendered":"<div id=\"e147499\" class=\"pages\">\n<div>\n<div id=\"PDDescription\" class=\"UserContentView userContent v1a v1 bs-view dcon dc164 PDDescription\" ><dc-con><dc-con><bs-empty><\/bs-empty><\/dc-con><dc-con>        <\/p>\n<div class=\"customDescription\">                    <\/div>\n<p><\/dc-con><dc-con>Prvot\u0159\u00eddn\u00ed chromov\u00e9 proveden\u00ed. Set obsahuje n\u00e1st\u011bnnou sprchovou baterii s horn\u00edm v\u00fdvodem a rozte\u010d\u00ed 150 mm s kvalitn\u00ed a odolnou keramickou kartu\u0161\u00ed 35 mm <b>s\u00a0prodlou\u017eenou z\u00e1rukou\u00a05\u00a0let<\/b>, hadici 150 cm, hlavovou sprchu s pr\u016fm\u011brem 200 mm, ru\u010dn\u00ed sprchu a posuvn\u00fd jezdec s dr\u017e\u00e1kem ru\u010dn\u00ed sprchy. Set s bateri\u00ed m\u00e1 fixn\u00ed v\u00fd\u0161ku 1020 mm. Umo\u017e\u0148uje nastavit i odch\u00fdlen\u00ed vrchn\u00edho \u00fachytu od st\u011bny v rozmez\u00ed 60 &#8211; 80 mm.<\/dc-con><\/dc-con><\/div>\n<div id=\"PDDescription2\" class=\"UserContentView userContent v1a v1 bs-view dcon dc165 PDDescription2\" >Obl\u00edben\u00e1 TITANIA FRESH. Jedna z nejv\u00edce prod\u00e1van\u00fdch \u0159ad TITANIA v\u00e1s oslov\u00ed sv\u00fdm excelentn\u00edm designem a kvalitou. A toto v\u0161e za \u00fa\u017easnou cenu. &lt;br \/&gt;&lt;br \/&gt;Servis a\u017e k v\u00e1m dom\u016f.<\/div>\n<\/p><\/div>\n<div id=\"PDTable3\" class=\"ProductDetailTableView v3a v3 bs-view dcon dc185 PDTable3\" >\n<table>\n<thead><\/thead>\n<tbody>\n<tr class=\"attribute attr_bsshop_maker\">\n<td class=\"caption\">V\u00fdrobce<\/td>\n<td class=\"value\">Novaservis<\/td>\n<\/tr>\n<tr class=\"weight\">\n<td class=\"caption\"><span>Hmotnost<\/span><\/td>\n<td class=\"value\"><span>3,66 kg<\/span><\/td>\n<\/tr>\n<\/tbody>\n<\/table>\n<\/div>\n<div id=\"ProductMedia\" class=\"ProductMediaView MediaViewBase v1a v1 bs-view dcon dc409 ProductMedia\" ><bs-empty><\/bs-empty><\/p>\n<div class=\"files\">\n<div class=\"title sub\">Soubory<\/div>\n<p><a href=\"\/media\/6814\/set-040-96.jpg?&amp;key=ZGpmIyQwNUZfNjgxNA==\" class=\"jpg\">set_040_96.jpg<\/a><a href=\"\/media\/6815\/11-2017-rev-2.pdf?&amp;key=ZGpmIyQwNUZfNjgxNQ==\" class=\"pdf\">11_2017 rev_2.pdf<\/a><\/div>\n<p><bs-empty><\/bs-empty><\/div>\n<div id=\"PdProductGpsr\" class=\"ProductGpsrView v1a v1 bs-view dcon dc217 PdProductGpsr\" >\n<div class=\"subject\"><dc-root class=\"dcon dc219\"><span class=\"title\">Zodpov\u011bdn&#253; subjekt:<\/span><dc-con><dc-con><span class=\"company\">NOVASERVIS spol. s r.o.<\/span><span class=\"name\">Novaservis<\/span><\/dc-con><dc-con><span class=\"street\">Dru\u017estevn&#237; 5<\/span><span class=\"city\">Znojmo<\/span><span class=\"zip\">669 02<\/span><span class=\"country\">\u010cesko<\/span><\/dc-con><span class=\"email\">shop@novaservis.cz<\/span><span class=\"phone\">515 282 111 <\/span><bs-empty><\/bs-empty><a href=\"https:\/\/www.novaservis.cz\/kontakt\/\" class=\"link\" target=\"_blank\">https:\/\/www.novaservis.cz\/kontakt\/<\/a><\/dc-con><bs-empty><\/bs-empty><\/dc-root><\/div>\n<p><bs-empty><\/bs-empty><\/div>\n<\/div>\n<div id=\"e147500\" class=\"tabs\">\n","protected":false},"excerpt":{"rendered":"<p>Prvot\u0159\u00eddn\u00ed chromov\u00e9 proveden\u00ed. Set obsahuje n\u00e1st\u011bnnou sprchovou baterii s horn\u00edm v\u00fdvodem a rozte\u010d\u00ed 150 mm s kvalitn\u00ed a odolnou keramickou kartu\u0161\u00ed 35 mm s\u00a0prodlou\u017eenou z\u00e1rukou\u00a05\u00a0let, hadici 150 cm, hlavovou sprchu s pr\u016fm\u011brem 200 mm, ru\u010dn\u00ed sprchu a posuvn\u00fd jezdec s dr\u017e\u00e1kem ru\u010dn\u00ed sprchy. Set s bateri\u00ed m\u00e1 fixn\u00ed v\u00fd\u0161ku 1020 mm. Umo\u017e\u0148uje nastavit i odch\u00fdlen\u00ed [&hellip;]<\/p>\n","protected":false},"featured_media":25057,"comment_status":"open","ping_status":"open","template":"","meta":[],"product_brand":[],"product_cat":[88],"product_tag":[],"class_list":{"0":"post-24957","1":"product","2":"type-product","3":"status-publish","4":"has-post-thumbnail","6":"product_cat-vybaven-237-koupelny","8":"first","9":"instock","10":"sale","11":"shipping-taxable","12":"purchasable","13":"product-type-simple"},"yoast_head":"<!-- This site is optimized with the Yoast SEO plugin v26.8 - https:\/\/yoast.com\/product\/yoast-seo-wordpress\/ -->\n<title>NOVASERVIS Sprchov\u00e1 souprava+sprchov\u00e1 baterie s horn\u00edm v\u00fdvodem 96062,0 - SET040\/96,0 Omezen\u00e1 Nab\u00eddka -<\/title>\n<meta name=\"robots\" content=\"index, follow, max-snippet:-1, max-image-preview:large, max-video-preview:-1\" \/>\n<link rel=\"canonical\" href=\"https:\/\/www.technodompro.com\/index.php\/produkt\/novaservis-sprchova-souprava-sprchova-baterie-s-hornim-vyvodem-96062-0-set040-96-0-omezena-nabidka-24957\/\" \/>\n<meta property=\"og:locale\" content=\"cs_CZ\" \/>\n<meta property=\"og:type\" content=\"article\" \/>\n<meta property=\"og:title\" content=\"NOVASERVIS Sprchov\u00e1 souprava+sprchov\u00e1 baterie s horn\u00edm v\u00fdvodem 96062,0 - SET040\/96,0 Omezen\u00e1 Nab\u00eddka -\" \/>\n<meta property=\"og:description\" content=\"Prvot\u0159\u00eddn\u00ed chromov\u00e9 proveden\u00ed. Set obsahuje n\u00e1st\u011bnnou sprchovou baterii s horn\u00edm v\u00fdvodem a rozte\u010d\u00ed 150 mm s kvalitn\u00ed a odolnou keramickou kartu\u0161\u00ed 35 mm s\u00a0prodlou\u017eenou z\u00e1rukou\u00a05\u00a0let, hadici 150 cm, hlavovou sprchu s pr\u016fm\u011brem 200 mm, ru\u010dn\u00ed sprchu a posuvn\u00fd jezdec s dr\u017e\u00e1kem ru\u010dn\u00ed sprchy. Set s bateri\u00ed m\u00e1 fixn\u00ed v\u00fd\u0161ku 1020 mm. Umo\u017e\u0148uje nastavit i odch\u00fdlen\u00ed [&hellip;]\" \/>\n<meta property=\"og:url\" content=\"https:\/\/www.technodompro.com\/index.php\/produkt\/novaservis-sprchova-souprava-sprchova-baterie-s-hornim-vyvodem-96062-0-set040-96-0-omezena-nabidka-24957\/\" \/>\n<meta property=\"og:image\" content=\"https:\/\/www.technodompro.com\/wp-content\/uploads\/2026\/SK0011870-CZ20260425-093449-0-1777080895-novaservis-sprchova-souprava-sprchova-baterie-s-hornim-vyvo.webp\" \/>\n\t<meta property=\"og:image:width\" content=\"1000\" \/>\n\t<meta property=\"og:image:height\" content=\"525\" \/>\n\t<meta property=\"og:image:type\" content=\"image\/webp\" \/>\n<meta name=\"twitter:card\" content=\"summary_large_image\" \/>\n<meta name=\"twitter:label1\" content=\"Odhadovan\u00e1 doba \u010dten\u00ed\" \/>\n\t<meta name=\"twitter:data1\" content=\"1 minuta\" \/>\n<script type=\"application\/ld+json\" class=\"yoast-schema-graph\">{\"@context\":\"https:\/\/schema.org\",\"@graph\":[{\"@type\":\"WebPage\",\"@id\":\"https:\/\/www.technodompro.com\/index.php\/produkt\/novaservis-sprchova-souprava-sprchova-baterie-s-hornim-vyvodem-96062-0-set040-96-0-omezena-nabidka-24957\/\",\"url\":\"https:\/\/www.technodompro.com\/index.php\/produkt\/novaservis-sprchova-souprava-sprchova-baterie-s-hornim-vyvodem-96062-0-set040-96-0-omezena-nabidka-24957\/\",\"name\":\"NOVASERVIS Sprchov\u00e1 souprava+sprchov\u00e1 baterie s horn\u00edm v\u00fdvodem 96062,0 - SET040\/96,0 Omezen\u00e1 Nab\u00eddka -\",\"isPartOf\":{\"@id\":\"https:\/\/www.technodompro.com\/#website\"},\"primaryImageOfPage\":{\"@id\":\"https:\/\/www.technodompro.com\/index.php\/produkt\/novaservis-sprchova-souprava-sprchova-baterie-s-hornim-vyvodem-96062-0-set040-96-0-omezena-nabidka-24957\/#primaryimage\"},\"image\":{\"@id\":\"https:\/\/www.technodompro.com\/index.php\/produkt\/novaservis-sprchova-souprava-sprchova-baterie-s-hornim-vyvodem-96062-0-set040-96-0-omezena-nabidka-24957\/#primaryimage\"},\"thumbnailUrl\":\"https:\/\/www.technodompro.com\/wp-content\/uploads\/2026\/SK0011870-CZ20260425-093449-0-1777080895-novaservis-sprchova-souprava-sprchova-baterie-s-hornim-vyvo.webp\",\"datePublished\":\"2026-04-27T04:41:34+00:00\",\"breadcrumb\":{\"@id\":\"https:\/\/www.technodompro.com\/index.php\/produkt\/novaservis-sprchova-souprava-sprchova-baterie-s-hornim-vyvodem-96062-0-set040-96-0-omezena-nabidka-24957\/#breadcrumb\"},\"inLanguage\":\"cs\",\"potentialAction\":[{\"@type\":\"ReadAction\",\"target\":[\"https:\/\/www.technodompro.com\/index.php\/produkt\/novaservis-sprchova-souprava-sprchova-baterie-s-hornim-vyvodem-96062-0-set040-96-0-omezena-nabidka-24957\/\"]}]},{\"@type\":\"ImageObject\",\"inLanguage\":\"cs\",\"@id\":\"https:\/\/www.technodompro.com\/index.php\/produkt\/novaservis-sprchova-souprava-sprchova-baterie-s-hornim-vyvodem-96062-0-set040-96-0-omezena-nabidka-24957\/#primaryimage\",\"url\":\"https:\/\/www.technodompro.com\/wp-content\/uploads\/2026\/SK0011870-CZ20260425-093449-0-1777080895-novaservis-sprchova-souprava-sprchova-baterie-s-hornim-vyvo.webp\",\"contentUrl\":\"https:\/\/www.technodompro.com\/wp-content\/uploads\/2026\/SK0011870-CZ20260425-093449-0-1777080895-novaservis-sprchova-souprava-sprchova-baterie-s-hornim-vyvo.webp\",\"width\":1000,\"height\":525},{\"@type\":\"BreadcrumbList\",\"@id\":\"https:\/\/www.technodompro.com\/index.php\/produkt\/novaservis-sprchova-souprava-sprchova-baterie-s-hornim-vyvodem-96062-0-set040-96-0-omezena-nabidka-24957\/#breadcrumb\",\"itemListElement\":[{\"@type\":\"ListItem\",\"position\":1,\"name\":\"Home\",\"item\":\"https:\/\/www.technodompro.com\/\"},{\"@type\":\"ListItem\",\"position\":2,\"name\":\"Products\",\"item\":\"https:\/\/www.technodompro.com\/index.php\/products\/\"},{\"@type\":\"ListItem\",\"position\":3,\"name\":\"NOVASERVIS Sprchov\u00e1 souprava+sprchov\u00e1 baterie s horn\u00edm v\u00fdvodem 96062,0 &#8211; SET040\/96,0 Omezen\u00e1 Nab\u00eddka\"}]},{\"@type\":\"WebSite\",\"@id\":\"https:\/\/www.technodompro.com\/#website\",\"url\":\"https:\/\/www.technodompro.com\/\",\"name\":\"\",\"description\":\"\",\"potentialAction\":[{\"@type\":\"SearchAction\",\"target\":{\"@type\":\"EntryPoint\",\"urlTemplate\":\"https:\/\/www.technodompro.com\/?s={search_term_string}\"},\"query-input\":{\"@type\":\"PropertyValueSpecification\",\"valueRequired\":true,\"valueName\":\"search_term_string\"}}],\"inLanguage\":\"cs\"}]}<\/script>\n<!-- \/ Yoast SEO plugin. -->","yoast_head_json":{"title":"NOVASERVIS Sprchov\u00e1 souprava+sprchov\u00e1 baterie s horn\u00edm v\u00fdvodem 96062,0 - SET040\/96,0 Omezen\u00e1 Nab\u00eddka -","robots":{"index":"index","follow":"follow","max-snippet":"max-snippet:-1","max-image-preview":"max-image-preview:large","max-video-preview":"max-video-preview:-1"},"canonical":"https:\/\/www.technodompro.com\/index.php\/produkt\/novaservis-sprchova-souprava-sprchova-baterie-s-hornim-vyvodem-96062-0-set040-96-0-omezena-nabidka-24957\/","og_locale":"cs_CZ","og_type":"article","og_title":"NOVASERVIS Sprchov\u00e1 souprava+sprchov\u00e1 baterie s horn\u00edm v\u00fdvodem 96062,0 - SET040\/96,0 Omezen\u00e1 Nab\u00eddka -","og_description":"Prvot\u0159\u00eddn\u00ed chromov\u00e9 proveden\u00ed. Set obsahuje n\u00e1st\u011bnnou sprchovou baterii s horn\u00edm v\u00fdvodem a rozte\u010d\u00ed 150 mm s kvalitn\u00ed a odolnou keramickou kartu\u0161\u00ed 35 mm s\u00a0prodlou\u017eenou z\u00e1rukou\u00a05\u00a0let, hadici 150 cm, hlavovou sprchu s pr\u016fm\u011brem 200 mm, ru\u010dn\u00ed sprchu a posuvn\u00fd jezdec s dr\u017e\u00e1kem ru\u010dn\u00ed sprchy. Set s bateri\u00ed m\u00e1 fixn\u00ed v\u00fd\u0161ku 1020 mm. Umo\u017e\u0148uje nastavit i odch\u00fdlen\u00ed [&hellip;]","og_url":"https:\/\/www.technodompro.com\/index.php\/produkt\/novaservis-sprchova-souprava-sprchova-baterie-s-hornim-vyvodem-96062-0-set040-96-0-omezena-nabidka-24957\/","og_image":[{"width":1000,"height":525,"url":"https:\/\/www.technodompro.com\/wp-content\/uploads\/2026\/SK0011870-CZ20260425-093449-0-1777080895-novaservis-sprchova-souprava-sprchova-baterie-s-hornim-vyvo.webp","type":"image\/webp"}],"twitter_card":"summary_large_image","twitter_misc":{"Odhadovan\u00e1 doba \u010dten\u00ed":"1 minuta"},"schema":{"@context":"https:\/\/schema.org","@graph":[{"@type":"WebPage","@id":"https:\/\/www.technodompro.com\/index.php\/produkt\/novaservis-sprchova-souprava-sprchova-baterie-s-hornim-vyvodem-96062-0-set040-96-0-omezena-nabidka-24957\/","url":"https:\/\/www.technodompro.com\/index.php\/produkt\/novaservis-sprchova-souprava-sprchova-baterie-s-hornim-vyvodem-96062-0-set040-96-0-omezena-nabidka-24957\/","name":"NOVASERVIS Sprchov\u00e1 souprava+sprchov\u00e1 baterie s horn\u00edm v\u00fdvodem 96062,0 - SET040\/96,0 Omezen\u00e1 Nab\u00eddka -","isPartOf":{"@id":"https:\/\/www.technodompro.com\/#website"},"primaryImageOfPage":{"@id":"https:\/\/www.technodompro.com\/index.php\/produkt\/novaservis-sprchova-souprava-sprchova-baterie-s-hornim-vyvodem-96062-0-set040-96-0-omezena-nabidka-24957\/#primaryimage"},"image":{"@id":"https:\/\/www.technodompro.com\/index.php\/produkt\/novaservis-sprchova-souprava-sprchova-baterie-s-hornim-vyvodem-96062-0-set040-96-0-omezena-nabidka-24957\/#primaryimage"},"thumbnailUrl":"https:\/\/www.technodompro.com\/wp-content\/uploads\/2026\/SK0011870-CZ20260425-093449-0-1777080895-novaservis-sprchova-souprava-sprchova-baterie-s-hornim-vyvo.webp","datePublished":"2026-04-27T04:41:34+00:00","breadcrumb":{"@id":"https:\/\/www.technodompro.com\/index.php\/produkt\/novaservis-sprchova-souprava-sprchova-baterie-s-hornim-vyvodem-96062-0-set040-96-0-omezena-nabidka-24957\/#breadcrumb"},"inLanguage":"cs","potentialAction":[{"@type":"ReadAction","target":["https:\/\/www.technodompro.com\/index.php\/produkt\/novaservis-sprchova-souprava-sprchova-baterie-s-hornim-vyvodem-96062-0-set040-96-0-omezena-nabidka-24957\/"]}]},{"@type":"ImageObject","inLanguage":"cs","@id":"https:\/\/www.technodompro.com\/index.php\/produkt\/novaservis-sprchova-souprava-sprchova-baterie-s-hornim-vyvodem-96062-0-set040-96-0-omezena-nabidka-24957\/#primaryimage","url":"https:\/\/www.technodompro.com\/wp-content\/uploads\/2026\/SK0011870-CZ20260425-093449-0-1777080895-novaservis-sprchova-souprava-sprchova-baterie-s-hornim-vyvo.webp","contentUrl":"https:\/\/www.technodompro.com\/wp-content\/uploads\/2026\/SK0011870-CZ20260425-093449-0-1777080895-novaservis-sprchova-souprava-sprchova-baterie-s-hornim-vyvo.webp","width":1000,"height":525},{"@type":"BreadcrumbList","@id":"https:\/\/www.technodompro.com\/index.php\/produkt\/novaservis-sprchova-souprava-sprchova-baterie-s-hornim-vyvodem-96062-0-set040-96-0-omezena-nabidka-24957\/#breadcrumb","itemListElement":[{"@type":"ListItem","position":1,"name":"Home","item":"https:\/\/www.technodompro.com\/"},{"@type":"ListItem","position":2,"name":"Products","item":"https:\/\/www.technodompro.com\/index.php\/products\/"},{"@type":"ListItem","position":3,"name":"NOVASERVIS Sprchov\u00e1 souprava+sprchov\u00e1 baterie s horn\u00edm v\u00fdvodem 96062,0 &#8211; SET040\/96,0 Omezen\u00e1 Nab\u00eddka"}]},{"@type":"WebSite","@id":"https:\/\/www.technodompro.com\/#website","url":"https:\/\/www.technodompro.com\/","name":"","description":"","potentialAction":[{"@type":"SearchAction","target":{"@type":"EntryPoint","urlTemplate":"https:\/\/www.technodompro.com\/?s={search_term_string}"},"query-input":{"@type":"PropertyValueSpecification","valueRequired":true,"valueName":"search_term_string"}}],"inLanguage":"cs"}]}},"_links":{"self":[{"href":"https:\/\/www.technodompro.com\/index.php\/wp-json\/wp\/v2\/product\/24957","targetHints":{"allow":["GET"]}}],"collection":[{"href":"https:\/\/www.technodompro.com\/index.php\/wp-json\/wp\/v2\/product"}],"about":[{"href":"https:\/\/www.technodompro.com\/index.php\/wp-json\/wp\/v2\/types\/product"}],"replies":[{"embeddable":true,"href":"https:\/\/www.technodompro.com\/index.php\/wp-json\/wp\/v2\/comments?post=24957"}],"wp:featuredmedia":[{"embeddable":true,"href":"https:\/\/www.technodompro.com\/index.php\/wp-json\/wp\/v2\/media\/25057"}],"wp:attachment":[{"href":"https:\/\/www.technodompro.com\/index.php\/wp-json\/wp\/v2\/media?parent=24957"}],"wp:term":[{"taxonomy":"product_brand","embeddable":true,"href":"https:\/\/www.technodompro.com\/index.php\/wp-json\/wp\/v2\/product_brand?post=24957"},{"taxonomy":"product_cat","embeddable":true,"href":"https:\/\/www.technodompro.com\/index.php\/wp-json\/wp\/v2\/product_cat?post=24957"},{"taxonomy":"product_tag","embeddable":true,"href":"https:\/\/www.technodompro.com\/index.php\/wp-json\/wp\/v2\/product_tag?post=24957"}],"curies":[{"name":"wp","href":"https:\/\/api.w.org\/{rel}","templated":true}]}}