{"id":2497,"date":"2026-04-27T04:40:40","date_gmt":"2026-04-27T04:40:40","guid":{"rendered":""},"modified":"2026-04-27T04:40:40","modified_gmt":"2026-04-27T04:40:40","slug":"nizka-cena-bradas-zimni-ochranna-netkana-textilie-1-6x10m-2497","status":"publish","type":"product","link":"https:\/\/www.technodompro.com\/index.php\/produkt\/nizka-cena-bradas-zimni-ochranna-netkana-textilie-1-6x10m-2497\/","title":{"rendered":"N\u00edzk\u00e1 Cena Bradas Zimn\u00ed ochrann\u00e1 netkan\u00e1 text\u00edlie 1,6x10m"},"content":{"rendered":"<div class=\"detail-description__right\">\t\t\t\t<\/div>\n<div class=\"detail-description__top\">\t\t\t\t<\/div>\n<div class=\"detail-description__left\">\n<div class=\"detail-description__left__overflow\">\n<div class=\"detail-description__left__head\">\t\t\t\t\t\tPopis:\t\t\t\t\t<\/div>\n<div class=\"ul-style ul-style--check\">\n<p><strong>Zimn\u00ed ochrana z\u00a0netkan\u00e9 text\u00edlie 1,6\u00d710 m<\/strong><\/p>\n<p>Netkan\u00e1 text\u00edlie s\u00a0gram\u00e1\u017e\u00ed 30\u00a0gr\/m<sup>2<\/sup> pro ochranu rostlin ake\u0159\u016f v\u00a0zimn\u00edm obdob\u00ed.<\/p>\n<p>Chr\u00e1n\u00ed p\u0159ed sn\u011bhem, mrazem, krupobit\u00edm a prudk\u00fdm v\u011btrem.<\/p>\n<p>Je mo\u017en\u00e9 snadno upravovat na pot\u0159ebnou d\u00e9lku.<\/p>\n<ul class=\"plusminus\">\n<li><i class=\"fas fa-check\"><\/i><span>Chr\u00e1n\u00ed stromky a ke\u0159e p\u0159ed mrazem, siln\u00fdm v\u011btrem, sn\u011bhem nebo\tkrupobit\u00edm<\/span><\/li>\n<li><i class=\"fas fa-check\"><\/i><span>Propou\u0161t\u00ed sv\u011btlo a vlhkost<\/span><\/li>\n<li><i class=\"fas fa-check\"><\/i><span>Snadn\u00e1 manipulace a \u00faprava na po\u017eadovanou d\u00e9lku<\/span><\/li>\n<li><i class=\"fas fa-check\"><\/i><span>\u0160\u00ed\u0159ka: 1,6\u00a0m<\/span><\/li>\n<li><i class=\"fas fa-check\"><\/i><span>D\u00e9lka: 10\u00a0m<\/span><\/li>\n<\/ul>\n<\/div>\n<div class=\"detail-description__left__more\">\t\t\t\t\t\t<span> <\/span><span> <\/span>\t\t\t\t\t<\/div>\n<\/p><\/div>\n<\/p><\/div>\n<div class=\"detail-description__more\"><span> <\/span><span> <\/span><\/div>\n<\/p><\/div>\n<\/p><\/div>\n","protected":false},"excerpt":{"rendered":"<p>Popis: Zimn\u00ed ochrana z\u00a0netkan\u00e9 text\u00edlie 1,6\u00d710 m Netkan\u00e1 text\u00edlie s\u00a0gram\u00e1\u017e\u00ed 30\u00a0gr\/m2 pro ochranu rostlin ake\u0159\u016f v\u00a0zimn\u00edm obdob\u00ed. Chr\u00e1n\u00ed p\u0159ed sn\u011bhem, mrazem, krupobit\u00edm a prudk\u00fdm v\u011btrem. Je mo\u017en\u00e9 snadno upravovat na pot\u0159ebnou d\u00e9lku. Chr\u00e1n\u00ed stromky a ke\u0159e p\u0159ed mrazem, siln\u00fdm v\u011btrem, sn\u011bhem nebo krupobit\u00edm Propou\u0161t\u00ed sv\u011btlo a vlhkost Snadn\u00e1 manipulace a \u00faprava na po\u017eadovanou d\u00e9lku \u0160\u00ed\u0159ka: [&hellip;]<\/p>\n","protected":false},"featured_media":2597,"comment_status":"open","ping_status":"open","template":"","meta":[],"product_brand":[],"product_cat":[36],"product_tag":[],"class_list":{"0":"post-2497","1":"product","2":"type-product","3":"status-publish","4":"has-post-thumbnail","6":"product_cat-zahrada","8":"first","9":"instock","10":"sale","11":"shipping-taxable","12":"purchasable","13":"product-type-simple"},"yoast_head":"<!-- This site is optimized with the Yoast SEO plugin v26.8 - https:\/\/yoast.com\/product\/yoast-seo-wordpress\/ -->\n<title>N\u00edzk\u00e1 Cena Bradas Zimn\u00ed ochrann\u00e1 netkan\u00e1 text\u00edlie 1,6x10m -<\/title>\n<meta name=\"robots\" content=\"index, follow, max-snippet:-1, max-image-preview:large, max-video-preview:-1\" \/>\n<link rel=\"canonical\" href=\"https:\/\/www.technodompro.com\/index.php\/produkt\/nizka-cena-bradas-zimni-ochranna-netkana-textilie-1-6x10m-2497\/\" \/>\n<meta property=\"og:locale\" content=\"cs_CZ\" \/>\n<meta property=\"og:type\" content=\"article\" \/>\n<meta property=\"og:title\" content=\"N\u00edzk\u00e1 Cena Bradas Zimn\u00ed ochrann\u00e1 netkan\u00e1 text\u00edlie 1,6x10m -\" \/>\n<meta property=\"og:description\" content=\"Popis: Zimn\u00ed ochrana z\u00a0netkan\u00e9 text\u00edlie 1,6\u00d710 m Netkan\u00e1 text\u00edlie s\u00a0gram\u00e1\u017e\u00ed 30\u00a0gr\/m2 pro ochranu rostlin ake\u0159\u016f v\u00a0zimn\u00edm obdob\u00ed. Chr\u00e1n\u00ed p\u0159ed sn\u011bhem, mrazem, krupobit\u00edm a prudk\u00fdm v\u011btrem. Je mo\u017en\u00e9 snadno upravovat na pot\u0159ebnou d\u00e9lku. Chr\u00e1n\u00ed stromky a ke\u0159e p\u0159ed mrazem, siln\u00fdm v\u011btrem, sn\u011bhem nebo krupobit\u00edm Propou\u0161t\u00ed sv\u011btlo a vlhkost Snadn\u00e1 manipulace a \u00faprava na po\u017eadovanou d\u00e9lku \u0160\u00ed\u0159ka: [&hellip;]\" \/>\n<meta property=\"og:url\" content=\"https:\/\/www.technodompro.com\/index.php\/produkt\/nizka-cena-bradas-zimni-ochranna-netkana-textilie-1-6x10m-2497\/\" \/>\n<meta property=\"og:image\" content=\"https:\/\/www.technodompro.com\/wp-content\/uploads\/2026\/SK0017779-CZ20260425-091936-0-1777079982-bradas-zimni-ochranna-netkana-textilie-1-6x10m-w1200-h628-f.webp\" \/>\n\t<meta property=\"og:image:width\" content=\"1000\" \/>\n\t<meta property=\"og:image:height\" content=\"523\" \/>\n\t<meta property=\"og:image:type\" content=\"image\/webp\" \/>\n<meta name=\"twitter:card\" content=\"summary_large_image\" \/>\n<script type=\"application\/ld+json\" class=\"yoast-schema-graph\">{\"@context\":\"https:\/\/schema.org\",\"@graph\":[{\"@type\":\"WebPage\",\"@id\":\"https:\/\/www.technodompro.com\/index.php\/produkt\/nizka-cena-bradas-zimni-ochranna-netkana-textilie-1-6x10m-2497\/\",\"url\":\"https:\/\/www.technodompro.com\/index.php\/produkt\/nizka-cena-bradas-zimni-ochranna-netkana-textilie-1-6x10m-2497\/\",\"name\":\"N\u00edzk\u00e1 Cena Bradas Zimn\u00ed ochrann\u00e1 netkan\u00e1 text\u00edlie 1,6x10m -\",\"isPartOf\":{\"@id\":\"https:\/\/www.technodompro.com\/#website\"},\"primaryImageOfPage\":{\"@id\":\"https:\/\/www.technodompro.com\/index.php\/produkt\/nizka-cena-bradas-zimni-ochranna-netkana-textilie-1-6x10m-2497\/#primaryimage\"},\"image\":{\"@id\":\"https:\/\/www.technodompro.com\/index.php\/produkt\/nizka-cena-bradas-zimni-ochranna-netkana-textilie-1-6x10m-2497\/#primaryimage\"},\"thumbnailUrl\":\"https:\/\/www.technodompro.com\/wp-content\/uploads\/2026\/SK0017779-CZ20260425-091936-0-1777079982-bradas-zimni-ochranna-netkana-textilie-1-6x10m-w1200-h628-f.webp\",\"datePublished\":\"2026-04-27T04:40:40+00:00\",\"breadcrumb\":{\"@id\":\"https:\/\/www.technodompro.com\/index.php\/produkt\/nizka-cena-bradas-zimni-ochranna-netkana-textilie-1-6x10m-2497\/#breadcrumb\"},\"inLanguage\":\"cs\",\"potentialAction\":[{\"@type\":\"ReadAction\",\"target\":[\"https:\/\/www.technodompro.com\/index.php\/produkt\/nizka-cena-bradas-zimni-ochranna-netkana-textilie-1-6x10m-2497\/\"]}]},{\"@type\":\"ImageObject\",\"inLanguage\":\"cs\",\"@id\":\"https:\/\/www.technodompro.com\/index.php\/produkt\/nizka-cena-bradas-zimni-ochranna-netkana-textilie-1-6x10m-2497\/#primaryimage\",\"url\":\"https:\/\/www.technodompro.com\/wp-content\/uploads\/2026\/SK0017779-CZ20260425-091936-0-1777079982-bradas-zimni-ochranna-netkana-textilie-1-6x10m-w1200-h628-f.webp\",\"contentUrl\":\"https:\/\/www.technodompro.com\/wp-content\/uploads\/2026\/SK0017779-CZ20260425-091936-0-1777079982-bradas-zimni-ochranna-netkana-textilie-1-6x10m-w1200-h628-f.webp\",\"width\":1000,\"height\":523},{\"@type\":\"BreadcrumbList\",\"@id\":\"https:\/\/www.technodompro.com\/index.php\/produkt\/nizka-cena-bradas-zimni-ochranna-netkana-textilie-1-6x10m-2497\/#breadcrumb\",\"itemListElement\":[{\"@type\":\"ListItem\",\"position\":1,\"name\":\"Home\",\"item\":\"https:\/\/www.technodompro.com\/\"},{\"@type\":\"ListItem\",\"position\":2,\"name\":\"Products\",\"item\":\"https:\/\/www.technodompro.com\/index.php\/products\/\"},{\"@type\":\"ListItem\",\"position\":3,\"name\":\"N\u00edzk\u00e1 Cena Bradas Zimn\u00ed ochrann\u00e1 netkan\u00e1 text\u00edlie 1,6x10m\"}]},{\"@type\":\"WebSite\",\"@id\":\"https:\/\/www.technodompro.com\/#website\",\"url\":\"https:\/\/www.technodompro.com\/\",\"name\":\"\",\"description\":\"\",\"potentialAction\":[{\"@type\":\"SearchAction\",\"target\":{\"@type\":\"EntryPoint\",\"urlTemplate\":\"https:\/\/www.technodompro.com\/?s={search_term_string}\"},\"query-input\":{\"@type\":\"PropertyValueSpecification\",\"valueRequired\":true,\"valueName\":\"search_term_string\"}}],\"inLanguage\":\"cs\"}]}<\/script>\n<!-- \/ Yoast SEO plugin. -->","yoast_head_json":{"title":"N\u00edzk\u00e1 Cena Bradas Zimn\u00ed ochrann\u00e1 netkan\u00e1 text\u00edlie 1,6x10m -","robots":{"index":"index","follow":"follow","max-snippet":"max-snippet:-1","max-image-preview":"max-image-preview:large","max-video-preview":"max-video-preview:-1"},"canonical":"https:\/\/www.technodompro.com\/index.php\/produkt\/nizka-cena-bradas-zimni-ochranna-netkana-textilie-1-6x10m-2497\/","og_locale":"cs_CZ","og_type":"article","og_title":"N\u00edzk\u00e1 Cena Bradas Zimn\u00ed ochrann\u00e1 netkan\u00e1 text\u00edlie 1,6x10m -","og_description":"Popis: Zimn\u00ed ochrana z\u00a0netkan\u00e9 text\u00edlie 1,6\u00d710 m Netkan\u00e1 text\u00edlie s\u00a0gram\u00e1\u017e\u00ed 30\u00a0gr\/m2 pro ochranu rostlin ake\u0159\u016f v\u00a0zimn\u00edm obdob\u00ed. Chr\u00e1n\u00ed p\u0159ed sn\u011bhem, mrazem, krupobit\u00edm a prudk\u00fdm v\u011btrem. Je mo\u017en\u00e9 snadno upravovat na pot\u0159ebnou d\u00e9lku. Chr\u00e1n\u00ed stromky a ke\u0159e p\u0159ed mrazem, siln\u00fdm v\u011btrem, sn\u011bhem nebo krupobit\u00edm Propou\u0161t\u00ed sv\u011btlo a vlhkost Snadn\u00e1 manipulace a \u00faprava na po\u017eadovanou d\u00e9lku \u0160\u00ed\u0159ka: [&hellip;]","og_url":"https:\/\/www.technodompro.com\/index.php\/produkt\/nizka-cena-bradas-zimni-ochranna-netkana-textilie-1-6x10m-2497\/","og_image":[{"width":1000,"height":523,"url":"https:\/\/www.technodompro.com\/wp-content\/uploads\/2026\/SK0017779-CZ20260425-091936-0-1777079982-bradas-zimni-ochranna-netkana-textilie-1-6x10m-w1200-h628-f.webp","type":"image\/webp"}],"twitter_card":"summary_large_image","schema":{"@context":"https:\/\/schema.org","@graph":[{"@type":"WebPage","@id":"https:\/\/www.technodompro.com\/index.php\/produkt\/nizka-cena-bradas-zimni-ochranna-netkana-textilie-1-6x10m-2497\/","url":"https:\/\/www.technodompro.com\/index.php\/produkt\/nizka-cena-bradas-zimni-ochranna-netkana-textilie-1-6x10m-2497\/","name":"N\u00edzk\u00e1 Cena Bradas Zimn\u00ed ochrann\u00e1 netkan\u00e1 text\u00edlie 1,6x10m -","isPartOf":{"@id":"https:\/\/www.technodompro.com\/#website"},"primaryImageOfPage":{"@id":"https:\/\/www.technodompro.com\/index.php\/produkt\/nizka-cena-bradas-zimni-ochranna-netkana-textilie-1-6x10m-2497\/#primaryimage"},"image":{"@id":"https:\/\/www.technodompro.com\/index.php\/produkt\/nizka-cena-bradas-zimni-ochranna-netkana-textilie-1-6x10m-2497\/#primaryimage"},"thumbnailUrl":"https:\/\/www.technodompro.com\/wp-content\/uploads\/2026\/SK0017779-CZ20260425-091936-0-1777079982-bradas-zimni-ochranna-netkana-textilie-1-6x10m-w1200-h628-f.webp","datePublished":"2026-04-27T04:40:40+00:00","breadcrumb":{"@id":"https:\/\/www.technodompro.com\/index.php\/produkt\/nizka-cena-bradas-zimni-ochranna-netkana-textilie-1-6x10m-2497\/#breadcrumb"},"inLanguage":"cs","potentialAction":[{"@type":"ReadAction","target":["https:\/\/www.technodompro.com\/index.php\/produkt\/nizka-cena-bradas-zimni-ochranna-netkana-textilie-1-6x10m-2497\/"]}]},{"@type":"ImageObject","inLanguage":"cs","@id":"https:\/\/www.technodompro.com\/index.php\/produkt\/nizka-cena-bradas-zimni-ochranna-netkana-textilie-1-6x10m-2497\/#primaryimage","url":"https:\/\/www.technodompro.com\/wp-content\/uploads\/2026\/SK0017779-CZ20260425-091936-0-1777079982-bradas-zimni-ochranna-netkana-textilie-1-6x10m-w1200-h628-f.webp","contentUrl":"https:\/\/www.technodompro.com\/wp-content\/uploads\/2026\/SK0017779-CZ20260425-091936-0-1777079982-bradas-zimni-ochranna-netkana-textilie-1-6x10m-w1200-h628-f.webp","width":1000,"height":523},{"@type":"BreadcrumbList","@id":"https:\/\/www.technodompro.com\/index.php\/produkt\/nizka-cena-bradas-zimni-ochranna-netkana-textilie-1-6x10m-2497\/#breadcrumb","itemListElement":[{"@type":"ListItem","position":1,"name":"Home","item":"https:\/\/www.technodompro.com\/"},{"@type":"ListItem","position":2,"name":"Products","item":"https:\/\/www.technodompro.com\/index.php\/products\/"},{"@type":"ListItem","position":3,"name":"N\u00edzk\u00e1 Cena Bradas Zimn\u00ed ochrann\u00e1 netkan\u00e1 text\u00edlie 1,6x10m"}]},{"@type":"WebSite","@id":"https:\/\/www.technodompro.com\/#website","url":"https:\/\/www.technodompro.com\/","name":"","description":"","potentialAction":[{"@type":"SearchAction","target":{"@type":"EntryPoint","urlTemplate":"https:\/\/www.technodompro.com\/?s={search_term_string}"},"query-input":{"@type":"PropertyValueSpecification","valueRequired":true,"valueName":"search_term_string"}}],"inLanguage":"cs"}]}},"_links":{"self":[{"href":"https:\/\/www.technodompro.com\/index.php\/wp-json\/wp\/v2\/product\/2497","targetHints":{"allow":["GET"]}}],"collection":[{"href":"https:\/\/www.technodompro.com\/index.php\/wp-json\/wp\/v2\/product"}],"about":[{"href":"https:\/\/www.technodompro.com\/index.php\/wp-json\/wp\/v2\/types\/product"}],"replies":[{"embeddable":true,"href":"https:\/\/www.technodompro.com\/index.php\/wp-json\/wp\/v2\/comments?post=2497"}],"wp:featuredmedia":[{"embeddable":true,"href":"https:\/\/www.technodompro.com\/index.php\/wp-json\/wp\/v2\/media\/2597"}],"wp:attachment":[{"href":"https:\/\/www.technodompro.com\/index.php\/wp-json\/wp\/v2\/media?parent=2497"}],"wp:term":[{"taxonomy":"product_brand","embeddable":true,"href":"https:\/\/www.technodompro.com\/index.php\/wp-json\/wp\/v2\/product_brand?post=2497"},{"taxonomy":"product_cat","embeddable":true,"href":"https:\/\/www.technodompro.com\/index.php\/wp-json\/wp\/v2\/product_cat?post=2497"},{"taxonomy":"product_tag","embeddable":true,"href":"https:\/\/www.technodompro.com\/index.php\/wp-json\/wp\/v2\/product_tag?post=2497"}],"curies":[{"name":"wp","href":"https:\/\/api.w.org\/{rel}","templated":true}]}}