{"id":24978,"date":"2026-04-27T04:41:34","date_gmt":"2026-04-27T04:41:34","guid":{"rendered":""},"modified":"2026-04-27T04:41:34","modified_gmt":"2026-04-27T04:41:34","slug":"osma-kanalizacni-sachta-315x2000-mm-pruchozi-kg-200-poklop-plny-1-5t-cenova-bomba-24978","status":"publish","type":"product","link":"https:\/\/www.technodompro.com\/index.php\/produkt\/osma-kanalizacni-sachta-315x2000-mm-pruchozi-kg-200-poklop-plny-1-5t-cenova-bomba-24978\/","title":{"rendered":"OSMA kanaliza\u010dn\u00ed \u0161achta 315&#215;2000 mm pr\u016fchoz\u00ed KG 200 poklop pln\u00fd &#8211; 1,5t Cenov\u00e1 Bomba"},"content":{"rendered":"<div id=\"e187671\" class=\"pages\">\n<div>\n<div id=\"PDDescription\" class=\"UserContentView userContent v1a v1 bs-view dcon dc164 PDDescription\" ><dc-con><dc-con><bs-empty><\/bs-empty><\/dc-con><dc-con>        <\/p>\n<div class=\"customDescription\">                    <\/div>\n<p><\/dc-con><dc-con><\/p>\n<p align=\"LEFT\"><strong>OSMA kanaliza\u010dn\u00ed \u0161achta 315&#215;2000 mm pr\u016fchoz\u00ed KG 200 poklop pln\u00fd &#8211; 1,5t<\/strong><\/p>\n<p align=\"LEFT\">Dna revizn\u00edch \u0161achet a uli\u010dn\u00edch vpust\u00ed, vyr\u00e1b\u011bn\u00e1 z polypropylenu, disponuj\u00edc\u00ed homogenn\u00ed st\u011bnou s vysokou kruhovou tuhost\u00ed a vynikaj\u00edc\u00ed svou vysokou teplotn\u00ed odolnost\u00ed dlouhodob\u011b do 90 oC. Dna jsou ur\u010dena jako z\u00e1klad pro konstrukci revizn\u00edch \u0161achet domovn\u00edch kanaliza\u010dn\u00edch p\u0159\u00edpojek a dvorn\u00edch vpust\u00ed jako sou\u010d\u00e1sti de\u0161\u0165ov\u00e9 kanalizace.<\/p>\n<p>\u0160achtov\u00e9 trouby jsou vyr\u00e1b\u011bn\u00e9 z PVC a vlnovce z polypropylenu. \u0160achtov\u00e9 trouby a teleskopy jsou ur\u010deny pro konstrukci revizn\u00edch \u0161achet domovn\u00edch kanaliza\u010dn\u00edch p\u0159\u00edpojek a dvorn\u00edch vpust\u00ed jako sou\u010d\u00e1sti de\u0161\u0165ov\u00e9 kanalizace.<\/p>\n<p align=\"LEFT\">\u0160ACHTOV\u00c9 DNO Je vyr\u00e1b\u011bno z polypropylenu (PP) ve dvou z\u00e1kladn\u00edch proveden\u00edch, s r\u016fzn\u00fdmi\u00a0velikost\u00ed p\u0159ipojen\u00ed\u00a0vtok\u016f. V\u0161echny vtoky jsou opat\u0159eny hrdlem s v\u00edceb\u0159it\u00fdm t\u011bsn\u00edc\u00edm krou\u017ekem. Nepou\u017e\u00edvan\u00e9 vtoky je mo\u017en\u00e9 zaslepit hrdlov\u00fdm uz\u00e1v\u011brem. Dokonal\u00e1 t\u011bsnost spojen\u00ed \u0161achtov\u00e9ho dna s potrub\u00edm a s \u0161achtovou roubou zaji\u0161\u0165uje odolnost cel\u00e9ho d\u00edla v\u016f\u010di pr\u016fsaku vody ven\u010d\u00ed do t\u011blesa \u0161achty (nap\u0159. p\u0159i vysok\u00e9 hladin\u011b podzemn\u00ed vody) nebo naopak zabra\u0148uje kontaminaci podzemn\u00edch vod spla\u0161kov\u00fdmi i odpadn\u00edmi vodami.<\/p>\n<p align=\"LEFT\">POCH\u016eZN\u00dd POKLOP (A15)<\/p>\n<p align=\"LEFT\">LITINOV\u00dd A PLASTOV\u00dd je za\u0159azen mezi dopl\u0148ky RV-Syst\u00e9m OSMA, nebo\u0165 je odli\u0161n\u00e1 od mont\u00e1\u017ee \u0161achty s teleskopem. Usazuje se p\u0159\u00edmo na \u0161achtovou troubu, zkr\u00e1cenou p\u0159esn\u011b do v\u00fd\u0161ky ter\u00e9nu. Sv\u00e9 uplatn\u011bn\u00ed nach\u00e1z\u00ed p\u0159edev\u0161\u00edm ve voln\u00e9m ter\u00e9nu a na p\u00edskov\u00fdch cest\u00e1ch.<\/p>\n<p align=\"LEFT\">TELESKOP S LITINOV\u00ddM POKLOPEM<\/p>\n<p align=\"LEFT\">Je nejvariabiln\u011bj\u0161\u00edm prvkem syst\u00e9mu, kter\u00fd ur\u010duje kone\u010dnou funkci \u0161achty. Teleskop je dod\u00e1v\u00e1n v rozm\u011brov\u00e9 \u0159ad\u011b DN 315. Jeho horn\u00ed \u010d\u00e1st je pevn\u011b osazena litinov\u00fdm poklopem s nosnost\u00ed 12,5 t nebo 40 t, opat\u0159en\u00fdm t\u011bsn\u00fdm uz\u00e1v\u011brem, s pr\u016fduchy nebo m\u0159\u00ed\u017ekou pro odv\u011btr\u00e1n\u00ed. Ned\u00edlnou sou\u010d\u00e1st\u00ed teleskopu je gumov\u00e1 t\u011bsn\u00edc\u00ed man\u017eeta, slou\u017e\u00edc\u00ed k p\u0159ipojen\u00ed na \u0161achtovou troubu.<\/p>\n<p align=\"LEFT\"><span style=\"color: #ff0000;\"><strong>\u0160achty je mo\u017en\u00e9 libovoln\u011b zkracovat se\u0159\u00edznut\u00edm korugovan\u00e9 trubky.<\/strong><\/span><\/p>\n<p><a target=\"_blank\" href=\"http:\/\/www.kanalizacezplastu.cz\/media\/BAhbBlsHOgZmSSIrMjAxNi8wNC8wMS8wMl8zNF8zMV85NDNfUlZfQ1pfMjAxNi5wZGYGOgZFVA\/RV_CZ_2016.pdf?sha=47c14d2f\">katalog ke sta\u017een\u00ed zde:<\/a><\/p>\n<p><\/dc-con><\/dc-con><\/div>\n<\/p><\/div>\n<div id=\"PDTable3\" class=\"ProductDetailTableView v3a v3 bs-view dcon dc185 PDTable3\" >\n<table>\n<thead><\/thead>\n<tbody>\n<tr class=\"attribute attr_pripojeni\">\n<td class=\"caption\">P\u0159ipojen\u00ed<\/td>\n<td class=\"value\">Pr\u016fchoz\u00ed &#8211; p\u0159\u00edm\u00e9<\/td>\n<\/tr>\n<tr class=\"attribute attr_Vyska attr_1\">\n<td class=\"caption\">V\u00fd\u0161ka v mm<\/td>\n<td class=\"value\">2000<\/td>\n<\/tr>\n<tr class=\"attribute attr_Odpad\">\n<td class=\"caption\">Odpad<\/td>\n<td class=\"value\">DN200<\/td>\n<\/tr>\n<tr class=\"attribute attr_nosnost\">\n<td class=\"caption\">Nosnost<\/td>\n<td class=\"value\">1,5 tuny<\/td>\n<\/tr>\n<tr class=\"attribute attr_typ\">\n<td class=\"caption\">Typ<\/td>\n<td class=\"value\">Poklop pln\u00fd<\/td>\n<\/tr>\n<tr class=\"attribute attr_dimenze\">\n<td class=\"caption\">Dimenze &#8211; DN<\/td>\n<td class=\"value\">315<\/td>\n<\/tr>\n<tr class=\"attribute attr_bsshop_maker\">\n<td class=\"caption\">V\u00fdrobce<\/td>\n<td class=\"value\">OSMA<\/td>\n<\/tr>\n<\/tbody>\n<\/table>\n<\/div>\n<\/div>\n<div id=\"e187672\" class=\"tabs\">\n","protected":false},"excerpt":{"rendered":"<p>OSMA kanaliza\u010dn\u00ed \u0161achta 315&#215;2000 mm pr\u016fchoz\u00ed KG 200 poklop pln\u00fd &#8211; 1,5t Dna revizn\u00edch \u0161achet a uli\u010dn\u00edch vpust\u00ed, vyr\u00e1b\u011bn\u00e1 z polypropylenu, disponuj\u00edc\u00ed homogenn\u00ed st\u011bnou s vysokou kruhovou tuhost\u00ed a vynikaj\u00edc\u00ed svou vysokou teplotn\u00ed odolnost\u00ed dlouhodob\u011b do 90 oC. Dna jsou ur\u010dena jako z\u00e1klad pro konstrukci revizn\u00edch \u0161achet domovn\u00edch kanaliza\u010dn\u00edch p\u0159\u00edpojek a dvorn\u00edch vpust\u00ed jako sou\u010d\u00e1sti [&hellip;]<\/p>\n","protected":false},"featured_media":25078,"comment_status":"open","ping_status":"open","template":"","meta":[],"product_brand":[],"product_cat":[94],"product_tag":[],"class_list":{"0":"post-24978","1":"product","2":"type-product","3":"status-publish","4":"has-post-thumbnail","6":"product_cat-kanalizace-vodovod","8":"first","9":"instock","10":"sale","11":"shipping-taxable","12":"purchasable","13":"product-type-simple"},"yoast_head":"<!-- This site is optimized with the Yoast SEO plugin v26.8 - https:\/\/yoast.com\/product\/yoast-seo-wordpress\/ -->\n<title>OSMA kanaliza\u010dn\u00ed \u0161achta 315x2000 mm pr\u016fchoz\u00ed KG 200 poklop pln\u00fd - 1,5t Cenov\u00e1 Bomba -<\/title>\n<meta name=\"robots\" content=\"index, follow, max-snippet:-1, max-image-preview:large, max-video-preview:-1\" \/>\n<link rel=\"canonical\" href=\"https:\/\/www.technodompro.com\/index.php\/produkt\/osma-kanalizacni-sachta-315x2000-mm-pruchozi-kg-200-poklop-plny-1-5t-cenova-bomba-24978\/\" \/>\n<meta property=\"og:locale\" content=\"cs_CZ\" \/>\n<meta property=\"og:type\" content=\"article\" \/>\n<meta property=\"og:title\" content=\"OSMA kanaliza\u010dn\u00ed \u0161achta 315x2000 mm pr\u016fchoz\u00ed KG 200 poklop pln\u00fd - 1,5t Cenov\u00e1 Bomba -\" \/>\n<meta property=\"og:description\" content=\"OSMA kanaliza\u010dn\u00ed \u0161achta 315&#215;2000 mm pr\u016fchoz\u00ed KG 200 poklop pln\u00fd &#8211; 1,5t Dna revizn\u00edch \u0161achet a uli\u010dn\u00edch vpust\u00ed, vyr\u00e1b\u011bn\u00e1 z polypropylenu, disponuj\u00edc\u00ed homogenn\u00ed st\u011bnou s vysokou kruhovou tuhost\u00ed a vynikaj\u00edc\u00ed svou vysokou teplotn\u00ed odolnost\u00ed dlouhodob\u011b do 90 oC. Dna jsou ur\u010dena jako z\u00e1klad pro konstrukci revizn\u00edch \u0161achet domovn\u00edch kanaliza\u010dn\u00edch p\u0159\u00edpojek a dvorn\u00edch vpust\u00ed jako sou\u010d\u00e1sti [&hellip;]\" \/>\n<meta property=\"og:url\" content=\"https:\/\/www.technodompro.com\/index.php\/produkt\/osma-kanalizacni-sachta-315x2000-mm-pruchozi-kg-200-poklop-plny-1-5t-cenova-bomba-24978\/\" \/>\n<meta property=\"og:image\" content=\"https:\/\/www.technodompro.com\/wp-content\/uploads\/2026\/SK0011916-CZ20260425-093449-0-1777080895-osma-kanalizacni-sachta-315x2000-mm-pruchozi-kg-200-poklop-.webp\" \/>\n\t<meta property=\"og:image:width\" content=\"1000\" \/>\n\t<meta property=\"og:image:height\" content=\"525\" \/>\n\t<meta property=\"og:image:type\" content=\"image\/webp\" \/>\n<meta name=\"twitter:card\" content=\"summary_large_image\" \/>\n<meta name=\"twitter:label1\" content=\"Odhadovan\u00e1 doba \u010dten\u00ed\" \/>\n\t<meta name=\"twitter:data1\" content=\"2 minuty\" \/>\n<script type=\"application\/ld+json\" class=\"yoast-schema-graph\">{\"@context\":\"https:\/\/schema.org\",\"@graph\":[{\"@type\":\"WebPage\",\"@id\":\"https:\/\/www.technodompro.com\/index.php\/produkt\/osma-kanalizacni-sachta-315x2000-mm-pruchozi-kg-200-poklop-plny-1-5t-cenova-bomba-24978\/\",\"url\":\"https:\/\/www.technodompro.com\/index.php\/produkt\/osma-kanalizacni-sachta-315x2000-mm-pruchozi-kg-200-poklop-plny-1-5t-cenova-bomba-24978\/\",\"name\":\"OSMA kanaliza\u010dn\u00ed \u0161achta 315x2000 mm pr\u016fchoz\u00ed KG 200 poklop pln\u00fd - 1,5t Cenov\u00e1 Bomba -\",\"isPartOf\":{\"@id\":\"https:\/\/www.technodompro.com\/#website\"},\"primaryImageOfPage\":{\"@id\":\"https:\/\/www.technodompro.com\/index.php\/produkt\/osma-kanalizacni-sachta-315x2000-mm-pruchozi-kg-200-poklop-plny-1-5t-cenova-bomba-24978\/#primaryimage\"},\"image\":{\"@id\":\"https:\/\/www.technodompro.com\/index.php\/produkt\/osma-kanalizacni-sachta-315x2000-mm-pruchozi-kg-200-poklop-plny-1-5t-cenova-bomba-24978\/#primaryimage\"},\"thumbnailUrl\":\"https:\/\/www.technodompro.com\/wp-content\/uploads\/2026\/SK0011916-CZ20260425-093449-0-1777080895-osma-kanalizacni-sachta-315x2000-mm-pruchozi-kg-200-poklop-.webp\",\"datePublished\":\"2026-04-27T04:41:34+00:00\",\"breadcrumb\":{\"@id\":\"https:\/\/www.technodompro.com\/index.php\/produkt\/osma-kanalizacni-sachta-315x2000-mm-pruchozi-kg-200-poklop-plny-1-5t-cenova-bomba-24978\/#breadcrumb\"},\"inLanguage\":\"cs\",\"potentialAction\":[{\"@type\":\"ReadAction\",\"target\":[\"https:\/\/www.technodompro.com\/index.php\/produkt\/osma-kanalizacni-sachta-315x2000-mm-pruchozi-kg-200-poklop-plny-1-5t-cenova-bomba-24978\/\"]}]},{\"@type\":\"ImageObject\",\"inLanguage\":\"cs\",\"@id\":\"https:\/\/www.technodompro.com\/index.php\/produkt\/osma-kanalizacni-sachta-315x2000-mm-pruchozi-kg-200-poklop-plny-1-5t-cenova-bomba-24978\/#primaryimage\",\"url\":\"https:\/\/www.technodompro.com\/wp-content\/uploads\/2026\/SK0011916-CZ20260425-093449-0-1777080895-osma-kanalizacni-sachta-315x2000-mm-pruchozi-kg-200-poklop-.webp\",\"contentUrl\":\"https:\/\/www.technodompro.com\/wp-content\/uploads\/2026\/SK0011916-CZ20260425-093449-0-1777080895-osma-kanalizacni-sachta-315x2000-mm-pruchozi-kg-200-poklop-.webp\",\"width\":1000,\"height\":525},{\"@type\":\"BreadcrumbList\",\"@id\":\"https:\/\/www.technodompro.com\/index.php\/produkt\/osma-kanalizacni-sachta-315x2000-mm-pruchozi-kg-200-poklop-plny-1-5t-cenova-bomba-24978\/#breadcrumb\",\"itemListElement\":[{\"@type\":\"ListItem\",\"position\":1,\"name\":\"Home\",\"item\":\"https:\/\/www.technodompro.com\/\"},{\"@type\":\"ListItem\",\"position\":2,\"name\":\"Products\",\"item\":\"https:\/\/www.technodompro.com\/index.php\/products\/\"},{\"@type\":\"ListItem\",\"position\":3,\"name\":\"OSMA kanaliza\u010dn\u00ed \u0161achta 315&#215;2000 mm pr\u016fchoz\u00ed KG 200 poklop pln\u00fd &#8211; 1,5t Cenov\u00e1 Bomba\"}]},{\"@type\":\"WebSite\",\"@id\":\"https:\/\/www.technodompro.com\/#website\",\"url\":\"https:\/\/www.technodompro.com\/\",\"name\":\"\",\"description\":\"\",\"potentialAction\":[{\"@type\":\"SearchAction\",\"target\":{\"@type\":\"EntryPoint\",\"urlTemplate\":\"https:\/\/www.technodompro.com\/?s={search_term_string}\"},\"query-input\":{\"@type\":\"PropertyValueSpecification\",\"valueRequired\":true,\"valueName\":\"search_term_string\"}}],\"inLanguage\":\"cs\"}]}<\/script>\n<!-- \/ Yoast SEO plugin. -->","yoast_head_json":{"title":"OSMA kanaliza\u010dn\u00ed \u0161achta 315x2000 mm pr\u016fchoz\u00ed KG 200 poklop pln\u00fd - 1,5t Cenov\u00e1 Bomba -","robots":{"index":"index","follow":"follow","max-snippet":"max-snippet:-1","max-image-preview":"max-image-preview:large","max-video-preview":"max-video-preview:-1"},"canonical":"https:\/\/www.technodompro.com\/index.php\/produkt\/osma-kanalizacni-sachta-315x2000-mm-pruchozi-kg-200-poklop-plny-1-5t-cenova-bomba-24978\/","og_locale":"cs_CZ","og_type":"article","og_title":"OSMA kanaliza\u010dn\u00ed \u0161achta 315x2000 mm pr\u016fchoz\u00ed KG 200 poklop pln\u00fd - 1,5t Cenov\u00e1 Bomba -","og_description":"OSMA kanaliza\u010dn\u00ed \u0161achta 315&#215;2000 mm pr\u016fchoz\u00ed KG 200 poklop pln\u00fd &#8211; 1,5t Dna revizn\u00edch \u0161achet a uli\u010dn\u00edch vpust\u00ed, vyr\u00e1b\u011bn\u00e1 z polypropylenu, disponuj\u00edc\u00ed homogenn\u00ed st\u011bnou s vysokou kruhovou tuhost\u00ed a vynikaj\u00edc\u00ed svou vysokou teplotn\u00ed odolnost\u00ed dlouhodob\u011b do 90 oC. Dna jsou ur\u010dena jako z\u00e1klad pro konstrukci revizn\u00edch \u0161achet domovn\u00edch kanaliza\u010dn\u00edch p\u0159\u00edpojek a dvorn\u00edch vpust\u00ed jako sou\u010d\u00e1sti [&hellip;]","og_url":"https:\/\/www.technodompro.com\/index.php\/produkt\/osma-kanalizacni-sachta-315x2000-mm-pruchozi-kg-200-poklop-plny-1-5t-cenova-bomba-24978\/","og_image":[{"width":1000,"height":525,"url":"https:\/\/www.technodompro.com\/wp-content\/uploads\/2026\/SK0011916-CZ20260425-093449-0-1777080895-osma-kanalizacni-sachta-315x2000-mm-pruchozi-kg-200-poklop-.webp","type":"image\/webp"}],"twitter_card":"summary_large_image","twitter_misc":{"Odhadovan\u00e1 doba \u010dten\u00ed":"2 minuty"},"schema":{"@context":"https:\/\/schema.org","@graph":[{"@type":"WebPage","@id":"https:\/\/www.technodompro.com\/index.php\/produkt\/osma-kanalizacni-sachta-315x2000-mm-pruchozi-kg-200-poklop-plny-1-5t-cenova-bomba-24978\/","url":"https:\/\/www.technodompro.com\/index.php\/produkt\/osma-kanalizacni-sachta-315x2000-mm-pruchozi-kg-200-poklop-plny-1-5t-cenova-bomba-24978\/","name":"OSMA kanaliza\u010dn\u00ed \u0161achta 315x2000 mm pr\u016fchoz\u00ed KG 200 poklop pln\u00fd - 1,5t Cenov\u00e1 Bomba -","isPartOf":{"@id":"https:\/\/www.technodompro.com\/#website"},"primaryImageOfPage":{"@id":"https:\/\/www.technodompro.com\/index.php\/produkt\/osma-kanalizacni-sachta-315x2000-mm-pruchozi-kg-200-poklop-plny-1-5t-cenova-bomba-24978\/#primaryimage"},"image":{"@id":"https:\/\/www.technodompro.com\/index.php\/produkt\/osma-kanalizacni-sachta-315x2000-mm-pruchozi-kg-200-poklop-plny-1-5t-cenova-bomba-24978\/#primaryimage"},"thumbnailUrl":"https:\/\/www.technodompro.com\/wp-content\/uploads\/2026\/SK0011916-CZ20260425-093449-0-1777080895-osma-kanalizacni-sachta-315x2000-mm-pruchozi-kg-200-poklop-.webp","datePublished":"2026-04-27T04:41:34+00:00","breadcrumb":{"@id":"https:\/\/www.technodompro.com\/index.php\/produkt\/osma-kanalizacni-sachta-315x2000-mm-pruchozi-kg-200-poklop-plny-1-5t-cenova-bomba-24978\/#breadcrumb"},"inLanguage":"cs","potentialAction":[{"@type":"ReadAction","target":["https:\/\/www.technodompro.com\/index.php\/produkt\/osma-kanalizacni-sachta-315x2000-mm-pruchozi-kg-200-poklop-plny-1-5t-cenova-bomba-24978\/"]}]},{"@type":"ImageObject","inLanguage":"cs","@id":"https:\/\/www.technodompro.com\/index.php\/produkt\/osma-kanalizacni-sachta-315x2000-mm-pruchozi-kg-200-poklop-plny-1-5t-cenova-bomba-24978\/#primaryimage","url":"https:\/\/www.technodompro.com\/wp-content\/uploads\/2026\/SK0011916-CZ20260425-093449-0-1777080895-osma-kanalizacni-sachta-315x2000-mm-pruchozi-kg-200-poklop-.webp","contentUrl":"https:\/\/www.technodompro.com\/wp-content\/uploads\/2026\/SK0011916-CZ20260425-093449-0-1777080895-osma-kanalizacni-sachta-315x2000-mm-pruchozi-kg-200-poklop-.webp","width":1000,"height":525},{"@type":"BreadcrumbList","@id":"https:\/\/www.technodompro.com\/index.php\/produkt\/osma-kanalizacni-sachta-315x2000-mm-pruchozi-kg-200-poklop-plny-1-5t-cenova-bomba-24978\/#breadcrumb","itemListElement":[{"@type":"ListItem","position":1,"name":"Home","item":"https:\/\/www.technodompro.com\/"},{"@type":"ListItem","position":2,"name":"Products","item":"https:\/\/www.technodompro.com\/index.php\/products\/"},{"@type":"ListItem","position":3,"name":"OSMA kanaliza\u010dn\u00ed \u0161achta 315&#215;2000 mm pr\u016fchoz\u00ed KG 200 poklop pln\u00fd &#8211; 1,5t Cenov\u00e1 Bomba"}]},{"@type":"WebSite","@id":"https:\/\/www.technodompro.com\/#website","url":"https:\/\/www.technodompro.com\/","name":"","description":"","potentialAction":[{"@type":"SearchAction","target":{"@type":"EntryPoint","urlTemplate":"https:\/\/www.technodompro.com\/?s={search_term_string}"},"query-input":{"@type":"PropertyValueSpecification","valueRequired":true,"valueName":"search_term_string"}}],"inLanguage":"cs"}]}},"_links":{"self":[{"href":"https:\/\/www.technodompro.com\/index.php\/wp-json\/wp\/v2\/product\/24978","targetHints":{"allow":["GET"]}}],"collection":[{"href":"https:\/\/www.technodompro.com\/index.php\/wp-json\/wp\/v2\/product"}],"about":[{"href":"https:\/\/www.technodompro.com\/index.php\/wp-json\/wp\/v2\/types\/product"}],"replies":[{"embeddable":true,"href":"https:\/\/www.technodompro.com\/index.php\/wp-json\/wp\/v2\/comments?post=24978"}],"wp:featuredmedia":[{"embeddable":true,"href":"https:\/\/www.technodompro.com\/index.php\/wp-json\/wp\/v2\/media\/25078"}],"wp:attachment":[{"href":"https:\/\/www.technodompro.com\/index.php\/wp-json\/wp\/v2\/media?parent=24978"}],"wp:term":[{"taxonomy":"product_brand","embeddable":true,"href":"https:\/\/www.technodompro.com\/index.php\/wp-json\/wp\/v2\/product_brand?post=24978"},{"taxonomy":"product_cat","embeddable":true,"href":"https:\/\/www.technodompro.com\/index.php\/wp-json\/wp\/v2\/product_cat?post=24978"},{"taxonomy":"product_tag","embeddable":true,"href":"https:\/\/www.technodompro.com\/index.php\/wp-json\/wp\/v2\/product_tag?post=24978"}],"curies":[{"name":"wp","href":"https:\/\/api.w.org\/{rel}","templated":true}]}}