{"id":2499,"date":"2026-04-27T04:40:40","date_gmt":"2026-04-27T04:40:40","guid":{"rendered":""},"modified":"2026-04-27T04:40:40","modified_gmt":"2026-04-27T04:40:40","slug":"ihned-k-objednani-bradas-snekova-hadicova-spona-z-nerezove-oceli-32-50-mm-2499","status":"publish","type":"product","link":"https:\/\/www.technodompro.com\/index.php\/produkt\/ihned-k-objednani-bradas-snekova-hadicova-spona-z-nerezove-oceli-32-50-mm-2499\/","title":{"rendered":"Ihned K Objedn\u00e1n\u00ed Bradas \u0160nekov\u00e1 hadicov\u00e1 spona z nerezov\u00e9 oceli  32-50 mm"},"content":{"rendered":"<div class=\"detail-description__right\">\t\t\t\t<\/div>\n<div class=\"detail-description__top\">\t\t\t\t<\/div>\n<div class=\"detail-description__left\">\n<div class=\"detail-description__left__overflow\">\n<div class=\"detail-description__left__head\">\t\t\t\t\t\tPopis:\t\t\t\t\t<\/div>\n<div class=\"ul-style ul-style--check\">\n<p><strong>\u0160nekov\u00e1 hadicov\u00e1 spona z\u00a0nerezov\u00e9 oceli BRADAS32\u201350\u00a0mm<\/strong><\/p>\n<p>\u0160nekov\u00e9 spony z\u00a0nerezov\u00e9 oceli \u201eBRADAS\u201c 9\u00a0mm.\u00a0Produkt nejvy\u0161\u0161\u00edkvality je vyroben\u00fd v\u00a0souladu s\u00a0p\u0159\u00edsn\u00fdmi normami ISO9001. Speci\u00e1ln\u00edstruktura svorky zaji\u0161\u0165uje vysokou pevnost a t\u011bsnost spojen\u00ed.\u00a0P\u0159ipou\u017eit\u00ed spon BRADAS nehroz\u00ed nebezpe\u010d\u00ed po\u0161kozen\u00ed hadice.<\/p>\n<p><strong>Vlastnosti:<\/strong><\/p>\n<ul class=\"plusminus\">\n<li><i class=\"fas fa-check\"><\/i><span>Nerezov\u00e1 ocel<\/span><\/li>\n<li><i class=\"fas fa-check\"><\/i><span>Nepo\u0161kozuje hadici<\/span><\/li>\n<li><i class=\"fas fa-check\"><\/i><span>Rozsah spony: 32\u201350 mm<\/span><\/li>\n<\/ul>\n<\/div>\n<div class=\"detail-description__left__more\">\t\t\t\t\t\t<span> <\/span><span> <\/span>\t\t\t\t\t<\/div>\n<\/p><\/div>\n<\/p><\/div>\n<div class=\"detail-description__more\"><span> <\/span><span> <\/span><\/div>\n<\/p><\/div>\n<\/p><\/div>\n","protected":false},"excerpt":{"rendered":"<p>Popis: \u0160nekov\u00e1 hadicov\u00e1 spona z\u00a0nerezov\u00e9 oceli BRADAS32\u201350\u00a0mm \u0160nekov\u00e9 spony z\u00a0nerezov\u00e9 oceli \u201eBRADAS\u201c 9\u00a0mm.\u00a0Produkt nejvy\u0161\u0161\u00edkvality je vyroben\u00fd v\u00a0souladu s\u00a0p\u0159\u00edsn\u00fdmi normami ISO9001. Speci\u00e1ln\u00edstruktura svorky zaji\u0161\u0165uje vysokou pevnost a t\u011bsnost spojen\u00ed.\u00a0P\u0159ipou\u017eit\u00ed spon BRADAS nehroz\u00ed nebezpe\u010d\u00ed po\u0161kozen\u00ed hadice. Vlastnosti: Nerezov\u00e1 ocel Nepo\u0161kozuje hadici Rozsah spony: 32\u201350 mm<\/p>\n","protected":false},"featured_media":2599,"comment_status":"open","ping_status":"open","template":"","meta":[],"product_brand":[],"product_cat":[36],"product_tag":[],"class_list":{"0":"post-2499","1":"product","2":"type-product","3":"status-publish","4":"has-post-thumbnail","6":"product_cat-zahrada","8":"first","9":"instock","10":"sale","11":"shipping-taxable","12":"purchasable","13":"product-type-simple"},"yoast_head":"<!-- This site is optimized with the Yoast SEO plugin v26.8 - https:\/\/yoast.com\/product\/yoast-seo-wordpress\/ -->\n<title>Ihned K Objedn\u00e1n\u00ed Bradas \u0160nekov\u00e1 hadicov\u00e1 spona z nerezov\u00e9 oceli 32-50 mm -<\/title>\n<meta name=\"robots\" content=\"index, follow, max-snippet:-1, max-image-preview:large, max-video-preview:-1\" \/>\n<link rel=\"canonical\" href=\"https:\/\/www.technodompro.com\/index.php\/produkt\/ihned-k-objednani-bradas-snekova-hadicova-spona-z-nerezove-oceli-32-50-mm-2499\/\" \/>\n<meta property=\"og:locale\" content=\"cs_CZ\" \/>\n<meta property=\"og:type\" content=\"article\" \/>\n<meta property=\"og:title\" content=\"Ihned K Objedn\u00e1n\u00ed Bradas \u0160nekov\u00e1 hadicov\u00e1 spona z nerezov\u00e9 oceli 32-50 mm -\" \/>\n<meta property=\"og:description\" content=\"Popis: \u0160nekov\u00e1 hadicov\u00e1 spona z\u00a0nerezov\u00e9 oceli BRADAS32\u201350\u00a0mm \u0160nekov\u00e9 spony z\u00a0nerezov\u00e9 oceli \u201eBRADAS\u201c 9\u00a0mm.\u00a0Produkt nejvy\u0161\u0161\u00edkvality je vyroben\u00fd v\u00a0souladu s\u00a0p\u0159\u00edsn\u00fdmi normami ISO9001. Speci\u00e1ln\u00edstruktura svorky zaji\u0161\u0165uje vysokou pevnost a t\u011bsnost spojen\u00ed.\u00a0P\u0159ipou\u017eit\u00ed spon BRADAS nehroz\u00ed nebezpe\u010d\u00ed po\u0161kozen\u00ed hadice. Vlastnosti: Nerezov\u00e1 ocel Nepo\u0161kozuje hadici Rozsah spony: 32\u201350 mm\" \/>\n<meta property=\"og:url\" content=\"https:\/\/www.technodompro.com\/index.php\/produkt\/ihned-k-objednani-bradas-snekova-hadicova-spona-z-nerezove-oceli-32-50-mm-2499\/\" \/>\n<meta property=\"og:image\" content=\"https:\/\/www.technodompro.com\/wp-content\/uploads\/2026\/SK0017781-CZ20260425-091936-0-1777079982-bradas-snekova-hadicova-spona-z-nerezove-oceli-32-50-mm-w12.webp\" \/>\n\t<meta property=\"og:image:width\" content=\"1000\" \/>\n\t<meta property=\"og:image:height\" content=\"523\" \/>\n\t<meta property=\"og:image:type\" content=\"image\/webp\" \/>\n<meta name=\"twitter:card\" content=\"summary_large_image\" \/>\n<script type=\"application\/ld+json\" class=\"yoast-schema-graph\">{\"@context\":\"https:\/\/schema.org\",\"@graph\":[{\"@type\":\"WebPage\",\"@id\":\"https:\/\/www.technodompro.com\/index.php\/produkt\/ihned-k-objednani-bradas-snekova-hadicova-spona-z-nerezove-oceli-32-50-mm-2499\/\",\"url\":\"https:\/\/www.technodompro.com\/index.php\/produkt\/ihned-k-objednani-bradas-snekova-hadicova-spona-z-nerezove-oceli-32-50-mm-2499\/\",\"name\":\"Ihned K Objedn\u00e1n\u00ed Bradas \u0160nekov\u00e1 hadicov\u00e1 spona z nerezov\u00e9 oceli 32-50 mm -\",\"isPartOf\":{\"@id\":\"https:\/\/www.technodompro.com\/#website\"},\"primaryImageOfPage\":{\"@id\":\"https:\/\/www.technodompro.com\/index.php\/produkt\/ihned-k-objednani-bradas-snekova-hadicova-spona-z-nerezove-oceli-32-50-mm-2499\/#primaryimage\"},\"image\":{\"@id\":\"https:\/\/www.technodompro.com\/index.php\/produkt\/ihned-k-objednani-bradas-snekova-hadicova-spona-z-nerezove-oceli-32-50-mm-2499\/#primaryimage\"},\"thumbnailUrl\":\"https:\/\/www.technodompro.com\/wp-content\/uploads\/2026\/SK0017781-CZ20260425-091936-0-1777079982-bradas-snekova-hadicova-spona-z-nerezove-oceli-32-50-mm-w12.webp\",\"datePublished\":\"2026-04-27T04:40:40+00:00\",\"breadcrumb\":{\"@id\":\"https:\/\/www.technodompro.com\/index.php\/produkt\/ihned-k-objednani-bradas-snekova-hadicova-spona-z-nerezove-oceli-32-50-mm-2499\/#breadcrumb\"},\"inLanguage\":\"cs\",\"potentialAction\":[{\"@type\":\"ReadAction\",\"target\":[\"https:\/\/www.technodompro.com\/index.php\/produkt\/ihned-k-objednani-bradas-snekova-hadicova-spona-z-nerezove-oceli-32-50-mm-2499\/\"]}]},{\"@type\":\"ImageObject\",\"inLanguage\":\"cs\",\"@id\":\"https:\/\/www.technodompro.com\/index.php\/produkt\/ihned-k-objednani-bradas-snekova-hadicova-spona-z-nerezove-oceli-32-50-mm-2499\/#primaryimage\",\"url\":\"https:\/\/www.technodompro.com\/wp-content\/uploads\/2026\/SK0017781-CZ20260425-091936-0-1777079982-bradas-snekova-hadicova-spona-z-nerezove-oceli-32-50-mm-w12.webp\",\"contentUrl\":\"https:\/\/www.technodompro.com\/wp-content\/uploads\/2026\/SK0017781-CZ20260425-091936-0-1777079982-bradas-snekova-hadicova-spona-z-nerezove-oceli-32-50-mm-w12.webp\",\"width\":1000,\"height\":523},{\"@type\":\"BreadcrumbList\",\"@id\":\"https:\/\/www.technodompro.com\/index.php\/produkt\/ihned-k-objednani-bradas-snekova-hadicova-spona-z-nerezove-oceli-32-50-mm-2499\/#breadcrumb\",\"itemListElement\":[{\"@type\":\"ListItem\",\"position\":1,\"name\":\"Home\",\"item\":\"https:\/\/www.technodompro.com\/\"},{\"@type\":\"ListItem\",\"position\":2,\"name\":\"Products\",\"item\":\"https:\/\/www.technodompro.com\/index.php\/products\/\"},{\"@type\":\"ListItem\",\"position\":3,\"name\":\"Ihned K Objedn\u00e1n\u00ed Bradas \u0160nekov\u00e1 hadicov\u00e1 spona z nerezov\u00e9 oceli 32-50 mm\"}]},{\"@type\":\"WebSite\",\"@id\":\"https:\/\/www.technodompro.com\/#website\",\"url\":\"https:\/\/www.technodompro.com\/\",\"name\":\"\",\"description\":\"\",\"potentialAction\":[{\"@type\":\"SearchAction\",\"target\":{\"@type\":\"EntryPoint\",\"urlTemplate\":\"https:\/\/www.technodompro.com\/?s={search_term_string}\"},\"query-input\":{\"@type\":\"PropertyValueSpecification\",\"valueRequired\":true,\"valueName\":\"search_term_string\"}}],\"inLanguage\":\"cs\"}]}<\/script>\n<!-- \/ Yoast SEO plugin. -->","yoast_head_json":{"title":"Ihned K Objedn\u00e1n\u00ed Bradas \u0160nekov\u00e1 hadicov\u00e1 spona z nerezov\u00e9 oceli 32-50 mm -","robots":{"index":"index","follow":"follow","max-snippet":"max-snippet:-1","max-image-preview":"max-image-preview:large","max-video-preview":"max-video-preview:-1"},"canonical":"https:\/\/www.technodompro.com\/index.php\/produkt\/ihned-k-objednani-bradas-snekova-hadicova-spona-z-nerezove-oceli-32-50-mm-2499\/","og_locale":"cs_CZ","og_type":"article","og_title":"Ihned K Objedn\u00e1n\u00ed Bradas \u0160nekov\u00e1 hadicov\u00e1 spona z nerezov\u00e9 oceli 32-50 mm -","og_description":"Popis: \u0160nekov\u00e1 hadicov\u00e1 spona z\u00a0nerezov\u00e9 oceli BRADAS32\u201350\u00a0mm \u0160nekov\u00e9 spony z\u00a0nerezov\u00e9 oceli \u201eBRADAS\u201c 9\u00a0mm.\u00a0Produkt nejvy\u0161\u0161\u00edkvality je vyroben\u00fd v\u00a0souladu s\u00a0p\u0159\u00edsn\u00fdmi normami ISO9001. Speci\u00e1ln\u00edstruktura svorky zaji\u0161\u0165uje vysokou pevnost a t\u011bsnost spojen\u00ed.\u00a0P\u0159ipou\u017eit\u00ed spon BRADAS nehroz\u00ed nebezpe\u010d\u00ed po\u0161kozen\u00ed hadice. Vlastnosti: Nerezov\u00e1 ocel Nepo\u0161kozuje hadici Rozsah spony: 32\u201350 mm","og_url":"https:\/\/www.technodompro.com\/index.php\/produkt\/ihned-k-objednani-bradas-snekova-hadicova-spona-z-nerezove-oceli-32-50-mm-2499\/","og_image":[{"width":1000,"height":523,"url":"https:\/\/www.technodompro.com\/wp-content\/uploads\/2026\/SK0017781-CZ20260425-091936-0-1777079982-bradas-snekova-hadicova-spona-z-nerezove-oceli-32-50-mm-w12.webp","type":"image\/webp"}],"twitter_card":"summary_large_image","schema":{"@context":"https:\/\/schema.org","@graph":[{"@type":"WebPage","@id":"https:\/\/www.technodompro.com\/index.php\/produkt\/ihned-k-objednani-bradas-snekova-hadicova-spona-z-nerezove-oceli-32-50-mm-2499\/","url":"https:\/\/www.technodompro.com\/index.php\/produkt\/ihned-k-objednani-bradas-snekova-hadicova-spona-z-nerezove-oceli-32-50-mm-2499\/","name":"Ihned K Objedn\u00e1n\u00ed Bradas \u0160nekov\u00e1 hadicov\u00e1 spona z nerezov\u00e9 oceli 32-50 mm -","isPartOf":{"@id":"https:\/\/www.technodompro.com\/#website"},"primaryImageOfPage":{"@id":"https:\/\/www.technodompro.com\/index.php\/produkt\/ihned-k-objednani-bradas-snekova-hadicova-spona-z-nerezove-oceli-32-50-mm-2499\/#primaryimage"},"image":{"@id":"https:\/\/www.technodompro.com\/index.php\/produkt\/ihned-k-objednani-bradas-snekova-hadicova-spona-z-nerezove-oceli-32-50-mm-2499\/#primaryimage"},"thumbnailUrl":"https:\/\/www.technodompro.com\/wp-content\/uploads\/2026\/SK0017781-CZ20260425-091936-0-1777079982-bradas-snekova-hadicova-spona-z-nerezove-oceli-32-50-mm-w12.webp","datePublished":"2026-04-27T04:40:40+00:00","breadcrumb":{"@id":"https:\/\/www.technodompro.com\/index.php\/produkt\/ihned-k-objednani-bradas-snekova-hadicova-spona-z-nerezove-oceli-32-50-mm-2499\/#breadcrumb"},"inLanguage":"cs","potentialAction":[{"@type":"ReadAction","target":["https:\/\/www.technodompro.com\/index.php\/produkt\/ihned-k-objednani-bradas-snekova-hadicova-spona-z-nerezove-oceli-32-50-mm-2499\/"]}]},{"@type":"ImageObject","inLanguage":"cs","@id":"https:\/\/www.technodompro.com\/index.php\/produkt\/ihned-k-objednani-bradas-snekova-hadicova-spona-z-nerezove-oceli-32-50-mm-2499\/#primaryimage","url":"https:\/\/www.technodompro.com\/wp-content\/uploads\/2026\/SK0017781-CZ20260425-091936-0-1777079982-bradas-snekova-hadicova-spona-z-nerezove-oceli-32-50-mm-w12.webp","contentUrl":"https:\/\/www.technodompro.com\/wp-content\/uploads\/2026\/SK0017781-CZ20260425-091936-0-1777079982-bradas-snekova-hadicova-spona-z-nerezove-oceli-32-50-mm-w12.webp","width":1000,"height":523},{"@type":"BreadcrumbList","@id":"https:\/\/www.technodompro.com\/index.php\/produkt\/ihned-k-objednani-bradas-snekova-hadicova-spona-z-nerezove-oceli-32-50-mm-2499\/#breadcrumb","itemListElement":[{"@type":"ListItem","position":1,"name":"Home","item":"https:\/\/www.technodompro.com\/"},{"@type":"ListItem","position":2,"name":"Products","item":"https:\/\/www.technodompro.com\/index.php\/products\/"},{"@type":"ListItem","position":3,"name":"Ihned K Objedn\u00e1n\u00ed Bradas \u0160nekov\u00e1 hadicov\u00e1 spona z nerezov\u00e9 oceli 32-50 mm"}]},{"@type":"WebSite","@id":"https:\/\/www.technodompro.com\/#website","url":"https:\/\/www.technodompro.com\/","name":"","description":"","potentialAction":[{"@type":"SearchAction","target":{"@type":"EntryPoint","urlTemplate":"https:\/\/www.technodompro.com\/?s={search_term_string}"},"query-input":{"@type":"PropertyValueSpecification","valueRequired":true,"valueName":"search_term_string"}}],"inLanguage":"cs"}]}},"_links":{"self":[{"href":"https:\/\/www.technodompro.com\/index.php\/wp-json\/wp\/v2\/product\/2499","targetHints":{"allow":["GET"]}}],"collection":[{"href":"https:\/\/www.technodompro.com\/index.php\/wp-json\/wp\/v2\/product"}],"about":[{"href":"https:\/\/www.technodompro.com\/index.php\/wp-json\/wp\/v2\/types\/product"}],"replies":[{"embeddable":true,"href":"https:\/\/www.technodompro.com\/index.php\/wp-json\/wp\/v2\/comments?post=2499"}],"wp:featuredmedia":[{"embeddable":true,"href":"https:\/\/www.technodompro.com\/index.php\/wp-json\/wp\/v2\/media\/2599"}],"wp:attachment":[{"href":"https:\/\/www.technodompro.com\/index.php\/wp-json\/wp\/v2\/media?parent=2499"}],"wp:term":[{"taxonomy":"product_brand","embeddable":true,"href":"https:\/\/www.technodompro.com\/index.php\/wp-json\/wp\/v2\/product_brand?post=2499"},{"taxonomy":"product_cat","embeddable":true,"href":"https:\/\/www.technodompro.com\/index.php\/wp-json\/wp\/v2\/product_cat?post=2499"},{"taxonomy":"product_tag","embeddable":true,"href":"https:\/\/www.technodompro.com\/index.php\/wp-json\/wp\/v2\/product_tag?post=2499"}],"curies":[{"name":"wp","href":"https:\/\/api.w.org\/{rel}","templated":true}]}}