{"id":2502,"date":"2026-04-27T04:40:40","date_gmt":"2026-04-27T04:40:40","guid":{"rendered":""},"modified":"2026-04-27T04:40:40","modified_gmt":"2026-04-27T04:40:40","slug":"bradas-zahradni-nuzky-na-zive-ploty-rovna-cepel-v-series-p-jen-po-omezenou-doba-2502","status":"publish","type":"product","link":"https:\/\/www.technodompro.com\/index.php\/produkt\/bradas-zahradni-nuzky-na-zive-ploty-rovna-cepel-v-series-p-jen-po-omezenou-doba-2502\/","title":{"rendered":"Bradas Zahradn\u00ed n\u016f\u017eky na \u017eiv\u00e9 ploty &#8211; rovn\u00e1 \u010depel  V-SERIES P Jen Po Omezenou Doba"},"content":{"rendered":"<div class=\"detail-description__right\">\t\t\t\t<\/div>\n<div class=\"detail-description__top\">\t\t\t\t<\/div>\n<div class=\"detail-description__left\">\n<div class=\"detail-description__left__overflow\">\n<div class=\"detail-description__left__head\">\t\t\t\t\t\tPopis:\t\t\t\t\t<\/div>\n<div class=\"ul-style ul-style--check\">\n<p><strong>Zahradn\u00ed n\u016f\u017eky na \u017eiv\u00e9 ploty\u00a0\u2013 rovn\u00e1 \u010depel BRADASV-SERIES\u00a0P<\/strong><\/p>\n<p>Zahradnick\u00e9 n\u016f\u017eky na \u017eiv\u00fd plot s\u00a0rovnou \u010depel\u00ed o\u00a0d\u00e9lce 20\u00a0cm.\u010cepel z\u00a0nerezov\u00e9 oceli je pokryta ochrannou vrstvou. Ergonomick\u00e9,protiskluzov\u00e9 rukojeti zajist\u00ed snadnou manipulaci. Ide\u00e1ln\u00ed pro st\u0159\u00edh\u00e1n\u00ed\u017eiv\u00fdch plot\u016f, ke\u0159\u016f a jejich tvarov\u00e1n\u00ed.<\/p>\n<p><strong>Vlastnosti:<\/strong><\/p>\n<ul class=\"plusminus\">\n<li><i class=\"fas fa-check\"><\/i><span>Vysoce kvalitn\u00ed rovn\u00e1 \u010depel o\u00a0d\u00e9lce 20\u00a0cm<\/span><\/li>\n<li><i class=\"fas fa-check\"><\/i><span>Nerezov\u00e1 \u010depel pokryta ochrannou vrstvou<\/span><\/li>\n<li><i class=\"fas fa-check\"><\/i><span>Ergonomick\u00e9, protiskluzov\u00e9 rukojeti<\/span><\/li>\n<li><i class=\"fas fa-check\"><\/i><span>Ide\u00e1ln\u00ed pro st\u0159\u00edh\u00e1n\u00ed \u017eiv\u00fdch plot\u016f, ke\u0159\u016f a jejich tvarov\u00e1n\u00ed<\/span><\/li>\n<\/ul>\n<\/div>\n<div class=\"detail-description__left__more\">\t\t\t\t\t\t<span> <\/span><span> <\/span>\t\t\t\t\t<\/div>\n<\/p><\/div>\n<\/p><\/div>\n<div class=\"detail-description__more\"><span> <\/span><span> <\/span><\/div>\n<\/p><\/div>\n<\/p><\/div>\n","protected":false},"excerpt":{"rendered":"<p>Popis: Zahradn\u00ed n\u016f\u017eky na \u017eiv\u00e9 ploty\u00a0\u2013 rovn\u00e1 \u010depel BRADASV-SERIES\u00a0P Zahradnick\u00e9 n\u016f\u017eky na \u017eiv\u00fd plot s\u00a0rovnou \u010depel\u00ed o\u00a0d\u00e9lce 20\u00a0cm.\u010cepel z\u00a0nerezov\u00e9 oceli je pokryta ochrannou vrstvou. Ergonomick\u00e9,protiskluzov\u00e9 rukojeti zajist\u00ed snadnou manipulaci. Ide\u00e1ln\u00ed pro st\u0159\u00edh\u00e1n\u00ed\u017eiv\u00fdch plot\u016f, ke\u0159\u016f a jejich tvarov\u00e1n\u00ed. Vlastnosti: Vysoce kvalitn\u00ed rovn\u00e1 \u010depel o\u00a0d\u00e9lce 20\u00a0cm Nerezov\u00e1 \u010depel pokryta ochrannou vrstvou Ergonomick\u00e9, protiskluzov\u00e9 rukojeti Ide\u00e1ln\u00ed pro st\u0159\u00edh\u00e1n\u00ed [&hellip;]<\/p>\n","protected":false},"featured_media":2602,"comment_status":"open","ping_status":"open","template":"","meta":[],"product_brand":[],"product_cat":[36],"product_tag":[],"class_list":{"0":"post-2502","1":"product","2":"type-product","3":"status-publish","4":"has-post-thumbnail","6":"product_cat-zahrada","8":"first","9":"instock","10":"sale","11":"shipping-taxable","12":"purchasable","13":"product-type-simple"},"yoast_head":"<!-- This site is optimized with the Yoast SEO plugin v26.8 - https:\/\/yoast.com\/product\/yoast-seo-wordpress\/ -->\n<title>Bradas Zahradn\u00ed n\u016f\u017eky na \u017eiv\u00e9 ploty - rovn\u00e1 \u010depel V-SERIES P Jen Po Omezenou Doba -<\/title>\n<meta name=\"robots\" content=\"index, follow, max-snippet:-1, max-image-preview:large, max-video-preview:-1\" \/>\n<link rel=\"canonical\" href=\"https:\/\/www.technodompro.com\/index.php\/produkt\/bradas-zahradni-nuzky-na-zive-ploty-rovna-cepel-v-series-p-jen-po-omezenou-doba-2502\/\" \/>\n<meta property=\"og:locale\" content=\"cs_CZ\" \/>\n<meta property=\"og:type\" content=\"article\" \/>\n<meta property=\"og:title\" content=\"Bradas Zahradn\u00ed n\u016f\u017eky na \u017eiv\u00e9 ploty - rovn\u00e1 \u010depel V-SERIES P Jen Po Omezenou Doba -\" \/>\n<meta property=\"og:description\" content=\"Popis: Zahradn\u00ed n\u016f\u017eky na \u017eiv\u00e9 ploty\u00a0\u2013 rovn\u00e1 \u010depel BRADASV-SERIES\u00a0P Zahradnick\u00e9 n\u016f\u017eky na \u017eiv\u00fd plot s\u00a0rovnou \u010depel\u00ed o\u00a0d\u00e9lce 20\u00a0cm.\u010cepel z\u00a0nerezov\u00e9 oceli je pokryta ochrannou vrstvou. Ergonomick\u00e9,protiskluzov\u00e9 rukojeti zajist\u00ed snadnou manipulaci. Ide\u00e1ln\u00ed pro st\u0159\u00edh\u00e1n\u00ed\u017eiv\u00fdch plot\u016f, ke\u0159\u016f a jejich tvarov\u00e1n\u00ed. Vlastnosti: Vysoce kvalitn\u00ed rovn\u00e1 \u010depel o\u00a0d\u00e9lce 20\u00a0cm Nerezov\u00e1 \u010depel pokryta ochrannou vrstvou Ergonomick\u00e9, protiskluzov\u00e9 rukojeti Ide\u00e1ln\u00ed pro st\u0159\u00edh\u00e1n\u00ed [&hellip;]\" \/>\n<meta property=\"og:url\" content=\"https:\/\/www.technodompro.com\/index.php\/produkt\/bradas-zahradni-nuzky-na-zive-ploty-rovna-cepel-v-series-p-jen-po-omezenou-doba-2502\/\" \/>\n<meta property=\"og:image\" content=\"https:\/\/www.technodompro.com\/wp-content\/uploads\/2026\/SK0017784-CZ20260425-091936-0-1777079982-bradas-zahradni-nuzky-na-zive-ploty-rovna-cepel-v-series-p-.webp\" \/>\n\t<meta property=\"og:image:width\" content=\"1000\" \/>\n\t<meta property=\"og:image:height\" content=\"523\" \/>\n\t<meta property=\"og:image:type\" content=\"image\/webp\" \/>\n<meta name=\"twitter:card\" content=\"summary_large_image\" \/>\n<script type=\"application\/ld+json\" class=\"yoast-schema-graph\">{\"@context\":\"https:\/\/schema.org\",\"@graph\":[{\"@type\":\"WebPage\",\"@id\":\"https:\/\/www.technodompro.com\/index.php\/produkt\/bradas-zahradni-nuzky-na-zive-ploty-rovna-cepel-v-series-p-jen-po-omezenou-doba-2502\/\",\"url\":\"https:\/\/www.technodompro.com\/index.php\/produkt\/bradas-zahradni-nuzky-na-zive-ploty-rovna-cepel-v-series-p-jen-po-omezenou-doba-2502\/\",\"name\":\"Bradas Zahradn\u00ed n\u016f\u017eky na \u017eiv\u00e9 ploty - rovn\u00e1 \u010depel V-SERIES P Jen Po Omezenou Doba -\",\"isPartOf\":{\"@id\":\"https:\/\/www.technodompro.com\/#website\"},\"primaryImageOfPage\":{\"@id\":\"https:\/\/www.technodompro.com\/index.php\/produkt\/bradas-zahradni-nuzky-na-zive-ploty-rovna-cepel-v-series-p-jen-po-omezenou-doba-2502\/#primaryimage\"},\"image\":{\"@id\":\"https:\/\/www.technodompro.com\/index.php\/produkt\/bradas-zahradni-nuzky-na-zive-ploty-rovna-cepel-v-series-p-jen-po-omezenou-doba-2502\/#primaryimage\"},\"thumbnailUrl\":\"https:\/\/www.technodompro.com\/wp-content\/uploads\/2026\/SK0017784-CZ20260425-091936-0-1777079982-bradas-zahradni-nuzky-na-zive-ploty-rovna-cepel-v-series-p-.webp\",\"datePublished\":\"2026-04-27T04:40:40+00:00\",\"breadcrumb\":{\"@id\":\"https:\/\/www.technodompro.com\/index.php\/produkt\/bradas-zahradni-nuzky-na-zive-ploty-rovna-cepel-v-series-p-jen-po-omezenou-doba-2502\/#breadcrumb\"},\"inLanguage\":\"cs\",\"potentialAction\":[{\"@type\":\"ReadAction\",\"target\":[\"https:\/\/www.technodompro.com\/index.php\/produkt\/bradas-zahradni-nuzky-na-zive-ploty-rovna-cepel-v-series-p-jen-po-omezenou-doba-2502\/\"]}]},{\"@type\":\"ImageObject\",\"inLanguage\":\"cs\",\"@id\":\"https:\/\/www.technodompro.com\/index.php\/produkt\/bradas-zahradni-nuzky-na-zive-ploty-rovna-cepel-v-series-p-jen-po-omezenou-doba-2502\/#primaryimage\",\"url\":\"https:\/\/www.technodompro.com\/wp-content\/uploads\/2026\/SK0017784-CZ20260425-091936-0-1777079982-bradas-zahradni-nuzky-na-zive-ploty-rovna-cepel-v-series-p-.webp\",\"contentUrl\":\"https:\/\/www.technodompro.com\/wp-content\/uploads\/2026\/SK0017784-CZ20260425-091936-0-1777079982-bradas-zahradni-nuzky-na-zive-ploty-rovna-cepel-v-series-p-.webp\",\"width\":1000,\"height\":523},{\"@type\":\"BreadcrumbList\",\"@id\":\"https:\/\/www.technodompro.com\/index.php\/produkt\/bradas-zahradni-nuzky-na-zive-ploty-rovna-cepel-v-series-p-jen-po-omezenou-doba-2502\/#breadcrumb\",\"itemListElement\":[{\"@type\":\"ListItem\",\"position\":1,\"name\":\"Home\",\"item\":\"https:\/\/www.technodompro.com\/\"},{\"@type\":\"ListItem\",\"position\":2,\"name\":\"Products\",\"item\":\"https:\/\/www.technodompro.com\/index.php\/products\/\"},{\"@type\":\"ListItem\",\"position\":3,\"name\":\"Bradas Zahradn\u00ed n\u016f\u017eky na \u017eiv\u00e9 ploty &#8211; rovn\u00e1 \u010depel V-SERIES P Jen Po Omezenou Doba\"}]},{\"@type\":\"WebSite\",\"@id\":\"https:\/\/www.technodompro.com\/#website\",\"url\":\"https:\/\/www.technodompro.com\/\",\"name\":\"\",\"description\":\"\",\"potentialAction\":[{\"@type\":\"SearchAction\",\"target\":{\"@type\":\"EntryPoint\",\"urlTemplate\":\"https:\/\/www.technodompro.com\/?s={search_term_string}\"},\"query-input\":{\"@type\":\"PropertyValueSpecification\",\"valueRequired\":true,\"valueName\":\"search_term_string\"}}],\"inLanguage\":\"cs\"}]}<\/script>\n<!-- \/ Yoast SEO plugin. -->","yoast_head_json":{"title":"Bradas Zahradn\u00ed n\u016f\u017eky na \u017eiv\u00e9 ploty - rovn\u00e1 \u010depel V-SERIES P Jen Po Omezenou Doba -","robots":{"index":"index","follow":"follow","max-snippet":"max-snippet:-1","max-image-preview":"max-image-preview:large","max-video-preview":"max-video-preview:-1"},"canonical":"https:\/\/www.technodompro.com\/index.php\/produkt\/bradas-zahradni-nuzky-na-zive-ploty-rovna-cepel-v-series-p-jen-po-omezenou-doba-2502\/","og_locale":"cs_CZ","og_type":"article","og_title":"Bradas Zahradn\u00ed n\u016f\u017eky na \u017eiv\u00e9 ploty - rovn\u00e1 \u010depel V-SERIES P Jen Po Omezenou Doba -","og_description":"Popis: Zahradn\u00ed n\u016f\u017eky na \u017eiv\u00e9 ploty\u00a0\u2013 rovn\u00e1 \u010depel BRADASV-SERIES\u00a0P Zahradnick\u00e9 n\u016f\u017eky na \u017eiv\u00fd plot s\u00a0rovnou \u010depel\u00ed o\u00a0d\u00e9lce 20\u00a0cm.\u010cepel z\u00a0nerezov\u00e9 oceli je pokryta ochrannou vrstvou. Ergonomick\u00e9,protiskluzov\u00e9 rukojeti zajist\u00ed snadnou manipulaci. Ide\u00e1ln\u00ed pro st\u0159\u00edh\u00e1n\u00ed\u017eiv\u00fdch plot\u016f, ke\u0159\u016f a jejich tvarov\u00e1n\u00ed. Vlastnosti: Vysoce kvalitn\u00ed rovn\u00e1 \u010depel o\u00a0d\u00e9lce 20\u00a0cm Nerezov\u00e1 \u010depel pokryta ochrannou vrstvou Ergonomick\u00e9, protiskluzov\u00e9 rukojeti Ide\u00e1ln\u00ed pro st\u0159\u00edh\u00e1n\u00ed [&hellip;]","og_url":"https:\/\/www.technodompro.com\/index.php\/produkt\/bradas-zahradni-nuzky-na-zive-ploty-rovna-cepel-v-series-p-jen-po-omezenou-doba-2502\/","og_image":[{"width":1000,"height":523,"url":"https:\/\/www.technodompro.com\/wp-content\/uploads\/2026\/SK0017784-CZ20260425-091936-0-1777079982-bradas-zahradni-nuzky-na-zive-ploty-rovna-cepel-v-series-p-.webp","type":"image\/webp"}],"twitter_card":"summary_large_image","schema":{"@context":"https:\/\/schema.org","@graph":[{"@type":"WebPage","@id":"https:\/\/www.technodompro.com\/index.php\/produkt\/bradas-zahradni-nuzky-na-zive-ploty-rovna-cepel-v-series-p-jen-po-omezenou-doba-2502\/","url":"https:\/\/www.technodompro.com\/index.php\/produkt\/bradas-zahradni-nuzky-na-zive-ploty-rovna-cepel-v-series-p-jen-po-omezenou-doba-2502\/","name":"Bradas Zahradn\u00ed n\u016f\u017eky na \u017eiv\u00e9 ploty - rovn\u00e1 \u010depel V-SERIES P Jen Po Omezenou Doba -","isPartOf":{"@id":"https:\/\/www.technodompro.com\/#website"},"primaryImageOfPage":{"@id":"https:\/\/www.technodompro.com\/index.php\/produkt\/bradas-zahradni-nuzky-na-zive-ploty-rovna-cepel-v-series-p-jen-po-omezenou-doba-2502\/#primaryimage"},"image":{"@id":"https:\/\/www.technodompro.com\/index.php\/produkt\/bradas-zahradni-nuzky-na-zive-ploty-rovna-cepel-v-series-p-jen-po-omezenou-doba-2502\/#primaryimage"},"thumbnailUrl":"https:\/\/www.technodompro.com\/wp-content\/uploads\/2026\/SK0017784-CZ20260425-091936-0-1777079982-bradas-zahradni-nuzky-na-zive-ploty-rovna-cepel-v-series-p-.webp","datePublished":"2026-04-27T04:40:40+00:00","breadcrumb":{"@id":"https:\/\/www.technodompro.com\/index.php\/produkt\/bradas-zahradni-nuzky-na-zive-ploty-rovna-cepel-v-series-p-jen-po-omezenou-doba-2502\/#breadcrumb"},"inLanguage":"cs","potentialAction":[{"@type":"ReadAction","target":["https:\/\/www.technodompro.com\/index.php\/produkt\/bradas-zahradni-nuzky-na-zive-ploty-rovna-cepel-v-series-p-jen-po-omezenou-doba-2502\/"]}]},{"@type":"ImageObject","inLanguage":"cs","@id":"https:\/\/www.technodompro.com\/index.php\/produkt\/bradas-zahradni-nuzky-na-zive-ploty-rovna-cepel-v-series-p-jen-po-omezenou-doba-2502\/#primaryimage","url":"https:\/\/www.technodompro.com\/wp-content\/uploads\/2026\/SK0017784-CZ20260425-091936-0-1777079982-bradas-zahradni-nuzky-na-zive-ploty-rovna-cepel-v-series-p-.webp","contentUrl":"https:\/\/www.technodompro.com\/wp-content\/uploads\/2026\/SK0017784-CZ20260425-091936-0-1777079982-bradas-zahradni-nuzky-na-zive-ploty-rovna-cepel-v-series-p-.webp","width":1000,"height":523},{"@type":"BreadcrumbList","@id":"https:\/\/www.technodompro.com\/index.php\/produkt\/bradas-zahradni-nuzky-na-zive-ploty-rovna-cepel-v-series-p-jen-po-omezenou-doba-2502\/#breadcrumb","itemListElement":[{"@type":"ListItem","position":1,"name":"Home","item":"https:\/\/www.technodompro.com\/"},{"@type":"ListItem","position":2,"name":"Products","item":"https:\/\/www.technodompro.com\/index.php\/products\/"},{"@type":"ListItem","position":3,"name":"Bradas Zahradn\u00ed n\u016f\u017eky na \u017eiv\u00e9 ploty &#8211; rovn\u00e1 \u010depel V-SERIES P Jen Po Omezenou Doba"}]},{"@type":"WebSite","@id":"https:\/\/www.technodompro.com\/#website","url":"https:\/\/www.technodompro.com\/","name":"","description":"","potentialAction":[{"@type":"SearchAction","target":{"@type":"EntryPoint","urlTemplate":"https:\/\/www.technodompro.com\/?s={search_term_string}"},"query-input":{"@type":"PropertyValueSpecification","valueRequired":true,"valueName":"search_term_string"}}],"inLanguage":"cs"}]}},"_links":{"self":[{"href":"https:\/\/www.technodompro.com\/index.php\/wp-json\/wp\/v2\/product\/2502","targetHints":{"allow":["GET"]}}],"collection":[{"href":"https:\/\/www.technodompro.com\/index.php\/wp-json\/wp\/v2\/product"}],"about":[{"href":"https:\/\/www.technodompro.com\/index.php\/wp-json\/wp\/v2\/types\/product"}],"replies":[{"embeddable":true,"href":"https:\/\/www.technodompro.com\/index.php\/wp-json\/wp\/v2\/comments?post=2502"}],"wp:featuredmedia":[{"embeddable":true,"href":"https:\/\/www.technodompro.com\/index.php\/wp-json\/wp\/v2\/media\/2602"}],"wp:attachment":[{"href":"https:\/\/www.technodompro.com\/index.php\/wp-json\/wp\/v2\/media?parent=2502"}],"wp:term":[{"taxonomy":"product_brand","embeddable":true,"href":"https:\/\/www.technodompro.com\/index.php\/wp-json\/wp\/v2\/product_brand?post=2502"},{"taxonomy":"product_cat","embeddable":true,"href":"https:\/\/www.technodompro.com\/index.php\/wp-json\/wp\/v2\/product_cat?post=2502"},{"taxonomy":"product_tag","embeddable":true,"href":"https:\/\/www.technodompro.com\/index.php\/wp-json\/wp\/v2\/product_tag?post=2502"}],"curies":[{"name":"wp","href":"https:\/\/api.w.org\/{rel}","templated":true}]}}