{"id":2503,"date":"2026-04-27T04:40:40","date_gmt":"2026-04-27T04:40:40","guid":{"rendered":""},"modified":"2026-04-27T04:40:40","modified_gmt":"2026-04-27T04:40:40","slug":"super-cena-bradas-plastovy-kanystr-na-vodu-5l-s-kohoutkem-2503","status":"publish","type":"product","link":"https:\/\/www.technodompro.com\/index.php\/produkt\/super-cena-bradas-plastovy-kanystr-na-vodu-5l-s-kohoutkem-2503\/","title":{"rendered":"Super Cena Bradas Plastov\u00fd kanystr na vodu 5L s kohoutkem"},"content":{"rendered":"<div class=\"detail-description__right\">\t\t\t\t<\/div>\n<div class=\"detail-description__top\">\t\t\t\t<\/div>\n<div class=\"detail-description__left\">\n<div class=\"detail-description__left__overflow\">\n<div class=\"detail-description__left__head\">\t\t\t\t\t\tPopis:\t\t\t\t\t<\/div>\n<div class=\"ul-style ul-style--check\">\n<p><strong>Kanystr na vodu 5L s\u00a0kohoutkem BRADAS<\/strong><\/p>\n<p>Ide\u00e1ln\u00ed pro m\u00edsta s\u00a0omezen\u00fdm nebo \u017e\u00e1dn\u00fdm p\u0159\u00edstupem k\u00a0vod\u011b.Skv\u011bl\u00fd nejen p\u0159i pr\u00e1ci, ale tak\u00e9 na cesty, kempov\u00e1n\u00ed v\u00a0p\u0159\u00edrod\u011b nebogrilov\u00e1n\u00ed na zahrad\u011b.<\/p>\n<p>Kanystr je vyroben z\u00a0pevn\u00e9ho a odoln\u00e9ho plastu.\u00a0<\/p>\n<p>Pou\u017eit\u00e9 materi\u00e1ly jsou certifikov\u00e1ny pro kontakt s\u00a0potravinami apitnou\u00a0vodou.<\/p>\n<p><strong>Vlastnosti:<\/strong><\/p>\n<ul class=\"plusminus\">\n<li><i class=\"fas fa-check\"><\/i><span>Vhodn\u00e9 pro pitnou vodu<\/span><\/li>\n<li><i class=\"fas fa-check\"><\/i><span>N\u00e1razu vzdorn\u00fd plast<\/span><\/li>\n<li><i class=\"fas fa-check\"><\/i><span>Inovativn\u00ed, bezporuchov\u00fd, odoln\u00fd plastov\u00fd kohout s\u00a0knofl\u00edkem, kter\u00fd\tnen\u00ed n\u00e1chyln\u00fd k\u00a0po\u0161kozen\u00ed p\u0159i p\u0159eprav\u011b<\/span><\/li>\n<li><i class=\"fas fa-check\"><\/i><span>Certifikov\u00e1no pro kontakt s\u00a0potravinami<\/span><\/li>\n<\/ul>\n<p><strong>Rozm\u011bry:<\/strong><\/p>\n<ul class=\"plusminus\">\n<li><i class=\"fas fa-check\"><\/i><span>Obsah 5\u00a0l<\/span><\/li>\n<li><i class=\"fas fa-check\"><\/i><span>V\u00fd\u0161ka: 250\u00a0mm<\/span><\/li>\n<li><i class=\"fas fa-check\"><\/i><span>Rozm\u011bry: 330\u00a0\u00d7\u00a0140 mm<\/span><\/li>\n<li><i class=\"fas fa-check\"><\/i><span>V\u00e1ha: 450\u00a0g<\/span><\/li>\n<\/ul>\n<\/div>\n<div class=\"detail-description__left__more\">\t\t\t\t\t\t<span> <\/span><span> <\/span>\t\t\t\t\t<\/div>\n<\/p><\/div>\n<\/p><\/div>\n<div class=\"detail-description__more\"><span> <\/span><span> <\/span><\/div>\n<\/p><\/div>\n<\/p><\/div>\n","protected":false},"excerpt":{"rendered":"<p>Popis: Kanystr na vodu 5L s\u00a0kohoutkem BRADAS Ide\u00e1ln\u00ed pro m\u00edsta s\u00a0omezen\u00fdm nebo \u017e\u00e1dn\u00fdm p\u0159\u00edstupem k\u00a0vod\u011b.Skv\u011bl\u00fd nejen p\u0159i pr\u00e1ci, ale tak\u00e9 na cesty, kempov\u00e1n\u00ed v\u00a0p\u0159\u00edrod\u011b nebogrilov\u00e1n\u00ed na zahrad\u011b. Kanystr je vyroben z\u00a0pevn\u00e9ho a odoln\u00e9ho plastu.\u00a0 Pou\u017eit\u00e9 materi\u00e1ly jsou certifikov\u00e1ny pro kontakt s\u00a0potravinami apitnou\u00a0vodou. Vlastnosti: Vhodn\u00e9 pro pitnou vodu N\u00e1razu vzdorn\u00fd plast Inovativn\u00ed, bezporuchov\u00fd, odoln\u00fd plastov\u00fd kohout [&hellip;]<\/p>\n","protected":false},"featured_media":2603,"comment_status":"open","ping_status":"open","template":"","meta":[],"product_brand":[],"product_cat":[36],"product_tag":[],"class_list":{"0":"post-2503","1":"product","2":"type-product","3":"status-publish","4":"has-post-thumbnail","6":"product_cat-zahrada","8":"first","9":"instock","10":"sale","11":"shipping-taxable","12":"purchasable","13":"product-type-simple"},"yoast_head":"<!-- This site is optimized with the Yoast SEO plugin v26.8 - https:\/\/yoast.com\/product\/yoast-seo-wordpress\/ -->\n<title>Super Cena Bradas Plastov\u00fd kanystr na vodu 5L s kohoutkem -<\/title>\n<meta name=\"robots\" content=\"index, follow, max-snippet:-1, max-image-preview:large, max-video-preview:-1\" \/>\n<link rel=\"canonical\" href=\"https:\/\/www.technodompro.com\/index.php\/produkt\/super-cena-bradas-plastovy-kanystr-na-vodu-5l-s-kohoutkem-2503\/\" \/>\n<meta property=\"og:locale\" content=\"cs_CZ\" \/>\n<meta property=\"og:type\" content=\"article\" \/>\n<meta property=\"og:title\" content=\"Super Cena Bradas Plastov\u00fd kanystr na vodu 5L s kohoutkem -\" \/>\n<meta property=\"og:description\" content=\"Popis: Kanystr na vodu 5L s\u00a0kohoutkem BRADAS Ide\u00e1ln\u00ed pro m\u00edsta s\u00a0omezen\u00fdm nebo \u017e\u00e1dn\u00fdm p\u0159\u00edstupem k\u00a0vod\u011b.Skv\u011bl\u00fd nejen p\u0159i pr\u00e1ci, ale tak\u00e9 na cesty, kempov\u00e1n\u00ed v\u00a0p\u0159\u00edrod\u011b nebogrilov\u00e1n\u00ed na zahrad\u011b. Kanystr je vyroben z\u00a0pevn\u00e9ho a odoln\u00e9ho plastu.\u00a0 Pou\u017eit\u00e9 materi\u00e1ly jsou certifikov\u00e1ny pro kontakt s\u00a0potravinami apitnou\u00a0vodou. Vlastnosti: Vhodn\u00e9 pro pitnou vodu N\u00e1razu vzdorn\u00fd plast Inovativn\u00ed, bezporuchov\u00fd, odoln\u00fd plastov\u00fd kohout [&hellip;]\" \/>\n<meta property=\"og:url\" content=\"https:\/\/www.technodompro.com\/index.php\/produkt\/super-cena-bradas-plastovy-kanystr-na-vodu-5l-s-kohoutkem-2503\/\" \/>\n<meta property=\"og:image\" content=\"https:\/\/www.technodompro.com\/wp-content\/uploads\/2026\/SK0017785-CZ20260425-091936-0-1777079982-bradas-plastovy-kanystr-na-vodu-5l-s-kohoutkem-w1200-h628-f.webp\" \/>\n\t<meta property=\"og:image:width\" content=\"1000\" \/>\n\t<meta property=\"og:image:height\" content=\"523\" \/>\n\t<meta property=\"og:image:type\" content=\"image\/webp\" \/>\n<meta name=\"twitter:card\" content=\"summary_large_image\" \/>\n<meta name=\"twitter:label1\" content=\"Odhadovan\u00e1 doba \u010dten\u00ed\" \/>\n\t<meta name=\"twitter:data1\" content=\"1 minuta\" \/>\n<script type=\"application\/ld+json\" class=\"yoast-schema-graph\">{\"@context\":\"https:\/\/schema.org\",\"@graph\":[{\"@type\":\"WebPage\",\"@id\":\"https:\/\/www.technodompro.com\/index.php\/produkt\/super-cena-bradas-plastovy-kanystr-na-vodu-5l-s-kohoutkem-2503\/\",\"url\":\"https:\/\/www.technodompro.com\/index.php\/produkt\/super-cena-bradas-plastovy-kanystr-na-vodu-5l-s-kohoutkem-2503\/\",\"name\":\"Super Cena Bradas Plastov\u00fd kanystr na vodu 5L s kohoutkem -\",\"isPartOf\":{\"@id\":\"https:\/\/www.technodompro.com\/#website\"},\"primaryImageOfPage\":{\"@id\":\"https:\/\/www.technodompro.com\/index.php\/produkt\/super-cena-bradas-plastovy-kanystr-na-vodu-5l-s-kohoutkem-2503\/#primaryimage\"},\"image\":{\"@id\":\"https:\/\/www.technodompro.com\/index.php\/produkt\/super-cena-bradas-plastovy-kanystr-na-vodu-5l-s-kohoutkem-2503\/#primaryimage\"},\"thumbnailUrl\":\"https:\/\/www.technodompro.com\/wp-content\/uploads\/2026\/SK0017785-CZ20260425-091936-0-1777079982-bradas-plastovy-kanystr-na-vodu-5l-s-kohoutkem-w1200-h628-f.webp\",\"datePublished\":\"2026-04-27T04:40:40+00:00\",\"breadcrumb\":{\"@id\":\"https:\/\/www.technodompro.com\/index.php\/produkt\/super-cena-bradas-plastovy-kanystr-na-vodu-5l-s-kohoutkem-2503\/#breadcrumb\"},\"inLanguage\":\"cs\",\"potentialAction\":[{\"@type\":\"ReadAction\",\"target\":[\"https:\/\/www.technodompro.com\/index.php\/produkt\/super-cena-bradas-plastovy-kanystr-na-vodu-5l-s-kohoutkem-2503\/\"]}]},{\"@type\":\"ImageObject\",\"inLanguage\":\"cs\",\"@id\":\"https:\/\/www.technodompro.com\/index.php\/produkt\/super-cena-bradas-plastovy-kanystr-na-vodu-5l-s-kohoutkem-2503\/#primaryimage\",\"url\":\"https:\/\/www.technodompro.com\/wp-content\/uploads\/2026\/SK0017785-CZ20260425-091936-0-1777079982-bradas-plastovy-kanystr-na-vodu-5l-s-kohoutkem-w1200-h628-f.webp\",\"contentUrl\":\"https:\/\/www.technodompro.com\/wp-content\/uploads\/2026\/SK0017785-CZ20260425-091936-0-1777079982-bradas-plastovy-kanystr-na-vodu-5l-s-kohoutkem-w1200-h628-f.webp\",\"width\":1000,\"height\":523},{\"@type\":\"BreadcrumbList\",\"@id\":\"https:\/\/www.technodompro.com\/index.php\/produkt\/super-cena-bradas-plastovy-kanystr-na-vodu-5l-s-kohoutkem-2503\/#breadcrumb\",\"itemListElement\":[{\"@type\":\"ListItem\",\"position\":1,\"name\":\"Home\",\"item\":\"https:\/\/www.technodompro.com\/\"},{\"@type\":\"ListItem\",\"position\":2,\"name\":\"Products\",\"item\":\"https:\/\/www.technodompro.com\/index.php\/products\/\"},{\"@type\":\"ListItem\",\"position\":3,\"name\":\"Super Cena Bradas Plastov\u00fd kanystr na vodu 5L s kohoutkem\"}]},{\"@type\":\"WebSite\",\"@id\":\"https:\/\/www.technodompro.com\/#website\",\"url\":\"https:\/\/www.technodompro.com\/\",\"name\":\"\",\"description\":\"\",\"potentialAction\":[{\"@type\":\"SearchAction\",\"target\":{\"@type\":\"EntryPoint\",\"urlTemplate\":\"https:\/\/www.technodompro.com\/?s={search_term_string}\"},\"query-input\":{\"@type\":\"PropertyValueSpecification\",\"valueRequired\":true,\"valueName\":\"search_term_string\"}}],\"inLanguage\":\"cs\"}]}<\/script>\n<!-- \/ Yoast SEO plugin. -->","yoast_head_json":{"title":"Super Cena Bradas Plastov\u00fd kanystr na vodu 5L s kohoutkem -","robots":{"index":"index","follow":"follow","max-snippet":"max-snippet:-1","max-image-preview":"max-image-preview:large","max-video-preview":"max-video-preview:-1"},"canonical":"https:\/\/www.technodompro.com\/index.php\/produkt\/super-cena-bradas-plastovy-kanystr-na-vodu-5l-s-kohoutkem-2503\/","og_locale":"cs_CZ","og_type":"article","og_title":"Super Cena Bradas Plastov\u00fd kanystr na vodu 5L s kohoutkem -","og_description":"Popis: Kanystr na vodu 5L s\u00a0kohoutkem BRADAS Ide\u00e1ln\u00ed pro m\u00edsta s\u00a0omezen\u00fdm nebo \u017e\u00e1dn\u00fdm p\u0159\u00edstupem k\u00a0vod\u011b.Skv\u011bl\u00fd nejen p\u0159i pr\u00e1ci, ale tak\u00e9 na cesty, kempov\u00e1n\u00ed v\u00a0p\u0159\u00edrod\u011b nebogrilov\u00e1n\u00ed na zahrad\u011b. Kanystr je vyroben z\u00a0pevn\u00e9ho a odoln\u00e9ho plastu.\u00a0 Pou\u017eit\u00e9 materi\u00e1ly jsou certifikov\u00e1ny pro kontakt s\u00a0potravinami apitnou\u00a0vodou. Vlastnosti: Vhodn\u00e9 pro pitnou vodu N\u00e1razu vzdorn\u00fd plast Inovativn\u00ed, bezporuchov\u00fd, odoln\u00fd plastov\u00fd kohout [&hellip;]","og_url":"https:\/\/www.technodompro.com\/index.php\/produkt\/super-cena-bradas-plastovy-kanystr-na-vodu-5l-s-kohoutkem-2503\/","og_image":[{"width":1000,"height":523,"url":"https:\/\/www.technodompro.com\/wp-content\/uploads\/2026\/SK0017785-CZ20260425-091936-0-1777079982-bradas-plastovy-kanystr-na-vodu-5l-s-kohoutkem-w1200-h628-f.webp","type":"image\/webp"}],"twitter_card":"summary_large_image","twitter_misc":{"Odhadovan\u00e1 doba \u010dten\u00ed":"1 minuta"},"schema":{"@context":"https:\/\/schema.org","@graph":[{"@type":"WebPage","@id":"https:\/\/www.technodompro.com\/index.php\/produkt\/super-cena-bradas-plastovy-kanystr-na-vodu-5l-s-kohoutkem-2503\/","url":"https:\/\/www.technodompro.com\/index.php\/produkt\/super-cena-bradas-plastovy-kanystr-na-vodu-5l-s-kohoutkem-2503\/","name":"Super Cena Bradas Plastov\u00fd kanystr na vodu 5L s kohoutkem -","isPartOf":{"@id":"https:\/\/www.technodompro.com\/#website"},"primaryImageOfPage":{"@id":"https:\/\/www.technodompro.com\/index.php\/produkt\/super-cena-bradas-plastovy-kanystr-na-vodu-5l-s-kohoutkem-2503\/#primaryimage"},"image":{"@id":"https:\/\/www.technodompro.com\/index.php\/produkt\/super-cena-bradas-plastovy-kanystr-na-vodu-5l-s-kohoutkem-2503\/#primaryimage"},"thumbnailUrl":"https:\/\/www.technodompro.com\/wp-content\/uploads\/2026\/SK0017785-CZ20260425-091936-0-1777079982-bradas-plastovy-kanystr-na-vodu-5l-s-kohoutkem-w1200-h628-f.webp","datePublished":"2026-04-27T04:40:40+00:00","breadcrumb":{"@id":"https:\/\/www.technodompro.com\/index.php\/produkt\/super-cena-bradas-plastovy-kanystr-na-vodu-5l-s-kohoutkem-2503\/#breadcrumb"},"inLanguage":"cs","potentialAction":[{"@type":"ReadAction","target":["https:\/\/www.technodompro.com\/index.php\/produkt\/super-cena-bradas-plastovy-kanystr-na-vodu-5l-s-kohoutkem-2503\/"]}]},{"@type":"ImageObject","inLanguage":"cs","@id":"https:\/\/www.technodompro.com\/index.php\/produkt\/super-cena-bradas-plastovy-kanystr-na-vodu-5l-s-kohoutkem-2503\/#primaryimage","url":"https:\/\/www.technodompro.com\/wp-content\/uploads\/2026\/SK0017785-CZ20260425-091936-0-1777079982-bradas-plastovy-kanystr-na-vodu-5l-s-kohoutkem-w1200-h628-f.webp","contentUrl":"https:\/\/www.technodompro.com\/wp-content\/uploads\/2026\/SK0017785-CZ20260425-091936-0-1777079982-bradas-plastovy-kanystr-na-vodu-5l-s-kohoutkem-w1200-h628-f.webp","width":1000,"height":523},{"@type":"BreadcrumbList","@id":"https:\/\/www.technodompro.com\/index.php\/produkt\/super-cena-bradas-plastovy-kanystr-na-vodu-5l-s-kohoutkem-2503\/#breadcrumb","itemListElement":[{"@type":"ListItem","position":1,"name":"Home","item":"https:\/\/www.technodompro.com\/"},{"@type":"ListItem","position":2,"name":"Products","item":"https:\/\/www.technodompro.com\/index.php\/products\/"},{"@type":"ListItem","position":3,"name":"Super Cena Bradas Plastov\u00fd kanystr na vodu 5L s kohoutkem"}]},{"@type":"WebSite","@id":"https:\/\/www.technodompro.com\/#website","url":"https:\/\/www.technodompro.com\/","name":"","description":"","potentialAction":[{"@type":"SearchAction","target":{"@type":"EntryPoint","urlTemplate":"https:\/\/www.technodompro.com\/?s={search_term_string}"},"query-input":{"@type":"PropertyValueSpecification","valueRequired":true,"valueName":"search_term_string"}}],"inLanguage":"cs"}]}},"_links":{"self":[{"href":"https:\/\/www.technodompro.com\/index.php\/wp-json\/wp\/v2\/product\/2503","targetHints":{"allow":["GET"]}}],"collection":[{"href":"https:\/\/www.technodompro.com\/index.php\/wp-json\/wp\/v2\/product"}],"about":[{"href":"https:\/\/www.technodompro.com\/index.php\/wp-json\/wp\/v2\/types\/product"}],"replies":[{"embeddable":true,"href":"https:\/\/www.technodompro.com\/index.php\/wp-json\/wp\/v2\/comments?post=2503"}],"wp:featuredmedia":[{"embeddable":true,"href":"https:\/\/www.technodompro.com\/index.php\/wp-json\/wp\/v2\/media\/2603"}],"wp:attachment":[{"href":"https:\/\/www.technodompro.com\/index.php\/wp-json\/wp\/v2\/media?parent=2503"}],"wp:term":[{"taxonomy":"product_brand","embeddable":true,"href":"https:\/\/www.technodompro.com\/index.php\/wp-json\/wp\/v2\/product_brand?post=2503"},{"taxonomy":"product_cat","embeddable":true,"href":"https:\/\/www.technodompro.com\/index.php\/wp-json\/wp\/v2\/product_cat?post=2503"},{"taxonomy":"product_tag","embeddable":true,"href":"https:\/\/www.technodompro.com\/index.php\/wp-json\/wp\/v2\/product_tag?post=2503"}],"curies":[{"name":"wp","href":"https:\/\/api.w.org\/{rel}","templated":true}]}}