{"id":2505,"date":"2026-04-27T04:40:40","date_gmt":"2026-04-27T04:40:40","guid":{"rendered":""},"modified":"2026-04-27T04:40:40","modified_gmt":"2026-04-27T04:40:40","slug":"neudorff-pripravek-proti-slimakum-ferramol-500-g-sleva-2505","status":"publish","type":"product","link":"https:\/\/www.technodompro.com\/index.php\/produkt\/neudorff-pripravek-proti-slimakum-ferramol-500-g-sleva-2505\/","title":{"rendered":"Neudorff P\u0159\u00edpravek proti slim\u00e1k\u016fm Ferramol  &#8211; 500 g Sleva"},"content":{"rendered":"<div class=\"detail-description__right\">\t\t\t\t<\/div>\n<div class=\"detail-description__top\">\t\t\t\t<\/div>\n<div class=\"detail-description__left\">\n<div class=\"detail-description__left__overflow\">\n<div class=\"detail-description__left__head\">\t\t\t\t\t\tPopis:\t\t\t\t\t<\/div>\n<div class=\"ul-style ul-style--check\">\n<p><strong>P\u0159\u00edpravek proti slim\u00e1k\u016fm Ferramol Neudorff\u00a0\u2013500\u00a0g<\/strong><\/p>\n<p>N\u00e1vnada ve form\u011b granul\u00ed proti v\u0161em druh\u016fm slim\u00e1k\u016f v\u00a0zahrad\u00e1ch, jemimo\u0159\u00e1dn\u011b odoln\u00fd v\u016f\u010di de\u0161ti. Ne\u0161kod\u00ed je\u017ek\u016fm ani dom\u00e1c\u00edmzv\u00ed\u0159at\u016fm.<\/p>\n<p>Ferramol se aplikuje proti v\u0161em druh\u016fm slim\u00e1k\u016f a plz\u00e1k\u016f na zelenin\u011b,jahod\u00e1ch i\u00a0okrasn\u00fdch rostlin\u00e1ch ve voln\u00e9 p\u016fd\u011b i\u00a0pod sklem. Na vlhk\u00e9mpodkladu za\u010dnou granule p\u0159ij\u00edmat vodu a nabobtnaj\u00ed. Za sucha zase ztr\u00e1cej\u00edna objemu. Ani po n\u011bkolikr\u00e1t opakovan\u00e9m nabobtn\u00e1n\u00ed se granule nerozpadnou.Nejvhodn\u011bj\u0161\u00ed dobou pro aplikaci je podve\u010der, kdy slim\u00e1ci opou\u0161t\u011bj\u00ed sv\u00e9denn\u00ed \u00fakryty. V\u00a0\u017e\u00e1dn\u00e9m p\u0159\u00edpad\u011b se nedoporu\u010duje granule aplikovatv\u00a0hrom\u00e1dk\u00e1ch nebo krou\u017ec\u00edch, pouze kolem jednotliv\u00fdch rostlin.<\/p>\n<p><strong>D\u00e1vkov\u00e1n\u00ed:<\/strong><\/p>\n<ul class=\"plusminus\">\n<li><i class=\"fas fa-check\"><\/i><span>5\u00a0g \/ m<sup>2<\/sup><\/span><\/li>\n<\/ul>\n<\/div>\n<div class=\"detail-description__left__more\">\t\t\t\t\t\t<span> <\/span><span> <\/span>\t\t\t\t\t<\/div>\n<\/p><\/div>\n<div class=\"extra-note\">\n<p>\u00da\u010dinn\u00e1 l\u00e1tka: 9,9\u00a0g \/ kg fosfore\u010dnan \u017eelezit\u00fd<\/p>\n<\/p><\/div>\n<\/p><\/div>\n<div class=\"detail-description__more\"><span> <\/span><span> <\/span><\/div>\n<\/p><\/div>\n<\/p><\/div>\n","protected":false},"excerpt":{"rendered":"<p>Popis: P\u0159\u00edpravek proti slim\u00e1k\u016fm Ferramol Neudorff\u00a0\u2013500\u00a0g N\u00e1vnada ve form\u011b granul\u00ed proti v\u0161em druh\u016fm slim\u00e1k\u016f v\u00a0zahrad\u00e1ch, jemimo\u0159\u00e1dn\u011b odoln\u00fd v\u016f\u010di de\u0161ti. Ne\u0161kod\u00ed je\u017ek\u016fm ani dom\u00e1c\u00edmzv\u00ed\u0159at\u016fm. Ferramol se aplikuje proti v\u0161em druh\u016fm slim\u00e1k\u016f a plz\u00e1k\u016f na zelenin\u011b,jahod\u00e1ch i\u00a0okrasn\u00fdch rostlin\u00e1ch ve voln\u00e9 p\u016fd\u011b i\u00a0pod sklem. Na vlhk\u00e9mpodkladu za\u010dnou granule p\u0159ij\u00edmat vodu a nabobtnaj\u00ed. Za sucha zase ztr\u00e1cej\u00edna objemu. Ani [&hellip;]<\/p>\n","protected":false},"featured_media":2605,"comment_status":"open","ping_status":"open","template":"","meta":[],"product_brand":[],"product_cat":[36],"product_tag":[],"class_list":{"0":"post-2505","1":"product","2":"type-product","3":"status-publish","4":"has-post-thumbnail","6":"product_cat-zahrada","8":"first","9":"instock","10":"sale","11":"shipping-taxable","12":"purchasable","13":"product-type-simple"},"yoast_head":"<!-- This site is optimized with the Yoast SEO plugin v26.8 - https:\/\/yoast.com\/product\/yoast-seo-wordpress\/ -->\n<title>Neudorff P\u0159\u00edpravek proti slim\u00e1k\u016fm Ferramol - 500 g Sleva -<\/title>\n<meta name=\"robots\" content=\"index, follow, max-snippet:-1, max-image-preview:large, max-video-preview:-1\" \/>\n<link rel=\"canonical\" href=\"https:\/\/www.technodompro.com\/index.php\/produkt\/neudorff-pripravek-proti-slimakum-ferramol-500-g-sleva-2505\/\" \/>\n<meta property=\"og:locale\" content=\"cs_CZ\" \/>\n<meta property=\"og:type\" content=\"article\" \/>\n<meta property=\"og:title\" content=\"Neudorff P\u0159\u00edpravek proti slim\u00e1k\u016fm Ferramol - 500 g Sleva -\" \/>\n<meta property=\"og:description\" content=\"Popis: P\u0159\u00edpravek proti slim\u00e1k\u016fm Ferramol Neudorff\u00a0\u2013500\u00a0g N\u00e1vnada ve form\u011b granul\u00ed proti v\u0161em druh\u016fm slim\u00e1k\u016f v\u00a0zahrad\u00e1ch, jemimo\u0159\u00e1dn\u011b odoln\u00fd v\u016f\u010di de\u0161ti. Ne\u0161kod\u00ed je\u017ek\u016fm ani dom\u00e1c\u00edmzv\u00ed\u0159at\u016fm. Ferramol se aplikuje proti v\u0161em druh\u016fm slim\u00e1k\u016f a plz\u00e1k\u016f na zelenin\u011b,jahod\u00e1ch i\u00a0okrasn\u00fdch rostlin\u00e1ch ve voln\u00e9 p\u016fd\u011b i\u00a0pod sklem. Na vlhk\u00e9mpodkladu za\u010dnou granule p\u0159ij\u00edmat vodu a nabobtnaj\u00ed. Za sucha zase ztr\u00e1cej\u00edna objemu. Ani [&hellip;]\" \/>\n<meta property=\"og:url\" content=\"https:\/\/www.technodompro.com\/index.php\/produkt\/neudorff-pripravek-proti-slimakum-ferramol-500-g-sleva-2505\/\" \/>\n<meta property=\"og:image\" content=\"https:\/\/www.technodompro.com\/wp-content\/uploads\/2026\/SK0017787-CZ20260425-091936-0-1777079982-neudorff-pripravek-proti-slimakum-ferramol-500-g-w1200-h628.webp\" \/>\n\t<meta property=\"og:image:width\" content=\"1000\" \/>\n\t<meta property=\"og:image:height\" content=\"523\" \/>\n\t<meta property=\"og:image:type\" content=\"image\/webp\" \/>\n<meta name=\"twitter:card\" content=\"summary_large_image\" \/>\n<meta name=\"twitter:label1\" content=\"Odhadovan\u00e1 doba \u010dten\u00ed\" \/>\n\t<meta name=\"twitter:data1\" content=\"1 minuta\" \/>\n<script type=\"application\/ld+json\" class=\"yoast-schema-graph\">{\"@context\":\"https:\/\/schema.org\",\"@graph\":[{\"@type\":\"WebPage\",\"@id\":\"https:\/\/www.technodompro.com\/index.php\/produkt\/neudorff-pripravek-proti-slimakum-ferramol-500-g-sleva-2505\/\",\"url\":\"https:\/\/www.technodompro.com\/index.php\/produkt\/neudorff-pripravek-proti-slimakum-ferramol-500-g-sleva-2505\/\",\"name\":\"Neudorff P\u0159\u00edpravek proti slim\u00e1k\u016fm Ferramol - 500 g Sleva -\",\"isPartOf\":{\"@id\":\"https:\/\/www.technodompro.com\/#website\"},\"primaryImageOfPage\":{\"@id\":\"https:\/\/www.technodompro.com\/index.php\/produkt\/neudorff-pripravek-proti-slimakum-ferramol-500-g-sleva-2505\/#primaryimage\"},\"image\":{\"@id\":\"https:\/\/www.technodompro.com\/index.php\/produkt\/neudorff-pripravek-proti-slimakum-ferramol-500-g-sleva-2505\/#primaryimage\"},\"thumbnailUrl\":\"https:\/\/www.technodompro.com\/wp-content\/uploads\/2026\/SK0017787-CZ20260425-091936-0-1777079982-neudorff-pripravek-proti-slimakum-ferramol-500-g-w1200-h628.webp\",\"datePublished\":\"2026-04-27T04:40:40+00:00\",\"breadcrumb\":{\"@id\":\"https:\/\/www.technodompro.com\/index.php\/produkt\/neudorff-pripravek-proti-slimakum-ferramol-500-g-sleva-2505\/#breadcrumb\"},\"inLanguage\":\"cs\",\"potentialAction\":[{\"@type\":\"ReadAction\",\"target\":[\"https:\/\/www.technodompro.com\/index.php\/produkt\/neudorff-pripravek-proti-slimakum-ferramol-500-g-sleva-2505\/\"]}]},{\"@type\":\"ImageObject\",\"inLanguage\":\"cs\",\"@id\":\"https:\/\/www.technodompro.com\/index.php\/produkt\/neudorff-pripravek-proti-slimakum-ferramol-500-g-sleva-2505\/#primaryimage\",\"url\":\"https:\/\/www.technodompro.com\/wp-content\/uploads\/2026\/SK0017787-CZ20260425-091936-0-1777079982-neudorff-pripravek-proti-slimakum-ferramol-500-g-w1200-h628.webp\",\"contentUrl\":\"https:\/\/www.technodompro.com\/wp-content\/uploads\/2026\/SK0017787-CZ20260425-091936-0-1777079982-neudorff-pripravek-proti-slimakum-ferramol-500-g-w1200-h628.webp\",\"width\":1000,\"height\":523},{\"@type\":\"BreadcrumbList\",\"@id\":\"https:\/\/www.technodompro.com\/index.php\/produkt\/neudorff-pripravek-proti-slimakum-ferramol-500-g-sleva-2505\/#breadcrumb\",\"itemListElement\":[{\"@type\":\"ListItem\",\"position\":1,\"name\":\"Home\",\"item\":\"https:\/\/www.technodompro.com\/\"},{\"@type\":\"ListItem\",\"position\":2,\"name\":\"Products\",\"item\":\"https:\/\/www.technodompro.com\/index.php\/products\/\"},{\"@type\":\"ListItem\",\"position\":3,\"name\":\"Neudorff P\u0159\u00edpravek proti slim\u00e1k\u016fm Ferramol &#8211; 500 g Sleva\"}]},{\"@type\":\"WebSite\",\"@id\":\"https:\/\/www.technodompro.com\/#website\",\"url\":\"https:\/\/www.technodompro.com\/\",\"name\":\"\",\"description\":\"\",\"potentialAction\":[{\"@type\":\"SearchAction\",\"target\":{\"@type\":\"EntryPoint\",\"urlTemplate\":\"https:\/\/www.technodompro.com\/?s={search_term_string}\"},\"query-input\":{\"@type\":\"PropertyValueSpecification\",\"valueRequired\":true,\"valueName\":\"search_term_string\"}}],\"inLanguage\":\"cs\"}]}<\/script>\n<!-- \/ Yoast SEO plugin. -->","yoast_head_json":{"title":"Neudorff P\u0159\u00edpravek proti slim\u00e1k\u016fm Ferramol - 500 g Sleva -","robots":{"index":"index","follow":"follow","max-snippet":"max-snippet:-1","max-image-preview":"max-image-preview:large","max-video-preview":"max-video-preview:-1"},"canonical":"https:\/\/www.technodompro.com\/index.php\/produkt\/neudorff-pripravek-proti-slimakum-ferramol-500-g-sleva-2505\/","og_locale":"cs_CZ","og_type":"article","og_title":"Neudorff P\u0159\u00edpravek proti slim\u00e1k\u016fm Ferramol - 500 g Sleva -","og_description":"Popis: P\u0159\u00edpravek proti slim\u00e1k\u016fm Ferramol Neudorff\u00a0\u2013500\u00a0g N\u00e1vnada ve form\u011b granul\u00ed proti v\u0161em druh\u016fm slim\u00e1k\u016f v\u00a0zahrad\u00e1ch, jemimo\u0159\u00e1dn\u011b odoln\u00fd v\u016f\u010di de\u0161ti. Ne\u0161kod\u00ed je\u017ek\u016fm ani dom\u00e1c\u00edmzv\u00ed\u0159at\u016fm. Ferramol se aplikuje proti v\u0161em druh\u016fm slim\u00e1k\u016f a plz\u00e1k\u016f na zelenin\u011b,jahod\u00e1ch i\u00a0okrasn\u00fdch rostlin\u00e1ch ve voln\u00e9 p\u016fd\u011b i\u00a0pod sklem. Na vlhk\u00e9mpodkladu za\u010dnou granule p\u0159ij\u00edmat vodu a nabobtnaj\u00ed. Za sucha zase ztr\u00e1cej\u00edna objemu. Ani [&hellip;]","og_url":"https:\/\/www.technodompro.com\/index.php\/produkt\/neudorff-pripravek-proti-slimakum-ferramol-500-g-sleva-2505\/","og_image":[{"width":1000,"height":523,"url":"https:\/\/www.technodompro.com\/wp-content\/uploads\/2026\/SK0017787-CZ20260425-091936-0-1777079982-neudorff-pripravek-proti-slimakum-ferramol-500-g-w1200-h628.webp","type":"image\/webp"}],"twitter_card":"summary_large_image","twitter_misc":{"Odhadovan\u00e1 doba \u010dten\u00ed":"1 minuta"},"schema":{"@context":"https:\/\/schema.org","@graph":[{"@type":"WebPage","@id":"https:\/\/www.technodompro.com\/index.php\/produkt\/neudorff-pripravek-proti-slimakum-ferramol-500-g-sleva-2505\/","url":"https:\/\/www.technodompro.com\/index.php\/produkt\/neudorff-pripravek-proti-slimakum-ferramol-500-g-sleva-2505\/","name":"Neudorff P\u0159\u00edpravek proti slim\u00e1k\u016fm Ferramol - 500 g Sleva -","isPartOf":{"@id":"https:\/\/www.technodompro.com\/#website"},"primaryImageOfPage":{"@id":"https:\/\/www.technodompro.com\/index.php\/produkt\/neudorff-pripravek-proti-slimakum-ferramol-500-g-sleva-2505\/#primaryimage"},"image":{"@id":"https:\/\/www.technodompro.com\/index.php\/produkt\/neudorff-pripravek-proti-slimakum-ferramol-500-g-sleva-2505\/#primaryimage"},"thumbnailUrl":"https:\/\/www.technodompro.com\/wp-content\/uploads\/2026\/SK0017787-CZ20260425-091936-0-1777079982-neudorff-pripravek-proti-slimakum-ferramol-500-g-w1200-h628.webp","datePublished":"2026-04-27T04:40:40+00:00","breadcrumb":{"@id":"https:\/\/www.technodompro.com\/index.php\/produkt\/neudorff-pripravek-proti-slimakum-ferramol-500-g-sleva-2505\/#breadcrumb"},"inLanguage":"cs","potentialAction":[{"@type":"ReadAction","target":["https:\/\/www.technodompro.com\/index.php\/produkt\/neudorff-pripravek-proti-slimakum-ferramol-500-g-sleva-2505\/"]}]},{"@type":"ImageObject","inLanguage":"cs","@id":"https:\/\/www.technodompro.com\/index.php\/produkt\/neudorff-pripravek-proti-slimakum-ferramol-500-g-sleva-2505\/#primaryimage","url":"https:\/\/www.technodompro.com\/wp-content\/uploads\/2026\/SK0017787-CZ20260425-091936-0-1777079982-neudorff-pripravek-proti-slimakum-ferramol-500-g-w1200-h628.webp","contentUrl":"https:\/\/www.technodompro.com\/wp-content\/uploads\/2026\/SK0017787-CZ20260425-091936-0-1777079982-neudorff-pripravek-proti-slimakum-ferramol-500-g-w1200-h628.webp","width":1000,"height":523},{"@type":"BreadcrumbList","@id":"https:\/\/www.technodompro.com\/index.php\/produkt\/neudorff-pripravek-proti-slimakum-ferramol-500-g-sleva-2505\/#breadcrumb","itemListElement":[{"@type":"ListItem","position":1,"name":"Home","item":"https:\/\/www.technodompro.com\/"},{"@type":"ListItem","position":2,"name":"Products","item":"https:\/\/www.technodompro.com\/index.php\/products\/"},{"@type":"ListItem","position":3,"name":"Neudorff P\u0159\u00edpravek proti slim\u00e1k\u016fm Ferramol &#8211; 500 g Sleva"}]},{"@type":"WebSite","@id":"https:\/\/www.technodompro.com\/#website","url":"https:\/\/www.technodompro.com\/","name":"","description":"","potentialAction":[{"@type":"SearchAction","target":{"@type":"EntryPoint","urlTemplate":"https:\/\/www.technodompro.com\/?s={search_term_string}"},"query-input":{"@type":"PropertyValueSpecification","valueRequired":true,"valueName":"search_term_string"}}],"inLanguage":"cs"}]}},"_links":{"self":[{"href":"https:\/\/www.technodompro.com\/index.php\/wp-json\/wp\/v2\/product\/2505","targetHints":{"allow":["GET"]}}],"collection":[{"href":"https:\/\/www.technodompro.com\/index.php\/wp-json\/wp\/v2\/product"}],"about":[{"href":"https:\/\/www.technodompro.com\/index.php\/wp-json\/wp\/v2\/types\/product"}],"replies":[{"embeddable":true,"href":"https:\/\/www.technodompro.com\/index.php\/wp-json\/wp\/v2\/comments?post=2505"}],"wp:featuredmedia":[{"embeddable":true,"href":"https:\/\/www.technodompro.com\/index.php\/wp-json\/wp\/v2\/media\/2605"}],"wp:attachment":[{"href":"https:\/\/www.technodompro.com\/index.php\/wp-json\/wp\/v2\/media?parent=2505"}],"wp:term":[{"taxonomy":"product_brand","embeddable":true,"href":"https:\/\/www.technodompro.com\/index.php\/wp-json\/wp\/v2\/product_brand?post=2505"},{"taxonomy":"product_cat","embeddable":true,"href":"https:\/\/www.technodompro.com\/index.php\/wp-json\/wp\/v2\/product_cat?post=2505"},{"taxonomy":"product_tag","embeddable":true,"href":"https:\/\/www.technodompro.com\/index.php\/wp-json\/wp\/v2\/product_tag?post=2505"}],"curies":[{"name":"wp","href":"https:\/\/api.w.org\/{rel}","templated":true}]}}