{"id":2510,"date":"2026-04-27T04:40:40","date_gmt":"2026-04-27T04:40:40","guid":{"rendered":""},"modified":"2026-04-27T04:40:40","modified_gmt":"2026-04-27T04:40:40","slug":"oblibeny-bradas-postrikovac-bradas-white-line-vyskove-nastavitelny-2510","status":"publish","type":"product","link":"https:\/\/www.technodompro.com\/index.php\/produkt\/oblibeny-bradas-postrikovac-bradas-white-line-vyskove-nastavitelny-2510\/","title":{"rendered":"Obl\u00edben\u00fd Bradas Post\u0159ikova\u010d Bradas WHITE LINE v\u00fd\u0161kov\u011b nastaviteln\u00fd"},"content":{"rendered":"<div class=\"detail-description__right\">\t\t\t\t<\/div>\n<div class=\"detail-description__top\">\t\t\t\t<\/div>\n<div class=\"detail-description__left\">\n<div class=\"detail-description__left__overflow\">\n<div class=\"detail-description__left__head\">\t\t\t\t\t\tPopis:\t\t\t\t\t<\/div>\n<div class=\"ul-style ul-style--check\">\n<p><strong>V\u00fd\u0161kov\u011b nastaviteln\u00fd post\u0159ikova\u010d Bradas WHITE LINE s\u00a0ventilema n\u00e1stavcem<\/strong><\/p>\n<p>Zavla\u017eova\u010d tr\u00e1vn\u00edku s\u00a0nastavitelnou tryskou, regulovatelnou v\u00fdse\u010d\u00ed0\u2013360\u00b0 a nastaviteln\u00fdm pr\u016ftokem vody. Prodlu\u017eovac\u00ed trubky jsousou\u010d\u00e1st\u00ed balen\u00ed\u00a0\u2013 vhodn\u00e9 i\u00a0pro vy\u0161\u0161\u00ed rostliny a v\u00fdsadbu.<\/p>\n<p><strong>Vlastnosti a parametry:<\/strong><\/p>\n<ul class=\"plusminus\">\n<li><i class=\"fas fa-check\"><\/i><span>Prodlou\u017een\u00ed a\u017e 27\u00a0cm<\/span><\/li>\n<li><i class=\"fas fa-check\"><\/i><span>Zm\u011bna sm\u011bru kropen\u00ed<\/span><\/li>\n<li><i class=\"fas fa-check\"><\/i><span>Nastaven\u00ed oblasti kropen\u00ed<\/span><\/li>\n<li><i class=\"fas fa-check\"><\/i><span>Nastaven\u00ed rozsahu kropen\u00ed (pln\u00fd nebo \u010d\u00e1ste\u010dn\u00fd)<\/span><\/li>\n<li><i class=\"fas fa-check\"><\/i><span>Plocha kropen\u00ed: 130\u00a0m\u00b2<\/span><\/li>\n<li><i class=\"fas fa-check\"><\/i><span>Pr\u016fm\u011br kropen\u00ed: 13\u00a0m<\/span><\/li>\n<\/ul>\n<\/div>\n<div class=\"detail-description__left__more\">\t\t\t\t\t\t<span> <\/span><span> <\/span>\t\t\t\t\t<\/div>\n<\/p><\/div>\n<\/p><\/div>\n<div class=\"detail-description__more\"><span> <\/span><span> <\/span><\/div>\n<\/p><\/div>\n<\/p><\/div>\n","protected":false},"excerpt":{"rendered":"<p>Popis: V\u00fd\u0161kov\u011b nastaviteln\u00fd post\u0159ikova\u010d Bradas WHITE LINE s\u00a0ventilema n\u00e1stavcem Zavla\u017eova\u010d tr\u00e1vn\u00edku s\u00a0nastavitelnou tryskou, regulovatelnou v\u00fdse\u010d\u00ed0\u2013360\u00b0 a nastaviteln\u00fdm pr\u016ftokem vody. Prodlu\u017eovac\u00ed trubky jsousou\u010d\u00e1st\u00ed balen\u00ed\u00a0\u2013 vhodn\u00e9 i\u00a0pro vy\u0161\u0161\u00ed rostliny a v\u00fdsadbu. Vlastnosti a parametry: Prodlou\u017een\u00ed a\u017e 27\u00a0cm Zm\u011bna sm\u011bru kropen\u00ed Nastaven\u00ed oblasti kropen\u00ed Nastaven\u00ed rozsahu kropen\u00ed (pln\u00fd nebo \u010d\u00e1ste\u010dn\u00fd) Plocha kropen\u00ed: 130\u00a0m\u00b2 Pr\u016fm\u011br kropen\u00ed: 13\u00a0m<\/p>\n","protected":false},"featured_media":2610,"comment_status":"open","ping_status":"open","template":"","meta":[],"product_brand":[],"product_cat":[36],"product_tag":[],"class_list":{"0":"post-2510","1":"product","2":"type-product","3":"status-publish","4":"has-post-thumbnail","6":"product_cat-zahrada","8":"first","9":"instock","10":"sale","11":"shipping-taxable","12":"purchasable","13":"product-type-simple"},"yoast_head":"<!-- This site is optimized with the Yoast SEO plugin v26.8 - https:\/\/yoast.com\/product\/yoast-seo-wordpress\/ -->\n<title>Obl\u00edben\u00fd Bradas Post\u0159ikova\u010d Bradas WHITE LINE v\u00fd\u0161kov\u011b nastaviteln\u00fd -<\/title>\n<meta name=\"robots\" content=\"index, follow, max-snippet:-1, max-image-preview:large, max-video-preview:-1\" \/>\n<link rel=\"canonical\" href=\"https:\/\/www.technodompro.com\/index.php\/produkt\/oblibeny-bradas-postrikovac-bradas-white-line-vyskove-nastavitelny-2510\/\" \/>\n<meta property=\"og:locale\" content=\"cs_CZ\" \/>\n<meta property=\"og:type\" content=\"article\" \/>\n<meta property=\"og:title\" content=\"Obl\u00edben\u00fd Bradas Post\u0159ikova\u010d Bradas WHITE LINE v\u00fd\u0161kov\u011b nastaviteln\u00fd -\" \/>\n<meta property=\"og:description\" content=\"Popis: V\u00fd\u0161kov\u011b nastaviteln\u00fd post\u0159ikova\u010d Bradas WHITE LINE s\u00a0ventilema n\u00e1stavcem Zavla\u017eova\u010d tr\u00e1vn\u00edku s\u00a0nastavitelnou tryskou, regulovatelnou v\u00fdse\u010d\u00ed0\u2013360\u00b0 a nastaviteln\u00fdm pr\u016ftokem vody. Prodlu\u017eovac\u00ed trubky jsousou\u010d\u00e1st\u00ed balen\u00ed\u00a0\u2013 vhodn\u00e9 i\u00a0pro vy\u0161\u0161\u00ed rostliny a v\u00fdsadbu. Vlastnosti a parametry: Prodlou\u017een\u00ed a\u017e 27\u00a0cm Zm\u011bna sm\u011bru kropen\u00ed Nastaven\u00ed oblasti kropen\u00ed Nastaven\u00ed rozsahu kropen\u00ed (pln\u00fd nebo \u010d\u00e1ste\u010dn\u00fd) Plocha kropen\u00ed: 130\u00a0m\u00b2 Pr\u016fm\u011br kropen\u00ed: 13\u00a0m\" \/>\n<meta property=\"og:url\" content=\"https:\/\/www.technodompro.com\/index.php\/produkt\/oblibeny-bradas-postrikovac-bradas-white-line-vyskove-nastavitelny-2510\/\" \/>\n<meta property=\"og:image\" content=\"https:\/\/www.technodompro.com\/wp-content\/uploads\/2026\/SK0017792-CZ20260425-091936-0-1777079982-bradas-postrikovac-bradas-white-line-vyskove-nastavitelny-w.webp\" \/>\n\t<meta property=\"og:image:width\" content=\"1000\" \/>\n\t<meta property=\"og:image:height\" content=\"523\" \/>\n\t<meta property=\"og:image:type\" content=\"image\/webp\" \/>\n<meta name=\"twitter:card\" content=\"summary_large_image\" \/>\n<script type=\"application\/ld+json\" class=\"yoast-schema-graph\">{\"@context\":\"https:\/\/schema.org\",\"@graph\":[{\"@type\":\"WebPage\",\"@id\":\"https:\/\/www.technodompro.com\/index.php\/produkt\/oblibeny-bradas-postrikovac-bradas-white-line-vyskove-nastavitelny-2510\/\",\"url\":\"https:\/\/www.technodompro.com\/index.php\/produkt\/oblibeny-bradas-postrikovac-bradas-white-line-vyskove-nastavitelny-2510\/\",\"name\":\"Obl\u00edben\u00fd Bradas Post\u0159ikova\u010d Bradas WHITE LINE v\u00fd\u0161kov\u011b nastaviteln\u00fd -\",\"isPartOf\":{\"@id\":\"https:\/\/www.technodompro.com\/#website\"},\"primaryImageOfPage\":{\"@id\":\"https:\/\/www.technodompro.com\/index.php\/produkt\/oblibeny-bradas-postrikovac-bradas-white-line-vyskove-nastavitelny-2510\/#primaryimage\"},\"image\":{\"@id\":\"https:\/\/www.technodompro.com\/index.php\/produkt\/oblibeny-bradas-postrikovac-bradas-white-line-vyskove-nastavitelny-2510\/#primaryimage\"},\"thumbnailUrl\":\"https:\/\/www.technodompro.com\/wp-content\/uploads\/2026\/SK0017792-CZ20260425-091936-0-1777079982-bradas-postrikovac-bradas-white-line-vyskove-nastavitelny-w.webp\",\"datePublished\":\"2026-04-27T04:40:40+00:00\",\"breadcrumb\":{\"@id\":\"https:\/\/www.technodompro.com\/index.php\/produkt\/oblibeny-bradas-postrikovac-bradas-white-line-vyskove-nastavitelny-2510\/#breadcrumb\"},\"inLanguage\":\"cs\",\"potentialAction\":[{\"@type\":\"ReadAction\",\"target\":[\"https:\/\/www.technodompro.com\/index.php\/produkt\/oblibeny-bradas-postrikovac-bradas-white-line-vyskove-nastavitelny-2510\/\"]}]},{\"@type\":\"ImageObject\",\"inLanguage\":\"cs\",\"@id\":\"https:\/\/www.technodompro.com\/index.php\/produkt\/oblibeny-bradas-postrikovac-bradas-white-line-vyskove-nastavitelny-2510\/#primaryimage\",\"url\":\"https:\/\/www.technodompro.com\/wp-content\/uploads\/2026\/SK0017792-CZ20260425-091936-0-1777079982-bradas-postrikovac-bradas-white-line-vyskove-nastavitelny-w.webp\",\"contentUrl\":\"https:\/\/www.technodompro.com\/wp-content\/uploads\/2026\/SK0017792-CZ20260425-091936-0-1777079982-bradas-postrikovac-bradas-white-line-vyskove-nastavitelny-w.webp\",\"width\":1000,\"height\":523},{\"@type\":\"BreadcrumbList\",\"@id\":\"https:\/\/www.technodompro.com\/index.php\/produkt\/oblibeny-bradas-postrikovac-bradas-white-line-vyskove-nastavitelny-2510\/#breadcrumb\",\"itemListElement\":[{\"@type\":\"ListItem\",\"position\":1,\"name\":\"Home\",\"item\":\"https:\/\/www.technodompro.com\/\"},{\"@type\":\"ListItem\",\"position\":2,\"name\":\"Products\",\"item\":\"https:\/\/www.technodompro.com\/index.php\/products\/\"},{\"@type\":\"ListItem\",\"position\":3,\"name\":\"Obl\u00edben\u00fd Bradas Post\u0159ikova\u010d Bradas WHITE LINE v\u00fd\u0161kov\u011b nastaviteln\u00fd\"}]},{\"@type\":\"WebSite\",\"@id\":\"https:\/\/www.technodompro.com\/#website\",\"url\":\"https:\/\/www.technodompro.com\/\",\"name\":\"\",\"description\":\"\",\"potentialAction\":[{\"@type\":\"SearchAction\",\"target\":{\"@type\":\"EntryPoint\",\"urlTemplate\":\"https:\/\/www.technodompro.com\/?s={search_term_string}\"},\"query-input\":{\"@type\":\"PropertyValueSpecification\",\"valueRequired\":true,\"valueName\":\"search_term_string\"}}],\"inLanguage\":\"cs\"}]}<\/script>\n<!-- \/ Yoast SEO plugin. -->","yoast_head_json":{"title":"Obl\u00edben\u00fd Bradas Post\u0159ikova\u010d Bradas WHITE LINE v\u00fd\u0161kov\u011b nastaviteln\u00fd -","robots":{"index":"index","follow":"follow","max-snippet":"max-snippet:-1","max-image-preview":"max-image-preview:large","max-video-preview":"max-video-preview:-1"},"canonical":"https:\/\/www.technodompro.com\/index.php\/produkt\/oblibeny-bradas-postrikovac-bradas-white-line-vyskove-nastavitelny-2510\/","og_locale":"cs_CZ","og_type":"article","og_title":"Obl\u00edben\u00fd Bradas Post\u0159ikova\u010d Bradas WHITE LINE v\u00fd\u0161kov\u011b nastaviteln\u00fd -","og_description":"Popis: V\u00fd\u0161kov\u011b nastaviteln\u00fd post\u0159ikova\u010d Bradas WHITE LINE s\u00a0ventilema n\u00e1stavcem Zavla\u017eova\u010d tr\u00e1vn\u00edku s\u00a0nastavitelnou tryskou, regulovatelnou v\u00fdse\u010d\u00ed0\u2013360\u00b0 a nastaviteln\u00fdm pr\u016ftokem vody. Prodlu\u017eovac\u00ed trubky jsousou\u010d\u00e1st\u00ed balen\u00ed\u00a0\u2013 vhodn\u00e9 i\u00a0pro vy\u0161\u0161\u00ed rostliny a v\u00fdsadbu. Vlastnosti a parametry: Prodlou\u017een\u00ed a\u017e 27\u00a0cm Zm\u011bna sm\u011bru kropen\u00ed Nastaven\u00ed oblasti kropen\u00ed Nastaven\u00ed rozsahu kropen\u00ed (pln\u00fd nebo \u010d\u00e1ste\u010dn\u00fd) Plocha kropen\u00ed: 130\u00a0m\u00b2 Pr\u016fm\u011br kropen\u00ed: 13\u00a0m","og_url":"https:\/\/www.technodompro.com\/index.php\/produkt\/oblibeny-bradas-postrikovac-bradas-white-line-vyskove-nastavitelny-2510\/","og_image":[{"width":1000,"height":523,"url":"https:\/\/www.technodompro.com\/wp-content\/uploads\/2026\/SK0017792-CZ20260425-091936-0-1777079982-bradas-postrikovac-bradas-white-line-vyskove-nastavitelny-w.webp","type":"image\/webp"}],"twitter_card":"summary_large_image","schema":{"@context":"https:\/\/schema.org","@graph":[{"@type":"WebPage","@id":"https:\/\/www.technodompro.com\/index.php\/produkt\/oblibeny-bradas-postrikovac-bradas-white-line-vyskove-nastavitelny-2510\/","url":"https:\/\/www.technodompro.com\/index.php\/produkt\/oblibeny-bradas-postrikovac-bradas-white-line-vyskove-nastavitelny-2510\/","name":"Obl\u00edben\u00fd Bradas Post\u0159ikova\u010d Bradas WHITE LINE v\u00fd\u0161kov\u011b nastaviteln\u00fd -","isPartOf":{"@id":"https:\/\/www.technodompro.com\/#website"},"primaryImageOfPage":{"@id":"https:\/\/www.technodompro.com\/index.php\/produkt\/oblibeny-bradas-postrikovac-bradas-white-line-vyskove-nastavitelny-2510\/#primaryimage"},"image":{"@id":"https:\/\/www.technodompro.com\/index.php\/produkt\/oblibeny-bradas-postrikovac-bradas-white-line-vyskove-nastavitelny-2510\/#primaryimage"},"thumbnailUrl":"https:\/\/www.technodompro.com\/wp-content\/uploads\/2026\/SK0017792-CZ20260425-091936-0-1777079982-bradas-postrikovac-bradas-white-line-vyskove-nastavitelny-w.webp","datePublished":"2026-04-27T04:40:40+00:00","breadcrumb":{"@id":"https:\/\/www.technodompro.com\/index.php\/produkt\/oblibeny-bradas-postrikovac-bradas-white-line-vyskove-nastavitelny-2510\/#breadcrumb"},"inLanguage":"cs","potentialAction":[{"@type":"ReadAction","target":["https:\/\/www.technodompro.com\/index.php\/produkt\/oblibeny-bradas-postrikovac-bradas-white-line-vyskove-nastavitelny-2510\/"]}]},{"@type":"ImageObject","inLanguage":"cs","@id":"https:\/\/www.technodompro.com\/index.php\/produkt\/oblibeny-bradas-postrikovac-bradas-white-line-vyskove-nastavitelny-2510\/#primaryimage","url":"https:\/\/www.technodompro.com\/wp-content\/uploads\/2026\/SK0017792-CZ20260425-091936-0-1777079982-bradas-postrikovac-bradas-white-line-vyskove-nastavitelny-w.webp","contentUrl":"https:\/\/www.technodompro.com\/wp-content\/uploads\/2026\/SK0017792-CZ20260425-091936-0-1777079982-bradas-postrikovac-bradas-white-line-vyskove-nastavitelny-w.webp","width":1000,"height":523},{"@type":"BreadcrumbList","@id":"https:\/\/www.technodompro.com\/index.php\/produkt\/oblibeny-bradas-postrikovac-bradas-white-line-vyskove-nastavitelny-2510\/#breadcrumb","itemListElement":[{"@type":"ListItem","position":1,"name":"Home","item":"https:\/\/www.technodompro.com\/"},{"@type":"ListItem","position":2,"name":"Products","item":"https:\/\/www.technodompro.com\/index.php\/products\/"},{"@type":"ListItem","position":3,"name":"Obl\u00edben\u00fd Bradas Post\u0159ikova\u010d Bradas WHITE LINE v\u00fd\u0161kov\u011b nastaviteln\u00fd"}]},{"@type":"WebSite","@id":"https:\/\/www.technodompro.com\/#website","url":"https:\/\/www.technodompro.com\/","name":"","description":"","potentialAction":[{"@type":"SearchAction","target":{"@type":"EntryPoint","urlTemplate":"https:\/\/www.technodompro.com\/?s={search_term_string}"},"query-input":{"@type":"PropertyValueSpecification","valueRequired":true,"valueName":"search_term_string"}}],"inLanguage":"cs"}]}},"_links":{"self":[{"href":"https:\/\/www.technodompro.com\/index.php\/wp-json\/wp\/v2\/product\/2510","targetHints":{"allow":["GET"]}}],"collection":[{"href":"https:\/\/www.technodompro.com\/index.php\/wp-json\/wp\/v2\/product"}],"about":[{"href":"https:\/\/www.technodompro.com\/index.php\/wp-json\/wp\/v2\/types\/product"}],"replies":[{"embeddable":true,"href":"https:\/\/www.technodompro.com\/index.php\/wp-json\/wp\/v2\/comments?post=2510"}],"wp:featuredmedia":[{"embeddable":true,"href":"https:\/\/www.technodompro.com\/index.php\/wp-json\/wp\/v2\/media\/2610"}],"wp:attachment":[{"href":"https:\/\/www.technodompro.com\/index.php\/wp-json\/wp\/v2\/media?parent=2510"}],"wp:term":[{"taxonomy":"product_brand","embeddable":true,"href":"https:\/\/www.technodompro.com\/index.php\/wp-json\/wp\/v2\/product_brand?post=2510"},{"taxonomy":"product_cat","embeddable":true,"href":"https:\/\/www.technodompro.com\/index.php\/wp-json\/wp\/v2\/product_cat?post=2510"},{"taxonomy":"product_tag","embeddable":true,"href":"https:\/\/www.technodompro.com\/index.php\/wp-json\/wp\/v2\/product_tag?post=2510"}],"curies":[{"name":"wp","href":"https:\/\/api.w.org\/{rel}","templated":true}]}}