{"id":2511,"date":"2026-04-27T04:40:40","date_gmt":"2026-04-27T04:40:40","guid":{"rendered":""},"modified":"2026-04-27T04:40:40","modified_gmt":"2026-04-27T04:40:40","slug":"akcni-cena-bradas-rucni-rozprasovac-aqua-spray-0-5l-2511","status":"publish","type":"product","link":"https:\/\/www.technodompro.com\/index.php\/produkt\/akcni-cena-bradas-rucni-rozprasovac-aqua-spray-0-5l-2511\/","title":{"rendered":"Ak\u010dn\u00ed Cena Bradas Ru\u010dn\u00ed rozpra\u0161ova\u010d AQUA SPRAY 0,5l"},"content":{"rendered":"<div class=\"detail-description__right\">\t\t\t\t<\/div>\n<div class=\"detail-description__top\">\t\t\t\t<\/div>\n<div class=\"detail-description__left\">\n<div class=\"detail-description__left__overflow\">\n<div class=\"detail-description__left__head\">\t\t\t\t\t\tPopis:\t\t\t\t\t<\/div>\n<div class=\"ul-style ul-style--check\">\n<p>Ru\u010dn\u00ed rozpra\u0161ova\u010d &#8220; AQUA SPRAY&#8220; 0,5l<\/p>\n<p>Ru\u010dn\u00ed jemn\u00fd rozpra\u0161ova\u010d vhodn\u00fd pro pou\u017eit\u00ed na pokojov\u00e9 rostliny nebop\u0159i o\u0161et\u0159ov\u00e1n\u00ed kv\u011btin na teras\u00e1ch, balk\u00f3nech a zahrad\u00e1ch.<\/p>\n<p>Transparentn\u00ed n\u00e1dr\u017eka usnad\u0148uje kontrolu hladiny kapaliny.<\/p>\n<p>Nastaviteln\u00e1 tryskov\u00e1 hlava.<\/p>\n<p><strong>Vlastnosti:<\/strong><\/p>\n<ul class=\"plusminus\">\n<li><i class=\"fas fa-check\"><\/i><span><strong>Jemn\u00fd proud vhodn\u00fd i\u00a0pro pokojov\u00e9 rostiny<\/strong><\/span><\/li>\n<li><i class=\"fas fa-check\"><\/i><span><strong>Ide\u00e1ln\u00ed pro pr\u00e1ci v\u00a0zahrad\u00e1ch na balk\u00f3nech nebo\tteras\u00e1ch<\/strong><\/span><\/li>\n<li><i class=\"fas fa-check\"><\/i><span><strong>Snadn\u00e9 pou\u017eit\u00ed<\/strong><\/span><\/li>\n<li><i class=\"fas fa-check\"><\/i><span><strong>Nastaviteln\u00e1 tryskov\u00e1 hlava<\/strong><\/span><\/li>\n<li><i class=\"fas fa-check\"><\/i><span><strong>Pohodln\u00e1 rukoje\u0165<\/strong><\/span><\/li>\n<\/ul>\n<\/div>\n<div class=\"detail-description__left__more\">\t\t\t\t\t\t<span> <\/span><span> <\/span>\t\t\t\t\t<\/div>\n<\/p><\/div>\n<\/p><\/div>\n<div class=\"detail-description__more\"><span> <\/span><span> <\/span><\/div>\n<\/p><\/div>\n<\/p><\/div>\n","protected":false},"excerpt":{"rendered":"<p>Popis: Ru\u010dn\u00ed rozpra\u0161ova\u010d &#8220; AQUA SPRAY&#8220; 0,5l Ru\u010dn\u00ed jemn\u00fd rozpra\u0161ova\u010d vhodn\u00fd pro pou\u017eit\u00ed na pokojov\u00e9 rostliny nebop\u0159i o\u0161et\u0159ov\u00e1n\u00ed kv\u011btin na teras\u00e1ch, balk\u00f3nech a zahrad\u00e1ch. Transparentn\u00ed n\u00e1dr\u017eka usnad\u0148uje kontrolu hladiny kapaliny. Nastaviteln\u00e1 tryskov\u00e1 hlava. Vlastnosti: Jemn\u00fd proud vhodn\u00fd i\u00a0pro pokojov\u00e9 rostiny Ide\u00e1ln\u00ed pro pr\u00e1ci v\u00a0zahrad\u00e1ch na balk\u00f3nech nebo teras\u00e1ch Snadn\u00e9 pou\u017eit\u00ed Nastaviteln\u00e1 tryskov\u00e1 hlava Pohodln\u00e1 rukoje\u0165<\/p>\n","protected":false},"featured_media":2611,"comment_status":"open","ping_status":"open","template":"","meta":[],"product_brand":[],"product_cat":[36],"product_tag":[],"class_list":{"0":"post-2511","1":"product","2":"type-product","3":"status-publish","4":"has-post-thumbnail","6":"product_cat-zahrada","8":"first","9":"instock","10":"sale","11":"shipping-taxable","12":"purchasable","13":"product-type-simple"},"yoast_head":"<!-- This site is optimized with the Yoast SEO plugin v26.8 - https:\/\/yoast.com\/product\/yoast-seo-wordpress\/ -->\n<title>Ak\u010dn\u00ed Cena Bradas Ru\u010dn\u00ed rozpra\u0161ova\u010d AQUA SPRAY 0,5l -<\/title>\n<meta name=\"robots\" content=\"index, follow, max-snippet:-1, max-image-preview:large, max-video-preview:-1\" \/>\n<link rel=\"canonical\" href=\"https:\/\/www.technodompro.com\/index.php\/produkt\/akcni-cena-bradas-rucni-rozprasovac-aqua-spray-0-5l-2511\/\" \/>\n<meta property=\"og:locale\" content=\"cs_CZ\" \/>\n<meta property=\"og:type\" content=\"article\" \/>\n<meta property=\"og:title\" content=\"Ak\u010dn\u00ed Cena Bradas Ru\u010dn\u00ed rozpra\u0161ova\u010d AQUA SPRAY 0,5l -\" \/>\n<meta property=\"og:description\" content=\"Popis: Ru\u010dn\u00ed rozpra\u0161ova\u010d &#8220; AQUA SPRAY&#8220; 0,5l Ru\u010dn\u00ed jemn\u00fd rozpra\u0161ova\u010d vhodn\u00fd pro pou\u017eit\u00ed na pokojov\u00e9 rostliny nebop\u0159i o\u0161et\u0159ov\u00e1n\u00ed kv\u011btin na teras\u00e1ch, balk\u00f3nech a zahrad\u00e1ch. Transparentn\u00ed n\u00e1dr\u017eka usnad\u0148uje kontrolu hladiny kapaliny. Nastaviteln\u00e1 tryskov\u00e1 hlava. Vlastnosti: Jemn\u00fd proud vhodn\u00fd i\u00a0pro pokojov\u00e9 rostiny Ide\u00e1ln\u00ed pro pr\u00e1ci v\u00a0zahrad\u00e1ch na balk\u00f3nech nebo teras\u00e1ch Snadn\u00e9 pou\u017eit\u00ed Nastaviteln\u00e1 tryskov\u00e1 hlava Pohodln\u00e1 rukoje\u0165\" \/>\n<meta property=\"og:url\" content=\"https:\/\/www.technodompro.com\/index.php\/produkt\/akcni-cena-bradas-rucni-rozprasovac-aqua-spray-0-5l-2511\/\" \/>\n<meta property=\"og:image\" content=\"https:\/\/www.technodompro.com\/wp-content\/uploads\/2026\/SK0017793-CZ20260425-091936-0-1777079982-bradas-rucni-rozprasovac-aqua-spray-0-5l-w1200-h628-f8-f5fb.webp\" \/>\n\t<meta property=\"og:image:width\" content=\"1000\" \/>\n\t<meta property=\"og:image:height\" content=\"523\" \/>\n\t<meta property=\"og:image:type\" content=\"image\/webp\" \/>\n<meta name=\"twitter:card\" content=\"summary_large_image\" \/>\n<script type=\"application\/ld+json\" class=\"yoast-schema-graph\">{\"@context\":\"https:\/\/schema.org\",\"@graph\":[{\"@type\":\"WebPage\",\"@id\":\"https:\/\/www.technodompro.com\/index.php\/produkt\/akcni-cena-bradas-rucni-rozprasovac-aqua-spray-0-5l-2511\/\",\"url\":\"https:\/\/www.technodompro.com\/index.php\/produkt\/akcni-cena-bradas-rucni-rozprasovac-aqua-spray-0-5l-2511\/\",\"name\":\"Ak\u010dn\u00ed Cena Bradas Ru\u010dn\u00ed rozpra\u0161ova\u010d AQUA SPRAY 0,5l -\",\"isPartOf\":{\"@id\":\"https:\/\/www.technodompro.com\/#website\"},\"primaryImageOfPage\":{\"@id\":\"https:\/\/www.technodompro.com\/index.php\/produkt\/akcni-cena-bradas-rucni-rozprasovac-aqua-spray-0-5l-2511\/#primaryimage\"},\"image\":{\"@id\":\"https:\/\/www.technodompro.com\/index.php\/produkt\/akcni-cena-bradas-rucni-rozprasovac-aqua-spray-0-5l-2511\/#primaryimage\"},\"thumbnailUrl\":\"https:\/\/www.technodompro.com\/wp-content\/uploads\/2026\/SK0017793-CZ20260425-091936-0-1777079982-bradas-rucni-rozprasovac-aqua-spray-0-5l-w1200-h628-f8-f5fb.webp\",\"datePublished\":\"2026-04-27T04:40:40+00:00\",\"breadcrumb\":{\"@id\":\"https:\/\/www.technodompro.com\/index.php\/produkt\/akcni-cena-bradas-rucni-rozprasovac-aqua-spray-0-5l-2511\/#breadcrumb\"},\"inLanguage\":\"cs\",\"potentialAction\":[{\"@type\":\"ReadAction\",\"target\":[\"https:\/\/www.technodompro.com\/index.php\/produkt\/akcni-cena-bradas-rucni-rozprasovac-aqua-spray-0-5l-2511\/\"]}]},{\"@type\":\"ImageObject\",\"inLanguage\":\"cs\",\"@id\":\"https:\/\/www.technodompro.com\/index.php\/produkt\/akcni-cena-bradas-rucni-rozprasovac-aqua-spray-0-5l-2511\/#primaryimage\",\"url\":\"https:\/\/www.technodompro.com\/wp-content\/uploads\/2026\/SK0017793-CZ20260425-091936-0-1777079982-bradas-rucni-rozprasovac-aqua-spray-0-5l-w1200-h628-f8-f5fb.webp\",\"contentUrl\":\"https:\/\/www.technodompro.com\/wp-content\/uploads\/2026\/SK0017793-CZ20260425-091936-0-1777079982-bradas-rucni-rozprasovac-aqua-spray-0-5l-w1200-h628-f8-f5fb.webp\",\"width\":1000,\"height\":523},{\"@type\":\"BreadcrumbList\",\"@id\":\"https:\/\/www.technodompro.com\/index.php\/produkt\/akcni-cena-bradas-rucni-rozprasovac-aqua-spray-0-5l-2511\/#breadcrumb\",\"itemListElement\":[{\"@type\":\"ListItem\",\"position\":1,\"name\":\"Home\",\"item\":\"https:\/\/www.technodompro.com\/\"},{\"@type\":\"ListItem\",\"position\":2,\"name\":\"Products\",\"item\":\"https:\/\/www.technodompro.com\/index.php\/products\/\"},{\"@type\":\"ListItem\",\"position\":3,\"name\":\"Ak\u010dn\u00ed Cena Bradas Ru\u010dn\u00ed rozpra\u0161ova\u010d AQUA SPRAY 0,5l\"}]},{\"@type\":\"WebSite\",\"@id\":\"https:\/\/www.technodompro.com\/#website\",\"url\":\"https:\/\/www.technodompro.com\/\",\"name\":\"\",\"description\":\"\",\"potentialAction\":[{\"@type\":\"SearchAction\",\"target\":{\"@type\":\"EntryPoint\",\"urlTemplate\":\"https:\/\/www.technodompro.com\/?s={search_term_string}\"},\"query-input\":{\"@type\":\"PropertyValueSpecification\",\"valueRequired\":true,\"valueName\":\"search_term_string\"}}],\"inLanguage\":\"cs\"}]}<\/script>\n<!-- \/ Yoast SEO plugin. -->","yoast_head_json":{"title":"Ak\u010dn\u00ed Cena Bradas Ru\u010dn\u00ed rozpra\u0161ova\u010d AQUA SPRAY 0,5l -","robots":{"index":"index","follow":"follow","max-snippet":"max-snippet:-1","max-image-preview":"max-image-preview:large","max-video-preview":"max-video-preview:-1"},"canonical":"https:\/\/www.technodompro.com\/index.php\/produkt\/akcni-cena-bradas-rucni-rozprasovac-aqua-spray-0-5l-2511\/","og_locale":"cs_CZ","og_type":"article","og_title":"Ak\u010dn\u00ed Cena Bradas Ru\u010dn\u00ed rozpra\u0161ova\u010d AQUA SPRAY 0,5l -","og_description":"Popis: Ru\u010dn\u00ed rozpra\u0161ova\u010d &#8220; AQUA SPRAY&#8220; 0,5l Ru\u010dn\u00ed jemn\u00fd rozpra\u0161ova\u010d vhodn\u00fd pro pou\u017eit\u00ed na pokojov\u00e9 rostliny nebop\u0159i o\u0161et\u0159ov\u00e1n\u00ed kv\u011btin na teras\u00e1ch, balk\u00f3nech a zahrad\u00e1ch. Transparentn\u00ed n\u00e1dr\u017eka usnad\u0148uje kontrolu hladiny kapaliny. Nastaviteln\u00e1 tryskov\u00e1 hlava. Vlastnosti: Jemn\u00fd proud vhodn\u00fd i\u00a0pro pokojov\u00e9 rostiny Ide\u00e1ln\u00ed pro pr\u00e1ci v\u00a0zahrad\u00e1ch na balk\u00f3nech nebo teras\u00e1ch Snadn\u00e9 pou\u017eit\u00ed Nastaviteln\u00e1 tryskov\u00e1 hlava Pohodln\u00e1 rukoje\u0165","og_url":"https:\/\/www.technodompro.com\/index.php\/produkt\/akcni-cena-bradas-rucni-rozprasovac-aqua-spray-0-5l-2511\/","og_image":[{"width":1000,"height":523,"url":"https:\/\/www.technodompro.com\/wp-content\/uploads\/2026\/SK0017793-CZ20260425-091936-0-1777079982-bradas-rucni-rozprasovac-aqua-spray-0-5l-w1200-h628-f8-f5fb.webp","type":"image\/webp"}],"twitter_card":"summary_large_image","schema":{"@context":"https:\/\/schema.org","@graph":[{"@type":"WebPage","@id":"https:\/\/www.technodompro.com\/index.php\/produkt\/akcni-cena-bradas-rucni-rozprasovac-aqua-spray-0-5l-2511\/","url":"https:\/\/www.technodompro.com\/index.php\/produkt\/akcni-cena-bradas-rucni-rozprasovac-aqua-spray-0-5l-2511\/","name":"Ak\u010dn\u00ed Cena Bradas Ru\u010dn\u00ed rozpra\u0161ova\u010d AQUA SPRAY 0,5l -","isPartOf":{"@id":"https:\/\/www.technodompro.com\/#website"},"primaryImageOfPage":{"@id":"https:\/\/www.technodompro.com\/index.php\/produkt\/akcni-cena-bradas-rucni-rozprasovac-aqua-spray-0-5l-2511\/#primaryimage"},"image":{"@id":"https:\/\/www.technodompro.com\/index.php\/produkt\/akcni-cena-bradas-rucni-rozprasovac-aqua-spray-0-5l-2511\/#primaryimage"},"thumbnailUrl":"https:\/\/www.technodompro.com\/wp-content\/uploads\/2026\/SK0017793-CZ20260425-091936-0-1777079982-bradas-rucni-rozprasovac-aqua-spray-0-5l-w1200-h628-f8-f5fb.webp","datePublished":"2026-04-27T04:40:40+00:00","breadcrumb":{"@id":"https:\/\/www.technodompro.com\/index.php\/produkt\/akcni-cena-bradas-rucni-rozprasovac-aqua-spray-0-5l-2511\/#breadcrumb"},"inLanguage":"cs","potentialAction":[{"@type":"ReadAction","target":["https:\/\/www.technodompro.com\/index.php\/produkt\/akcni-cena-bradas-rucni-rozprasovac-aqua-spray-0-5l-2511\/"]}]},{"@type":"ImageObject","inLanguage":"cs","@id":"https:\/\/www.technodompro.com\/index.php\/produkt\/akcni-cena-bradas-rucni-rozprasovac-aqua-spray-0-5l-2511\/#primaryimage","url":"https:\/\/www.technodompro.com\/wp-content\/uploads\/2026\/SK0017793-CZ20260425-091936-0-1777079982-bradas-rucni-rozprasovac-aqua-spray-0-5l-w1200-h628-f8-f5fb.webp","contentUrl":"https:\/\/www.technodompro.com\/wp-content\/uploads\/2026\/SK0017793-CZ20260425-091936-0-1777079982-bradas-rucni-rozprasovac-aqua-spray-0-5l-w1200-h628-f8-f5fb.webp","width":1000,"height":523},{"@type":"BreadcrumbList","@id":"https:\/\/www.technodompro.com\/index.php\/produkt\/akcni-cena-bradas-rucni-rozprasovac-aqua-spray-0-5l-2511\/#breadcrumb","itemListElement":[{"@type":"ListItem","position":1,"name":"Home","item":"https:\/\/www.technodompro.com\/"},{"@type":"ListItem","position":2,"name":"Products","item":"https:\/\/www.technodompro.com\/index.php\/products\/"},{"@type":"ListItem","position":3,"name":"Ak\u010dn\u00ed Cena Bradas Ru\u010dn\u00ed rozpra\u0161ova\u010d AQUA SPRAY 0,5l"}]},{"@type":"WebSite","@id":"https:\/\/www.technodompro.com\/#website","url":"https:\/\/www.technodompro.com\/","name":"","description":"","potentialAction":[{"@type":"SearchAction","target":{"@type":"EntryPoint","urlTemplate":"https:\/\/www.technodompro.com\/?s={search_term_string}"},"query-input":{"@type":"PropertyValueSpecification","valueRequired":true,"valueName":"search_term_string"}}],"inLanguage":"cs"}]}},"_links":{"self":[{"href":"https:\/\/www.technodompro.com\/index.php\/wp-json\/wp\/v2\/product\/2511","targetHints":{"allow":["GET"]}}],"collection":[{"href":"https:\/\/www.technodompro.com\/index.php\/wp-json\/wp\/v2\/product"}],"about":[{"href":"https:\/\/www.technodompro.com\/index.php\/wp-json\/wp\/v2\/types\/product"}],"replies":[{"embeddable":true,"href":"https:\/\/www.technodompro.com\/index.php\/wp-json\/wp\/v2\/comments?post=2511"}],"wp:featuredmedia":[{"embeddable":true,"href":"https:\/\/www.technodompro.com\/index.php\/wp-json\/wp\/v2\/media\/2611"}],"wp:attachment":[{"href":"https:\/\/www.technodompro.com\/index.php\/wp-json\/wp\/v2\/media?parent=2511"}],"wp:term":[{"taxonomy":"product_brand","embeddable":true,"href":"https:\/\/www.technodompro.com\/index.php\/wp-json\/wp\/v2\/product_brand?post=2511"},{"taxonomy":"product_cat","embeddable":true,"href":"https:\/\/www.technodompro.com\/index.php\/wp-json\/wp\/v2\/product_cat?post=2511"},{"taxonomy":"product_tag","embeddable":true,"href":"https:\/\/www.technodompro.com\/index.php\/wp-json\/wp\/v2\/product_tag?post=2511"}],"curies":[{"name":"wp","href":"https:\/\/api.w.org\/{rel}","templated":true}]}}