{"id":2512,"date":"2026-04-27T04:40:40","date_gmt":"2026-04-27T04:40:40","guid":{"rendered":""},"modified":"2026-04-27T04:40:40","modified_gmt":"2026-04-27T04:40:40","slug":"odeslani-ihned-bradas-zahradni-vymerovaci-lanko-100-m-2512","status":"publish","type":"product","link":"https:\/\/www.technodompro.com\/index.php\/produkt\/odeslani-ihned-bradas-zahradni-vymerovaci-lanko-100-m-2512\/","title":{"rendered":"Odesl\u00e1n\u00ed Ihned Bradas Zahradn\u00ed vym\u011b\u0159ovac\u00ed lanko 100 m"},"content":{"rendered":"<div class=\"detail-description__right\">\t\t\t\t<\/div>\n<div class=\"detail-description__top\">\t\t\t\t<\/div>\n<div class=\"detail-description__left\">\n<div class=\"detail-description__left__overflow\">\n<div class=\"detail-description__left__head\">\t\t\t\t\t\tPopis:\t\t\t\t\t<\/div>\n<div class=\"ul-style ul-style--check\">\n<p><strong>Zahradn\u00ed vym\u011b\u0159ovac\u00ed lanko 100\u00a0m<\/strong><\/p>\n<p>V\u00a0zahradnictv\u00ed se pou\u017e\u00edv\u00e1 k\u00a0vymezen\u00ed zahrady, v\u00a0zednick\u00e9m astavebn\u00edm\u00a0pr\u016fmyslu slou\u017e\u00ed jako prvek stavebn\u00edch m\u011b\u0159en\u00ed.<\/p>\n<p><strong>Rozm\u011bry a vlastnosti:<\/strong><\/p>\n<ul class=\"plusminus\">\n<li><i class=\"fas fa-check\"><\/i><span>Pr\u016f\u0159ez: kulat\u00fd<\/span><\/li>\n<li><i class=\"fas fa-check\"><\/i><span>Pr\u016fm\u011br: 1\u00a0mm<\/span><\/li>\n<li><i class=\"fas fa-check\"><\/i><span>D\u00e9lka: 100\u00a0m<\/span><\/li>\n<\/ul>\n<\/div>\n<div class=\"detail-description__left__more\">\t\t\t\t\t\t<span> <\/span><span> <\/span>\t\t\t\t\t<\/div>\n<\/p><\/div>\n<\/p><\/div>\n<div class=\"detail-description__more\"><span> <\/span><span> <\/span><\/div>\n<\/p><\/div>\n<\/p><\/div>\n","protected":false},"excerpt":{"rendered":"<p>Popis: Zahradn\u00ed vym\u011b\u0159ovac\u00ed lanko 100\u00a0m V\u00a0zahradnictv\u00ed se pou\u017e\u00edv\u00e1 k\u00a0vymezen\u00ed zahrady, v\u00a0zednick\u00e9m astavebn\u00edm\u00a0pr\u016fmyslu slou\u017e\u00ed jako prvek stavebn\u00edch m\u011b\u0159en\u00ed. Rozm\u011bry a vlastnosti: Pr\u016f\u0159ez: kulat\u00fd Pr\u016fm\u011br: 1\u00a0mm D\u00e9lka: 100\u00a0m<\/p>\n","protected":false},"featured_media":2612,"comment_status":"open","ping_status":"open","template":"","meta":[],"product_brand":[],"product_cat":[36],"product_tag":[],"class_list":{"0":"post-2512","1":"product","2":"type-product","3":"status-publish","4":"has-post-thumbnail","6":"product_cat-zahrada","8":"first","9":"instock","10":"sale","11":"shipping-taxable","12":"purchasable","13":"product-type-simple"},"yoast_head":"<!-- This site is optimized with the Yoast SEO plugin v26.8 - https:\/\/yoast.com\/product\/yoast-seo-wordpress\/ -->\n<title>Odesl\u00e1n\u00ed Ihned Bradas Zahradn\u00ed vym\u011b\u0159ovac\u00ed lanko 100 m -<\/title>\n<meta name=\"robots\" content=\"index, follow, max-snippet:-1, max-image-preview:large, max-video-preview:-1\" \/>\n<link rel=\"canonical\" href=\"https:\/\/www.technodompro.com\/index.php\/produkt\/odeslani-ihned-bradas-zahradni-vymerovaci-lanko-100-m-2512\/\" \/>\n<meta property=\"og:locale\" content=\"cs_CZ\" \/>\n<meta property=\"og:type\" content=\"article\" \/>\n<meta property=\"og:title\" content=\"Odesl\u00e1n\u00ed Ihned Bradas Zahradn\u00ed vym\u011b\u0159ovac\u00ed lanko 100 m -\" \/>\n<meta property=\"og:description\" content=\"Popis: Zahradn\u00ed vym\u011b\u0159ovac\u00ed lanko 100\u00a0m V\u00a0zahradnictv\u00ed se pou\u017e\u00edv\u00e1 k\u00a0vymezen\u00ed zahrady, v\u00a0zednick\u00e9m astavebn\u00edm\u00a0pr\u016fmyslu slou\u017e\u00ed jako prvek stavebn\u00edch m\u011b\u0159en\u00ed. Rozm\u011bry a vlastnosti: Pr\u016f\u0159ez: kulat\u00fd Pr\u016fm\u011br: 1\u00a0mm D\u00e9lka: 100\u00a0m\" \/>\n<meta property=\"og:url\" content=\"https:\/\/www.technodompro.com\/index.php\/produkt\/odeslani-ihned-bradas-zahradni-vymerovaci-lanko-100-m-2512\/\" \/>\n<meta property=\"og:image\" content=\"https:\/\/www.technodompro.com\/wp-content\/uploads\/2026\/SK0017794-CZ20260425-091936-0-1777079982-bradas-zahradni-vymerovaci-lanko-100-m-w1200-h628-f8-17c0b4.webp\" \/>\n\t<meta property=\"og:image:width\" content=\"1000\" \/>\n\t<meta property=\"og:image:height\" content=\"523\" \/>\n\t<meta property=\"og:image:type\" content=\"image\/webp\" \/>\n<meta name=\"twitter:card\" content=\"summary_large_image\" \/>\n<script type=\"application\/ld+json\" class=\"yoast-schema-graph\">{\"@context\":\"https:\/\/schema.org\",\"@graph\":[{\"@type\":\"WebPage\",\"@id\":\"https:\/\/www.technodompro.com\/index.php\/produkt\/odeslani-ihned-bradas-zahradni-vymerovaci-lanko-100-m-2512\/\",\"url\":\"https:\/\/www.technodompro.com\/index.php\/produkt\/odeslani-ihned-bradas-zahradni-vymerovaci-lanko-100-m-2512\/\",\"name\":\"Odesl\u00e1n\u00ed Ihned Bradas Zahradn\u00ed vym\u011b\u0159ovac\u00ed lanko 100 m -\",\"isPartOf\":{\"@id\":\"https:\/\/www.technodompro.com\/#website\"},\"primaryImageOfPage\":{\"@id\":\"https:\/\/www.technodompro.com\/index.php\/produkt\/odeslani-ihned-bradas-zahradni-vymerovaci-lanko-100-m-2512\/#primaryimage\"},\"image\":{\"@id\":\"https:\/\/www.technodompro.com\/index.php\/produkt\/odeslani-ihned-bradas-zahradni-vymerovaci-lanko-100-m-2512\/#primaryimage\"},\"thumbnailUrl\":\"https:\/\/www.technodompro.com\/wp-content\/uploads\/2026\/SK0017794-CZ20260425-091936-0-1777079982-bradas-zahradni-vymerovaci-lanko-100-m-w1200-h628-f8-17c0b4.webp\",\"datePublished\":\"2026-04-27T04:40:40+00:00\",\"breadcrumb\":{\"@id\":\"https:\/\/www.technodompro.com\/index.php\/produkt\/odeslani-ihned-bradas-zahradni-vymerovaci-lanko-100-m-2512\/#breadcrumb\"},\"inLanguage\":\"cs\",\"potentialAction\":[{\"@type\":\"ReadAction\",\"target\":[\"https:\/\/www.technodompro.com\/index.php\/produkt\/odeslani-ihned-bradas-zahradni-vymerovaci-lanko-100-m-2512\/\"]}]},{\"@type\":\"ImageObject\",\"inLanguage\":\"cs\",\"@id\":\"https:\/\/www.technodompro.com\/index.php\/produkt\/odeslani-ihned-bradas-zahradni-vymerovaci-lanko-100-m-2512\/#primaryimage\",\"url\":\"https:\/\/www.technodompro.com\/wp-content\/uploads\/2026\/SK0017794-CZ20260425-091936-0-1777079982-bradas-zahradni-vymerovaci-lanko-100-m-w1200-h628-f8-17c0b4.webp\",\"contentUrl\":\"https:\/\/www.technodompro.com\/wp-content\/uploads\/2026\/SK0017794-CZ20260425-091936-0-1777079982-bradas-zahradni-vymerovaci-lanko-100-m-w1200-h628-f8-17c0b4.webp\",\"width\":1000,\"height\":523},{\"@type\":\"BreadcrumbList\",\"@id\":\"https:\/\/www.technodompro.com\/index.php\/produkt\/odeslani-ihned-bradas-zahradni-vymerovaci-lanko-100-m-2512\/#breadcrumb\",\"itemListElement\":[{\"@type\":\"ListItem\",\"position\":1,\"name\":\"Home\",\"item\":\"https:\/\/www.technodompro.com\/\"},{\"@type\":\"ListItem\",\"position\":2,\"name\":\"Products\",\"item\":\"https:\/\/www.technodompro.com\/index.php\/products\/\"},{\"@type\":\"ListItem\",\"position\":3,\"name\":\"Odesl\u00e1n\u00ed Ihned Bradas Zahradn\u00ed vym\u011b\u0159ovac\u00ed lanko 100 m\"}]},{\"@type\":\"WebSite\",\"@id\":\"https:\/\/www.technodompro.com\/#website\",\"url\":\"https:\/\/www.technodompro.com\/\",\"name\":\"\",\"description\":\"\",\"potentialAction\":[{\"@type\":\"SearchAction\",\"target\":{\"@type\":\"EntryPoint\",\"urlTemplate\":\"https:\/\/www.technodompro.com\/?s={search_term_string}\"},\"query-input\":{\"@type\":\"PropertyValueSpecification\",\"valueRequired\":true,\"valueName\":\"search_term_string\"}}],\"inLanguage\":\"cs\"}]}<\/script>\n<!-- \/ Yoast SEO plugin. -->","yoast_head_json":{"title":"Odesl\u00e1n\u00ed Ihned Bradas Zahradn\u00ed vym\u011b\u0159ovac\u00ed lanko 100 m -","robots":{"index":"index","follow":"follow","max-snippet":"max-snippet:-1","max-image-preview":"max-image-preview:large","max-video-preview":"max-video-preview:-1"},"canonical":"https:\/\/www.technodompro.com\/index.php\/produkt\/odeslani-ihned-bradas-zahradni-vymerovaci-lanko-100-m-2512\/","og_locale":"cs_CZ","og_type":"article","og_title":"Odesl\u00e1n\u00ed Ihned Bradas Zahradn\u00ed vym\u011b\u0159ovac\u00ed lanko 100 m -","og_description":"Popis: Zahradn\u00ed vym\u011b\u0159ovac\u00ed lanko 100\u00a0m V\u00a0zahradnictv\u00ed se pou\u017e\u00edv\u00e1 k\u00a0vymezen\u00ed zahrady, v\u00a0zednick\u00e9m astavebn\u00edm\u00a0pr\u016fmyslu slou\u017e\u00ed jako prvek stavebn\u00edch m\u011b\u0159en\u00ed. Rozm\u011bry a vlastnosti: Pr\u016f\u0159ez: kulat\u00fd Pr\u016fm\u011br: 1\u00a0mm D\u00e9lka: 100\u00a0m","og_url":"https:\/\/www.technodompro.com\/index.php\/produkt\/odeslani-ihned-bradas-zahradni-vymerovaci-lanko-100-m-2512\/","og_image":[{"width":1000,"height":523,"url":"https:\/\/www.technodompro.com\/wp-content\/uploads\/2026\/SK0017794-CZ20260425-091936-0-1777079982-bradas-zahradni-vymerovaci-lanko-100-m-w1200-h628-f8-17c0b4.webp","type":"image\/webp"}],"twitter_card":"summary_large_image","schema":{"@context":"https:\/\/schema.org","@graph":[{"@type":"WebPage","@id":"https:\/\/www.technodompro.com\/index.php\/produkt\/odeslani-ihned-bradas-zahradni-vymerovaci-lanko-100-m-2512\/","url":"https:\/\/www.technodompro.com\/index.php\/produkt\/odeslani-ihned-bradas-zahradni-vymerovaci-lanko-100-m-2512\/","name":"Odesl\u00e1n\u00ed Ihned Bradas Zahradn\u00ed vym\u011b\u0159ovac\u00ed lanko 100 m -","isPartOf":{"@id":"https:\/\/www.technodompro.com\/#website"},"primaryImageOfPage":{"@id":"https:\/\/www.technodompro.com\/index.php\/produkt\/odeslani-ihned-bradas-zahradni-vymerovaci-lanko-100-m-2512\/#primaryimage"},"image":{"@id":"https:\/\/www.technodompro.com\/index.php\/produkt\/odeslani-ihned-bradas-zahradni-vymerovaci-lanko-100-m-2512\/#primaryimage"},"thumbnailUrl":"https:\/\/www.technodompro.com\/wp-content\/uploads\/2026\/SK0017794-CZ20260425-091936-0-1777079982-bradas-zahradni-vymerovaci-lanko-100-m-w1200-h628-f8-17c0b4.webp","datePublished":"2026-04-27T04:40:40+00:00","breadcrumb":{"@id":"https:\/\/www.technodompro.com\/index.php\/produkt\/odeslani-ihned-bradas-zahradni-vymerovaci-lanko-100-m-2512\/#breadcrumb"},"inLanguage":"cs","potentialAction":[{"@type":"ReadAction","target":["https:\/\/www.technodompro.com\/index.php\/produkt\/odeslani-ihned-bradas-zahradni-vymerovaci-lanko-100-m-2512\/"]}]},{"@type":"ImageObject","inLanguage":"cs","@id":"https:\/\/www.technodompro.com\/index.php\/produkt\/odeslani-ihned-bradas-zahradni-vymerovaci-lanko-100-m-2512\/#primaryimage","url":"https:\/\/www.technodompro.com\/wp-content\/uploads\/2026\/SK0017794-CZ20260425-091936-0-1777079982-bradas-zahradni-vymerovaci-lanko-100-m-w1200-h628-f8-17c0b4.webp","contentUrl":"https:\/\/www.technodompro.com\/wp-content\/uploads\/2026\/SK0017794-CZ20260425-091936-0-1777079982-bradas-zahradni-vymerovaci-lanko-100-m-w1200-h628-f8-17c0b4.webp","width":1000,"height":523},{"@type":"BreadcrumbList","@id":"https:\/\/www.technodompro.com\/index.php\/produkt\/odeslani-ihned-bradas-zahradni-vymerovaci-lanko-100-m-2512\/#breadcrumb","itemListElement":[{"@type":"ListItem","position":1,"name":"Home","item":"https:\/\/www.technodompro.com\/"},{"@type":"ListItem","position":2,"name":"Products","item":"https:\/\/www.technodompro.com\/index.php\/products\/"},{"@type":"ListItem","position":3,"name":"Odesl\u00e1n\u00ed Ihned Bradas Zahradn\u00ed vym\u011b\u0159ovac\u00ed lanko 100 m"}]},{"@type":"WebSite","@id":"https:\/\/www.technodompro.com\/#website","url":"https:\/\/www.technodompro.com\/","name":"","description":"","potentialAction":[{"@type":"SearchAction","target":{"@type":"EntryPoint","urlTemplate":"https:\/\/www.technodompro.com\/?s={search_term_string}"},"query-input":{"@type":"PropertyValueSpecification","valueRequired":true,"valueName":"search_term_string"}}],"inLanguage":"cs"}]}},"_links":{"self":[{"href":"https:\/\/www.technodompro.com\/index.php\/wp-json\/wp\/v2\/product\/2512","targetHints":{"allow":["GET"]}}],"collection":[{"href":"https:\/\/www.technodompro.com\/index.php\/wp-json\/wp\/v2\/product"}],"about":[{"href":"https:\/\/www.technodompro.com\/index.php\/wp-json\/wp\/v2\/types\/product"}],"replies":[{"embeddable":true,"href":"https:\/\/www.technodompro.com\/index.php\/wp-json\/wp\/v2\/comments?post=2512"}],"wp:featuredmedia":[{"embeddable":true,"href":"https:\/\/www.technodompro.com\/index.php\/wp-json\/wp\/v2\/media\/2612"}],"wp:attachment":[{"href":"https:\/\/www.technodompro.com\/index.php\/wp-json\/wp\/v2\/media?parent=2512"}],"wp:term":[{"taxonomy":"product_brand","embeddable":true,"href":"https:\/\/www.technodompro.com\/index.php\/wp-json\/wp\/v2\/product_brand?post=2512"},{"taxonomy":"product_cat","embeddable":true,"href":"https:\/\/www.technodompro.com\/index.php\/wp-json\/wp\/v2\/product_cat?post=2512"},{"taxonomy":"product_tag","embeddable":true,"href":"https:\/\/www.technodompro.com\/index.php\/wp-json\/wp\/v2\/product_tag?post=2512"}],"curies":[{"name":"wp","href":"https:\/\/api.w.org\/{rel}","templated":true}]}}