{"id":25509,"date":"2026-04-27T04:41:35","date_gmt":"2026-04-27T04:41:35","guid":{"rendered":""},"modified":"2026-04-27T04:41:35","modified_gmt":"2026-04-27T04:41:35","slug":"pouze-dnes-redukce-3-4-quot-k-baterii-s-el-ohrevem-vody-delimano-homelife-elba-25509","status":"publish","type":"product","link":"https:\/\/www.technodompro.com\/index.php\/produkt\/pouze-dnes-redukce-3-4-quot-k-baterii-s-el-ohrevem-vody-delimano-homelife-elba-25509\/","title":{"rendered":"Pouze Dnes Redukce 3\/4&quot; k baterii s el. oh\u0159evem vody Delimano, HomeLife, Elba"},"content":{"rendered":"<div id=\"e25007\" class=\"pages\">\n<div>\n<div id=\"PDDescription\" class=\"UserContentView userContent v1a v1 bs-view dcon dc164 PDDescription\" ><dc-con><dc-con><bs-empty><\/bs-empty><\/dc-con><dc-con>        <\/p>\n<div class=\"customDescription\">                    <\/div>\n<p><\/dc-con><dc-con><\/p>\n<p><strong>Redukce 3\/4&#8243; k baterii s el. oh\u0159evem vody Delimano, HomeLife, Elba<\/strong><\/p>\n<p>Nerezov\u00e9 proveden\u00ed: 1.4301<br \/>Redukce na vn\u011bj\u0161\u00ed z\u00e1vit: 3\/4&#8243;<\/p>\n<p><span style=\"color: #000000;\"><span style=\"color: #000000;\">Kompatibiln\u00ed pro modely:<\/span><\/span><\/p>\n<p><span style=\"color: #000000;\"><strong>Delimano<\/strong><br \/><\/span><span style=\"color: rgb(35, 111, 161);\"><a style=\"color: rgb(35, 111, 161);\" target=\"_self\" href=\"https:\/\/www.topenilevne.cz\/delimano-instant-digital-p43439\/\">Instant Digital<\/a><\/span><br \/><span style=\"color: rgb(35, 111, 161);\"><a style=\"color: rgb(35, 111, 161);\" target=\"_self\" href=\"https:\/\/www.topenilevne.cz\/delimano-instant-digital-horizontal-p44230\/\">Instant Digital Horizontal<\/a><\/span><br \/><a target=\"_self\" href=\"https:\/\/www.topenilevne.cz\/delimano-horizontalni-baterie-s-ohrevem-vody-pro-p77092\/\"><span style=\"color: #0066cc;\"><span style=\"color: rgb(35, 111, 161);\">Instant Pro<\/span><br \/><span style=\"color: rgb(35, 111, 161);\">Horizont\u00e1ln\u00ed baterie s oh\u0159evem vody Pro<\/span><br \/><\/span><\/a><\/p>\n<p><strong><strong><br \/><\/strong><span style=\"color: rgb(0, 0, 0);\">HomeLife<\/span><\/strong><br \/><span style=\"color: rgb(35, 111, 161);\"><a style=\"color: rgb(35, 111, 161);\" target=\"_self\" href=\"https:\/\/www.topenilevne.cz\/homelife-digiterm-sdr-10d-3-p51387\/\">&#8211; Digiterm<br \/>&#8211; Wall <\/a><a style=\"color: rgb(35, 111, 161);\" target=\"_self\" href=\"https:\/\/www.topenilevne.cz\/homelife-wall-digiterm-flexi-sdr-10c-3-p55110\/\">Digiterm Flexi<\/a><\/span><span style=\"color: #0066cc;\"><br \/><span style=\"color: rgb(35, 111, 161);\"><a style=\"color: rgb(35, 111, 161);\" target=\"_self\" href=\"https:\/\/www.topenilevne.cz\/homelife-inox-digital-sdh-18dc-3h-p51385\/\">&#8211; Inox a <\/a><a style=\"color: rgb(35, 111, 161);\" target=\"_self\" href=\"https:\/\/www.topenilevne.cz\/homelife-inox-digital-sdh-18dc-3h-p51385\/\">Inox Digital<\/a><a style=\"color: rgb(35, 111, 161);\" target=\"_self\" href=\"https:\/\/www.topenilevne.cz\/homelife-inox-digital-sdh-18dc-3h-p51385\/\"><br \/><\/a>&#8211; <a style=\"color: rgb(35, 111, 161);\" target=\"_self\" href=\"https:\/\/www.topenilevne.cz\/homelife-wall-termo-quick-sdr-11c-3-p59165\/\">Wall Termo Quick<\/a><\/span><br \/><span style=\"color: rgb(224, 62, 45);\">U modelu Wall Term Quick pouze pro model vyr\u00e1b\u011bn\u00fd do 10\/2018, s \u0161ir\u0161\u00edm vstupn\u00edm otvorem pro odtokov\u00e9 ram\u00ednko! Aktu\u00e1ln\u011b nab\u00edzen\u00e1 verze t\u00e9to baterie, tuto \u00fapravu neumo\u017e\u0148uje.<\/span><\/span><\/p>\n<p><strong><span style=\"color: #000000;\">Steno<br \/><\/span><\/strong><span style=\"color: #000000;\"><span style=\"color: #ff0000;\"><span style=\"color: rgb(35, 111, 161);\"><a style=\"color: rgb(35, 111, 161);\" target=\"_self\" href=\"https:\/\/www.topenilevne.cz\/steno-elba-1009-p81562\/\">Elba 1009<\/a><\/p>\n<p><\/span><\/span><\/span><strong>Obsah balen\u00ed<br \/><\/strong>&#8211; 1x redukce<br \/>&#8211;\u00a02x t\u011bsn\u00edc\u00ed &#8222;o&#8220; krou\u017eek<br \/>&#8211;\u00a01x kotv\u00edc\u00ed\u00a0&#8222;o&#8220; krou\u017eek<\/p>\n<p style=\"text-align: justify;\"><strong>N\u00e1vod\u00a0k instalaci<br \/><\/strong>Pro demont\u00e1\u017e p\u016fvodn\u00edho ram\u00ednka je t\u0159eba povolit p\u0159evle\u010dnou matici, kter\u00e1 ram\u00ednko upev\u0148uje k baterii. Z p\u016fvodn\u00edho ram\u00ednka je nutn\u00e9 demontovat kotv\u00edc\u00ed teflonov\u00fd &#8222;C&#8220; krou\u017eek a ob\u011b silikonov\u00e1 t\u011bsn\u011bn\u00ed, v\u010detn\u011b p\u0159evle\u010dn\u00e9 matice se z\u00e1vitem. Do otvoru baterie zasu\u0148te zakoupenou redukci a p\u0159it\u00e1hn\u011bte p\u0159evle\u010dnou matic\u00ed. Na redukci nainstalujte sprchovou hadici s t\u011bsn\u011bn\u00edm. Otestujte t\u011bsnost spoje spu\u0161t\u011bn\u00edm pr\u016ftoku studen\u00e9 vody z baterie. Pokud z prostoru spoje prosakuje voda, zkuste v\u00edce zatla\u010dit na redukci, aby se l\u00e9pe usadila do prostoru v\u00fdstupn\u00edho otvoru baterie a s citem je\u0161t\u011b p\u0159it\u00e1hn\u011bte p\u0159evle\u010dnou matici tak, aby nedo\u0161lo k jej\u00edmu po\u0161kozen\u00ed\u00a0(prasknut\u00ed) a zopakujte test t\u011bsnosti. Pokud je spoj st\u00e1le net\u011bsn\u00fd, demontujte z redukce p\u016fvodn\u011b dod\u00e1van\u00e9 t\u011bsn\u00edc\u00ed &#8222;o&#8220; krou\u017eky a zkuste je nahradit &#8222;o&#8220; krou\u017eky z origin\u00e1ln\u00edho ram\u00ednka. T\u00e9\u017e je mo\u017en\u00e9 otestovat zapojen\u00ed s v\u00fdm\u011bnou vrchn\u00edho kotv\u00edc\u00edho\u00a0&#8222;o&#8220; krou\u017eku z dodan\u00e9 redukce a nahradit jej\u00a0origin\u00e1n\u00edm kotv\u00edc\u00edm teflonov\u00fdm &#8222;C&#8220; krou\u017ekem z origin\u00e1ln\u00edho\u00a0(p\u016fvodn\u011b) demontovan\u00e9ho ram\u00ednka baterie.<\/p>\n<p style=\"text-align: justify;\">Doporu\u010dujeme pou\u017eit\u00ed \u00fasporn\u00e9 sprchov\u00e9 r\u016f\u017eice (sprchy) &#8211;\u00a0omezuj\u00edc\u00ed pr\u016ftok vody, aby byla funce oh\u0159evu vody v baterii zachov\u00e1na.<\/p>\n<p><\/dc-con><\/dc-con><\/div>\n<\/p><\/div>\n<div id=\"PDTable3\" class=\"ProductDetailTableView v3a v3 bs-view dcon dc185 PDTable3\" >\n<table>\n<thead><\/thead>\n<tbody>\n<tr class=\"attribute attr_bsshop_maker\">\n<td class=\"caption\">V\u00fdrobce<\/td>\n<td class=\"value\">HomeLife<\/td>\n<\/tr>\n<\/tbody>\n<\/table>\n<\/div>\n<\/div>\n<div id=\"e25008\" class=\"tabs\">\n","protected":false},"excerpt":{"rendered":"<p>Redukce 3\/4&#8243; k baterii s el. oh\u0159evem vody Delimano, HomeLife, Elba Nerezov\u00e9 proveden\u00ed: 1.4301Redukce na vn\u011bj\u0161\u00ed z\u00e1vit: 3\/4&#8243; Kompatibiln\u00ed pro modely: DelimanoInstant DigitalInstant Digital HorizontalInstant ProHorizont\u00e1ln\u00ed baterie s oh\u0159evem vody Pro HomeLife&#8211; Digiterm&#8211; Wall Digiterm Flexi&#8211; Inox a Inox Digital&#8211; Wall Termo QuickU modelu Wall Term Quick pouze pro model vyr\u00e1b\u011bn\u00fd do 10\/2018, s \u0161ir\u0161\u00edm [&hellip;]<\/p>\n","protected":false},"featured_media":25609,"comment_status":"open","ping_status":"open","template":"","meta":[],"product_brand":[],"product_cat":[88],"product_tag":[],"class_list":{"0":"post-25509","1":"product","2":"type-product","3":"status-publish","4":"has-post-thumbnail","6":"product_cat-vybaven-237-koupelny","8":"first","9":"instock","10":"sale","11":"shipping-taxable","12":"purchasable","13":"product-type-simple"},"yoast_head":"<!-- This site is optimized with the Yoast SEO plugin v26.8 - https:\/\/yoast.com\/product\/yoast-seo-wordpress\/ -->\n<title>Pouze Dnes Redukce 3\/4&quot; k baterii s el. oh\u0159evem vody Delimano, HomeLife, Elba -<\/title>\n<meta name=\"robots\" content=\"index, follow, max-snippet:-1, max-image-preview:large, max-video-preview:-1\" \/>\n<link rel=\"canonical\" href=\"https:\/\/www.technodompro.com\/index.php\/produkt\/pouze-dnes-redukce-3-4-quot-k-baterii-s-el-ohrevem-vody-delimano-homelife-elba-25509\/\" \/>\n<meta property=\"og:locale\" content=\"cs_CZ\" \/>\n<meta property=\"og:type\" content=\"article\" \/>\n<meta property=\"og:title\" content=\"Pouze Dnes Redukce 3\/4&quot; k baterii s el. oh\u0159evem vody Delimano, HomeLife, Elba -\" \/>\n<meta property=\"og:description\" content=\"Redukce 3\/4&#8243; k baterii s el. oh\u0159evem vody Delimano, HomeLife, Elba Nerezov\u00e9 proveden\u00ed: 1.4301Redukce na vn\u011bj\u0161\u00ed z\u00e1vit: 3\/4&#8243; Kompatibiln\u00ed pro modely: DelimanoInstant DigitalInstant Digital HorizontalInstant ProHorizont\u00e1ln\u00ed baterie s oh\u0159evem vody Pro HomeLife&#8211; Digiterm&#8211; Wall Digiterm Flexi&#8211; Inox a Inox Digital&#8211; Wall Termo QuickU modelu Wall Term Quick pouze pro model vyr\u00e1b\u011bn\u00fd do 10\/2018, s \u0161ir\u0161\u00edm [&hellip;]\" \/>\n<meta property=\"og:url\" content=\"https:\/\/www.technodompro.com\/index.php\/produkt\/pouze-dnes-redukce-3-4-quot-k-baterii-s-el-ohrevem-vody-delimano-homelife-elba-25509\/\" \/>\n<meta property=\"og:image\" content=\"https:\/\/www.technodompro.com\/wp-content\/uploads\/2026\/SK0012147-CZ20260425-093449-0-1777080895-redukce-3-4-k-baterii-s-el-ohrevem-vody-delimano-homelife-e.webp\" \/>\n\t<meta property=\"og:image:width\" content=\"1000\" \/>\n\t<meta property=\"og:image:height\" content=\"525\" \/>\n\t<meta property=\"og:image:type\" content=\"image\/webp\" \/>\n<meta name=\"twitter:card\" content=\"summary_large_image\" \/>\n<meta name=\"twitter:label1\" content=\"Odhadovan\u00e1 doba \u010dten\u00ed\" \/>\n\t<meta name=\"twitter:data1\" content=\"2 minuty\" \/>\n<script type=\"application\/ld+json\" class=\"yoast-schema-graph\">{\"@context\":\"https:\/\/schema.org\",\"@graph\":[{\"@type\":\"WebPage\",\"@id\":\"https:\/\/www.technodompro.com\/index.php\/produkt\/pouze-dnes-redukce-3-4-quot-k-baterii-s-el-ohrevem-vody-delimano-homelife-elba-25509\/\",\"url\":\"https:\/\/www.technodompro.com\/index.php\/produkt\/pouze-dnes-redukce-3-4-quot-k-baterii-s-el-ohrevem-vody-delimano-homelife-elba-25509\/\",\"name\":\"Pouze Dnes Redukce 3\/4&quot; k baterii s el. oh\u0159evem vody Delimano, HomeLife, Elba -\",\"isPartOf\":{\"@id\":\"https:\/\/www.technodompro.com\/#website\"},\"primaryImageOfPage\":{\"@id\":\"https:\/\/www.technodompro.com\/index.php\/produkt\/pouze-dnes-redukce-3-4-quot-k-baterii-s-el-ohrevem-vody-delimano-homelife-elba-25509\/#primaryimage\"},\"image\":{\"@id\":\"https:\/\/www.technodompro.com\/index.php\/produkt\/pouze-dnes-redukce-3-4-quot-k-baterii-s-el-ohrevem-vody-delimano-homelife-elba-25509\/#primaryimage\"},\"thumbnailUrl\":\"https:\/\/www.technodompro.com\/wp-content\/uploads\/2026\/SK0012147-CZ20260425-093449-0-1777080895-redukce-3-4-k-baterii-s-el-ohrevem-vody-delimano-homelife-e.webp\",\"datePublished\":\"2026-04-27T04:41:35+00:00\",\"breadcrumb\":{\"@id\":\"https:\/\/www.technodompro.com\/index.php\/produkt\/pouze-dnes-redukce-3-4-quot-k-baterii-s-el-ohrevem-vody-delimano-homelife-elba-25509\/#breadcrumb\"},\"inLanguage\":\"cs\",\"potentialAction\":[{\"@type\":\"ReadAction\",\"target\":[\"https:\/\/www.technodompro.com\/index.php\/produkt\/pouze-dnes-redukce-3-4-quot-k-baterii-s-el-ohrevem-vody-delimano-homelife-elba-25509\/\"]}]},{\"@type\":\"ImageObject\",\"inLanguage\":\"cs\",\"@id\":\"https:\/\/www.technodompro.com\/index.php\/produkt\/pouze-dnes-redukce-3-4-quot-k-baterii-s-el-ohrevem-vody-delimano-homelife-elba-25509\/#primaryimage\",\"url\":\"https:\/\/www.technodompro.com\/wp-content\/uploads\/2026\/SK0012147-CZ20260425-093449-0-1777080895-redukce-3-4-k-baterii-s-el-ohrevem-vody-delimano-homelife-e.webp\",\"contentUrl\":\"https:\/\/www.technodompro.com\/wp-content\/uploads\/2026\/SK0012147-CZ20260425-093449-0-1777080895-redukce-3-4-k-baterii-s-el-ohrevem-vody-delimano-homelife-e.webp\",\"width\":1000,\"height\":525},{\"@type\":\"BreadcrumbList\",\"@id\":\"https:\/\/www.technodompro.com\/index.php\/produkt\/pouze-dnes-redukce-3-4-quot-k-baterii-s-el-ohrevem-vody-delimano-homelife-elba-25509\/#breadcrumb\",\"itemListElement\":[{\"@type\":\"ListItem\",\"position\":1,\"name\":\"Home\",\"item\":\"https:\/\/www.technodompro.com\/\"},{\"@type\":\"ListItem\",\"position\":2,\"name\":\"Products\",\"item\":\"https:\/\/www.technodompro.com\/index.php\/products\/\"},{\"@type\":\"ListItem\",\"position\":3,\"name\":\"Pouze Dnes Redukce 3\/4&quot; k baterii s el. oh\u0159evem vody Delimano, HomeLife, Elba\"}]},{\"@type\":\"WebSite\",\"@id\":\"https:\/\/www.technodompro.com\/#website\",\"url\":\"https:\/\/www.technodompro.com\/\",\"name\":\"\",\"description\":\"\",\"potentialAction\":[{\"@type\":\"SearchAction\",\"target\":{\"@type\":\"EntryPoint\",\"urlTemplate\":\"https:\/\/www.technodompro.com\/?s={search_term_string}\"},\"query-input\":{\"@type\":\"PropertyValueSpecification\",\"valueRequired\":true,\"valueName\":\"search_term_string\"}}],\"inLanguage\":\"cs\"}]}<\/script>\n<!-- \/ Yoast SEO plugin. -->","yoast_head_json":{"title":"Pouze Dnes Redukce 3\/4&quot; k baterii s el. oh\u0159evem vody Delimano, HomeLife, Elba -","robots":{"index":"index","follow":"follow","max-snippet":"max-snippet:-1","max-image-preview":"max-image-preview:large","max-video-preview":"max-video-preview:-1"},"canonical":"https:\/\/www.technodompro.com\/index.php\/produkt\/pouze-dnes-redukce-3-4-quot-k-baterii-s-el-ohrevem-vody-delimano-homelife-elba-25509\/","og_locale":"cs_CZ","og_type":"article","og_title":"Pouze Dnes Redukce 3\/4&quot; k baterii s el. oh\u0159evem vody Delimano, HomeLife, Elba -","og_description":"Redukce 3\/4&#8243; k baterii s el. oh\u0159evem vody Delimano, HomeLife, Elba Nerezov\u00e9 proveden\u00ed: 1.4301Redukce na vn\u011bj\u0161\u00ed z\u00e1vit: 3\/4&#8243; Kompatibiln\u00ed pro modely: DelimanoInstant DigitalInstant Digital HorizontalInstant ProHorizont\u00e1ln\u00ed baterie s oh\u0159evem vody Pro HomeLife&#8211; Digiterm&#8211; Wall Digiterm Flexi&#8211; Inox a Inox Digital&#8211; Wall Termo QuickU modelu Wall Term Quick pouze pro model vyr\u00e1b\u011bn\u00fd do 10\/2018, s \u0161ir\u0161\u00edm [&hellip;]","og_url":"https:\/\/www.technodompro.com\/index.php\/produkt\/pouze-dnes-redukce-3-4-quot-k-baterii-s-el-ohrevem-vody-delimano-homelife-elba-25509\/","og_image":[{"width":1000,"height":525,"url":"https:\/\/www.technodompro.com\/wp-content\/uploads\/2026\/SK0012147-CZ20260425-093449-0-1777080895-redukce-3-4-k-baterii-s-el-ohrevem-vody-delimano-homelife-e.webp","type":"image\/webp"}],"twitter_card":"summary_large_image","twitter_misc":{"Odhadovan\u00e1 doba \u010dten\u00ed":"2 minuty"},"schema":{"@context":"https:\/\/schema.org","@graph":[{"@type":"WebPage","@id":"https:\/\/www.technodompro.com\/index.php\/produkt\/pouze-dnes-redukce-3-4-quot-k-baterii-s-el-ohrevem-vody-delimano-homelife-elba-25509\/","url":"https:\/\/www.technodompro.com\/index.php\/produkt\/pouze-dnes-redukce-3-4-quot-k-baterii-s-el-ohrevem-vody-delimano-homelife-elba-25509\/","name":"Pouze Dnes Redukce 3\/4&quot; k baterii s el. oh\u0159evem vody Delimano, HomeLife, Elba -","isPartOf":{"@id":"https:\/\/www.technodompro.com\/#website"},"primaryImageOfPage":{"@id":"https:\/\/www.technodompro.com\/index.php\/produkt\/pouze-dnes-redukce-3-4-quot-k-baterii-s-el-ohrevem-vody-delimano-homelife-elba-25509\/#primaryimage"},"image":{"@id":"https:\/\/www.technodompro.com\/index.php\/produkt\/pouze-dnes-redukce-3-4-quot-k-baterii-s-el-ohrevem-vody-delimano-homelife-elba-25509\/#primaryimage"},"thumbnailUrl":"https:\/\/www.technodompro.com\/wp-content\/uploads\/2026\/SK0012147-CZ20260425-093449-0-1777080895-redukce-3-4-k-baterii-s-el-ohrevem-vody-delimano-homelife-e.webp","datePublished":"2026-04-27T04:41:35+00:00","breadcrumb":{"@id":"https:\/\/www.technodompro.com\/index.php\/produkt\/pouze-dnes-redukce-3-4-quot-k-baterii-s-el-ohrevem-vody-delimano-homelife-elba-25509\/#breadcrumb"},"inLanguage":"cs","potentialAction":[{"@type":"ReadAction","target":["https:\/\/www.technodompro.com\/index.php\/produkt\/pouze-dnes-redukce-3-4-quot-k-baterii-s-el-ohrevem-vody-delimano-homelife-elba-25509\/"]}]},{"@type":"ImageObject","inLanguage":"cs","@id":"https:\/\/www.technodompro.com\/index.php\/produkt\/pouze-dnes-redukce-3-4-quot-k-baterii-s-el-ohrevem-vody-delimano-homelife-elba-25509\/#primaryimage","url":"https:\/\/www.technodompro.com\/wp-content\/uploads\/2026\/SK0012147-CZ20260425-093449-0-1777080895-redukce-3-4-k-baterii-s-el-ohrevem-vody-delimano-homelife-e.webp","contentUrl":"https:\/\/www.technodompro.com\/wp-content\/uploads\/2026\/SK0012147-CZ20260425-093449-0-1777080895-redukce-3-4-k-baterii-s-el-ohrevem-vody-delimano-homelife-e.webp","width":1000,"height":525},{"@type":"BreadcrumbList","@id":"https:\/\/www.technodompro.com\/index.php\/produkt\/pouze-dnes-redukce-3-4-quot-k-baterii-s-el-ohrevem-vody-delimano-homelife-elba-25509\/#breadcrumb","itemListElement":[{"@type":"ListItem","position":1,"name":"Home","item":"https:\/\/www.technodompro.com\/"},{"@type":"ListItem","position":2,"name":"Products","item":"https:\/\/www.technodompro.com\/index.php\/products\/"},{"@type":"ListItem","position":3,"name":"Pouze Dnes Redukce 3\/4&quot; k baterii s el. oh\u0159evem vody Delimano, HomeLife, Elba"}]},{"@type":"WebSite","@id":"https:\/\/www.technodompro.com\/#website","url":"https:\/\/www.technodompro.com\/","name":"","description":"","potentialAction":[{"@type":"SearchAction","target":{"@type":"EntryPoint","urlTemplate":"https:\/\/www.technodompro.com\/?s={search_term_string}"},"query-input":{"@type":"PropertyValueSpecification","valueRequired":true,"valueName":"search_term_string"}}],"inLanguage":"cs"}]}},"_links":{"self":[{"href":"https:\/\/www.technodompro.com\/index.php\/wp-json\/wp\/v2\/product\/25509","targetHints":{"allow":["GET"]}}],"collection":[{"href":"https:\/\/www.technodompro.com\/index.php\/wp-json\/wp\/v2\/product"}],"about":[{"href":"https:\/\/www.technodompro.com\/index.php\/wp-json\/wp\/v2\/types\/product"}],"replies":[{"embeddable":true,"href":"https:\/\/www.technodompro.com\/index.php\/wp-json\/wp\/v2\/comments?post=25509"}],"wp:featuredmedia":[{"embeddable":true,"href":"https:\/\/www.technodompro.com\/index.php\/wp-json\/wp\/v2\/media\/25609"}],"wp:attachment":[{"href":"https:\/\/www.technodompro.com\/index.php\/wp-json\/wp\/v2\/media?parent=25509"}],"wp:term":[{"taxonomy":"product_brand","embeddable":true,"href":"https:\/\/www.technodompro.com\/index.php\/wp-json\/wp\/v2\/product_brand?post=25509"},{"taxonomy":"product_cat","embeddable":true,"href":"https:\/\/www.technodompro.com\/index.php\/wp-json\/wp\/v2\/product_cat?post=25509"},{"taxonomy":"product_tag","embeddable":true,"href":"https:\/\/www.technodompro.com\/index.php\/wp-json\/wp\/v2\/product_tag?post=25509"}],"curies":[{"name":"wp","href":"https:\/\/api.w.org\/{rel}","templated":true}]}}