{"id":25538,"date":"2026-04-27T04:41:35","date_gmt":"2026-04-27T04:41:35","guid":{"rendered":""},"modified":"2026-04-27T04:41:35","modified_gmt":"2026-04-27T04:41:35","slug":"ploche-raminko-k-baterii-s-el-ohrevem-vody-delimano-homelife-originalni-25538","status":"publish","type":"product","link":"https:\/\/www.technodompro.com\/index.php\/produkt\/ploche-raminko-k-baterii-s-el-ohrevem-vody-delimano-homelife-originalni-25538\/","title":{"rendered":"Ploch\u00e9 ram\u00ednko k baterii s el. oh\u0159evem vody Delimano &#8211; HomeLife Origin\u00e1ln\u00ed"},"content":{"rendered":"<div id=\"e36304\" class=\"pages\">\n<div>\n<div id=\"PDDescription\" class=\"UserContentView userContent v1a v1 bs-view dcon dc164 PDDescription\" ><dc-con><dc-con><bs-empty><\/bs-empty><\/dc-con><dc-con>        <\/p>\n<div class=\"customDescription\">                    <\/div>\n<p><\/dc-con><dc-con><\/p>\n<p><strong>Ploch\u00e9 ram\u00ednko k baterii s el. oh\u0159evem vody Delimano &#8211; HomeLife<br \/><\/strong>D\u00e9lka ram\u00ednka: 23 cm<br \/><strong><br \/><\/strong>N\u00e1hradn\u00ed nebo alternativn\u00ed v\u00fdtokov\u00e9 ram\u00ednko k vodovodn\u00edm bateri\u00edm s elektrick\u00fdm oh\u0159evem:<\/p>\n<p><strong>Delimano<br \/><\/strong><a target=\"_self\" href=\"https:\/\/www.topenilevne.cz\/delimano-instant-p43437\/\">Instant<\/a><\/p>\n<p><strong>HomeLife<\/strong><br \/><a target=\"_self\" href=\"https:\/\/www.topenilevne.cz\/homelife-termo-quick-sdr-3d-3-p51388\/\">Termo Quick<\/a><br \/><a target=\"_self\" href=\"https:\/\/www.topenilevne.cz\/homelife-wall-termo-quick-sdr-11c-3-p51389\/\">Wall Termo Quick<\/a><\/p>\n<p>*Sou\u010d\u00e1st\u00ed ram\u00ednka je i vrchn\u00ed \u010d\u00e1st baterie (viz. obr\u00e1zek).<\/p>\n<p><\/dc-con><\/dc-con><\/div>\n<\/p><\/div>\n<div id=\"PDTable3\" class=\"ProductDetailTableView v3a v3 bs-view dcon dc185 PDTable3\" >\n<table>\n<thead><\/thead>\n<tbody>\n<tr class=\"attribute attr_bsshop_maker\">\n<td class=\"caption\">V\u00fdrobce<\/td>\n<td class=\"value\">HomeLife<\/td>\n<\/tr>\n<\/tbody>\n<\/table>\n<\/div>\n<\/div>\n<div id=\"e36305\" class=\"tabs\">\n","protected":false},"excerpt":{"rendered":"<p>Ploch\u00e9 ram\u00ednko k baterii s el. oh\u0159evem vody Delimano &#8211; HomeLifeD\u00e9lka ram\u00ednka: 23 cmN\u00e1hradn\u00ed nebo alternativn\u00ed v\u00fdtokov\u00e9 ram\u00ednko k vodovodn\u00edm bateri\u00edm s elektrick\u00fdm oh\u0159evem: DelimanoInstant HomeLifeTermo QuickWall Termo Quick *Sou\u010d\u00e1st\u00ed ram\u00ednka je i vrchn\u00ed \u010d\u00e1st baterie (viz. obr\u00e1zek). V\u00fdrobce HomeLife<\/p>\n","protected":false},"featured_media":25638,"comment_status":"open","ping_status":"open","template":"","meta":[],"product_brand":[],"product_cat":[88],"product_tag":[],"class_list":{"0":"post-25538","1":"product","2":"type-product","3":"status-publish","4":"has-post-thumbnail","6":"product_cat-vybaven-237-koupelny","8":"first","9":"instock","10":"sale","11":"shipping-taxable","12":"purchasable","13":"product-type-simple"},"yoast_head":"<!-- This site is optimized with the Yoast SEO plugin v26.8 - https:\/\/yoast.com\/product\/yoast-seo-wordpress\/ -->\n<title>Ploch\u00e9 ram\u00ednko k baterii s el. oh\u0159evem vody Delimano - HomeLife Origin\u00e1ln\u00ed -<\/title>\n<meta name=\"robots\" content=\"index, follow, max-snippet:-1, max-image-preview:large, max-video-preview:-1\" \/>\n<link rel=\"canonical\" href=\"https:\/\/www.technodompro.com\/index.php\/produkt\/ploche-raminko-k-baterii-s-el-ohrevem-vody-delimano-homelife-originalni-25538\/\" \/>\n<meta property=\"og:locale\" content=\"cs_CZ\" \/>\n<meta property=\"og:type\" content=\"article\" \/>\n<meta property=\"og:title\" content=\"Ploch\u00e9 ram\u00ednko k baterii s el. oh\u0159evem vody Delimano - HomeLife Origin\u00e1ln\u00ed -\" \/>\n<meta property=\"og:description\" content=\"Ploch\u00e9 ram\u00ednko k baterii s el. oh\u0159evem vody Delimano &#8211; HomeLifeD\u00e9lka ram\u00ednka: 23 cmN\u00e1hradn\u00ed nebo alternativn\u00ed v\u00fdtokov\u00e9 ram\u00ednko k vodovodn\u00edm bateri\u00edm s elektrick\u00fdm oh\u0159evem: DelimanoInstant HomeLifeTermo QuickWall Termo Quick *Sou\u010d\u00e1st\u00ed ram\u00ednka je i vrchn\u00ed \u010d\u00e1st baterie (viz. obr\u00e1zek). V\u00fdrobce HomeLife\" \/>\n<meta property=\"og:url\" content=\"https:\/\/www.technodompro.com\/index.php\/produkt\/ploche-raminko-k-baterii-s-el-ohrevem-vody-delimano-homelife-originalni-25538\/\" \/>\n<meta property=\"og:image\" content=\"https:\/\/www.technodompro.com\/wp-content\/uploads\/2026\/SK0012181-CZ20260425-093449-0-1777080895-ploche-raminko-k-baterii-s-el-ohrevem-vody-delimano-homelif.webp\" \/>\n\t<meta property=\"og:image:width\" content=\"1000\" \/>\n\t<meta property=\"og:image:height\" content=\"525\" \/>\n\t<meta property=\"og:image:type\" content=\"image\/webp\" \/>\n<meta name=\"twitter:card\" content=\"summary_large_image\" \/>\n<script type=\"application\/ld+json\" class=\"yoast-schema-graph\">{\"@context\":\"https:\/\/schema.org\",\"@graph\":[{\"@type\":\"WebPage\",\"@id\":\"https:\/\/www.technodompro.com\/index.php\/produkt\/ploche-raminko-k-baterii-s-el-ohrevem-vody-delimano-homelife-originalni-25538\/\",\"url\":\"https:\/\/www.technodompro.com\/index.php\/produkt\/ploche-raminko-k-baterii-s-el-ohrevem-vody-delimano-homelife-originalni-25538\/\",\"name\":\"Ploch\u00e9 ram\u00ednko k baterii s el. oh\u0159evem vody Delimano - HomeLife Origin\u00e1ln\u00ed -\",\"isPartOf\":{\"@id\":\"https:\/\/www.technodompro.com\/#website\"},\"primaryImageOfPage\":{\"@id\":\"https:\/\/www.technodompro.com\/index.php\/produkt\/ploche-raminko-k-baterii-s-el-ohrevem-vody-delimano-homelife-originalni-25538\/#primaryimage\"},\"image\":{\"@id\":\"https:\/\/www.technodompro.com\/index.php\/produkt\/ploche-raminko-k-baterii-s-el-ohrevem-vody-delimano-homelife-originalni-25538\/#primaryimage\"},\"thumbnailUrl\":\"https:\/\/www.technodompro.com\/wp-content\/uploads\/2026\/SK0012181-CZ20260425-093449-0-1777080895-ploche-raminko-k-baterii-s-el-ohrevem-vody-delimano-homelif.webp\",\"datePublished\":\"2026-04-27T04:41:35+00:00\",\"breadcrumb\":{\"@id\":\"https:\/\/www.technodompro.com\/index.php\/produkt\/ploche-raminko-k-baterii-s-el-ohrevem-vody-delimano-homelife-originalni-25538\/#breadcrumb\"},\"inLanguage\":\"cs\",\"potentialAction\":[{\"@type\":\"ReadAction\",\"target\":[\"https:\/\/www.technodompro.com\/index.php\/produkt\/ploche-raminko-k-baterii-s-el-ohrevem-vody-delimano-homelife-originalni-25538\/\"]}]},{\"@type\":\"ImageObject\",\"inLanguage\":\"cs\",\"@id\":\"https:\/\/www.technodompro.com\/index.php\/produkt\/ploche-raminko-k-baterii-s-el-ohrevem-vody-delimano-homelife-originalni-25538\/#primaryimage\",\"url\":\"https:\/\/www.technodompro.com\/wp-content\/uploads\/2026\/SK0012181-CZ20260425-093449-0-1777080895-ploche-raminko-k-baterii-s-el-ohrevem-vody-delimano-homelif.webp\",\"contentUrl\":\"https:\/\/www.technodompro.com\/wp-content\/uploads\/2026\/SK0012181-CZ20260425-093449-0-1777080895-ploche-raminko-k-baterii-s-el-ohrevem-vody-delimano-homelif.webp\",\"width\":1000,\"height\":525},{\"@type\":\"BreadcrumbList\",\"@id\":\"https:\/\/www.technodompro.com\/index.php\/produkt\/ploche-raminko-k-baterii-s-el-ohrevem-vody-delimano-homelife-originalni-25538\/#breadcrumb\",\"itemListElement\":[{\"@type\":\"ListItem\",\"position\":1,\"name\":\"Home\",\"item\":\"https:\/\/www.technodompro.com\/\"},{\"@type\":\"ListItem\",\"position\":2,\"name\":\"Products\",\"item\":\"https:\/\/www.technodompro.com\/index.php\/products\/\"},{\"@type\":\"ListItem\",\"position\":3,\"name\":\"Ploch\u00e9 ram\u00ednko k baterii s el. oh\u0159evem vody Delimano &#8211; HomeLife Origin\u00e1ln\u00ed\"}]},{\"@type\":\"WebSite\",\"@id\":\"https:\/\/www.technodompro.com\/#website\",\"url\":\"https:\/\/www.technodompro.com\/\",\"name\":\"\",\"description\":\"\",\"potentialAction\":[{\"@type\":\"SearchAction\",\"target\":{\"@type\":\"EntryPoint\",\"urlTemplate\":\"https:\/\/www.technodompro.com\/?s={search_term_string}\"},\"query-input\":{\"@type\":\"PropertyValueSpecification\",\"valueRequired\":true,\"valueName\":\"search_term_string\"}}],\"inLanguage\":\"cs\"}]}<\/script>\n<!-- \/ Yoast SEO plugin. -->","yoast_head_json":{"title":"Ploch\u00e9 ram\u00ednko k baterii s el. oh\u0159evem vody Delimano - HomeLife Origin\u00e1ln\u00ed -","robots":{"index":"index","follow":"follow","max-snippet":"max-snippet:-1","max-image-preview":"max-image-preview:large","max-video-preview":"max-video-preview:-1"},"canonical":"https:\/\/www.technodompro.com\/index.php\/produkt\/ploche-raminko-k-baterii-s-el-ohrevem-vody-delimano-homelife-originalni-25538\/","og_locale":"cs_CZ","og_type":"article","og_title":"Ploch\u00e9 ram\u00ednko k baterii s el. oh\u0159evem vody Delimano - HomeLife Origin\u00e1ln\u00ed -","og_description":"Ploch\u00e9 ram\u00ednko k baterii s el. oh\u0159evem vody Delimano &#8211; HomeLifeD\u00e9lka ram\u00ednka: 23 cmN\u00e1hradn\u00ed nebo alternativn\u00ed v\u00fdtokov\u00e9 ram\u00ednko k vodovodn\u00edm bateri\u00edm s elektrick\u00fdm oh\u0159evem: DelimanoInstant HomeLifeTermo QuickWall Termo Quick *Sou\u010d\u00e1st\u00ed ram\u00ednka je i vrchn\u00ed \u010d\u00e1st baterie (viz. obr\u00e1zek). V\u00fdrobce HomeLife","og_url":"https:\/\/www.technodompro.com\/index.php\/produkt\/ploche-raminko-k-baterii-s-el-ohrevem-vody-delimano-homelife-originalni-25538\/","og_image":[{"width":1000,"height":525,"url":"https:\/\/www.technodompro.com\/wp-content\/uploads\/2026\/SK0012181-CZ20260425-093449-0-1777080895-ploche-raminko-k-baterii-s-el-ohrevem-vody-delimano-homelif.webp","type":"image\/webp"}],"twitter_card":"summary_large_image","schema":{"@context":"https:\/\/schema.org","@graph":[{"@type":"WebPage","@id":"https:\/\/www.technodompro.com\/index.php\/produkt\/ploche-raminko-k-baterii-s-el-ohrevem-vody-delimano-homelife-originalni-25538\/","url":"https:\/\/www.technodompro.com\/index.php\/produkt\/ploche-raminko-k-baterii-s-el-ohrevem-vody-delimano-homelife-originalni-25538\/","name":"Ploch\u00e9 ram\u00ednko k baterii s el. oh\u0159evem vody Delimano - HomeLife Origin\u00e1ln\u00ed -","isPartOf":{"@id":"https:\/\/www.technodompro.com\/#website"},"primaryImageOfPage":{"@id":"https:\/\/www.technodompro.com\/index.php\/produkt\/ploche-raminko-k-baterii-s-el-ohrevem-vody-delimano-homelife-originalni-25538\/#primaryimage"},"image":{"@id":"https:\/\/www.technodompro.com\/index.php\/produkt\/ploche-raminko-k-baterii-s-el-ohrevem-vody-delimano-homelife-originalni-25538\/#primaryimage"},"thumbnailUrl":"https:\/\/www.technodompro.com\/wp-content\/uploads\/2026\/SK0012181-CZ20260425-093449-0-1777080895-ploche-raminko-k-baterii-s-el-ohrevem-vody-delimano-homelif.webp","datePublished":"2026-04-27T04:41:35+00:00","breadcrumb":{"@id":"https:\/\/www.technodompro.com\/index.php\/produkt\/ploche-raminko-k-baterii-s-el-ohrevem-vody-delimano-homelife-originalni-25538\/#breadcrumb"},"inLanguage":"cs","potentialAction":[{"@type":"ReadAction","target":["https:\/\/www.technodompro.com\/index.php\/produkt\/ploche-raminko-k-baterii-s-el-ohrevem-vody-delimano-homelife-originalni-25538\/"]}]},{"@type":"ImageObject","inLanguage":"cs","@id":"https:\/\/www.technodompro.com\/index.php\/produkt\/ploche-raminko-k-baterii-s-el-ohrevem-vody-delimano-homelife-originalni-25538\/#primaryimage","url":"https:\/\/www.technodompro.com\/wp-content\/uploads\/2026\/SK0012181-CZ20260425-093449-0-1777080895-ploche-raminko-k-baterii-s-el-ohrevem-vody-delimano-homelif.webp","contentUrl":"https:\/\/www.technodompro.com\/wp-content\/uploads\/2026\/SK0012181-CZ20260425-093449-0-1777080895-ploche-raminko-k-baterii-s-el-ohrevem-vody-delimano-homelif.webp","width":1000,"height":525},{"@type":"BreadcrumbList","@id":"https:\/\/www.technodompro.com\/index.php\/produkt\/ploche-raminko-k-baterii-s-el-ohrevem-vody-delimano-homelife-originalni-25538\/#breadcrumb","itemListElement":[{"@type":"ListItem","position":1,"name":"Home","item":"https:\/\/www.technodompro.com\/"},{"@type":"ListItem","position":2,"name":"Products","item":"https:\/\/www.technodompro.com\/index.php\/products\/"},{"@type":"ListItem","position":3,"name":"Ploch\u00e9 ram\u00ednko k baterii s el. oh\u0159evem vody Delimano &#8211; HomeLife Origin\u00e1ln\u00ed"}]},{"@type":"WebSite","@id":"https:\/\/www.technodompro.com\/#website","url":"https:\/\/www.technodompro.com\/","name":"","description":"","potentialAction":[{"@type":"SearchAction","target":{"@type":"EntryPoint","urlTemplate":"https:\/\/www.technodompro.com\/?s={search_term_string}"},"query-input":{"@type":"PropertyValueSpecification","valueRequired":true,"valueName":"search_term_string"}}],"inLanguage":"cs"}]}},"_links":{"self":[{"href":"https:\/\/www.technodompro.com\/index.php\/wp-json\/wp\/v2\/product\/25538","targetHints":{"allow":["GET"]}}],"collection":[{"href":"https:\/\/www.technodompro.com\/index.php\/wp-json\/wp\/v2\/product"}],"about":[{"href":"https:\/\/www.technodompro.com\/index.php\/wp-json\/wp\/v2\/types\/product"}],"replies":[{"embeddable":true,"href":"https:\/\/www.technodompro.com\/index.php\/wp-json\/wp\/v2\/comments?post=25538"}],"wp:featuredmedia":[{"embeddable":true,"href":"https:\/\/www.technodompro.com\/index.php\/wp-json\/wp\/v2\/media\/25638"}],"wp:attachment":[{"href":"https:\/\/www.technodompro.com\/index.php\/wp-json\/wp\/v2\/media?parent=25538"}],"wp:term":[{"taxonomy":"product_brand","embeddable":true,"href":"https:\/\/www.technodompro.com\/index.php\/wp-json\/wp\/v2\/product_brand?post=25538"},{"taxonomy":"product_cat","embeddable":true,"href":"https:\/\/www.technodompro.com\/index.php\/wp-json\/wp\/v2\/product_cat?post=25538"},{"taxonomy":"product_tag","embeddable":true,"href":"https:\/\/www.technodompro.com\/index.php\/wp-json\/wp\/v2\/product_tag?post=25538"}],"curies":[{"name":"wp","href":"https:\/\/api.w.org\/{rel}","templated":true}]}}