{"id":25539,"date":"2026-04-27T04:41:35","date_gmt":"2026-04-27T04:41:35","guid":{"rendered":""},"modified":"2026-04-27T04:41:35","modified_gmt":"2026-04-27T04:41:35","slug":"flexi-raminko-k-baterii-s-el-ohrevem-vody-delimano-homelife-steno-nakupujte-hned-25539","status":"publish","type":"product","link":"https:\/\/www.technodompro.com\/index.php\/produkt\/flexi-raminko-k-baterii-s-el-ohrevem-vody-delimano-homelife-steno-nakupujte-hned-25539\/","title":{"rendered":"Flexi ram\u00ednko k baterii s el. oh\u0159evem vody Delimano &#8211; HomeLife &#8211; Steno Nakupujte Hned"},"content":{"rendered":"<div id=\"e36970\" class=\"pages\">\n<div>\n<div id=\"PDDescription\" class=\"UserContentView userContent v1a v1 bs-view dcon dc164 PDDescription\" ><dc-con><dc-con><bs-empty><\/bs-empty><\/dc-con><dc-con>        <\/p>\n<div class=\"customDescription\">                    <\/div>\n<p><\/dc-con><dc-con><\/p>\n<p>D\u00e9lka ram\u00ednka:\u00a050 cm<strong><br \/><\/strong>Vn\u011bj\u0161\u00ed pr\u016fm\u011br ram\u00ednka bez gumov\u00e9ho t\u011bsn\u011bn\u00ed:\u00a022mm<\/p>\n<p><span style=\"color: #000000;\"><strong>N\u00e1hradn\u00ed<\/strong> nebo <strong>alternativn\u00ed<\/strong> v\u00fdtokov\u00e9 ram\u00ednko k vodovodn\u00edm bateri\u00edm s elektrick\u00fdm oh\u0159evem:<\/span><\/p>\n<p><span style=\"color: #000000;\"><strong>Delimano<\/strong><br \/><\/span><a target=\"_self\" href=\"https:\/\/www.topenilevne.cz\/delimano-instant-digital-p43439\/\"><\/a><a target=\"_self\" href=\"https:\/\/www.topenilevne.cz\/delimano-instant-digital-p43439\/\">Instant Digital<\/a>\u00a0&#8211; po \u00faprav\u011b<span style=\"color: #ff8000;\"><span style=\"color: #000000;\">*<\/span><a target=\"_self\" href=\"https:\/\/www.topenilevne.cz\/delimano-instant-digital-p43439\/\"><span style=\"color: #ff8000;\"><br \/><\/span><\/a><\/span><a target=\"_self\" href=\"https:\/\/www.topenilevne.cz\/delimano-instant-digital-horizontal-p44230\/\">Instant Digital Horizontal<\/a>\u00a0&#8211; po \u00faprav\u011b<span style=\"color: #ff8000;\"><span style=\"color: #000000;\">*<\/span><\/span><br \/><a target=\"_self\" href=\"https:\/\/www.topenilevne.cz\/digitalni-baterie-s-ohrevem-vody-pro-delimano-p59167\/\">Digit\u00e1ln\u00ed baterie Pro<\/a> &#8211; po \u00faprav\u011b<span style=\"color: #ff8000;\"><span style=\"color: #000000;\">*<\/span><\/span><\/p>\n<p><strong>HomeLife<br \/><\/strong><a target=\"_self\" href=\"https:\/\/www.topenilevne.cz\/homelife-digiterm-sdr-10d-3-p51387\/\">Digiterm<\/a>\u00a0&#8211; po \u00faprav\u011b<span style=\"color: #ff8000;\"><span style=\"color: #000000;\">*<\/span><\/span><br \/><a target=\"_self\" href=\"https:\/\/www.topenilevne.cz\/homelife-inox-sdr-9d-3-p51386\/\">Inox<\/a>, <a target=\"_self\" href=\"\/\/www.topenilevne.cz\/homelife-inox-digital-sdh-18dc-3h-p51385\/\">Inox Digital<\/a>\u00a0&#8211; pasuje bez \u00fapravy<br \/><a target=\"_self\" href=\"https:\/\/www.topenilevne.cz\/homelife-wall-termo-quick-sdr-11c-3-p51389\/\">Wall Termo Quick<\/a>\u00a0&#8211; pouze do modelu vyroben\u00e9ho do 10\/2018!<\/p>\n<p><strong>Steno<br \/><\/strong><a target=\"_self\" href=\"https:\/\/www.topenilevne.cz\/steno-elba-1009-p81562\/\">Elba<\/a>\u00a0&#8211; po \u00faprav\u011b<span style=\"color: #ff8000;\"><span style=\"color: #000000;\">*<\/span><\/span><\/p>\n<p style=\"text-align: justify;\"><span style=\"color: #000000;\">*Nutn\u00e1 \u00faprava\u00a0vstupn\u00edho otvoru flexi ram\u00ednka\u00a0roz\u0161\u00ed\u0159en\u00edm\u00a0plastov\u00e9ho &#8222;O&#8220; krou\u017eku vykrou\u017een\u00edm. Pou\u017eit\u00ed flexi ram\u00ednka m\u016f\u017eete konzultovat na lince technick\u00e9 podpory:\u00a0499 429 225.<\/p>\n<p><span style=\"color: #000000;\"><span style=\"color: #000000;\"><span style=\"color: #000000;\">Sou\u010d\u00e1st\u00ed ram\u00ednka je 1x p\u0159evle\u010dn\u00e1 matice pru uchycen\u00ed ram\u00ednka k baterii, 1x teflonov\u00fd &#8222;C&#8220; krou\u017eek, 2x\u00a0t\u011bsn\u011bn\u00ed.<\/span><\/span><\/span><\/span><\/p>\n<p><\/dc-con><\/dc-con><\/div>\n<\/p><\/div>\n<div id=\"PDTable3\" class=\"ProductDetailTableView v3a v3 bs-view dcon dc185 PDTable3\" >\n<table>\n<thead><\/thead>\n<tbody>\n<tr class=\"attribute attr_bsshop_maker\">\n<td class=\"caption\">V\u00fdrobce<\/td>\n<td class=\"value\">HomeLife<\/td>\n<\/tr>\n<\/tbody>\n<\/table>\n<\/div>\n<\/div>\n<div id=\"e36971\" class=\"tabs\">\n","protected":false},"excerpt":{"rendered":"<p>D\u00e9lka ram\u00ednka:\u00a050 cmVn\u011bj\u0161\u00ed pr\u016fm\u011br ram\u00ednka bez gumov\u00e9ho t\u011bsn\u011bn\u00ed:\u00a022mm N\u00e1hradn\u00ed nebo alternativn\u00ed v\u00fdtokov\u00e9 ram\u00ednko k vodovodn\u00edm bateri\u00edm s elektrick\u00fdm oh\u0159evem: DelimanoInstant Digital\u00a0&#8211; po \u00faprav\u011b*Instant Digital Horizontal\u00a0&#8211; po \u00faprav\u011b*Digit\u00e1ln\u00ed baterie Pro &#8211; po \u00faprav\u011b* HomeLifeDigiterm\u00a0&#8211; po \u00faprav\u011b*Inox, Inox Digital\u00a0&#8211; pasuje bez \u00fapravyWall Termo Quick\u00a0&#8211; pouze do modelu vyroben\u00e9ho do 10\/2018! StenoElba\u00a0&#8211; po \u00faprav\u011b* *Nutn\u00e1 \u00faprava\u00a0vstupn\u00edho otvoru flexi [&hellip;]<\/p>\n","protected":false},"featured_media":25639,"comment_status":"open","ping_status":"open","template":"","meta":[],"product_brand":[],"product_cat":[88],"product_tag":[],"class_list":{"0":"post-25539","1":"product","2":"type-product","3":"status-publish","4":"has-post-thumbnail","6":"product_cat-vybaven-237-koupelny","8":"first","9":"instock","10":"sale","11":"shipping-taxable","12":"purchasable","13":"product-type-simple"},"yoast_head":"<!-- This site is optimized with the Yoast SEO plugin v26.8 - https:\/\/yoast.com\/product\/yoast-seo-wordpress\/ -->\n<title>Flexi ram\u00ednko k baterii s el. oh\u0159evem vody Delimano - HomeLife - Steno Nakupujte Hned -<\/title>\n<meta name=\"robots\" content=\"index, follow, max-snippet:-1, max-image-preview:large, max-video-preview:-1\" \/>\n<link rel=\"canonical\" href=\"https:\/\/www.technodompro.com\/index.php\/produkt\/flexi-raminko-k-baterii-s-el-ohrevem-vody-delimano-homelife-steno-nakupujte-hned-25539\/\" \/>\n<meta property=\"og:locale\" content=\"cs_CZ\" \/>\n<meta property=\"og:type\" content=\"article\" \/>\n<meta property=\"og:title\" content=\"Flexi ram\u00ednko k baterii s el. oh\u0159evem vody Delimano - HomeLife - Steno Nakupujte Hned -\" \/>\n<meta property=\"og:description\" content=\"D\u00e9lka ram\u00ednka:\u00a050 cmVn\u011bj\u0161\u00ed pr\u016fm\u011br ram\u00ednka bez gumov\u00e9ho t\u011bsn\u011bn\u00ed:\u00a022mm N\u00e1hradn\u00ed nebo alternativn\u00ed v\u00fdtokov\u00e9 ram\u00ednko k vodovodn\u00edm bateri\u00edm s elektrick\u00fdm oh\u0159evem: DelimanoInstant Digital\u00a0&#8211; po \u00faprav\u011b*Instant Digital Horizontal\u00a0&#8211; po \u00faprav\u011b*Digit\u00e1ln\u00ed baterie Pro &#8211; po \u00faprav\u011b* HomeLifeDigiterm\u00a0&#8211; po \u00faprav\u011b*Inox, Inox Digital\u00a0&#8211; pasuje bez \u00fapravyWall Termo Quick\u00a0&#8211; pouze do modelu vyroben\u00e9ho do 10\/2018! StenoElba\u00a0&#8211; po \u00faprav\u011b* *Nutn\u00e1 \u00faprava\u00a0vstupn\u00edho otvoru flexi [&hellip;]\" \/>\n<meta property=\"og:url\" content=\"https:\/\/www.technodompro.com\/index.php\/produkt\/flexi-raminko-k-baterii-s-el-ohrevem-vody-delimano-homelife-steno-nakupujte-hned-25539\/\" \/>\n<meta property=\"og:image\" content=\"https:\/\/www.technodompro.com\/wp-content\/uploads\/2026\/SK0012182-CZ20260425-093449-0-1777080895-flexi-raminko-k-baterii-s-el-ohrevem-vody-delimano-homelife.webp\" \/>\n\t<meta property=\"og:image:width\" content=\"1000\" \/>\n\t<meta property=\"og:image:height\" content=\"525\" \/>\n\t<meta property=\"og:image:type\" content=\"image\/webp\" \/>\n<meta name=\"twitter:card\" content=\"summary_large_image\" \/>\n<meta name=\"twitter:label1\" content=\"Odhadovan\u00e1 doba \u010dten\u00ed\" \/>\n\t<meta name=\"twitter:data1\" content=\"1 minuta\" \/>\n<script type=\"application\/ld+json\" class=\"yoast-schema-graph\">{\"@context\":\"https:\/\/schema.org\",\"@graph\":[{\"@type\":\"WebPage\",\"@id\":\"https:\/\/www.technodompro.com\/index.php\/produkt\/flexi-raminko-k-baterii-s-el-ohrevem-vody-delimano-homelife-steno-nakupujte-hned-25539\/\",\"url\":\"https:\/\/www.technodompro.com\/index.php\/produkt\/flexi-raminko-k-baterii-s-el-ohrevem-vody-delimano-homelife-steno-nakupujte-hned-25539\/\",\"name\":\"Flexi ram\u00ednko k baterii s el. oh\u0159evem vody Delimano - HomeLife - Steno Nakupujte Hned -\",\"isPartOf\":{\"@id\":\"https:\/\/www.technodompro.com\/#website\"},\"primaryImageOfPage\":{\"@id\":\"https:\/\/www.technodompro.com\/index.php\/produkt\/flexi-raminko-k-baterii-s-el-ohrevem-vody-delimano-homelife-steno-nakupujte-hned-25539\/#primaryimage\"},\"image\":{\"@id\":\"https:\/\/www.technodompro.com\/index.php\/produkt\/flexi-raminko-k-baterii-s-el-ohrevem-vody-delimano-homelife-steno-nakupujte-hned-25539\/#primaryimage\"},\"thumbnailUrl\":\"https:\/\/www.technodompro.com\/wp-content\/uploads\/2026\/SK0012182-CZ20260425-093449-0-1777080895-flexi-raminko-k-baterii-s-el-ohrevem-vody-delimano-homelife.webp\",\"datePublished\":\"2026-04-27T04:41:35+00:00\",\"breadcrumb\":{\"@id\":\"https:\/\/www.technodompro.com\/index.php\/produkt\/flexi-raminko-k-baterii-s-el-ohrevem-vody-delimano-homelife-steno-nakupujte-hned-25539\/#breadcrumb\"},\"inLanguage\":\"cs\",\"potentialAction\":[{\"@type\":\"ReadAction\",\"target\":[\"https:\/\/www.technodompro.com\/index.php\/produkt\/flexi-raminko-k-baterii-s-el-ohrevem-vody-delimano-homelife-steno-nakupujte-hned-25539\/\"]}]},{\"@type\":\"ImageObject\",\"inLanguage\":\"cs\",\"@id\":\"https:\/\/www.technodompro.com\/index.php\/produkt\/flexi-raminko-k-baterii-s-el-ohrevem-vody-delimano-homelife-steno-nakupujte-hned-25539\/#primaryimage\",\"url\":\"https:\/\/www.technodompro.com\/wp-content\/uploads\/2026\/SK0012182-CZ20260425-093449-0-1777080895-flexi-raminko-k-baterii-s-el-ohrevem-vody-delimano-homelife.webp\",\"contentUrl\":\"https:\/\/www.technodompro.com\/wp-content\/uploads\/2026\/SK0012182-CZ20260425-093449-0-1777080895-flexi-raminko-k-baterii-s-el-ohrevem-vody-delimano-homelife.webp\",\"width\":1000,\"height\":525},{\"@type\":\"BreadcrumbList\",\"@id\":\"https:\/\/www.technodompro.com\/index.php\/produkt\/flexi-raminko-k-baterii-s-el-ohrevem-vody-delimano-homelife-steno-nakupujte-hned-25539\/#breadcrumb\",\"itemListElement\":[{\"@type\":\"ListItem\",\"position\":1,\"name\":\"Home\",\"item\":\"https:\/\/www.technodompro.com\/\"},{\"@type\":\"ListItem\",\"position\":2,\"name\":\"Products\",\"item\":\"https:\/\/www.technodompro.com\/index.php\/products\/\"},{\"@type\":\"ListItem\",\"position\":3,\"name\":\"Flexi ram\u00ednko k baterii s el. oh\u0159evem vody Delimano &#8211; HomeLife &#8211; Steno Nakupujte Hned\"}]},{\"@type\":\"WebSite\",\"@id\":\"https:\/\/www.technodompro.com\/#website\",\"url\":\"https:\/\/www.technodompro.com\/\",\"name\":\"\",\"description\":\"\",\"potentialAction\":[{\"@type\":\"SearchAction\",\"target\":{\"@type\":\"EntryPoint\",\"urlTemplate\":\"https:\/\/www.technodompro.com\/?s={search_term_string}\"},\"query-input\":{\"@type\":\"PropertyValueSpecification\",\"valueRequired\":true,\"valueName\":\"search_term_string\"}}],\"inLanguage\":\"cs\"}]}<\/script>\n<!-- \/ Yoast SEO plugin. -->","yoast_head_json":{"title":"Flexi ram\u00ednko k baterii s el. oh\u0159evem vody Delimano - HomeLife - Steno Nakupujte Hned -","robots":{"index":"index","follow":"follow","max-snippet":"max-snippet:-1","max-image-preview":"max-image-preview:large","max-video-preview":"max-video-preview:-1"},"canonical":"https:\/\/www.technodompro.com\/index.php\/produkt\/flexi-raminko-k-baterii-s-el-ohrevem-vody-delimano-homelife-steno-nakupujte-hned-25539\/","og_locale":"cs_CZ","og_type":"article","og_title":"Flexi ram\u00ednko k baterii s el. oh\u0159evem vody Delimano - HomeLife - Steno Nakupujte Hned -","og_description":"D\u00e9lka ram\u00ednka:\u00a050 cmVn\u011bj\u0161\u00ed pr\u016fm\u011br ram\u00ednka bez gumov\u00e9ho t\u011bsn\u011bn\u00ed:\u00a022mm N\u00e1hradn\u00ed nebo alternativn\u00ed v\u00fdtokov\u00e9 ram\u00ednko k vodovodn\u00edm bateri\u00edm s elektrick\u00fdm oh\u0159evem: DelimanoInstant Digital\u00a0&#8211; po \u00faprav\u011b*Instant Digital Horizontal\u00a0&#8211; po \u00faprav\u011b*Digit\u00e1ln\u00ed baterie Pro &#8211; po \u00faprav\u011b* HomeLifeDigiterm\u00a0&#8211; po \u00faprav\u011b*Inox, Inox Digital\u00a0&#8211; pasuje bez \u00fapravyWall Termo Quick\u00a0&#8211; pouze do modelu vyroben\u00e9ho do 10\/2018! StenoElba\u00a0&#8211; po \u00faprav\u011b* *Nutn\u00e1 \u00faprava\u00a0vstupn\u00edho otvoru flexi [&hellip;]","og_url":"https:\/\/www.technodompro.com\/index.php\/produkt\/flexi-raminko-k-baterii-s-el-ohrevem-vody-delimano-homelife-steno-nakupujte-hned-25539\/","og_image":[{"width":1000,"height":525,"url":"https:\/\/www.technodompro.com\/wp-content\/uploads\/2026\/SK0012182-CZ20260425-093449-0-1777080895-flexi-raminko-k-baterii-s-el-ohrevem-vody-delimano-homelife.webp","type":"image\/webp"}],"twitter_card":"summary_large_image","twitter_misc":{"Odhadovan\u00e1 doba \u010dten\u00ed":"1 minuta"},"schema":{"@context":"https:\/\/schema.org","@graph":[{"@type":"WebPage","@id":"https:\/\/www.technodompro.com\/index.php\/produkt\/flexi-raminko-k-baterii-s-el-ohrevem-vody-delimano-homelife-steno-nakupujte-hned-25539\/","url":"https:\/\/www.technodompro.com\/index.php\/produkt\/flexi-raminko-k-baterii-s-el-ohrevem-vody-delimano-homelife-steno-nakupujte-hned-25539\/","name":"Flexi ram\u00ednko k baterii s el. oh\u0159evem vody Delimano - HomeLife - Steno Nakupujte Hned -","isPartOf":{"@id":"https:\/\/www.technodompro.com\/#website"},"primaryImageOfPage":{"@id":"https:\/\/www.technodompro.com\/index.php\/produkt\/flexi-raminko-k-baterii-s-el-ohrevem-vody-delimano-homelife-steno-nakupujte-hned-25539\/#primaryimage"},"image":{"@id":"https:\/\/www.technodompro.com\/index.php\/produkt\/flexi-raminko-k-baterii-s-el-ohrevem-vody-delimano-homelife-steno-nakupujte-hned-25539\/#primaryimage"},"thumbnailUrl":"https:\/\/www.technodompro.com\/wp-content\/uploads\/2026\/SK0012182-CZ20260425-093449-0-1777080895-flexi-raminko-k-baterii-s-el-ohrevem-vody-delimano-homelife.webp","datePublished":"2026-04-27T04:41:35+00:00","breadcrumb":{"@id":"https:\/\/www.technodompro.com\/index.php\/produkt\/flexi-raminko-k-baterii-s-el-ohrevem-vody-delimano-homelife-steno-nakupujte-hned-25539\/#breadcrumb"},"inLanguage":"cs","potentialAction":[{"@type":"ReadAction","target":["https:\/\/www.technodompro.com\/index.php\/produkt\/flexi-raminko-k-baterii-s-el-ohrevem-vody-delimano-homelife-steno-nakupujte-hned-25539\/"]}]},{"@type":"ImageObject","inLanguage":"cs","@id":"https:\/\/www.technodompro.com\/index.php\/produkt\/flexi-raminko-k-baterii-s-el-ohrevem-vody-delimano-homelife-steno-nakupujte-hned-25539\/#primaryimage","url":"https:\/\/www.technodompro.com\/wp-content\/uploads\/2026\/SK0012182-CZ20260425-093449-0-1777080895-flexi-raminko-k-baterii-s-el-ohrevem-vody-delimano-homelife.webp","contentUrl":"https:\/\/www.technodompro.com\/wp-content\/uploads\/2026\/SK0012182-CZ20260425-093449-0-1777080895-flexi-raminko-k-baterii-s-el-ohrevem-vody-delimano-homelife.webp","width":1000,"height":525},{"@type":"BreadcrumbList","@id":"https:\/\/www.technodompro.com\/index.php\/produkt\/flexi-raminko-k-baterii-s-el-ohrevem-vody-delimano-homelife-steno-nakupujte-hned-25539\/#breadcrumb","itemListElement":[{"@type":"ListItem","position":1,"name":"Home","item":"https:\/\/www.technodompro.com\/"},{"@type":"ListItem","position":2,"name":"Products","item":"https:\/\/www.technodompro.com\/index.php\/products\/"},{"@type":"ListItem","position":3,"name":"Flexi ram\u00ednko k baterii s el. oh\u0159evem vody Delimano &#8211; HomeLife &#8211; Steno Nakupujte Hned"}]},{"@type":"WebSite","@id":"https:\/\/www.technodompro.com\/#website","url":"https:\/\/www.technodompro.com\/","name":"","description":"","potentialAction":[{"@type":"SearchAction","target":{"@type":"EntryPoint","urlTemplate":"https:\/\/www.technodompro.com\/?s={search_term_string}"},"query-input":{"@type":"PropertyValueSpecification","valueRequired":true,"valueName":"search_term_string"}}],"inLanguage":"cs"}]}},"_links":{"self":[{"href":"https:\/\/www.technodompro.com\/index.php\/wp-json\/wp\/v2\/product\/25539","targetHints":{"allow":["GET"]}}],"collection":[{"href":"https:\/\/www.technodompro.com\/index.php\/wp-json\/wp\/v2\/product"}],"about":[{"href":"https:\/\/www.technodompro.com\/index.php\/wp-json\/wp\/v2\/types\/product"}],"replies":[{"embeddable":true,"href":"https:\/\/www.technodompro.com\/index.php\/wp-json\/wp\/v2\/comments?post=25539"}],"wp:featuredmedia":[{"embeddable":true,"href":"https:\/\/www.technodompro.com\/index.php\/wp-json\/wp\/v2\/media\/25639"}],"wp:attachment":[{"href":"https:\/\/www.technodompro.com\/index.php\/wp-json\/wp\/v2\/media?parent=25539"}],"wp:term":[{"taxonomy":"product_brand","embeddable":true,"href":"https:\/\/www.technodompro.com\/index.php\/wp-json\/wp\/v2\/product_brand?post=25539"},{"taxonomy":"product_cat","embeddable":true,"href":"https:\/\/www.technodompro.com\/index.php\/wp-json\/wp\/v2\/product_cat?post=25539"},{"taxonomy":"product_tag","embeddable":true,"href":"https:\/\/www.technodompro.com\/index.php\/wp-json\/wp\/v2\/product_tag?post=25539"}],"curies":[{"name":"wp","href":"https:\/\/api.w.org\/{rel}","templated":true}]}}