{"id":2555,"date":"2026-04-27T04:40:40","date_gmt":"2026-04-27T04:40:40","guid":{"rendered":""},"modified":"2026-04-27T04:40:40","modified_gmt":"2026-04-27T04:40:40","slug":"vysoce-kvalitni-geberit-ovladani-splachovani-wc-geberit-pneumaticke-115-939-00-1-2555","status":"publish","type":"product","link":"https:\/\/www.technodompro.com\/index.php\/produkt\/vysoce-kvalitni-geberit-ovladani-splachovani-wc-geberit-pneumaticke-115-939-00-1-2555\/","title":{"rendered":"Vysoce Kvalitn\u00ed Geberit Ovl\u00e1d\u00e1n\u00ed splachov\u00e1n\u00ed WC GEBERIT pneumatick\u00e9, 115.939.00.1"},"content":{"rendered":"<div class=\"detail-description__right\">\t\t\t\t<\/div>\n<div class=\"detail-description__top\">\t\t\t\t<\/div>\n<div class=\"detail-description__left\">\n<div class=\"detail-description__left__overflow\">\n<div class=\"detail-description__left__head\">\t\t\t\t\t\tPopis:\t\t\t\t\t<\/div>\n<div class=\"ul-style ul-style--check\">\n<p><strong>Popis<\/strong><\/p>\n<p><strong>Geberit ovl\u00e1d\u00e1n\u00ed WC s\u00a0pneumatick\u00fdm ovl\u00e1d\u00e1n\u00edm splachov\u00e1n\u00ed,1\u00a0mno\u017estv\u00ed splachov\u00e1n\u00ed, no\u017en\u00ed tla\u010d\u00edtko do podlahy<\/strong><\/p>\n<p>\u00da\u010del pou\u017eit\u00ed<\/p>\n<ul class=\"plusminus\">\n<li><i class=\"fas fa-check\"><\/i><span>K\u00a0pneumatick\u00e9mu odd\u00e1len\u00e9mu ovl\u00e1d\u00e1n\u00ed splachovac\u00edch n\u00e1dr\u017eek Geberit\tna om\u00edtku a pod\u00a0om\u00edtku<\/span><\/li>\n<li><i class=\"fas fa-check\"><\/i><span>Pro 1\u00a0mno\u017estv\u00ed splachov\u00e1n\u00ed<\/span><\/li>\n<li><i class=\"fas fa-check\"><\/i><span>Pro zd\u011bn\u00e9 konstrukce<\/span><\/li>\n<li><i class=\"fas fa-check\"><\/i><span>Pro konstrukce prov\u00e1d\u011bn\u00e9 such\u00fdm procesem<\/span><\/li>\n<li><i class=\"fas fa-check\"><\/i><span>K\u00a0mont\u00e1\u017ei do podlah<\/span><\/li>\n<li><i class=\"fas fa-check\"><\/i><span>Pro splachovac\u00ed n\u00e1dr\u017eky pod om\u00edtku Geberit Sigma 12\u00a0cm<\/span><\/li>\n<li><i class=\"fas fa-check\"><\/i><span>Pro splachovac\u00ed n\u00e1dr\u017eky pod om\u00edtku Geberit Omega 12\u00a0cm<\/span><\/li>\n<li><i class=\"fas fa-check\"><\/i><span>Pro splachovac\u00ed n\u00e1dr\u017eky pod om\u00edtku Geberit Delta 12\u00a0cm<\/span><\/li>\n<li><i class=\"fas fa-check\"><\/i><span>Pro splachovac\u00ed n\u00e1dr\u017eky pod om\u00edtku Geberit Kappa 15\u00a0cm<\/span><\/li>\n<li><i class=\"fas fa-check\"><\/i><span>Pro splachovac\u00ed n\u00e1dr\u017eky na om\u00edtku Geberit AP123<\/span><\/li>\n<li><i class=\"fas fa-check\"><\/i><span>Pro splachovac\u00ed n\u00e1dr\u017eky na om\u00edtku Geberit AP140<\/span><\/li>\n<li><i class=\"fas fa-check\"><\/i><span>Pro koupelnov\u00fd n\u00e1bytek<\/span><\/li>\n<\/ul>\n<p>Vlastnosti<\/p>\n<ul class=\"plusminus\">\n<li><i class=\"fas fa-check\"><\/i><span>Tla\u010d\u00edtko z\u00a0nerezov\u00e9 oceli<\/span><\/li>\n<li><i class=\"fas fa-check\"><\/i><span>Kombinovateln\u00fd s\u00a0ovl\u00e1dac\u00edmi tla\u010d\u00edtky Geberit pro 1\u00a0mno\u017estv\u00ed\tsplachov\u00e1n\u00ed a splachov\u00e1n\u00ed Start\/Stop nebo kryc\u00ed deskou Geberit<\/span><\/li>\n<\/ul>\n<p>Technick\u00e9 \u00fadaje<\/p>\n<ul class=\"plusminus\">\n<li><i class=\"fas fa-check\"><\/i><span>Ovl\u00e1dac\u00ed s\u00edla &amp;lt; 25\u00a0N<\/span><\/li>\n<\/ul>\n<p>Obsah dod\u00e1vky<\/p>\n<ul class=\"plusminus\">\n<li><i class=\"fas fa-check\"><\/i><span>Tla\u010d\u00edtko<\/span><\/li>\n<li><i class=\"fas fa-check\"><\/i><span>Pneumatick\u00fd zved\u00e1k<\/span><\/li>\n<li><i class=\"fas fa-check\"><\/i><span>Vzduchov\u00e1 hadi\u010dka d\u00e9lka 3,5\u00a0m<\/span><\/li>\n<li><i class=\"fas fa-check\"><\/i><span>Blok ze styroporu<\/span><\/li>\n<li><i class=\"fas fa-check\"><\/i><span>Trubkov\u00e1 chr\u00e1ni\u010dka d\u00e9lka 3\u00a0m<\/span><\/li>\n<li><i class=\"fas fa-check\"><\/i><span>Upev\u0148ovac\u00ed materi\u00e1l<\/span><\/li>\n<\/ul>\n<\/div>\n<div class=\"detail-description__left__more\">\t\t\t\t\t\t<span> <\/span><span> <\/span>\t\t\t\t\t<\/div>\n<\/p><\/div>\n<\/p><\/div>\n<div class=\"detail-description__more\"><span> <\/span><span> <\/span><\/div>\n<\/p><\/div>\n<\/p><\/div>\n","protected":false},"excerpt":{"rendered":"<p>Popis: Popis Geberit ovl\u00e1d\u00e1n\u00ed WC s\u00a0pneumatick\u00fdm ovl\u00e1d\u00e1n\u00edm splachov\u00e1n\u00ed,1\u00a0mno\u017estv\u00ed splachov\u00e1n\u00ed, no\u017en\u00ed tla\u010d\u00edtko do podlahy \u00da\u010del pou\u017eit\u00ed K\u00a0pneumatick\u00e9mu odd\u00e1len\u00e9mu ovl\u00e1d\u00e1n\u00ed splachovac\u00edch n\u00e1dr\u017eek Geberit na om\u00edtku a pod\u00a0om\u00edtku Pro 1\u00a0mno\u017estv\u00ed splachov\u00e1n\u00ed Pro zd\u011bn\u00e9 konstrukce Pro konstrukce prov\u00e1d\u011bn\u00e9 such\u00fdm procesem K\u00a0mont\u00e1\u017ei do podlah Pro splachovac\u00ed n\u00e1dr\u017eky pod om\u00edtku Geberit Sigma 12\u00a0cm Pro splachovac\u00ed n\u00e1dr\u017eky pod om\u00edtku Geberit Omega 12\u00a0cm [&hellip;]<\/p>\n","protected":false},"featured_media":2655,"comment_status":"open","ping_status":"open","template":"","meta":[],"product_brand":[],"product_cat":[39],"product_tag":[],"class_list":{"0":"post-2555","1":"product","2":"type-product","3":"status-publish","4":"has-post-thumbnail","6":"product_cat-sanita","8":"first","9":"instock","10":"sale","11":"shipping-taxable","12":"purchasable","13":"product-type-simple"},"yoast_head":"<!-- This site is optimized with the Yoast SEO plugin v26.8 - https:\/\/yoast.com\/product\/yoast-seo-wordpress\/ -->\n<title>Vysoce Kvalitn\u00ed Geberit Ovl\u00e1d\u00e1n\u00ed splachov\u00e1n\u00ed WC GEBERIT pneumatick\u00e9, 115.939.00.1 -<\/title>\n<meta name=\"robots\" content=\"index, follow, max-snippet:-1, max-image-preview:large, max-video-preview:-1\" \/>\n<link rel=\"canonical\" href=\"https:\/\/www.technodompro.com\/index.php\/produkt\/vysoce-kvalitni-geberit-ovladani-splachovani-wc-geberit-pneumaticke-115-939-00-1-2555\/\" \/>\n<meta property=\"og:locale\" content=\"cs_CZ\" \/>\n<meta property=\"og:type\" content=\"article\" \/>\n<meta property=\"og:title\" content=\"Vysoce Kvalitn\u00ed Geberit Ovl\u00e1d\u00e1n\u00ed splachov\u00e1n\u00ed WC GEBERIT pneumatick\u00e9, 115.939.00.1 -\" \/>\n<meta property=\"og:description\" content=\"Popis: Popis Geberit ovl\u00e1d\u00e1n\u00ed WC s\u00a0pneumatick\u00fdm ovl\u00e1d\u00e1n\u00edm splachov\u00e1n\u00ed,1\u00a0mno\u017estv\u00ed splachov\u00e1n\u00ed, no\u017en\u00ed tla\u010d\u00edtko do podlahy \u00da\u010del pou\u017eit\u00ed K\u00a0pneumatick\u00e9mu odd\u00e1len\u00e9mu ovl\u00e1d\u00e1n\u00ed splachovac\u00edch n\u00e1dr\u017eek Geberit na om\u00edtku a pod\u00a0om\u00edtku Pro 1\u00a0mno\u017estv\u00ed splachov\u00e1n\u00ed Pro zd\u011bn\u00e9 konstrukce Pro konstrukce prov\u00e1d\u011bn\u00e9 such\u00fdm procesem K\u00a0mont\u00e1\u017ei do podlah Pro splachovac\u00ed n\u00e1dr\u017eky pod om\u00edtku Geberit Sigma 12\u00a0cm Pro splachovac\u00ed n\u00e1dr\u017eky pod om\u00edtku Geberit Omega 12\u00a0cm [&hellip;]\" \/>\n<meta property=\"og:url\" content=\"https:\/\/www.technodompro.com\/index.php\/produkt\/vysoce-kvalitni-geberit-ovladani-splachovani-wc-geberit-pneumaticke-115-939-00-1-2555\/\" \/>\n<meta property=\"og:image\" content=\"https:\/\/www.technodompro.com\/wp-content\/uploads\/2026\/SK0017837-CZ20260425-091936-0-1777079982-geberit-ovladani-splachovani-wc-geberit-pneumaticke-115-939.webp\" \/>\n\t<meta property=\"og:image:width\" content=\"1000\" \/>\n\t<meta property=\"og:image:height\" content=\"523\" \/>\n\t<meta property=\"og:image:type\" content=\"image\/webp\" \/>\n<meta name=\"twitter:card\" content=\"summary_large_image\" \/>\n<meta name=\"twitter:label1\" content=\"Odhadovan\u00e1 doba \u010dten\u00ed\" \/>\n\t<meta name=\"twitter:data1\" content=\"1 minuta\" \/>\n<script type=\"application\/ld+json\" class=\"yoast-schema-graph\">{\"@context\":\"https:\/\/schema.org\",\"@graph\":[{\"@type\":\"WebPage\",\"@id\":\"https:\/\/www.technodompro.com\/index.php\/produkt\/vysoce-kvalitni-geberit-ovladani-splachovani-wc-geberit-pneumaticke-115-939-00-1-2555\/\",\"url\":\"https:\/\/www.technodompro.com\/index.php\/produkt\/vysoce-kvalitni-geberit-ovladani-splachovani-wc-geberit-pneumaticke-115-939-00-1-2555\/\",\"name\":\"Vysoce Kvalitn\u00ed Geberit Ovl\u00e1d\u00e1n\u00ed splachov\u00e1n\u00ed WC GEBERIT pneumatick\u00e9, 115.939.00.1 -\",\"isPartOf\":{\"@id\":\"https:\/\/www.technodompro.com\/#website\"},\"primaryImageOfPage\":{\"@id\":\"https:\/\/www.technodompro.com\/index.php\/produkt\/vysoce-kvalitni-geberit-ovladani-splachovani-wc-geberit-pneumaticke-115-939-00-1-2555\/#primaryimage\"},\"image\":{\"@id\":\"https:\/\/www.technodompro.com\/index.php\/produkt\/vysoce-kvalitni-geberit-ovladani-splachovani-wc-geberit-pneumaticke-115-939-00-1-2555\/#primaryimage\"},\"thumbnailUrl\":\"https:\/\/www.technodompro.com\/wp-content\/uploads\/2026\/SK0017837-CZ20260425-091936-0-1777079982-geberit-ovladani-splachovani-wc-geberit-pneumaticke-115-939.webp\",\"datePublished\":\"2026-04-27T04:40:40+00:00\",\"breadcrumb\":{\"@id\":\"https:\/\/www.technodompro.com\/index.php\/produkt\/vysoce-kvalitni-geberit-ovladani-splachovani-wc-geberit-pneumaticke-115-939-00-1-2555\/#breadcrumb\"},\"inLanguage\":\"cs\",\"potentialAction\":[{\"@type\":\"ReadAction\",\"target\":[\"https:\/\/www.technodompro.com\/index.php\/produkt\/vysoce-kvalitni-geberit-ovladani-splachovani-wc-geberit-pneumaticke-115-939-00-1-2555\/\"]}]},{\"@type\":\"ImageObject\",\"inLanguage\":\"cs\",\"@id\":\"https:\/\/www.technodompro.com\/index.php\/produkt\/vysoce-kvalitni-geberit-ovladani-splachovani-wc-geberit-pneumaticke-115-939-00-1-2555\/#primaryimage\",\"url\":\"https:\/\/www.technodompro.com\/wp-content\/uploads\/2026\/SK0017837-CZ20260425-091936-0-1777079982-geberit-ovladani-splachovani-wc-geberit-pneumaticke-115-939.webp\",\"contentUrl\":\"https:\/\/www.technodompro.com\/wp-content\/uploads\/2026\/SK0017837-CZ20260425-091936-0-1777079982-geberit-ovladani-splachovani-wc-geberit-pneumaticke-115-939.webp\",\"width\":1000,\"height\":523},{\"@type\":\"BreadcrumbList\",\"@id\":\"https:\/\/www.technodompro.com\/index.php\/produkt\/vysoce-kvalitni-geberit-ovladani-splachovani-wc-geberit-pneumaticke-115-939-00-1-2555\/#breadcrumb\",\"itemListElement\":[{\"@type\":\"ListItem\",\"position\":1,\"name\":\"Home\",\"item\":\"https:\/\/www.technodompro.com\/\"},{\"@type\":\"ListItem\",\"position\":2,\"name\":\"Products\",\"item\":\"https:\/\/www.technodompro.com\/index.php\/products\/\"},{\"@type\":\"ListItem\",\"position\":3,\"name\":\"Vysoce Kvalitn\u00ed Geberit Ovl\u00e1d\u00e1n\u00ed splachov\u00e1n\u00ed WC GEBERIT pneumatick\u00e9, 115.939.00.1\"}]},{\"@type\":\"WebSite\",\"@id\":\"https:\/\/www.technodompro.com\/#website\",\"url\":\"https:\/\/www.technodompro.com\/\",\"name\":\"\",\"description\":\"\",\"potentialAction\":[{\"@type\":\"SearchAction\",\"target\":{\"@type\":\"EntryPoint\",\"urlTemplate\":\"https:\/\/www.technodompro.com\/?s={search_term_string}\"},\"query-input\":{\"@type\":\"PropertyValueSpecification\",\"valueRequired\":true,\"valueName\":\"search_term_string\"}}],\"inLanguage\":\"cs\"}]}<\/script>\n<!-- \/ Yoast SEO plugin. -->","yoast_head_json":{"title":"Vysoce Kvalitn\u00ed Geberit Ovl\u00e1d\u00e1n\u00ed splachov\u00e1n\u00ed WC GEBERIT pneumatick\u00e9, 115.939.00.1 -","robots":{"index":"index","follow":"follow","max-snippet":"max-snippet:-1","max-image-preview":"max-image-preview:large","max-video-preview":"max-video-preview:-1"},"canonical":"https:\/\/www.technodompro.com\/index.php\/produkt\/vysoce-kvalitni-geberit-ovladani-splachovani-wc-geberit-pneumaticke-115-939-00-1-2555\/","og_locale":"cs_CZ","og_type":"article","og_title":"Vysoce Kvalitn\u00ed Geberit Ovl\u00e1d\u00e1n\u00ed splachov\u00e1n\u00ed WC GEBERIT pneumatick\u00e9, 115.939.00.1 -","og_description":"Popis: Popis Geberit ovl\u00e1d\u00e1n\u00ed WC s\u00a0pneumatick\u00fdm ovl\u00e1d\u00e1n\u00edm splachov\u00e1n\u00ed,1\u00a0mno\u017estv\u00ed splachov\u00e1n\u00ed, no\u017en\u00ed tla\u010d\u00edtko do podlahy \u00da\u010del pou\u017eit\u00ed K\u00a0pneumatick\u00e9mu odd\u00e1len\u00e9mu ovl\u00e1d\u00e1n\u00ed splachovac\u00edch n\u00e1dr\u017eek Geberit na om\u00edtku a pod\u00a0om\u00edtku Pro 1\u00a0mno\u017estv\u00ed splachov\u00e1n\u00ed Pro zd\u011bn\u00e9 konstrukce Pro konstrukce prov\u00e1d\u011bn\u00e9 such\u00fdm procesem K\u00a0mont\u00e1\u017ei do podlah Pro splachovac\u00ed n\u00e1dr\u017eky pod om\u00edtku Geberit Sigma 12\u00a0cm Pro splachovac\u00ed n\u00e1dr\u017eky pod om\u00edtku Geberit Omega 12\u00a0cm [&hellip;]","og_url":"https:\/\/www.technodompro.com\/index.php\/produkt\/vysoce-kvalitni-geberit-ovladani-splachovani-wc-geberit-pneumaticke-115-939-00-1-2555\/","og_image":[{"width":1000,"height":523,"url":"https:\/\/www.technodompro.com\/wp-content\/uploads\/2026\/SK0017837-CZ20260425-091936-0-1777079982-geberit-ovladani-splachovani-wc-geberit-pneumaticke-115-939.webp","type":"image\/webp"}],"twitter_card":"summary_large_image","twitter_misc":{"Odhadovan\u00e1 doba \u010dten\u00ed":"1 minuta"},"schema":{"@context":"https:\/\/schema.org","@graph":[{"@type":"WebPage","@id":"https:\/\/www.technodompro.com\/index.php\/produkt\/vysoce-kvalitni-geberit-ovladani-splachovani-wc-geberit-pneumaticke-115-939-00-1-2555\/","url":"https:\/\/www.technodompro.com\/index.php\/produkt\/vysoce-kvalitni-geberit-ovladani-splachovani-wc-geberit-pneumaticke-115-939-00-1-2555\/","name":"Vysoce Kvalitn\u00ed Geberit Ovl\u00e1d\u00e1n\u00ed splachov\u00e1n\u00ed WC GEBERIT pneumatick\u00e9, 115.939.00.1 -","isPartOf":{"@id":"https:\/\/www.technodompro.com\/#website"},"primaryImageOfPage":{"@id":"https:\/\/www.technodompro.com\/index.php\/produkt\/vysoce-kvalitni-geberit-ovladani-splachovani-wc-geberit-pneumaticke-115-939-00-1-2555\/#primaryimage"},"image":{"@id":"https:\/\/www.technodompro.com\/index.php\/produkt\/vysoce-kvalitni-geberit-ovladani-splachovani-wc-geberit-pneumaticke-115-939-00-1-2555\/#primaryimage"},"thumbnailUrl":"https:\/\/www.technodompro.com\/wp-content\/uploads\/2026\/SK0017837-CZ20260425-091936-0-1777079982-geberit-ovladani-splachovani-wc-geberit-pneumaticke-115-939.webp","datePublished":"2026-04-27T04:40:40+00:00","breadcrumb":{"@id":"https:\/\/www.technodompro.com\/index.php\/produkt\/vysoce-kvalitni-geberit-ovladani-splachovani-wc-geberit-pneumaticke-115-939-00-1-2555\/#breadcrumb"},"inLanguage":"cs","potentialAction":[{"@type":"ReadAction","target":["https:\/\/www.technodompro.com\/index.php\/produkt\/vysoce-kvalitni-geberit-ovladani-splachovani-wc-geberit-pneumaticke-115-939-00-1-2555\/"]}]},{"@type":"ImageObject","inLanguage":"cs","@id":"https:\/\/www.technodompro.com\/index.php\/produkt\/vysoce-kvalitni-geberit-ovladani-splachovani-wc-geberit-pneumaticke-115-939-00-1-2555\/#primaryimage","url":"https:\/\/www.technodompro.com\/wp-content\/uploads\/2026\/SK0017837-CZ20260425-091936-0-1777079982-geberit-ovladani-splachovani-wc-geberit-pneumaticke-115-939.webp","contentUrl":"https:\/\/www.technodompro.com\/wp-content\/uploads\/2026\/SK0017837-CZ20260425-091936-0-1777079982-geberit-ovladani-splachovani-wc-geberit-pneumaticke-115-939.webp","width":1000,"height":523},{"@type":"BreadcrumbList","@id":"https:\/\/www.technodompro.com\/index.php\/produkt\/vysoce-kvalitni-geberit-ovladani-splachovani-wc-geberit-pneumaticke-115-939-00-1-2555\/#breadcrumb","itemListElement":[{"@type":"ListItem","position":1,"name":"Home","item":"https:\/\/www.technodompro.com\/"},{"@type":"ListItem","position":2,"name":"Products","item":"https:\/\/www.technodompro.com\/index.php\/products\/"},{"@type":"ListItem","position":3,"name":"Vysoce Kvalitn\u00ed Geberit Ovl\u00e1d\u00e1n\u00ed splachov\u00e1n\u00ed WC GEBERIT pneumatick\u00e9, 115.939.00.1"}]},{"@type":"WebSite","@id":"https:\/\/www.technodompro.com\/#website","url":"https:\/\/www.technodompro.com\/","name":"","description":"","potentialAction":[{"@type":"SearchAction","target":{"@type":"EntryPoint","urlTemplate":"https:\/\/www.technodompro.com\/?s={search_term_string}"},"query-input":{"@type":"PropertyValueSpecification","valueRequired":true,"valueName":"search_term_string"}}],"inLanguage":"cs"}]}},"_links":{"self":[{"href":"https:\/\/www.technodompro.com\/index.php\/wp-json\/wp\/v2\/product\/2555","targetHints":{"allow":["GET"]}}],"collection":[{"href":"https:\/\/www.technodompro.com\/index.php\/wp-json\/wp\/v2\/product"}],"about":[{"href":"https:\/\/www.technodompro.com\/index.php\/wp-json\/wp\/v2\/types\/product"}],"replies":[{"embeddable":true,"href":"https:\/\/www.technodompro.com\/index.php\/wp-json\/wp\/v2\/comments?post=2555"}],"wp:featuredmedia":[{"embeddable":true,"href":"https:\/\/www.technodompro.com\/index.php\/wp-json\/wp\/v2\/media\/2655"}],"wp:attachment":[{"href":"https:\/\/www.technodompro.com\/index.php\/wp-json\/wp\/v2\/media?parent=2555"}],"wp:term":[{"taxonomy":"product_brand","embeddable":true,"href":"https:\/\/www.technodompro.com\/index.php\/wp-json\/wp\/v2\/product_brand?post=2555"},{"taxonomy":"product_cat","embeddable":true,"href":"https:\/\/www.technodompro.com\/index.php\/wp-json\/wp\/v2\/product_cat?post=2555"},{"taxonomy":"product_tag","embeddable":true,"href":"https:\/\/www.technodompro.com\/index.php\/wp-json\/wp\/v2\/product_tag?post=2555"}],"curies":[{"name":"wp","href":"https:\/\/api.w.org\/{rel}","templated":true}]}}