{"id":2562,"date":"2026-04-27T04:40:40","date_gmt":"2026-04-27T04:40:40","guid":{"rendered":""},"modified":"2026-04-27T04:40:40","modified_gmt":"2026-04-27T04:40:40","slug":"geberit-deska-ovladaci-geberit-sigma-30-bila-prouzek-bila-mat-115-883-11-1-super-cena-2562","status":"publish","type":"product","link":"https:\/\/www.technodompro.com\/index.php\/produkt\/geberit-deska-ovladaci-geberit-sigma-30-bila-prouzek-bila-mat-115-883-11-1-super-cena-2562\/","title":{"rendered":"Geberit Deska ovl\u00e1dac\u00ed GEBERIT SIGMA 30 b\u00edl\u00e1, prou\u017eek b\u00edl\u00e1 mat 115.883.11.1 Super Cena"},"content":{"rendered":"<div class=\"detail-description__right\">\t\t\t\t<\/div>\n<div class=\"detail-description__top\">\t\t\t\t<\/div>\n<div class=\"detail-description__left\">\n<div class=\"detail-description__left__overflow\">\n<div class=\"detail-description__left__head\">\t\t\t\t\t\tPopis:\t\t\t\t\t<\/div>\n<div class=\"ul-style ul-style--check\">\n<p><strong>Ovl\u00e1dac\u00ed deska<\/strong><\/p>\n<p>Zmodernizujte si vzhled sv\u00e9ho WC, d\u00edky ovl\u00e1dac\u00ed desce. K\u00a0dispozici m\u00e1mer\u016fzn\u00e9 typy a\u00a0barvy.<\/p>\n<p><strong>Zp\u016fsob pou\u017eit\u00ed<\/strong><\/p>\n<ul class=\"plusminus\">\n<li><i class=\"fas fa-check\"><\/i><span>Ke spu\u0161t\u011bn\u00ed splachov\u00e1n\u00ed u\u00a0Sigma splachovac\u00edch n\u00e1dr\u017eek\tpod\u00a0om\u00edtku<\/span><\/li>\n<\/ul>\n<p><strong>Vlastnosti<\/strong><\/p>\n<ul class=\"plusminus\">\n<li><i class=\"fas fa-check\"><\/i><span>Ovl\u00e1d\u00e1n\u00ed zep\u0159edu<\/span><\/li>\n<li><i class=\"fas fa-check\"><\/i><span>Ty\u010dky tla\u010d\u00edtka zvukov\u011b izolovan\u00e9, rychl\u00e9 nastaven\u00ed\tbez\u00a0n\u00e1\u0159ad\u00ed<\/span><\/li>\n<\/ul>\n<p><strong>Obsah balen\u00ed<\/strong><\/p>\n<ul class=\"plusminus\">\n<li><i class=\"fas fa-check\"><\/i><span>\n<p>Upev\u0148ovac\u00ed r\u00e1me\u010dek<\/p>\n<p>\t<\/span><\/li>\n<li><i class=\"fas fa-check\"><\/i><span>\n<p>2\u00a0ty\u010dky tla\u010d\u00edtka<\/p>\n<p>\t<\/span><\/li>\n<li><i class=\"fas fa-check\"><\/i><span>\n<p>2\u00a0staviteln\u00e9 \u00fachytky<\/p>\n<p>\t<\/span><\/li>\n<\/ul>\n<p><strong>Technick\u00e9 informace<\/strong><\/p>\n<p>Ovl\u00e1dac\u00ed s\u00edla &lt; 20\u00a0N Materi\u00e1l plast Barva b\u00edl\u00e1\/mat B 24.6\u00a0cm H<\/p>\n<p>16.4\u00a0cm<\/p>\n<p> T 1,2\u00a0cm<\/p><\/div>\n<div class=\"detail-description__left__more\">\t\t\t\t\t\t<span> <\/span><span> <\/span>\t\t\t\t\t<\/div>\n<\/p><\/div>\n<\/p><\/div>\n<div class=\"detail-description__more\"><span> <\/span><span> <\/span><\/div>\n<\/p><\/div>\n<\/p><\/div>\n","protected":false},"excerpt":{"rendered":"<p>Popis: Ovl\u00e1dac\u00ed deska Zmodernizujte si vzhled sv\u00e9ho WC, d\u00edky ovl\u00e1dac\u00ed desce. K\u00a0dispozici m\u00e1mer\u016fzn\u00e9 typy a\u00a0barvy. Zp\u016fsob pou\u017eit\u00ed Ke spu\u0161t\u011bn\u00ed splachov\u00e1n\u00ed u\u00a0Sigma splachovac\u00edch n\u00e1dr\u017eek pod\u00a0om\u00edtku Vlastnosti Ovl\u00e1d\u00e1n\u00ed zep\u0159edu Ty\u010dky tla\u010d\u00edtka zvukov\u011b izolovan\u00e9, rychl\u00e9 nastaven\u00ed bez\u00a0n\u00e1\u0159ad\u00ed Obsah balen\u00ed Upev\u0148ovac\u00ed r\u00e1me\u010dek 2\u00a0ty\u010dky tla\u010d\u00edtka 2\u00a0staviteln\u00e9 \u00fachytky Technick\u00e9 informace Ovl\u00e1dac\u00ed s\u00edla &lt; 20\u00a0N Materi\u00e1l plast Barva b\u00edl\u00e1\/mat B 24.6\u00a0cm H [&hellip;]<\/p>\n","protected":false},"featured_media":2662,"comment_status":"open","ping_status":"open","template":"","meta":[],"product_brand":[],"product_cat":[39],"product_tag":[],"class_list":{"0":"post-2562","1":"product","2":"type-product","3":"status-publish","4":"has-post-thumbnail","6":"product_cat-sanita","8":"first","9":"instock","10":"sale","11":"shipping-taxable","12":"purchasable","13":"product-type-simple"},"yoast_head":"<!-- This site is optimized with the Yoast SEO plugin v26.8 - https:\/\/yoast.com\/product\/yoast-seo-wordpress\/ -->\n<title>Geberit Deska ovl\u00e1dac\u00ed GEBERIT SIGMA 30 b\u00edl\u00e1, prou\u017eek b\u00edl\u00e1 mat 115.883.11.1 Super Cena -<\/title>\n<meta name=\"robots\" content=\"index, follow, max-snippet:-1, max-image-preview:large, max-video-preview:-1\" \/>\n<link rel=\"canonical\" href=\"https:\/\/www.technodompro.com\/index.php\/produkt\/geberit-deska-ovladaci-geberit-sigma-30-bila-prouzek-bila-mat-115-883-11-1-super-cena-2562\/\" \/>\n<meta property=\"og:locale\" content=\"cs_CZ\" \/>\n<meta property=\"og:type\" content=\"article\" \/>\n<meta property=\"og:title\" content=\"Geberit Deska ovl\u00e1dac\u00ed GEBERIT SIGMA 30 b\u00edl\u00e1, prou\u017eek b\u00edl\u00e1 mat 115.883.11.1 Super Cena -\" \/>\n<meta property=\"og:description\" content=\"Popis: Ovl\u00e1dac\u00ed deska Zmodernizujte si vzhled sv\u00e9ho WC, d\u00edky ovl\u00e1dac\u00ed desce. K\u00a0dispozici m\u00e1mer\u016fzn\u00e9 typy a\u00a0barvy. Zp\u016fsob pou\u017eit\u00ed Ke spu\u0161t\u011bn\u00ed splachov\u00e1n\u00ed u\u00a0Sigma splachovac\u00edch n\u00e1dr\u017eek pod\u00a0om\u00edtku Vlastnosti Ovl\u00e1d\u00e1n\u00ed zep\u0159edu Ty\u010dky tla\u010d\u00edtka zvukov\u011b izolovan\u00e9, rychl\u00e9 nastaven\u00ed bez\u00a0n\u00e1\u0159ad\u00ed Obsah balen\u00ed Upev\u0148ovac\u00ed r\u00e1me\u010dek 2\u00a0ty\u010dky tla\u010d\u00edtka 2\u00a0staviteln\u00e9 \u00fachytky Technick\u00e9 informace Ovl\u00e1dac\u00ed s\u00edla &lt; 20\u00a0N Materi\u00e1l plast Barva b\u00edl\u00e1\/mat B 24.6\u00a0cm H [&hellip;]\" \/>\n<meta property=\"og:url\" content=\"https:\/\/www.technodompro.com\/index.php\/produkt\/geberit-deska-ovladaci-geberit-sigma-30-bila-prouzek-bila-mat-115-883-11-1-super-cena-2562\/\" \/>\n<meta property=\"og:image\" content=\"https:\/\/www.technodompro.com\/wp-content\/uploads\/2026\/SK0017844-CZ20260425-091936-0-1777079982-geberit-deska-ovladaci-geberit-sigma-30-bila-prouzek-bila-m.webp\" \/>\n\t<meta property=\"og:image:width\" content=\"1000\" \/>\n\t<meta property=\"og:image:height\" content=\"523\" \/>\n\t<meta property=\"og:image:type\" content=\"image\/webp\" \/>\n<meta name=\"twitter:card\" content=\"summary_large_image\" \/>\n<script type=\"application\/ld+json\" class=\"yoast-schema-graph\">{\"@context\":\"https:\/\/schema.org\",\"@graph\":[{\"@type\":\"WebPage\",\"@id\":\"https:\/\/www.technodompro.com\/index.php\/produkt\/geberit-deska-ovladaci-geberit-sigma-30-bila-prouzek-bila-mat-115-883-11-1-super-cena-2562\/\",\"url\":\"https:\/\/www.technodompro.com\/index.php\/produkt\/geberit-deska-ovladaci-geberit-sigma-30-bila-prouzek-bila-mat-115-883-11-1-super-cena-2562\/\",\"name\":\"Geberit Deska ovl\u00e1dac\u00ed GEBERIT SIGMA 30 b\u00edl\u00e1, prou\u017eek b\u00edl\u00e1 mat 115.883.11.1 Super Cena -\",\"isPartOf\":{\"@id\":\"https:\/\/www.technodompro.com\/#website\"},\"primaryImageOfPage\":{\"@id\":\"https:\/\/www.technodompro.com\/index.php\/produkt\/geberit-deska-ovladaci-geberit-sigma-30-bila-prouzek-bila-mat-115-883-11-1-super-cena-2562\/#primaryimage\"},\"image\":{\"@id\":\"https:\/\/www.technodompro.com\/index.php\/produkt\/geberit-deska-ovladaci-geberit-sigma-30-bila-prouzek-bila-mat-115-883-11-1-super-cena-2562\/#primaryimage\"},\"thumbnailUrl\":\"https:\/\/www.technodompro.com\/wp-content\/uploads\/2026\/SK0017844-CZ20260425-091936-0-1777079982-geberit-deska-ovladaci-geberit-sigma-30-bila-prouzek-bila-m.webp\",\"datePublished\":\"2026-04-27T04:40:40+00:00\",\"breadcrumb\":{\"@id\":\"https:\/\/www.technodompro.com\/index.php\/produkt\/geberit-deska-ovladaci-geberit-sigma-30-bila-prouzek-bila-mat-115-883-11-1-super-cena-2562\/#breadcrumb\"},\"inLanguage\":\"cs\",\"potentialAction\":[{\"@type\":\"ReadAction\",\"target\":[\"https:\/\/www.technodompro.com\/index.php\/produkt\/geberit-deska-ovladaci-geberit-sigma-30-bila-prouzek-bila-mat-115-883-11-1-super-cena-2562\/\"]}]},{\"@type\":\"ImageObject\",\"inLanguage\":\"cs\",\"@id\":\"https:\/\/www.technodompro.com\/index.php\/produkt\/geberit-deska-ovladaci-geberit-sigma-30-bila-prouzek-bila-mat-115-883-11-1-super-cena-2562\/#primaryimage\",\"url\":\"https:\/\/www.technodompro.com\/wp-content\/uploads\/2026\/SK0017844-CZ20260425-091936-0-1777079982-geberit-deska-ovladaci-geberit-sigma-30-bila-prouzek-bila-m.webp\",\"contentUrl\":\"https:\/\/www.technodompro.com\/wp-content\/uploads\/2026\/SK0017844-CZ20260425-091936-0-1777079982-geberit-deska-ovladaci-geberit-sigma-30-bila-prouzek-bila-m.webp\",\"width\":1000,\"height\":523},{\"@type\":\"BreadcrumbList\",\"@id\":\"https:\/\/www.technodompro.com\/index.php\/produkt\/geberit-deska-ovladaci-geberit-sigma-30-bila-prouzek-bila-mat-115-883-11-1-super-cena-2562\/#breadcrumb\",\"itemListElement\":[{\"@type\":\"ListItem\",\"position\":1,\"name\":\"Home\",\"item\":\"https:\/\/www.technodompro.com\/\"},{\"@type\":\"ListItem\",\"position\":2,\"name\":\"Products\",\"item\":\"https:\/\/www.technodompro.com\/index.php\/products\/\"},{\"@type\":\"ListItem\",\"position\":3,\"name\":\"Geberit Deska ovl\u00e1dac\u00ed GEBERIT SIGMA 30 b\u00edl\u00e1, prou\u017eek b\u00edl\u00e1 mat 115.883.11.1 Super Cena\"}]},{\"@type\":\"WebSite\",\"@id\":\"https:\/\/www.technodompro.com\/#website\",\"url\":\"https:\/\/www.technodompro.com\/\",\"name\":\"\",\"description\":\"\",\"potentialAction\":[{\"@type\":\"SearchAction\",\"target\":{\"@type\":\"EntryPoint\",\"urlTemplate\":\"https:\/\/www.technodompro.com\/?s={search_term_string}\"},\"query-input\":{\"@type\":\"PropertyValueSpecification\",\"valueRequired\":true,\"valueName\":\"search_term_string\"}}],\"inLanguage\":\"cs\"}]}<\/script>\n<!-- \/ Yoast SEO plugin. -->","yoast_head_json":{"title":"Geberit Deska ovl\u00e1dac\u00ed GEBERIT SIGMA 30 b\u00edl\u00e1, prou\u017eek b\u00edl\u00e1 mat 115.883.11.1 Super Cena -","robots":{"index":"index","follow":"follow","max-snippet":"max-snippet:-1","max-image-preview":"max-image-preview:large","max-video-preview":"max-video-preview:-1"},"canonical":"https:\/\/www.technodompro.com\/index.php\/produkt\/geberit-deska-ovladaci-geberit-sigma-30-bila-prouzek-bila-mat-115-883-11-1-super-cena-2562\/","og_locale":"cs_CZ","og_type":"article","og_title":"Geberit Deska ovl\u00e1dac\u00ed GEBERIT SIGMA 30 b\u00edl\u00e1, prou\u017eek b\u00edl\u00e1 mat 115.883.11.1 Super Cena -","og_description":"Popis: Ovl\u00e1dac\u00ed deska Zmodernizujte si vzhled sv\u00e9ho WC, d\u00edky ovl\u00e1dac\u00ed desce. K\u00a0dispozici m\u00e1mer\u016fzn\u00e9 typy a\u00a0barvy. Zp\u016fsob pou\u017eit\u00ed Ke spu\u0161t\u011bn\u00ed splachov\u00e1n\u00ed u\u00a0Sigma splachovac\u00edch n\u00e1dr\u017eek pod\u00a0om\u00edtku Vlastnosti Ovl\u00e1d\u00e1n\u00ed zep\u0159edu Ty\u010dky tla\u010d\u00edtka zvukov\u011b izolovan\u00e9, rychl\u00e9 nastaven\u00ed bez\u00a0n\u00e1\u0159ad\u00ed Obsah balen\u00ed Upev\u0148ovac\u00ed r\u00e1me\u010dek 2\u00a0ty\u010dky tla\u010d\u00edtka 2\u00a0staviteln\u00e9 \u00fachytky Technick\u00e9 informace Ovl\u00e1dac\u00ed s\u00edla &lt; 20\u00a0N Materi\u00e1l plast Barva b\u00edl\u00e1\/mat B 24.6\u00a0cm H [&hellip;]","og_url":"https:\/\/www.technodompro.com\/index.php\/produkt\/geberit-deska-ovladaci-geberit-sigma-30-bila-prouzek-bila-mat-115-883-11-1-super-cena-2562\/","og_image":[{"width":1000,"height":523,"url":"https:\/\/www.technodompro.com\/wp-content\/uploads\/2026\/SK0017844-CZ20260425-091936-0-1777079982-geberit-deska-ovladaci-geberit-sigma-30-bila-prouzek-bila-m.webp","type":"image\/webp"}],"twitter_card":"summary_large_image","schema":{"@context":"https:\/\/schema.org","@graph":[{"@type":"WebPage","@id":"https:\/\/www.technodompro.com\/index.php\/produkt\/geberit-deska-ovladaci-geberit-sigma-30-bila-prouzek-bila-mat-115-883-11-1-super-cena-2562\/","url":"https:\/\/www.technodompro.com\/index.php\/produkt\/geberit-deska-ovladaci-geberit-sigma-30-bila-prouzek-bila-mat-115-883-11-1-super-cena-2562\/","name":"Geberit Deska ovl\u00e1dac\u00ed GEBERIT SIGMA 30 b\u00edl\u00e1, prou\u017eek b\u00edl\u00e1 mat 115.883.11.1 Super Cena -","isPartOf":{"@id":"https:\/\/www.technodompro.com\/#website"},"primaryImageOfPage":{"@id":"https:\/\/www.technodompro.com\/index.php\/produkt\/geberit-deska-ovladaci-geberit-sigma-30-bila-prouzek-bila-mat-115-883-11-1-super-cena-2562\/#primaryimage"},"image":{"@id":"https:\/\/www.technodompro.com\/index.php\/produkt\/geberit-deska-ovladaci-geberit-sigma-30-bila-prouzek-bila-mat-115-883-11-1-super-cena-2562\/#primaryimage"},"thumbnailUrl":"https:\/\/www.technodompro.com\/wp-content\/uploads\/2026\/SK0017844-CZ20260425-091936-0-1777079982-geberit-deska-ovladaci-geberit-sigma-30-bila-prouzek-bila-m.webp","datePublished":"2026-04-27T04:40:40+00:00","breadcrumb":{"@id":"https:\/\/www.technodompro.com\/index.php\/produkt\/geberit-deska-ovladaci-geberit-sigma-30-bila-prouzek-bila-mat-115-883-11-1-super-cena-2562\/#breadcrumb"},"inLanguage":"cs","potentialAction":[{"@type":"ReadAction","target":["https:\/\/www.technodompro.com\/index.php\/produkt\/geberit-deska-ovladaci-geberit-sigma-30-bila-prouzek-bila-mat-115-883-11-1-super-cena-2562\/"]}]},{"@type":"ImageObject","inLanguage":"cs","@id":"https:\/\/www.technodompro.com\/index.php\/produkt\/geberit-deska-ovladaci-geberit-sigma-30-bila-prouzek-bila-mat-115-883-11-1-super-cena-2562\/#primaryimage","url":"https:\/\/www.technodompro.com\/wp-content\/uploads\/2026\/SK0017844-CZ20260425-091936-0-1777079982-geberit-deska-ovladaci-geberit-sigma-30-bila-prouzek-bila-m.webp","contentUrl":"https:\/\/www.technodompro.com\/wp-content\/uploads\/2026\/SK0017844-CZ20260425-091936-0-1777079982-geberit-deska-ovladaci-geberit-sigma-30-bila-prouzek-bila-m.webp","width":1000,"height":523},{"@type":"BreadcrumbList","@id":"https:\/\/www.technodompro.com\/index.php\/produkt\/geberit-deska-ovladaci-geberit-sigma-30-bila-prouzek-bila-mat-115-883-11-1-super-cena-2562\/#breadcrumb","itemListElement":[{"@type":"ListItem","position":1,"name":"Home","item":"https:\/\/www.technodompro.com\/"},{"@type":"ListItem","position":2,"name":"Products","item":"https:\/\/www.technodompro.com\/index.php\/products\/"},{"@type":"ListItem","position":3,"name":"Geberit Deska ovl\u00e1dac\u00ed GEBERIT SIGMA 30 b\u00edl\u00e1, prou\u017eek b\u00edl\u00e1 mat 115.883.11.1 Super Cena"}]},{"@type":"WebSite","@id":"https:\/\/www.technodompro.com\/#website","url":"https:\/\/www.technodompro.com\/","name":"","description":"","potentialAction":[{"@type":"SearchAction","target":{"@type":"EntryPoint","urlTemplate":"https:\/\/www.technodompro.com\/?s={search_term_string}"},"query-input":{"@type":"PropertyValueSpecification","valueRequired":true,"valueName":"search_term_string"}}],"inLanguage":"cs"}]}},"_links":{"self":[{"href":"https:\/\/www.technodompro.com\/index.php\/wp-json\/wp\/v2\/product\/2562","targetHints":{"allow":["GET"]}}],"collection":[{"href":"https:\/\/www.technodompro.com\/index.php\/wp-json\/wp\/v2\/product"}],"about":[{"href":"https:\/\/www.technodompro.com\/index.php\/wp-json\/wp\/v2\/types\/product"}],"replies":[{"embeddable":true,"href":"https:\/\/www.technodompro.com\/index.php\/wp-json\/wp\/v2\/comments?post=2562"}],"wp:featuredmedia":[{"embeddable":true,"href":"https:\/\/www.technodompro.com\/index.php\/wp-json\/wp\/v2\/media\/2662"}],"wp:attachment":[{"href":"https:\/\/www.technodompro.com\/index.php\/wp-json\/wp\/v2\/media?parent=2562"}],"wp:term":[{"taxonomy":"product_brand","embeddable":true,"href":"https:\/\/www.technodompro.com\/index.php\/wp-json\/wp\/v2\/product_brand?post=2562"},{"taxonomy":"product_cat","embeddable":true,"href":"https:\/\/www.technodompro.com\/index.php\/wp-json\/wp\/v2\/product_cat?post=2562"},{"taxonomy":"product_tag","embeddable":true,"href":"https:\/\/www.technodompro.com\/index.php\/wp-json\/wp\/v2\/product_tag?post=2562"}],"curies":[{"name":"wp","href":"https:\/\/api.w.org\/{rel}","templated":true}]}}