{"id":2574,"date":"2026-04-27T04:40:40","date_gmt":"2026-04-27T04:40:40","guid":{"rendered":""},"modified":"2026-04-27T04:40:40","modified_gmt":"2026-04-27T04:40:40","slug":"overeny-geberit-deska-ovladaci-geberit-sigma-70-kartac-115-620-fw-1-2574","status":"publish","type":"product","link":"https:\/\/www.technodompro.com\/index.php\/produkt\/overeny-geberit-deska-ovladaci-geberit-sigma-70-kartac-115-620-fw-1-2574\/","title":{"rendered":"Ov\u011b\u0159en\u00fd Geberit Deska ovl\u00e1dac\u00ed GEBERIT SIGMA 70 kart\u00e1\u010d, 115.620.FW.1"},"content":{"rendered":"<div class=\"detail-description__right\">\t\t\t\t<\/div>\n<div class=\"detail-description__top\">\t\t\t\t<\/div>\n<div class=\"detail-description__left\">\n<div class=\"detail-description__left__overflow\">\n<div class=\"detail-description__left__head\">\t\t\t\t\t\tPopis:\t\t\t\t\t<\/div>\n<div class=\"ul-style ul-style--check\">\n<p><strong>Popis<\/strong><\/p>\n<p><strong>Geberit ovl\u00e1dac\u00ed tla\u010d\u00edtko Sigma70 pro 2\u00a0mno\u017estv\u00edsplachov\u00e1n\u00ed, pro splachovac\u00ed n\u00e1dr\u017eku pod om\u00edtku Sigma 12\u00a0cm<\/strong><\/p>\n<p>Materi\u00e1l:<\/p>\n<ul class=\"plusminus\">\n<li><i class=\"fas fa-check\"><\/i><span>Nerezov\u00e1 ocel<\/span><\/li>\n<\/ul>\n<p>Povrch\/barva: kart\u00e1\u010dov\u00e1no, povlak easy-to-clean<\/p>\n<p>\u00da\u010del pou\u017eit\u00ed:<\/p>\n<ul class=\"plusminus\">\n<li><i class=\"fas fa-check\"><\/i><span>K\u00a0ovl\u00e1d\u00e1n\u00ed splachov\u00e1n\u00ed u\u00a0splachovac\u00edch n\u00e1dr\u017eek pod om\u00edtku Geberit\tSigma 12\u00a0cm<\/span><\/li>\n<li><i class=\"fas fa-check\"><\/i><span>K\u00a0ovl\u00e1d\u00e1n\u00ed splachov\u00e1n\u00ed s\u00a0velk\u00fdm komfortem ovl\u00e1d\u00e1n\u00ed<\/span><\/li>\n<li><i class=\"fas fa-check\"><\/i><span>Nevhodn\u00fd pro ve\u0159ejn\u00fd a polove\u0159ejn\u00fd sektor<\/span><\/li>\n<\/ul>\n<p>Vlastnosti:<\/p>\n<ul class=\"plusminus\">\n<li><i class=\"fas fa-check\"><\/i><span>Ovl\u00e1d\u00e1n\u00ed zep\u0159edu<\/span><\/li>\n<li><i class=\"fas fa-check\"><\/i><span>Zvedac\u00ed mechanismus s\u00a0n\u00edzkou hlu\u010dnost\u00ed<\/span><\/li>\n<li><i class=\"fas fa-check\"><\/i><span>Hydraulick\u00fd servozved\u00e1k pro minim\u00e1ln\u00ed ovl\u00e1dac\u00ed s\u00edlu<\/span><\/li>\n<li><i class=\"fas fa-check\"><\/i><span>Ovl\u00e1d\u00e1n\u00ed splachov\u00e1n\u00ed pneumatick\u00e9<\/span><\/li>\n<li><i class=\"fas fa-check\"><\/i><span>Mont\u00e1\u017e bez n\u00e1\u0159ad\u00ed<\/span><\/li>\n<\/ul>\n<p>Technick\u00e9 \u00fadaje:<\/p>\n<ul class=\"plusminus\">\n<li><i class=\"fas fa-check\"><\/i><span>Tlak p\u0159i pr\u016ftoku 100\u2013600 kPa<\/span><\/li>\n<li><i class=\"fas fa-check\"><\/i><span>Ovl\u00e1dac\u00ed s\u00edla: &amp;lt; 10\u00a0N<\/span><\/li>\n<\/ul>\n<p>Obsah dod\u00e1vky:<\/p>\n<ul class=\"plusminus\">\n<li><i class=\"fas fa-check\"><\/i><span>\n<p>hydraulick\u00fd servozved\u00e1k<\/p>\n<p>\t<\/span><\/li>\n<li><i class=\"fas fa-check\"><\/i><span>\n<p>sada p\u0159ipojen\u00ed vody<\/p>\n<p>\t<\/span><\/li>\n<li><i class=\"fas fa-check\"><\/i><span>\n<p>ochrann\u00e1 deska<\/p>\n<p>\t<\/span><\/li>\n<li><i class=\"fas fa-check\"><\/i><span>\n<p>upev\u0148ovac\u00ed r\u00e1me\u010dek<\/p>\n<p>\t<\/span><\/li>\n<li><i class=\"fas fa-check\"><\/i><span>\n<p>2\u00a0staviteln\u00e9 \u00fachytky<\/p>\n<p>\t<\/span><\/li>\n<li><i class=\"fas fa-check\"><\/i><span>\n<p>mont\u00e1\u017en\u00ed p\u0159\u00edslu\u0161enstv\u00ed<\/p>\n<p>\t<\/span><\/li>\n<\/ul>\n<\/div>\n<div class=\"detail-description__left__more\">\t\t\t\t\t\t<span> <\/span><span> <\/span>\t\t\t\t\t<\/div>\n<\/p><\/div>\n<\/p><\/div>\n<div class=\"detail-description__more\"><span> <\/span><span> <\/span><\/div>\n<\/p><\/div>\n<\/p><\/div>\n","protected":false},"excerpt":{"rendered":"<p>Popis: Popis Geberit ovl\u00e1dac\u00ed tla\u010d\u00edtko Sigma70 pro 2\u00a0mno\u017estv\u00edsplachov\u00e1n\u00ed, pro splachovac\u00ed n\u00e1dr\u017eku pod om\u00edtku Sigma 12\u00a0cm Materi\u00e1l: Nerezov\u00e1 ocel Povrch\/barva: kart\u00e1\u010dov\u00e1no, povlak easy-to-clean \u00da\u010del pou\u017eit\u00ed: K\u00a0ovl\u00e1d\u00e1n\u00ed splachov\u00e1n\u00ed u\u00a0splachovac\u00edch n\u00e1dr\u017eek pod om\u00edtku Geberit Sigma 12\u00a0cm K\u00a0ovl\u00e1d\u00e1n\u00ed splachov\u00e1n\u00ed s\u00a0velk\u00fdm komfortem ovl\u00e1d\u00e1n\u00ed Nevhodn\u00fd pro ve\u0159ejn\u00fd a polove\u0159ejn\u00fd sektor Vlastnosti: Ovl\u00e1d\u00e1n\u00ed zep\u0159edu Zvedac\u00ed mechanismus s\u00a0n\u00edzkou hlu\u010dnost\u00ed Hydraulick\u00fd servozved\u00e1k pro minim\u00e1ln\u00ed [&hellip;]<\/p>\n","protected":false},"featured_media":2674,"comment_status":"open","ping_status":"open","template":"","meta":[],"product_brand":[],"product_cat":[39],"product_tag":[],"class_list":{"0":"post-2574","1":"product","2":"type-product","3":"status-publish","4":"has-post-thumbnail","6":"product_cat-sanita","8":"first","9":"instock","10":"sale","11":"shipping-taxable","12":"purchasable","13":"product-type-simple"},"yoast_head":"<!-- This site is optimized with the Yoast SEO plugin v26.8 - https:\/\/yoast.com\/product\/yoast-seo-wordpress\/ -->\n<title>Ov\u011b\u0159en\u00fd Geberit Deska ovl\u00e1dac\u00ed GEBERIT SIGMA 70 kart\u00e1\u010d, 115.620.FW.1 -<\/title>\n<meta name=\"robots\" content=\"index, follow, max-snippet:-1, max-image-preview:large, max-video-preview:-1\" \/>\n<link rel=\"canonical\" href=\"https:\/\/www.technodompro.com\/index.php\/produkt\/overeny-geberit-deska-ovladaci-geberit-sigma-70-kartac-115-620-fw-1-2574\/\" \/>\n<meta property=\"og:locale\" content=\"cs_CZ\" \/>\n<meta property=\"og:type\" content=\"article\" \/>\n<meta property=\"og:title\" content=\"Ov\u011b\u0159en\u00fd Geberit Deska ovl\u00e1dac\u00ed GEBERIT SIGMA 70 kart\u00e1\u010d, 115.620.FW.1 -\" \/>\n<meta property=\"og:description\" content=\"Popis: Popis Geberit ovl\u00e1dac\u00ed tla\u010d\u00edtko Sigma70 pro 2\u00a0mno\u017estv\u00edsplachov\u00e1n\u00ed, pro splachovac\u00ed n\u00e1dr\u017eku pod om\u00edtku Sigma 12\u00a0cm Materi\u00e1l: Nerezov\u00e1 ocel Povrch\/barva: kart\u00e1\u010dov\u00e1no, povlak easy-to-clean \u00da\u010del pou\u017eit\u00ed: K\u00a0ovl\u00e1d\u00e1n\u00ed splachov\u00e1n\u00ed u\u00a0splachovac\u00edch n\u00e1dr\u017eek pod om\u00edtku Geberit Sigma 12\u00a0cm K\u00a0ovl\u00e1d\u00e1n\u00ed splachov\u00e1n\u00ed s\u00a0velk\u00fdm komfortem ovl\u00e1d\u00e1n\u00ed Nevhodn\u00fd pro ve\u0159ejn\u00fd a polove\u0159ejn\u00fd sektor Vlastnosti: Ovl\u00e1d\u00e1n\u00ed zep\u0159edu Zvedac\u00ed mechanismus s\u00a0n\u00edzkou hlu\u010dnost\u00ed Hydraulick\u00fd servozved\u00e1k pro minim\u00e1ln\u00ed [&hellip;]\" \/>\n<meta property=\"og:url\" content=\"https:\/\/www.technodompro.com\/index.php\/produkt\/overeny-geberit-deska-ovladaci-geberit-sigma-70-kartac-115-620-fw-1-2574\/\" \/>\n<meta property=\"og:image\" content=\"https:\/\/www.technodompro.com\/wp-content\/uploads\/2026\/SK0017856-CZ20260425-091936-0-1777079982-geberit-deska-ovladaci-geberit-sigma-70-kartac-115-620-fw-1.webp\" \/>\n\t<meta property=\"og:image:width\" content=\"1000\" \/>\n\t<meta property=\"og:image:height\" content=\"523\" \/>\n\t<meta property=\"og:image:type\" content=\"image\/webp\" \/>\n<meta name=\"twitter:card\" content=\"summary_large_image\" \/>\n<meta name=\"twitter:label1\" content=\"Odhadovan\u00e1 doba \u010dten\u00ed\" \/>\n\t<meta name=\"twitter:data1\" content=\"1 minuta\" \/>\n<script type=\"application\/ld+json\" class=\"yoast-schema-graph\">{\"@context\":\"https:\/\/schema.org\",\"@graph\":[{\"@type\":\"WebPage\",\"@id\":\"https:\/\/www.technodompro.com\/index.php\/produkt\/overeny-geberit-deska-ovladaci-geberit-sigma-70-kartac-115-620-fw-1-2574\/\",\"url\":\"https:\/\/www.technodompro.com\/index.php\/produkt\/overeny-geberit-deska-ovladaci-geberit-sigma-70-kartac-115-620-fw-1-2574\/\",\"name\":\"Ov\u011b\u0159en\u00fd Geberit Deska ovl\u00e1dac\u00ed GEBERIT SIGMA 70 kart\u00e1\u010d, 115.620.FW.1 -\",\"isPartOf\":{\"@id\":\"https:\/\/www.technodompro.com\/#website\"},\"primaryImageOfPage\":{\"@id\":\"https:\/\/www.technodompro.com\/index.php\/produkt\/overeny-geberit-deska-ovladaci-geberit-sigma-70-kartac-115-620-fw-1-2574\/#primaryimage\"},\"image\":{\"@id\":\"https:\/\/www.technodompro.com\/index.php\/produkt\/overeny-geberit-deska-ovladaci-geberit-sigma-70-kartac-115-620-fw-1-2574\/#primaryimage\"},\"thumbnailUrl\":\"https:\/\/www.technodompro.com\/wp-content\/uploads\/2026\/SK0017856-CZ20260425-091936-0-1777079982-geberit-deska-ovladaci-geberit-sigma-70-kartac-115-620-fw-1.webp\",\"datePublished\":\"2026-04-27T04:40:40+00:00\",\"breadcrumb\":{\"@id\":\"https:\/\/www.technodompro.com\/index.php\/produkt\/overeny-geberit-deska-ovladaci-geberit-sigma-70-kartac-115-620-fw-1-2574\/#breadcrumb\"},\"inLanguage\":\"cs\",\"potentialAction\":[{\"@type\":\"ReadAction\",\"target\":[\"https:\/\/www.technodompro.com\/index.php\/produkt\/overeny-geberit-deska-ovladaci-geberit-sigma-70-kartac-115-620-fw-1-2574\/\"]}]},{\"@type\":\"ImageObject\",\"inLanguage\":\"cs\",\"@id\":\"https:\/\/www.technodompro.com\/index.php\/produkt\/overeny-geberit-deska-ovladaci-geberit-sigma-70-kartac-115-620-fw-1-2574\/#primaryimage\",\"url\":\"https:\/\/www.technodompro.com\/wp-content\/uploads\/2026\/SK0017856-CZ20260425-091936-0-1777079982-geberit-deska-ovladaci-geberit-sigma-70-kartac-115-620-fw-1.webp\",\"contentUrl\":\"https:\/\/www.technodompro.com\/wp-content\/uploads\/2026\/SK0017856-CZ20260425-091936-0-1777079982-geberit-deska-ovladaci-geberit-sigma-70-kartac-115-620-fw-1.webp\",\"width\":1000,\"height\":523},{\"@type\":\"BreadcrumbList\",\"@id\":\"https:\/\/www.technodompro.com\/index.php\/produkt\/overeny-geberit-deska-ovladaci-geberit-sigma-70-kartac-115-620-fw-1-2574\/#breadcrumb\",\"itemListElement\":[{\"@type\":\"ListItem\",\"position\":1,\"name\":\"Home\",\"item\":\"https:\/\/www.technodompro.com\/\"},{\"@type\":\"ListItem\",\"position\":2,\"name\":\"Products\",\"item\":\"https:\/\/www.technodompro.com\/index.php\/products\/\"},{\"@type\":\"ListItem\",\"position\":3,\"name\":\"Ov\u011b\u0159en\u00fd Geberit Deska ovl\u00e1dac\u00ed GEBERIT SIGMA 70 kart\u00e1\u010d, 115.620.FW.1\"}]},{\"@type\":\"WebSite\",\"@id\":\"https:\/\/www.technodompro.com\/#website\",\"url\":\"https:\/\/www.technodompro.com\/\",\"name\":\"\",\"description\":\"\",\"potentialAction\":[{\"@type\":\"SearchAction\",\"target\":{\"@type\":\"EntryPoint\",\"urlTemplate\":\"https:\/\/www.technodompro.com\/?s={search_term_string}\"},\"query-input\":{\"@type\":\"PropertyValueSpecification\",\"valueRequired\":true,\"valueName\":\"search_term_string\"}}],\"inLanguage\":\"cs\"}]}<\/script>\n<!-- \/ Yoast SEO plugin. -->","yoast_head_json":{"title":"Ov\u011b\u0159en\u00fd Geberit Deska ovl\u00e1dac\u00ed GEBERIT SIGMA 70 kart\u00e1\u010d, 115.620.FW.1 -","robots":{"index":"index","follow":"follow","max-snippet":"max-snippet:-1","max-image-preview":"max-image-preview:large","max-video-preview":"max-video-preview:-1"},"canonical":"https:\/\/www.technodompro.com\/index.php\/produkt\/overeny-geberit-deska-ovladaci-geberit-sigma-70-kartac-115-620-fw-1-2574\/","og_locale":"cs_CZ","og_type":"article","og_title":"Ov\u011b\u0159en\u00fd Geberit Deska ovl\u00e1dac\u00ed GEBERIT SIGMA 70 kart\u00e1\u010d, 115.620.FW.1 -","og_description":"Popis: Popis Geberit ovl\u00e1dac\u00ed tla\u010d\u00edtko Sigma70 pro 2\u00a0mno\u017estv\u00edsplachov\u00e1n\u00ed, pro splachovac\u00ed n\u00e1dr\u017eku pod om\u00edtku Sigma 12\u00a0cm Materi\u00e1l: Nerezov\u00e1 ocel Povrch\/barva: kart\u00e1\u010dov\u00e1no, povlak easy-to-clean \u00da\u010del pou\u017eit\u00ed: K\u00a0ovl\u00e1d\u00e1n\u00ed splachov\u00e1n\u00ed u\u00a0splachovac\u00edch n\u00e1dr\u017eek pod om\u00edtku Geberit Sigma 12\u00a0cm K\u00a0ovl\u00e1d\u00e1n\u00ed splachov\u00e1n\u00ed s\u00a0velk\u00fdm komfortem ovl\u00e1d\u00e1n\u00ed Nevhodn\u00fd pro ve\u0159ejn\u00fd a polove\u0159ejn\u00fd sektor Vlastnosti: Ovl\u00e1d\u00e1n\u00ed zep\u0159edu Zvedac\u00ed mechanismus s\u00a0n\u00edzkou hlu\u010dnost\u00ed Hydraulick\u00fd servozved\u00e1k pro minim\u00e1ln\u00ed [&hellip;]","og_url":"https:\/\/www.technodompro.com\/index.php\/produkt\/overeny-geberit-deska-ovladaci-geberit-sigma-70-kartac-115-620-fw-1-2574\/","og_image":[{"width":1000,"height":523,"url":"https:\/\/www.technodompro.com\/wp-content\/uploads\/2026\/SK0017856-CZ20260425-091936-0-1777079982-geberit-deska-ovladaci-geberit-sigma-70-kartac-115-620-fw-1.webp","type":"image\/webp"}],"twitter_card":"summary_large_image","twitter_misc":{"Odhadovan\u00e1 doba \u010dten\u00ed":"1 minuta"},"schema":{"@context":"https:\/\/schema.org","@graph":[{"@type":"WebPage","@id":"https:\/\/www.technodompro.com\/index.php\/produkt\/overeny-geberit-deska-ovladaci-geberit-sigma-70-kartac-115-620-fw-1-2574\/","url":"https:\/\/www.technodompro.com\/index.php\/produkt\/overeny-geberit-deska-ovladaci-geberit-sigma-70-kartac-115-620-fw-1-2574\/","name":"Ov\u011b\u0159en\u00fd Geberit Deska ovl\u00e1dac\u00ed GEBERIT SIGMA 70 kart\u00e1\u010d, 115.620.FW.1 -","isPartOf":{"@id":"https:\/\/www.technodompro.com\/#website"},"primaryImageOfPage":{"@id":"https:\/\/www.technodompro.com\/index.php\/produkt\/overeny-geberit-deska-ovladaci-geberit-sigma-70-kartac-115-620-fw-1-2574\/#primaryimage"},"image":{"@id":"https:\/\/www.technodompro.com\/index.php\/produkt\/overeny-geberit-deska-ovladaci-geberit-sigma-70-kartac-115-620-fw-1-2574\/#primaryimage"},"thumbnailUrl":"https:\/\/www.technodompro.com\/wp-content\/uploads\/2026\/SK0017856-CZ20260425-091936-0-1777079982-geberit-deska-ovladaci-geberit-sigma-70-kartac-115-620-fw-1.webp","datePublished":"2026-04-27T04:40:40+00:00","breadcrumb":{"@id":"https:\/\/www.technodompro.com\/index.php\/produkt\/overeny-geberit-deska-ovladaci-geberit-sigma-70-kartac-115-620-fw-1-2574\/#breadcrumb"},"inLanguage":"cs","potentialAction":[{"@type":"ReadAction","target":["https:\/\/www.technodompro.com\/index.php\/produkt\/overeny-geberit-deska-ovladaci-geberit-sigma-70-kartac-115-620-fw-1-2574\/"]}]},{"@type":"ImageObject","inLanguage":"cs","@id":"https:\/\/www.technodompro.com\/index.php\/produkt\/overeny-geberit-deska-ovladaci-geberit-sigma-70-kartac-115-620-fw-1-2574\/#primaryimage","url":"https:\/\/www.technodompro.com\/wp-content\/uploads\/2026\/SK0017856-CZ20260425-091936-0-1777079982-geberit-deska-ovladaci-geberit-sigma-70-kartac-115-620-fw-1.webp","contentUrl":"https:\/\/www.technodompro.com\/wp-content\/uploads\/2026\/SK0017856-CZ20260425-091936-0-1777079982-geberit-deska-ovladaci-geberit-sigma-70-kartac-115-620-fw-1.webp","width":1000,"height":523},{"@type":"BreadcrumbList","@id":"https:\/\/www.technodompro.com\/index.php\/produkt\/overeny-geberit-deska-ovladaci-geberit-sigma-70-kartac-115-620-fw-1-2574\/#breadcrumb","itemListElement":[{"@type":"ListItem","position":1,"name":"Home","item":"https:\/\/www.technodompro.com\/"},{"@type":"ListItem","position":2,"name":"Products","item":"https:\/\/www.technodompro.com\/index.php\/products\/"},{"@type":"ListItem","position":3,"name":"Ov\u011b\u0159en\u00fd Geberit Deska ovl\u00e1dac\u00ed GEBERIT SIGMA 70 kart\u00e1\u010d, 115.620.FW.1"}]},{"@type":"WebSite","@id":"https:\/\/www.technodompro.com\/#website","url":"https:\/\/www.technodompro.com\/","name":"","description":"","potentialAction":[{"@type":"SearchAction","target":{"@type":"EntryPoint","urlTemplate":"https:\/\/www.technodompro.com\/?s={search_term_string}"},"query-input":{"@type":"PropertyValueSpecification","valueRequired":true,"valueName":"search_term_string"}}],"inLanguage":"cs"}]}},"_links":{"self":[{"href":"https:\/\/www.technodompro.com\/index.php\/wp-json\/wp\/v2\/product\/2574","targetHints":{"allow":["GET"]}}],"collection":[{"href":"https:\/\/www.technodompro.com\/index.php\/wp-json\/wp\/v2\/product"}],"about":[{"href":"https:\/\/www.technodompro.com\/index.php\/wp-json\/wp\/v2\/types\/product"}],"replies":[{"embeddable":true,"href":"https:\/\/www.technodompro.com\/index.php\/wp-json\/wp\/v2\/comments?post=2574"}],"wp:featuredmedia":[{"embeddable":true,"href":"https:\/\/www.technodompro.com\/index.php\/wp-json\/wp\/v2\/media\/2674"}],"wp:attachment":[{"href":"https:\/\/www.technodompro.com\/index.php\/wp-json\/wp\/v2\/media?parent=2574"}],"wp:term":[{"taxonomy":"product_brand","embeddable":true,"href":"https:\/\/www.technodompro.com\/index.php\/wp-json\/wp\/v2\/product_brand?post=2574"},{"taxonomy":"product_cat","embeddable":true,"href":"https:\/\/www.technodompro.com\/index.php\/wp-json\/wp\/v2\/product_cat?post=2574"},{"taxonomy":"product_tag","embeddable":true,"href":"https:\/\/www.technodompro.com\/index.php\/wp-json\/wp\/v2\/product_tag?post=2574"}],"curies":[{"name":"wp","href":"https:\/\/api.w.org\/{rel}","templated":true}]}}