{"id":2577,"date":"2026-04-27T04:40:40","date_gmt":"2026-04-27T04:40:40","guid":{"rendered":""},"modified":"2026-04-27T04:40:40","modified_gmt":"2026-04-27T04:40:40","slug":"geberit-ovladaci-tlacitko-sigma01-mosaz-kulata-tlacitka-115-770-dt-5-finalni-vyprodej-2577","status":"publish","type":"product","link":"https:\/\/www.technodompro.com\/index.php\/produkt\/geberit-ovladaci-tlacitko-sigma01-mosaz-kulata-tlacitka-115-770-dt-5-finalni-vyprodej-2577\/","title":{"rendered":"Geberit Ovl\u00e1dac\u00ed tla\u010d\u00edtko Sigma01 mosaz, kulat\u00e1 tla\u010d\u00edtka,  115.770.DT.5 Fin\u00e1ln\u00ed V\u00fdprodej"},"content":{"rendered":"<div class=\"detail-description__right\">\t\t\t\t<\/div>\n<div class=\"detail-description__top\">\t\t\t\t<\/div>\n<div class=\"detail-description__left\">\n<div class=\"detail-description__left__overflow\">\n<div class=\"detail-description__left__head\">\t\t\t\t\t\tPopis:\t\t\t\t\t<\/div>\n<div class=\"ul-style ul-style--check\">\n<p><strong>Ovl\u00e1dac\u00ed tla\u010d\u00edtko\u00a0\u2013 pro 2\u00a0mno\u017estv\u00edsplachov\u00e1n\u00ed<\/strong><\/p>\n<p><strong>Ovl\u00e1dac\u00ed deska s\u00a0kulat\u00fdmi tla\u010d\u00edtky\u00a0Geberit Sigma01<\/strong>slou\u017e\u00ed ke spu\u0161t\u011bn\u00ed splachov\u00e1n\u00ed u\u00a0podom\u00edtkov\u00fdch n\u00e1dr\u017eekGeberit a nab\u00edz\u00ed \u00fasporn\u00fd syst\u00e9m dvou mno\u017estv\u00ed splachov\u00e1n\u00ed. D\u00edkykulat\u00e9mu decentn\u00edmu\u00a0designu se hod\u00ed do ka\u017ed\u00e9\u00a0koupelny.<\/p>\n<p><strong>Vlastnosti<\/strong><\/p>\n<ul class=\"plusminus\">\n<li><i class=\"fas fa-check\"><\/i><span><strong>Dv\u011b mno\u017estv\u00ed splachov\u00e1n\u00ed<\/strong>\u00a0\u2013 \u0161et\u0159\u00ed vodu\ti\u00a0pen\u00edze<\/span><\/li>\n<li><i class=\"fas fa-check\"><\/i><span>Zvukov\u011b izolovan\u00e9 ty\u010dky pro tich\u00e9 a pohodln\u00e9 pou\u017e\u00edv\u00e1n\u00ed.<\/span><\/li>\n<li><i class=\"fas fa-check\"><\/i><span>Rychl\u00e1 mont\u00e1\u017e a nastaven\u00ed bez pot\u0159eby pou\u017eit\u00ed n\u00e1\u0159ad\u00ed.<\/span><\/li>\n<\/ul>\n<p><strong>Obsah balen\u00ed<\/strong><\/p>\n<ul class=\"plusminus\">\n<li><i class=\"fas fa-check\"><\/i><span>Upev\u0148ovac\u00ed r\u00e1me\u010dek<\/span><\/li>\n<li><i class=\"fas fa-check\"><\/i><span>2\u00a0staviteln\u00e9 \u00fachytky<\/span><\/li>\n<li><i class=\"fas fa-check\"><\/i><span>2\u00a0ty\u010dky tla\u010d\u00edtka<\/span><\/li>\n<\/ul>\n<p><strong>Rozm\u011br ovl\u00e1dac\u00ed desky<\/strong><\/p>\n<p><strong>B<\/strong> <strong>H<\/strong> <strong>T<\/strong> 24,6\u00a0cm 16,4\u00a0cm1,3\u00a0cm \u00a0<\/p>\n<p><strong>Technick\u00e9 parametry<\/strong><\/p>\n<p>Max. ovl\u00e1dac\u00ed s\u00edla 20\u00a0N Barva povrchu b\u00edl\u00e1 Materi\u00e1l plast Tvartla\u010d\u00edtka\u00a0kulat\u00fd<\/p>\n<\/div>\n<div class=\"detail-description__left__more\">\t\t\t\t\t\t<span> <\/span><span> <\/span>\t\t\t\t\t<\/div>\n<\/p><\/div>\n<\/p><\/div>\n<div class=\"detail-description__more\"><span> <\/span><span> <\/span><\/div>\n<\/p><\/div>\n<\/p><\/div>\n","protected":false},"excerpt":{"rendered":"<p>Popis: Ovl\u00e1dac\u00ed tla\u010d\u00edtko\u00a0\u2013 pro 2\u00a0mno\u017estv\u00edsplachov\u00e1n\u00ed Ovl\u00e1dac\u00ed deska s\u00a0kulat\u00fdmi tla\u010d\u00edtky\u00a0Geberit Sigma01slou\u017e\u00ed ke spu\u0161t\u011bn\u00ed splachov\u00e1n\u00ed u\u00a0podom\u00edtkov\u00fdch n\u00e1dr\u017eekGeberit a nab\u00edz\u00ed \u00fasporn\u00fd syst\u00e9m dvou mno\u017estv\u00ed splachov\u00e1n\u00ed. D\u00edkykulat\u00e9mu decentn\u00edmu\u00a0designu se hod\u00ed do ka\u017ed\u00e9\u00a0koupelny. Vlastnosti Dv\u011b mno\u017estv\u00ed splachov\u00e1n\u00ed\u00a0\u2013 \u0161et\u0159\u00ed vodu i\u00a0pen\u00edze Zvukov\u011b izolovan\u00e9 ty\u010dky pro tich\u00e9 a pohodln\u00e9 pou\u017e\u00edv\u00e1n\u00ed. Rychl\u00e1 mont\u00e1\u017e a nastaven\u00ed bez pot\u0159eby pou\u017eit\u00ed n\u00e1\u0159ad\u00ed. Obsah balen\u00ed Upev\u0148ovac\u00ed r\u00e1me\u010dek [&hellip;]<\/p>\n","protected":false},"featured_media":2677,"comment_status":"open","ping_status":"open","template":"","meta":[],"product_brand":[],"product_cat":[39],"product_tag":[],"class_list":{"0":"post-2577","1":"product","2":"type-product","3":"status-publish","4":"has-post-thumbnail","6":"product_cat-sanita","8":"first","9":"instock","10":"sale","11":"shipping-taxable","12":"purchasable","13":"product-type-simple"},"yoast_head":"<!-- This site is optimized with the Yoast SEO plugin v26.8 - https:\/\/yoast.com\/product\/yoast-seo-wordpress\/ -->\n<title>Geberit Ovl\u00e1dac\u00ed tla\u010d\u00edtko Sigma01 mosaz, kulat\u00e1 tla\u010d\u00edtka, 115.770.DT.5 Fin\u00e1ln\u00ed V\u00fdprodej -<\/title>\n<meta name=\"robots\" content=\"index, follow, max-snippet:-1, max-image-preview:large, max-video-preview:-1\" \/>\n<link rel=\"canonical\" href=\"https:\/\/www.technodompro.com\/index.php\/produkt\/geberit-ovladaci-tlacitko-sigma01-mosaz-kulata-tlacitka-115-770-dt-5-finalni-vyprodej-2577\/\" \/>\n<meta property=\"og:locale\" content=\"cs_CZ\" \/>\n<meta property=\"og:type\" content=\"article\" \/>\n<meta property=\"og:title\" content=\"Geberit Ovl\u00e1dac\u00ed tla\u010d\u00edtko Sigma01 mosaz, kulat\u00e1 tla\u010d\u00edtka, 115.770.DT.5 Fin\u00e1ln\u00ed V\u00fdprodej -\" \/>\n<meta property=\"og:description\" content=\"Popis: Ovl\u00e1dac\u00ed tla\u010d\u00edtko\u00a0\u2013 pro 2\u00a0mno\u017estv\u00edsplachov\u00e1n\u00ed Ovl\u00e1dac\u00ed deska s\u00a0kulat\u00fdmi tla\u010d\u00edtky\u00a0Geberit Sigma01slou\u017e\u00ed ke spu\u0161t\u011bn\u00ed splachov\u00e1n\u00ed u\u00a0podom\u00edtkov\u00fdch n\u00e1dr\u017eekGeberit a nab\u00edz\u00ed \u00fasporn\u00fd syst\u00e9m dvou mno\u017estv\u00ed splachov\u00e1n\u00ed. D\u00edkykulat\u00e9mu decentn\u00edmu\u00a0designu se hod\u00ed do ka\u017ed\u00e9\u00a0koupelny. Vlastnosti Dv\u011b mno\u017estv\u00ed splachov\u00e1n\u00ed\u00a0\u2013 \u0161et\u0159\u00ed vodu i\u00a0pen\u00edze Zvukov\u011b izolovan\u00e9 ty\u010dky pro tich\u00e9 a pohodln\u00e9 pou\u017e\u00edv\u00e1n\u00ed. Rychl\u00e1 mont\u00e1\u017e a nastaven\u00ed bez pot\u0159eby pou\u017eit\u00ed n\u00e1\u0159ad\u00ed. Obsah balen\u00ed Upev\u0148ovac\u00ed r\u00e1me\u010dek [&hellip;]\" \/>\n<meta property=\"og:url\" content=\"https:\/\/www.technodompro.com\/index.php\/produkt\/geberit-ovladaci-tlacitko-sigma01-mosaz-kulata-tlacitka-115-770-dt-5-finalni-vyprodej-2577\/\" \/>\n<meta property=\"og:image\" content=\"https:\/\/www.technodompro.com\/wp-content\/uploads\/2026\/SK0017859-CZ20260425-091936-0-1777079982-geberit-ovladaci-tlacitko-sigma01-mosaz-kulata-tlacitka-115.webp\" \/>\n\t<meta property=\"og:image:width\" content=\"1000\" \/>\n\t<meta property=\"og:image:height\" content=\"523\" \/>\n\t<meta property=\"og:image:type\" content=\"image\/webp\" \/>\n<meta name=\"twitter:card\" content=\"summary_large_image\" \/>\n<meta name=\"twitter:label1\" content=\"Odhadovan\u00e1 doba \u010dten\u00ed\" \/>\n\t<meta name=\"twitter:data1\" content=\"1 minuta\" \/>\n<script type=\"application\/ld+json\" class=\"yoast-schema-graph\">{\"@context\":\"https:\/\/schema.org\",\"@graph\":[{\"@type\":\"WebPage\",\"@id\":\"https:\/\/www.technodompro.com\/index.php\/produkt\/geberit-ovladaci-tlacitko-sigma01-mosaz-kulata-tlacitka-115-770-dt-5-finalni-vyprodej-2577\/\",\"url\":\"https:\/\/www.technodompro.com\/index.php\/produkt\/geberit-ovladaci-tlacitko-sigma01-mosaz-kulata-tlacitka-115-770-dt-5-finalni-vyprodej-2577\/\",\"name\":\"Geberit Ovl\u00e1dac\u00ed tla\u010d\u00edtko Sigma01 mosaz, kulat\u00e1 tla\u010d\u00edtka, 115.770.DT.5 Fin\u00e1ln\u00ed V\u00fdprodej -\",\"isPartOf\":{\"@id\":\"https:\/\/www.technodompro.com\/#website\"},\"primaryImageOfPage\":{\"@id\":\"https:\/\/www.technodompro.com\/index.php\/produkt\/geberit-ovladaci-tlacitko-sigma01-mosaz-kulata-tlacitka-115-770-dt-5-finalni-vyprodej-2577\/#primaryimage\"},\"image\":{\"@id\":\"https:\/\/www.technodompro.com\/index.php\/produkt\/geberit-ovladaci-tlacitko-sigma01-mosaz-kulata-tlacitka-115-770-dt-5-finalni-vyprodej-2577\/#primaryimage\"},\"thumbnailUrl\":\"https:\/\/www.technodompro.com\/wp-content\/uploads\/2026\/SK0017859-CZ20260425-091936-0-1777079982-geberit-ovladaci-tlacitko-sigma01-mosaz-kulata-tlacitka-115.webp\",\"datePublished\":\"2026-04-27T04:40:40+00:00\",\"breadcrumb\":{\"@id\":\"https:\/\/www.technodompro.com\/index.php\/produkt\/geberit-ovladaci-tlacitko-sigma01-mosaz-kulata-tlacitka-115-770-dt-5-finalni-vyprodej-2577\/#breadcrumb\"},\"inLanguage\":\"cs\",\"potentialAction\":[{\"@type\":\"ReadAction\",\"target\":[\"https:\/\/www.technodompro.com\/index.php\/produkt\/geberit-ovladaci-tlacitko-sigma01-mosaz-kulata-tlacitka-115-770-dt-5-finalni-vyprodej-2577\/\"]}]},{\"@type\":\"ImageObject\",\"inLanguage\":\"cs\",\"@id\":\"https:\/\/www.technodompro.com\/index.php\/produkt\/geberit-ovladaci-tlacitko-sigma01-mosaz-kulata-tlacitka-115-770-dt-5-finalni-vyprodej-2577\/#primaryimage\",\"url\":\"https:\/\/www.technodompro.com\/wp-content\/uploads\/2026\/SK0017859-CZ20260425-091936-0-1777079982-geberit-ovladaci-tlacitko-sigma01-mosaz-kulata-tlacitka-115.webp\",\"contentUrl\":\"https:\/\/www.technodompro.com\/wp-content\/uploads\/2026\/SK0017859-CZ20260425-091936-0-1777079982-geberit-ovladaci-tlacitko-sigma01-mosaz-kulata-tlacitka-115.webp\",\"width\":1000,\"height\":523},{\"@type\":\"BreadcrumbList\",\"@id\":\"https:\/\/www.technodompro.com\/index.php\/produkt\/geberit-ovladaci-tlacitko-sigma01-mosaz-kulata-tlacitka-115-770-dt-5-finalni-vyprodej-2577\/#breadcrumb\",\"itemListElement\":[{\"@type\":\"ListItem\",\"position\":1,\"name\":\"Home\",\"item\":\"https:\/\/www.technodompro.com\/\"},{\"@type\":\"ListItem\",\"position\":2,\"name\":\"Products\",\"item\":\"https:\/\/www.technodompro.com\/index.php\/products\/\"},{\"@type\":\"ListItem\",\"position\":3,\"name\":\"Geberit Ovl\u00e1dac\u00ed tla\u010d\u00edtko Sigma01 mosaz, kulat\u00e1 tla\u010d\u00edtka, 115.770.DT.5 Fin\u00e1ln\u00ed V\u00fdprodej\"}]},{\"@type\":\"WebSite\",\"@id\":\"https:\/\/www.technodompro.com\/#website\",\"url\":\"https:\/\/www.technodompro.com\/\",\"name\":\"\",\"description\":\"\",\"potentialAction\":[{\"@type\":\"SearchAction\",\"target\":{\"@type\":\"EntryPoint\",\"urlTemplate\":\"https:\/\/www.technodompro.com\/?s={search_term_string}\"},\"query-input\":{\"@type\":\"PropertyValueSpecification\",\"valueRequired\":true,\"valueName\":\"search_term_string\"}}],\"inLanguage\":\"cs\"}]}<\/script>\n<!-- \/ Yoast SEO plugin. -->","yoast_head_json":{"title":"Geberit Ovl\u00e1dac\u00ed tla\u010d\u00edtko Sigma01 mosaz, kulat\u00e1 tla\u010d\u00edtka, 115.770.DT.5 Fin\u00e1ln\u00ed V\u00fdprodej -","robots":{"index":"index","follow":"follow","max-snippet":"max-snippet:-1","max-image-preview":"max-image-preview:large","max-video-preview":"max-video-preview:-1"},"canonical":"https:\/\/www.technodompro.com\/index.php\/produkt\/geberit-ovladaci-tlacitko-sigma01-mosaz-kulata-tlacitka-115-770-dt-5-finalni-vyprodej-2577\/","og_locale":"cs_CZ","og_type":"article","og_title":"Geberit Ovl\u00e1dac\u00ed tla\u010d\u00edtko Sigma01 mosaz, kulat\u00e1 tla\u010d\u00edtka, 115.770.DT.5 Fin\u00e1ln\u00ed V\u00fdprodej -","og_description":"Popis: Ovl\u00e1dac\u00ed tla\u010d\u00edtko\u00a0\u2013 pro 2\u00a0mno\u017estv\u00edsplachov\u00e1n\u00ed Ovl\u00e1dac\u00ed deska s\u00a0kulat\u00fdmi tla\u010d\u00edtky\u00a0Geberit Sigma01slou\u017e\u00ed ke spu\u0161t\u011bn\u00ed splachov\u00e1n\u00ed u\u00a0podom\u00edtkov\u00fdch n\u00e1dr\u017eekGeberit a nab\u00edz\u00ed \u00fasporn\u00fd syst\u00e9m dvou mno\u017estv\u00ed splachov\u00e1n\u00ed. D\u00edkykulat\u00e9mu decentn\u00edmu\u00a0designu se hod\u00ed do ka\u017ed\u00e9\u00a0koupelny. Vlastnosti Dv\u011b mno\u017estv\u00ed splachov\u00e1n\u00ed\u00a0\u2013 \u0161et\u0159\u00ed vodu i\u00a0pen\u00edze Zvukov\u011b izolovan\u00e9 ty\u010dky pro tich\u00e9 a pohodln\u00e9 pou\u017e\u00edv\u00e1n\u00ed. Rychl\u00e1 mont\u00e1\u017e a nastaven\u00ed bez pot\u0159eby pou\u017eit\u00ed n\u00e1\u0159ad\u00ed. Obsah balen\u00ed Upev\u0148ovac\u00ed r\u00e1me\u010dek [&hellip;]","og_url":"https:\/\/www.technodompro.com\/index.php\/produkt\/geberit-ovladaci-tlacitko-sigma01-mosaz-kulata-tlacitka-115-770-dt-5-finalni-vyprodej-2577\/","og_image":[{"width":1000,"height":523,"url":"https:\/\/www.technodompro.com\/wp-content\/uploads\/2026\/SK0017859-CZ20260425-091936-0-1777079982-geberit-ovladaci-tlacitko-sigma01-mosaz-kulata-tlacitka-115.webp","type":"image\/webp"}],"twitter_card":"summary_large_image","twitter_misc":{"Odhadovan\u00e1 doba \u010dten\u00ed":"1 minuta"},"schema":{"@context":"https:\/\/schema.org","@graph":[{"@type":"WebPage","@id":"https:\/\/www.technodompro.com\/index.php\/produkt\/geberit-ovladaci-tlacitko-sigma01-mosaz-kulata-tlacitka-115-770-dt-5-finalni-vyprodej-2577\/","url":"https:\/\/www.technodompro.com\/index.php\/produkt\/geberit-ovladaci-tlacitko-sigma01-mosaz-kulata-tlacitka-115-770-dt-5-finalni-vyprodej-2577\/","name":"Geberit Ovl\u00e1dac\u00ed tla\u010d\u00edtko Sigma01 mosaz, kulat\u00e1 tla\u010d\u00edtka, 115.770.DT.5 Fin\u00e1ln\u00ed V\u00fdprodej -","isPartOf":{"@id":"https:\/\/www.technodompro.com\/#website"},"primaryImageOfPage":{"@id":"https:\/\/www.technodompro.com\/index.php\/produkt\/geberit-ovladaci-tlacitko-sigma01-mosaz-kulata-tlacitka-115-770-dt-5-finalni-vyprodej-2577\/#primaryimage"},"image":{"@id":"https:\/\/www.technodompro.com\/index.php\/produkt\/geberit-ovladaci-tlacitko-sigma01-mosaz-kulata-tlacitka-115-770-dt-5-finalni-vyprodej-2577\/#primaryimage"},"thumbnailUrl":"https:\/\/www.technodompro.com\/wp-content\/uploads\/2026\/SK0017859-CZ20260425-091936-0-1777079982-geberit-ovladaci-tlacitko-sigma01-mosaz-kulata-tlacitka-115.webp","datePublished":"2026-04-27T04:40:40+00:00","breadcrumb":{"@id":"https:\/\/www.technodompro.com\/index.php\/produkt\/geberit-ovladaci-tlacitko-sigma01-mosaz-kulata-tlacitka-115-770-dt-5-finalni-vyprodej-2577\/#breadcrumb"},"inLanguage":"cs","potentialAction":[{"@type":"ReadAction","target":["https:\/\/www.technodompro.com\/index.php\/produkt\/geberit-ovladaci-tlacitko-sigma01-mosaz-kulata-tlacitka-115-770-dt-5-finalni-vyprodej-2577\/"]}]},{"@type":"ImageObject","inLanguage":"cs","@id":"https:\/\/www.technodompro.com\/index.php\/produkt\/geberit-ovladaci-tlacitko-sigma01-mosaz-kulata-tlacitka-115-770-dt-5-finalni-vyprodej-2577\/#primaryimage","url":"https:\/\/www.technodompro.com\/wp-content\/uploads\/2026\/SK0017859-CZ20260425-091936-0-1777079982-geberit-ovladaci-tlacitko-sigma01-mosaz-kulata-tlacitka-115.webp","contentUrl":"https:\/\/www.technodompro.com\/wp-content\/uploads\/2026\/SK0017859-CZ20260425-091936-0-1777079982-geberit-ovladaci-tlacitko-sigma01-mosaz-kulata-tlacitka-115.webp","width":1000,"height":523},{"@type":"BreadcrumbList","@id":"https:\/\/www.technodompro.com\/index.php\/produkt\/geberit-ovladaci-tlacitko-sigma01-mosaz-kulata-tlacitka-115-770-dt-5-finalni-vyprodej-2577\/#breadcrumb","itemListElement":[{"@type":"ListItem","position":1,"name":"Home","item":"https:\/\/www.technodompro.com\/"},{"@type":"ListItem","position":2,"name":"Products","item":"https:\/\/www.technodompro.com\/index.php\/products\/"},{"@type":"ListItem","position":3,"name":"Geberit Ovl\u00e1dac\u00ed tla\u010d\u00edtko Sigma01 mosaz, kulat\u00e1 tla\u010d\u00edtka, 115.770.DT.5 Fin\u00e1ln\u00ed V\u00fdprodej"}]},{"@type":"WebSite","@id":"https:\/\/www.technodompro.com\/#website","url":"https:\/\/www.technodompro.com\/","name":"","description":"","potentialAction":[{"@type":"SearchAction","target":{"@type":"EntryPoint","urlTemplate":"https:\/\/www.technodompro.com\/?s={search_term_string}"},"query-input":{"@type":"PropertyValueSpecification","valueRequired":true,"valueName":"search_term_string"}}],"inLanguage":"cs"}]}},"_links":{"self":[{"href":"https:\/\/www.technodompro.com\/index.php\/wp-json\/wp\/v2\/product\/2577","targetHints":{"allow":["GET"]}}],"collection":[{"href":"https:\/\/www.technodompro.com\/index.php\/wp-json\/wp\/v2\/product"}],"about":[{"href":"https:\/\/www.technodompro.com\/index.php\/wp-json\/wp\/v2\/types\/product"}],"replies":[{"embeddable":true,"href":"https:\/\/www.technodompro.com\/index.php\/wp-json\/wp\/v2\/comments?post=2577"}],"wp:featuredmedia":[{"embeddable":true,"href":"https:\/\/www.technodompro.com\/index.php\/wp-json\/wp\/v2\/media\/2677"}],"wp:attachment":[{"href":"https:\/\/www.technodompro.com\/index.php\/wp-json\/wp\/v2\/media?parent=2577"}],"wp:term":[{"taxonomy":"product_brand","embeddable":true,"href":"https:\/\/www.technodompro.com\/index.php\/wp-json\/wp\/v2\/product_brand?post=2577"},{"taxonomy":"product_cat","embeddable":true,"href":"https:\/\/www.technodompro.com\/index.php\/wp-json\/wp\/v2\/product_cat?post=2577"},{"taxonomy":"product_tag","embeddable":true,"href":"https:\/\/www.technodompro.com\/index.php\/wp-json\/wp\/v2\/product_tag?post=2577"}],"curies":[{"name":"wp","href":"https:\/\/api.w.org\/{rel}","templated":true}]}}