{"id":26493,"date":"2026-04-27T04:41:38","date_gmt":"2026-04-27T04:41:38","guid":{"rendered":""},"modified":"2026-04-27T04:41:38","modified_gmt":"2026-04-27T04:41:38","slug":"rems-lisovaci-kleste-power-press-mini-th-25-sezonni-sleva-26493","status":"publish","type":"product","link":"https:\/\/www.technodompro.com\/index.php\/produkt\/rems-lisovaci-kleste-power-press-mini-th-25-sezonni-sleva-26493\/","title":{"rendered":"REMS lisovac\u00ed kle\u0161t\u011b Power Press Mini TH 25 Sez\u00f3nn\u00ed Sleva"},"content":{"rendered":"<div id=\"e331833\" class=\"pages\">\n<div>\n<div id=\"PDDescription\" class=\"UserContentView userContent v1a v1 bs-view dcon dc164 PDDescription\" ><dc-con><dc-con><bs-empty><\/bs-empty><\/dc-con><dc-con>        <\/p>\n<div class=\"customDescription\">\n<p><span style=\"color: #ff0000;\"><strong>Na tento produkt po\u017eadujeme nevratnou z\u00e1lohu ve v\u00fd\u0161i 50%.<\/strong><\/span><\/p>\n<\/p><\/div>\n<p><\/dc-con><dc-con><\/p>\n<p><strong>REMS lisovac\u00ed kle\u0161t\u011b Power Press TH 20<br \/><\/strong>Lisovac\u00ed kle\u0161t\u011b pro syst\u00e9m TH<\/p>\n<p>Vysoce zat\u00ed\u017eiteln\u00e9 lisovac\u00ed kle\u0161t\u011b REMS z kovan\u00e9\u00a0speci\u00e1ln\u00ed oceli.<\/p>\n<p style=\"text-align: justify;\">Spr\u00e1vn\u00fd v\u00fdb\u011br materi\u00e1lu, p\u0159esn\u00e9 opracov\u00e1n\u00ed a speci\u00e1ln\u00ed tepeln\u00e9 zpracov\u00e1n\u00ed jsou rozhoduj\u00edc\u00ed pro dlouhotrvaj\u00edc\u00ed a bezpe\u010dnou funkci lisovac\u00edch kle\u0161t\u00ed REMS. B\u011bhem procesu lisov\u00e1n\u00ed mohou na lisovac\u00edch kle\u0161t\u00edch vzniknout pot\u0159ebn\u00e9 lisovac\u00ed\u00a0 s\u00edly a\u017e 100 kN (10 t), kter\u00e9 mus\u00ed b\u00fdt bezpe\u010dn\u011b lisovac\u00edmi kle\u0161t\u011bmi pojmuty. Lisovac\u00ed kle\u0161t\u011b REMS jsou proto vyrobeny z kovan\u00e9 a zvl\u00e1\u0161t\u011b kalen\u00e9 speci\u00e1ln\u00ed oceli o vysok\u00e9 pevnosti. P\u0159\u00edslu\u0161n\u00fd, syst\u00e9mu odpov\u00eddaj\u00edc\u00ed lisovac\u00ed obrys je spolu s pot\u0159ebn\u00fdm vn\u011bj\u0161\u00edm opracov\u00e1n\u00edm lisovac\u00edch kle\u0161t\u00ed a s ozna\u010den\u00edm lisovac\u00edho obrysu a velikosti trubky velmi precizn\u011b vyroben v CNC-obr\u00e1b\u011bc\u00edch centrech a strojn\u011b exaktn\u011b zaoblen.\u00a0 D\u00edky speci\u00e1ln\u00edmu tepeln\u00e9mu o\u0161et\u0159en\u00ed lisovac\u00edch kle\u0161t\u00ed ve vlastn\u00ed kal\u00edrn\u011b je dosa\u017eeno\u00a0ide\u00e1ln\u00ed kombinace pevnosti a hou\u017eevnatosti. Tento v\u00fdrobn\u00ed proces zaru\u010duje, \u017ee je vytvo\u0159en\u00fd\u00a0lisovac\u00ed obrys spr\u00e1vn\u011b a s dlouhou \u017eivotnost\u00ed p\u0159enesen na lisovan\u00e9 spojen\u00ed.Na z\u00e1klad\u011b tohoto vysok\u00e9ho standardu kvality jsou lisovac\u00edmi kle\u0161t\u011bmi REMS po cel\u00e9m sv\u011bt\u011b mnohomilionkr\u00e1t vytv\u00e1\u0159ena bezvadn\u00e1, syst\u00e9mu odpov\u00eddaj\u00edc\u00ed, bezpe\u010dn\u00e1 lisovan\u00e1 spojen\u00ed.<\/p>\n<p><\/dc-con><\/dc-con><\/div>\n<\/p><\/div>\n<div id=\"PDTable3\" class=\"ProductDetailTableView v3a v3 bs-view dcon dc185 PDTable3\" >\n<table>\n<thead><\/thead>\n<tbody>\n<tr class=\"attribute attr_bsshop_maker\">\n<td class=\"caption\">V\u00fdrobce<\/td>\n<td class=\"value\">Rems<\/td>\n<\/tr>\n<tr class=\"weight\">\n<td class=\"caption\"><span>Hmotnost<\/span><\/td>\n<td class=\"value\"><span>1,30 kg<\/span><\/td>\n<\/tr>\n<\/tbody>\n<\/table>\n<\/div>\n<\/div>\n<div id=\"e331834\" class=\"tabs\">\n","protected":false},"excerpt":{"rendered":"<p>Na tento produkt po\u017eadujeme nevratnou z\u00e1lohu ve v\u00fd\u0161i 50%. REMS lisovac\u00ed kle\u0161t\u011b Power Press TH 20Lisovac\u00ed kle\u0161t\u011b pro syst\u00e9m TH Vysoce zat\u00ed\u017eiteln\u00e9 lisovac\u00ed kle\u0161t\u011b REMS z kovan\u00e9\u00a0speci\u00e1ln\u00ed oceli. Spr\u00e1vn\u00fd v\u00fdb\u011br materi\u00e1lu, p\u0159esn\u00e9 opracov\u00e1n\u00ed a speci\u00e1ln\u00ed tepeln\u00e9 zpracov\u00e1n\u00ed jsou rozhoduj\u00edc\u00ed pro dlouhotrvaj\u00edc\u00ed a bezpe\u010dnou funkci lisovac\u00edch kle\u0161t\u00ed REMS. B\u011bhem procesu lisov\u00e1n\u00ed mohou na lisovac\u00edch kle\u0161t\u00edch vzniknout [&hellip;]<\/p>\n","protected":false},"featured_media":26593,"comment_status":"open","ping_status":"open","template":"","meta":[],"product_brand":[],"product_cat":[89],"product_tag":[],"class_list":{"0":"post-26493","1":"product","2":"type-product","3":"status-publish","4":"has-post-thumbnail","6":"product_cat-rucn-237-n-225-rad-237-a-d-237-lna","8":"first","9":"instock","10":"sale","11":"shipping-taxable","12":"purchasable","13":"product-type-simple"},"yoast_head":"<!-- This site is optimized with the Yoast SEO plugin v26.8 - https:\/\/yoast.com\/product\/yoast-seo-wordpress\/ -->\n<title>REMS lisovac\u00ed kle\u0161t\u011b Power Press Mini TH 25 Sez\u00f3nn\u00ed Sleva -<\/title>\n<meta name=\"robots\" content=\"index, follow, max-snippet:-1, max-image-preview:large, max-video-preview:-1\" \/>\n<link rel=\"canonical\" href=\"https:\/\/www.technodompro.com\/index.php\/produkt\/rems-lisovaci-kleste-power-press-mini-th-25-sezonni-sleva-26493\/\" \/>\n<meta property=\"og:locale\" content=\"cs_CZ\" \/>\n<meta property=\"og:type\" content=\"article\" \/>\n<meta property=\"og:title\" content=\"REMS lisovac\u00ed kle\u0161t\u011b Power Press Mini TH 25 Sez\u00f3nn\u00ed Sleva -\" \/>\n<meta property=\"og:description\" content=\"Na tento produkt po\u017eadujeme nevratnou z\u00e1lohu ve v\u00fd\u0161i 50%. REMS lisovac\u00ed kle\u0161t\u011b Power Press TH 20Lisovac\u00ed kle\u0161t\u011b pro syst\u00e9m TH Vysoce zat\u00ed\u017eiteln\u00e9 lisovac\u00ed kle\u0161t\u011b REMS z kovan\u00e9\u00a0speci\u00e1ln\u00ed oceli. Spr\u00e1vn\u00fd v\u00fdb\u011br materi\u00e1lu, p\u0159esn\u00e9 opracov\u00e1n\u00ed a speci\u00e1ln\u00ed tepeln\u00e9 zpracov\u00e1n\u00ed jsou rozhoduj\u00edc\u00ed pro dlouhotrvaj\u00edc\u00ed a bezpe\u010dnou funkci lisovac\u00edch kle\u0161t\u00ed REMS. B\u011bhem procesu lisov\u00e1n\u00ed mohou na lisovac\u00edch kle\u0161t\u00edch vzniknout [&hellip;]\" \/>\n<meta property=\"og:url\" content=\"https:\/\/www.technodompro.com\/index.php\/produkt\/rems-lisovaci-kleste-power-press-mini-th-25-sezonni-sleva-26493\/\" \/>\n<meta property=\"og:image\" content=\"https:\/\/www.technodompro.com\/wp-content\/uploads\/2026\/SK0012641-CZ20260425-093449-0-1777080895-rems-lisovaci-kleste-power-press-mini-th-25.webp\" \/>\n\t<meta property=\"og:image:width\" content=\"1000\" \/>\n\t<meta property=\"og:image:height\" content=\"525\" \/>\n\t<meta property=\"og:image:type\" content=\"image\/webp\" \/>\n<meta name=\"twitter:card\" content=\"summary_large_image\" \/>\n<meta name=\"twitter:label1\" content=\"Odhadovan\u00e1 doba \u010dten\u00ed\" \/>\n\t<meta name=\"twitter:data1\" content=\"1 minuta\" \/>\n<script type=\"application\/ld+json\" class=\"yoast-schema-graph\">{\"@context\":\"https:\/\/schema.org\",\"@graph\":[{\"@type\":\"WebPage\",\"@id\":\"https:\/\/www.technodompro.com\/index.php\/produkt\/rems-lisovaci-kleste-power-press-mini-th-25-sezonni-sleva-26493\/\",\"url\":\"https:\/\/www.technodompro.com\/index.php\/produkt\/rems-lisovaci-kleste-power-press-mini-th-25-sezonni-sleva-26493\/\",\"name\":\"REMS lisovac\u00ed kle\u0161t\u011b Power Press Mini TH 25 Sez\u00f3nn\u00ed Sleva -\",\"isPartOf\":{\"@id\":\"https:\/\/www.technodompro.com\/#website\"},\"primaryImageOfPage\":{\"@id\":\"https:\/\/www.technodompro.com\/index.php\/produkt\/rems-lisovaci-kleste-power-press-mini-th-25-sezonni-sleva-26493\/#primaryimage\"},\"image\":{\"@id\":\"https:\/\/www.technodompro.com\/index.php\/produkt\/rems-lisovaci-kleste-power-press-mini-th-25-sezonni-sleva-26493\/#primaryimage\"},\"thumbnailUrl\":\"https:\/\/www.technodompro.com\/wp-content\/uploads\/2026\/SK0012641-CZ20260425-093449-0-1777080895-rems-lisovaci-kleste-power-press-mini-th-25.webp\",\"datePublished\":\"2026-04-27T04:41:38+00:00\",\"breadcrumb\":{\"@id\":\"https:\/\/www.technodompro.com\/index.php\/produkt\/rems-lisovaci-kleste-power-press-mini-th-25-sezonni-sleva-26493\/#breadcrumb\"},\"inLanguage\":\"cs\",\"potentialAction\":[{\"@type\":\"ReadAction\",\"target\":[\"https:\/\/www.technodompro.com\/index.php\/produkt\/rems-lisovaci-kleste-power-press-mini-th-25-sezonni-sleva-26493\/\"]}]},{\"@type\":\"ImageObject\",\"inLanguage\":\"cs\",\"@id\":\"https:\/\/www.technodompro.com\/index.php\/produkt\/rems-lisovaci-kleste-power-press-mini-th-25-sezonni-sleva-26493\/#primaryimage\",\"url\":\"https:\/\/www.technodompro.com\/wp-content\/uploads\/2026\/SK0012641-CZ20260425-093449-0-1777080895-rems-lisovaci-kleste-power-press-mini-th-25.webp\",\"contentUrl\":\"https:\/\/www.technodompro.com\/wp-content\/uploads\/2026\/SK0012641-CZ20260425-093449-0-1777080895-rems-lisovaci-kleste-power-press-mini-th-25.webp\",\"width\":1000,\"height\":525},{\"@type\":\"BreadcrumbList\",\"@id\":\"https:\/\/www.technodompro.com\/index.php\/produkt\/rems-lisovaci-kleste-power-press-mini-th-25-sezonni-sleva-26493\/#breadcrumb\",\"itemListElement\":[{\"@type\":\"ListItem\",\"position\":1,\"name\":\"Home\",\"item\":\"https:\/\/www.technodompro.com\/\"},{\"@type\":\"ListItem\",\"position\":2,\"name\":\"Products\",\"item\":\"https:\/\/www.technodompro.com\/index.php\/products\/\"},{\"@type\":\"ListItem\",\"position\":3,\"name\":\"REMS lisovac\u00ed kle\u0161t\u011b Power Press Mini TH 25 Sez\u00f3nn\u00ed Sleva\"}]},{\"@type\":\"WebSite\",\"@id\":\"https:\/\/www.technodompro.com\/#website\",\"url\":\"https:\/\/www.technodompro.com\/\",\"name\":\"\",\"description\":\"\",\"potentialAction\":[{\"@type\":\"SearchAction\",\"target\":{\"@type\":\"EntryPoint\",\"urlTemplate\":\"https:\/\/www.technodompro.com\/?s={search_term_string}\"},\"query-input\":{\"@type\":\"PropertyValueSpecification\",\"valueRequired\":true,\"valueName\":\"search_term_string\"}}],\"inLanguage\":\"cs\"}]}<\/script>\n<!-- \/ Yoast SEO plugin. -->","yoast_head_json":{"title":"REMS lisovac\u00ed kle\u0161t\u011b Power Press Mini TH 25 Sez\u00f3nn\u00ed Sleva -","robots":{"index":"index","follow":"follow","max-snippet":"max-snippet:-1","max-image-preview":"max-image-preview:large","max-video-preview":"max-video-preview:-1"},"canonical":"https:\/\/www.technodompro.com\/index.php\/produkt\/rems-lisovaci-kleste-power-press-mini-th-25-sezonni-sleva-26493\/","og_locale":"cs_CZ","og_type":"article","og_title":"REMS lisovac\u00ed kle\u0161t\u011b Power Press Mini TH 25 Sez\u00f3nn\u00ed Sleva -","og_description":"Na tento produkt po\u017eadujeme nevratnou z\u00e1lohu ve v\u00fd\u0161i 50%. REMS lisovac\u00ed kle\u0161t\u011b Power Press TH 20Lisovac\u00ed kle\u0161t\u011b pro syst\u00e9m TH Vysoce zat\u00ed\u017eiteln\u00e9 lisovac\u00ed kle\u0161t\u011b REMS z kovan\u00e9\u00a0speci\u00e1ln\u00ed oceli. Spr\u00e1vn\u00fd v\u00fdb\u011br materi\u00e1lu, p\u0159esn\u00e9 opracov\u00e1n\u00ed a speci\u00e1ln\u00ed tepeln\u00e9 zpracov\u00e1n\u00ed jsou rozhoduj\u00edc\u00ed pro dlouhotrvaj\u00edc\u00ed a bezpe\u010dnou funkci lisovac\u00edch kle\u0161t\u00ed REMS. B\u011bhem procesu lisov\u00e1n\u00ed mohou na lisovac\u00edch kle\u0161t\u00edch vzniknout [&hellip;]","og_url":"https:\/\/www.technodompro.com\/index.php\/produkt\/rems-lisovaci-kleste-power-press-mini-th-25-sezonni-sleva-26493\/","og_image":[{"width":1000,"height":525,"url":"https:\/\/www.technodompro.com\/wp-content\/uploads\/2026\/SK0012641-CZ20260425-093449-0-1777080895-rems-lisovaci-kleste-power-press-mini-th-25.webp","type":"image\/webp"}],"twitter_card":"summary_large_image","twitter_misc":{"Odhadovan\u00e1 doba \u010dten\u00ed":"1 minuta"},"schema":{"@context":"https:\/\/schema.org","@graph":[{"@type":"WebPage","@id":"https:\/\/www.technodompro.com\/index.php\/produkt\/rems-lisovaci-kleste-power-press-mini-th-25-sezonni-sleva-26493\/","url":"https:\/\/www.technodompro.com\/index.php\/produkt\/rems-lisovaci-kleste-power-press-mini-th-25-sezonni-sleva-26493\/","name":"REMS lisovac\u00ed kle\u0161t\u011b Power Press Mini TH 25 Sez\u00f3nn\u00ed Sleva -","isPartOf":{"@id":"https:\/\/www.technodompro.com\/#website"},"primaryImageOfPage":{"@id":"https:\/\/www.technodompro.com\/index.php\/produkt\/rems-lisovaci-kleste-power-press-mini-th-25-sezonni-sleva-26493\/#primaryimage"},"image":{"@id":"https:\/\/www.technodompro.com\/index.php\/produkt\/rems-lisovaci-kleste-power-press-mini-th-25-sezonni-sleva-26493\/#primaryimage"},"thumbnailUrl":"https:\/\/www.technodompro.com\/wp-content\/uploads\/2026\/SK0012641-CZ20260425-093449-0-1777080895-rems-lisovaci-kleste-power-press-mini-th-25.webp","datePublished":"2026-04-27T04:41:38+00:00","breadcrumb":{"@id":"https:\/\/www.technodompro.com\/index.php\/produkt\/rems-lisovaci-kleste-power-press-mini-th-25-sezonni-sleva-26493\/#breadcrumb"},"inLanguage":"cs","potentialAction":[{"@type":"ReadAction","target":["https:\/\/www.technodompro.com\/index.php\/produkt\/rems-lisovaci-kleste-power-press-mini-th-25-sezonni-sleva-26493\/"]}]},{"@type":"ImageObject","inLanguage":"cs","@id":"https:\/\/www.technodompro.com\/index.php\/produkt\/rems-lisovaci-kleste-power-press-mini-th-25-sezonni-sleva-26493\/#primaryimage","url":"https:\/\/www.technodompro.com\/wp-content\/uploads\/2026\/SK0012641-CZ20260425-093449-0-1777080895-rems-lisovaci-kleste-power-press-mini-th-25.webp","contentUrl":"https:\/\/www.technodompro.com\/wp-content\/uploads\/2026\/SK0012641-CZ20260425-093449-0-1777080895-rems-lisovaci-kleste-power-press-mini-th-25.webp","width":1000,"height":525},{"@type":"BreadcrumbList","@id":"https:\/\/www.technodompro.com\/index.php\/produkt\/rems-lisovaci-kleste-power-press-mini-th-25-sezonni-sleva-26493\/#breadcrumb","itemListElement":[{"@type":"ListItem","position":1,"name":"Home","item":"https:\/\/www.technodompro.com\/"},{"@type":"ListItem","position":2,"name":"Products","item":"https:\/\/www.technodompro.com\/index.php\/products\/"},{"@type":"ListItem","position":3,"name":"REMS lisovac\u00ed kle\u0161t\u011b Power Press Mini TH 25 Sez\u00f3nn\u00ed Sleva"}]},{"@type":"WebSite","@id":"https:\/\/www.technodompro.com\/#website","url":"https:\/\/www.technodompro.com\/","name":"","description":"","potentialAction":[{"@type":"SearchAction","target":{"@type":"EntryPoint","urlTemplate":"https:\/\/www.technodompro.com\/?s={search_term_string}"},"query-input":{"@type":"PropertyValueSpecification","valueRequired":true,"valueName":"search_term_string"}}],"inLanguage":"cs"}]}},"_links":{"self":[{"href":"https:\/\/www.technodompro.com\/index.php\/wp-json\/wp\/v2\/product\/26493","targetHints":{"allow":["GET"]}}],"collection":[{"href":"https:\/\/www.technodompro.com\/index.php\/wp-json\/wp\/v2\/product"}],"about":[{"href":"https:\/\/www.technodompro.com\/index.php\/wp-json\/wp\/v2\/types\/product"}],"replies":[{"embeddable":true,"href":"https:\/\/www.technodompro.com\/index.php\/wp-json\/wp\/v2\/comments?post=26493"}],"wp:featuredmedia":[{"embeddable":true,"href":"https:\/\/www.technodompro.com\/index.php\/wp-json\/wp\/v2\/media\/26593"}],"wp:attachment":[{"href":"https:\/\/www.technodompro.com\/index.php\/wp-json\/wp\/v2\/media?parent=26493"}],"wp:term":[{"taxonomy":"product_brand","embeddable":true,"href":"https:\/\/www.technodompro.com\/index.php\/wp-json\/wp\/v2\/product_brand?post=26493"},{"taxonomy":"product_cat","embeddable":true,"href":"https:\/\/www.technodompro.com\/index.php\/wp-json\/wp\/v2\/product_cat?post=26493"},{"taxonomy":"product_tag","embeddable":true,"href":"https:\/\/www.technodompro.com\/index.php\/wp-json\/wp\/v2\/product_tag?post=26493"}],"curies":[{"name":"wp","href":"https:\/\/api.w.org\/{rel}","templated":true}]}}