{"id":26581,"date":"2026-04-27T04:41:38","date_gmt":"2026-04-27T04:41:38","guid":{"rendered":""},"modified":"2026-04-27T04:41:38","modified_gmt":"2026-04-27T04:41:38","slug":"znackovy-novaservis-sprchova-souprava-ke-sprchove-baterii-s-hornim-vyvodem-eco-set068-0-26581","status":"publish","type":"product","link":"https:\/\/www.technodompro.com\/index.php\/produkt\/znackovy-novaservis-sprchova-souprava-ke-sprchove-baterii-s-hornim-vyvodem-eco-set068-0-26581\/","title":{"rendered":"Zna\u010dkov\u00fd NOVASERVIS Sprchov\u00e1 souprava ke sprchov\u00e9 baterii s horn\u00edm v\u00fdvodem  ECO &#8211; SET068,0"},"content":{"rendered":"<div id=\"e417491\" class=\"pages\">\n<div>\n<div id=\"PDDescription\" class=\"UserContentView userContent v1a v1 bs-view dcon dc164 PDDescription\" ><dc-con><dc-con><bs-empty><\/bs-empty><\/dc-con><dc-con>        <\/p>\n<div class=\"customDescription\">                    <\/div>\n<p><\/dc-con><dc-con>Prvot\u0159\u00eddn\u00ed chromov\u00e9 proveden\u00ed. Set je vhodn\u00fd pro p\u0159ipojen\u00ed k vodovodn\u00ed baterii s horn\u00edm v\u00fdvodem. Sou\u010d\u00e1st\u00ed balen\u00ed je hadice 150 cm,\u00a0hlavov\u00e1 sprcha s\u00a0pr\u016fm\u011brem 230 mm a 3-polohov\u00e1 ru\u010dn\u00ed sprcha. V\u00fd\u0161ka setu je 1015 &#8211; 1205 mm. Umo\u017e\u0148uje nastavit odch\u00fdlen\u00ed horn\u00edho \u00fachytu od st\u011bny v rozmez\u00ed 50 &#8211; 80 mm.<br \/>Sou\u010d\u00e1st setu je RU\/776,0 , RUP\/SET068,0 <\/dc-con><\/dc-con><\/div>\n<\/p><\/div>\n<div id=\"PDTable3\" class=\"ProductDetailTableView v3a v3 bs-view dcon dc185 PDTable3\" >\n<table>\n<thead><\/thead>\n<tbody>\n<tr class=\"attribute attr_bsshop_maker\">\n<td class=\"caption\">V\u00fdrobce<\/td>\n<td class=\"value\">Novaservis<\/td>\n<\/tr>\n<tr class=\"weight\">\n<td class=\"caption\"><span>Hmotnost<\/span><\/td>\n<td class=\"value\"><span>3,75 kg<\/span><\/td>\n<\/tr>\n<\/tbody>\n<\/table>\n<\/div>\n<div id=\"ProductMedia\" class=\"ProductMediaView MediaViewBase v1a v1 bs-view dcon dc409 ProductMedia\" ><bs-empty><\/bs-empty><\/p>\n<div class=\"files\">\n<div class=\"title sub\">Soubory<\/div>\n<p><a href=\"\/media\/6818\/set-068.jpg?&amp;key=ZGpmIyQwNUZfNjgxOA==\" class=\"jpg\">set_068.jpg<\/a><\/div>\n<p><bs-empty><\/bs-empty><\/div>\n<div id=\"PdProductGpsr\" class=\"ProductGpsrView v1a v1 bs-view dcon dc217 PdProductGpsr\" >\n<div class=\"subject\"><dc-root class=\"dcon dc219\"><span class=\"title\">Zodpov\u011bdn&#253; subjekt:<\/span><dc-con><dc-con><span class=\"company\">NOVASERVIS spol. s r.o.<\/span><span class=\"name\">Novaservis<\/span><\/dc-con><dc-con><span class=\"street\">Dru\u017estevn&#237; 5<\/span><span class=\"city\">Znojmo<\/span><span class=\"zip\">669 02<\/span><span class=\"country\">\u010cesko<\/span><\/dc-con><span class=\"email\">shop@novaservis.cz<\/span><span class=\"phone\">515 282 111 <\/span><bs-empty><\/bs-empty><a href=\"https:\/\/www.novaservis.cz\/kontakt\/\" class=\"link\" target=\"_blank\">https:\/\/www.novaservis.cz\/kontakt\/<\/a><\/dc-con><bs-empty><\/bs-empty><\/dc-root><\/div>\n<p><bs-empty><\/bs-empty><\/div>\n<\/div>\n<div id=\"e417492\" class=\"tabs\">\n","protected":false},"excerpt":{"rendered":"<p>Prvot\u0159\u00eddn\u00ed chromov\u00e9 proveden\u00ed. Set je vhodn\u00fd pro p\u0159ipojen\u00ed k vodovodn\u00ed baterii s horn\u00edm v\u00fdvodem. Sou\u010d\u00e1st\u00ed balen\u00ed je hadice 150 cm,\u00a0hlavov\u00e1 sprcha s\u00a0pr\u016fm\u011brem 230 mm a 3-polohov\u00e1 ru\u010dn\u00ed sprcha. V\u00fd\u0161ka setu je 1015 &#8211; 1205 mm. Umo\u017e\u0148uje nastavit odch\u00fdlen\u00ed horn\u00edho \u00fachytu od st\u011bny v rozmez\u00ed 50 &#8211; 80 mm.Sou\u010d\u00e1st setu je RU\/776,0 , RUP\/SET068,0 V\u00fdrobce Novaservis [&hellip;]<\/p>\n","protected":false},"featured_media":26681,"comment_status":"open","ping_status":"open","template":"","meta":[],"product_brand":[],"product_cat":[88],"product_tag":[],"class_list":{"0":"post-26581","1":"product","2":"type-product","3":"status-publish","4":"has-post-thumbnail","6":"product_cat-vybaven-237-koupelny","8":"first","9":"instock","10":"sale","11":"shipping-taxable","12":"purchasable","13":"product-type-simple"},"yoast_head":"<!-- This site is optimized with the Yoast SEO plugin v26.8 - https:\/\/yoast.com\/product\/yoast-seo-wordpress\/ -->\n<title>Zna\u010dkov\u00fd NOVASERVIS Sprchov\u00e1 souprava ke sprchov\u00e9 baterii s horn\u00edm v\u00fdvodem ECO - SET068,0 -<\/title>\n<meta name=\"robots\" content=\"index, follow, max-snippet:-1, max-image-preview:large, max-video-preview:-1\" \/>\n<link rel=\"canonical\" href=\"https:\/\/www.technodompro.com\/index.php\/produkt\/znackovy-novaservis-sprchova-souprava-ke-sprchove-baterii-s-hornim-vyvodem-eco-set068-0-26581\/\" \/>\n<meta property=\"og:locale\" content=\"cs_CZ\" \/>\n<meta property=\"og:type\" content=\"article\" \/>\n<meta property=\"og:title\" content=\"Zna\u010dkov\u00fd NOVASERVIS Sprchov\u00e1 souprava ke sprchov\u00e9 baterii s horn\u00edm v\u00fdvodem ECO - SET068,0 -\" \/>\n<meta property=\"og:description\" content=\"Prvot\u0159\u00eddn\u00ed chromov\u00e9 proveden\u00ed. Set je vhodn\u00fd pro p\u0159ipojen\u00ed k vodovodn\u00ed baterii s horn\u00edm v\u00fdvodem. Sou\u010d\u00e1st\u00ed balen\u00ed je hadice 150 cm,\u00a0hlavov\u00e1 sprcha s\u00a0pr\u016fm\u011brem 230 mm a 3-polohov\u00e1 ru\u010dn\u00ed sprcha. V\u00fd\u0161ka setu je 1015 &#8211; 1205 mm. Umo\u017e\u0148uje nastavit odch\u00fdlen\u00ed horn\u00edho \u00fachytu od st\u011bny v rozmez\u00ed 50 &#8211; 80 mm.Sou\u010d\u00e1st setu je RU\/776,0 , RUP\/SET068,0 V\u00fdrobce Novaservis [&hellip;]\" \/>\n<meta property=\"og:url\" content=\"https:\/\/www.technodompro.com\/index.php\/produkt\/znackovy-novaservis-sprchova-souprava-ke-sprchove-baterii-s-hornim-vyvodem-eco-set068-0-26581\/\" \/>\n<meta property=\"og:image\" content=\"https:\/\/www.technodompro.com\/wp-content\/uploads\/2026\/SK0012736-CZ20260425-093449-0-1777080895-novaservis-sprchova-souprava-ke-sprchove-baterii-s-hornim-v.webp\" \/>\n\t<meta property=\"og:image:width\" content=\"1000\" \/>\n\t<meta property=\"og:image:height\" content=\"525\" \/>\n\t<meta property=\"og:image:type\" content=\"image\/webp\" \/>\n<meta name=\"twitter:card\" content=\"summary_large_image\" \/>\n<script type=\"application\/ld+json\" class=\"yoast-schema-graph\">{\"@context\":\"https:\/\/schema.org\",\"@graph\":[{\"@type\":\"WebPage\",\"@id\":\"https:\/\/www.technodompro.com\/index.php\/produkt\/znackovy-novaservis-sprchova-souprava-ke-sprchove-baterii-s-hornim-vyvodem-eco-set068-0-26581\/\",\"url\":\"https:\/\/www.technodompro.com\/index.php\/produkt\/znackovy-novaservis-sprchova-souprava-ke-sprchove-baterii-s-hornim-vyvodem-eco-set068-0-26581\/\",\"name\":\"Zna\u010dkov\u00fd NOVASERVIS Sprchov\u00e1 souprava ke sprchov\u00e9 baterii s horn\u00edm v\u00fdvodem ECO - SET068,0 -\",\"isPartOf\":{\"@id\":\"https:\/\/www.technodompro.com\/#website\"},\"primaryImageOfPage\":{\"@id\":\"https:\/\/www.technodompro.com\/index.php\/produkt\/znackovy-novaservis-sprchova-souprava-ke-sprchove-baterii-s-hornim-vyvodem-eco-set068-0-26581\/#primaryimage\"},\"image\":{\"@id\":\"https:\/\/www.technodompro.com\/index.php\/produkt\/znackovy-novaservis-sprchova-souprava-ke-sprchove-baterii-s-hornim-vyvodem-eco-set068-0-26581\/#primaryimage\"},\"thumbnailUrl\":\"https:\/\/www.technodompro.com\/wp-content\/uploads\/2026\/SK0012736-CZ20260425-093449-0-1777080895-novaservis-sprchova-souprava-ke-sprchove-baterii-s-hornim-v.webp\",\"datePublished\":\"2026-04-27T04:41:38+00:00\",\"breadcrumb\":{\"@id\":\"https:\/\/www.technodompro.com\/index.php\/produkt\/znackovy-novaservis-sprchova-souprava-ke-sprchove-baterii-s-hornim-vyvodem-eco-set068-0-26581\/#breadcrumb\"},\"inLanguage\":\"cs\",\"potentialAction\":[{\"@type\":\"ReadAction\",\"target\":[\"https:\/\/www.technodompro.com\/index.php\/produkt\/znackovy-novaservis-sprchova-souprava-ke-sprchove-baterii-s-hornim-vyvodem-eco-set068-0-26581\/\"]}]},{\"@type\":\"ImageObject\",\"inLanguage\":\"cs\",\"@id\":\"https:\/\/www.technodompro.com\/index.php\/produkt\/znackovy-novaservis-sprchova-souprava-ke-sprchove-baterii-s-hornim-vyvodem-eco-set068-0-26581\/#primaryimage\",\"url\":\"https:\/\/www.technodompro.com\/wp-content\/uploads\/2026\/SK0012736-CZ20260425-093449-0-1777080895-novaservis-sprchova-souprava-ke-sprchove-baterii-s-hornim-v.webp\",\"contentUrl\":\"https:\/\/www.technodompro.com\/wp-content\/uploads\/2026\/SK0012736-CZ20260425-093449-0-1777080895-novaservis-sprchova-souprava-ke-sprchove-baterii-s-hornim-v.webp\",\"width\":1000,\"height\":525},{\"@type\":\"BreadcrumbList\",\"@id\":\"https:\/\/www.technodompro.com\/index.php\/produkt\/znackovy-novaservis-sprchova-souprava-ke-sprchove-baterii-s-hornim-vyvodem-eco-set068-0-26581\/#breadcrumb\",\"itemListElement\":[{\"@type\":\"ListItem\",\"position\":1,\"name\":\"Home\",\"item\":\"https:\/\/www.technodompro.com\/\"},{\"@type\":\"ListItem\",\"position\":2,\"name\":\"Products\",\"item\":\"https:\/\/www.technodompro.com\/index.php\/products\/\"},{\"@type\":\"ListItem\",\"position\":3,\"name\":\"Zna\u010dkov\u00fd NOVASERVIS Sprchov\u00e1 souprava ke sprchov\u00e9 baterii s horn\u00edm v\u00fdvodem ECO &#8211; SET068,0\"}]},{\"@type\":\"WebSite\",\"@id\":\"https:\/\/www.technodompro.com\/#website\",\"url\":\"https:\/\/www.technodompro.com\/\",\"name\":\"\",\"description\":\"\",\"potentialAction\":[{\"@type\":\"SearchAction\",\"target\":{\"@type\":\"EntryPoint\",\"urlTemplate\":\"https:\/\/www.technodompro.com\/?s={search_term_string}\"},\"query-input\":{\"@type\":\"PropertyValueSpecification\",\"valueRequired\":true,\"valueName\":\"search_term_string\"}}],\"inLanguage\":\"cs\"}]}<\/script>\n<!-- \/ Yoast SEO plugin. -->","yoast_head_json":{"title":"Zna\u010dkov\u00fd NOVASERVIS Sprchov\u00e1 souprava ke sprchov\u00e9 baterii s horn\u00edm v\u00fdvodem ECO - SET068,0 -","robots":{"index":"index","follow":"follow","max-snippet":"max-snippet:-1","max-image-preview":"max-image-preview:large","max-video-preview":"max-video-preview:-1"},"canonical":"https:\/\/www.technodompro.com\/index.php\/produkt\/znackovy-novaservis-sprchova-souprava-ke-sprchove-baterii-s-hornim-vyvodem-eco-set068-0-26581\/","og_locale":"cs_CZ","og_type":"article","og_title":"Zna\u010dkov\u00fd NOVASERVIS Sprchov\u00e1 souprava ke sprchov\u00e9 baterii s horn\u00edm v\u00fdvodem ECO - SET068,0 -","og_description":"Prvot\u0159\u00eddn\u00ed chromov\u00e9 proveden\u00ed. Set je vhodn\u00fd pro p\u0159ipojen\u00ed k vodovodn\u00ed baterii s horn\u00edm v\u00fdvodem. Sou\u010d\u00e1st\u00ed balen\u00ed je hadice 150 cm,\u00a0hlavov\u00e1 sprcha s\u00a0pr\u016fm\u011brem 230 mm a 3-polohov\u00e1 ru\u010dn\u00ed sprcha. V\u00fd\u0161ka setu je 1015 &#8211; 1205 mm. Umo\u017e\u0148uje nastavit odch\u00fdlen\u00ed horn\u00edho \u00fachytu od st\u011bny v rozmez\u00ed 50 &#8211; 80 mm.Sou\u010d\u00e1st setu je RU\/776,0 , RUP\/SET068,0 V\u00fdrobce Novaservis [&hellip;]","og_url":"https:\/\/www.technodompro.com\/index.php\/produkt\/znackovy-novaservis-sprchova-souprava-ke-sprchove-baterii-s-hornim-vyvodem-eco-set068-0-26581\/","og_image":[{"width":1000,"height":525,"url":"https:\/\/www.technodompro.com\/wp-content\/uploads\/2026\/SK0012736-CZ20260425-093449-0-1777080895-novaservis-sprchova-souprava-ke-sprchove-baterii-s-hornim-v.webp","type":"image\/webp"}],"twitter_card":"summary_large_image","schema":{"@context":"https:\/\/schema.org","@graph":[{"@type":"WebPage","@id":"https:\/\/www.technodompro.com\/index.php\/produkt\/znackovy-novaservis-sprchova-souprava-ke-sprchove-baterii-s-hornim-vyvodem-eco-set068-0-26581\/","url":"https:\/\/www.technodompro.com\/index.php\/produkt\/znackovy-novaservis-sprchova-souprava-ke-sprchove-baterii-s-hornim-vyvodem-eco-set068-0-26581\/","name":"Zna\u010dkov\u00fd NOVASERVIS Sprchov\u00e1 souprava ke sprchov\u00e9 baterii s horn\u00edm v\u00fdvodem ECO - SET068,0 -","isPartOf":{"@id":"https:\/\/www.technodompro.com\/#website"},"primaryImageOfPage":{"@id":"https:\/\/www.technodompro.com\/index.php\/produkt\/znackovy-novaservis-sprchova-souprava-ke-sprchove-baterii-s-hornim-vyvodem-eco-set068-0-26581\/#primaryimage"},"image":{"@id":"https:\/\/www.technodompro.com\/index.php\/produkt\/znackovy-novaservis-sprchova-souprava-ke-sprchove-baterii-s-hornim-vyvodem-eco-set068-0-26581\/#primaryimage"},"thumbnailUrl":"https:\/\/www.technodompro.com\/wp-content\/uploads\/2026\/SK0012736-CZ20260425-093449-0-1777080895-novaservis-sprchova-souprava-ke-sprchove-baterii-s-hornim-v.webp","datePublished":"2026-04-27T04:41:38+00:00","breadcrumb":{"@id":"https:\/\/www.technodompro.com\/index.php\/produkt\/znackovy-novaservis-sprchova-souprava-ke-sprchove-baterii-s-hornim-vyvodem-eco-set068-0-26581\/#breadcrumb"},"inLanguage":"cs","potentialAction":[{"@type":"ReadAction","target":["https:\/\/www.technodompro.com\/index.php\/produkt\/znackovy-novaservis-sprchova-souprava-ke-sprchove-baterii-s-hornim-vyvodem-eco-set068-0-26581\/"]}]},{"@type":"ImageObject","inLanguage":"cs","@id":"https:\/\/www.technodompro.com\/index.php\/produkt\/znackovy-novaservis-sprchova-souprava-ke-sprchove-baterii-s-hornim-vyvodem-eco-set068-0-26581\/#primaryimage","url":"https:\/\/www.technodompro.com\/wp-content\/uploads\/2026\/SK0012736-CZ20260425-093449-0-1777080895-novaservis-sprchova-souprava-ke-sprchove-baterii-s-hornim-v.webp","contentUrl":"https:\/\/www.technodompro.com\/wp-content\/uploads\/2026\/SK0012736-CZ20260425-093449-0-1777080895-novaservis-sprchova-souprava-ke-sprchove-baterii-s-hornim-v.webp","width":1000,"height":525},{"@type":"BreadcrumbList","@id":"https:\/\/www.technodompro.com\/index.php\/produkt\/znackovy-novaservis-sprchova-souprava-ke-sprchove-baterii-s-hornim-vyvodem-eco-set068-0-26581\/#breadcrumb","itemListElement":[{"@type":"ListItem","position":1,"name":"Home","item":"https:\/\/www.technodompro.com\/"},{"@type":"ListItem","position":2,"name":"Products","item":"https:\/\/www.technodompro.com\/index.php\/products\/"},{"@type":"ListItem","position":3,"name":"Zna\u010dkov\u00fd NOVASERVIS Sprchov\u00e1 souprava ke sprchov\u00e9 baterii s horn\u00edm v\u00fdvodem ECO &#8211; SET068,0"}]},{"@type":"WebSite","@id":"https:\/\/www.technodompro.com\/#website","url":"https:\/\/www.technodompro.com\/","name":"","description":"","potentialAction":[{"@type":"SearchAction","target":{"@type":"EntryPoint","urlTemplate":"https:\/\/www.technodompro.com\/?s={search_term_string}"},"query-input":{"@type":"PropertyValueSpecification","valueRequired":true,"valueName":"search_term_string"}}],"inLanguage":"cs"}]}},"_links":{"self":[{"href":"https:\/\/www.technodompro.com\/index.php\/wp-json\/wp\/v2\/product\/26581","targetHints":{"allow":["GET"]}}],"collection":[{"href":"https:\/\/www.technodompro.com\/index.php\/wp-json\/wp\/v2\/product"}],"about":[{"href":"https:\/\/www.technodompro.com\/index.php\/wp-json\/wp\/v2\/types\/product"}],"replies":[{"embeddable":true,"href":"https:\/\/www.technodompro.com\/index.php\/wp-json\/wp\/v2\/comments?post=26581"}],"wp:featuredmedia":[{"embeddable":true,"href":"https:\/\/www.technodompro.com\/index.php\/wp-json\/wp\/v2\/media\/26681"}],"wp:attachment":[{"href":"https:\/\/www.technodompro.com\/index.php\/wp-json\/wp\/v2\/media?parent=26581"}],"wp:term":[{"taxonomy":"product_brand","embeddable":true,"href":"https:\/\/www.technodompro.com\/index.php\/wp-json\/wp\/v2\/product_brand?post=26581"},{"taxonomy":"product_cat","embeddable":true,"href":"https:\/\/www.technodompro.com\/index.php\/wp-json\/wp\/v2\/product_cat?post=26581"},{"taxonomy":"product_tag","embeddable":true,"href":"https:\/\/www.technodompro.com\/index.php\/wp-json\/wp\/v2\/product_tag?post=26581"}],"curies":[{"name":"wp","href":"https:\/\/api.w.org\/{rel}","templated":true}]}}