{"id":26711,"date":"2026-04-27T04:41:39","date_gmt":"2026-04-27T04:41:39","guid":{"rendered":""},"modified":"2026-04-27T04:41:39","modified_gmt":"2026-04-27T04:41:39","slug":"znackovy-profi-tools-aku-retezova-pila-et1105-26711","status":"publish","type":"product","link":"https:\/\/www.technodompro.com\/index.php\/produkt\/znackovy-profi-tools-aku-retezova-pila-et1105-26711\/","title":{"rendered":"Zna\u010dkov\u00fd Profi Tools Aku \u0159et\u011bzov\u00e1 pila ET1105"},"content":{"rendered":"<div id=\"e38312\" class=\"pages\">\n<div>\n<div id=\"PDDescription\" class=\"UserContentView userContent v1a v1 bs-view dcon dc164 PDDescription\" ><dc-con><dc-con><bs-empty><\/bs-empty><\/dc-con><dc-con>        <\/p>\n<div class=\"customDescription\">                    <\/div>\n<p><\/dc-con><dc-con><\/p>\n<h2>Aku \u0159et\u011bzov\u00e1 pila<\/h2>\n<p><strong>Aku \u0159et\u011bzov\u00e1 pila <\/strong>pro p\u0159\u00edle\u017eitostn\u00e9 lehk\u00e9 pr\u00e1ce se d\u0159evem. <strong>Aku \u0159et\u011bzov\u00e1 pila <\/strong>pot\u011b\u0161\u00ed dom\u00e1c\u00ed kutily, truhl\u00e1\u0159e nebo tesa\u0159e. D\u00edky aku baterii a nab\u00edje\u010dce m\u016f\u017eete \u0159et\u011bzovou pilu nab\u00edt a bude pohodln\u011b p\u0159ipravena k pou\u017eit\u00ed. <\/p>\n<p> <strong>Aku \u0159et\u011bzov\u00e1 pila a pou\u017eit\u00ed:<\/strong><\/p>\n<p>&#8211; odv\u011btvov\u00e1n\u00ed a pro\u0159ez\u00e1v\u00e1n\u00ed v\u011btv\u00ed ze strom\u016f<br \/> &#8211; k\u00e1cen\u00ed mal\u00fdch strom\u016f do pr\u016fm\u011bru kmene 127 mm<\/p>\n<h3>Aku \u0159et\u011bzov\u00e1 pila &#8211; v\u00fdhody:<\/h3>\n<ul>\n<li>snadn\u00e9 pou\u017eit\u00ed (zvl\u00e1dne opravdu ka\u017ed\u00fd)<\/li>\n<li>praktick\u00e9 a bezpe\u010dn\u00e9 (nejste omezov\u00e1ni \u017e\u00e1dn\u00fdmi kabely)<\/li>\n<li>ekologick\u00e9 (\u017e\u00e1dn\u00e9 zap\u00e1chaj\u00edc\u00ed motory)<\/li>\n<li>snadn\u00e1 \u00fadr\u017eba a provoz<\/li>\n<li>bezpe\u010dnostn\u00ed pojistka<\/li>\n<\/ul>\n<h3>Aku \u0159et\u011bzov\u00e1 pila &#8211; technick\u00e9 parametry:<\/h3>\n<p>&#8211; nap\u011bt\u00ed akumul\u00e1toru <strong>18V<\/strong><br \/> &#8211; doba nab\u00edjen\u00ed 5-6 hodin<br \/> &#8211; \u0159ezn\u00e1 rychlost 2,9 m\/s<br \/>&#8211; z\u00e1sobn\u00edk automatick\u00e9ho maz\u00e1n\u00ed<br \/> &#8211; hmotnost <strong>2,8 kg<\/strong> <br \/> &#8211; d\u00e9lka li\u0161ty <strong>30,5 cm<\/strong><br \/>&#8211; rychloup\u00edn\u00e1n\u00ed \u0159et\u011bzov\u00e9 li\u0161ty<br \/>&#8211; fixa\u010dn\u00ed op\u011brka<\/p>\n<p>Aku \u0159et\u011bzov\u00e1 pila je dod\u00e1v\u00e1na s aku bateri\u00ed a nab\u00edje\u010dkou.<\/p>\n<p>Na v\u00fdrobek <strong>aku \u0159et\u011bzov\u00e1 pila<\/strong> poskytujeme z\u00e1ruku 24 m\u011bs\u00edc\u016f.<\/p>\n<p><\/dc-con><\/dc-con><\/div>\n<\/p><\/div>\n<div id=\"PDTable3\" class=\"ProductDetailTableView v3a v3 bs-view dcon dc185 PDTable3\" >\n<table>\n<thead><\/thead>\n<tbody>\n<tr class=\"attribute attr_typ\">\n<td class=\"caption\">Typ<\/td>\n<td class=\"value\">N\u00e1\u0159ad\u00ed<\/td>\n<\/tr>\n<tr class=\"attribute attr_bsshop_maker\">\n<td class=\"caption\">V\u00fdrobce<\/td>\n<td class=\"value\">Profi Tools<\/td>\n<\/tr>\n<\/tbody>\n<\/table>\n<\/div>\n<div id=\"ProductMedia\" class=\"ProductMediaView MediaViewBase v1a v1 bs-view dcon dc409 ProductMedia\" ><bs-empty><\/bs-empty><\/p>\n<div class=\"files\">\n<div class=\"title sub\">Soubory<\/div>\n<p><a href=\"\/media\/9349\/aku-pila-retezova.pdf?&amp;key=ZGpmIyQwNUZfOTM0OQ==\" class=\"pdf\">aku_pila_retezova.pdf<\/a><a href=\"\/media\/11473\/pila-retezova-aku.pdf?&amp;key=ZGpmIyQwNUZfMTE0NzM=\" class=\"pdf\">pila_retezova_aku.pdf<\/a><\/div>\n<p><bs-empty><\/bs-empty><\/div>\n<\/div>\n<div id=\"e38313\" class=\"tabs\">\n","protected":false},"excerpt":{"rendered":"<p>Aku \u0159et\u011bzov\u00e1 pila Aku \u0159et\u011bzov\u00e1 pila pro p\u0159\u00edle\u017eitostn\u00e9 lehk\u00e9 pr\u00e1ce se d\u0159evem. Aku \u0159et\u011bzov\u00e1 pila pot\u011b\u0161\u00ed dom\u00e1c\u00ed kutily, truhl\u00e1\u0159e nebo tesa\u0159e. D\u00edky aku baterii a nab\u00edje\u010dce m\u016f\u017eete \u0159et\u011bzovou pilu nab\u00edt a bude pohodln\u011b p\u0159ipravena k pou\u017eit\u00ed. Aku \u0159et\u011bzov\u00e1 pila a pou\u017eit\u00ed: &#8211; odv\u011btvov\u00e1n\u00ed a pro\u0159ez\u00e1v\u00e1n\u00ed v\u011btv\u00ed ze strom\u016f &#8211; k\u00e1cen\u00ed mal\u00fdch strom\u016f do pr\u016fm\u011bru kmene [&hellip;]<\/p>\n","protected":false},"featured_media":26811,"comment_status":"open","ping_status":"open","template":"","meta":[],"product_brand":[],"product_cat":[89],"product_tag":[],"class_list":{"0":"post-26711","1":"product","2":"type-product","3":"status-publish","4":"has-post-thumbnail","6":"product_cat-rucn-237-n-225-rad-237-a-d-237-lna","8":"first","9":"instock","10":"sale","11":"shipping-taxable","12":"purchasable","13":"product-type-simple"},"yoast_head":"<!-- This site is optimized with the Yoast SEO plugin v26.8 - https:\/\/yoast.com\/product\/yoast-seo-wordpress\/ -->\n<title>Zna\u010dkov\u00fd Profi Tools Aku \u0159et\u011bzov\u00e1 pila ET1105 -<\/title>\n<meta name=\"robots\" content=\"index, follow, max-snippet:-1, max-image-preview:large, max-video-preview:-1\" \/>\n<link rel=\"canonical\" href=\"https:\/\/www.technodompro.com\/index.php\/produkt\/znackovy-profi-tools-aku-retezova-pila-et1105-26711\/\" \/>\n<meta property=\"og:locale\" content=\"cs_CZ\" \/>\n<meta property=\"og:type\" content=\"article\" \/>\n<meta property=\"og:title\" content=\"Zna\u010dkov\u00fd Profi Tools Aku \u0159et\u011bzov\u00e1 pila ET1105 -\" \/>\n<meta property=\"og:description\" content=\"Aku \u0159et\u011bzov\u00e1 pila Aku \u0159et\u011bzov\u00e1 pila pro p\u0159\u00edle\u017eitostn\u00e9 lehk\u00e9 pr\u00e1ce se d\u0159evem. Aku \u0159et\u011bzov\u00e1 pila pot\u011b\u0161\u00ed dom\u00e1c\u00ed kutily, truhl\u00e1\u0159e nebo tesa\u0159e. D\u00edky aku baterii a nab\u00edje\u010dce m\u016f\u017eete \u0159et\u011bzovou pilu nab\u00edt a bude pohodln\u011b p\u0159ipravena k pou\u017eit\u00ed. Aku \u0159et\u011bzov\u00e1 pila a pou\u017eit\u00ed: &#8211; odv\u011btvov\u00e1n\u00ed a pro\u0159ez\u00e1v\u00e1n\u00ed v\u011btv\u00ed ze strom\u016f &#8211; k\u00e1cen\u00ed mal\u00fdch strom\u016f do pr\u016fm\u011bru kmene [&hellip;]\" \/>\n<meta property=\"og:url\" content=\"https:\/\/www.technodompro.com\/index.php\/produkt\/znackovy-profi-tools-aku-retezova-pila-et1105-26711\/\" \/>\n<meta property=\"og:image\" content=\"https:\/\/www.technodompro.com\/wp-content\/uploads\/2026\/SK0012766-CZ20260425-093449-0-1777080895-profi-tools-aku-retezova-pila-et1105.webp\" \/>\n\t<meta property=\"og:image:width\" content=\"1000\" \/>\n\t<meta property=\"og:image:height\" content=\"525\" \/>\n\t<meta property=\"og:image:type\" content=\"image\/webp\" \/>\n<meta name=\"twitter:card\" content=\"summary_large_image\" \/>\n<meta name=\"twitter:label1\" content=\"Odhadovan\u00e1 doba \u010dten\u00ed\" \/>\n\t<meta name=\"twitter:data1\" content=\"1 minuta\" \/>\n<script type=\"application\/ld+json\" class=\"yoast-schema-graph\">{\"@context\":\"https:\/\/schema.org\",\"@graph\":[{\"@type\":\"WebPage\",\"@id\":\"https:\/\/www.technodompro.com\/index.php\/produkt\/znackovy-profi-tools-aku-retezova-pila-et1105-26711\/\",\"url\":\"https:\/\/www.technodompro.com\/index.php\/produkt\/znackovy-profi-tools-aku-retezova-pila-et1105-26711\/\",\"name\":\"Zna\u010dkov\u00fd Profi Tools Aku \u0159et\u011bzov\u00e1 pila ET1105 -\",\"isPartOf\":{\"@id\":\"https:\/\/www.technodompro.com\/#website\"},\"primaryImageOfPage\":{\"@id\":\"https:\/\/www.technodompro.com\/index.php\/produkt\/znackovy-profi-tools-aku-retezova-pila-et1105-26711\/#primaryimage\"},\"image\":{\"@id\":\"https:\/\/www.technodompro.com\/index.php\/produkt\/znackovy-profi-tools-aku-retezova-pila-et1105-26711\/#primaryimage\"},\"thumbnailUrl\":\"https:\/\/www.technodompro.com\/wp-content\/uploads\/2026\/SK0012766-CZ20260425-093449-0-1777080895-profi-tools-aku-retezova-pila-et1105.webp\",\"datePublished\":\"2026-04-27T04:41:39+00:00\",\"breadcrumb\":{\"@id\":\"https:\/\/www.technodompro.com\/index.php\/produkt\/znackovy-profi-tools-aku-retezova-pila-et1105-26711\/#breadcrumb\"},\"inLanguage\":\"cs\",\"potentialAction\":[{\"@type\":\"ReadAction\",\"target\":[\"https:\/\/www.technodompro.com\/index.php\/produkt\/znackovy-profi-tools-aku-retezova-pila-et1105-26711\/\"]}]},{\"@type\":\"ImageObject\",\"inLanguage\":\"cs\",\"@id\":\"https:\/\/www.technodompro.com\/index.php\/produkt\/znackovy-profi-tools-aku-retezova-pila-et1105-26711\/#primaryimage\",\"url\":\"https:\/\/www.technodompro.com\/wp-content\/uploads\/2026\/SK0012766-CZ20260425-093449-0-1777080895-profi-tools-aku-retezova-pila-et1105.webp\",\"contentUrl\":\"https:\/\/www.technodompro.com\/wp-content\/uploads\/2026\/SK0012766-CZ20260425-093449-0-1777080895-profi-tools-aku-retezova-pila-et1105.webp\",\"width\":1000,\"height\":525},{\"@type\":\"BreadcrumbList\",\"@id\":\"https:\/\/www.technodompro.com\/index.php\/produkt\/znackovy-profi-tools-aku-retezova-pila-et1105-26711\/#breadcrumb\",\"itemListElement\":[{\"@type\":\"ListItem\",\"position\":1,\"name\":\"Home\",\"item\":\"https:\/\/www.technodompro.com\/\"},{\"@type\":\"ListItem\",\"position\":2,\"name\":\"Products\",\"item\":\"https:\/\/www.technodompro.com\/index.php\/products\/\"},{\"@type\":\"ListItem\",\"position\":3,\"name\":\"Zna\u010dkov\u00fd Profi Tools Aku \u0159et\u011bzov\u00e1 pila ET1105\"}]},{\"@type\":\"WebSite\",\"@id\":\"https:\/\/www.technodompro.com\/#website\",\"url\":\"https:\/\/www.technodompro.com\/\",\"name\":\"\",\"description\":\"\",\"potentialAction\":[{\"@type\":\"SearchAction\",\"target\":{\"@type\":\"EntryPoint\",\"urlTemplate\":\"https:\/\/www.technodompro.com\/?s={search_term_string}\"},\"query-input\":{\"@type\":\"PropertyValueSpecification\",\"valueRequired\":true,\"valueName\":\"search_term_string\"}}],\"inLanguage\":\"cs\"}]}<\/script>\n<!-- \/ Yoast SEO plugin. -->","yoast_head_json":{"title":"Zna\u010dkov\u00fd Profi Tools Aku \u0159et\u011bzov\u00e1 pila ET1105 -","robots":{"index":"index","follow":"follow","max-snippet":"max-snippet:-1","max-image-preview":"max-image-preview:large","max-video-preview":"max-video-preview:-1"},"canonical":"https:\/\/www.technodompro.com\/index.php\/produkt\/znackovy-profi-tools-aku-retezova-pila-et1105-26711\/","og_locale":"cs_CZ","og_type":"article","og_title":"Zna\u010dkov\u00fd Profi Tools Aku \u0159et\u011bzov\u00e1 pila ET1105 -","og_description":"Aku \u0159et\u011bzov\u00e1 pila Aku \u0159et\u011bzov\u00e1 pila pro p\u0159\u00edle\u017eitostn\u00e9 lehk\u00e9 pr\u00e1ce se d\u0159evem. Aku \u0159et\u011bzov\u00e1 pila pot\u011b\u0161\u00ed dom\u00e1c\u00ed kutily, truhl\u00e1\u0159e nebo tesa\u0159e. D\u00edky aku baterii a nab\u00edje\u010dce m\u016f\u017eete \u0159et\u011bzovou pilu nab\u00edt a bude pohodln\u011b p\u0159ipravena k pou\u017eit\u00ed. Aku \u0159et\u011bzov\u00e1 pila a pou\u017eit\u00ed: &#8211; odv\u011btvov\u00e1n\u00ed a pro\u0159ez\u00e1v\u00e1n\u00ed v\u011btv\u00ed ze strom\u016f &#8211; k\u00e1cen\u00ed mal\u00fdch strom\u016f do pr\u016fm\u011bru kmene [&hellip;]","og_url":"https:\/\/www.technodompro.com\/index.php\/produkt\/znackovy-profi-tools-aku-retezova-pila-et1105-26711\/","og_image":[{"width":1000,"height":525,"url":"https:\/\/www.technodompro.com\/wp-content\/uploads\/2026\/SK0012766-CZ20260425-093449-0-1777080895-profi-tools-aku-retezova-pila-et1105.webp","type":"image\/webp"}],"twitter_card":"summary_large_image","twitter_misc":{"Odhadovan\u00e1 doba \u010dten\u00ed":"1 minuta"},"schema":{"@context":"https:\/\/schema.org","@graph":[{"@type":"WebPage","@id":"https:\/\/www.technodompro.com\/index.php\/produkt\/znackovy-profi-tools-aku-retezova-pila-et1105-26711\/","url":"https:\/\/www.technodompro.com\/index.php\/produkt\/znackovy-profi-tools-aku-retezova-pila-et1105-26711\/","name":"Zna\u010dkov\u00fd Profi Tools Aku \u0159et\u011bzov\u00e1 pila ET1105 -","isPartOf":{"@id":"https:\/\/www.technodompro.com\/#website"},"primaryImageOfPage":{"@id":"https:\/\/www.technodompro.com\/index.php\/produkt\/znackovy-profi-tools-aku-retezova-pila-et1105-26711\/#primaryimage"},"image":{"@id":"https:\/\/www.technodompro.com\/index.php\/produkt\/znackovy-profi-tools-aku-retezova-pila-et1105-26711\/#primaryimage"},"thumbnailUrl":"https:\/\/www.technodompro.com\/wp-content\/uploads\/2026\/SK0012766-CZ20260425-093449-0-1777080895-profi-tools-aku-retezova-pila-et1105.webp","datePublished":"2026-04-27T04:41:39+00:00","breadcrumb":{"@id":"https:\/\/www.technodompro.com\/index.php\/produkt\/znackovy-profi-tools-aku-retezova-pila-et1105-26711\/#breadcrumb"},"inLanguage":"cs","potentialAction":[{"@type":"ReadAction","target":["https:\/\/www.technodompro.com\/index.php\/produkt\/znackovy-profi-tools-aku-retezova-pila-et1105-26711\/"]}]},{"@type":"ImageObject","inLanguage":"cs","@id":"https:\/\/www.technodompro.com\/index.php\/produkt\/znackovy-profi-tools-aku-retezova-pila-et1105-26711\/#primaryimage","url":"https:\/\/www.technodompro.com\/wp-content\/uploads\/2026\/SK0012766-CZ20260425-093449-0-1777080895-profi-tools-aku-retezova-pila-et1105.webp","contentUrl":"https:\/\/www.technodompro.com\/wp-content\/uploads\/2026\/SK0012766-CZ20260425-093449-0-1777080895-profi-tools-aku-retezova-pila-et1105.webp","width":1000,"height":525},{"@type":"BreadcrumbList","@id":"https:\/\/www.technodompro.com\/index.php\/produkt\/znackovy-profi-tools-aku-retezova-pila-et1105-26711\/#breadcrumb","itemListElement":[{"@type":"ListItem","position":1,"name":"Home","item":"https:\/\/www.technodompro.com\/"},{"@type":"ListItem","position":2,"name":"Products","item":"https:\/\/www.technodompro.com\/index.php\/products\/"},{"@type":"ListItem","position":3,"name":"Zna\u010dkov\u00fd Profi Tools Aku \u0159et\u011bzov\u00e1 pila ET1105"}]},{"@type":"WebSite","@id":"https:\/\/www.technodompro.com\/#website","url":"https:\/\/www.technodompro.com\/","name":"","description":"","potentialAction":[{"@type":"SearchAction","target":{"@type":"EntryPoint","urlTemplate":"https:\/\/www.technodompro.com\/?s={search_term_string}"},"query-input":{"@type":"PropertyValueSpecification","valueRequired":true,"valueName":"search_term_string"}}],"inLanguage":"cs"}]}},"_links":{"self":[{"href":"https:\/\/www.technodompro.com\/index.php\/wp-json\/wp\/v2\/product\/26711","targetHints":{"allow":["GET"]}}],"collection":[{"href":"https:\/\/www.technodompro.com\/index.php\/wp-json\/wp\/v2\/product"}],"about":[{"href":"https:\/\/www.technodompro.com\/index.php\/wp-json\/wp\/v2\/types\/product"}],"replies":[{"embeddable":true,"href":"https:\/\/www.technodompro.com\/index.php\/wp-json\/wp\/v2\/comments?post=26711"}],"wp:featuredmedia":[{"embeddable":true,"href":"https:\/\/www.technodompro.com\/index.php\/wp-json\/wp\/v2\/media\/26811"}],"wp:attachment":[{"href":"https:\/\/www.technodompro.com\/index.php\/wp-json\/wp\/v2\/media?parent=26711"}],"wp:term":[{"taxonomy":"product_brand","embeddable":true,"href":"https:\/\/www.technodompro.com\/index.php\/wp-json\/wp\/v2\/product_brand?post=26711"},{"taxonomy":"product_cat","embeddable":true,"href":"https:\/\/www.technodompro.com\/index.php\/wp-json\/wp\/v2\/product_cat?post=26711"},{"taxonomy":"product_tag","embeddable":true,"href":"https:\/\/www.technodompro.com\/index.php\/wp-json\/wp\/v2\/product_tag?post=26711"}],"curies":[{"name":"wp","href":"https:\/\/api.w.org\/{rel}","templated":true}]}}